{"id":2616,"date":"2020-08-10T12:00:04","date_gmt":"2020-08-10T16:00:04","guid":{"rendered":"https:\/\/www.guides-sports-loisirs.ca\/skateparcs\/?page_id=2616"},"modified":"2022-08-24T09:12:02","modified_gmt":"2022-08-24T13:12:02","slug":"niveaux-habilete","status":"publish","type":"page","link":"https:\/\/www.guides-sports-loisirs.ca\/skateparcs\/conception\/niveaux-habilete\/","title":{"rendered":"Niveaux d&rsquo;habilet\u00e9s"},"content":{"rendered":"<div class=\"wpb-content-wrapper\"><p>[vc_row row_height_percent=\u00a0\u00bb0&Prime; overlay_alpha=\u00a0\u00bb50&Prime; gutter_size=\u00a0\u00bb3&Prime; shift_y=\u00a0\u00bb0&Prime; css=\u00a0\u00bb.vc_custom_1569108706353{margin-top: 40px !important;}\u00a0\u00bb][vc_column width=\u00a0\u00bb1\/1&Prime;][vc_column_text]<strong>Comme dans tout sport, les niveaux d\u2019habilet\u00e9 varient grandement selon les pratiquants. Il est important de prendre en compte les niveaux d\u2019habilet\u00e9 dans la conception des parcours afin d\u2019offrir des d\u00e9fis aux adeptes selon leur niveau et d\u2019\u00e9viter que les pratiquants de diff\u00e9rents niveaux interf\u00e8rent entre eux ou se voient g\u00ean\u00e9s dans leur pratique. Des usagers d\u2019un niveau avanc\u00e9 auront par exemple tendance \u00e0 rouler plus vite, ce qui peut \u00eatre intimidant pour les d\u00e9butants.<\/strong><\/p>\n<p><strong>La solution est de pr\u00e9voir des zones distinctes adapt\u00e9es \u00e0 certains niveaux de pratique afin de concentrer les usagers de niveau similaire aux m\u00eames endroits. Cependant, il faut garder en t\u00eate que ce n\u2019est pas seulement la taille et la hauteur des modules qui dicte le niveau de pratique : les experts appr\u00e9cieront particuli\u00e8rement les zones plus techniques avec des modules de glisse. Un module haut ne veut donc pas n\u00e9cessairement dire que celui-ci s\u2019adresse aux experts.<\/strong><\/p>\n<p>On peut tout de m\u00eame cat\u00e9goriser certains types d\u2019obstacles par niveau d\u2019habilet\u00e9, m\u00eame si les adeptes de tout niveau peuvent les appr\u00e9cier.[\/vc_column_text][vc_single_image media=\u00a0\u00bb4344&Prime; media_lightbox=\u00a0\u00bbyes\u00a0\u00bb media_width_percent=\u00a0\u00bb65&Prime; lbox_skin=\u00a0\u00bbwhite\u00a0\u00bb][vc_column_text css=\u00a0\u00bb.vc_custom_1661346705938{margin-top: 0px !important;}\u00a0\u00bb]<\/p>\n<p>Pour offrir des installations de qualit\u00e9, il est primordial d\u2019offrir des options pour tous les niveaux de pratique, m\u00eame si on peut privil\u00e9gier un certain niveau.[\/vc_column_text][\/vc_column][\/vc_row][vc_row][\/vc_row][vc_row row_height_percent=\u00a0\u00bb0&Prime; overlay_alpha=\u00a0\u00bb50&Prime; gutter_size=\u00a0\u00bb3&Prime; shift_y=\u00a0\u00bb0&Prime; css=\u00a0\u00bb.vc_custom_1569108716255{margin-bottom: 50px !important;}\u00a0\u00bb][vc_column column_width_percent=\u00a0\u00bb100&Prime; gutter_size=\u00a0\u00bb3&Prime; overlay_alpha=\u00a0\u00bb50&Prime; shift_x=\u00a0\u00bb0&Prime; shift_y=\u00a0\u00bb0&Prime; shift_y_down=\u00a0\u00bb0&Prime; z_index=\u00a0\u00bb0&Prime; medium_width=\u00a0\u00bb0&Prime; mobile_width=\u00a0\u00bb0&Prime; width=\u00a0\u00bb1\/1&Prime; css=\u00a0\u00bb.vc_custom_1656534309698{border-top-width: 0px !important;}\u00a0\u00bb][vc_button button_color=\u00a0\u00bbaccent\u00a0\u00bb size=\u00a0\u00bbbtn-lg\u00a0\u00bb radius=\u00a0\u00bbbtn-circle\u00a0\u00bb border_width=\u00a0\u00bb0&Prime; link=\u00a0\u00bburl:https%3A%2F%2Fwww.guides-sports-loisirs.ca%2Fskateparcs%2Fwp-content%2Fuploads%2Fsites%2F20%2F2022%2F08%2F3.2_Conception_NiveauxHabilete.pdf||target:%20_blank|\u00a0\u00bb icon=\u00a0\u00bbfa fa-file-o\u00a0\u00bb el_class=\u00a0\u00bbbtn-pdf\u00a0\u00bb]Version PDF[\/vc_button][\/vc_column][\/vc_row]<\/p>\n<\/div>","protected":false},"excerpt":{"rendered":"<p>[vc_row row_height_percent=\u00a0\u00bb0&Prime; overlay_alpha=\u00a0\u00bb50&Prime; gutter_size=\u00a0\u00bb3&Prime; shift_y=\u00a0\u00bb0&Prime; css=\u00a0\u00bb.vc_custom_1569108706353{margin-top: 40px !important;}\u00a0\u00bb][vc_column width=\u00a0\u00bb1\/1&Prime;][vc_column_text]Comme dans tout sport, les niveaux d\u2019habilet\u00e9 varient grandement selon les pratiquants. [&hellip;]<\/p>\n","protected":false},"author":11,"featured_media":0,"parent":2255,"menu_order":20,"comment_status":"closed","ping_status":"closed","template":"","meta":{"_acf_changed":false,"footnotes":""},"class_list":["post-2616","page","type-page","status-publish","hentry"],"acf":[],"yoast_head":"<!-- This site is optimized with the Yoast SEO plugin v27.4 - https:\/\/yoast.com\/product\/yoast-seo-wordpress\/ -->\n<title>Niveaux d&#039;habilet\u00e9s - Skateparcs<\/title>\n<meta name=\"robots\" content=\"index, follow, max-snippet:-1, max-image-preview:large, max-video-preview:-1\" \/>\n<link rel=\"canonical\" href=\"https:\/\/www.guides-sports-loisirs.ca\/skateparcs\/conception\/niveaux-habilete\/\" \/>\n<meta property=\"og:locale\" content=\"fr_FR\" \/>\n<meta property=\"og:type\" content=\"article\" \/>\n<meta property=\"og:title\" content=\"Niveaux d&#039;habilet\u00e9s - Skateparcs\" \/>\n<meta property=\"og:description\" content=\"[vc_row row_height_percent=\u00a0\u00bb0&Prime; overlay_alpha=\u00a0\u00bb50&Prime; gutter_size=\u00a0\u00bb3&Prime; shift_y=\u00a0\u00bb0&Prime; css=\u00a0\u00bb.vc_custom_1569108706353{margin-top: 40px !important;}\u00a0\u00bb][vc_column width=\u00a0\u00bb1\/1&Prime;][vc_column_text]Comme dans tout sport, les niveaux d\u2019habilet\u00e9 varient grandement selon les pratiquants. [&hellip;]\" \/>\n<meta property=\"og:url\" content=\"https:\/\/www.guides-sports-loisirs.ca\/skateparcs\/conception\/niveaux-habilete\/\" \/>\n<meta property=\"og:site_name\" content=\"Skateparcs\" \/>\n<meta property=\"article:modified_time\" content=\"2022-08-24T13:12:02+00:00\" \/>\n<meta name=\"twitter:card\" content=\"summary_large_image\" \/>\n<meta name=\"twitter:label1\" content=\"Dur\u00e9e de lecture estim\u00e9e\" \/>\n\t<meta name=\"twitter:data1\" content=\"2 minutes\" \/>\n<script type=\"application\/ld+json\" class=\"yoast-schema-graph\">{\"@context\":\"https:\\\/\\\/schema.org\",\"@graph\":[{\"@type\":\"WebPage\",\"@id\":\"https:\\\/\\\/www.guides-sports-loisirs.ca\\\/skateparcs\\\/conception\\\/niveaux-habilete\\\/\",\"url\":\"https:\\\/\\\/www.guides-sports-loisirs.ca\\\/skateparcs\\\/conception\\\/niveaux-habilete\\\/\",\"name\":\"Niveaux d'habilet\u00e9s - Skateparcs\",\"isPartOf\":{\"@id\":\"https:\\\/\\\/www.guides-sports-loisirs.ca\\\/skateparcs\\\/#website\"},\"datePublished\":\"2020-08-10T16:00:04+00:00\",\"dateModified\":\"2022-08-24T13:12:02+00:00\",\"breadcrumb\":{\"@id\":\"https:\\\/\\\/www.guides-sports-loisirs.ca\\\/skateparcs\\\/conception\\\/niveaux-habilete\\\/#breadcrumb\"},\"inLanguage\":\"fr-FR\",\"potentialAction\":[{\"@type\":\"ReadAction\",\"target\":[\"https:\\\/\\\/www.guides-sports-loisirs.ca\\\/skateparcs\\\/conception\\\/niveaux-habilete\\\/\"]}]},{\"@type\":\"BreadcrumbList\",\"@id\":\"https:\\\/\\\/www.guides-sports-loisirs.ca\\\/skateparcs\\\/conception\\\/niveaux-habilete\\\/#breadcrumb\",\"itemListElement\":[{\"@type\":\"ListItem\",\"position\":1,\"name\":\"Accueil\",\"item\":\"https:\\\/\\\/www.guides-sports-loisirs.ca\\\/skateparcs\\\/\"},{\"@type\":\"ListItem\",\"position\":2,\"name\":\"Conception\",\"item\":\"https:\\\/\\\/www.guides-sports-loisirs.ca\\\/skateparcs\\\/conception\\\/\"},{\"@type\":\"ListItem\",\"position\":3,\"name\":\"Niveaux d&rsquo;habilet\u00e9s\"}]},{\"@type\":\"WebSite\",\"@id\":\"https:\\\/\\\/www.guides-sports-loisirs.ca\\\/skateparcs\\\/#website\",\"url\":\"https:\\\/\\\/www.guides-sports-loisirs.ca\\\/skateparcs\\\/\",\"name\":\"Skateparcs\",\"description\":\"Skateparcs\",\"potentialAction\":[{\"@type\":\"SearchAction\",\"target\":{\"@type\":\"EntryPoint\",\"urlTemplate\":\"https:\\\/\\\/www.guides-sports-loisirs.ca\\\/skateparcs\\\/?s={search_term_string}\"},\"query-input\":{\"@type\":\"PropertyValueSpecification\",\"valueRequired\":true,\"valueName\":\"search_term_string\"}}],\"inLanguage\":\"fr-FR\"}]}<\/script>\n<!-- \/ Yoast SEO plugin. -->","yoast_head_json":{"title":"Niveaux d'habilet\u00e9s - Skateparcs","robots":{"index":"index","follow":"follow","max-snippet":"max-snippet:-1","max-image-preview":"max-image-preview:large","max-video-preview":"max-video-preview:-1"},"canonical":"https:\/\/www.guides-sports-loisirs.ca\/skateparcs\/conception\/niveaux-habilete\/","og_locale":"fr_FR","og_type":"article","og_title":"Niveaux d'habilet\u00e9s - Skateparcs","og_description":"[vc_row row_height_percent=\u00a0\u00bb0&Prime; overlay_alpha=\u00a0\u00bb50&Prime; gutter_size=\u00a0\u00bb3&Prime; shift_y=\u00a0\u00bb0&Prime; css=\u00a0\u00bb.vc_custom_1569108706353{margin-top: 40px !important;}\u00a0\u00bb][vc_column width=\u00a0\u00bb1\/1&Prime;][vc_column_text]Comme dans tout sport, les niveaux d\u2019habilet\u00e9 varient grandement selon les pratiquants. [&hellip;]","og_url":"https:\/\/www.guides-sports-loisirs.ca\/skateparcs\/conception\/niveaux-habilete\/","og_site_name":"Skateparcs","article_modified_time":"2022-08-24T13:12:02+00:00","twitter_card":"summary_large_image","twitter_misc":{"Dur\u00e9e de lecture estim\u00e9e":"2 minutes"},"schema":{"@context":"https:\/\/schema.org","@graph":[{"@type":"WebPage","@id":"https:\/\/www.guides-sports-loisirs.ca\/skateparcs\/conception\/niveaux-habilete\/","url":"https:\/\/www.guides-sports-loisirs.ca\/skateparcs\/conception\/niveaux-habilete\/","name":"Niveaux d'habilet\u00e9s - Skateparcs","isPartOf":{"@id":"https:\/\/www.guides-sports-loisirs.ca\/skateparcs\/#website"},"datePublished":"2020-08-10T16:00:04+00:00","dateModified":"2022-08-24T13:12:02+00:00","breadcrumb":{"@id":"https:\/\/www.guides-sports-loisirs.ca\/skateparcs\/conception\/niveaux-habilete\/#breadcrumb"},"inLanguage":"fr-FR","potentialAction":[{"@type":"ReadAction","target":["https:\/\/www.guides-sports-loisirs.ca\/skateparcs\/conception\/niveaux-habilete\/"]}]},{"@type":"BreadcrumbList","@id":"https:\/\/www.guides-sports-loisirs.ca\/skateparcs\/conception\/niveaux-habilete\/#breadcrumb","itemListElement":[{"@type":"ListItem","position":1,"name":"Accueil","item":"https:\/\/www.guides-sports-loisirs.ca\/skateparcs\/"},{"@type":"ListItem","position":2,"name":"Conception","item":"https:\/\/www.guides-sports-loisirs.ca\/skateparcs\/conception\/"},{"@type":"ListItem","position":3,"name":"Niveaux d&rsquo;habilet\u00e9s"}]},{"@type":"WebSite","@id":"https:\/\/www.guides-sports-loisirs.ca\/skateparcs\/#website","url":"https:\/\/www.guides-sports-loisirs.ca\/skateparcs\/","name":"Skateparcs","description":"Skateparcs","potentialAction":[{"@type":"SearchAction","target":{"@type":"EntryPoint","urlTemplate":"https:\/\/www.guides-sports-loisirs.ca\/skateparcs\/?s={search_term_string}"},"query-input":{"@type":"PropertyValueSpecification","valueRequired":true,"valueName":"search_term_string"}}],"inLanguage":"fr-FR"}]}},"_links":{"self":[{"href":"https:\/\/www.guides-sports-loisirs.ca\/skateparcs\/wp-json\/wp\/v2\/pages\/2616","targetHints":{"allow":["GET"]}}],"collection":[{"href":"https:\/\/www.guides-sports-loisirs.ca\/skateparcs\/wp-json\/wp\/v2\/pages"}],"about":[{"href":"https:\/\/www.guides-sports-loisirs.ca\/skateparcs\/wp-json\/wp\/v2\/types\/page"}],"author":[{"embeddable":true,"href":"https:\/\/www.guides-sports-loisirs.ca\/skateparcs\/wp-json\/wp\/v2\/users\/11"}],"replies":[{"embeddable":true,"href":"https:\/\/www.guides-sports-loisirs.ca\/skateparcs\/wp-json\/wp\/v2\/comments?post=2616"}],"version-history":[{"count":25,"href":"https:\/\/www.guides-sports-loisirs.ca\/skateparcs\/wp-json\/wp\/v2\/pages\/2616\/revisions"}],"predecessor-version":[{"id":4349,"href":"https:\/\/www.guides-sports-loisirs.ca\/skateparcs\/wp-json\/wp\/v2\/pages\/2616\/revisions\/4349"}],"up":[{"embeddable":true,"href":"https:\/\/www.guides-sports-loisirs.ca\/skateparcs\/wp-json\/wp\/v2\/pages\/2255"}],"wp:attachment":[{"href":"https:\/\/www.guides-sports-loisirs.ca\/skateparcs\/wp-json\/wp\/v2\/media?parent=2616"}],"curies":[{"name":"wp","href":"https:\/\/api.w.org\/{rel}","templated":true}]}}