{"id":2256,"date":"2020-08-10T12:05:27","date_gmt":"2020-08-10T16:05:27","guid":{"rendered":"https:\/\/www.guides-sports-loisirs.ca\/skateparcs\/?page_id=2256"},"modified":"2022-07-06T18:16:58","modified_gmt":"2022-07-06T22:16:58","slug":"processus-conception","status":"publish","type":"page","link":"https:\/\/www.guides-sports-loisirs.ca\/skateparcs\/conception\/processus-conception\/","title":{"rendered":"Processus de conception"},"content":{"rendered":"<div class=\"wpb-content-wrapper\"><p>[vc_row][vc_column width=\u00a0\u00bb1\/1&Prime;][vc_column_text]<strong>Il est souhaitable que le concept soit r\u00e9alis\u00e9 en partenariat avec des sp\u00e9cialistes qui ont une bonne connaissance du skateboard et des autres sports d\u2019action que l\u2019on peut pratiquer dans un skateparc. La conception de skateparcs est en effet un art qui n\u00e9cessite une compr\u00e9hension de la pratique, de l\u2019\u00e9volution des usagers et des tendances dans le domaine.<\/strong><\/p>\n<p><strong>Caract\u00e9ristiques \u00e0 rechercher<\/strong><\/p>\n<ul>\n<li style=\"list-style-type: none\">\n<ul>\n<li><strong>Exp\u00e9rience marqu\u00e9e en pratique des sports d\u2019action<\/strong><\/li>\n<li><strong>Exp\u00e9rience en tant qu\u2019instructeur (compr\u00e9hension de l\u2019\u00e9volution des usagers)<\/strong><\/li>\n<li><strong>Nombre suffisant de parcours con\u00e7us au pr\u00e9alable, lesquels doivent \u00eatre consid\u00e9r\u00e9s comme des r\u00e9ussites dans la communaut\u00e9<\/strong><\/li>\n<li><strong>Notori\u00e9t\u00e9 au sein du sport<\/strong><\/li>\n<li><strong>Disponibilit\u00e9 et engagement dans le projet<\/strong><\/li>\n<\/ul>\n<\/li>\n<\/ul>\n<p>[\/vc_column_text][vc_column_text]<\/p>\n<h3><span class=\"font-966981\" style=\"color: #eb4a6c\"><strong>Bien que le processus de conception puisse \u00eatre grandement simplifi\u00e9, voici un exemple d\u00e9taill\u00e9 de marche \u00e0 suivre :<\/strong><\/span><\/h3>\n<ul>\n<li style=\"list-style-type: none\">\n<ul>\n<li style=\"list-style-type: none\">\n<ul>\n<li style=\"list-style-type: none\">\n<ul>\n<li style=\"list-style-type: none\">\n<ol>\n<li>Le mandat de conception est attribu\u00e9, les livrables de conception et les \u00e9ch\u00e9anciers sont \u00e9nonc\u00e9s clairement et les t\u00e2ches sont bien d\u00e9finies. L\u2019envergure des travaux est fix\u00e9e avec pr\u00e9cision.<\/li>\n<li>On recueille les d\u00e9sirs des usagers locaux en organisant une rencontre de d\u00e9marrage.<\/li>\n<li>On forme un comit\u00e9 d\u2019usagers exp\u00e9riment\u00e9s pour prendre des d\u00e9cisions mieux \u00e9clair\u00e9es.<\/li>\n<li>Les concepteurs effectuent une premi\u00e8re \u00e9bauche du concept et produisent des visuels en trois dimensions (3D) de la version pr\u00e9liminaire.<\/li>\n<li>On pr\u00e9sente le concept est pr\u00e9sent\u00e9 au comit\u00e9 d\u2019usagers, lesquels \u00e9mettent leurs commentaires et formulent leurs recommandations.<\/li>\n<li>Les concepteurs corrigent le concept et pr\u00e9parent la version finale.<\/li>\n<li>Toutes les parties prenantes approuvent la version finale du concept.<\/li>\n<li>La firme de conception produit les plans d\u00e9finitifs du skateparc. Elle pr\u00e9pare des visuels 3D que la municipalit\u00e9 pourra utiliser pour promouvoir le projet.<\/li>\n<\/ol>\n<\/li>\n<\/ul>\n<\/li>\n<\/ul>\n<\/li>\n<\/ul>\n<\/li>\n<\/ul>\n<p>&nbsp;<\/p>\n<p><span class=\"font-966981\" style=\"color: #eb4a6c\"><strong>NOTE : <\/strong><\/span><em>Le concept peut \u00eatre plus global que la conception du skateparc proprement dit : il peut inclure des \u00e9l\u00e9ments comme le paysagement, l\u2019\u00e9clairage, le mobilier urbain, les stationnements, etc.<\/em>[\/vc_column_text][\/vc_column][\/vc_row][vc_row][\/vc_row][vc_row row_height_percent=\u00a0\u00bb0&Prime; overlay_alpha=\u00a0\u00bb50&Prime; gutter_size=\u00a0\u00bb3&Prime; shift_y=\u00a0\u00bb0&Prime; css=\u00a0\u00bb.vc_custom_1569108843026{margin-bottom: 50px !important;}\u00a0\u00bb][vc_column width=\u00a0\u00bb1\/1&Prime;][vc_button button_color=\u00a0\u00bbaccent\u00a0\u00bb size=\u00a0\u00bbbtn-lg\u00a0\u00bb radius=\u00a0\u00bbbtn-circle\u00a0\u00bb border_width=\u00a0\u00bb0&Prime; link=\u00a0\u00bburl:https%3A%2F%2Fwww.guides-sports-loisirs.ca%2Fskateparcs%2Fwp-content%2Fuploads%2Fsites%2F20%2F2022%2F06%2F3.1_Conception_ProcessusConception.pdf||target:%20_blank|\u00a0\u00bb icon=\u00a0\u00bbfa fa-file-o\u00a0\u00bb el_class=\u00a0\u00bbbtn-pdf\u00a0\u00bb]Version PDF[\/vc_button][\/vc_column][\/vc_row]<\/p>\n<\/div>","protected":false},"excerpt":{"rendered":"<p>[vc_row][vc_column width=\u00a0\u00bb1\/1&Prime;][vc_column_text]Il est souhaitable que le concept soit r\u00e9alis\u00e9 en partenariat avec des sp\u00e9cialistes qui ont une bonne connaissance du [&hellip;]<\/p>\n","protected":false},"author":11,"featured_media":0,"parent":2255,"menu_order":19,"comment_status":"closed","ping_status":"closed","template":"","meta":{"_acf_changed":false,"footnotes":""},"class_list":["post-2256","page","type-page","status-publish","hentry"],"acf":[],"yoast_head":"<!-- This site is optimized with the Yoast SEO plugin v27.4 - https:\/\/yoast.com\/product\/yoast-seo-wordpress\/ -->\n<title>Processus de conception - Skateparcs<\/title>\n<meta name=\"robots\" content=\"index, follow, max-snippet:-1, max-image-preview:large, max-video-preview:-1\" \/>\n<link rel=\"canonical\" href=\"https:\/\/www.guides-sports-loisirs.ca\/skateparcs\/conception\/processus-conception\/\" \/>\n<meta property=\"og:locale\" content=\"fr_FR\" \/>\n<meta property=\"og:type\" content=\"article\" \/>\n<meta property=\"og:title\" content=\"Processus de conception - Skateparcs\" \/>\n<meta property=\"og:description\" content=\"[vc_row][vc_column width=\u00a0\u00bb1\/1&Prime;][vc_column_text]Il est souhaitable que le concept soit r\u00e9alis\u00e9 en partenariat avec des sp\u00e9cialistes qui ont une bonne connaissance du [&hellip;]\" \/>\n<meta property=\"og:url\" content=\"https:\/\/www.guides-sports-loisirs.ca\/skateparcs\/conception\/processus-conception\/\" \/>\n<meta property=\"og:site_name\" content=\"Skateparcs\" \/>\n<meta property=\"article:modified_time\" content=\"2022-07-06T22:16:58+00:00\" \/>\n<meta name=\"twitter:card\" content=\"summary_large_image\" \/>\n<meta name=\"twitter:label1\" content=\"Dur\u00e9e de lecture estim\u00e9e\" \/>\n\t<meta name=\"twitter:data1\" content=\"2 minutes\" \/>\n<script type=\"application\/ld+json\" class=\"yoast-schema-graph\">{\"@context\":\"https:\\\/\\\/schema.org\",\"@graph\":[{\"@type\":\"WebPage\",\"@id\":\"https:\\\/\\\/www.guides-sports-loisirs.ca\\\/skateparcs\\\/conception\\\/processus-conception\\\/\",\"url\":\"https:\\\/\\\/www.guides-sports-loisirs.ca\\\/skateparcs\\\/conception\\\/processus-conception\\\/\",\"name\":\"Processus de conception - Skateparcs\",\"isPartOf\":{\"@id\":\"https:\\\/\\\/www.guides-sports-loisirs.ca\\\/skateparcs\\\/#website\"},\"datePublished\":\"2020-08-10T16:05:27+00:00\",\"dateModified\":\"2022-07-06T22:16:58+00:00\",\"breadcrumb\":{\"@id\":\"https:\\\/\\\/www.guides-sports-loisirs.ca\\\/skateparcs\\\/conception\\\/processus-conception\\\/#breadcrumb\"},\"inLanguage\":\"fr-FR\",\"potentialAction\":[{\"@type\":\"ReadAction\",\"target\":[\"https:\\\/\\\/www.guides-sports-loisirs.ca\\\/skateparcs\\\/conception\\\/processus-conception\\\/\"]}]},{\"@type\":\"BreadcrumbList\",\"@id\":\"https:\\\/\\\/www.guides-sports-loisirs.ca\\\/skateparcs\\\/conception\\\/processus-conception\\\/#breadcrumb\",\"itemListElement\":[{\"@type\":\"ListItem\",\"position\":1,\"name\":\"Accueil\",\"item\":\"https:\\\/\\\/www.guides-sports-loisirs.ca\\\/skateparcs\\\/\"},{\"@type\":\"ListItem\",\"position\":2,\"name\":\"Conception\",\"item\":\"https:\\\/\\\/www.guides-sports-loisirs.ca\\\/skateparcs\\\/conception\\\/\"},{\"@type\":\"ListItem\",\"position\":3,\"name\":\"Processus de conception\"}]},{\"@type\":\"WebSite\",\"@id\":\"https:\\\/\\\/www.guides-sports-loisirs.ca\\\/skateparcs\\\/#website\",\"url\":\"https:\\\/\\\/www.guides-sports-loisirs.ca\\\/skateparcs\\\/\",\"name\":\"Skateparcs\",\"description\":\"Skateparcs\",\"potentialAction\":[{\"@type\":\"SearchAction\",\"target\":{\"@type\":\"EntryPoint\",\"urlTemplate\":\"https:\\\/\\\/www.guides-sports-loisirs.ca\\\/skateparcs\\\/?s={search_term_string}\"},\"query-input\":{\"@type\":\"PropertyValueSpecification\",\"valueRequired\":true,\"valueName\":\"search_term_string\"}}],\"inLanguage\":\"fr-FR\"}]}<\/script>\n<!-- \/ Yoast SEO plugin. -->","yoast_head_json":{"title":"Processus de conception - Skateparcs","robots":{"index":"index","follow":"follow","max-snippet":"max-snippet:-1","max-image-preview":"max-image-preview:large","max-video-preview":"max-video-preview:-1"},"canonical":"https:\/\/www.guides-sports-loisirs.ca\/skateparcs\/conception\/processus-conception\/","og_locale":"fr_FR","og_type":"article","og_title":"Processus de conception - Skateparcs","og_description":"[vc_row][vc_column width=\u00a0\u00bb1\/1&Prime;][vc_column_text]Il est souhaitable que le concept soit r\u00e9alis\u00e9 en partenariat avec des sp\u00e9cialistes qui ont une bonne connaissance du [&hellip;]","og_url":"https:\/\/www.guides-sports-loisirs.ca\/skateparcs\/conception\/processus-conception\/","og_site_name":"Skateparcs","article_modified_time":"2022-07-06T22:16:58+00:00","twitter_card":"summary_large_image","twitter_misc":{"Dur\u00e9e de lecture estim\u00e9e":"2 minutes"},"schema":{"@context":"https:\/\/schema.org","@graph":[{"@type":"WebPage","@id":"https:\/\/www.guides-sports-loisirs.ca\/skateparcs\/conception\/processus-conception\/","url":"https:\/\/www.guides-sports-loisirs.ca\/skateparcs\/conception\/processus-conception\/","name":"Processus de conception - Skateparcs","isPartOf":{"@id":"https:\/\/www.guides-sports-loisirs.ca\/skateparcs\/#website"},"datePublished":"2020-08-10T16:05:27+00:00","dateModified":"2022-07-06T22:16:58+00:00","breadcrumb":{"@id":"https:\/\/www.guides-sports-loisirs.ca\/skateparcs\/conception\/processus-conception\/#breadcrumb"},"inLanguage":"fr-FR","potentialAction":[{"@type":"ReadAction","target":["https:\/\/www.guides-sports-loisirs.ca\/skateparcs\/conception\/processus-conception\/"]}]},{"@type":"BreadcrumbList","@id":"https:\/\/www.guides-sports-loisirs.ca\/skateparcs\/conception\/processus-conception\/#breadcrumb","itemListElement":[{"@type":"ListItem","position":1,"name":"Accueil","item":"https:\/\/www.guides-sports-loisirs.ca\/skateparcs\/"},{"@type":"ListItem","position":2,"name":"Conception","item":"https:\/\/www.guides-sports-loisirs.ca\/skateparcs\/conception\/"},{"@type":"ListItem","position":3,"name":"Processus de conception"}]},{"@type":"WebSite","@id":"https:\/\/www.guides-sports-loisirs.ca\/skateparcs\/#website","url":"https:\/\/www.guides-sports-loisirs.ca\/skateparcs\/","name":"Skateparcs","description":"Skateparcs","potentialAction":[{"@type":"SearchAction","target":{"@type":"EntryPoint","urlTemplate":"https:\/\/www.guides-sports-loisirs.ca\/skateparcs\/?s={search_term_string}"},"query-input":{"@type":"PropertyValueSpecification","valueRequired":true,"valueName":"search_term_string"}}],"inLanguage":"fr-FR"}]}},"_links":{"self":[{"href":"https:\/\/www.guides-sports-loisirs.ca\/skateparcs\/wp-json\/wp\/v2\/pages\/2256","targetHints":{"allow":["GET"]}}],"collection":[{"href":"https:\/\/www.guides-sports-loisirs.ca\/skateparcs\/wp-json\/wp\/v2\/pages"}],"about":[{"href":"https:\/\/www.guides-sports-loisirs.ca\/skateparcs\/wp-json\/wp\/v2\/types\/page"}],"author":[{"embeddable":true,"href":"https:\/\/www.guides-sports-loisirs.ca\/skateparcs\/wp-json\/wp\/v2\/users\/11"}],"replies":[{"embeddable":true,"href":"https:\/\/www.guides-sports-loisirs.ca\/skateparcs\/wp-json\/wp\/v2\/comments?post=2256"}],"version-history":[{"count":32,"href":"https:\/\/www.guides-sports-loisirs.ca\/skateparcs\/wp-json\/wp\/v2\/pages\/2256\/revisions"}],"predecessor-version":[{"id":4278,"href":"https:\/\/www.guides-sports-loisirs.ca\/skateparcs\/wp-json\/wp\/v2\/pages\/2256\/revisions\/4278"}],"up":[{"embeddable":true,"href":"https:\/\/www.guides-sports-loisirs.ca\/skateparcs\/wp-json\/wp\/v2\/pages\/2255"}],"wp:attachment":[{"href":"https:\/\/www.guides-sports-loisirs.ca\/skateparcs\/wp-json\/wp\/v2\/media?parent=2256"}],"curies":[{"name":"wp","href":"https:\/\/api.w.org\/{rel}","templated":true}]}}