{"id":2022,"date":"2020-08-10T11:13:38","date_gmt":"2020-08-10T15:13:38","guid":{"rendered":"https:\/\/www.guides-sports-loisirs.ca\/skateparcs\/?page_id=2022"},"modified":"2022-06-29T14:29:09","modified_gmt":"2022-06-29T18:29:09","slug":"choix-dun-site","status":"publish","type":"page","link":"https:\/\/www.guides-sports-loisirs.ca\/skateparcs\/planification\/choix-dun-site\/","title":{"rendered":"Choix d\u2019un site"},"content":{"rendered":"<div class=\"wpb-content-wrapper\"><p>[vc_row][vc_column width=\u00a0\u00bb1\/1&Prime;][vc_column_text]<strong>L\u2019emplacement et la qualit\u00e9 du site auront un impact significatif sur plusieurs aspects du skateparc, notamment la s\u00e9curit\u00e9, l\u2019affluence, la convivialit\u00e9 et, bien entendu, le co\u00fbt des installations. Un mauvais choix de terrain peut causer des probl\u00e8mes \u00e0 plusieurs \u00e9gards. <\/strong>[\/vc_column_text][vc_accordion active_tab=\u00a0\u00bb0&Prime;][vc_accordion_tab title=\u00a0\u00bbDIMENSIONS DU TERRAIN\u00a0\u00bb tab_id=\u00a0\u00bb4e4ea157-c013-0&Prime;][vc_column_text]Il est important de prendre en compte non seulement les dimensions de l\u2019aire de pratique proprement dite, mais \u00e9galement l\u2019espace de d\u00e9gagement autour de la structure. On \u00e9value l\u2019espace minimal requis sur le pourtour \u00e0 4,87 m\u00e8tres (16 pi), bien qu\u2019il puisse \u00eatre r\u00e9duit \u00e0 certains endroits. Voici un exemple de skateparc de dimensions minimales, mais parfaitement ad\u00e9quat, incluant les aires de d\u00e9gagement.[\/vc_column_text][vc_empty_space empty_h=\u00a0\u00bb2&Prime;][vc_single_image media=\u00a0\u00bb4076&Prime; media_lightbox=\u00a0\u00bbyes\u00a0\u00bb media_width_use_pixel=\u00a0\u00bbyes\u00a0\u00bb alignment=\u00a0\u00bbcenter\u00a0\u00bb media_width_pixel=\u00a0\u00bb600&Prime;][\/vc_accordion_tab][vc_accordion_tab title=\u00a0\u00bbPROXIMIT\u00c9\u00a0\u00bb tab_id=\u00a0\u00bb1654882601247-1-10&Prime;][vc_column_text]\u00c0 des fins d\u2019accessibilit\u00e9, il convient de prendre en compte les distances que les usagers cibl\u00e9s auront \u00e0 parcourir pour acc\u00e9der au site et les modes de transport. L\u2019emplacement devrait \u00eatre le plus central possible pour r\u00e9duire les trajets \u00e0 effectuer non seulement \u00e0 partir des r\u00e9sidences des usagers, mais aussi des lieux qu\u2019ils fr\u00e9quentent r\u00e9guli\u00e8rement. On tiendra ainsi compte de la proximit\u00e9 du site avec les lieux suivants :<\/p>\n<ul>\n<li>\u00c9coles<\/li>\n<li>Maisons des jeunes<\/li>\n<li>Gares de transport en commun<\/li>\n<li>Centres sportifs<\/li>\n<li>Parcs existants<\/li>\n<li>Commerces d\u2019alimentation (d\u00e9panneurs, restaurants)<\/li>\n<\/ul>\n<p>Un skateparc situ\u00e9 pr\u00e8s des lieux que fr\u00e9quentent les usagers r\u00e9duit leurs d\u00e9placements et risque d\u2019\u00eatre achaland\u00e9 plus souvent, m\u00eame en dehors des p\u00e9riodes d\u2019affluence habituelles. Pat ailleurs, les maisons des jeunes peuvent jouer un r\u00f4le important dans l\u2019animation et la supervision des activit\u00e9s.<\/p>\n<p>Si le skateparc se trouve dans un quartier r\u00e9sidentiel, de nouveaux adeptes auront s\u00fbrement envie d\u2019aller y d\u00e9montrer leur savoir-faire.[\/vc_column_text][\/vc_accordion_tab][vc_accordion_tab title=\u00a0\u00bbINSTALLATIONS COMPL\u00c9MENTAIRES\u00a0\u00bb tab_id=\u00a0\u00bb1654882639789-2-9&Prime;][vc_column_text]Il ne faut pas seulement pr\u00e9voir l\u2019espace pour la pratique des activit\u00e9s sportives, mais aussi l\u2019espace pour toute une s\u00e9rie d\u2019installations et de services compl\u00e9mentaires. Si les usagers s\u2019y rendent principalement en voiture, il est primordial de pr\u00e9voir un stationnement avec un nombre de cases appropri\u00e9 de fa\u00e7on que les voitures ne se retrouvent pas un peu partout aux alentours.<\/p>\n<p>Un stationnement de v\u00e9los peut aussi \u00eatre fort utile, car les usagers en bas \u00e2ge sont nombreux \u00e0 utiliser ce moyen de transport. Des aires de repos et toilettes ne sont pas obligatoires, mais fortement recommand\u00e9es. Il est recommand\u00e9 d\u2019ajouter du mobilier urbain (bancs, tables, poubelles, etc.) et de pr\u00e9voir des zones d\u2019ombrage o\u00f9 les usagers pourront r\u00e9cup\u00e9rer \u00e0 l\u2019abri du soleil. Il est aussi pertinent de pr\u00e9voir des fontaines d\u2019eau.<\/p>\n<p>Il est avantageux d\u2019am\u00e9nager le skateparc \u00e0 un endroit o\u00f9 tous ces services sont d\u00e9j\u00e0 disponibles, ou faciles \u00e0 implanter.[\/vc_column_text][\/vc_accordion_tab][vc_accordion_tab title=\u00a0\u00bbESPACEMENT AVEC LES R\u00c9SIDENCES\u00a0\u00bb tab_id=\u00a0\u00bb1654882660422-3-3&Prime;][vc_column_text]Comme les sports d\u2019action peuvent \u00eatre relativement bruyants, il est fortement recommand\u00e9 de choisir un site \u00e9loign\u00e9 \u00e0 plus de 30 m\u00e8tres (100 pi) du terrain r\u00e9sidentiel le plus proche pour assurer la qui\u00e9tude des r\u00e9sidents.<\/p>\n<p>Puisque les skateparcs sont g\u00e9n\u00e9ralement des lieux de rencontre pour les jeunes, ceux-ci risquent d\u2019y rester et d\u2019y fl\u00e2ner le soir, constituant peut-\u00eatre une nuisance pour certains r\u00e9sidents. Un dispositif d\u2019\u00e9clairage automatique peut accro\u00eetre la s\u00e9curit\u00e9 du site le soir et la nuit, permettant aux autorit\u00e9s publiques d\u2019y faire des tourn\u00e9es de surveillance.[\/vc_column_text][\/vc_accordion_tab][vc_accordion_tab title=\u00a0\u00bbINFORMATIONS D\u00c9TERMINANTES\u00a0\u00bb tab_id=\u00a0\u00bb1654882684171-4-4&Prime;][vc_column_text]Le choix du site influence grandement le prix de la construction. Par exemple, un terrain contamin\u00e9 fera exploser les co\u00fbts de construction. Pour r\u00e9duire les co\u00fbts au minimum, on portera une attention particuli\u00e8re aux \u00e9l\u00e9ments suivants :<\/p>\n<h3><span class=\"font-966981\" style=\"color: #eb4a6c\"><strong>Nature du sol<\/strong><\/span><\/h3>\n<p>La nature du sol aura une incidence consid\u00e9rable sur le type de fondation \u00e0 mettre en place pour supporter la structure. La pr\u00e9sence d\u2019argile ou d\u2019autres mati\u00e8res min\u00e9rales de compacit\u00e9 l\u00e2che n\u00e9cessitera une fondation plus \u00e9paisse et plus complexe. Une firme sp\u00e9cialis\u00e9e peut effectuer des \u00e9tudes de sol : \u00e9tudes g\u00e9otechniques (capacit\u00e9 portante du sol, structure du sol) et \u00e9tudes de caract\u00e9risation environnementale (contamination du sol). Elle pourra recommander le type de fondation le plus ad\u00e9quat.<\/p>\n<h3><span class=\"font-966981\" style=\"color: #eb4a6c\"><strong>Planicit\u00e9 du terrain<\/strong><\/span><\/h3>\n<p>Un terrain en pente risque de complexifier l\u2019am\u00e9nagement. Il faudra en effet aplanir le terrain afin de construire la surface de plancher. Les \u00e9l\u00e9vations du terrain peuvent cependant servir \u00e0 concevoir des parcours particuliers et originaux.<\/p>\n<h3><span class=\"font-966981\" style=\"color: #eb4a6c\"><strong>Installations futures<\/strong><\/span><\/h3>\n<p>Il est primordial de conna\u00eetre les projets d\u2019avenir pour le skateparc. Il est aussi important de savoir si on devra ajouter un b\u00e2timent de service, des toilettes et des fontaines d\u2019eau, car il faudra que ces installations soient aliment\u00e9es par des services publics (aqueduc, \u00e9gouts, \u00e9lectricit\u00e9, etc.). Ces services sont-ils d\u00e9j\u00e0 disponibles \u00e0 proximit\u00e9 ou faudra-t-il cr\u00e9er de nouveaux r\u00e9seaux?[\/vc_column_text][\/vc_accordion_tab][\/vc_accordion][\/vc_column][\/vc_row][vc_row][\/vc_row][vc_row row_height_percent=\u00a0\u00bb0&Prime; overlay_alpha=\u00a0\u00bb50&Prime; gutter_size=\u00a0\u00bb3&Prime; shift_y=\u00a0\u00bb0&Prime; css=\u00a0\u00bb.vc_custom_1569108843026{margin-bottom: 50px !important;}\u00a0\u00bb][vc_column width=\u00a0\u00bb1\/1&Prime;][vc_button button_color=\u00a0\u00bbaccent\u00a0\u00bb size=\u00a0\u00bbbtn-lg\u00a0\u00bb radius=\u00a0\u00bbbtn-circle\u00a0\u00bb border_width=\u00a0\u00bb0&Prime; link=\u00a0\u00bburl:https%3A%2F%2Fwww.guides-sports-loisirs.ca%2Fskateparcs%2Fwp-content%2Fuploads%2Fsites%2F20%2F2022%2F06%2F2.5_Planification_ChoixDuSite.pdf||target:%20_blank|\u00a0\u00bb icon=\u00a0\u00bbfa fa-file-o\u00a0\u00bb el_class=\u00a0\u00bbbtn-pdf\u00a0\u00bb]Version PDF[\/vc_button][\/vc_column][\/vc_row]<\/p>\n<\/div>","protected":false},"excerpt":{"rendered":"<p>[vc_row][vc_column width=\u00a0\u00bb1\/1&Prime;][vc_column_text]L\u2019emplacement et la qualit\u00e9 du site auront un impact significatif sur plusieurs aspects du skateparc, notamment la s\u00e9curit\u00e9, l\u2019affluence, [&hellip;]<\/p>\n","protected":false},"author":11,"featured_media":0,"parent":2016,"menu_order":11,"comment_status":"closed","ping_status":"closed","template":"","meta":{"_acf_changed":false,"footnotes":""},"class_list":["post-2022","page","type-page","status-publish","hentry"],"acf":[],"yoast_head":"<!-- This site is optimized with the Yoast SEO plugin v27.4 - https:\/\/yoast.com\/product\/yoast-seo-wordpress\/ -->\n<title>Choix d\u2019un site - Skateparcs<\/title>\n<meta name=\"robots\" content=\"index, follow, max-snippet:-1, max-image-preview:large, max-video-preview:-1\" \/>\n<link rel=\"canonical\" href=\"https:\/\/www.guides-sports-loisirs.ca\/skateparcs\/planification\/choix-dun-site\/\" \/>\n<meta property=\"og:locale\" content=\"fr_FR\" \/>\n<meta property=\"og:type\" content=\"article\" \/>\n<meta property=\"og:title\" content=\"Choix d\u2019un site - Skateparcs\" \/>\n<meta property=\"og:description\" content=\"[vc_row][vc_column width=\u00a0\u00bb1\/1&Prime;][vc_column_text]L\u2019emplacement et la qualit\u00e9 du site auront un impact significatif sur plusieurs aspects du skateparc, notamment la s\u00e9curit\u00e9, l\u2019affluence, [&hellip;]\" \/>\n<meta property=\"og:url\" content=\"https:\/\/www.guides-sports-loisirs.ca\/skateparcs\/planification\/choix-dun-site\/\" \/>\n<meta property=\"og:site_name\" content=\"Skateparcs\" \/>\n<meta property=\"article:modified_time\" content=\"2022-06-29T18:29:09+00:00\" \/>\n<meta name=\"twitter:card\" content=\"summary_large_image\" \/>\n<meta name=\"twitter:label1\" content=\"Dur\u00e9e de lecture estim\u00e9e\" \/>\n\t<meta name=\"twitter:data1\" content=\"4 minutes\" \/>\n<script type=\"application\/ld+json\" class=\"yoast-schema-graph\">{\"@context\":\"https:\\\/\\\/schema.org\",\"@graph\":[{\"@type\":\"WebPage\",\"@id\":\"https:\\\/\\\/www.guides-sports-loisirs.ca\\\/skateparcs\\\/planification\\\/choix-dun-site\\\/\",\"url\":\"https:\\\/\\\/www.guides-sports-loisirs.ca\\\/skateparcs\\\/planification\\\/choix-dun-site\\\/\",\"name\":\"Choix d\u2019un site - Skateparcs\",\"isPartOf\":{\"@id\":\"https:\\\/\\\/www.guides-sports-loisirs.ca\\\/skateparcs\\\/#website\"},\"datePublished\":\"2020-08-10T15:13:38+00:00\",\"dateModified\":\"2022-06-29T18:29:09+00:00\",\"breadcrumb\":{\"@id\":\"https:\\\/\\\/www.guides-sports-loisirs.ca\\\/skateparcs\\\/planification\\\/choix-dun-site\\\/#breadcrumb\"},\"inLanguage\":\"fr-FR\",\"potentialAction\":[{\"@type\":\"ReadAction\",\"target\":[\"https:\\\/\\\/www.guides-sports-loisirs.ca\\\/skateparcs\\\/planification\\\/choix-dun-site\\\/\"]}]},{\"@type\":\"BreadcrumbList\",\"@id\":\"https:\\\/\\\/www.guides-sports-loisirs.ca\\\/skateparcs\\\/planification\\\/choix-dun-site\\\/#breadcrumb\",\"itemListElement\":[{\"@type\":\"ListItem\",\"position\":1,\"name\":\"Accueil\",\"item\":\"https:\\\/\\\/www.guides-sports-loisirs.ca\\\/skateparcs\\\/\"},{\"@type\":\"ListItem\",\"position\":2,\"name\":\"Planification\",\"item\":\"https:\\\/\\\/www.guides-sports-loisirs.ca\\\/skateparcs\\\/planification\\\/\"},{\"@type\":\"ListItem\",\"position\":3,\"name\":\"Choix d\u2019un site\"}]},{\"@type\":\"WebSite\",\"@id\":\"https:\\\/\\\/www.guides-sports-loisirs.ca\\\/skateparcs\\\/#website\",\"url\":\"https:\\\/\\\/www.guides-sports-loisirs.ca\\\/skateparcs\\\/\",\"name\":\"Skateparcs\",\"description\":\"Skateparcs\",\"potentialAction\":[{\"@type\":\"SearchAction\",\"target\":{\"@type\":\"EntryPoint\",\"urlTemplate\":\"https:\\\/\\\/www.guides-sports-loisirs.ca\\\/skateparcs\\\/?s={search_term_string}\"},\"query-input\":{\"@type\":\"PropertyValueSpecification\",\"valueRequired\":true,\"valueName\":\"search_term_string\"}}],\"inLanguage\":\"fr-FR\"}]}<\/script>\n<!-- \/ Yoast SEO plugin. -->","yoast_head_json":{"title":"Choix d\u2019un site - Skateparcs","robots":{"index":"index","follow":"follow","max-snippet":"max-snippet:-1","max-image-preview":"max-image-preview:large","max-video-preview":"max-video-preview:-1"},"canonical":"https:\/\/www.guides-sports-loisirs.ca\/skateparcs\/planification\/choix-dun-site\/","og_locale":"fr_FR","og_type":"article","og_title":"Choix d\u2019un site - Skateparcs","og_description":"[vc_row][vc_column width=\u00a0\u00bb1\/1&Prime;][vc_column_text]L\u2019emplacement et la qualit\u00e9 du site auront un impact significatif sur plusieurs aspects du skateparc, notamment la s\u00e9curit\u00e9, l\u2019affluence, [&hellip;]","og_url":"https:\/\/www.guides-sports-loisirs.ca\/skateparcs\/planification\/choix-dun-site\/","og_site_name":"Skateparcs","article_modified_time":"2022-06-29T18:29:09+00:00","twitter_card":"summary_large_image","twitter_misc":{"Dur\u00e9e de lecture estim\u00e9e":"4 minutes"},"schema":{"@context":"https:\/\/schema.org","@graph":[{"@type":"WebPage","@id":"https:\/\/www.guides-sports-loisirs.ca\/skateparcs\/planification\/choix-dun-site\/","url":"https:\/\/www.guides-sports-loisirs.ca\/skateparcs\/planification\/choix-dun-site\/","name":"Choix d\u2019un site - Skateparcs","isPartOf":{"@id":"https:\/\/www.guides-sports-loisirs.ca\/skateparcs\/#website"},"datePublished":"2020-08-10T15:13:38+00:00","dateModified":"2022-06-29T18:29:09+00:00","breadcrumb":{"@id":"https:\/\/www.guides-sports-loisirs.ca\/skateparcs\/planification\/choix-dun-site\/#breadcrumb"},"inLanguage":"fr-FR","potentialAction":[{"@type":"ReadAction","target":["https:\/\/www.guides-sports-loisirs.ca\/skateparcs\/planification\/choix-dun-site\/"]}]},{"@type":"BreadcrumbList","@id":"https:\/\/www.guides-sports-loisirs.ca\/skateparcs\/planification\/choix-dun-site\/#breadcrumb","itemListElement":[{"@type":"ListItem","position":1,"name":"Accueil","item":"https:\/\/www.guides-sports-loisirs.ca\/skateparcs\/"},{"@type":"ListItem","position":2,"name":"Planification","item":"https:\/\/www.guides-sports-loisirs.ca\/skateparcs\/planification\/"},{"@type":"ListItem","position":3,"name":"Choix d\u2019un site"}]},{"@type":"WebSite","@id":"https:\/\/www.guides-sports-loisirs.ca\/skateparcs\/#website","url":"https:\/\/www.guides-sports-loisirs.ca\/skateparcs\/","name":"Skateparcs","description":"Skateparcs","potentialAction":[{"@type":"SearchAction","target":{"@type":"EntryPoint","urlTemplate":"https:\/\/www.guides-sports-loisirs.ca\/skateparcs\/?s={search_term_string}"},"query-input":{"@type":"PropertyValueSpecification","valueRequired":true,"valueName":"search_term_string"}}],"inLanguage":"fr-FR"}]}},"_links":{"self":[{"href":"https:\/\/www.guides-sports-loisirs.ca\/skateparcs\/wp-json\/wp\/v2\/pages\/2022","targetHints":{"allow":["GET"]}}],"collection":[{"href":"https:\/\/www.guides-sports-loisirs.ca\/skateparcs\/wp-json\/wp\/v2\/pages"}],"about":[{"href":"https:\/\/www.guides-sports-loisirs.ca\/skateparcs\/wp-json\/wp\/v2\/types\/page"}],"author":[{"embeddable":true,"href":"https:\/\/www.guides-sports-loisirs.ca\/skateparcs\/wp-json\/wp\/v2\/users\/11"}],"replies":[{"embeddable":true,"href":"https:\/\/www.guides-sports-loisirs.ca\/skateparcs\/wp-json\/wp\/v2\/comments?post=2022"}],"version-history":[{"count":32,"href":"https:\/\/www.guides-sports-loisirs.ca\/skateparcs\/wp-json\/wp\/v2\/pages\/2022\/revisions"}],"predecessor-version":[{"id":4082,"href":"https:\/\/www.guides-sports-loisirs.ca\/skateparcs\/wp-json\/wp\/v2\/pages\/2022\/revisions\/4082"}],"up":[{"embeddable":true,"href":"https:\/\/www.guides-sports-loisirs.ca\/skateparcs\/wp-json\/wp\/v2\/pages\/2016"}],"wp:attachment":[{"href":"https:\/\/www.guides-sports-loisirs.ca\/skateparcs\/wp-json\/wp\/v2\/media?parent=2022"}],"curies":[{"name":"wp","href":"https:\/\/api.w.org\/{rel}","templated":true}]}}