{"id":2018,"date":"2020-08-10T11:11:07","date_gmt":"2020-08-10T15:11:07","guid":{"rendered":"https:\/\/www.guides-sports-loisirs.ca\/skateparcs\/?page_id=2018"},"modified":"2022-06-20T11:56:58","modified_gmt":"2022-06-20T15:56:58","slug":"conditions-succes","status":"publish","type":"page","link":"https:\/\/www.guides-sports-loisirs.ca\/skateparcs\/planification\/conditions-succes\/","title":{"rendered":"Conditions de succ\u00e8s"},"content":{"rendered":"<div class=\"wpb-content-wrapper\"><p>[vc_row][vc_column width=\u00a0\u00bb1\/1&Prime;][vc_column_text]<strong>N\u2019\u00e9tant soumis \u00e0 aucun standard pr\u00e9d\u00e9fini, les responsables de la mise sur pied d\u2019un skateparc font face \u00e0 plusieurs d\u00e9fis pour plaire \u00e0 un bassin d\u2019utilisateurs mixte et changeant. Comme les tendances en mati\u00e8re d\u2019obstacles \u00e9voluent sans cesse, il est important de prendre en compte plusieurs aspects importants au moment de la planification d\u2019un projet de skateparc afin que celui-ci r\u00e9ponde convenablement aux besoins des sportifs. <\/strong><\/p>\n<p>Recommandation : Il est avantageux pour les municipalit\u00e9s de former des \u00e9quipes multidisciplinaires \u00e0 l\u2019interne pour chapeauter de tels projets. Ces \u00e9quipes peuvent r\u00e9unir des architectes-paysagistes, des sp\u00e9cialistes en loisir ou en sport, des contrema\u00eetres travaillant aux travaux publics ou aux parcs et d\u2019autres professionnels de divers horizons. Les municipalit\u00e9s sont bien entendu libres de constituer leurs propres \u00e9quipes selon les expertises vari\u00e9es du personnel \u00e0 l\u2019interne. Ces \u00e9quipes assureront les conditions de succ\u00e8s des projets en partageant leurs expertises.<\/p>\n<h3><span class=\"font-966981\" style=\"color: #eb4a6c\"><strong>Exemple d\u2019\u00e9quipe interservices pour un projet multidisciplinaire<\/strong><\/span><\/h3>\n<p><strong>Professionnel en loisir<\/strong> : propri\u00e9taire du projet et responsable de l\u2019ensemble de la d\u00e9marche; assure le lien avec les autres services municipaux et les usagers<br \/>\n<strong>Architecte-paysagiste<\/strong> : responsable de l\u2019am\u00e9nagement non technique, surtout de l\u2019int\u00e9gration harmonieuse des installations dans l\u2019ensemble (parc ou autre espace public)<br \/>\n<strong>Professionnel des Travaux publics<\/strong> : devra pr\u00e9voir l\u2019entretien des installations et du site<br \/>\n<strong>Professionnel de l\u2019Urbanisme<\/strong> : aura son mot \u00e0 dire sur le choix du site et veillera \u00e0 ce que le projet soit conforme aux r\u00e8glements municipaux, notamment le zonage<br \/>\n<strong>Autres<\/strong> : responsable de la s\u00e9curit\u00e9 publique, responsable de l\u2019approvisionnement (pr\u00e9sence r\u00e9guli\u00e8re ou au besoin)[\/vc_column_text][vc_accordion][vc_accordion_tab title=\u00a0\u00bbUNICIT\u00c9\u00a0\u00bb tab_id=\u00a0\u00bb1654877396-1-57&Prime;][vc_column_text]Un aspect important de la pratique des sports d\u2019action est la cr\u00e9ativit\u00e9. Les pratiquants recherchent de la nouveaut\u00e9 dans l\u2019ex\u00e9cution de figures. Les parcours doivent offrir une certaine unicit\u00e9 pour que les pratiquants puissent cr\u00e9er des man\u0153uvres ou des encha\u00eenements in\u00e9dits qui suscitent l\u2019engouement. L\u2019unicit\u00e9, c\u2019est le caract\u00e8re distinctif d\u2019un lieu ou d\u2019une chose, son originalit\u00e9 en quelque sorte.<\/p>\n<p>Une erreur flagrante commise dans le pass\u00e9 a \u00e9t\u00e9 de recourir aux m\u00eames mod\u00e8les de parcs que d\u2019autres villes avoisinantes, ce qui emp\u00eachait les usagers de diversifier leur pratique et de cr\u00e9er un engouement pour les nouvelles installations. L\u2019unicit\u00e9 des parcours est \u00e9galement primordiale pour que les skateparcs aient une identit\u00e9, constituant une esp\u00e8ce de \u00ab signature \u00bb pour la municipalit\u00e9.[\/vc_column_text][\/vc_accordion_tab][vc_accordion_tab title=\u00a0\u00bbATTRAIT\u00a0\u00bb tab_id=\u00a0\u00bb1654877396-2-98&Prime;][vc_column_text]L\u2019attrait visuel, ludique et fonctionnel des installations aura un effet consid\u00e9rable sur le succ\u00e8s du skateparc. Une structure qui est belle visuellement suscite un int\u00e9r\u00eat aupr\u00e8s des non-utilisateurs. La qualit\u00e9 ludique d\u2019un skateparc est fondamentale pour que les usagers s\u2019y plaisent et utilisent la surface fr\u00e9quemment. Des installations compl\u00e9mentaires \u00e0 proximit\u00e9 peuvent \u00e9galement participer \u00e0 l\u2019attrait du parc.<\/p>\n<p>L\u2019int\u00e9gration organique d\u2019un skateparc \u00e0 son environnement est importante. D\u2019une part, il faut \u00e9viter de cr\u00e9er une structure ghetto qui d\u00e9tonne dans l\u2019environnement, qui jure dans le d\u00e9cor et qui donne l\u2019impression que l\u2019on a voulu confiner des jeunes dans un espace r\u00e9serv\u00e9, coup\u00e9 du reste. D\u2019autre part, une structure o\u00f9 domine le b\u00e9ton doit s\u2019assortir d\u2019\u00e9l\u00e9ments, de pr\u00e9f\u00e9rence naturels, qui vont att\u00e9nuer la s\u00e9v\u00e9rit\u00e9 et l\u2019uniformit\u00e9 des mat\u00e9riaux. Le design des installations peut certes contribuer \u00e0 cet effet d\u2019adoucissement, mais rien de mieux qu\u2019un am\u00e9nagement paysager judicieusement con\u00e7u \u00e0 cette fin. L\u2019attrait du skateparc n\u2019en sera que rehauss\u00e9.<\/p>\n<p>L\u2019attrait d\u2019une aire de skate n\u2019est pas seulement local, mais aussi r\u00e9gional, national et m\u00eame international. Les adeptes sont pr\u00eats \u00e0 se d\u00e9placer juste pour essayer une installation de renom. M\u00eame des sites de petites dimensions peuvent faire leur marque aupr\u00e8s des adeptes si l\u2019attrait est ind\u00e9niable et unique.<\/p>\n<p>Il existe un tourisme des skaters. Les adeptes planifient des itin\u00e9raires de voyage durant leurs vacances ax\u00e9s sur la visite de diff\u00e9rents parcours. Non seulement l\u2019attrait d\u2019un skateparc procure une visibilit\u00e9 accrue des installations, mais il apporte \u00e9galement une client\u00e8le ext\u00e9rieure aux commer\u00e7ants locaux.[\/vc_column_text][\/vc_accordion_tab][vc_accordion_tab title=\u00a0\u00bbPERTINENCE DES INSTALLATIONS\u00a0\u00bb tab_id=\u00a0\u00bb1654877491948-2-2&Prime;][vc_column_text]Les sportifs qui utilisent les skateparcs constituent une population tr\u00e8s diversifi\u00e9e en termes de sports pratiqu\u00e9s (skate, patin, BMX, trottinette), mais \u00e9galement en termes de discipline au sein de chaque sport. Par exemple, un adepte de skate peut avoir un int\u00e9r\u00eat plut\u00f4t marqu\u00e9 pour des exercices plus techniques (sauts, glisse, etc.), tandis qu\u2019un autre se passionnera plut\u00f4t pour les routines dans des plans courb\u00e9s (demi-lunes, bols, piscines).<\/p>\n<p>Il est important de bien cibler les besoins des adeptes afin d\u2019offrir des installations pertinentes. Par exemple, une communaut\u00e9 qui requiert un parc de type \u00ab bol \u00bb risque de ne pas trouver son compte dans un parc de style \u00ab skate-plaza \u00bb qui favorise les figures plus classiques.[\/vc_column_text][\/vc_accordion_tab][vc_accordion_tab title=\u00a0\u00bbACCESSIBILIT\u00c9\u00a0\u00bb tab_id=\u00a0\u00bb1654877510251-3-2&Prime;][vc_column_text]L\u2019emplacement et son accessibilit\u00e9 auront un effet sur la fr\u00e9quentation du skateparc. Il faut conna\u00eetre les modes de transport de la client\u00e8le vis\u00e9e (\u00e0 pied, en voiture, en transport en commun, \u00e0 v\u00e9lo, etc.) ainsi que la distance que les adeptes seraient pr\u00eats \u00e0 parcourir pour pratiquer leur sport. La proximit\u00e9 des installations et la facilit\u00e9 de s\u2019y rendre ont un effet sur la fr\u00e9quence \u00e0 laquelle les usagers iront pratiquer leur discipline.<\/p>\n<p>Les facteurs suivants sont \u00e0 prendre en compte dans le choix de l\u2019emplacement afin que le parc soit le plus accessible possible :<\/p>\n<ul>\n<li>Proximit\u00e9 des transports en commun<\/li>\n<li>Proximit\u00e9 des quartiers r\u00e9sidentiels o\u00f9 r\u00e9side la client\u00e8le cible<\/li>\n<li>Proximit\u00e9 des axes routiers<\/li>\n<li>Stationnement<\/li>\n<li>Proximit\u00e9 des pistes cyclables et supports \u00e0 v\u00e9los<\/li>\n<\/ul>\n<p>Un choix important s\u2019impose pour l\u2019acc\u00e8s aux skateparcs dans un secteur urbain : vaut-il mieux rassembler tous les usagers dans un grand site central ou disperser les installations dans les quartiers pour favoriser l\u2019accessibilit\u00e9?<\/p>\n<p>Une solution consiste \u00e0 r\u00e9server des endroits dans des espaces multiusages, par exemple des zones de skate temporaires pour l\u2019\u00e9t\u00e9. Il est aussi possible d\u2019effectuer des changements de r\u00e9glementation dans des parcs existants pour y permettre la pratique. Comme les d\u00e9butants n\u2019ont souvent besoin que d\u2019une surface plane pour s\u2019exercer \u00e0 rouler, il peut \u00eatre int\u00e9ressant d\u2019autoriser la pratique \u00e0 des endroits d\u00e9j\u00e0 pav\u00e9s.[\/vc_column_text][\/vc_accordion_tab][vc_accordion_tab title=\u00a0\u00bbS&rsquo;ENTOURER D&rsquo;EXPERTS\u00a0\u00bb tab_id=\u00a0\u00bb1654877528814-4-7&Prime;][vc_column_text]Compte tenu de la complexit\u00e9 des disciplines et de la multitude des formes que peut prendre un skateparc, il est fortement recommand\u00e9 aux preneurs de d\u00e9cisions qui ne sont pas familiers avec le domaine de s\u2019entourer de personnes-ressources afin de les appuyer tout au long de leur d\u00e9marche. Les experts devraient notamment permettre de faire plus facilement le lien entre la communaut\u00e9 des usagers et les diff\u00e9rents agents charg\u00e9s de r\u00e9aliser le projet. Ces experts pourront intervenir sur plusieurs sujets, en commen\u00e7ant par expliquer le jargon aux non-initi\u00e9s. Et comme les tendances en mati\u00e8re de parcours sont changeantes, il est difficile pour quelqu\u2019un qui ne s\u2019y conna\u00eet pas de savoir exactement ce qui est au go\u00fbt du jour.<\/p>\n<h3><span class=\"font-966981\" style=\"color: #eb4a6c\"><strong>Acteurs des sc\u00e8nes locales pouvant faire office d&rsquo;experts-conseils<\/strong><\/span><\/h3>\n<p>F\u00e9d\u00e9ration de skateboard du Qu\u00e9bec<br \/>\nOBNL locaux \u0153uvrant dans le domaine<br \/>\nConsultants dans le domaine<br \/>\nSkaters sp\u00e9cialistes<br \/>\nBoutiques sp\u00e9cialis\u00e9es<br \/>\nOuvriers sp\u00e9cialis\u00e9s dans la construction de skateparcs<br \/>\nConcepteurs\/dessinateurs de skateparcs<br \/>\nEntreprises sp\u00e9cialis\u00e9es en construction<br \/>\nFirmes de consultants<br \/>\n\u00c9coles de skate<br \/>\nSkateparcs priv\u00e9s<br \/>\nOrganisateurs de comp\u00e9titions<br \/>\nUsagers locaux (avec au moins 10 ans d\u2019exp\u00e9rience)<\/p>\n<p>La consultation d\u2019experts peut se faire sur une base contractuelle ou volontaire. Les citoyens et futurs usagers seront \u00e9galement heureux d\u2019\u00eatre consult\u00e9s tout au long de la mise en marche du projet. Il est conseill\u00e9 d\u2019impliquer les usagers dans le processus d\u00e9cisionnel et de leur laisser le temps de r\u00e9agir pour commenter les parcours propos\u00e9s.[\/vc_column_text][\/vc_accordion_tab][\/vc_accordion][\/vc_column][\/vc_row][vc_row][\/vc_row][vc_row row_height_percent=\u00a0\u00bb0&Prime; overlay_alpha=\u00a0\u00bb50&Prime; gutter_size=\u00a0\u00bb3&Prime; shift_y=\u00a0\u00bb0&Prime; css=\u00a0\u00bb.vc_custom_1569108843026{margin-bottom: 50px !important;}\u00a0\u00bb][vc_column width=\u00a0\u00bb1\/1&Prime;][vc_button button_color=\u00a0\u00bbaccent\u00a0\u00bb size=\u00a0\u00bbbtn-lg\u00a0\u00bb radius=\u00a0\u00bbbtn-circle\u00a0\u00bb border_width=\u00a0\u00bb0&Prime; link=\u00a0\u00bburl:https%3A%2F%2Fwww.guides-sports-loisirs.ca%2Fskateparcs%2Fwp-content%2Fuploads%2Fsites%2F20%2F2022%2F06%2F2.2_Planification_ConditionsSucces.pdf||target:%20_blank|\u00a0\u00bb icon=\u00a0\u00bbfa fa-file-o\u00a0\u00bb el_class=\u00a0\u00bbbtn-pdf\u00a0\u00bb]Version PDF[\/vc_button][\/vc_column][\/vc_row]<\/p>\n<\/div>","protected":false},"excerpt":{"rendered":"<p>[vc_row][vc_column width=\u00a0\u00bb1\/1&Prime;][vc_column_text]N\u2019\u00e9tant soumis \u00e0 aucun standard pr\u00e9d\u00e9fini, les responsables de la mise sur pied d\u2019un skateparc font face \u00e0 plusieurs [&hellip;]<\/p>\n","protected":false},"author":11,"featured_media":0,"parent":2016,"menu_order":10,"comment_status":"closed","ping_status":"closed","template":"","meta":{"_acf_changed":false,"footnotes":""},"class_list":["post-2018","page","type-page","status-publish","hentry"],"acf":[],"yoast_head":"<!-- This site is optimized with the Yoast SEO plugin v27.4 - https:\/\/yoast.com\/product\/yoast-seo-wordpress\/ -->\n<title>Conditions de succ\u00e8s - Skateparcs<\/title>\n<meta name=\"robots\" content=\"index, follow, max-snippet:-1, max-image-preview:large, max-video-preview:-1\" \/>\n<link rel=\"canonical\" href=\"https:\/\/www.guides-sports-loisirs.ca\/skateparcs\/planification\/conditions-succes\/\" \/>\n<meta property=\"og:locale\" content=\"fr_FR\" \/>\n<meta property=\"og:type\" content=\"article\" \/>\n<meta property=\"og:title\" content=\"Conditions de succ\u00e8s - Skateparcs\" \/>\n<meta property=\"og:description\" content=\"[vc_row][vc_column width=\u00a0\u00bb1\/1&Prime;][vc_column_text]N\u2019\u00e9tant soumis \u00e0 aucun standard pr\u00e9d\u00e9fini, les responsables de la mise sur pied d\u2019un skateparc font face \u00e0 plusieurs [&hellip;]\" \/>\n<meta property=\"og:url\" content=\"https:\/\/www.guides-sports-loisirs.ca\/skateparcs\/planification\/conditions-succes\/\" \/>\n<meta property=\"og:site_name\" content=\"Skateparcs\" \/>\n<meta property=\"article:modified_time\" content=\"2022-06-20T15:56:58+00:00\" \/>\n<meta name=\"twitter:card\" content=\"summary_large_image\" \/>\n<meta name=\"twitter:label1\" content=\"Dur\u00e9e de lecture estim\u00e9e\" \/>\n\t<meta name=\"twitter:data1\" content=\"6 minutes\" \/>\n<script type=\"application\/ld+json\" class=\"yoast-schema-graph\">{\"@context\":\"https:\\\/\\\/schema.org\",\"@graph\":[{\"@type\":\"WebPage\",\"@id\":\"https:\\\/\\\/www.guides-sports-loisirs.ca\\\/skateparcs\\\/planification\\\/conditions-succes\\\/\",\"url\":\"https:\\\/\\\/www.guides-sports-loisirs.ca\\\/skateparcs\\\/planification\\\/conditions-succes\\\/\",\"name\":\"Conditions de succ\u00e8s - Skateparcs\",\"isPartOf\":{\"@id\":\"https:\\\/\\\/www.guides-sports-loisirs.ca\\\/skateparcs\\\/#website\"},\"datePublished\":\"2020-08-10T15:11:07+00:00\",\"dateModified\":\"2022-06-20T15:56:58+00:00\",\"breadcrumb\":{\"@id\":\"https:\\\/\\\/www.guides-sports-loisirs.ca\\\/skateparcs\\\/planification\\\/conditions-succes\\\/#breadcrumb\"},\"inLanguage\":\"fr-FR\",\"potentialAction\":[{\"@type\":\"ReadAction\",\"target\":[\"https:\\\/\\\/www.guides-sports-loisirs.ca\\\/skateparcs\\\/planification\\\/conditions-succes\\\/\"]}]},{\"@type\":\"BreadcrumbList\",\"@id\":\"https:\\\/\\\/www.guides-sports-loisirs.ca\\\/skateparcs\\\/planification\\\/conditions-succes\\\/#breadcrumb\",\"itemListElement\":[{\"@type\":\"ListItem\",\"position\":1,\"name\":\"Accueil\",\"item\":\"https:\\\/\\\/www.guides-sports-loisirs.ca\\\/skateparcs\\\/\"},{\"@type\":\"ListItem\",\"position\":2,\"name\":\"Planification\",\"item\":\"https:\\\/\\\/www.guides-sports-loisirs.ca\\\/skateparcs\\\/planification\\\/\"},{\"@type\":\"ListItem\",\"position\":3,\"name\":\"Conditions de succ\u00e8s\"}]},{\"@type\":\"WebSite\",\"@id\":\"https:\\\/\\\/www.guides-sports-loisirs.ca\\\/skateparcs\\\/#website\",\"url\":\"https:\\\/\\\/www.guides-sports-loisirs.ca\\\/skateparcs\\\/\",\"name\":\"Skateparcs\",\"description\":\"Skateparcs\",\"potentialAction\":[{\"@type\":\"SearchAction\",\"target\":{\"@type\":\"EntryPoint\",\"urlTemplate\":\"https:\\\/\\\/www.guides-sports-loisirs.ca\\\/skateparcs\\\/?s={search_term_string}\"},\"query-input\":{\"@type\":\"PropertyValueSpecification\",\"valueRequired\":true,\"valueName\":\"search_term_string\"}}],\"inLanguage\":\"fr-FR\"}]}<\/script>\n<!-- \/ Yoast SEO plugin. -->","yoast_head_json":{"title":"Conditions de succ\u00e8s - Skateparcs","robots":{"index":"index","follow":"follow","max-snippet":"max-snippet:-1","max-image-preview":"max-image-preview:large","max-video-preview":"max-video-preview:-1"},"canonical":"https:\/\/www.guides-sports-loisirs.ca\/skateparcs\/planification\/conditions-succes\/","og_locale":"fr_FR","og_type":"article","og_title":"Conditions de succ\u00e8s - Skateparcs","og_description":"[vc_row][vc_column width=\u00a0\u00bb1\/1&Prime;][vc_column_text]N\u2019\u00e9tant soumis \u00e0 aucun standard pr\u00e9d\u00e9fini, les responsables de la mise sur pied d\u2019un skateparc font face \u00e0 plusieurs [&hellip;]","og_url":"https:\/\/www.guides-sports-loisirs.ca\/skateparcs\/planification\/conditions-succes\/","og_site_name":"Skateparcs","article_modified_time":"2022-06-20T15:56:58+00:00","twitter_card":"summary_large_image","twitter_misc":{"Dur\u00e9e de lecture estim\u00e9e":"6 minutes"},"schema":{"@context":"https:\/\/schema.org","@graph":[{"@type":"WebPage","@id":"https:\/\/www.guides-sports-loisirs.ca\/skateparcs\/planification\/conditions-succes\/","url":"https:\/\/www.guides-sports-loisirs.ca\/skateparcs\/planification\/conditions-succes\/","name":"Conditions de succ\u00e8s - Skateparcs","isPartOf":{"@id":"https:\/\/www.guides-sports-loisirs.ca\/skateparcs\/#website"},"datePublished":"2020-08-10T15:11:07+00:00","dateModified":"2022-06-20T15:56:58+00:00","breadcrumb":{"@id":"https:\/\/www.guides-sports-loisirs.ca\/skateparcs\/planification\/conditions-succes\/#breadcrumb"},"inLanguage":"fr-FR","potentialAction":[{"@type":"ReadAction","target":["https:\/\/www.guides-sports-loisirs.ca\/skateparcs\/planification\/conditions-succes\/"]}]},{"@type":"BreadcrumbList","@id":"https:\/\/www.guides-sports-loisirs.ca\/skateparcs\/planification\/conditions-succes\/#breadcrumb","itemListElement":[{"@type":"ListItem","position":1,"name":"Accueil","item":"https:\/\/www.guides-sports-loisirs.ca\/skateparcs\/"},{"@type":"ListItem","position":2,"name":"Planification","item":"https:\/\/www.guides-sports-loisirs.ca\/skateparcs\/planification\/"},{"@type":"ListItem","position":3,"name":"Conditions de succ\u00e8s"}]},{"@type":"WebSite","@id":"https:\/\/www.guides-sports-loisirs.ca\/skateparcs\/#website","url":"https:\/\/www.guides-sports-loisirs.ca\/skateparcs\/","name":"Skateparcs","description":"Skateparcs","potentialAction":[{"@type":"SearchAction","target":{"@type":"EntryPoint","urlTemplate":"https:\/\/www.guides-sports-loisirs.ca\/skateparcs\/?s={search_term_string}"},"query-input":{"@type":"PropertyValueSpecification","valueRequired":true,"valueName":"search_term_string"}}],"inLanguage":"fr-FR"}]}},"_links":{"self":[{"href":"https:\/\/www.guides-sports-loisirs.ca\/skateparcs\/wp-json\/wp\/v2\/pages\/2018","targetHints":{"allow":["GET"]}}],"collection":[{"href":"https:\/\/www.guides-sports-loisirs.ca\/skateparcs\/wp-json\/wp\/v2\/pages"}],"about":[{"href":"https:\/\/www.guides-sports-loisirs.ca\/skateparcs\/wp-json\/wp\/v2\/types\/page"}],"author":[{"embeddable":true,"href":"https:\/\/www.guides-sports-loisirs.ca\/skateparcs\/wp-json\/wp\/v2\/users\/11"}],"replies":[{"embeddable":true,"href":"https:\/\/www.guides-sports-loisirs.ca\/skateparcs\/wp-json\/wp\/v2\/comments?post=2018"}],"version-history":[{"count":25,"href":"https:\/\/www.guides-sports-loisirs.ca\/skateparcs\/wp-json\/wp\/v2\/pages\/2018\/revisions"}],"predecessor-version":[{"id":3792,"href":"https:\/\/www.guides-sports-loisirs.ca\/skateparcs\/wp-json\/wp\/v2\/pages\/2018\/revisions\/3792"}],"up":[{"embeddable":true,"href":"https:\/\/www.guides-sports-loisirs.ca\/skateparcs\/wp-json\/wp\/v2\/pages\/2016"}],"wp:attachment":[{"href":"https:\/\/www.guides-sports-loisirs.ca\/skateparcs\/wp-json\/wp\/v2\/media?parent=2018"}],"curies":[{"name":"wp","href":"https:\/\/api.w.org\/{rel}","templated":true}]}}