{"id":1931,"date":"2020-08-10T08:18:49","date_gmt":"2020-08-10T12:18:49","guid":{"rendered":"https:\/\/www.guides-sports-loisirs.ca\/skateparcs\/?page_id=1931"},"modified":"2024-05-22T16:43:43","modified_gmt":"2024-05-22T20:43:43","slug":"encadrement-animation","status":"publish","type":"page","link":"https:\/\/www.guides-sports-loisirs.ca\/skateparcs\/securite-integrite\/encadrement-animation\/","title":{"rendered":"Encadrement et animation"},"content":{"rendered":"<div class=\"wpb-content-wrapper\"><p>[vc_row][vc_column width=\u00a0\u00bb1\/1&Prime;][vc_column_text]Une fois le skateparc op\u00e9rationnel, il faut lui donner vie en mettant tout en place pour qu\u2019il soit bien vivant. Un encadrement appropri\u00e9 en favorisera l\u2019appropriation par la communaut\u00e9 ainsi que la bonne conduite des activit\u00e9s, tandis que des activit\u00e9s organis\u00e9es p\u00e9riodiques contribueront \u00e0 son animation. [\/vc_column_text][vc_single_image media=\u00a0\u00bb4176&Prime; media_lightbox=\u00a0\u00bbyes\u00a0\u00bb media_width_percent=\u00a0\u00bb100&Prime; lbox_skin=\u00a0\u00bbwhite\u00a0\u00bb][vc_column_text css=\u00a0\u00bb.vc_custom_1656950770839{margin-top: -3px !important;}\u00a0\u00bb]Photo : Jean-Philippe Grou[\/vc_column_text][vc_accordion][vc_accordion_tab title=\u00a0\u00bbPR\u00c9SENCE DES PARENTS\u00a0\u00bb tab_id=\u00a0\u00bb1655500036-1-61&Prime;][vc_column_text]Dans la <a href=\"https:\/\/www.guides-sports-loisirs.ca\/skateparcs\/wp-content\/uploads\/sites\/20\/2022\/06\/5.2_Exploitation_Reglementation.pdf\">fiche sur la r\u00e9glementation<\/a>, il est recommand\u00e9 que les enfants de moins de 10 ans soient accompagn\u00e9s d\u2019un adulte. Cette consigne s\u2019inscrit bien entendu dans une perspective de s\u00e9curit\u00e9 et de pr\u00e9vention, mais il vise aussi \u00e0 permettre aux plus jeunes d\u2019avoir du plaisir en s\u2019initiant au skate ou \u00e0 d\u2019autres sports d\u2019action. Les enfants de moins de 10 ans peuvent en effet avoir plus de difficult\u00e9 \u00e0 comprendre la circulation sur le parcours et ont tendance \u00e0 effectuer des virages impromptus qui peuvent surprendre les autres usagers et causer des collisions. Les parents devraient \u00eatre pr\u00e9sents en tout temps pour surveiller leurs enfants, sans cependant les accompagner sur le parcours pour ne pas emp\u00eacher les autres usagers de circuler.[\/vc_column_text][\/vc_accordion_tab][vc_accordion_tab title=\u00a0\u00bbORGANISATIONS DE COURS\u00a0\u00bb tab_id=\u00a0\u00bb1655500036-2-57&Prime;][vc_column_text]Des organismes locaux offrent souvent des cours pour usagers de tous niveaux. Il est dans l\u2019int\u00e9r\u00eat de la municipalit\u00e9 de soutenir de tels organismes, avec lesquels elle peut d\u2019ailleurs coordonner une s\u00e9rie d\u2019activit\u00e9s au skateparc. Les cours peuvent \u00eatre offerts gratuitement ou moyennant frais d\u2019inscription, selon la politique de tarification de la municipalit\u00e9. Les cours organis\u00e9s par la municipalit\u00e9 sont g\u00e9n\u00e9ralement des cours de groupe, avec un ratio maximal de 10 clients par moniteur.<\/p>\n<p>Les cours, particuli\u00e8rement au niveau d\u00e9butant, auront une incidence sur l\u2019appropriation du skateparc non seulement par ceux et celles qui les suivent, mais aussi par l\u2019ensemble de la communaut\u00e9 des pratiquants. Une client\u00e8le d\u00e9butante qui comprend bien les diverses pratiques et les fonctionnalit\u00e9s du skateparc facilitera la cohabitation avec les usagers de niveaux plus avanc\u00e9s. [\/vc_column_text][\/vc_accordion_tab][vc_accordion_tab title=\u00a0\u00bbORGANISATION D&rsquo;\u00c9V\u00c9NEMENTS\u00a0\u00bb tab_id=\u00a0\u00bb1655500205244-2-8&Prime;][vc_column_text]Un skateparc de haute qualit\u00e9 sera in\u00e9vitablement l\u2019h\u00f4te de comp\u00e9titions, de d\u00e9monstrations et d\u2019autres \u00e9v\u00e9nements. Il est pr\u00e9f\u00e9rable pour l\u2019organisme public qui g\u00e8re le site de s\u2019entourer d\u2019acteurs influents de la sc\u00e8ne locale et de conclure des ententes de partenariat avec ceux-ci. De cette mani\u00e8re, la communication sera facilit\u00e9e des deux c\u00f4t\u00e9s et la municipalit\u00e9 exercera un contr\u00f4le plus accru sur les activit\u00e9s r\u00e9alis\u00e9es sur le parcours. Cette proximit\u00e9 favorisera \u00e9galement la qualit\u00e9 des \u00e9v\u00e9nements r\u00e9serv\u00e9s aux adeptes en assurant que leurs besoins seront combl\u00e9s ad\u00e9quatement. [\/vc_column_text][\/vc_accordion_tab][\/vc_accordion][\/vc_column][\/vc_row][vc_row][\/vc_row][vc_row row_height_percent=\u00a0\u00bb0&Prime; overlay_alpha=\u00a0\u00bb50&Prime; gutter_size=\u00a0\u00bb3&Prime; shift_y=\u00a0\u00bb0&Prime; css=\u00a0\u00bb.vc_custom_1569108843026{margin-bottom: 50px !important;}\u00a0\u00bb][vc_column width=\u00a0\u00bb1\/1&Prime;][vc_button button_color=\u00a0\u00bbaccent\u00a0\u00bb size=\u00a0\u00bbbtn-lg\u00a0\u00bb radius=\u00a0\u00bbbtn-circle\u00a0\u00bb border_width=\u00a0\u00bb0&Prime; link=\u00a0\u00bburl:https%3A%2F%2Fwww.guides-sports-loisirs.ca%2Fskateparcs%2Fwp-content%2Fuploads%2Fsites%2F20%2F2022%2F06%2F6.2_SecuriteIntegrite_EncadrementAnimation_final.pdf||target:%20_blank|\u00a0\u00bb icon=\u00a0\u00bbfa fa-file-o\u00a0\u00bb el_class=\u00a0\u00bbbtn-pdf\u00a0\u00bb]Version PDF[\/vc_button][\/vc_column][\/vc_row]<\/p>\n<\/div>","protected":false},"excerpt":{"rendered":"<p>[vc_row][vc_column width=\u00a0\u00bb1\/1&Prime;][vc_column_text]Une fois le skateparc op\u00e9rationnel, il faut lui donner vie en mettant tout en place pour qu\u2019il soit bien [&hellip;]<\/p>\n","protected":false},"author":11,"featured_media":0,"parent":1803,"menu_order":6,"comment_status":"closed","ping_status":"closed","template":"","meta":{"_acf_changed":false,"footnotes":""},"class_list":["post-1931","page","type-page","status-publish","hentry"],"acf":[],"yoast_head":"<!-- This site is optimized with the Yoast SEO plugin v27.4 - https:\/\/yoast.com\/product\/yoast-seo-wordpress\/ -->\n<title>Encadrement et animation - Skateparcs<\/title>\n<meta name=\"robots\" content=\"index, follow, max-snippet:-1, max-image-preview:large, max-video-preview:-1\" \/>\n<link rel=\"canonical\" href=\"https:\/\/www.guides-sports-loisirs.ca\/skateparcs\/securite-integrite\/encadrement-animation\/\" \/>\n<meta property=\"og:locale\" content=\"fr_FR\" \/>\n<meta property=\"og:type\" content=\"article\" \/>\n<meta property=\"og:title\" content=\"Encadrement et animation - Skateparcs\" \/>\n<meta property=\"og:description\" content=\"[vc_row][vc_column width=\u00a0\u00bb1\/1&Prime;][vc_column_text]Une fois le skateparc op\u00e9rationnel, il faut lui donner vie en mettant tout en place pour qu\u2019il soit bien [&hellip;]\" \/>\n<meta property=\"og:url\" content=\"https:\/\/www.guides-sports-loisirs.ca\/skateparcs\/securite-integrite\/encadrement-animation\/\" \/>\n<meta property=\"og:site_name\" content=\"Skateparcs\" \/>\n<meta property=\"article:modified_time\" content=\"2024-05-22T20:43:43+00:00\" \/>\n<meta name=\"twitter:card\" content=\"summary_large_image\" \/>\n<meta name=\"twitter:label1\" content=\"Dur\u00e9e de lecture estim\u00e9e\" \/>\n\t<meta name=\"twitter:data1\" content=\"3 minutes\" \/>\n<script type=\"application\/ld+json\" class=\"yoast-schema-graph\">{\"@context\":\"https:\\\/\\\/schema.org\",\"@graph\":[{\"@type\":\"WebPage\",\"@id\":\"https:\\\/\\\/www.guides-sports-loisirs.ca\\\/skateparcs\\\/securite-integrite\\\/encadrement-animation\\\/\",\"url\":\"https:\\\/\\\/www.guides-sports-loisirs.ca\\\/skateparcs\\\/securite-integrite\\\/encadrement-animation\\\/\",\"name\":\"Encadrement et animation - Skateparcs\",\"isPartOf\":{\"@id\":\"https:\\\/\\\/www.guides-sports-loisirs.ca\\\/skateparcs\\\/#website\"},\"datePublished\":\"2020-08-10T12:18:49+00:00\",\"dateModified\":\"2024-05-22T20:43:43+00:00\",\"breadcrumb\":{\"@id\":\"https:\\\/\\\/www.guides-sports-loisirs.ca\\\/skateparcs\\\/securite-integrite\\\/encadrement-animation\\\/#breadcrumb\"},\"inLanguage\":\"fr-FR\",\"potentialAction\":[{\"@type\":\"ReadAction\",\"target\":[\"https:\\\/\\\/www.guides-sports-loisirs.ca\\\/skateparcs\\\/securite-integrite\\\/encadrement-animation\\\/\"]}]},{\"@type\":\"BreadcrumbList\",\"@id\":\"https:\\\/\\\/www.guides-sports-loisirs.ca\\\/skateparcs\\\/securite-integrite\\\/encadrement-animation\\\/#breadcrumb\",\"itemListElement\":[{\"@type\":\"ListItem\",\"position\":1,\"name\":\"Accueil\",\"item\":\"https:\\\/\\\/www.guides-sports-loisirs.ca\\\/skateparcs\\\/\"},{\"@type\":\"ListItem\",\"position\":2,\"name\":\"S\u00e9curit\u00e9 et int\u00e9grit\u00e9\",\"item\":\"https:\\\/\\\/www.guides-sports-loisirs.ca\\\/skateparcs\\\/securite-integrite\\\/\"},{\"@type\":\"ListItem\",\"position\":3,\"name\":\"Encadrement et animation\"}]},{\"@type\":\"WebSite\",\"@id\":\"https:\\\/\\\/www.guides-sports-loisirs.ca\\\/skateparcs\\\/#website\",\"url\":\"https:\\\/\\\/www.guides-sports-loisirs.ca\\\/skateparcs\\\/\",\"name\":\"Skateparcs\",\"description\":\"Skateparcs\",\"potentialAction\":[{\"@type\":\"SearchAction\",\"target\":{\"@type\":\"EntryPoint\",\"urlTemplate\":\"https:\\\/\\\/www.guides-sports-loisirs.ca\\\/skateparcs\\\/?s={search_term_string}\"},\"query-input\":{\"@type\":\"PropertyValueSpecification\",\"valueRequired\":true,\"valueName\":\"search_term_string\"}}],\"inLanguage\":\"fr-FR\"}]}<\/script>\n<!-- \/ Yoast SEO plugin. -->","yoast_head_json":{"title":"Encadrement et animation - Skateparcs","robots":{"index":"index","follow":"follow","max-snippet":"max-snippet:-1","max-image-preview":"max-image-preview:large","max-video-preview":"max-video-preview:-1"},"canonical":"https:\/\/www.guides-sports-loisirs.ca\/skateparcs\/securite-integrite\/encadrement-animation\/","og_locale":"fr_FR","og_type":"article","og_title":"Encadrement et animation - Skateparcs","og_description":"[vc_row][vc_column width=\u00a0\u00bb1\/1&Prime;][vc_column_text]Une fois le skateparc op\u00e9rationnel, il faut lui donner vie en mettant tout en place pour qu\u2019il soit bien [&hellip;]","og_url":"https:\/\/www.guides-sports-loisirs.ca\/skateparcs\/securite-integrite\/encadrement-animation\/","og_site_name":"Skateparcs","article_modified_time":"2024-05-22T20:43:43+00:00","twitter_card":"summary_large_image","twitter_misc":{"Dur\u00e9e de lecture estim\u00e9e":"3 minutes"},"schema":{"@context":"https:\/\/schema.org","@graph":[{"@type":"WebPage","@id":"https:\/\/www.guides-sports-loisirs.ca\/skateparcs\/securite-integrite\/encadrement-animation\/","url":"https:\/\/www.guides-sports-loisirs.ca\/skateparcs\/securite-integrite\/encadrement-animation\/","name":"Encadrement et animation - Skateparcs","isPartOf":{"@id":"https:\/\/www.guides-sports-loisirs.ca\/skateparcs\/#website"},"datePublished":"2020-08-10T12:18:49+00:00","dateModified":"2024-05-22T20:43:43+00:00","breadcrumb":{"@id":"https:\/\/www.guides-sports-loisirs.ca\/skateparcs\/securite-integrite\/encadrement-animation\/#breadcrumb"},"inLanguage":"fr-FR","potentialAction":[{"@type":"ReadAction","target":["https:\/\/www.guides-sports-loisirs.ca\/skateparcs\/securite-integrite\/encadrement-animation\/"]}]},{"@type":"BreadcrumbList","@id":"https:\/\/www.guides-sports-loisirs.ca\/skateparcs\/securite-integrite\/encadrement-animation\/#breadcrumb","itemListElement":[{"@type":"ListItem","position":1,"name":"Accueil","item":"https:\/\/www.guides-sports-loisirs.ca\/skateparcs\/"},{"@type":"ListItem","position":2,"name":"S\u00e9curit\u00e9 et int\u00e9grit\u00e9","item":"https:\/\/www.guides-sports-loisirs.ca\/skateparcs\/securite-integrite\/"},{"@type":"ListItem","position":3,"name":"Encadrement et animation"}]},{"@type":"WebSite","@id":"https:\/\/www.guides-sports-loisirs.ca\/skateparcs\/#website","url":"https:\/\/www.guides-sports-loisirs.ca\/skateparcs\/","name":"Skateparcs","description":"Skateparcs","potentialAction":[{"@type":"SearchAction","target":{"@type":"EntryPoint","urlTemplate":"https:\/\/www.guides-sports-loisirs.ca\/skateparcs\/?s={search_term_string}"},"query-input":{"@type":"PropertyValueSpecification","valueRequired":true,"valueName":"search_term_string"}}],"inLanguage":"fr-FR"}]}},"_links":{"self":[{"href":"https:\/\/www.guides-sports-loisirs.ca\/skateparcs\/wp-json\/wp\/v2\/pages\/1931","targetHints":{"allow":["GET"]}}],"collection":[{"href":"https:\/\/www.guides-sports-loisirs.ca\/skateparcs\/wp-json\/wp\/v2\/pages"}],"about":[{"href":"https:\/\/www.guides-sports-loisirs.ca\/skateparcs\/wp-json\/wp\/v2\/types\/page"}],"author":[{"embeddable":true,"href":"https:\/\/www.guides-sports-loisirs.ca\/skateparcs\/wp-json\/wp\/v2\/users\/11"}],"replies":[{"embeddable":true,"href":"https:\/\/www.guides-sports-loisirs.ca\/skateparcs\/wp-json\/wp\/v2\/comments?post=1931"}],"version-history":[{"count":39,"href":"https:\/\/www.guides-sports-loisirs.ca\/skateparcs\/wp-json\/wp\/v2\/pages\/1931\/revisions"}],"predecessor-version":[{"id":4366,"href":"https:\/\/www.guides-sports-loisirs.ca\/skateparcs\/wp-json\/wp\/v2\/pages\/1931\/revisions\/4366"}],"up":[{"embeddable":true,"href":"https:\/\/www.guides-sports-loisirs.ca\/skateparcs\/wp-json\/wp\/v2\/pages\/1803"}],"wp:attachment":[{"href":"https:\/\/www.guides-sports-loisirs.ca\/skateparcs\/wp-json\/wp\/v2\/media?parent=1931"}],"curies":[{"name":"wp","href":"https:\/\/api.w.org\/{rel}","templated":true}]}}