{"id":1929,"date":"2020-08-10T08:16:23","date_gmt":"2020-08-10T12:16:23","guid":{"rendered":"https:\/\/www.guides-sports-loisirs.ca\/skateparcs\/?page_id=1929"},"modified":"2022-06-17T17:04:35","modified_gmt":"2022-06-17T21:04:35","slug":"securite-environnement-physique","status":"publish","type":"page","link":"https:\/\/www.guides-sports-loisirs.ca\/skateparcs\/securite-integrite\/securite-environnement-physique\/","title":{"rendered":"S\u00e9curit\u00e9 de l&rsquo;environnement physique"},"content":{"rendered":"<div class=\"wpb-content-wrapper\"><p>[vc_row][vc_column width=\u00a0\u00bb1\/1&Prime;][vc_column_text]<strong>Comme les sports d\u2019action comportent, par d\u00e9finition, des risques relativement \u00e9lev\u00e9s, il est n\u00e9cessaire que la surface soit la plus s\u00e9curitaire possible et qu\u2019aucun \u00e9l\u00e9ment externe n\u2019en alt\u00e8re l\u2019usage.<\/strong>[\/vc_column_text][vc_accordion active_tab=\u00a0\u00bb4&Prime;][vc_accordion_tab title=\u00a0\u00bbINTEMP\u00c9RIES\u00a0\u00bb tab_id=\u00a0\u00bb2f2e0e2a-36d6-0&Prime;][vc_column_text css=\u00a0\u00bb.vc_custom_1655499775990{margin-bottom: 20px !important;}\u00a0\u00bb]Il doit \u00eatre strictement interdit de pratiquer quelque discipline que ce soit sur une surface mouill\u00e9e (pluie) ou gel\u00e9e (plaques de glace). Le b\u00e9ton poli \u00e9tant exceptionnellement glissant lorsque mouill\u00e9, le risque de chutes inattendues est souvent sous-estim\u00e9 par les utilisateurs, m\u00eame de niveau avanc\u00e9. Ce risque est amoindri lorsque le drainage du skateparc est efficace et qu\u2019aucune eau n\u2019y reste longtemps. Il est toutefois n\u00e9cessaire de tout mettre en \u0153uvre pour \u00e9viter que les usagers n\u2019utilisent la surface lorsqu\u2019elle est alt\u00e9r\u00e9e (avertissements, amendes, etc.).[\/vc_column_text][\/vc_accordion_tab][vc_accordion_tab title=\u00a0\u00bbOBSTACLES PHYSIQUES\u00a0\u00bb tab_id=\u00a0\u00bbd0c2791d-9846-8&Prime;][vc_column_text css=\u00a0\u00bb.vc_custom_1655499816568{margin-bottom: 20px !important;}\u00a0\u00bb]Un autre risque externe pour les usagers est la pr\u00e9sence de d\u00e9bris de toutes sortes sur la surface. La proximit\u00e9 d\u2019arbres peut laisser des d\u00e9bris que les pratiquants peuvent heurter, risquant de chuter. S\u2019il y a du gravier autour de l\u2019aire de pratique, il y a peut-\u00eatre un risque qu\u2019il s\u2019en retrouve sur la surface. La poussi\u00e8re et le sable sont tout aussi dangereux, car les usagers peuvent glisser de fa\u00e7on inattendue.<\/p>\n<p>La solution \u00e0 ces probl\u00e8mes est de porter une attention particuli\u00e8re aux diff\u00e9rents \u00e9l\u00e9ments install\u00e9s \u00e0 proximit\u00e9 du site. Par exemple, il est pr\u00e9f\u00e9rable d\u2019\u00e9viter de construire le skateparc \u00e0 proximit\u00e9 d\u2019un carr\u00e9 de sable ou d\u2019un terrain de volley-ball de plage.[\/vc_column_text][\/vc_accordion_tab][\/vc_accordion][\/vc_column][\/vc_row][vc_row][\/vc_row][vc_row row_height_percent=\u00a0\u00bb0&Prime; overlay_alpha=\u00a0\u00bb50&Prime; gutter_size=\u00a0\u00bb3&Prime; shift_y=\u00a0\u00bb0&Prime; css=\u00a0\u00bb.vc_custom_1569108843026{margin-bottom: 50px !important;}\u00a0\u00bb][vc_column width=\u00a0\u00bb1\/1&Prime;][vc_button button_color=\u00a0\u00bbaccent\u00a0\u00bb size=\u00a0\u00bbbtn-lg\u00a0\u00bb radius=\u00a0\u00bbbtn-circle\u00a0\u00bb border_width=\u00a0\u00bb0&Prime; link=\u00a0\u00bburl:https%3A%2F%2Fwww.guides-sports-loisirs.ca%2Fskateparcs%2Fwp-content%2Fuploads%2Fsites%2F20%2F2022%2F06%2F6.1_SecuriteIntegrite_SecuriteEnvironnement.pdf||target:%20_blank|\u00a0\u00bb icon=\u00a0\u00bbfa fa-file-o\u00a0\u00bb el_class=\u00a0\u00bbbtn-pdf\u00a0\u00bb]Version PDF[\/vc_button][\/vc_column][\/vc_row]<\/p>\n<\/div>","protected":false},"excerpt":{"rendered":"<p>[vc_row][vc_column width=\u00a0\u00bb1\/1&Prime;][vc_column_text]Comme les sports d\u2019action comportent, par d\u00e9finition, des risques relativement \u00e9lev\u00e9s, il est n\u00e9cessaire que la surface soit la [&hellip;]<\/p>\n","protected":false},"author":11,"featured_media":0,"parent":1803,"menu_order":5,"comment_status":"closed","ping_status":"closed","template":"","meta":{"_acf_changed":false,"footnotes":""},"class_list":["post-1929","page","type-page","status-publish","hentry"],"acf":[],"yoast_head":"<!-- This site is optimized with the Yoast SEO plugin v27.4 - https:\/\/yoast.com\/product\/yoast-seo-wordpress\/ -->\n<title>S\u00e9curit\u00e9 de l&#039;environnement physique - Skateparcs<\/title>\n<meta name=\"robots\" content=\"index, follow, max-snippet:-1, max-image-preview:large, max-video-preview:-1\" \/>\n<link rel=\"canonical\" href=\"https:\/\/www.guides-sports-loisirs.ca\/skateparcs\/securite-integrite\/securite-environnement-physique\/\" \/>\n<meta property=\"og:locale\" content=\"fr_FR\" \/>\n<meta property=\"og:type\" content=\"article\" \/>\n<meta property=\"og:title\" content=\"S\u00e9curit\u00e9 de l&#039;environnement physique - Skateparcs\" \/>\n<meta property=\"og:description\" content=\"[vc_row][vc_column width=\u00a0\u00bb1\/1&Prime;][vc_column_text]Comme les sports d\u2019action comportent, par d\u00e9finition, des risques relativement \u00e9lev\u00e9s, il est n\u00e9cessaire que la surface soit la [&hellip;]\" \/>\n<meta property=\"og:url\" content=\"https:\/\/www.guides-sports-loisirs.ca\/skateparcs\/securite-integrite\/securite-environnement-physique\/\" \/>\n<meta property=\"og:site_name\" content=\"Skateparcs\" \/>\n<meta property=\"article:modified_time\" content=\"2022-06-17T21:04:35+00:00\" \/>\n<meta name=\"twitter:card\" content=\"summary_large_image\" \/>\n<meta name=\"twitter:label1\" content=\"Dur\u00e9e de lecture estim\u00e9e\" \/>\n\t<meta name=\"twitter:data1\" content=\"2 minutes\" \/>\n<script type=\"application\/ld+json\" class=\"yoast-schema-graph\">{\"@context\":\"https:\\\/\\\/schema.org\",\"@graph\":[{\"@type\":\"WebPage\",\"@id\":\"https:\\\/\\\/www.guides-sports-loisirs.ca\\\/skateparcs\\\/securite-integrite\\\/securite-environnement-physique\\\/\",\"url\":\"https:\\\/\\\/www.guides-sports-loisirs.ca\\\/skateparcs\\\/securite-integrite\\\/securite-environnement-physique\\\/\",\"name\":\"S\u00e9curit\u00e9 de l'environnement physique - Skateparcs\",\"isPartOf\":{\"@id\":\"https:\\\/\\\/www.guides-sports-loisirs.ca\\\/skateparcs\\\/#website\"},\"datePublished\":\"2020-08-10T12:16:23+00:00\",\"dateModified\":\"2022-06-17T21:04:35+00:00\",\"breadcrumb\":{\"@id\":\"https:\\\/\\\/www.guides-sports-loisirs.ca\\\/skateparcs\\\/securite-integrite\\\/securite-environnement-physique\\\/#breadcrumb\"},\"inLanguage\":\"fr-FR\",\"potentialAction\":[{\"@type\":\"ReadAction\",\"target\":[\"https:\\\/\\\/www.guides-sports-loisirs.ca\\\/skateparcs\\\/securite-integrite\\\/securite-environnement-physique\\\/\"]}]},{\"@type\":\"BreadcrumbList\",\"@id\":\"https:\\\/\\\/www.guides-sports-loisirs.ca\\\/skateparcs\\\/securite-integrite\\\/securite-environnement-physique\\\/#breadcrumb\",\"itemListElement\":[{\"@type\":\"ListItem\",\"position\":1,\"name\":\"Accueil\",\"item\":\"https:\\\/\\\/www.guides-sports-loisirs.ca\\\/skateparcs\\\/\"},{\"@type\":\"ListItem\",\"position\":2,\"name\":\"S\u00e9curit\u00e9 et int\u00e9grit\u00e9\",\"item\":\"https:\\\/\\\/www.guides-sports-loisirs.ca\\\/skateparcs\\\/securite-integrite\\\/\"},{\"@type\":\"ListItem\",\"position\":3,\"name\":\"S\u00e9curit\u00e9 de l&rsquo;environnement physique\"}]},{\"@type\":\"WebSite\",\"@id\":\"https:\\\/\\\/www.guides-sports-loisirs.ca\\\/skateparcs\\\/#website\",\"url\":\"https:\\\/\\\/www.guides-sports-loisirs.ca\\\/skateparcs\\\/\",\"name\":\"Skateparcs\",\"description\":\"Skateparcs\",\"potentialAction\":[{\"@type\":\"SearchAction\",\"target\":{\"@type\":\"EntryPoint\",\"urlTemplate\":\"https:\\\/\\\/www.guides-sports-loisirs.ca\\\/skateparcs\\\/?s={search_term_string}\"},\"query-input\":{\"@type\":\"PropertyValueSpecification\",\"valueRequired\":true,\"valueName\":\"search_term_string\"}}],\"inLanguage\":\"fr-FR\"}]}<\/script>\n<!-- \/ Yoast SEO plugin. -->","yoast_head_json":{"title":"S\u00e9curit\u00e9 de l'environnement physique - Skateparcs","robots":{"index":"index","follow":"follow","max-snippet":"max-snippet:-1","max-image-preview":"max-image-preview:large","max-video-preview":"max-video-preview:-1"},"canonical":"https:\/\/www.guides-sports-loisirs.ca\/skateparcs\/securite-integrite\/securite-environnement-physique\/","og_locale":"fr_FR","og_type":"article","og_title":"S\u00e9curit\u00e9 de l'environnement physique - Skateparcs","og_description":"[vc_row][vc_column width=\u00a0\u00bb1\/1&Prime;][vc_column_text]Comme les sports d\u2019action comportent, par d\u00e9finition, des risques relativement \u00e9lev\u00e9s, il est n\u00e9cessaire que la surface soit la [&hellip;]","og_url":"https:\/\/www.guides-sports-loisirs.ca\/skateparcs\/securite-integrite\/securite-environnement-physique\/","og_site_name":"Skateparcs","article_modified_time":"2022-06-17T21:04:35+00:00","twitter_card":"summary_large_image","twitter_misc":{"Dur\u00e9e de lecture estim\u00e9e":"2 minutes"},"schema":{"@context":"https:\/\/schema.org","@graph":[{"@type":"WebPage","@id":"https:\/\/www.guides-sports-loisirs.ca\/skateparcs\/securite-integrite\/securite-environnement-physique\/","url":"https:\/\/www.guides-sports-loisirs.ca\/skateparcs\/securite-integrite\/securite-environnement-physique\/","name":"S\u00e9curit\u00e9 de l'environnement physique - Skateparcs","isPartOf":{"@id":"https:\/\/www.guides-sports-loisirs.ca\/skateparcs\/#website"},"datePublished":"2020-08-10T12:16:23+00:00","dateModified":"2022-06-17T21:04:35+00:00","breadcrumb":{"@id":"https:\/\/www.guides-sports-loisirs.ca\/skateparcs\/securite-integrite\/securite-environnement-physique\/#breadcrumb"},"inLanguage":"fr-FR","potentialAction":[{"@type":"ReadAction","target":["https:\/\/www.guides-sports-loisirs.ca\/skateparcs\/securite-integrite\/securite-environnement-physique\/"]}]},{"@type":"BreadcrumbList","@id":"https:\/\/www.guides-sports-loisirs.ca\/skateparcs\/securite-integrite\/securite-environnement-physique\/#breadcrumb","itemListElement":[{"@type":"ListItem","position":1,"name":"Accueil","item":"https:\/\/www.guides-sports-loisirs.ca\/skateparcs\/"},{"@type":"ListItem","position":2,"name":"S\u00e9curit\u00e9 et int\u00e9grit\u00e9","item":"https:\/\/www.guides-sports-loisirs.ca\/skateparcs\/securite-integrite\/"},{"@type":"ListItem","position":3,"name":"S\u00e9curit\u00e9 de l&rsquo;environnement physique"}]},{"@type":"WebSite","@id":"https:\/\/www.guides-sports-loisirs.ca\/skateparcs\/#website","url":"https:\/\/www.guides-sports-loisirs.ca\/skateparcs\/","name":"Skateparcs","description":"Skateparcs","potentialAction":[{"@type":"SearchAction","target":{"@type":"EntryPoint","urlTemplate":"https:\/\/www.guides-sports-loisirs.ca\/skateparcs\/?s={search_term_string}"},"query-input":{"@type":"PropertyValueSpecification","valueRequired":true,"valueName":"search_term_string"}}],"inLanguage":"fr-FR"}]}},"_links":{"self":[{"href":"https:\/\/www.guides-sports-loisirs.ca\/skateparcs\/wp-json\/wp\/v2\/pages\/1929","targetHints":{"allow":["GET"]}}],"collection":[{"href":"https:\/\/www.guides-sports-loisirs.ca\/skateparcs\/wp-json\/wp\/v2\/pages"}],"about":[{"href":"https:\/\/www.guides-sports-loisirs.ca\/skateparcs\/wp-json\/wp\/v2\/types\/page"}],"author":[{"embeddable":true,"href":"https:\/\/www.guides-sports-loisirs.ca\/skateparcs\/wp-json\/wp\/v2\/users\/11"}],"replies":[{"embeddable":true,"href":"https:\/\/www.guides-sports-loisirs.ca\/skateparcs\/wp-json\/wp\/v2\/comments?post=1929"}],"version-history":[{"count":66,"href":"https:\/\/www.guides-sports-loisirs.ca\/skateparcs\/wp-json\/wp\/v2\/pages\/1929\/revisions"}],"predecessor-version":[{"id":4022,"href":"https:\/\/www.guides-sports-loisirs.ca\/skateparcs\/wp-json\/wp\/v2\/pages\/1929\/revisions\/4022"}],"up":[{"embeddable":true,"href":"https:\/\/www.guides-sports-loisirs.ca\/skateparcs\/wp-json\/wp\/v2\/pages\/1803"}],"wp:attachment":[{"href":"https:\/\/www.guides-sports-loisirs.ca\/skateparcs\/wp-json\/wp\/v2\/media?parent=1929"}],"curies":[{"name":"wp","href":"https:\/\/api.w.org\/{rel}","templated":true}]}}