{"id":1828,"date":"2020-08-10T09:00:36","date_gmt":"2020-08-10T13:00:36","guid":{"rendered":"https:\/\/www.guides-sports-loisirs.ca\/skateparcs\/?page_id=1828"},"modified":"2022-07-07T10:20:47","modified_gmt":"2022-07-07T14:20:47","slug":"causes-blessures","status":"publish","type":"page","link":"https:\/\/www.guides-sports-loisirs.ca\/skateparcs\/securite-integrite\/causes-blessures\/","title":{"rendered":"Causes de blessures"},"content":{"rendered":"<div class=\"wpb-content-wrapper\"><p>[vc_row row_height_percent=\u00a0\u00bb0&Prime; override_padding=\u00a0\u00bbyes\u00a0\u00bb h_padding=\u00a0\u00bb2&Prime; top_padding=\u00a0\u00bb3&Prime; bottom_padding=\u00a0\u00bb2&Prime; overlay_alpha=\u00a0\u00bb50&Prime; gutter_size=\u00a0\u00bb3&Prime; column_width_percent=\u00a0\u00bb100&Prime; shift_y=\u00a0\u00bb0&Prime; z_index=\u00a0\u00bb0&Prime;][vc_column width=\u00a0\u00bb1\/1&Prime;][vc_column_text]<strong>Comme l\u2019indique l\u2019<em><a href=\"https:\/\/www.inspq.qc.ca\/sites\/default\/files\/publications\/2525_blessures_activites_recreatives_sportives.pdf\" target=\"_blank\" rel=\"noopener noreferrer\">\u00c9tude des blessures subies au cours de la pratique d\u2019activit\u00e9s r\u00e9cr\u00e9atives et sportives au Qu\u00e9bec en 2015-2016<\/a><\/em> de l\u2019Institut national de la sant\u00e9 publique<sup>7<\/sup>, \u00ab il importe de garder en t\u00eate que les bienfaits de l\u2019activit\u00e9 physique sont sup\u00e9rieurs au risque de blessure et que la promotion de la s\u00e9curit\u00e9 doit \u00eatre consid\u00e9r\u00e9e comme une alli\u00e9e incontournable et compl\u00e9mentaire de la promotion d\u2019un mode de vie physiquement actif \u00bb.<\/strong><\/p>\n<p>Certes, les sports d\u2019action repr\u00e9sentent un risque de blessures, mais ce risque est fr\u00e9quemment surestim\u00e9 par rapport aux risques de blessures encourus dans d\u2019autres sports populaires. Par exemple, le tableau suivant illustre 10 sports courants qui d\u00e9nombrent plus de bless\u00e9s par 1000 participants que pour le skateboard<sup>8\u00a0<\/sup> :[\/vc_column_text][vc_column_text css=\u00a0\u00bb.vc_custom_1656966975215{border-bottom-width: -20px !important;}\u00a0\u00bb]<strong>Extrait du tableau 12 de l&rsquo;\u00e9tude <em>Nombre et taux estim\u00e9s de bless\u00e9s pour chacune des activit\u00e9s r\u00e9cr\u00e9atives et sportives retenues dans l\u2019\u00e9tude, selon la fr\u00e9quence, Qu\u00e9bec, 2015-2016<\/em><\/strong>[\/vc_column_text][vc_single_image media=\u00a0\u00bb4180&Prime; media_lightbox=\u00a0\u00bbyes\u00a0\u00bb media_width_percent=\u00a0\u00bb65&Prime; lbox_skin=\u00a0\u00bbwhite\u00a0\u00bb][vc_column_text]<\/p>\n<h3><span class=\"font-966981\" style=\"color: #eb4a6c\"><strong>Les incidents dans un skateparc sont majoritairement caus\u00e9s par :<\/strong><\/span><\/h3>\n<ul>\n<li>Pertes de contr\u00f4le inattendues<\/li>\n<li>Mauvaise gestion du risque (l\u2019usager tente une man\u0153uvre trop difficile)<\/li>\n<li>Probl\u00e8me avec la surface (surface glissante, asp\u00e9rit\u00e9)<\/li>\n<li>Collisions (mauvais plan de circulation, mauvaise pr\u00e9vision des lignes des autres usagers)<\/li>\n<li>D\u00e9faut d\u2019\u00e9quipement (roue qui tombe\/bloque)<\/li>\n<\/ul>\n<p>[\/vc_column_text][vc_single_image media=\u00a0\u00bb4178&Prime; media_lightbox=\u00a0\u00bbyes\u00a0\u00bb media_width_percent=\u00a0\u00bb65&Prime; lbox_skin=\u00a0\u00bbwhite\u00a0\u00bb][vc_empty_space empty_h=\u00a0\u00bb2&Prime;][vc_single_image media=\u00a0\u00bb4179&Prime; media_lightbox=\u00a0\u00bbyes\u00a0\u00bb media_width_percent=\u00a0\u00bb65&Prime; lbox_skin=\u00a0\u00bbwhite\u00a0\u00bb][vc_column_text]<\/p>\n<hr \/>\n<p><strong>[7] <\/strong>INSPQ, Bureau d\u2019information et d\u2019\u00e9tudes en sant\u00e9 de la population, <a href=\"https:\/\/www.inspq.qc.ca\/sites\/default\/files\/publications\/2525_blessures_activites_recreatives_sportives.pdf\"><em><span class=\"s1\">\u00c9tude des blessures subies au cours de la<\/span>pratique d\u2019activit\u00e9s r\u00e9cr\u00e9atives et sportives au Qu\u00e9bec en 2015-2016<span class=\"s2\">, p. 1.<\/span><\/em><\/a><br \/>\n<strong>[8] <\/strong><a href=\"https:\/\/www.inspq.qc.ca\/sites\/default\/files\/publications\/2525_blessures_activites_recreatives_sportives.pdf\"><em>Idem<\/em><\/a>, tableau 12, p. 35.[\/vc_column_text][vc_accordion][vc_accordion_tab title=\u00a0\u00bb\u00c9QUIPEMENTS DE PROTECTION\u00a0\u00bb tab_id=\u00a0\u00bb1655500394-1-65&Prime;][vc_column_text]On note dans l\u2019\u00e9tude de l\u2019INSPQ que 32,1 % des utilisateurs sond\u00e9s ont affirm\u00e9 porter un casque protecteur \u00ab toujours \u00bb et \u00ab la plupart du temps \u00bb<sup>9<\/sup>.<\/p>\n<p>Par contre, il est \u00e0 noter que les utilisateurs portant un casque sont g\u00e9n\u00e9ralement moins \u00e2g\u00e9s, et que la population des 18 \u00e0 34 ans porte rarement l\u2019\u00e9quipement de protection. Il y a donc un effort de sensibilisation \u00e0 faire aupr\u00e8s de cette population.<\/p>\n<p>Bien que ces \u00e9quipements prot\u00e8gent plut\u00f4t de blessures \u00e0 faible gravit\u00e9, les prot\u00e8ge-coudes, les prot\u00e8ge-genoux, les prot\u00e8ge-poignets et les chevill\u00e8res sont recommand\u00e9s. Il est particuli\u00e8rement courant que les usagers plus port\u00e9s vers les modules de type bol et demi-lune de grandes dimensions portent des prot\u00e8ge-genoux sp\u00e9cialis\u00e9s qui sont plus larges que ceux que l\u2019on retrouve dans les magasins de sport \u00e0 grande surface. Ces prot\u00e8ge-genoux sont utilis\u00e9s de fa\u00e7on syst\u00e9matique lorsque les pratiquants doivent tomber : ils se laissent glisser sur cette pi\u00e8ce d\u2019\u00e9quipement \u00e0 l\u2019aide d\u2019une technique calcul\u00e9e.[\/vc_column_text][vc_column_text]<\/p>\n<hr \/>\n<p><strong>[9] <\/strong>INSPQ, Bureau d\u2019information et d\u2019\u00e9tudes en sant\u00e9 de la population, <a href=\"https:\/\/www.inspq.qc.ca\/sites\/default\/files\/publications\/2525_blessures_activites_recreatives_sportives.pdf\"><em>\u00c9tude des blessures subies au cours de la pratique d\u2019activit\u00e9s r\u00e9cr\u00e9atives et sportives au Qu\u00e9bec en 2015-2016<\/em><\/a>, Tableau 5.[\/vc_column_text][\/vc_accordion_tab][\/vc_accordion][\/vc_column][\/vc_row][vc_row][\/vc_row][vc_row row_height_percent=\u00a0\u00bb0&Prime; overlay_alpha=\u00a0\u00bb50&Prime; gutter_size=\u00a0\u00bb3&Prime; shift_y=\u00a0\u00bb0&Prime; css=\u00a0\u00bb.vc_custom_1569108843026{margin-bottom: 50px !important;}\u00a0\u00bb][vc_column width=\u00a0\u00bb1\/1&Prime;][vc_button button_color=\u00a0\u00bbaccent\u00a0\u00bb size=\u00a0\u00bbbtn-lg\u00a0\u00bb radius=\u00a0\u00bbbtn-circle\u00a0\u00bb border_width=\u00a0\u00bb0&Prime; link=\u00a0\u00bburl:https%3A%2F%2Fwww.guides-sports-loisirs.ca%2Fskateparcs%2Fwp-content%2Fuploads%2Fsites%2F20%2F2022%2F06%2F6.3_SecuriteIntegrite_CausesBlessures.pdf||target:%20_blank|\u00a0\u00bb icon=\u00a0\u00bbfa fa-file-o\u00a0\u00bb el_class=\u00a0\u00bbbtn-pdf\u00a0\u00bb]Version PDF[\/vc_button][\/vc_column][\/vc_row]<\/p>\n<\/div>","protected":false},"excerpt":{"rendered":"<p>[vc_row row_height_percent=\u00a0\u00bb0&Prime; override_padding=\u00a0\u00bbyes\u00a0\u00bb h_padding=\u00a0\u00bb2&Prime; top_padding=\u00a0\u00bb3&Prime; bottom_padding=\u00a0\u00bb2&Prime; overlay_alpha=\u00a0\u00bb50&Prime; gutter_size=\u00a0\u00bb3&Prime; column_width_percent=\u00a0\u00bb100&Prime; shift_y=\u00a0\u00bb0&Prime; z_index=\u00a0\u00bb0&Prime;][vc_column width=\u00a0\u00bb1\/1&Prime;][vc_column_text]Comme l\u2019indique l\u2019\u00c9tude des blessures subies au cours de [&hellip;]<\/p>\n","protected":false},"author":11,"featured_media":0,"parent":1803,"menu_order":7,"comment_status":"closed","ping_status":"closed","template":"","meta":{"_acf_changed":false,"footnotes":""},"class_list":["post-1828","page","type-page","status-publish","hentry"],"acf":[],"yoast_head":"<!-- This site is optimized with the Yoast SEO plugin v27.4 - https:\/\/yoast.com\/product\/yoast-seo-wordpress\/ -->\n<title>Causes de blessures - Skateparcs<\/title>\n<meta name=\"robots\" content=\"index, follow, max-snippet:-1, max-image-preview:large, max-video-preview:-1\" \/>\n<link rel=\"canonical\" href=\"https:\/\/www.guides-sports-loisirs.ca\/skateparcs\/securite-integrite\/causes-blessures\/\" \/>\n<meta property=\"og:locale\" content=\"fr_FR\" \/>\n<meta property=\"og:type\" content=\"article\" \/>\n<meta property=\"og:title\" content=\"Causes de blessures - Skateparcs\" \/>\n<meta property=\"og:description\" content=\"[vc_row row_height_percent=\u00a0\u00bb0&Prime; override_padding=\u00a0\u00bbyes\u00a0\u00bb h_padding=\u00a0\u00bb2&Prime; top_padding=\u00a0\u00bb3&Prime; bottom_padding=\u00a0\u00bb2&Prime; overlay_alpha=\u00a0\u00bb50&Prime; gutter_size=\u00a0\u00bb3&Prime; column_width_percent=\u00a0\u00bb100&Prime; shift_y=\u00a0\u00bb0&Prime; z_index=\u00a0\u00bb0&Prime;][vc_column width=\u00a0\u00bb1\/1&Prime;][vc_column_text]Comme l\u2019indique l\u2019\u00c9tude des blessures subies au cours de [&hellip;]\" \/>\n<meta property=\"og:url\" content=\"https:\/\/www.guides-sports-loisirs.ca\/skateparcs\/securite-integrite\/causes-blessures\/\" \/>\n<meta property=\"og:site_name\" content=\"Skateparcs\" \/>\n<meta property=\"article:modified_time\" content=\"2022-07-07T14:20:47+00:00\" \/>\n<meta name=\"twitter:card\" content=\"summary_large_image\" \/>\n<meta name=\"twitter:label1\" content=\"Dur\u00e9e de lecture estim\u00e9e\" \/>\n\t<meta name=\"twitter:data1\" content=\"3 minutes\" \/>\n<script type=\"application\/ld+json\" class=\"yoast-schema-graph\">{\"@context\":\"https:\\\/\\\/schema.org\",\"@graph\":[{\"@type\":\"WebPage\",\"@id\":\"https:\\\/\\\/www.guides-sports-loisirs.ca\\\/skateparcs\\\/securite-integrite\\\/causes-blessures\\\/\",\"url\":\"https:\\\/\\\/www.guides-sports-loisirs.ca\\\/skateparcs\\\/securite-integrite\\\/causes-blessures\\\/\",\"name\":\"Causes de blessures - Skateparcs\",\"isPartOf\":{\"@id\":\"https:\\\/\\\/www.guides-sports-loisirs.ca\\\/skateparcs\\\/#website\"},\"datePublished\":\"2020-08-10T13:00:36+00:00\",\"dateModified\":\"2022-07-07T14:20:47+00:00\",\"breadcrumb\":{\"@id\":\"https:\\\/\\\/www.guides-sports-loisirs.ca\\\/skateparcs\\\/securite-integrite\\\/causes-blessures\\\/#breadcrumb\"},\"inLanguage\":\"fr-FR\",\"potentialAction\":[{\"@type\":\"ReadAction\",\"target\":[\"https:\\\/\\\/www.guides-sports-loisirs.ca\\\/skateparcs\\\/securite-integrite\\\/causes-blessures\\\/\"]}]},{\"@type\":\"BreadcrumbList\",\"@id\":\"https:\\\/\\\/www.guides-sports-loisirs.ca\\\/skateparcs\\\/securite-integrite\\\/causes-blessures\\\/#breadcrumb\",\"itemListElement\":[{\"@type\":\"ListItem\",\"position\":1,\"name\":\"Accueil\",\"item\":\"https:\\\/\\\/www.guides-sports-loisirs.ca\\\/skateparcs\\\/\"},{\"@type\":\"ListItem\",\"position\":2,\"name\":\"S\u00e9curit\u00e9 et int\u00e9grit\u00e9\",\"item\":\"https:\\\/\\\/www.guides-sports-loisirs.ca\\\/skateparcs\\\/securite-integrite\\\/\"},{\"@type\":\"ListItem\",\"position\":3,\"name\":\"Causes de blessures\"}]},{\"@type\":\"WebSite\",\"@id\":\"https:\\\/\\\/www.guides-sports-loisirs.ca\\\/skateparcs\\\/#website\",\"url\":\"https:\\\/\\\/www.guides-sports-loisirs.ca\\\/skateparcs\\\/\",\"name\":\"Skateparcs\",\"description\":\"Skateparcs\",\"potentialAction\":[{\"@type\":\"SearchAction\",\"target\":{\"@type\":\"EntryPoint\",\"urlTemplate\":\"https:\\\/\\\/www.guides-sports-loisirs.ca\\\/skateparcs\\\/?s={search_term_string}\"},\"query-input\":{\"@type\":\"PropertyValueSpecification\",\"valueRequired\":true,\"valueName\":\"search_term_string\"}}],\"inLanguage\":\"fr-FR\"}]}<\/script>\n<!-- \/ Yoast SEO plugin. -->","yoast_head_json":{"title":"Causes de blessures - Skateparcs","robots":{"index":"index","follow":"follow","max-snippet":"max-snippet:-1","max-image-preview":"max-image-preview:large","max-video-preview":"max-video-preview:-1"},"canonical":"https:\/\/www.guides-sports-loisirs.ca\/skateparcs\/securite-integrite\/causes-blessures\/","og_locale":"fr_FR","og_type":"article","og_title":"Causes de blessures - Skateparcs","og_description":"[vc_row row_height_percent=\u00a0\u00bb0&Prime; override_padding=\u00a0\u00bbyes\u00a0\u00bb h_padding=\u00a0\u00bb2&Prime; top_padding=\u00a0\u00bb3&Prime; bottom_padding=\u00a0\u00bb2&Prime; overlay_alpha=\u00a0\u00bb50&Prime; gutter_size=\u00a0\u00bb3&Prime; column_width_percent=\u00a0\u00bb100&Prime; shift_y=\u00a0\u00bb0&Prime; z_index=\u00a0\u00bb0&Prime;][vc_column width=\u00a0\u00bb1\/1&Prime;][vc_column_text]Comme l\u2019indique l\u2019\u00c9tude des blessures subies au cours de [&hellip;]","og_url":"https:\/\/www.guides-sports-loisirs.ca\/skateparcs\/securite-integrite\/causes-blessures\/","og_site_name":"Skateparcs","article_modified_time":"2022-07-07T14:20:47+00:00","twitter_card":"summary_large_image","twitter_misc":{"Dur\u00e9e de lecture estim\u00e9e":"3 minutes"},"schema":{"@context":"https:\/\/schema.org","@graph":[{"@type":"WebPage","@id":"https:\/\/www.guides-sports-loisirs.ca\/skateparcs\/securite-integrite\/causes-blessures\/","url":"https:\/\/www.guides-sports-loisirs.ca\/skateparcs\/securite-integrite\/causes-blessures\/","name":"Causes de blessures - Skateparcs","isPartOf":{"@id":"https:\/\/www.guides-sports-loisirs.ca\/skateparcs\/#website"},"datePublished":"2020-08-10T13:00:36+00:00","dateModified":"2022-07-07T14:20:47+00:00","breadcrumb":{"@id":"https:\/\/www.guides-sports-loisirs.ca\/skateparcs\/securite-integrite\/causes-blessures\/#breadcrumb"},"inLanguage":"fr-FR","potentialAction":[{"@type":"ReadAction","target":["https:\/\/www.guides-sports-loisirs.ca\/skateparcs\/securite-integrite\/causes-blessures\/"]}]},{"@type":"BreadcrumbList","@id":"https:\/\/www.guides-sports-loisirs.ca\/skateparcs\/securite-integrite\/causes-blessures\/#breadcrumb","itemListElement":[{"@type":"ListItem","position":1,"name":"Accueil","item":"https:\/\/www.guides-sports-loisirs.ca\/skateparcs\/"},{"@type":"ListItem","position":2,"name":"S\u00e9curit\u00e9 et int\u00e9grit\u00e9","item":"https:\/\/www.guides-sports-loisirs.ca\/skateparcs\/securite-integrite\/"},{"@type":"ListItem","position":3,"name":"Causes de blessures"}]},{"@type":"WebSite","@id":"https:\/\/www.guides-sports-loisirs.ca\/skateparcs\/#website","url":"https:\/\/www.guides-sports-loisirs.ca\/skateparcs\/","name":"Skateparcs","description":"Skateparcs","potentialAction":[{"@type":"SearchAction","target":{"@type":"EntryPoint","urlTemplate":"https:\/\/www.guides-sports-loisirs.ca\/skateparcs\/?s={search_term_string}"},"query-input":{"@type":"PropertyValueSpecification","valueRequired":true,"valueName":"search_term_string"}}],"inLanguage":"fr-FR"}]}},"_links":{"self":[{"href":"https:\/\/www.guides-sports-loisirs.ca\/skateparcs\/wp-json\/wp\/v2\/pages\/1828","targetHints":{"allow":["GET"]}}],"collection":[{"href":"https:\/\/www.guides-sports-loisirs.ca\/skateparcs\/wp-json\/wp\/v2\/pages"}],"about":[{"href":"https:\/\/www.guides-sports-loisirs.ca\/skateparcs\/wp-json\/wp\/v2\/types\/page"}],"author":[{"embeddable":true,"href":"https:\/\/www.guides-sports-loisirs.ca\/skateparcs\/wp-json\/wp\/v2\/users\/11"}],"replies":[{"embeddable":true,"href":"https:\/\/www.guides-sports-loisirs.ca\/skateparcs\/wp-json\/wp\/v2\/comments?post=1828"}],"version-history":[{"count":55,"href":"https:\/\/www.guides-sports-loisirs.ca\/skateparcs\/wp-json\/wp\/v2\/pages\/1828\/revisions"}],"predecessor-version":[{"id":4310,"href":"https:\/\/www.guides-sports-loisirs.ca\/skateparcs\/wp-json\/wp\/v2\/pages\/1828\/revisions\/4310"}],"up":[{"embeddable":true,"href":"https:\/\/www.guides-sports-loisirs.ca\/skateparcs\/wp-json\/wp\/v2\/pages\/1803"}],"wp:attachment":[{"href":"https:\/\/www.guides-sports-loisirs.ca\/skateparcs\/wp-json\/wp\/v2\/media?parent=1828"}],"curies":[{"name":"wp","href":"https:\/\/api.w.org\/{rel}","templated":true}]}}