{"id":3910,"date":"2021-04-05T09:54:11","date_gmt":"2021-04-05T13:54:11","guid":{"rendered":"https:\/\/www.guides-sports-loisirs.ca\/repertoire-sport-loisir-plein-air\/?page_id=3910"},"modified":"2025-01-22T15:02:18","modified_gmt":"2025-01-22T20:02:18","slug":"ressources","status":"publish","type":"page","link":"https:\/\/www.guides-sports-loisirs.ca\/repertoire-sport-loisir-plein-air\/ressources\/","title":{"rendered":"Ressources"},"content":{"rendered":"<div class=\"wpb-content-wrapper\"><p>[vc_row row_height_percent=\u00a0\u00bb0&Prime; override_padding=\u00a0\u00bbyes\u00a0\u00bb h_padding=\u00a0\u00bb2&Prime; top_padding=\u00a0\u00bb4&Prime; bottom_padding=\u00a0\u00bb4&Prime; overlay_alpha=\u00a0\u00bb50&Prime; gutter_size=\u00a0\u00bb3&Prime; column_width_percent=\u00a0\u00bb100&Prime; border_color=\u00a0\u00bbcolor-rgdb\u00a0\u00bb border_style=\u00a0\u00bbsolid\u00a0\u00bb shift_y=\u00a0\u00bb0&Prime; z_index=\u00a0\u00bb0&Prime; css=\u00a0\u00bb.vc_custom_1617123410245{border-bottom-width: 1px !important;}\u00a0\u00bb][vc_column column_width_percent=\u00a0\u00bb100&Prime; position_horizontal=\u00a0\u00bbleft\u00a0\u00bb gutter_size=\u00a0\u00bb3&Prime; overlay_alpha=\u00a0\u00bb50&Prime; shift_x=\u00a0\u00bb0&Prime; shift_y=\u00a0\u00bb0&Prime; shift_y_down=\u00a0\u00bb0&Prime; z_index=\u00a0\u00bb0&Prime; medium_visibility=\u00a0\u00bbyes\u00a0\u00bb medium_width=\u00a0\u00bb0&Prime; mobile_visibility=\u00a0\u00bbyes\u00a0\u00bb mobile_width=\u00a0\u00bb0&Prime; width=\u00a0\u00bb1\/4&Prime;][vc_column_text]<\/p>\n<h2>FORMATIONS<\/h2>\n<p>[\/vc_column_text][\/vc_column][vc_column width=\u00a0\u00bb1\/3&Prime;][vc_column_text]Les guides et les manuels sont certes des r\u00e9f\u00e9rences pr\u00e9cieuses, mais diverses m\u00e9thodes permettent de faciliter ou de compl\u00e9ter les apprentissages. La formation permet d\u2019approfondir et de mettre \u00e0 jour les connaissances, et de partager les savoirs et les savoir-faire. En mati\u00e8re d\u2019am\u00e9nagement et d\u2019entretien d\u2019installations de loisir, de sport ou de plein air, la participation \u00e0 des formations cibl\u00e9es s\u2019av\u00e8re une bonne pratique \u00e0 adopter.[\/vc_column_text][\/vc_column][vc_column width=\u00a0\u00bb1\/3&Prime;][vc_column_text]Notamment par l\u2019entremise de l\u2019Association qu\u00e9b\u00e9coise du loisir public plusieurs formations sont offertes en mati\u00e8re d\u2019am\u00e9nagement et d\u2019entretien d\u2019installations de loisir, de sport ou de plein air en lien avec les <strong><a href=\"https:\/\/www.guides-sports-loisirs.ca\/\" target=\"_blank\" rel=\"noopener noreferrer\">Guides Sports Loisirs.<\/a><\/strong><\/p>\n<p>Les URLS du Qu\u00e9bec se font le devoir de promouvoir aupr\u00e8s des organisations de leur r\u00e9gion des formations pertinentes pour les gestionnaires d\u2019\u00e9quipements.[\/vc_column_text][\/vc_column][vc_column column_width_percent=\u00a0\u00bb100&Prime; gutter_size=\u00a0\u00bb3&Prime; overlay_alpha=\u00a0\u00bb50&Prime; shift_x=\u00a0\u00bb0&Prime; shift_y=\u00a0\u00bb0&Prime; shift_y_down=\u00a0\u00bb0&Prime; z_index=\u00a0\u00bb0&Prime; desktop_visibility=\u00a0\u00bbyes\u00a0\u00bb medium_visibility=\u00a0\u00bbyes\u00a0\u00bb medium_width=\u00a0\u00bb0&Prime; mobile_visibility=\u00a0\u00bbyes\u00a0\u00bb mobile_width=\u00a0\u00bb0&Prime; width=\u00a0\u00bb1\/12&Prime;][\/vc_column][\/vc_row][vc_section back_image=\u00a0\u00bb3918&Prime; back_repeat=\u00a0\u00bbno-repeat\u00a0\u00bb overlay_alpha=\u00a0\u00bb50&Prime; el_id=\u00a0\u00bbs-icons\u00a0\u00bb back_size=\u00a0\u00bbcover\u00a0\u00bb][vc_row row_height_percent=\u00a0\u00bb0&Prime; overlay_alpha=\u00a0\u00bb50&Prime; gutter_size=\u00a0\u00bb3&Prime; column_width_percent=\u00a0\u00bb100&Prime; shift_y=\u00a0\u00bb0&Prime; z_index=\u00a0\u00bb0&Prime; css=\u00a0\u00bb.vc_custom_1617631994394{margin-top: 235px !important;margin-bottom: 230px !important;}\u00a0\u00bb][vc_column width=\u00a0\u00bb1\/4&Prime;][vc_single_image media=\u00a0\u00bb3921&Prime; caption=\u00a0\u00bbyes\u00a0\u00bb media_width_percent=\u00a0\u00bb100&Prime; alignment=\u00a0\u00bbcenter\u00a0\u00bb css_animation=\u00a0\u00bbzoom-in\u00a0\u00bb title=\u00a0\u00bbINSCRIPTIONS AUX FORMATIONS\u00a0\u00bb media_link=\u00a0\u00bburl:https%3A%2F%2Faqlp.ca%2Fformations%2F||target:%20_blank|\u00a0\u00bb][\/vc_column][vc_column width=\u00a0\u00bb1\/4&Prime;][vc_single_image media=\u00a0\u00bb3920&Prime; caption=\u00a0\u00bbyes\u00a0\u00bb media_width_percent=\u00a0\u00bb100&Prime; alignment=\u00a0\u00bbcenter\u00a0\u00bb css_animation=\u00a0\u00bbzoom-in\u00a0\u00bb title=\u00a0\u00bbCALENDRIER DES FORMATIONS\u00a0\u00bb media_link=\u00a0\u00bburl:https%3A%2F%2Faqlp.ca%2Fformations%2F||target:%20_blank|\u00a0\u00bb][\/vc_column][vc_column width=\u00a0\u00bb1\/4&Prime;][vc_single_image media=\u00a0\u00bb3922&Prime; caption=\u00a0\u00bbyes\u00a0\u00bb media_width_percent=\u00a0\u00bb100&Prime; alignment=\u00a0\u00bbcenter\u00a0\u00bb css_animation=\u00a0\u00bbzoom-in\u00a0\u00bb title=\u00a0\u00bbFORMATIONS \u00c0 LA CARTE\u00a0\u00bb media_link=\u00a0\u00bburl:https%3A%2F%2Faqlp.ca%2Fformations%2Fsur-mesure%2F||target:%20_blank|\u00a0\u00bb][\/vc_column][vc_column width=\u00a0\u00bb1\/4&Prime;][vc_single_image media=\u00a0\u00bb3919&Prime; caption=\u00a0\u00bbyes\u00a0\u00bb media_width_percent=\u00a0\u00bb100&Prime; alignment=\u00a0\u00bbcenter\u00a0\u00bb css_animation=\u00a0\u00bbzoom-in\u00a0\u00bb title=\u00a0\u00bbFORMATIONS EN LIGNE\u00a0\u00bb media_link=\u00a0\u00bburl:https%3A%2F%2Faqlp.ca%2Fformations%2F||target:%20_blank|\u00a0\u00bb][\/vc_column][\/vc_row][\/vc_section][vc_section back_color=\u00a0\u00bbcolor-lxmt\u00a0\u00bb overlay_alpha=\u00a0\u00bb50&Prime; el_class=\u00a0\u00bbs-list-link\u00a0\u00bb][vc_row row_height_percent=\u00a0\u00bb0&Prime; override_padding=\u00a0\u00bbyes\u00a0\u00bb h_padding=\u00a0\u00bb2&Prime; top_padding=\u00a0\u00bb4&Prime; bottom_padding=\u00a0\u00bb4&Prime; overlay_alpha=\u00a0\u00bb50&Prime; gutter_size=\u00a0\u00bb3&Prime; column_width_percent=\u00a0\u00bb100&Prime; border_color=\u00a0\u00bbcolor-rgdb\u00a0\u00bb border_style=\u00a0\u00bbsolid\u00a0\u00bb shift_y=\u00a0\u00bb0&Prime; z_index=\u00a0\u00bb0&Prime; css=\u00a0\u00bb.vc_custom_1617123410245{border-bottom-width: 1px !important;}\u00a0\u00bb][vc_column column_width_percent=\u00a0\u00bb100&Prime; position_horizontal=\u00a0\u00bbleft\u00a0\u00bb gutter_size=\u00a0\u00bb3&Prime; overlay_alpha=\u00a0\u00bb50&Prime; shift_x=\u00a0\u00bb0&Prime; shift_y=\u00a0\u00bb0&Prime; shift_y_down=\u00a0\u00bb0&Prime; z_index=\u00a0\u00bb0&Prime; medium_visibility=\u00a0\u00bbyes\u00a0\u00bb medium_width=\u00a0\u00bb0&Prime; mobile_visibility=\u00a0\u00bbyes\u00a0\u00bb mobile_width=\u00a0\u00bb0&Prime; width=\u00a0\u00bb1\/4&Prime;][vc_column_text]<\/p>\n<h2>AUTRES<br \/>\nRESSOURCES<\/h2>\n<p>[\/vc_column_text][\/vc_column][vc_column width=\u00a0\u00bb1\/3&Prime;][vc_column_text]Les comp\u00e9tences en mati\u00e8re d\u2019am\u00e9nagement d\u2019\u00e9quipements r\u00e9cr\u00e9atifs, sportifs ou de plein air sont tr\u00e8s diversifi\u00e9es et compl\u00e9mentaires.<\/p>\n<p>Le travail interservices est fortement encourag\u00e9 dans toutes les organisations afin de b\u00e9n\u00e9ficier des expertises et de l\u2019exp\u00e9rience de chacun (voir \u00ab La coordination interservices \u00bb, Guide des parcs et autres espaces publics de loisir).<\/p>\n<p>Cependant, l\u2019apport de ressources externes \u00e0 chaque \u00e9tape de r\u00e9alisation d\u2019un projet peut s\u2019av\u00e9rer une plus-value notable pour votre organisation.[\/vc_column_text][\/vc_column][vc_column column_width_percent=\u00a0\u00bb100&Prime; gutter_size=\u00a0\u00bb3&Prime; overlay_alpha=\u00a0\u00bb50&Prime; shift_x=\u00a0\u00bb0&Prime; shift_y=\u00a0\u00bb0&Prime; shift_y_down=\u00a0\u00bb0&Prime; z_index=\u00a0\u00bb0&Prime; medium_width=\u00a0\u00bb0&Prime; mobile_width=\u00a0\u00bb0&Prime; width=\u00a0\u00bb1\/3&Prime;][vc_column_text]Voici quelques ressources sp\u00e9cialis\u00e9es dans diff\u00e9rents champs de comp\u00e9tences en mati\u00e8re d\u2019am\u00e9nagement des espaces : \u00e9valuation des installations, accompagnement dans la d\u00e9finition des besoins, conception, plans et devis, etc. N\u2019h\u00e9sitez pas \u00e0 les contacter pour conna\u00eetre leurs services.<\/p>\n<p>\u2022 <strong><a href=\"https:\/\/aapq.org\/\" target=\"_blank\" rel=\"noopener noreferrer\">Association des architectes paysagistes du Qu\u00e9bec<\/a><\/strong><br \/>\n\u2022 <strong><a href=\"https:\/\/www.arevq.ca\/\" target=\"_blank\" rel=\"noopener noreferrer\">Association des responsables d\u2019espaces verts du Qu\u00e9bec<\/a><\/strong><br \/>\n\u2022 <strong><a href=\"https:\/\/aqlp.ca\/\" target=\"_blank\" rel=\"noopener noreferrer\">Association qu\u00e9b\u00e9coise du loisir public<\/a><\/strong><br \/>\n\u2022 <strong><a href=\"https:\/\/www2.oiq.qc.ca\/\" target=\"_blank\" rel=\"noopener noreferrer\">Ordre des ing\u00e9nieurs du Qu\u00e9bec<\/a><\/strong><br \/>\n\u2022 <strong><a href=\"https:\/\/reseau-urls.quebec\/\" target=\"_blank\" rel=\"noopener noreferrer\">Unit\u00e9s r\u00e9gionales de loisir et de sport du Qu\u00e9bec<\/a><\/strong>[\/vc_column_text][vc_button button_color=\u00a0\u00bbcolor-wvjs\u00a0\u00bb radius=\u00a0\u00bbbtn-round\u00a0\u00bb text_skin=\u00a0\u00bbyes\u00a0\u00bb custom_typo=\u00a0\u00bbyes\u00a0\u00bb font_family=\u00a0\u00bbfont-555555&Prime; font_weight=\u00a0\u00bb500&Prime; text_transform=\u00a0\u00bbuppercase\u00a0\u00bb border_width=\u00a0\u00bb0&Prime; link=\u00a0\u00bburl:%20https%3A%2F%2Fwww.guides-sports-loisirs.ca%2Fprojetespaces%2Fconditions-succes%2Fcoordination-interservices%2F||target:%20_blank|\u00a0\u00bb el_class=\u00a0\u00bbmma-button\u00a0\u00bb]LA COORDINATION INTERSERVICES[\/vc_button][\/vc_column][vc_column column_width_percent=\u00a0\u00bb100&Prime; gutter_size=\u00a0\u00bb3&Prime; overlay_alpha=\u00a0\u00bb50&Prime; shift_x=\u00a0\u00bb0&Prime; shift_y=\u00a0\u00bb0&Prime; shift_y_down=\u00a0\u00bb0&Prime; z_index=\u00a0\u00bb0&Prime; desktop_visibility=\u00a0\u00bbyes\u00a0\u00bb medium_visibility=\u00a0\u00bbyes\u00a0\u00bb medium_width=\u00a0\u00bb0&Prime; mobile_visibility=\u00a0\u00bbyes\u00a0\u00bb mobile_width=\u00a0\u00bb0&Prime; width=\u00a0\u00bb1\/12&Prime;][\/vc_column][\/vc_row][\/vc_section]<\/p>\n<\/div>","protected":false},"excerpt":{"rendered":"<p>[vc_row row_height_percent=\u00a0\u00bb0&Prime; override_padding=\u00a0\u00bbyes\u00a0\u00bb h_padding=\u00a0\u00bb2&Prime; top_padding=\u00a0\u00bb4&Prime; bottom_padding=\u00a0\u00bb4&Prime; overlay_alpha=\u00a0\u00bb50&Prime; gutter_size=\u00a0\u00bb3&Prime; column_width_percent=\u00a0\u00bb100&Prime; border_color=\u00a0\u00bbcolor-rgdb\u00a0\u00bb border_style=\u00a0\u00bbsolid\u00a0\u00bb shift_y=\u00a0\u00bb0&Prime; z_index=\u00a0\u00bb0&Prime; css=\u00a0\u00bb.vc_custom_1617123410245{border-bottom-width: 1px !important;}\u00a0\u00bb][vc_column column_width_percent=\u00a0\u00bb100&Prime; position_horizontal=\u00a0\u00bbleft\u00a0\u00bb gutter_size=\u00a0\u00bb3&Prime; overlay_alpha=\u00a0\u00bb50&Prime; [&hellip;]<\/p>\n","protected":false},"author":11,"featured_media":3806,"parent":0,"menu_order":0,"comment_status":"closed","ping_status":"closed","template":"","meta":{"_acf_changed":false,"footnotes":""},"class_list":["post-3910","page","type-page","status-publish","has-post-thumbnail","hentry"],"acf":[],"yoast_head":"<!-- This site is optimized with the Yoast SEO plugin v27.4 - https:\/\/yoast.com\/product\/yoast-seo-wordpress\/ -->\n<title>Ressources - Autres guides d&#039;am\u00e9nagement et ouvrages de r\u00e9f\u00e9rence<\/title>\n<meta name=\"robots\" content=\"index, follow, max-snippet:-1, max-image-preview:large, max-video-preview:-1\" \/>\n<link rel=\"canonical\" href=\"https:\/\/www.guides-sports-loisirs.ca\/repertoire-sport-loisir-plein-air\/ressources\/\" \/>\n<meta property=\"og:locale\" content=\"fr_FR\" \/>\n<meta property=\"og:type\" content=\"article\" \/>\n<meta property=\"og:title\" content=\"Ressources - Autres guides d&#039;am\u00e9nagement et ouvrages de r\u00e9f\u00e9rence\" \/>\n<meta property=\"og:description\" content=\"[vc_row row_height_percent=\u00a0\u00bb0&Prime; override_padding=\u00a0\u00bbyes\u00a0\u00bb h_padding=\u00a0\u00bb2&Prime; top_padding=\u00a0\u00bb4&Prime; bottom_padding=\u00a0\u00bb4&Prime; overlay_alpha=\u00a0\u00bb50&Prime; gutter_size=\u00a0\u00bb3&Prime; column_width_percent=\u00a0\u00bb100&Prime; border_color=\u00a0\u00bbcolor-rgdb\u00a0\u00bb border_style=\u00a0\u00bbsolid\u00a0\u00bb shift_y=\u00a0\u00bb0&Prime; z_index=\u00a0\u00bb0&Prime; css=\u00a0\u00bb.vc_custom_1617123410245{border-bottom-width: 1px !important;}\u00a0\u00bb][vc_column column_width_percent=\u00a0\u00bb100&Prime; position_horizontal=\u00a0\u00bbleft\u00a0\u00bb gutter_size=\u00a0\u00bb3&Prime; overlay_alpha=\u00a0\u00bb50&Prime; [&hellip;]\" \/>\n<meta property=\"og:url\" content=\"https:\/\/www.guides-sports-loisirs.ca\/repertoire-sport-loisir-plein-air\/ressources\/\" \/>\n<meta property=\"og:site_name\" content=\"Autres guides d&#039;am\u00e9nagement et ouvrages de r\u00e9f\u00e9rence\" \/>\n<meta property=\"article:modified_time\" content=\"2025-01-22T20:02:18+00:00\" \/>\n<meta property=\"og:image\" content=\"https:\/\/www.guides-sports-loisirs.ca\/repertoire-sport-loisir-plein-air\/wp-content\/uploads\/sites\/17\/2021\/04\/header-accueil.jpg\" \/>\n\t<meta property=\"og:image:width\" content=\"1920\" \/>\n\t<meta property=\"og:image:height\" content=\"655\" \/>\n\t<meta property=\"og:image:type\" content=\"image\/jpeg\" \/>\n<meta name=\"twitter:card\" content=\"summary_large_image\" \/>\n<meta name=\"twitter:label1\" content=\"Dur\u00e9e de lecture estim\u00e9e\" \/>\n\t<meta name=\"twitter:data1\" content=\"3 minutes\" \/>\n<script type=\"application\/ld+json\" class=\"yoast-schema-graph\">{\"@context\":\"https:\\\/\\\/schema.org\",\"@graph\":[{\"@type\":\"WebPage\",\"@id\":\"https:\\\/\\\/www.guides-sports-loisirs.ca\\\/repertoire-sport-loisir-plein-air\\\/ressources\\\/\",\"url\":\"https:\\\/\\\/www.guides-sports-loisirs.ca\\\/repertoire-sport-loisir-plein-air\\\/ressources\\\/\",\"name\":\"Ressources - Autres guides d&#039;am\u00e9nagement et ouvrages de r\u00e9f\u00e9rence\",\"isPartOf\":{\"@id\":\"https:\\\/\\\/www.guides-sports-loisirs.ca\\\/repertoire-sport-loisir-plein-air\\\/#website\"},\"primaryImageOfPage\":{\"@id\":\"https:\\\/\\\/www.guides-sports-loisirs.ca\\\/repertoire-sport-loisir-plein-air\\\/ressources\\\/#primaryimage\"},\"image\":{\"@id\":\"https:\\\/\\\/www.guides-sports-loisirs.ca\\\/repertoire-sport-loisir-plein-air\\\/ressources\\\/#primaryimage\"},\"thumbnailUrl\":\"https:\\\/\\\/www.guides-sports-loisirs.ca\\\/repertoire-sport-loisir-plein-air\\\/wp-content\\\/uploads\\\/sites\\\/17\\\/2021\\\/04\\\/header-accueil.jpg\",\"datePublished\":\"2021-04-05T13:54:11+00:00\",\"dateModified\":\"2025-01-22T20:02:18+00:00\",\"breadcrumb\":{\"@id\":\"https:\\\/\\\/www.guides-sports-loisirs.ca\\\/repertoire-sport-loisir-plein-air\\\/ressources\\\/#breadcrumb\"},\"inLanguage\":\"fr-FR\",\"potentialAction\":[{\"@type\":\"ReadAction\",\"target\":[\"https:\\\/\\\/www.guides-sports-loisirs.ca\\\/repertoire-sport-loisir-plein-air\\\/ressources\\\/\"]}]},{\"@type\":\"ImageObject\",\"inLanguage\":\"fr-FR\",\"@id\":\"https:\\\/\\\/www.guides-sports-loisirs.ca\\\/repertoire-sport-loisir-plein-air\\\/ressources\\\/#primaryimage\",\"url\":\"https:\\\/\\\/www.guides-sports-loisirs.ca\\\/repertoire-sport-loisir-plein-air\\\/wp-content\\\/uploads\\\/sites\\\/17\\\/2021\\\/04\\\/header-accueil.jpg\",\"contentUrl\":\"https:\\\/\\\/www.guides-sports-loisirs.ca\\\/repertoire-sport-loisir-plein-air\\\/wp-content\\\/uploads\\\/sites\\\/17\\\/2021\\\/04\\\/header-accueil.jpg\",\"width\":1920,\"height\":655},{\"@type\":\"BreadcrumbList\",\"@id\":\"https:\\\/\\\/www.guides-sports-loisirs.ca\\\/repertoire-sport-loisir-plein-air\\\/ressources\\\/#breadcrumb\",\"itemListElement\":[{\"@type\":\"ListItem\",\"position\":1,\"name\":\"Accueil\",\"item\":\"https:\\\/\\\/www.guides-sports-loisirs.ca\\\/repertoire-sport-loisir-plein-air\\\/\"},{\"@type\":\"ListItem\",\"position\":2,\"name\":\"Ressources\"}]},{\"@type\":\"WebSite\",\"@id\":\"https:\\\/\\\/www.guides-sports-loisirs.ca\\\/repertoire-sport-loisir-plein-air\\\/#website\",\"url\":\"https:\\\/\\\/www.guides-sports-loisirs.ca\\\/repertoire-sport-loisir-plein-air\\\/\",\"name\":\"Autres guides d&#039;am\u00e9nagement et ouvrages de r\u00e9f\u00e9rence\",\"description\":\" R\u00e9pertoire Sport Loisir Plein Air\",\"potentialAction\":[{\"@type\":\"SearchAction\",\"target\":{\"@type\":\"EntryPoint\",\"urlTemplate\":\"https:\\\/\\\/www.guides-sports-loisirs.ca\\\/repertoire-sport-loisir-plein-air\\\/?s={search_term_string}\"},\"query-input\":{\"@type\":\"PropertyValueSpecification\",\"valueRequired\":true,\"valueName\":\"search_term_string\"}}],\"inLanguage\":\"fr-FR\"}]}<\/script>\n<!-- \/ Yoast SEO plugin. -->","yoast_head_json":{"title":"Ressources - Autres guides d&#039;am\u00e9nagement et ouvrages de r\u00e9f\u00e9rence","robots":{"index":"index","follow":"follow","max-snippet":"max-snippet:-1","max-image-preview":"max-image-preview:large","max-video-preview":"max-video-preview:-1"},"canonical":"https:\/\/www.guides-sports-loisirs.ca\/repertoire-sport-loisir-plein-air\/ressources\/","og_locale":"fr_FR","og_type":"article","og_title":"Ressources - Autres guides d&#039;am\u00e9nagement et ouvrages de r\u00e9f\u00e9rence","og_description":"[vc_row row_height_percent=\u00a0\u00bb0&Prime; override_padding=\u00a0\u00bbyes\u00a0\u00bb h_padding=\u00a0\u00bb2&Prime; top_padding=\u00a0\u00bb4&Prime; bottom_padding=\u00a0\u00bb4&Prime; overlay_alpha=\u00a0\u00bb50&Prime; gutter_size=\u00a0\u00bb3&Prime; column_width_percent=\u00a0\u00bb100&Prime; border_color=\u00a0\u00bbcolor-rgdb\u00a0\u00bb border_style=\u00a0\u00bbsolid\u00a0\u00bb shift_y=\u00a0\u00bb0&Prime; z_index=\u00a0\u00bb0&Prime; css=\u00a0\u00bb.vc_custom_1617123410245{border-bottom-width: 1px !important;}\u00a0\u00bb][vc_column column_width_percent=\u00a0\u00bb100&Prime; position_horizontal=\u00a0\u00bbleft\u00a0\u00bb gutter_size=\u00a0\u00bb3&Prime; overlay_alpha=\u00a0\u00bb50&Prime; [&hellip;]","og_url":"https:\/\/www.guides-sports-loisirs.ca\/repertoire-sport-loisir-plein-air\/ressources\/","og_site_name":"Autres guides d&#039;am\u00e9nagement et ouvrages de r\u00e9f\u00e9rence","article_modified_time":"2025-01-22T20:02:18+00:00","og_image":[{"width":1920,"height":655,"url":"https:\/\/www.guides-sports-loisirs.ca\/repertoire-sport-loisir-plein-air\/wp-content\/uploads\/sites\/17\/2021\/04\/header-accueil.jpg","type":"image\/jpeg"}],"twitter_card":"summary_large_image","twitter_misc":{"Dur\u00e9e de lecture estim\u00e9e":"3 minutes"},"schema":{"@context":"https:\/\/schema.org","@graph":[{"@type":"WebPage","@id":"https:\/\/www.guides-sports-loisirs.ca\/repertoire-sport-loisir-plein-air\/ressources\/","url":"https:\/\/www.guides-sports-loisirs.ca\/repertoire-sport-loisir-plein-air\/ressources\/","name":"Ressources - Autres guides d&#039;am\u00e9nagement et ouvrages de r\u00e9f\u00e9rence","isPartOf":{"@id":"https:\/\/www.guides-sports-loisirs.ca\/repertoire-sport-loisir-plein-air\/#website"},"primaryImageOfPage":{"@id":"https:\/\/www.guides-sports-loisirs.ca\/repertoire-sport-loisir-plein-air\/ressources\/#primaryimage"},"image":{"@id":"https:\/\/www.guides-sports-loisirs.ca\/repertoire-sport-loisir-plein-air\/ressources\/#primaryimage"},"thumbnailUrl":"https:\/\/www.guides-sports-loisirs.ca\/repertoire-sport-loisir-plein-air\/wp-content\/uploads\/sites\/17\/2021\/04\/header-accueil.jpg","datePublished":"2021-04-05T13:54:11+00:00","dateModified":"2025-01-22T20:02:18+00:00","breadcrumb":{"@id":"https:\/\/www.guides-sports-loisirs.ca\/repertoire-sport-loisir-plein-air\/ressources\/#breadcrumb"},"inLanguage":"fr-FR","potentialAction":[{"@type":"ReadAction","target":["https:\/\/www.guides-sports-loisirs.ca\/repertoire-sport-loisir-plein-air\/ressources\/"]}]},{"@type":"ImageObject","inLanguage":"fr-FR","@id":"https:\/\/www.guides-sports-loisirs.ca\/repertoire-sport-loisir-plein-air\/ressources\/#primaryimage","url":"https:\/\/www.guides-sports-loisirs.ca\/repertoire-sport-loisir-plein-air\/wp-content\/uploads\/sites\/17\/2021\/04\/header-accueil.jpg","contentUrl":"https:\/\/www.guides-sports-loisirs.ca\/repertoire-sport-loisir-plein-air\/wp-content\/uploads\/sites\/17\/2021\/04\/header-accueil.jpg","width":1920,"height":655},{"@type":"BreadcrumbList","@id":"https:\/\/www.guides-sports-loisirs.ca\/repertoire-sport-loisir-plein-air\/ressources\/#breadcrumb","itemListElement":[{"@type":"ListItem","position":1,"name":"Accueil","item":"https:\/\/www.guides-sports-loisirs.ca\/repertoire-sport-loisir-plein-air\/"},{"@type":"ListItem","position":2,"name":"Ressources"}]},{"@type":"WebSite","@id":"https:\/\/www.guides-sports-loisirs.ca\/repertoire-sport-loisir-plein-air\/#website","url":"https:\/\/www.guides-sports-loisirs.ca\/repertoire-sport-loisir-plein-air\/","name":"Autres guides d&#039;am\u00e9nagement et ouvrages de r\u00e9f\u00e9rence","description":" R\u00e9pertoire Sport Loisir Plein Air","potentialAction":[{"@type":"SearchAction","target":{"@type":"EntryPoint","urlTemplate":"https:\/\/www.guides-sports-loisirs.ca\/repertoire-sport-loisir-plein-air\/?s={search_term_string}"},"query-input":{"@type":"PropertyValueSpecification","valueRequired":true,"valueName":"search_term_string"}}],"inLanguage":"fr-FR"}]}},"_links":{"self":[{"href":"https:\/\/www.guides-sports-loisirs.ca\/repertoire-sport-loisir-plein-air\/wp-json\/wp\/v2\/pages\/3910","targetHints":{"allow":["GET"]}}],"collection":[{"href":"https:\/\/www.guides-sports-loisirs.ca\/repertoire-sport-loisir-plein-air\/wp-json\/wp\/v2\/pages"}],"about":[{"href":"https:\/\/www.guides-sports-loisirs.ca\/repertoire-sport-loisir-plein-air\/wp-json\/wp\/v2\/types\/page"}],"author":[{"embeddable":true,"href":"https:\/\/www.guides-sports-loisirs.ca\/repertoire-sport-loisir-plein-air\/wp-json\/wp\/v2\/users\/11"}],"replies":[{"embeddable":true,"href":"https:\/\/www.guides-sports-loisirs.ca\/repertoire-sport-loisir-plein-air\/wp-json\/wp\/v2\/comments?post=3910"}],"version-history":[{"count":31,"href":"https:\/\/www.guides-sports-loisirs.ca\/repertoire-sport-loisir-plein-air\/wp-json\/wp\/v2\/pages\/3910\/revisions"}],"predecessor-version":[{"id":4277,"href":"https:\/\/www.guides-sports-loisirs.ca\/repertoire-sport-loisir-plein-air\/wp-json\/wp\/v2\/pages\/3910\/revisions\/4277"}],"wp:featuredmedia":[{"embeddable":true,"href":"https:\/\/www.guides-sports-loisirs.ca\/repertoire-sport-loisir-plein-air\/wp-json\/wp\/v2\/media\/3806"}],"wp:attachment":[{"href":"https:\/\/www.guides-sports-loisirs.ca\/repertoire-sport-loisir-plein-air\/wp-json\/wp\/v2\/media?parent=3910"}],"curies":[{"name":"wp","href":"https:\/\/api.w.org\/{rel}","templated":true}]}}