{"id":3801,"date":"2021-03-09T10:33:56","date_gmt":"2021-03-09T15:33:56","guid":{"rendered":"https:\/\/www.guides-sports-loisirs.ca\/repertoire-sport-loisir-pleinair\/?page_id=3801"},"modified":"2025-01-22T14:59:17","modified_gmt":"2025-01-22T19:59:17","slug":"accueil","status":"publish","type":"page","link":"https:\/\/www.guides-sports-loisirs.ca\/repertoire-sport-loisir-plein-air\/","title":{"rendered":"Accueil"},"content":{"rendered":"<div class=\"wpb-content-wrapper\"><p>[vc_row row_height_percent=\u00a0\u00bb0&Prime; override_padding=\u00a0\u00bbyes\u00a0\u00bb h_padding=\u00a0\u00bb2&Prime; top_padding=\u00a0\u00bb4&Prime; bottom_padding=\u00a0\u00bb4&Prime; overlay_alpha=\u00a0\u00bb50&Prime; gutter_size=\u00a0\u00bb3&Prime; column_width_percent=\u00a0\u00bb100&Prime; border_color=\u00a0\u00bbcolor-rgdb\u00a0\u00bb border_style=\u00a0\u00bbsolid\u00a0\u00bb shift_y=\u00a0\u00bb0&Prime; z_index=\u00a0\u00bb0&Prime; css=\u00a0\u00bb.vc_custom_1617123410245{border-bottom-width: 1px !important;}\u00a0\u00bb][vc_column column_width_percent=\u00a0\u00bb100&Prime; position_vertical=\u00a0\u00bbmiddle\u00a0\u00bb gutter_size=\u00a0\u00bb3&Prime; overlay_alpha=\u00a0\u00bb50&Prime; shift_x=\u00a0\u00bb0&Prime; shift_y=\u00a0\u00bb0&Prime; shift_y_down=\u00a0\u00bb0&Prime; z_index=\u00a0\u00bb0&Prime; medium_visibility=\u00a0\u00bbyes\u00a0\u00bb medium_width=\u00a0\u00bb0&Prime; mobile_visibility=\u00a0\u00bbyes\u00a0\u00bb mobile_width=\u00a0\u00bb0&Prime; width=\u00a0\u00bb1\/6&Prime;][vc_single_image media=\u00a0\u00bb3807&Prime; media_width_use_pixel=\u00a0\u00bbyes\u00a0\u00bb css_animation=\u00a0\u00bbleft-t-right\u00a0\u00bb animation_delay=\u00a0\u00bb400&Prime; media_width_pixel=\u00a0\u00bb109&Prime;][\/vc_column][vc_column width=\u00a0\u00bb5\/6&Prime;][vc_column_text]Ce r\u00e9pertoire s\u2019adresse \u00e0 tous les gestionnaires de parcs et d\u2019\u00e9quipements r\u00e9cr\u00e9atifs, sportifs ou de plein air. Il regroupe les principaux guides d\u2019am\u00e9nagement et d\u2019autres ouvrages de r\u00e9f\u00e9rence reconnus pour planifier, implanter ou entretenir des installations ext\u00e9rieures de loisir ou de sport. Il vise ainsi \u00e0 faciliter les recherches et \u00e0 encourager l\u2019application des bonnes pratiques en mati\u00e8re d\u2019am\u00e9nagement des espaces publics.[\/vc_column_text][\/vc_column][\/vc_row]<\/p>\n<\/div>","protected":false},"excerpt":{"rendered":"<p>[vc_row row_height_percent=\u00a0\u00bb0&Prime; override_padding=\u00a0\u00bbyes\u00a0\u00bb h_padding=\u00a0\u00bb2&Prime; top_padding=\u00a0\u00bb4&Prime; bottom_padding=\u00a0\u00bb4&Prime; overlay_alpha=\u00a0\u00bb50&Prime; gutter_size=\u00a0\u00bb3&Prime; column_width_percent=\u00a0\u00bb100&Prime; border_color=\u00a0\u00bbcolor-rgdb\u00a0\u00bb border_style=\u00a0\u00bbsolid\u00a0\u00bb shift_y=\u00a0\u00bb0&Prime; z_index=\u00a0\u00bb0&Prime; css=\u00a0\u00bb.vc_custom_1617123410245{border-bottom-width: 1px !important;}\u00a0\u00bb][vc_column column_width_percent=\u00a0\u00bb100&Prime; position_vertical=\u00a0\u00bbmiddle\u00a0\u00bb gutter_size=\u00a0\u00bb3&Prime; overlay_alpha=\u00a0\u00bb50&Prime; [&hellip;]<\/p>\n","protected":false},"author":11,"featured_media":3806,"parent":0,"menu_order":0,"comment_status":"closed","ping_status":"closed","template":"","meta":{"_acf_changed":false,"footnotes":""},"class_list":["post-3801","page","type-page","status-publish","has-post-thumbnail","hentry"],"acf":[],"yoast_head":"<!-- This site is optimized with the Yoast SEO plugin v27.4 - https:\/\/yoast.com\/product\/yoast-seo-wordpress\/ -->\n<title>Accueil - Autres guides d&#039;am\u00e9nagement et ouvrages de r\u00e9f\u00e9rence<\/title>\n<meta name=\"robots\" content=\"index, follow, max-snippet:-1, max-image-preview:large, max-video-preview:-1\" \/>\n<link rel=\"canonical\" href=\"https:\/\/www.guides-sports-loisirs.ca\/repertoire-sport-loisir-plein-air\/\" \/>\n<meta property=\"og:locale\" content=\"fr_FR\" \/>\n<meta property=\"og:type\" content=\"article\" \/>\n<meta property=\"og:title\" content=\"Accueil - Autres guides d&#039;am\u00e9nagement et ouvrages de r\u00e9f\u00e9rence\" \/>\n<meta property=\"og:description\" content=\"[vc_row row_height_percent=\u00a0\u00bb0&Prime; override_padding=\u00a0\u00bbyes\u00a0\u00bb h_padding=\u00a0\u00bb2&Prime; top_padding=\u00a0\u00bb4&Prime; bottom_padding=\u00a0\u00bb4&Prime; overlay_alpha=\u00a0\u00bb50&Prime; gutter_size=\u00a0\u00bb3&Prime; column_width_percent=\u00a0\u00bb100&Prime; border_color=\u00a0\u00bbcolor-rgdb\u00a0\u00bb border_style=\u00a0\u00bbsolid\u00a0\u00bb shift_y=\u00a0\u00bb0&Prime; z_index=\u00a0\u00bb0&Prime; css=\u00a0\u00bb.vc_custom_1617123410245{border-bottom-width: 1px !important;}\u00a0\u00bb][vc_column column_width_percent=\u00a0\u00bb100&Prime; position_vertical=\u00a0\u00bbmiddle\u00a0\u00bb gutter_size=\u00a0\u00bb3&Prime; overlay_alpha=\u00a0\u00bb50&Prime; [&hellip;]\" \/>\n<meta property=\"og:url\" content=\"https:\/\/www.guides-sports-loisirs.ca\/repertoire-sport-loisir-plein-air\/\" \/>\n<meta property=\"og:site_name\" content=\"Autres guides d&#039;am\u00e9nagement et ouvrages de r\u00e9f\u00e9rence\" \/>\n<meta property=\"article:modified_time\" content=\"2025-01-22T19:59:17+00:00\" \/>\n<meta property=\"og:image\" content=\"https:\/\/www.guides-sports-loisirs.ca\/repertoire-sport-loisir-plein-air\/wp-content\/uploads\/sites\/17\/2021\/04\/header-accueil.jpg\" \/>\n\t<meta property=\"og:image:width\" content=\"1920\" \/>\n\t<meta property=\"og:image:height\" content=\"655\" \/>\n\t<meta property=\"og:image:type\" content=\"image\/jpeg\" \/>\n<meta name=\"twitter:card\" content=\"summary_large_image\" \/>\n<meta name=\"twitter:label1\" content=\"Dur\u00e9e de lecture estim\u00e9e\" \/>\n\t<meta name=\"twitter:data1\" content=\"1 minute\" \/>\n<script type=\"application\/ld+json\" class=\"yoast-schema-graph\">{\"@context\":\"https:\\\/\\\/schema.org\",\"@graph\":[{\"@type\":\"WebPage\",\"@id\":\"https:\\\/\\\/www.guides-sports-loisirs.ca\\\/repertoire-sport-loisir-plein-air\\\/\",\"url\":\"https:\\\/\\\/www.guides-sports-loisirs.ca\\\/repertoire-sport-loisir-plein-air\\\/\",\"name\":\"Accueil - Autres guides d&#039;am\u00e9nagement et ouvrages de r\u00e9f\u00e9rence\",\"isPartOf\":{\"@id\":\"https:\\\/\\\/www.guides-sports-loisirs.ca\\\/repertoire-sport-loisir-plein-air\\\/#website\"},\"primaryImageOfPage\":{\"@id\":\"https:\\\/\\\/www.guides-sports-loisirs.ca\\\/repertoire-sport-loisir-plein-air\\\/#primaryimage\"},\"image\":{\"@id\":\"https:\\\/\\\/www.guides-sports-loisirs.ca\\\/repertoire-sport-loisir-plein-air\\\/#primaryimage\"},\"thumbnailUrl\":\"https:\\\/\\\/www.guides-sports-loisirs.ca\\\/repertoire-sport-loisir-plein-air\\\/wp-content\\\/uploads\\\/sites\\\/17\\\/2021\\\/04\\\/header-accueil.jpg\",\"datePublished\":\"2021-03-09T15:33:56+00:00\",\"dateModified\":\"2025-01-22T19:59:17+00:00\",\"breadcrumb\":{\"@id\":\"https:\\\/\\\/www.guides-sports-loisirs.ca\\\/repertoire-sport-loisir-plein-air\\\/#breadcrumb\"},\"inLanguage\":\"fr-FR\",\"potentialAction\":[{\"@type\":\"ReadAction\",\"target\":[\"https:\\\/\\\/www.guides-sports-loisirs.ca\\\/repertoire-sport-loisir-plein-air\\\/\"]}]},{\"@type\":\"ImageObject\",\"inLanguage\":\"fr-FR\",\"@id\":\"https:\\\/\\\/www.guides-sports-loisirs.ca\\\/repertoire-sport-loisir-plein-air\\\/#primaryimage\",\"url\":\"https:\\\/\\\/www.guides-sports-loisirs.ca\\\/repertoire-sport-loisir-plein-air\\\/wp-content\\\/uploads\\\/sites\\\/17\\\/2021\\\/04\\\/header-accueil.jpg\",\"contentUrl\":\"https:\\\/\\\/www.guides-sports-loisirs.ca\\\/repertoire-sport-loisir-plein-air\\\/wp-content\\\/uploads\\\/sites\\\/17\\\/2021\\\/04\\\/header-accueil.jpg\",\"width\":1920,\"height\":655},{\"@type\":\"BreadcrumbList\",\"@id\":\"https:\\\/\\\/www.guides-sports-loisirs.ca\\\/repertoire-sport-loisir-plein-air\\\/#breadcrumb\",\"itemListElement\":[{\"@type\":\"ListItem\",\"position\":1,\"name\":\"Accueil\",\"item\":\"https:\\\/\\\/www.guides-sports-loisirs.ca\\\/repertoire-sport-loisir-plein-air\\\/\"},{\"@type\":\"ListItem\",\"position\":2,\"name\":\"Accueil\"}]},{\"@type\":\"WebSite\",\"@id\":\"https:\\\/\\\/www.guides-sports-loisirs.ca\\\/repertoire-sport-loisir-plein-air\\\/#website\",\"url\":\"https:\\\/\\\/www.guides-sports-loisirs.ca\\\/repertoire-sport-loisir-plein-air\\\/\",\"name\":\"Autres guides d&#039;am\u00e9nagement et ouvrages de r\u00e9f\u00e9rence\",\"description\":\" R\u00e9pertoire Sport Loisir Plein Air\",\"potentialAction\":[{\"@type\":\"SearchAction\",\"target\":{\"@type\":\"EntryPoint\",\"urlTemplate\":\"https:\\\/\\\/www.guides-sports-loisirs.ca\\\/repertoire-sport-loisir-plein-air\\\/?s={search_term_string}\"},\"query-input\":{\"@type\":\"PropertyValueSpecification\",\"valueRequired\":true,\"valueName\":\"search_term_string\"}}],\"inLanguage\":\"fr-FR\"}]}<\/script>\n<!-- \/ Yoast SEO plugin. -->","yoast_head_json":{"title":"Accueil - Autres guides d&#039;am\u00e9nagement et ouvrages de r\u00e9f\u00e9rence","robots":{"index":"index","follow":"follow","max-snippet":"max-snippet:-1","max-image-preview":"max-image-preview:large","max-video-preview":"max-video-preview:-1"},"canonical":"https:\/\/www.guides-sports-loisirs.ca\/repertoire-sport-loisir-plein-air\/","og_locale":"fr_FR","og_type":"article","og_title":"Accueil - Autres guides d&#039;am\u00e9nagement et ouvrages de r\u00e9f\u00e9rence","og_description":"[vc_row row_height_percent=\u00a0\u00bb0&Prime; override_padding=\u00a0\u00bbyes\u00a0\u00bb h_padding=\u00a0\u00bb2&Prime; top_padding=\u00a0\u00bb4&Prime; bottom_padding=\u00a0\u00bb4&Prime; overlay_alpha=\u00a0\u00bb50&Prime; gutter_size=\u00a0\u00bb3&Prime; column_width_percent=\u00a0\u00bb100&Prime; border_color=\u00a0\u00bbcolor-rgdb\u00a0\u00bb border_style=\u00a0\u00bbsolid\u00a0\u00bb shift_y=\u00a0\u00bb0&Prime; z_index=\u00a0\u00bb0&Prime; css=\u00a0\u00bb.vc_custom_1617123410245{border-bottom-width: 1px !important;}\u00a0\u00bb][vc_column column_width_percent=\u00a0\u00bb100&Prime; position_vertical=\u00a0\u00bbmiddle\u00a0\u00bb gutter_size=\u00a0\u00bb3&Prime; overlay_alpha=\u00a0\u00bb50&Prime; [&hellip;]","og_url":"https:\/\/www.guides-sports-loisirs.ca\/repertoire-sport-loisir-plein-air\/","og_site_name":"Autres guides d&#039;am\u00e9nagement et ouvrages de r\u00e9f\u00e9rence","article_modified_time":"2025-01-22T19:59:17+00:00","og_image":[{"width":1920,"height":655,"url":"https:\/\/www.guides-sports-loisirs.ca\/repertoire-sport-loisir-plein-air\/wp-content\/uploads\/sites\/17\/2021\/04\/header-accueil.jpg","type":"image\/jpeg"}],"twitter_card":"summary_large_image","twitter_misc":{"Dur\u00e9e de lecture estim\u00e9e":"1 minute"},"schema":{"@context":"https:\/\/schema.org","@graph":[{"@type":"WebPage","@id":"https:\/\/www.guides-sports-loisirs.ca\/repertoire-sport-loisir-plein-air\/","url":"https:\/\/www.guides-sports-loisirs.ca\/repertoire-sport-loisir-plein-air\/","name":"Accueil - Autres guides d&#039;am\u00e9nagement et ouvrages de r\u00e9f\u00e9rence","isPartOf":{"@id":"https:\/\/www.guides-sports-loisirs.ca\/repertoire-sport-loisir-plein-air\/#website"},"primaryImageOfPage":{"@id":"https:\/\/www.guides-sports-loisirs.ca\/repertoire-sport-loisir-plein-air\/#primaryimage"},"image":{"@id":"https:\/\/www.guides-sports-loisirs.ca\/repertoire-sport-loisir-plein-air\/#primaryimage"},"thumbnailUrl":"https:\/\/www.guides-sports-loisirs.ca\/repertoire-sport-loisir-plein-air\/wp-content\/uploads\/sites\/17\/2021\/04\/header-accueil.jpg","datePublished":"2021-03-09T15:33:56+00:00","dateModified":"2025-01-22T19:59:17+00:00","breadcrumb":{"@id":"https:\/\/www.guides-sports-loisirs.ca\/repertoire-sport-loisir-plein-air\/#breadcrumb"},"inLanguage":"fr-FR","potentialAction":[{"@type":"ReadAction","target":["https:\/\/www.guides-sports-loisirs.ca\/repertoire-sport-loisir-plein-air\/"]}]},{"@type":"ImageObject","inLanguage":"fr-FR","@id":"https:\/\/www.guides-sports-loisirs.ca\/repertoire-sport-loisir-plein-air\/#primaryimage","url":"https:\/\/www.guides-sports-loisirs.ca\/repertoire-sport-loisir-plein-air\/wp-content\/uploads\/sites\/17\/2021\/04\/header-accueil.jpg","contentUrl":"https:\/\/www.guides-sports-loisirs.ca\/repertoire-sport-loisir-plein-air\/wp-content\/uploads\/sites\/17\/2021\/04\/header-accueil.jpg","width":1920,"height":655},{"@type":"BreadcrumbList","@id":"https:\/\/www.guides-sports-loisirs.ca\/repertoire-sport-loisir-plein-air\/#breadcrumb","itemListElement":[{"@type":"ListItem","position":1,"name":"Accueil","item":"https:\/\/www.guides-sports-loisirs.ca\/repertoire-sport-loisir-plein-air\/"},{"@type":"ListItem","position":2,"name":"Accueil"}]},{"@type":"WebSite","@id":"https:\/\/www.guides-sports-loisirs.ca\/repertoire-sport-loisir-plein-air\/#website","url":"https:\/\/www.guides-sports-loisirs.ca\/repertoire-sport-loisir-plein-air\/","name":"Autres guides d&#039;am\u00e9nagement et ouvrages de r\u00e9f\u00e9rence","description":" R\u00e9pertoire Sport Loisir Plein Air","potentialAction":[{"@type":"SearchAction","target":{"@type":"EntryPoint","urlTemplate":"https:\/\/www.guides-sports-loisirs.ca\/repertoire-sport-loisir-plein-air\/?s={search_term_string}"},"query-input":{"@type":"PropertyValueSpecification","valueRequired":true,"valueName":"search_term_string"}}],"inLanguage":"fr-FR"}]}},"_links":{"self":[{"href":"https:\/\/www.guides-sports-loisirs.ca\/repertoire-sport-loisir-plein-air\/wp-json\/wp\/v2\/pages\/3801","targetHints":{"allow":["GET"]}}],"collection":[{"href":"https:\/\/www.guides-sports-loisirs.ca\/repertoire-sport-loisir-plein-air\/wp-json\/wp\/v2\/pages"}],"about":[{"href":"https:\/\/www.guides-sports-loisirs.ca\/repertoire-sport-loisir-plein-air\/wp-json\/wp\/v2\/types\/page"}],"author":[{"embeddable":true,"href":"https:\/\/www.guides-sports-loisirs.ca\/repertoire-sport-loisir-plein-air\/wp-json\/wp\/v2\/users\/11"}],"replies":[{"embeddable":true,"href":"https:\/\/www.guides-sports-loisirs.ca\/repertoire-sport-loisir-plein-air\/wp-json\/wp\/v2\/comments?post=3801"}],"version-history":[{"count":9,"href":"https:\/\/www.guides-sports-loisirs.ca\/repertoire-sport-loisir-plein-air\/wp-json\/wp\/v2\/pages\/3801\/revisions"}],"predecessor-version":[{"id":4275,"href":"https:\/\/www.guides-sports-loisirs.ca\/repertoire-sport-loisir-plein-air\/wp-json\/wp\/v2\/pages\/3801\/revisions\/4275"}],"wp:featuredmedia":[{"embeddable":true,"href":"https:\/\/www.guides-sports-loisirs.ca\/repertoire-sport-loisir-plein-air\/wp-json\/wp\/v2\/media\/3806"}],"wp:attachment":[{"href":"https:\/\/www.guides-sports-loisirs.ca\/repertoire-sport-loisir-plein-air\/wp-json\/wp\/v2\/media?parent=3801"}],"curies":[{"name":"wp","href":"https:\/\/api.w.org\/{rel}","templated":true}]}}