{"id":4849,"date":"2024-06-13T22:26:35","date_gmt":"2024-06-14T02:26:35","guid":{"rendered":"https:\/\/www.guides-sports-loisirs.ca\/pumptrack\/?page_id=4849"},"modified":"2024-06-13T22:32:03","modified_gmt":"2024-06-14T02:32:03","slug":"comportements-et-attitudes","status":"publish","type":"page","link":"https:\/\/www.guides-sports-loisirs.ca\/pumptrack\/encadrement-securite-integrite\/comportements-et-attitudes\/","title":{"rendered":"Comportements et attitudes"},"content":{"rendered":"<div class=\"wpb-content-wrapper\"><p>[vc_row][vc_column width=\u00a0\u00bb1\/1&Prime;][vc_column_text]<strong>La communication et l\u2019observation sont des \u00e9l\u00e9ments essentiels sur une pumptrack. Les autres usagers doivent \u00eatre inform\u00e9s lorsqu\u2019une personne souhaite s\u2019engager sur la piste. Un coup d\u2019\u0153il, une main lev\u00e9e ou un avertissement sonore sont des exemples de moyen d\u2019avertissement. G\u00e9n\u00e9ralement, les usagers laissent la priorit\u00e9 \u00e0 la personne qui attend son tour pour se lancer.<\/strong><\/p>\n<p>Il est possible qu\u2019un usager soit plus lent que ceux qui le suivent. Il est important d\u2019adapter sa pratique aux personnes pr\u00e9sentes et de garder ses distances pour \u00e9viter les accidents.<\/p>\n<p>Le respect des autres est primordial. Aucun manque de respect ne doit \u00eatre tol\u00e9r\u00e9.<\/p>\n<p>Voici quelques bonnes pratiques :<br \/>\n\u2022 Ne pas d\u00e9passer qui que ce soit sur le parcours.<br \/>\n\u2022 Adapter sa vitesse \u00e0 son niveau.<br \/>\n\u2022 \u00catre ma\u00eetre de son \u00e9quipement.<br \/>\n\u2022 Ne pas traverser la pumptrack.<br \/>\n\u2022 Ne pas rouler \u00e0 contresens.<br \/>\n\u2022 \u00catre respectueux des autres usagers.<br \/>\n\u2022 Laisser la priorit\u00e9 \u00e0 la personne en avant de soi.[\/vc_column_text][\/vc_column][\/vc_row][vc_row][\/vc_row][vc_row row_height_percent=\u00a0\u00bb0&Prime; overlay_alpha=\u00a0\u00bb50&Prime; gutter_size=\u00a0\u00bb3&Prime; shift_y=\u00a0\u00bb0&Prime; css=\u00a0\u00bb.vc_custom_1569108843026{margin-bottom: 50px !important;}\u00a0\u00bb][vc_column width=\u00a0\u00bb1\/1&Prime;][vc_button button_color=\u00a0\u00bbaccent\u00a0\u00bb size=\u00a0\u00bbbtn-lg\u00a0\u00bb radius=\u00a0\u00bbbtn-circle\u00a0\u00bb border_width=\u00a0\u00bb0&Prime; link=\u00a0\u00bburl:https%3A%2F%2Fwww.guides-sports-loisirs.ca%2Fpumptrack%2Fwp-content%2Fuploads%2Fsites%2F22%2F2024%2F06%2F6.5_ComportementsAttitudes.pdf||target:%20_blank|\u00a0\u00bb icon=\u00a0\u00bbfa fa-file-o\u00a0\u00bb el_class=\u00a0\u00bbbtn-pdf\u00a0\u00bb]Version PDF[\/vc_button][\/vc_column][\/vc_row]<\/p>\n<\/div>","protected":false},"excerpt":{"rendered":"<p>[vc_row][vc_column width=\u00a0\u00bb1\/1&Prime;][vc_column_text]La communication et l\u2019observation sont des \u00e9l\u00e9ments essentiels sur une pumptrack. Les autres usagers doivent \u00eatre inform\u00e9s lorsqu\u2019une personne [&hellip;]<\/p>\n","protected":false},"author":11,"featured_media":0,"parent":1803,"menu_order":6,"comment_status":"closed","ping_status":"closed","template":"","meta":{"_acf_changed":false,"footnotes":""},"class_list":["post-4849","page","type-page","status-publish","hentry"],"acf":[],"yoast_head":"<!-- This site is optimized with the Yoast SEO plugin v27.2 - https:\/\/yoast.com\/product\/yoast-seo-wordpress\/ -->\n<title>Comportements et attitudes - Pumptrack (piste \u00e0 rouleaux)<\/title>\n<meta name=\"robots\" content=\"index, follow, max-snippet:-1, max-image-preview:large, max-video-preview:-1\" \/>\n<link rel=\"canonical\" href=\"https:\/\/www.guides-sports-loisirs.ca\/pumptrack\/encadrement-securite-integrite\/comportements-et-attitudes\/\" \/>\n<meta property=\"og:locale\" content=\"fr_FR\" \/>\n<meta property=\"og:type\" content=\"article\" \/>\n<meta property=\"og:title\" content=\"Comportements et attitudes - Pumptrack (piste \u00e0 rouleaux)\" \/>\n<meta property=\"og:description\" content=\"[vc_row][vc_column width=\u00a0\u00bb1\/1&Prime;][vc_column_text]La communication et l\u2019observation sont des \u00e9l\u00e9ments essentiels sur une pumptrack. Les autres usagers doivent \u00eatre inform\u00e9s lorsqu\u2019une personne [&hellip;]\" \/>\n<meta property=\"og:url\" content=\"https:\/\/www.guides-sports-loisirs.ca\/pumptrack\/encadrement-securite-integrite\/comportements-et-attitudes\/\" \/>\n<meta property=\"og:site_name\" content=\"Pumptrack (piste \u00e0 rouleaux)\" \/>\n<meta property=\"article:modified_time\" content=\"2024-06-14T02:32:03+00:00\" \/>\n<meta name=\"twitter:card\" content=\"summary_large_image\" \/>\n<meta name=\"twitter:label1\" content=\"Dur\u00e9e de lecture estim\u00e9e\" \/>\n\t<meta name=\"twitter:data1\" content=\"1 minute\" \/>\n<script type=\"application\/ld+json\" class=\"yoast-schema-graph\">{\"@context\":\"https:\/\/schema.org\",\"@graph\":[{\"@type\":\"WebPage\",\"@id\":\"https:\/\/www.guides-sports-loisirs.ca\/pumptrack\/encadrement-securite-integrite\/comportements-et-attitudes\/\",\"url\":\"https:\/\/www.guides-sports-loisirs.ca\/pumptrack\/encadrement-securite-integrite\/comportements-et-attitudes\/\",\"name\":\"Comportements et attitudes - Pumptrack (piste \u00e0 rouleaux)\",\"isPartOf\":{\"@id\":\"https:\/\/www.guides-sports-loisirs.ca\/pumptrack\/#website\"},\"datePublished\":\"2024-06-14T02:26:35+00:00\",\"dateModified\":\"2024-06-14T02:32:03+00:00\",\"breadcrumb\":{\"@id\":\"https:\/\/www.guides-sports-loisirs.ca\/pumptrack\/encadrement-securite-integrite\/comportements-et-attitudes\/#breadcrumb\"},\"inLanguage\":\"fr-FR\",\"potentialAction\":[{\"@type\":\"ReadAction\",\"target\":[\"https:\/\/www.guides-sports-loisirs.ca\/pumptrack\/encadrement-securite-integrite\/comportements-et-attitudes\/\"]}]},{\"@type\":\"BreadcrumbList\",\"@id\":\"https:\/\/www.guides-sports-loisirs.ca\/pumptrack\/encadrement-securite-integrite\/comportements-et-attitudes\/#breadcrumb\",\"itemListElement\":[{\"@type\":\"ListItem\",\"position\":1,\"name\":\"Accueil\",\"item\":\"https:\/\/www.guides-sports-loisirs.ca\/pumptrack\/\"},{\"@type\":\"ListItem\",\"position\":2,\"name\":\"Encadrement, s\u00e9curit\u00e9 et int\u00e9grit\u00e9\",\"item\":\"https:\/\/www.guides-sports-loisirs.ca\/pumptrack\/encadrement-securite-integrite\/\"},{\"@type\":\"ListItem\",\"position\":3,\"name\":\"Comportements et attitudes\"}]},{\"@type\":\"WebSite\",\"@id\":\"https:\/\/www.guides-sports-loisirs.ca\/pumptrack\/#website\",\"url\":\"https:\/\/www.guides-sports-loisirs.ca\/pumptrack\/\",\"name\":\"Pumptrack (piste \u00e0 rouleaux)\",\"description\":\"pumptrack\",\"potentialAction\":[{\"@type\":\"SearchAction\",\"target\":{\"@type\":\"EntryPoint\",\"urlTemplate\":\"https:\/\/www.guides-sports-loisirs.ca\/pumptrack\/?s={search_term_string}\"},\"query-input\":{\"@type\":\"PropertyValueSpecification\",\"valueRequired\":true,\"valueName\":\"search_term_string\"}}],\"inLanguage\":\"fr-FR\"}]}<\/script>\n<!-- \/ Yoast SEO plugin. -->","yoast_head_json":{"title":"Comportements et attitudes - Pumptrack (piste \u00e0 rouleaux)","robots":{"index":"index","follow":"follow","max-snippet":"max-snippet:-1","max-image-preview":"max-image-preview:large","max-video-preview":"max-video-preview:-1"},"canonical":"https:\/\/www.guides-sports-loisirs.ca\/pumptrack\/encadrement-securite-integrite\/comportements-et-attitudes\/","og_locale":"fr_FR","og_type":"article","og_title":"Comportements et attitudes - Pumptrack (piste \u00e0 rouleaux)","og_description":"[vc_row][vc_column width=\u00a0\u00bb1\/1&Prime;][vc_column_text]La communication et l\u2019observation sont des \u00e9l\u00e9ments essentiels sur une pumptrack. Les autres usagers doivent \u00eatre inform\u00e9s lorsqu\u2019une personne [&hellip;]","og_url":"https:\/\/www.guides-sports-loisirs.ca\/pumptrack\/encadrement-securite-integrite\/comportements-et-attitudes\/","og_site_name":"Pumptrack (piste \u00e0 rouleaux)","article_modified_time":"2024-06-14T02:32:03+00:00","twitter_card":"summary_large_image","twitter_misc":{"Dur\u00e9e de lecture estim\u00e9e":"1 minute"},"schema":{"@context":"https:\/\/schema.org","@graph":[{"@type":"WebPage","@id":"https:\/\/www.guides-sports-loisirs.ca\/pumptrack\/encadrement-securite-integrite\/comportements-et-attitudes\/","url":"https:\/\/www.guides-sports-loisirs.ca\/pumptrack\/encadrement-securite-integrite\/comportements-et-attitudes\/","name":"Comportements et attitudes - Pumptrack (piste \u00e0 rouleaux)","isPartOf":{"@id":"https:\/\/www.guides-sports-loisirs.ca\/pumptrack\/#website"},"datePublished":"2024-06-14T02:26:35+00:00","dateModified":"2024-06-14T02:32:03+00:00","breadcrumb":{"@id":"https:\/\/www.guides-sports-loisirs.ca\/pumptrack\/encadrement-securite-integrite\/comportements-et-attitudes\/#breadcrumb"},"inLanguage":"fr-FR","potentialAction":[{"@type":"ReadAction","target":["https:\/\/www.guides-sports-loisirs.ca\/pumptrack\/encadrement-securite-integrite\/comportements-et-attitudes\/"]}]},{"@type":"BreadcrumbList","@id":"https:\/\/www.guides-sports-loisirs.ca\/pumptrack\/encadrement-securite-integrite\/comportements-et-attitudes\/#breadcrumb","itemListElement":[{"@type":"ListItem","position":1,"name":"Accueil","item":"https:\/\/www.guides-sports-loisirs.ca\/pumptrack\/"},{"@type":"ListItem","position":2,"name":"Encadrement, s\u00e9curit\u00e9 et int\u00e9grit\u00e9","item":"https:\/\/www.guides-sports-loisirs.ca\/pumptrack\/encadrement-securite-integrite\/"},{"@type":"ListItem","position":3,"name":"Comportements et attitudes"}]},{"@type":"WebSite","@id":"https:\/\/www.guides-sports-loisirs.ca\/pumptrack\/#website","url":"https:\/\/www.guides-sports-loisirs.ca\/pumptrack\/","name":"Pumptrack (piste \u00e0 rouleaux)","description":"pumptrack","potentialAction":[{"@type":"SearchAction","target":{"@type":"EntryPoint","urlTemplate":"https:\/\/www.guides-sports-loisirs.ca\/pumptrack\/?s={search_term_string}"},"query-input":{"@type":"PropertyValueSpecification","valueRequired":true,"valueName":"search_term_string"}}],"inLanguage":"fr-FR"}]}},"_links":{"self":[{"href":"https:\/\/www.guides-sports-loisirs.ca\/pumptrack\/wp-json\/wp\/v2\/pages\/4849","targetHints":{"allow":["GET"]}}],"collection":[{"href":"https:\/\/www.guides-sports-loisirs.ca\/pumptrack\/wp-json\/wp\/v2\/pages"}],"about":[{"href":"https:\/\/www.guides-sports-loisirs.ca\/pumptrack\/wp-json\/wp\/v2\/types\/page"}],"author":[{"embeddable":true,"href":"https:\/\/www.guides-sports-loisirs.ca\/pumptrack\/wp-json\/wp\/v2\/users\/11"}],"replies":[{"embeddable":true,"href":"https:\/\/www.guides-sports-loisirs.ca\/pumptrack\/wp-json\/wp\/v2\/comments?post=4849"}],"version-history":[{"count":4,"href":"https:\/\/www.guides-sports-loisirs.ca\/pumptrack\/wp-json\/wp\/v2\/pages\/4849\/revisions"}],"predecessor-version":[{"id":4854,"href":"https:\/\/www.guides-sports-loisirs.ca\/pumptrack\/wp-json\/wp\/v2\/pages\/4849\/revisions\/4854"}],"up":[{"embeddable":true,"href":"https:\/\/www.guides-sports-loisirs.ca\/pumptrack\/wp-json\/wp\/v2\/pages\/1803"}],"wp:attachment":[{"href":"https:\/\/www.guides-sports-loisirs.ca\/pumptrack\/wp-json\/wp\/v2\/media?parent=4849"}],"curies":[{"name":"wp","href":"https:\/\/api.w.org\/{rel}","templated":true}]}}