{"id":4796,"date":"2024-06-07T00:19:26","date_gmt":"2024-06-07T04:19:26","guid":{"rendered":"https:\/\/www.guides-sports-loisirs.ca\/pumptrack\/?page_id=4796"},"modified":"2024-07-02T14:05:01","modified_gmt":"2024-07-02T18:05:01","slug":"reglementation","status":"publish","type":"page","link":"https:\/\/www.guides-sports-loisirs.ca\/pumptrack\/encadrement-securite-integrite\/reglementation\/","title":{"rendered":"R\u00e9glementation"},"content":{"rendered":"<div class=\"wpb-content-wrapper\"><p>[vc_row][vc_column width=\u00a0\u00bb1\/1&Prime;][vc_column_text]<strong>Les sports principaux pratiqu\u00e9s sur les pumptracks sont g\u00e9n\u00e9ralement libres de r\u00e8glements et d\u2019encadrement pour la pratique r\u00e9cr\u00e9ative. Les comp\u00e9titions dans certains sports peuvent cependant \u00eatre r\u00e9gies par une f\u00e9d\u00e9ration :<\/strong><br \/>\n<strong>\u2022 BMX : F\u00e9d\u00e9ration qu\u00e9b\u00e9coise des sports cyclistes<\/strong><br \/>\n<strong>\u2022 Planche \u00e0 roulettes : F\u00e9d\u00e9ration du skateboard du Qu\u00e9bec<\/strong><\/p>\n<p>Aucune f\u00e9d\u00e9ration ne r\u00e9git les activit\u00e9s (comp\u00e9titives ou non) en trottinette ou en patin \u00e0 roulettes.<\/p>\n<p>Les municipalit\u00e9s doivent \u00e9tablir leurs propres r\u00e8gles d\u2019utilisation de leur infrastructure. Ces r\u00e8gles devront \u00eatre inscrites sur un panneau visible de tous et de toutes sur le site.<\/p>\n<p>Les r\u00e8glements suivants visent \u00e0 assurer la s\u00e9curit\u00e9 des usagers et la propret\u00e9 des lieux tout en maximisant le plaisir des usagers :<br \/>\n\u2022 Les enfants de moins de 12 ans doivent \u00eatre accompagn\u00e9s d\u2019un adulte.<br \/>\n\u2022 Le terrain n\u2019est pas une aire de jeu; la pratique sportive comporte des risques de chute et de collision.<br \/>\n\u2022 Respectez les niveaux de difficult\u00e9, le cas \u00e9ch\u00e9ant.<br \/>\n\u2022 Respectez le sens de la circulation identifi\u00e9 par des fl\u00e8ches.<br \/>\n\u2022 Conservez cet espace propre en utilisant les poubelles \u00e0 cet effet.<br \/>\n\u2022 Pour toute urgence, contactez le 911.[\/vc_column_text][vc_accordion][vc_accordion_tab title=\u00a0\u00bbAFFICHAGE ET SIGNALISATION\u00a0\u00bb tab_id=\u00a0\u00bb1718310347-1-34&Prime;][vc_column_text]Il est fortement recommand\u00e9 d\u2019installer un panneau indiquant les consignes et directives de s\u00e9curit\u00e9. Il est plus facile pour les autorit\u00e9s de faire respecter les consignes si celles-ci sont claires et bien formul\u00e9es. L\u2019exemple ci-dessous pr\u00e9sente certaines indications non exhaustives. Elles peuvent \u00eatre adapt\u00e9es selon les directives de la municipalit\u00e9.[\/vc_column_text][vc_empty_space empty_h=\u00a0\u00bb2&Prime;][vc_column_text]<\/p>\n<h3 style=\"text-align: center;\"><strong>Exemple d\u2019un panneau de r\u00e8glements<\/strong><\/h3>\n<p>[\/vc_column_text][vc_single_image media=\u00a0\u00bb4920&Prime; media_lightbox=\u00a0\u00bbyes\u00a0\u00bb media_width_percent=\u00a0\u00bb65&Prime; alignment=\u00a0\u00bbcenter\u00a0\u00bb lbox_skin=\u00a0\u00bbwhite\u00a0\u00bb][vc_empty_space empty_h=\u00a0\u00bb2&Prime;][\/vc_accordion_tab][vc_accordion_tab title=\u00a0\u00bbASSURANCES\u00a0\u00bb tab_id=\u00a0\u00bb1718310347-2-62&Prime;][vc_column_text]\u00c0 des fins d\u2019assurance, il est possible de faire homologuer la pumptrack. On peut faire la demande par courriel \u00e0 <a href=\"mailto:info@fqsc.net\"><em>info@fqsc.net<\/em><\/a> ou en passant par le <a href=\"https:\/\/fqsc.net\/nous-joindre-vf\"><em>site WEB de la FQSC<\/em><\/a>.[\/vc_column_text][\/vc_accordion_tab][\/vc_accordion][\/vc_column][\/vc_row][vc_row][\/vc_row][vc_row row_height_percent=\u00a0\u00bb0&Prime; overlay_alpha=\u00a0\u00bb50&Prime; gutter_size=\u00a0\u00bb3&Prime; shift_y=\u00a0\u00bb0&Prime; css=\u00a0\u00bb.vc_custom_1569108843026{margin-bottom: 50px !important;}\u00a0\u00bb][vc_column width=\u00a0\u00bb1\/1&Prime;][vc_button button_color=\u00a0\u00bbaccent\u00a0\u00bb size=\u00a0\u00bbbtn-lg\u00a0\u00bb radius=\u00a0\u00bbbtn-circle\u00a0\u00bb border_width=\u00a0\u00bb0&Prime; link=\u00a0\u00bburl:https%3A%2F%2Fwww.guides-sports-loisirs.ca%2Fpumptrack%2Fwp-content%2Fuploads%2Fsites%2F22%2F2024%2F06%2F6.3_Reglementation.pdf||target:%20_blank|\u00a0\u00bb icon=\u00a0\u00bbfa fa-file-o\u00a0\u00bb el_class=\u00a0\u00bbbtn-pdf\u00a0\u00bb]Version PDF[\/vc_button][\/vc_column][\/vc_row]<\/p>\n<\/div>","protected":false},"excerpt":{"rendered":"<p>[vc_row][vc_column width=\u00a0\u00bb1\/1&Prime;][vc_column_text]Les sports principaux pratiqu\u00e9s sur les pumptracks sont g\u00e9n\u00e9ralement libres de r\u00e8glements et d\u2019encadrement pour la pratique r\u00e9cr\u00e9ative. Les [&hellip;]<\/p>\n","protected":false},"author":11,"featured_media":0,"parent":1803,"menu_order":6,"comment_status":"closed","ping_status":"closed","template":"","meta":{"_acf_changed":false,"footnotes":""},"class_list":["post-4796","page","type-page","status-publish","hentry"],"acf":[],"yoast_head":"<!-- This site is optimized with the Yoast SEO plugin v27.4 - https:\/\/yoast.com\/product\/yoast-seo-wordpress\/ -->\n<title>R\u00e9glementation - Pumptrack (piste \u00e0 rouleaux)<\/title>\n<meta name=\"robots\" content=\"index, follow, max-snippet:-1, max-image-preview:large, max-video-preview:-1\" \/>\n<link rel=\"canonical\" href=\"https:\/\/www.guides-sports-loisirs.ca\/pumptrack\/encadrement-securite-integrite\/reglementation\/\" \/>\n<meta property=\"og:locale\" content=\"fr_FR\" \/>\n<meta property=\"og:type\" content=\"article\" \/>\n<meta property=\"og:title\" content=\"R\u00e9glementation - Pumptrack (piste \u00e0 rouleaux)\" \/>\n<meta property=\"og:description\" content=\"[vc_row][vc_column width=\u00a0\u00bb1\/1&Prime;][vc_column_text]Les sports principaux pratiqu\u00e9s sur les pumptracks sont g\u00e9n\u00e9ralement libres de r\u00e8glements et d\u2019encadrement pour la pratique r\u00e9cr\u00e9ative. Les [&hellip;]\" \/>\n<meta property=\"og:url\" content=\"https:\/\/www.guides-sports-loisirs.ca\/pumptrack\/encadrement-securite-integrite\/reglementation\/\" \/>\n<meta property=\"og:site_name\" content=\"Pumptrack (piste \u00e0 rouleaux)\" \/>\n<meta property=\"article:modified_time\" content=\"2024-07-02T18:05:01+00:00\" \/>\n<meta name=\"twitter:card\" content=\"summary_large_image\" \/>\n<meta name=\"twitter:label1\" content=\"Dur\u00e9e de lecture estim\u00e9e\" \/>\n\t<meta name=\"twitter:data1\" content=\"2 minutes\" \/>\n<script type=\"application\/ld+json\" class=\"yoast-schema-graph\">{\"@context\":\"https:\\\/\\\/schema.org\",\"@graph\":[{\"@type\":\"WebPage\",\"@id\":\"https:\\\/\\\/www.guides-sports-loisirs.ca\\\/pumptrack\\\/encadrement-securite-integrite\\\/reglementation\\\/\",\"url\":\"https:\\\/\\\/www.guides-sports-loisirs.ca\\\/pumptrack\\\/encadrement-securite-integrite\\\/reglementation\\\/\",\"name\":\"R\u00e9glementation - Pumptrack (piste \u00e0 rouleaux)\",\"isPartOf\":{\"@id\":\"https:\\\/\\\/www.guides-sports-loisirs.ca\\\/pumptrack\\\/#website\"},\"datePublished\":\"2024-06-07T04:19:26+00:00\",\"dateModified\":\"2024-07-02T18:05:01+00:00\",\"breadcrumb\":{\"@id\":\"https:\\\/\\\/www.guides-sports-loisirs.ca\\\/pumptrack\\\/encadrement-securite-integrite\\\/reglementation\\\/#breadcrumb\"},\"inLanguage\":\"fr-FR\",\"potentialAction\":[{\"@type\":\"ReadAction\",\"target\":[\"https:\\\/\\\/www.guides-sports-loisirs.ca\\\/pumptrack\\\/encadrement-securite-integrite\\\/reglementation\\\/\"]}]},{\"@type\":\"BreadcrumbList\",\"@id\":\"https:\\\/\\\/www.guides-sports-loisirs.ca\\\/pumptrack\\\/encadrement-securite-integrite\\\/reglementation\\\/#breadcrumb\",\"itemListElement\":[{\"@type\":\"ListItem\",\"position\":1,\"name\":\"Accueil\",\"item\":\"https:\\\/\\\/www.guides-sports-loisirs.ca\\\/pumptrack\\\/\"},{\"@type\":\"ListItem\",\"position\":2,\"name\":\"Encadrement, s\u00e9curit\u00e9 et int\u00e9grit\u00e9\",\"item\":\"https:\\\/\\\/www.guides-sports-loisirs.ca\\\/pumptrack\\\/encadrement-securite-integrite\\\/\"},{\"@type\":\"ListItem\",\"position\":3,\"name\":\"R\u00e9glementation\"}]},{\"@type\":\"WebSite\",\"@id\":\"https:\\\/\\\/www.guides-sports-loisirs.ca\\\/pumptrack\\\/#website\",\"url\":\"https:\\\/\\\/www.guides-sports-loisirs.ca\\\/pumptrack\\\/\",\"name\":\"Pumptrack (piste \u00e0 rouleaux)\",\"description\":\"pumptrack\",\"potentialAction\":[{\"@type\":\"SearchAction\",\"target\":{\"@type\":\"EntryPoint\",\"urlTemplate\":\"https:\\\/\\\/www.guides-sports-loisirs.ca\\\/pumptrack\\\/?s={search_term_string}\"},\"query-input\":{\"@type\":\"PropertyValueSpecification\",\"valueRequired\":true,\"valueName\":\"search_term_string\"}}],\"inLanguage\":\"fr-FR\"}]}<\/script>\n<!-- \/ Yoast SEO plugin. -->","yoast_head_json":{"title":"R\u00e9glementation - Pumptrack (piste \u00e0 rouleaux)","robots":{"index":"index","follow":"follow","max-snippet":"max-snippet:-1","max-image-preview":"max-image-preview:large","max-video-preview":"max-video-preview:-1"},"canonical":"https:\/\/www.guides-sports-loisirs.ca\/pumptrack\/encadrement-securite-integrite\/reglementation\/","og_locale":"fr_FR","og_type":"article","og_title":"R\u00e9glementation - Pumptrack (piste \u00e0 rouleaux)","og_description":"[vc_row][vc_column width=\u00a0\u00bb1\/1&Prime;][vc_column_text]Les sports principaux pratiqu\u00e9s sur les pumptracks sont g\u00e9n\u00e9ralement libres de r\u00e8glements et d\u2019encadrement pour la pratique r\u00e9cr\u00e9ative. Les [&hellip;]","og_url":"https:\/\/www.guides-sports-loisirs.ca\/pumptrack\/encadrement-securite-integrite\/reglementation\/","og_site_name":"Pumptrack (piste \u00e0 rouleaux)","article_modified_time":"2024-07-02T18:05:01+00:00","twitter_card":"summary_large_image","twitter_misc":{"Dur\u00e9e de lecture estim\u00e9e":"2 minutes"},"schema":{"@context":"https:\/\/schema.org","@graph":[{"@type":"WebPage","@id":"https:\/\/www.guides-sports-loisirs.ca\/pumptrack\/encadrement-securite-integrite\/reglementation\/","url":"https:\/\/www.guides-sports-loisirs.ca\/pumptrack\/encadrement-securite-integrite\/reglementation\/","name":"R\u00e9glementation - Pumptrack (piste \u00e0 rouleaux)","isPartOf":{"@id":"https:\/\/www.guides-sports-loisirs.ca\/pumptrack\/#website"},"datePublished":"2024-06-07T04:19:26+00:00","dateModified":"2024-07-02T18:05:01+00:00","breadcrumb":{"@id":"https:\/\/www.guides-sports-loisirs.ca\/pumptrack\/encadrement-securite-integrite\/reglementation\/#breadcrumb"},"inLanguage":"fr-FR","potentialAction":[{"@type":"ReadAction","target":["https:\/\/www.guides-sports-loisirs.ca\/pumptrack\/encadrement-securite-integrite\/reglementation\/"]}]},{"@type":"BreadcrumbList","@id":"https:\/\/www.guides-sports-loisirs.ca\/pumptrack\/encadrement-securite-integrite\/reglementation\/#breadcrumb","itemListElement":[{"@type":"ListItem","position":1,"name":"Accueil","item":"https:\/\/www.guides-sports-loisirs.ca\/pumptrack\/"},{"@type":"ListItem","position":2,"name":"Encadrement, s\u00e9curit\u00e9 et int\u00e9grit\u00e9","item":"https:\/\/www.guides-sports-loisirs.ca\/pumptrack\/encadrement-securite-integrite\/"},{"@type":"ListItem","position":3,"name":"R\u00e9glementation"}]},{"@type":"WebSite","@id":"https:\/\/www.guides-sports-loisirs.ca\/pumptrack\/#website","url":"https:\/\/www.guides-sports-loisirs.ca\/pumptrack\/","name":"Pumptrack (piste \u00e0 rouleaux)","description":"pumptrack","potentialAction":[{"@type":"SearchAction","target":{"@type":"EntryPoint","urlTemplate":"https:\/\/www.guides-sports-loisirs.ca\/pumptrack\/?s={search_term_string}"},"query-input":{"@type":"PropertyValueSpecification","valueRequired":true,"valueName":"search_term_string"}}],"inLanguage":"fr-FR"}]}},"_links":{"self":[{"href":"https:\/\/www.guides-sports-loisirs.ca\/pumptrack\/wp-json\/wp\/v2\/pages\/4796","targetHints":{"allow":["GET"]}}],"collection":[{"href":"https:\/\/www.guides-sports-loisirs.ca\/pumptrack\/wp-json\/wp\/v2\/pages"}],"about":[{"href":"https:\/\/www.guides-sports-loisirs.ca\/pumptrack\/wp-json\/wp\/v2\/types\/page"}],"author":[{"embeddable":true,"href":"https:\/\/www.guides-sports-loisirs.ca\/pumptrack\/wp-json\/wp\/v2\/users\/11"}],"replies":[{"embeddable":true,"href":"https:\/\/www.guides-sports-loisirs.ca\/pumptrack\/wp-json\/wp\/v2\/comments?post=4796"}],"version-history":[{"count":11,"href":"https:\/\/www.guides-sports-loisirs.ca\/pumptrack\/wp-json\/wp\/v2\/pages\/4796\/revisions"}],"predecessor-version":[{"id":5036,"href":"https:\/\/www.guides-sports-loisirs.ca\/pumptrack\/wp-json\/wp\/v2\/pages\/4796\/revisions\/5036"}],"up":[{"embeddable":true,"href":"https:\/\/www.guides-sports-loisirs.ca\/pumptrack\/wp-json\/wp\/v2\/pages\/1803"}],"wp:attachment":[{"href":"https:\/\/www.guides-sports-loisirs.ca\/pumptrack\/wp-json\/wp\/v2\/media?parent=4796"}],"curies":[{"name":"wp","href":"https:\/\/api.w.org\/{rel}","templated":true}]}}