{"id":4780,"date":"2024-06-06T23:59:29","date_gmt":"2024-06-07T03:59:29","guid":{"rendered":"https:\/\/www.guides-sports-loisirs.ca\/pumptrack\/?page_id=4780"},"modified":"2024-06-27T11:48:24","modified_gmt":"2024-06-27T15:48:24","slug":"conditions-succes","status":"publish","type":"page","link":"https:\/\/www.guides-sports-loisirs.ca\/pumptrack\/planification\/conditions-succes\/","title":{"rendered":"Conditions de succ\u00e8s"},"content":{"rendered":"<div class=\"wpb-content-wrapper\"><p>[vc_row][vc_column width=\u00a0\u00bb1\/1&Prime;][vc_column_text]<strong>Les pumptracks permettent de diversifier l\u2019offre de loisir pour les r\u00e9sidents. <\/strong><strong>Elles ont gagn\u00e9 en popularit\u00e9 depuis 2019, les co\u00fbts d\u2019achat et d\u2019entretien <\/strong><strong>sont relativement bas par rapport \u00e0 d\u2019autres installations r\u00e9cr\u00e9atives. Un peu <\/strong><strong>\u00e0 l\u2019image des parcs de planche \u00e0 roulettes, les pumptracks regroupent, <\/strong><strong>dans un espace restreint, des obstacles vari\u00e9s et des virages relev\u00e9s <\/strong><strong>formant un circuit ferm\u00e9.<\/strong>[\/vc_column_text][vc_column_text border_color=\u00a0\u00bbcolor-103660&Prime; border_style=\u00a0\u00bbsolid\u00a0\u00bb css=\u00a0\u00bb.vc_custom_1718904595747{padding-top: 15px !important;padding-right: 15px !important;padding-bottom: 15px !important;padding-left: 15px !important;}\u00a0\u00bb]Une des conditions de succ\u00e8s d\u2019une telle installation est la possibilit\u00e9 d\u2019accueillir des usagers de tous niveaux. Il est en effet possible d\u2019offrir diff\u00e9rents niveaux de difficult\u00e9 en cr\u00e9ant des parcours distincts mais interconnect\u00e9s. Cette possibilit\u00e9 facilite la progression des habilet\u00e9s des usagers<sup>2<\/sup>.[\/vc_column_text][vc_accordion][vc_accordion_tab title=\u00a0\u00bbADAPTABILIT\u00c9\u00a0\u00bb tab_id=\u00a0\u00bb1654877396-1-57&Prime;][vc_column_text]Un aspect important \u00e0 prendre en consid\u00e9ration est le niveau de pratique des usagers \u00e9ventuels. Il est possible de combiner plusieurs parcours en un seul. La connexion entre parcours de diff\u00e9rents niveaux permet aux usagers d\u2019\u00e9voluer au fil de leur pratique.<\/p>\n<p>La cr\u00e9ativit\u00e9 est le ma\u00eetre-mot dans la r\u00e9alisation d\u2019une pumptrack. Elle s\u2019adapte facilement \u00e0 tout type de terrain et tous les parcours sont uniques.[\/vc_column_text][\/vc_accordion_tab][vc_accordion_tab title=\u00a0\u00bbATTRAIT\u00a0\u00bb tab_id=\u00a0\u00bb1662147024368-1-4&Prime;][vc_column_text]L\u2019emplacement de la pumptrack doit \u00eatre pens\u00e9 en fonction de son attrait. On privil\u00e9giera un lieu de passage ou situ\u00e9 dans un environnement agr\u00e9able. Une pumptrack install\u00e9e pr\u00e8s d\u2019un b\u00e2timent abandonn\u00e9 sera moins attirante qu\u2019une pumptrack \u00e0 proximit\u00e9 d\u2019un parc ou d\u2019un plan d\u2019eau par exemple.<\/p>\n<p>L\u2019am\u00e9nagement est tout aussi important. De la verdure, des arbres et des plantes sur les abords de la pumptrack permettront d\u2019offrir un environnement de pratique agr\u00e9able.<\/p>\n<p>Le groupe Facebook \u00ab Pumptrack Qu\u00e9bec \u00bb compte de nombreux membres. Les passionn\u00e9s y partagent des vid\u00e9os et des photos des diff\u00e9rentes installations. Les adeptes se d\u00e9placent souvent d\u2019une r\u00e9gion \u00e0 l\u2019autre ou m\u00eame d\u2019une province \u00e0 l\u2019autre pour essayer de nouvelles pistes.[\/vc_column_text][\/vc_accordion_tab][vc_accordion_tab title=\u00a0\u00bbACCESSIBILIT\u00c9\u00a0\u00bb tab_id=\u00a0\u00bb1662147085545-2-5&Prime;][vc_column_text]L\u2019accessibilit\u00e9 de la pumptrack aura un impact important sur sa fr\u00e9quentation. Il faudra notamment prendre en compte les diff\u00e9rents modes de transport pour s\u2019y rendre. La proximit\u00e9 de l\u2019installation exercera aussi une influence sur la fr\u00e9quence d\u2019utilisation.<\/p>\n<p>Les facteurs suivants sont \u00e0 prendre en compte dans le choix de l\u2019emplacement afin que le parc soit le plus accessible possible :<br \/>\n\u2022 Proximit\u00e9 des transports en commun<br \/>\n\u2022 Proximit\u00e9 des quartiers r\u00e9sidentiels o\u00f9 habite la client\u00e8le cible<br \/>\n\u2022 Proximit\u00e9 des axes routiers<br \/>\n\u2022 Stationnement<br \/>\n\u2022 Proximit\u00e9 des pistes cyclables et supports \u00e0 v\u00e9los[\/vc_column_text][\/vc_accordion_tab][vc_accordion_tab title=\u00a0\u00bbS\u2019ENTOURER D\u2019EXPERTS\u00a0\u00bb tab_id=\u00a0\u00bb1662147190441-3-10&Prime;][vc_column_text]Il est fortement recommand\u00e9 de faire appel \u00e0 des experts du domaine en raison de la complexit\u00e9 et de la multitude d\u2019options que pr\u00e9sente une pumptrack. Le domaine \u00e9volue rapidement et de nombreux concepts inspirants viennent de l\u2019Europe. Les experts peuvent expliquer les particularit\u00e9s des diff\u00e9rents obstacles, par exemple le rayon d\u2019une courbe.<\/p>\n<p>Les experts peuvent provenir de diff\u00e9rents milieux :<br \/>\n\u2022 Club de BMX local<br \/>\n\u2022 Sp\u00e9cialistes du BMX ou de la planche \u00e0 roulettes<br \/>\n\u2022 Boutiques sp\u00e9cialis\u00e9es<br \/>\n\u2022 Concepteurs\/dessinateurs de pumptracks<br \/>\n\u2022 Organisateurs de comp\u00e9titions[\/vc_column_text][\/vc_accordion_tab][vc_accordion_tab title=\u00a0\u00bb\u00c9QUIPE DE PROJET\u00a0\u00bb tab_id=\u00a0\u00bb1662147263860-4-5&Prime;][vc_column_text]N\u2019\u00e9tant soumis \u00e0 aucun standard pr\u00e9d\u00e9fini, les responsables de la mise en place d\u2019une pumptrack font face \u00e0 plusieurs d\u00e9fis pour plaire \u00e0 un bassin d\u2019utilisateurs mixte et changeant.<\/p>\n<p>Il est avantageux pour les municipalit\u00e9s de former des \u00e9quipes multidisciplinaires \u00e0 l\u2019interne pour chapeauter un tel projet. Ces \u00e9quipes peuvent r\u00e9unir des\u00a0 architectes-paysagistes, des sp\u00e9cialistes en loisir ou en sport, des contrema\u00eetres travaillant aux travaux publics ou aux parcs et d\u2019autres professionnels de divers horizons. Les municipalit\u00e9s sont bien entendu libres de constituer leurs propres \u00e9quipes selon les expertises vari\u00e9es du personnel \u00e0 l\u2019interne. Ces \u00e9quipes assureront les conditions de succ\u00e8s des projets en partageant leurs expertises.<\/p>\n<p>&nbsp;<\/p>\n<h3><strong><span style=\"color: #5d84bc;\">Exemple d\u2019\u00e9quipe interservices pour un projet multidisciplinaire<\/span><\/strong><\/h3>\n<p><strong>Professionnel en loisir<\/strong><br \/>\nRepr\u00e9sente le propri\u00e9taire du projet et est responsable de l\u2019ensemble de la d\u00e9marche. Il assure le lien avec les autres services municipaux et les usagers.<\/p>\n<p><strong>Architecte-paysagiste<\/strong><br \/>\nResponsable de l\u2019am\u00e9nagement non technique, surtout de l\u2019int\u00e9gration harmonieuse des installations dans l\u2019ensemble (parc ou autre espace public).<\/p>\n<p><strong>Professionnel des Travaux publics<\/strong><br \/>\nResponsable de l\u2019entretien des installations et du site.<\/p>\n<p><strong>Professionnel de l\u2019Urbanisme<\/strong><br \/>\nR\u00f4le-conseil pour le choix du site et veille \u00e0 ce que le projet soit conforme aux r\u00e8glements municipaux, notamment le zonage.<\/p>\n<p><strong>Autres<\/strong><br \/>\nResponsable de la s\u00e9curit\u00e9 publique (pr\u00e9sence r\u00e9guli\u00e8re ou au besoin), responsable de l\u2019approvisionnement.[\/vc_column_text][\/vc_accordion_tab][\/vc_accordion][vc_row_inner][vc_column_inner width=\u00a0\u00bb1\/1&Prime;][vc_column_text]<\/p>\n<hr \/>\n<p><strong>[2] <\/strong>Fran\u00e7ois Grenier, <a href=\"https:\/\/centdegres.ca\/ressources\/4-conseils-pour-l-implantation-reussie-d-un-veloparc-dans-votre-municipalite\"><em>4 conseils pour l&rsquo;implantation r\u00e9ussie d&rsquo;un v\u00e9loparc dans votre municipalit\u00e9<\/em><\/a>, 100<sup>o<\/sup>, 2017.[\/vc_column_text][\/vc_column_inner][\/vc_row_inner][\/vc_column][\/vc_row][vc_row][\/vc_row][vc_row row_height_percent=\u00a0\u00bb0&Prime; overlay_alpha=\u00a0\u00bb50&Prime; gutter_size=\u00a0\u00bb3&Prime; shift_y=\u00a0\u00bb0&Prime; css=\u00a0\u00bb.vc_custom_1569108843026{margin-bottom: 50px !important;}\u00a0\u00bb][vc_column width=\u00a0\u00bb1\/1&Prime;][vc_button button_color=\u00a0\u00bbaccent\u00a0\u00bb size=\u00a0\u00bbbtn-lg\u00a0\u00bb radius=\u00a0\u00bbbtn-circle\u00a0\u00bb border_width=\u00a0\u00bb0&Prime; link=\u00a0\u00bburl:https%3A%2F%2Fwww.guides-sports-loisirs.ca%2Fpumptrack%2Fwp-content%2Fuploads%2Fsites%2F22%2F2024%2F06%2F2.1_ConditionsSucces-1.pdf||target:%20_blank|\u00a0\u00bb icon=\u00a0\u00bbfa fa-file-o\u00a0\u00bb el_class=\u00a0\u00bbbtn-pdf\u00a0\u00bb]Version PDF[\/vc_button][\/vc_column][\/vc_row]<\/p>\n<\/div>","protected":false},"excerpt":{"rendered":"<p>[vc_row][vc_column width=\u00a0\u00bb1\/1&Prime;][vc_column_text]Les pumptracks permettent de diversifier l\u2019offre de loisir pour les r\u00e9sidents. Elles ont gagn\u00e9 en popularit\u00e9 depuis 2019, les [&hellip;]<\/p>\n","protected":false},"author":11,"featured_media":0,"parent":2016,"menu_order":10,"comment_status":"closed","ping_status":"closed","template":"","meta":{"_acf_changed":false,"footnotes":""},"class_list":["post-4780","page","type-page","status-publish","hentry"],"acf":[],"yoast_head":"<!-- This site is optimized with the Yoast SEO plugin v27.4 - https:\/\/yoast.com\/product\/yoast-seo-wordpress\/ -->\n<title>Conditions de succ\u00e8s - Pumptrack (piste \u00e0 rouleaux)<\/title>\n<meta name=\"robots\" content=\"index, follow, max-snippet:-1, max-image-preview:large, max-video-preview:-1\" \/>\n<link rel=\"canonical\" href=\"https:\/\/www.guides-sports-loisirs.ca\/pumptrack\/planification\/conditions-succes\/\" \/>\n<meta property=\"og:locale\" content=\"fr_FR\" \/>\n<meta property=\"og:type\" content=\"article\" \/>\n<meta property=\"og:title\" content=\"Conditions de succ\u00e8s - Pumptrack (piste \u00e0 rouleaux)\" \/>\n<meta property=\"og:description\" content=\"[vc_row][vc_column width=\u00a0\u00bb1\/1&Prime;][vc_column_text]Les pumptracks permettent de diversifier l\u2019offre de loisir pour les r\u00e9sidents. Elles ont gagn\u00e9 en popularit\u00e9 depuis 2019, les [&hellip;]\" \/>\n<meta property=\"og:url\" content=\"https:\/\/www.guides-sports-loisirs.ca\/pumptrack\/planification\/conditions-succes\/\" \/>\n<meta property=\"og:site_name\" content=\"Pumptrack (piste \u00e0 rouleaux)\" \/>\n<meta property=\"article:modified_time\" content=\"2024-06-27T15:48:24+00:00\" \/>\n<meta name=\"twitter:card\" content=\"summary_large_image\" \/>\n<meta name=\"twitter:label1\" content=\"Dur\u00e9e de lecture estim\u00e9e\" \/>\n\t<meta name=\"twitter:data1\" content=\"4 minutes\" \/>\n<script type=\"application\/ld+json\" class=\"yoast-schema-graph\">{\"@context\":\"https:\\\/\\\/schema.org\",\"@graph\":[{\"@type\":\"WebPage\",\"@id\":\"https:\\\/\\\/www.guides-sports-loisirs.ca\\\/pumptrack\\\/planification\\\/conditions-succes\\\/\",\"url\":\"https:\\\/\\\/www.guides-sports-loisirs.ca\\\/pumptrack\\\/planification\\\/conditions-succes\\\/\",\"name\":\"Conditions de succ\u00e8s - Pumptrack (piste \u00e0 rouleaux)\",\"isPartOf\":{\"@id\":\"https:\\\/\\\/www.guides-sports-loisirs.ca\\\/pumptrack\\\/#website\"},\"datePublished\":\"2024-06-07T03:59:29+00:00\",\"dateModified\":\"2024-06-27T15:48:24+00:00\",\"breadcrumb\":{\"@id\":\"https:\\\/\\\/www.guides-sports-loisirs.ca\\\/pumptrack\\\/planification\\\/conditions-succes\\\/#breadcrumb\"},\"inLanguage\":\"fr-FR\",\"potentialAction\":[{\"@type\":\"ReadAction\",\"target\":[\"https:\\\/\\\/www.guides-sports-loisirs.ca\\\/pumptrack\\\/planification\\\/conditions-succes\\\/\"]}]},{\"@type\":\"BreadcrumbList\",\"@id\":\"https:\\\/\\\/www.guides-sports-loisirs.ca\\\/pumptrack\\\/planification\\\/conditions-succes\\\/#breadcrumb\",\"itemListElement\":[{\"@type\":\"ListItem\",\"position\":1,\"name\":\"Accueil\",\"item\":\"https:\\\/\\\/www.guides-sports-loisirs.ca\\\/pumptrack\\\/\"},{\"@type\":\"ListItem\",\"position\":2,\"name\":\"Planification\",\"item\":\"https:\\\/\\\/www.guides-sports-loisirs.ca\\\/pumptrack\\\/planification\\\/\"},{\"@type\":\"ListItem\",\"position\":3,\"name\":\"Conditions de succ\u00e8s\"}]},{\"@type\":\"WebSite\",\"@id\":\"https:\\\/\\\/www.guides-sports-loisirs.ca\\\/pumptrack\\\/#website\",\"url\":\"https:\\\/\\\/www.guides-sports-loisirs.ca\\\/pumptrack\\\/\",\"name\":\"Pumptrack (piste \u00e0 rouleaux)\",\"description\":\"pumptrack\",\"potentialAction\":[{\"@type\":\"SearchAction\",\"target\":{\"@type\":\"EntryPoint\",\"urlTemplate\":\"https:\\\/\\\/www.guides-sports-loisirs.ca\\\/pumptrack\\\/?s={search_term_string}\"},\"query-input\":{\"@type\":\"PropertyValueSpecification\",\"valueRequired\":true,\"valueName\":\"search_term_string\"}}],\"inLanguage\":\"fr-FR\"}]}<\/script>\n<!-- \/ Yoast SEO plugin. -->","yoast_head_json":{"title":"Conditions de succ\u00e8s - Pumptrack (piste \u00e0 rouleaux)","robots":{"index":"index","follow":"follow","max-snippet":"max-snippet:-1","max-image-preview":"max-image-preview:large","max-video-preview":"max-video-preview:-1"},"canonical":"https:\/\/www.guides-sports-loisirs.ca\/pumptrack\/planification\/conditions-succes\/","og_locale":"fr_FR","og_type":"article","og_title":"Conditions de succ\u00e8s - Pumptrack (piste \u00e0 rouleaux)","og_description":"[vc_row][vc_column width=\u00a0\u00bb1\/1&Prime;][vc_column_text]Les pumptracks permettent de diversifier l\u2019offre de loisir pour les r\u00e9sidents. Elles ont gagn\u00e9 en popularit\u00e9 depuis 2019, les [&hellip;]","og_url":"https:\/\/www.guides-sports-loisirs.ca\/pumptrack\/planification\/conditions-succes\/","og_site_name":"Pumptrack (piste \u00e0 rouleaux)","article_modified_time":"2024-06-27T15:48:24+00:00","twitter_card":"summary_large_image","twitter_misc":{"Dur\u00e9e de lecture estim\u00e9e":"4 minutes"},"schema":{"@context":"https:\/\/schema.org","@graph":[{"@type":"WebPage","@id":"https:\/\/www.guides-sports-loisirs.ca\/pumptrack\/planification\/conditions-succes\/","url":"https:\/\/www.guides-sports-loisirs.ca\/pumptrack\/planification\/conditions-succes\/","name":"Conditions de succ\u00e8s - Pumptrack (piste \u00e0 rouleaux)","isPartOf":{"@id":"https:\/\/www.guides-sports-loisirs.ca\/pumptrack\/#website"},"datePublished":"2024-06-07T03:59:29+00:00","dateModified":"2024-06-27T15:48:24+00:00","breadcrumb":{"@id":"https:\/\/www.guides-sports-loisirs.ca\/pumptrack\/planification\/conditions-succes\/#breadcrumb"},"inLanguage":"fr-FR","potentialAction":[{"@type":"ReadAction","target":["https:\/\/www.guides-sports-loisirs.ca\/pumptrack\/planification\/conditions-succes\/"]}]},{"@type":"BreadcrumbList","@id":"https:\/\/www.guides-sports-loisirs.ca\/pumptrack\/planification\/conditions-succes\/#breadcrumb","itemListElement":[{"@type":"ListItem","position":1,"name":"Accueil","item":"https:\/\/www.guides-sports-loisirs.ca\/pumptrack\/"},{"@type":"ListItem","position":2,"name":"Planification","item":"https:\/\/www.guides-sports-loisirs.ca\/pumptrack\/planification\/"},{"@type":"ListItem","position":3,"name":"Conditions de succ\u00e8s"}]},{"@type":"WebSite","@id":"https:\/\/www.guides-sports-loisirs.ca\/pumptrack\/#website","url":"https:\/\/www.guides-sports-loisirs.ca\/pumptrack\/","name":"Pumptrack (piste \u00e0 rouleaux)","description":"pumptrack","potentialAction":[{"@type":"SearchAction","target":{"@type":"EntryPoint","urlTemplate":"https:\/\/www.guides-sports-loisirs.ca\/pumptrack\/?s={search_term_string}"},"query-input":{"@type":"PropertyValueSpecification","valueRequired":true,"valueName":"search_term_string"}}],"inLanguage":"fr-FR"}]}},"_links":{"self":[{"href":"https:\/\/www.guides-sports-loisirs.ca\/pumptrack\/wp-json\/wp\/v2\/pages\/4780","targetHints":{"allow":["GET"]}}],"collection":[{"href":"https:\/\/www.guides-sports-loisirs.ca\/pumptrack\/wp-json\/wp\/v2\/pages"}],"about":[{"href":"https:\/\/www.guides-sports-loisirs.ca\/pumptrack\/wp-json\/wp\/v2\/types\/page"}],"author":[{"embeddable":true,"href":"https:\/\/www.guides-sports-loisirs.ca\/pumptrack\/wp-json\/wp\/v2\/users\/11"}],"replies":[{"embeddable":true,"href":"https:\/\/www.guides-sports-loisirs.ca\/pumptrack\/wp-json\/wp\/v2\/comments?post=4780"}],"version-history":[{"count":12,"href":"https:\/\/www.guides-sports-loisirs.ca\/pumptrack\/wp-json\/wp\/v2\/pages\/4780\/revisions"}],"predecessor-version":[{"id":5031,"href":"https:\/\/www.guides-sports-loisirs.ca\/pumptrack\/wp-json\/wp\/v2\/pages\/4780\/revisions\/5031"}],"up":[{"embeddable":true,"href":"https:\/\/www.guides-sports-loisirs.ca\/pumptrack\/wp-json\/wp\/v2\/pages\/2016"}],"wp:attachment":[{"href":"https:\/\/www.guides-sports-loisirs.ca\/pumptrack\/wp-json\/wp\/v2\/media?parent=4780"}],"curies":[{"name":"wp","href":"https:\/\/api.w.org\/{rel}","templated":true}]}}