{"id":4407,"date":"2022-08-29T10:00:42","date_gmt":"2022-08-29T14:00:42","guid":{"rendered":"https:\/\/www.guides-sports-loisirs.ca\/pumptrack\/?page_id=4407"},"modified":"2024-06-20T11:36:23","modified_gmt":"2024-06-20T15:36:23","slug":"types-de-pumptracks","status":"publish","type":"page","link":"https:\/\/www.guides-sports-loisirs.ca\/pumptrack\/types-de-pumptracks\/","title":{"rendered":"Types de pumptracks"},"content":{"rendered":"<div class=\"wpb-content-wrapper\"><p>[vc_row][\/vc_row][vc_row][vc_column width=\u00a0\u00bb1\/1&Prime;][vc_column_text]<\/p>\n<p style=\"text-align: left;\"><strong>La pumptrack est une infrastructure relativement nouvelle qui a le vent <\/strong><strong>dans les voiles et qui pla\u00eet beaucoup \u00e0 de plus en plus de sportifs. Il y a <\/strong><strong>cependant diff\u00e9rents types de pumptracks, dont chacun pr\u00e9sente des <\/strong><strong>avantages particuliers.<\/strong><\/p>\n<p>[\/vc_column_text][vc_accordion][vc_accordion_tab title=\u00a0\u00bbPUMPTRACK ASPHALT\u00c9E\u00a0\u00bb tab_id=\u00a0\u00bb1718813586-1-57&Prime;][vc_column_text]Ce genre d\u2019installation s\u2019adapte \u00e0 tous les terrains. Il est possible d\u2019am\u00e9nager une pumptrack en asphalte sur un espace tr\u00e8s restreint d\u2019une superficie minimale de 200 m<sup>2<\/sup>. Sur une telle surface, il est possible de construire une pumptrack de niveau d\u00e9butant. Les pumptracks de niveaux interm\u00e9diaire et avanc\u00e9 requi\u00e8rent une surface minimale de 500 m<sup>2<\/sup>. Diff\u00e9rents niveaux de pumptrack peuvent \u00eatre imbriqu\u00e9s dans une m\u00eame installation. G\u00e9n\u00e9ralement, les diff\u00e9rents niveaux se d\u00e9marquent par des bosses et des virages de tailles diff\u00e9rentes.<\/p>\n<p>&nbsp;<\/p>\n<h3><strong><span style=\"color: #5d84bc;\">Avantages<\/span><\/strong><\/h3>\n<p>\u2022 Durable<br \/>\n\u2022 Peu d\u2019entretien<br \/>\n\u2022 S\u2019adapte au terrain[\/vc_column_text][vc_empty_space empty_h=\u00a0\u00bb2&Prime;][vc_single_image media=\u00a0\u00bb4951&Prime; media_lightbox=\u00a0\u00bbyes\u00a0\u00bb media_width_percent=\u00a0\u00bb65&Prime; alignment=\u00a0\u00bbcenter\u00a0\u00bb lbox_skin=\u00a0\u00bbwhite\u00a0\u00bb][vc_empty_space empty_h=\u00a0\u00bb2&Prime;][\/vc_accordion_tab][vc_accordion_tab title=\u00a0\u00bbPUMPTRACK MODULAIRE PR\u00c9FABRIQU\u00c9E\u00a0\u00bb tab_id=\u00a0\u00bb1718813586-2-85&Prime;][vc_column_text]La pumptrack modulaire pr\u00e9fabriqu\u00e9e se compose de plusieurs modules permettant une multitude de configurations. Elle peut \u00eatre install\u00e9e sur presque toute surface plane et n\u00e9cessite tr\u00e8s peu de travaux de pr\u00e9paration : ceux-ci se r\u00e9sument \u00e0 rendre la surface plane et ferme pour accueillir la structure. Il est m\u00eame possible de la d\u00e9placer dans diff\u00e9rents endroits pour permettre \u00e0 plusieurs quartiers d\u2019en profiter ou pour des \u00e9v\u00e9nements.<\/p>\n<p>&nbsp;<\/p>\n<h3><span style=\"color: #5d84bc;\"><strong>Avantages<\/strong><\/span><\/h3>\n<p>\u2022 Modulaire<br \/>\n\u2022 \u00c9volutive<br \/>\n\u2022 D\u00e9pla\u00e7able<br \/>\n\u2022 Personnalis\u00e9e<br \/>\n\u2022 Facilit\u00e9 d\u2019installation<br \/>\n\u2022 Structure durable[\/vc_column_text][vc_empty_space empty_h=\u00a0\u00bb2&Prime;][vc_single_image media=\u00a0\u00bb4953&Prime; media_lightbox=\u00a0\u00bbyes\u00a0\u00bb media_width_percent=\u00a0\u00bb65&Prime; alignment=\u00a0\u00bbcenter\u00a0\u00bb lbox_skin=\u00a0\u00bbwhite\u00a0\u00bb][vc_empty_space empty_h=\u00a0\u00bb2&Prime;][\/vc_accordion_tab][vc_accordion_tab title=\u00a0\u00bbPUMPTRACK EN TERRE\u00a0\u00bb tab_id=\u00a0\u00bb1718813781026-2-8&Prime;][vc_column_text]Ce type de pumptrack s\u2019adapte \u00e0 une tr\u00e8s grande vari\u00e9t\u00e9 de terrains. Elle peut \u00eatre ajust\u00e9e et personnalis\u00e9e tr\u00e8s facilement et rapidement. Les pumptracks en terre sont beaucoup plus \u00e9conomiques que les autres types, permettant aux municipalit\u00e9s \u00e0 petits budgets de r\u00e9pondre tout de m\u00eame aux besoins de leur population.<\/p>\n<p>&nbsp;<\/p>\n<h3><strong><span style=\"color: #5d84bc;\">Avantages<\/span><\/strong><\/h3>\n<p>\u2022\u00a0\u00c9conomique<br \/>\n\u2022 Possibilit\u00e9 de modification des obstacles<\/p>\n<p>Ce type d\u2019installation n\u00e9cessite cependant un entretien important et r\u00e9gulier : d\u00e9sherbage et balayage de la piste principalement. Par ailleurs, la p\u00e9riode d\u2019utilisation est g\u00e9n\u00e9ralement r\u00e9duite.[\/vc_column_text][vc_empty_space empty_h=\u00a0\u00bb2&Prime;][vc_single_image media=\u00a0\u00bb4952&Prime; media_lightbox=\u00a0\u00bbyes\u00a0\u00bb media_width_percent=\u00a0\u00bb65&Prime; alignment=\u00a0\u00bbcenter\u00a0\u00bb lbox_skin=\u00a0\u00bbwhite\u00a0\u00bb][vc_empty_space empty_h=\u00a0\u00bb2&Prime;][\/vc_accordion_tab][\/vc_accordion][\/vc_column][\/vc_row][vc_row][vc_column width=\u00a0\u00bb1\/1&Prime;][vc_button button_color=\u00a0\u00bbaccent\u00a0\u00bb size=\u00a0\u00bbbtn-lg\u00a0\u00bb radius=\u00a0\u00bbbtn-circle\u00a0\u00bb border_width=\u00a0\u00bb0&Prime; link=\u00a0\u00bburl:https%3A%2F%2Fwww.guides-sports-loisirs.ca%2Fpumptrack%2Fwp-content%2Fuploads%2Fsites%2F22%2F2024%2F06%2F1.1_TypesPumptracks-2.pdf||target:%20_blank|\u00a0\u00bb icon=\u00a0\u00bbfa fa-document2&Prime;]Version PDF[\/vc_button][\/vc_column][\/vc_row]<\/p>\n<\/div>","protected":false},"excerpt":{"rendered":"<p>[vc_row][\/vc_row][vc_row][vc_column width=\u00a0\u00bb1\/1&Prime;][vc_column_text] La pumptrack est une infrastructure relativement nouvelle qui a le vent dans les voiles et qui pla\u00eet beaucoup [&hellip;]<\/p>\n","protected":false},"author":11,"featured_media":0,"parent":0,"menu_order":0,"comment_status":"closed","ping_status":"closed","template":"","meta":{"_acf_changed":false,"footnotes":""},"class_list":["post-4407","page","type-page","status-publish","hentry"],"acf":[],"yoast_head":"<!-- This site is optimized with the Yoast SEO plugin v27.4 - https:\/\/yoast.com\/product\/yoast-seo-wordpress\/ -->\n<title>Types de pumptracks - Pumptrack (piste \u00e0 rouleaux)<\/title>\n<meta name=\"robots\" content=\"index, follow, max-snippet:-1, max-image-preview:large, max-video-preview:-1\" \/>\n<link rel=\"canonical\" href=\"https:\/\/www.guides-sports-loisirs.ca\/pumptrack\/types-de-pumptracks\/\" \/>\n<meta property=\"og:locale\" content=\"fr_FR\" \/>\n<meta property=\"og:type\" content=\"article\" \/>\n<meta property=\"og:title\" content=\"Types de pumptracks - Pumptrack (piste \u00e0 rouleaux)\" \/>\n<meta property=\"og:description\" content=\"[vc_row][\/vc_row][vc_row][vc_column width=\u00a0\u00bb1\/1&Prime;][vc_column_text] La pumptrack est une infrastructure relativement nouvelle qui a le vent dans les voiles et qui pla\u00eet beaucoup [&hellip;]\" \/>\n<meta property=\"og:url\" content=\"https:\/\/www.guides-sports-loisirs.ca\/pumptrack\/types-de-pumptracks\/\" \/>\n<meta property=\"og:site_name\" content=\"Pumptrack (piste \u00e0 rouleaux)\" \/>\n<meta property=\"article:modified_time\" content=\"2024-06-20T15:36:23+00:00\" \/>\n<meta name=\"twitter:card\" content=\"summary_large_image\" \/>\n<meta name=\"twitter:label1\" content=\"Dur\u00e9e de lecture estim\u00e9e\" \/>\n\t<meta name=\"twitter:data1\" content=\"2 minutes\" \/>\n<script type=\"application\/ld+json\" class=\"yoast-schema-graph\">{\"@context\":\"https:\\\/\\\/schema.org\",\"@graph\":[{\"@type\":\"WebPage\",\"@id\":\"https:\\\/\\\/www.guides-sports-loisirs.ca\\\/pumptrack\\\/types-de-pumptracks\\\/\",\"url\":\"https:\\\/\\\/www.guides-sports-loisirs.ca\\\/pumptrack\\\/types-de-pumptracks\\\/\",\"name\":\"Types de pumptracks - Pumptrack (piste \u00e0 rouleaux)\",\"isPartOf\":{\"@id\":\"https:\\\/\\\/www.guides-sports-loisirs.ca\\\/pumptrack\\\/#website\"},\"datePublished\":\"2022-08-29T14:00:42+00:00\",\"dateModified\":\"2024-06-20T15:36:23+00:00\",\"breadcrumb\":{\"@id\":\"https:\\\/\\\/www.guides-sports-loisirs.ca\\\/pumptrack\\\/types-de-pumptracks\\\/#breadcrumb\"},\"inLanguage\":\"fr-FR\",\"potentialAction\":[{\"@type\":\"ReadAction\",\"target\":[\"https:\\\/\\\/www.guides-sports-loisirs.ca\\\/pumptrack\\\/types-de-pumptracks\\\/\"]}]},{\"@type\":\"BreadcrumbList\",\"@id\":\"https:\\\/\\\/www.guides-sports-loisirs.ca\\\/pumptrack\\\/types-de-pumptracks\\\/#breadcrumb\",\"itemListElement\":[{\"@type\":\"ListItem\",\"position\":1,\"name\":\"Accueil\",\"item\":\"https:\\\/\\\/www.guides-sports-loisirs.ca\\\/pumptrack\\\/\"},{\"@type\":\"ListItem\",\"position\":2,\"name\":\"Types de pumptracks\"}]},{\"@type\":\"WebSite\",\"@id\":\"https:\\\/\\\/www.guides-sports-loisirs.ca\\\/pumptrack\\\/#website\",\"url\":\"https:\\\/\\\/www.guides-sports-loisirs.ca\\\/pumptrack\\\/\",\"name\":\"Pumptrack (piste \u00e0 rouleaux)\",\"description\":\"pumptrack\",\"potentialAction\":[{\"@type\":\"SearchAction\",\"target\":{\"@type\":\"EntryPoint\",\"urlTemplate\":\"https:\\\/\\\/www.guides-sports-loisirs.ca\\\/pumptrack\\\/?s={search_term_string}\"},\"query-input\":{\"@type\":\"PropertyValueSpecification\",\"valueRequired\":true,\"valueName\":\"search_term_string\"}}],\"inLanguage\":\"fr-FR\"}]}<\/script>\n<!-- \/ Yoast SEO plugin. -->","yoast_head_json":{"title":"Types de pumptracks - Pumptrack (piste \u00e0 rouleaux)","robots":{"index":"index","follow":"follow","max-snippet":"max-snippet:-1","max-image-preview":"max-image-preview:large","max-video-preview":"max-video-preview:-1"},"canonical":"https:\/\/www.guides-sports-loisirs.ca\/pumptrack\/types-de-pumptracks\/","og_locale":"fr_FR","og_type":"article","og_title":"Types de pumptracks - Pumptrack (piste \u00e0 rouleaux)","og_description":"[vc_row][\/vc_row][vc_row][vc_column width=\u00a0\u00bb1\/1&Prime;][vc_column_text] La pumptrack est une infrastructure relativement nouvelle qui a le vent dans les voiles et qui pla\u00eet beaucoup [&hellip;]","og_url":"https:\/\/www.guides-sports-loisirs.ca\/pumptrack\/types-de-pumptracks\/","og_site_name":"Pumptrack (piste \u00e0 rouleaux)","article_modified_time":"2024-06-20T15:36:23+00:00","twitter_card":"summary_large_image","twitter_misc":{"Dur\u00e9e de lecture estim\u00e9e":"2 minutes"},"schema":{"@context":"https:\/\/schema.org","@graph":[{"@type":"WebPage","@id":"https:\/\/www.guides-sports-loisirs.ca\/pumptrack\/types-de-pumptracks\/","url":"https:\/\/www.guides-sports-loisirs.ca\/pumptrack\/types-de-pumptracks\/","name":"Types de pumptracks - Pumptrack (piste \u00e0 rouleaux)","isPartOf":{"@id":"https:\/\/www.guides-sports-loisirs.ca\/pumptrack\/#website"},"datePublished":"2022-08-29T14:00:42+00:00","dateModified":"2024-06-20T15:36:23+00:00","breadcrumb":{"@id":"https:\/\/www.guides-sports-loisirs.ca\/pumptrack\/types-de-pumptracks\/#breadcrumb"},"inLanguage":"fr-FR","potentialAction":[{"@type":"ReadAction","target":["https:\/\/www.guides-sports-loisirs.ca\/pumptrack\/types-de-pumptracks\/"]}]},{"@type":"BreadcrumbList","@id":"https:\/\/www.guides-sports-loisirs.ca\/pumptrack\/types-de-pumptracks\/#breadcrumb","itemListElement":[{"@type":"ListItem","position":1,"name":"Accueil","item":"https:\/\/www.guides-sports-loisirs.ca\/pumptrack\/"},{"@type":"ListItem","position":2,"name":"Types de pumptracks"}]},{"@type":"WebSite","@id":"https:\/\/www.guides-sports-loisirs.ca\/pumptrack\/#website","url":"https:\/\/www.guides-sports-loisirs.ca\/pumptrack\/","name":"Pumptrack (piste \u00e0 rouleaux)","description":"pumptrack","potentialAction":[{"@type":"SearchAction","target":{"@type":"EntryPoint","urlTemplate":"https:\/\/www.guides-sports-loisirs.ca\/pumptrack\/?s={search_term_string}"},"query-input":{"@type":"PropertyValueSpecification","valueRequired":true,"valueName":"search_term_string"}}],"inLanguage":"fr-FR"}]}},"_links":{"self":[{"href":"https:\/\/www.guides-sports-loisirs.ca\/pumptrack\/wp-json\/wp\/v2\/pages\/4407","targetHints":{"allow":["GET"]}}],"collection":[{"href":"https:\/\/www.guides-sports-loisirs.ca\/pumptrack\/wp-json\/wp\/v2\/pages"}],"about":[{"href":"https:\/\/www.guides-sports-loisirs.ca\/pumptrack\/wp-json\/wp\/v2\/types\/page"}],"author":[{"embeddable":true,"href":"https:\/\/www.guides-sports-loisirs.ca\/pumptrack\/wp-json\/wp\/v2\/users\/11"}],"replies":[{"embeddable":true,"href":"https:\/\/www.guides-sports-loisirs.ca\/pumptrack\/wp-json\/wp\/v2\/comments?post=4407"}],"version-history":[{"count":31,"href":"https:\/\/www.guides-sports-loisirs.ca\/pumptrack\/wp-json\/wp\/v2\/pages\/4407\/revisions"}],"predecessor-version":[{"id":4955,"href":"https:\/\/www.guides-sports-loisirs.ca\/pumptrack\/wp-json\/wp\/v2\/pages\/4407\/revisions\/4955"}],"wp:attachment":[{"href":"https:\/\/www.guides-sports-loisirs.ca\/pumptrack\/wp-json\/wp\/v2\/media?parent=4407"}],"curies":[{"name":"wp","href":"https:\/\/api.w.org\/{rel}","templated":true}]}}