{"id":3855,"date":"2022-06-15T10:58:48","date_gmt":"2022-06-15T14:58:48","guid":{"rendered":"https:\/\/www.guides-sports-loisirs.ca\/pumptrack\/?page_id=3855"},"modified":"2024-06-25T17:37:30","modified_gmt":"2024-06-25T21:37:30","slug":"entretien-3","status":"publish","type":"page","link":"https:\/\/www.guides-sports-loisirs.ca\/pumptrack\/entretien-3\/","title":{"rendered":"Entretien"},"content":{"rendered":"<div class=\"wpb-content-wrapper\"><p>[vc_row][vc_column width=\u00a0\u00bb1\/1&Prime;][vc_column_text css=\u00a0\u00bb.vc_custom_1718219231672{margin-bottom: 20px !important;}\u00a0\u00bb]<strong>Les pumptracks asphalt\u00e9es tout comme les pumptracks modulaires <\/strong><strong>pr\u00e9fabriqu\u00e9es ont une tr\u00e8s longue dur\u00e9e de vie, leur entretien est minime. <\/strong><strong>Cependant, il est recommand\u00e9 d\u2019effectuer des visites d\u2019inspection tous les <\/strong><strong>semestres (d\u00e9but et fin de saison) afin de relever les r\u00e9parations \u00e0 faire <\/strong><strong>si n\u00e9cessaire. C\u2019est notamment important pour conserver le certificat <\/strong><strong>d\u2019homologation accord\u00e9 par la F\u00e9d\u00e9ration qu\u00e9b\u00e9coise des sports cyclistes.<\/strong>[\/vc_column_text][vc_column_text css=\u00a0\u00bb.vc_custom_1719335259771{margin-bottom: 20px !important;}\u00a0\u00bb]Le climat du Qu\u00e9bec fait en sorte que les pumptracks ont \u00e0 subir des \u00e9carts de temp\u00e9ratures extr\u00eames. Il est important de faire des inspections r\u00e9guli\u00e8res afin de s\u2019assurer que l\u2019infrastructure reste s\u00e9curitaire pour les usagers.<\/p>\n<p><strong>Propret\u00e9 de la surface<\/strong><br \/>\nLes impuret\u00e9s qui affectent l\u2019adh\u00e9rence des roues doivent \u00eatre \u00e9limin\u00e9es (sable, huile, feuilles, boue, etc.).<\/p>\n<p><strong>Zone de s\u00e9curit\u00e9 de 2500 mm<\/strong><br \/>\nV\u00e9rifiez autour de la piste. Il ne doit pas y avoir d\u2019objets ni d\u2019obstacles qui pr\u00e9sentent un risque pour la s\u00e9curit\u00e9.<\/p>\n<p><strong>\u00c9tat de la surface<\/strong><br \/>\nV\u00e9rifiez que la surface ne pr\u00e9sente pas de trous, de fissures profondes ou d\u2019autres d\u00e9fauts pouvant pr\u00e9senter un risque pour la s\u00e9curit\u00e9.<\/p>\n<p><strong>Abords<\/strong><br \/>\nEffectuez la tonte du gazon r\u00e9guli\u00e8rement (si applicable).<\/p>\n<p><strong>Drainage<\/strong><br \/>\nNettoyez les drains pour assurer une meilleure \u00e9vacuation de l\u2019eau.<\/p>\n<p><strong>Vandalisme<\/strong><br \/>\nEffacez les graffitis qui auraient pu \u00eatre faits sur la surface.<\/p>\n<p>&nbsp;<\/p>\n<h3><span style=\"color: #5d84bc;\"><strong>Particularit\u00e9s des pumptracks modulaires pr\u00e9fabriqu\u00e9es<\/strong><\/span><\/h3>\n<p><strong>Raccords<\/strong><br \/>\nV\u00e9rifiez que tous les raccords viss\u00e9s sont complets, bien ajust\u00e9s et non corrod\u00e9s.<\/p>\n<p><strong>Circulation d\u2019air<\/strong><br \/>\nV\u00e9rifiez les ouvertures de ventilation.<\/p>\n<p><strong>Stabilit\u00e9<\/strong><br \/>\nMarchez sur les modules pour v\u00e9rifier la stabilit\u00e9 de chacun.[\/vc_column_text][vc_column_text css=\u00a0\u00bb.vc_custom_1719335601802{margin-bottom: 20px !important;}\u00a0\u00bb]<\/p>\n<h3><strong>Fiche d\u2019entretien type<\/strong><\/h3>\n<p>[\/vc_column_text][vc_empty_space empty_h=\u00a0\u00bb2&Prime;][vc_single_image media=\u00a0\u00bb4913&Prime; media_lightbox=\u00a0\u00bbyes\u00a0\u00bb media_width_percent=\u00a0\u00bb65&Prime; alignment=\u00a0\u00bbcenter\u00a0\u00bb lbox_skin=\u00a0\u00bbwhite\u00a0\u00bb][\/vc_column][\/vc_row][vc_row][\/vc_row][vc_row][vc_column width=\u00a0\u00bb1\/3&Prime;][vc_column_text border_color=\u00a0\u00bbcolor-103660&Prime; border_style=\u00a0\u00bbsolid\u00a0\u00bb css=\u00a0\u00bb.vc_custom_1719335529801{padding-top: 15px !important;padding-right: 15px !important;padding-bottom: 15px !important;padding-left: 15px !important;}\u00a0\u00bb]<\/p>\n<h3><span class=\"font-966981\" style=\"color: #48b8e7;\"><strong>ANNEXE ET OUTIL PRATIQUE<\/strong><\/span><\/h3>\n<p><a href=\"https:\/\/www.guides-sports-loisirs.ca\/pumptrack\/wp-content\/uploads\/sites\/22\/2024\/06\/OP_FicheEntretienType-1.xlsx\">Exemple d&rsquo;une fiche d&rsquo;entretien type<\/a>[\/vc_column_text][\/vc_column][vc_column width=\u00a0\u00bb1\/3&Prime;][\/vc_column][vc_column width=\u00a0\u00bb1\/3&Prime;][\/vc_column][\/vc_row][vc_row row_height_percent=\u00a0\u00bb0&Prime; overlay_alpha=\u00a0\u00bb50&Prime; gutter_size=\u00a0\u00bb3&Prime; shift_y=\u00a0\u00bb0&Prime; css=\u00a0\u00bb.vc_custom_1569108843026{margin-bottom: 50px !important;}\u00a0\u00bb][vc_column width=\u00a0\u00bb1\/1&Prime;][vc_button button_color=\u00a0\u00bbaccent\u00a0\u00bb size=\u00a0\u00bbbtn-lg\u00a0\u00bb radius=\u00a0\u00bbbtn-circle\u00a0\u00bb border_width=\u00a0\u00bb0&Prime; link=\u00a0\u00bburl:https%3A%2F%2Fwww.guides-sports-loisirs.ca%2Fpumptrack%2Fwp-content%2Fuploads%2Fsites%2F22%2F2024%2F06%2F5.1_Entretien.pdf||target:%20_blank|\u00a0\u00bb icon=\u00a0\u00bbfa fa-file-o\u00a0\u00bb el_class=\u00a0\u00bbbtn-pdf\u00a0\u00bb]Version PDF[\/vc_button][\/vc_column][\/vc_row]<\/p>\n<\/div>","protected":false},"excerpt":{"rendered":"<p>[vc_row][vc_column width=\u00a0\u00bb1\/1&Prime;][vc_column_text css=\u00a0\u00bb.vc_custom_1718219231672{margin-bottom: 20px !important;}\u00a0\u00bb]Les pumptracks asphalt\u00e9es tout comme les pumptracks modulaires pr\u00e9fabriqu\u00e9es ont une tr\u00e8s longue dur\u00e9e de vie, [&hellip;]<\/p>\n","protected":false},"author":11,"featured_media":0,"parent":0,"menu_order":21,"comment_status":"closed","ping_status":"closed","template":"","meta":{"_acf_changed":false,"footnotes":""},"class_list":["post-3855","page","type-page","status-publish","hentry"],"acf":[],"yoast_head":"<!-- This site is optimized with the Yoast SEO plugin v27.2 - https:\/\/yoast.com\/product\/yoast-seo-wordpress\/ -->\n<title>Entretien - Pumptrack (piste \u00e0 rouleaux)<\/title>\n<meta name=\"robots\" content=\"index, follow, max-snippet:-1, max-image-preview:large, max-video-preview:-1\" \/>\n<link rel=\"canonical\" href=\"https:\/\/www.guides-sports-loisirs.ca\/pumptrack\/entretien-3\/\" \/>\n<meta property=\"og:locale\" content=\"fr_FR\" \/>\n<meta property=\"og:type\" content=\"article\" \/>\n<meta property=\"og:title\" content=\"Entretien - Pumptrack (piste \u00e0 rouleaux)\" \/>\n<meta property=\"og:description\" content=\"[vc_row][vc_column width=\u00a0\u00bb1\/1&Prime;][vc_column_text css=\u00a0\u00bb.vc_custom_1718219231672{margin-bottom: 20px !important;}\u00a0\u00bb]Les pumptracks asphalt\u00e9es tout comme les pumptracks modulaires pr\u00e9fabriqu\u00e9es ont une tr\u00e8s longue dur\u00e9e de vie, [&hellip;]\" \/>\n<meta property=\"og:url\" content=\"https:\/\/www.guides-sports-loisirs.ca\/pumptrack\/entretien-3\/\" \/>\n<meta property=\"og:site_name\" content=\"Pumptrack (piste \u00e0 rouleaux)\" \/>\n<meta property=\"article:modified_time\" content=\"2024-06-25T21:37:30+00:00\" \/>\n<meta name=\"twitter:card\" content=\"summary_large_image\" \/>\n<meta name=\"twitter:label1\" content=\"Dur\u00e9e de lecture estim\u00e9e\" \/>\n\t<meta name=\"twitter:data1\" content=\"2 minutes\" \/>\n<script type=\"application\/ld+json\" class=\"yoast-schema-graph\">{\"@context\":\"https:\/\/schema.org\",\"@graph\":[{\"@type\":\"WebPage\",\"@id\":\"https:\/\/www.guides-sports-loisirs.ca\/pumptrack\/entretien-3\/\",\"url\":\"https:\/\/www.guides-sports-loisirs.ca\/pumptrack\/entretien-3\/\",\"name\":\"Entretien - Pumptrack (piste \u00e0 rouleaux)\",\"isPartOf\":{\"@id\":\"https:\/\/www.guides-sports-loisirs.ca\/pumptrack\/#website\"},\"datePublished\":\"2022-06-15T14:58:48+00:00\",\"dateModified\":\"2024-06-25T21:37:30+00:00\",\"breadcrumb\":{\"@id\":\"https:\/\/www.guides-sports-loisirs.ca\/pumptrack\/entretien-3\/#breadcrumb\"},\"inLanguage\":\"fr-FR\",\"potentialAction\":[{\"@type\":\"ReadAction\",\"target\":[\"https:\/\/www.guides-sports-loisirs.ca\/pumptrack\/entretien-3\/\"]}]},{\"@type\":\"BreadcrumbList\",\"@id\":\"https:\/\/www.guides-sports-loisirs.ca\/pumptrack\/entretien-3\/#breadcrumb\",\"itemListElement\":[{\"@type\":\"ListItem\",\"position\":1,\"name\":\"Accueil\",\"item\":\"https:\/\/www.guides-sports-loisirs.ca\/pumptrack\/\"},{\"@type\":\"ListItem\",\"position\":2,\"name\":\"Entretien\"}]},{\"@type\":\"WebSite\",\"@id\":\"https:\/\/www.guides-sports-loisirs.ca\/pumptrack\/#website\",\"url\":\"https:\/\/www.guides-sports-loisirs.ca\/pumptrack\/\",\"name\":\"Pumptrack (piste \u00e0 rouleaux)\",\"description\":\"pumptrack\",\"potentialAction\":[{\"@type\":\"SearchAction\",\"target\":{\"@type\":\"EntryPoint\",\"urlTemplate\":\"https:\/\/www.guides-sports-loisirs.ca\/pumptrack\/?s={search_term_string}\"},\"query-input\":{\"@type\":\"PropertyValueSpecification\",\"valueRequired\":true,\"valueName\":\"search_term_string\"}}],\"inLanguage\":\"fr-FR\"}]}<\/script>\n<!-- \/ Yoast SEO plugin. -->","yoast_head_json":{"title":"Entretien - Pumptrack (piste \u00e0 rouleaux)","robots":{"index":"index","follow":"follow","max-snippet":"max-snippet:-1","max-image-preview":"max-image-preview:large","max-video-preview":"max-video-preview:-1"},"canonical":"https:\/\/www.guides-sports-loisirs.ca\/pumptrack\/entretien-3\/","og_locale":"fr_FR","og_type":"article","og_title":"Entretien - Pumptrack (piste \u00e0 rouleaux)","og_description":"[vc_row][vc_column width=\u00a0\u00bb1\/1&Prime;][vc_column_text css=\u00a0\u00bb.vc_custom_1718219231672{margin-bottom: 20px !important;}\u00a0\u00bb]Les pumptracks asphalt\u00e9es tout comme les pumptracks modulaires pr\u00e9fabriqu\u00e9es ont une tr\u00e8s longue dur\u00e9e de vie, [&hellip;]","og_url":"https:\/\/www.guides-sports-loisirs.ca\/pumptrack\/entretien-3\/","og_site_name":"Pumptrack (piste \u00e0 rouleaux)","article_modified_time":"2024-06-25T21:37:30+00:00","twitter_card":"summary_large_image","twitter_misc":{"Dur\u00e9e de lecture estim\u00e9e":"2 minutes"},"schema":{"@context":"https:\/\/schema.org","@graph":[{"@type":"WebPage","@id":"https:\/\/www.guides-sports-loisirs.ca\/pumptrack\/entretien-3\/","url":"https:\/\/www.guides-sports-loisirs.ca\/pumptrack\/entretien-3\/","name":"Entretien - Pumptrack (piste \u00e0 rouleaux)","isPartOf":{"@id":"https:\/\/www.guides-sports-loisirs.ca\/pumptrack\/#website"},"datePublished":"2022-06-15T14:58:48+00:00","dateModified":"2024-06-25T21:37:30+00:00","breadcrumb":{"@id":"https:\/\/www.guides-sports-loisirs.ca\/pumptrack\/entretien-3\/#breadcrumb"},"inLanguage":"fr-FR","potentialAction":[{"@type":"ReadAction","target":["https:\/\/www.guides-sports-loisirs.ca\/pumptrack\/entretien-3\/"]}]},{"@type":"BreadcrumbList","@id":"https:\/\/www.guides-sports-loisirs.ca\/pumptrack\/entretien-3\/#breadcrumb","itemListElement":[{"@type":"ListItem","position":1,"name":"Accueil","item":"https:\/\/www.guides-sports-loisirs.ca\/pumptrack\/"},{"@type":"ListItem","position":2,"name":"Entretien"}]},{"@type":"WebSite","@id":"https:\/\/www.guides-sports-loisirs.ca\/pumptrack\/#website","url":"https:\/\/www.guides-sports-loisirs.ca\/pumptrack\/","name":"Pumptrack (piste \u00e0 rouleaux)","description":"pumptrack","potentialAction":[{"@type":"SearchAction","target":{"@type":"EntryPoint","urlTemplate":"https:\/\/www.guides-sports-loisirs.ca\/pumptrack\/?s={search_term_string}"},"query-input":{"@type":"PropertyValueSpecification","valueRequired":true,"valueName":"search_term_string"}}],"inLanguage":"fr-FR"}]}},"_links":{"self":[{"href":"https:\/\/www.guides-sports-loisirs.ca\/pumptrack\/wp-json\/wp\/v2\/pages\/3855","targetHints":{"allow":["GET"]}}],"collection":[{"href":"https:\/\/www.guides-sports-loisirs.ca\/pumptrack\/wp-json\/wp\/v2\/pages"}],"about":[{"href":"https:\/\/www.guides-sports-loisirs.ca\/pumptrack\/wp-json\/wp\/v2\/types\/page"}],"author":[{"embeddable":true,"href":"https:\/\/www.guides-sports-loisirs.ca\/pumptrack\/wp-json\/wp\/v2\/users\/11"}],"replies":[{"embeddable":true,"href":"https:\/\/www.guides-sports-loisirs.ca\/pumptrack\/wp-json\/wp\/v2\/comments?post=3855"}],"version-history":[{"count":53,"href":"https:\/\/www.guides-sports-loisirs.ca\/pumptrack\/wp-json\/wp\/v2\/pages\/3855\/revisions"}],"predecessor-version":[{"id":4999,"href":"https:\/\/www.guides-sports-loisirs.ca\/pumptrack\/wp-json\/wp\/v2\/pages\/3855\/revisions\/4999"}],"wp:attachment":[{"href":"https:\/\/www.guides-sports-loisirs.ca\/pumptrack\/wp-json\/wp\/v2\/media?parent=3855"}],"curies":[{"name":"wp","href":"https:\/\/api.w.org\/{rel}","templated":true}]}}