{"id":3793,"date":"2022-06-10T13:03:58","date_gmt":"2022-06-10T17:03:58","guid":{"rendered":"https:\/\/www.guides-sports-loisirs.ca\/pumptrack\/?page_id=3793"},"modified":"2024-06-20T14:44:08","modified_gmt":"2024-06-20T18:44:08","slug":"analyse-besoins-et-environnement","status":"publish","type":"page","link":"https:\/\/www.guides-sports-loisirs.ca\/pumptrack\/planification\/analyse-besoins-et-environnement\/","title":{"rendered":"Analyse des besoins et de l&rsquo;environnement"},"content":{"rendered":"<div class=\"wpb-content-wrapper\"><p>[vc_row][vc_column width=\u00a0\u00bb1\/1&Prime;][vc_column_text]<strong>Afin de r\u00e9pondre \u00e0 la demande des usagers, plusieurs facteurs sont \u00e0 prendre en consid\u00e9ration. La consultation des citoyens est importante pour \u00e9tablir ou consolider le lien de confiance, favoriser l\u2019engagement et s\u2019assurer que les installations r\u00e9pondront convenablement \u00e0 la demande.<\/strong><\/p>\n<p><strong>Plusieurs moyens permettent de recueillir les donn\u00e9es :<\/strong><br \/>\n<strong>\u2022 Entrer en contact directement avec les citoyens \u00e0 l\u2019aide d\u2019un comit\u00e9 ad hoc<\/strong><br \/>\n<strong>\u2022 R\u00e9aliser un sondage<\/strong><br \/>\n<strong>\u2022 Tenir des rencontres publiques ouvertes \u00e0 tous<\/strong>[\/vc_column_text][vc_accordion][vc_accordion_tab title=\u00a0\u00bbDIMENSIONS\u00a0\u00bb tab_id=\u00a0\u00bb1654877396-1-57&Prime;][vc_column_text]Le nombre d\u2019habitants de votre municipalit\u00e9 peut vous donner une bonne id\u00e9e de la superficie de terrain<sup>3<\/sup> requise pour votre pumptrack.<\/p>\n<p>Les dimensions ci-dessous sont des estimations :<br \/>\n\u2022 5 000 habitants : entre 900 et 1 400 m<sup>2<\/sup><br \/>\n\u2022 10 000 habitants : entre 1 500 et 2 400 m<sup>2<\/sup><br \/>\n\u2022 20 000 habitants : 2 500 m<sup>2<\/sup> et plus<\/p>\n<p>La surface de roulement fait r\u00e9f\u00e9rence \u00e0 la partie de la piste sur laquelle les usagers vont se d\u00e9placer. Elle est g\u00e9n\u00e9ralement asphalt\u00e9e ou en polym\u00e8re renforc\u00e9 si l\u2019infrastructure est modulaire.<\/p>\n<p>La zone de terrassement est l\u2019endroit o\u00f9 l\u2019on creusera et d\u00e9placera la terre pour pouvoir am\u00e9nager la pumptrack.[\/vc_column_text][vc_empty_space empty_h=\u00a0\u00bb2&Prime;][vc_single_image media=\u00a0\u00bb4907&Prime; media_lightbox=\u00a0\u00bbyes\u00a0\u00bb media_width_percent=\u00a0\u00bb65&Prime; alignment=\u00a0\u00bbcenter\u00a0\u00bb lbox_skin=\u00a0\u00bbwhite\u00a0\u00bb][vc_empty_space empty_h=\u00a0\u00bb2&Prime;][vc_column_text]<\/p>\n<hr \/>\n<p><strong>[3] <\/strong>Superficie de terrain = surface de roulement + terrassement (d\u00e9finir la surface de roulement et le terrassement)[\/vc_column_text][\/vc_accordion_tab][vc_accordion_tab title=\u00a0\u00bbNIVEAUX D\u2019HABILET\u00c9\u00a0\u00bb tab_id=\u00a0\u00bb1662147024368-1-4&Prime;][vc_column_text]Une pumptrack est une installation qui favorise le d\u00e9veloppement des habilet\u00e9s cyclistes des jeunes et des moins jeunes. Elle permet d\u2019acqu\u00e9rir une bonne technique d\u2019\u00e9quilibre sur le v\u00e9lo (ou autre engin mobile), mais aussi une bonne technique de pilotage pour un maximum de sensation sans grande prise de risque.<\/p>\n<p>Les novices pompent les bosses sans d\u00e9coller les roues du sol tout en poussant avec les jambes et les bras en mettant \u00e0 profit le relief des obstacles. Les plus habitu\u00e9s vont sauter ou passer les bosses sur la roue arri\u00e8re, en vertu d\u2019une technique qu\u2019on appelle \u00ab manual \u00bb. Voici les trois niveaux d\u2019habilet\u00e9s et les techniques d\u00e9velopp\u00e9es :[\/vc_column_text][vc_empty_space empty_h=\u00a0\u00bb2&Prime;][vc_row_inner row_inner_height_percent=\u00a0\u00bb0&Prime; overlay_alpha=\u00a0\u00bb50&Prime; gutter_size=\u00a0\u00bb3&Prime; shift_y=\u00a0\u00bb0&Prime; z_index=\u00a0\u00bb0&Prime; enable_top_divider=\u00a0\u00bbcustom\u00a0\u00bb shape_top_h_use_pixel=\u00a0\u00bb\u00a0\u00bb shape_top_height=\u00a0\u00bb150&Prime; shape_top_color=\u00a0\u00bbcolor-401217&Prime; shape_top_opacity=\u00a0\u00bb100&Prime; shape_top_index=\u00a0\u00bb0&Prime; shape_dividers=\u00a0\u00bb\u00a0\u00bb][vc_column_inner width=\u00a0\u00bb1\/3&Prime;][vc_column_text]<\/p>\n<h3><span style=\"color: #5d84bc;\"><strong>Niveau d\u00e9butant<\/strong><\/span><\/h3>\n<p>D\u00e9veloppement de l\u2019\u00e9quilibre et de la coordination.[\/vc_column_text][\/vc_column_inner][vc_column_inner width=\u00a0\u00bb1\/3&Prime;][vc_column_text]<\/p>\n<h3><strong><span style=\"color: #5d84bc;\">Niveau interm\u00e9diaire<\/span><\/strong><\/h3>\n<p>Perfectionnement de la technique de pilotage et apprentissage de la gestion de la vitesse.[\/vc_column_text][\/vc_column_inner][vc_column_inner width=\u00a0\u00bb1\/3&Prime;][vc_column_text]<\/p>\n<h3><span style=\"color: #5d84bc;\"><strong>Niveau expert<\/strong><\/span><\/h3>\n<p>Recherche de lignes vari\u00e9es en fonction du design de la pumptrack et affinement de la position dans les courbes pour gagner de la vitesse.[\/vc_column_text][\/vc_column_inner][\/vc_row_inner][vc_empty_space empty_h=\u00a0\u00bb2&Prime;][vc_column_text]Une telle infrastructure peut contribuer \u00e0 la promotion des saines habitudes de vie. Vos r\u00e9sidents pourront se montrer plus actifs et d\u00e9velopper leurs capacit\u00e9s motrices.<\/p>\n<p>Il est important de conna\u00eetre le profil des utilisateurs qui fr\u00e9quenteront la pumptrack afin de conna\u00eetre leurs niveaux d\u2019habilet\u00e9 et de r\u00e9pondre \u00e0 leurs besoins. Il est possible d\u2019accueillir plusieurs niveaux d\u2019habilet\u00e9 sur une m\u00eame infrastructure.[\/vc_column_text][\/vc_accordion_tab][\/vc_accordion][\/vc_column][\/vc_row][vc_row][\/vc_row][vc_row row_height_percent=\u00a0\u00bb0&Prime; overlay_alpha=\u00a0\u00bb50&Prime; gutter_size=\u00a0\u00bb3&Prime; shift_y=\u00a0\u00bb0&Prime; css=\u00a0\u00bb.vc_custom_1569108843026{margin-bottom: 50px !important;}\u00a0\u00bb][vc_column width=\u00a0\u00bb1\/1&Prime;][vc_button button_color=\u00a0\u00bbaccent\u00a0\u00bb size=\u00a0\u00bbbtn-lg\u00a0\u00bb radius=\u00a0\u00bbbtn-circle\u00a0\u00bb border_width=\u00a0\u00bb0&Prime; link=\u00a0\u00bburl:https%3A%2F%2Fwww.guides-sports-loisirs.ca%2Fpumptrack%2Fwp-content%2Fuploads%2Fsites%2F22%2F2024%2F06%2F2.2_AnalyseBesoinsEnvironnement.pdf||target:%20_blank|\u00a0\u00bb icon=\u00a0\u00bbfa fa-file-o\u00a0\u00bb el_class=\u00a0\u00bbbtn-pdf\u00a0\u00bb]Version PDF[\/vc_button][\/vc_column][\/vc_row]<\/p>\n<\/div>","protected":false},"excerpt":{"rendered":"<p>[vc_row][vc_column width=\u00a0\u00bb1\/1&Prime;][vc_column_text]Afin de r\u00e9pondre \u00e0 la demande des usagers, plusieurs facteurs sont \u00e0 prendre en consid\u00e9ration. La consultation des citoyens [&hellip;]<\/p>\n","protected":false},"author":11,"featured_media":0,"parent":2016,"menu_order":10,"comment_status":"closed","ping_status":"closed","template":"","meta":{"_acf_changed":false,"footnotes":""},"class_list":["post-3793","page","type-page","status-publish","hentry"],"acf":[],"yoast_head":"<!-- This site is optimized with the Yoast SEO plugin v27.2 - https:\/\/yoast.com\/product\/yoast-seo-wordpress\/ -->\n<title>Analyse des besoins et de l&#039;environnement - Pumptrack (piste \u00e0 rouleaux)<\/title>\n<meta name=\"robots\" content=\"index, follow, max-snippet:-1, max-image-preview:large, max-video-preview:-1\" \/>\n<link rel=\"canonical\" href=\"https:\/\/www.guides-sports-loisirs.ca\/pumptrack\/planification\/analyse-besoins-et-environnement\/\" \/>\n<meta property=\"og:locale\" content=\"fr_FR\" \/>\n<meta property=\"og:type\" content=\"article\" \/>\n<meta property=\"og:title\" content=\"Analyse des besoins et de l&#039;environnement - Pumptrack (piste \u00e0 rouleaux)\" \/>\n<meta property=\"og:description\" content=\"[vc_row][vc_column width=\u00a0\u00bb1\/1&Prime;][vc_column_text]Afin de r\u00e9pondre \u00e0 la demande des usagers, plusieurs facteurs sont \u00e0 prendre en consid\u00e9ration. La consultation des citoyens [&hellip;]\" \/>\n<meta property=\"og:url\" content=\"https:\/\/www.guides-sports-loisirs.ca\/pumptrack\/planification\/analyse-besoins-et-environnement\/\" \/>\n<meta property=\"og:site_name\" content=\"Pumptrack (piste \u00e0 rouleaux)\" \/>\n<meta property=\"article:modified_time\" content=\"2024-06-20T18:44:08+00:00\" \/>\n<meta name=\"twitter:card\" content=\"summary_large_image\" \/>\n<meta name=\"twitter:label1\" content=\"Dur\u00e9e de lecture estim\u00e9e\" \/>\n\t<meta name=\"twitter:data1\" content=\"3 minutes\" \/>\n<script type=\"application\/ld+json\" class=\"yoast-schema-graph\">{\"@context\":\"https:\/\/schema.org\",\"@graph\":[{\"@type\":\"WebPage\",\"@id\":\"https:\/\/www.guides-sports-loisirs.ca\/pumptrack\/planification\/analyse-besoins-et-environnement\/\",\"url\":\"https:\/\/www.guides-sports-loisirs.ca\/pumptrack\/planification\/analyse-besoins-et-environnement\/\",\"name\":\"Analyse des besoins et de l'environnement - Pumptrack (piste \u00e0 rouleaux)\",\"isPartOf\":{\"@id\":\"https:\/\/www.guides-sports-loisirs.ca\/pumptrack\/#website\"},\"datePublished\":\"2022-06-10T17:03:58+00:00\",\"dateModified\":\"2024-06-20T18:44:08+00:00\",\"breadcrumb\":{\"@id\":\"https:\/\/www.guides-sports-loisirs.ca\/pumptrack\/planification\/analyse-besoins-et-environnement\/#breadcrumb\"},\"inLanguage\":\"fr-FR\",\"potentialAction\":[{\"@type\":\"ReadAction\",\"target\":[\"https:\/\/www.guides-sports-loisirs.ca\/pumptrack\/planification\/analyse-besoins-et-environnement\/\"]}]},{\"@type\":\"BreadcrumbList\",\"@id\":\"https:\/\/www.guides-sports-loisirs.ca\/pumptrack\/planification\/analyse-besoins-et-environnement\/#breadcrumb\",\"itemListElement\":[{\"@type\":\"ListItem\",\"position\":1,\"name\":\"Accueil\",\"item\":\"https:\/\/www.guides-sports-loisirs.ca\/pumptrack\/\"},{\"@type\":\"ListItem\",\"position\":2,\"name\":\"Planification\",\"item\":\"https:\/\/www.guides-sports-loisirs.ca\/pumptrack\/planification\/\"},{\"@type\":\"ListItem\",\"position\":3,\"name\":\"Analyse des besoins et de l&rsquo;environnement\"}]},{\"@type\":\"WebSite\",\"@id\":\"https:\/\/www.guides-sports-loisirs.ca\/pumptrack\/#website\",\"url\":\"https:\/\/www.guides-sports-loisirs.ca\/pumptrack\/\",\"name\":\"Pumptrack (piste \u00e0 rouleaux)\",\"description\":\"pumptrack\",\"potentialAction\":[{\"@type\":\"SearchAction\",\"target\":{\"@type\":\"EntryPoint\",\"urlTemplate\":\"https:\/\/www.guides-sports-loisirs.ca\/pumptrack\/?s={search_term_string}\"},\"query-input\":{\"@type\":\"PropertyValueSpecification\",\"valueRequired\":true,\"valueName\":\"search_term_string\"}}],\"inLanguage\":\"fr-FR\"}]}<\/script>\n<!-- \/ Yoast SEO plugin. -->","yoast_head_json":{"title":"Analyse des besoins et de l'environnement - Pumptrack (piste \u00e0 rouleaux)","robots":{"index":"index","follow":"follow","max-snippet":"max-snippet:-1","max-image-preview":"max-image-preview:large","max-video-preview":"max-video-preview:-1"},"canonical":"https:\/\/www.guides-sports-loisirs.ca\/pumptrack\/planification\/analyse-besoins-et-environnement\/","og_locale":"fr_FR","og_type":"article","og_title":"Analyse des besoins et de l'environnement - Pumptrack (piste \u00e0 rouleaux)","og_description":"[vc_row][vc_column width=\u00a0\u00bb1\/1&Prime;][vc_column_text]Afin de r\u00e9pondre \u00e0 la demande des usagers, plusieurs facteurs sont \u00e0 prendre en consid\u00e9ration. La consultation des citoyens [&hellip;]","og_url":"https:\/\/www.guides-sports-loisirs.ca\/pumptrack\/planification\/analyse-besoins-et-environnement\/","og_site_name":"Pumptrack (piste \u00e0 rouleaux)","article_modified_time":"2024-06-20T18:44:08+00:00","twitter_card":"summary_large_image","twitter_misc":{"Dur\u00e9e de lecture estim\u00e9e":"3 minutes"},"schema":{"@context":"https:\/\/schema.org","@graph":[{"@type":"WebPage","@id":"https:\/\/www.guides-sports-loisirs.ca\/pumptrack\/planification\/analyse-besoins-et-environnement\/","url":"https:\/\/www.guides-sports-loisirs.ca\/pumptrack\/planification\/analyse-besoins-et-environnement\/","name":"Analyse des besoins et de l'environnement - Pumptrack (piste \u00e0 rouleaux)","isPartOf":{"@id":"https:\/\/www.guides-sports-loisirs.ca\/pumptrack\/#website"},"datePublished":"2022-06-10T17:03:58+00:00","dateModified":"2024-06-20T18:44:08+00:00","breadcrumb":{"@id":"https:\/\/www.guides-sports-loisirs.ca\/pumptrack\/planification\/analyse-besoins-et-environnement\/#breadcrumb"},"inLanguage":"fr-FR","potentialAction":[{"@type":"ReadAction","target":["https:\/\/www.guides-sports-loisirs.ca\/pumptrack\/planification\/analyse-besoins-et-environnement\/"]}]},{"@type":"BreadcrumbList","@id":"https:\/\/www.guides-sports-loisirs.ca\/pumptrack\/planification\/analyse-besoins-et-environnement\/#breadcrumb","itemListElement":[{"@type":"ListItem","position":1,"name":"Accueil","item":"https:\/\/www.guides-sports-loisirs.ca\/pumptrack\/"},{"@type":"ListItem","position":2,"name":"Planification","item":"https:\/\/www.guides-sports-loisirs.ca\/pumptrack\/planification\/"},{"@type":"ListItem","position":3,"name":"Analyse des besoins et de l&rsquo;environnement"}]},{"@type":"WebSite","@id":"https:\/\/www.guides-sports-loisirs.ca\/pumptrack\/#website","url":"https:\/\/www.guides-sports-loisirs.ca\/pumptrack\/","name":"Pumptrack (piste \u00e0 rouleaux)","description":"pumptrack","potentialAction":[{"@type":"SearchAction","target":{"@type":"EntryPoint","urlTemplate":"https:\/\/www.guides-sports-loisirs.ca\/pumptrack\/?s={search_term_string}"},"query-input":{"@type":"PropertyValueSpecification","valueRequired":true,"valueName":"search_term_string"}}],"inLanguage":"fr-FR"}]}},"_links":{"self":[{"href":"https:\/\/www.guides-sports-loisirs.ca\/pumptrack\/wp-json\/wp\/v2\/pages\/3793","targetHints":{"allow":["GET"]}}],"collection":[{"href":"https:\/\/www.guides-sports-loisirs.ca\/pumptrack\/wp-json\/wp\/v2\/pages"}],"about":[{"href":"https:\/\/www.guides-sports-loisirs.ca\/pumptrack\/wp-json\/wp\/v2\/types\/page"}],"author":[{"embeddable":true,"href":"https:\/\/www.guides-sports-loisirs.ca\/pumptrack\/wp-json\/wp\/v2\/users\/11"}],"replies":[{"embeddable":true,"href":"https:\/\/www.guides-sports-loisirs.ca\/pumptrack\/wp-json\/wp\/v2\/comments?post=3793"}],"version-history":[{"count":26,"href":"https:\/\/www.guides-sports-loisirs.ca\/pumptrack\/wp-json\/wp\/v2\/pages\/3793\/revisions"}],"predecessor-version":[{"id":3795,"href":"https:\/\/www.guides-sports-loisirs.ca\/pumptrack\/wp-json\/wp\/v2\/pages\/3793\/revisions\/3795"}],"up":[{"embeddable":true,"href":"https:\/\/www.guides-sports-loisirs.ca\/pumptrack\/wp-json\/wp\/v2\/pages\/2016"}],"wp:attachment":[{"href":"https:\/\/www.guides-sports-loisirs.ca\/pumptrack\/wp-json\/wp\/v2\/media?parent=3793"}],"curies":[{"name":"wp","href":"https:\/\/api.w.org\/{rel}","templated":true}]}}