{"id":3773,"date":"2022-06-07T10:58:25","date_gmt":"2022-06-07T14:58:25","guid":{"rendered":"https:\/\/www.guides-sports-loisirs.ca\/pumptrack\/?page_id=3773"},"modified":"2024-06-20T16:11:54","modified_gmt":"2024-06-20T20:11:54","slug":"choix-du-site-2","status":"publish","type":"page","link":"https:\/\/www.guides-sports-loisirs.ca\/pumptrack\/planification\/choix-du-site-2\/","title":{"rendered":"Choix du site"},"content":{"rendered":"<div class=\"wpb-content-wrapper\"><p>[vc_row][vc_column width=\u00a0\u00bb1\/1&Prime;][vc_column_text]<strong>L\u2019emplacement du site aura un impact significatif sur plusieurs aspects <\/strong><strong>de la pumptrack, notamment la s\u00e9curit\u00e9, l\u2019affluence et la convivialit\u00e9. Un <\/strong><strong>mauvais choix de terrain peut causer des probl\u00e8mes \u00e0 plusieurs \u00e9gards.<\/strong>[\/vc_column_text][vc_accordion][vc_accordion_tab title=\u00a0\u00bbDIMENSION DU SITE\u00a0\u00bb tab_id=\u00a0\u00bb1654871767-1-11&Prime;][vc_column_text]Lors du choix du site, il est important de tenir compte non seulement de la dimension de la surface de roulement, mais \u00e9galement du terrassement et de la surface totale n\u00e9cessaire \u00e0 la construction.<\/p>\n<p>Voici un exemple de pumptrack et des zones \u00e0 prendre en consid\u00e9ration :[\/vc_column_text][vc_empty_space empty_h=\u00a0\u00bb2&Prime;][vc_single_image media=\u00a0\u00bb4911&Prime; media_lightbox=\u00a0\u00bbyes\u00a0\u00bb media_width_percent=\u00a0\u00bb65&Prime; alignment=\u00a0\u00bbcenter\u00a0\u00bb lbox_skin=\u00a0\u00bbwhite\u00a0\u00bb][vc_empty_space empty_h=\u00a0\u00bb2&Prime;][\/vc_accordion_tab][vc_accordion_tab title=\u00a0\u00bbPROXIMIT\u00c9\u00a0\u00bb tab_id=\u00a0\u00bb1654871767-2-39&Prime;][vc_column_text]\u00c0 des fins d\u2019accessibilit\u00e9, il convient de prendre en compte les distances que les usagers cibl\u00e9s auront \u00e0 parcourir pour acc\u00e9der au site et les modes de transport. L\u2019emplacement devrait \u00eatre le plus central possible pour r\u00e9duire les trajets \u00e0 effectuer non seulement \u00e0 partir des r\u00e9sidences des usagers, mais aussi des lieux qu\u2019ils fr\u00e9quentent r\u00e9guli\u00e8rement.<\/p>\n<p>La pumptrack doit \u00eatre install\u00e9e dans une zone strat\u00e9gique afin de promouvoir le transport actif. Il est recommand\u00e9 qu\u2019elle soit proche d\u2019une piste cyclable, mais aussi \u00e0 proximit\u00e9 d\u2019un arr\u00eat de transport collectif.<\/p>\n<p>On tiendra compte de la proximit\u00e9 avec les lieux suivants :<br \/>\n\u2022 \u00c9coles<br \/>\n\u2022 Maisons des jeunes<br \/>\n\u2022 Gares de transport en commun<br \/>\n\u2022 Centres sportifs<br \/>\n\u2022 Parcs<br \/>\n\u2022 Commerces<\/p>\n<p>Une pumptrack install\u00e9e dans une zone g\u00e9n\u00e9ralement passante ou assez fr\u00e9quent\u00e9e va permettre \u00e0 l\u2019installation d\u2019\u00eatre visible et de rester achaland\u00e9e m\u00eame en dehors des p\u00e9riodes d\u2019affluence.[\/vc_column_text][\/vc_accordion_tab][vc_accordion_tab title=\u00a0\u00bbINSTALLATIONS COMPL\u00c9MENTAIRES\u00a0\u00bb tab_id=\u00a0\u00bb1662148936595-2-0&Prime;][vc_column_text]Il ne faut pas seulement pr\u00e9voir l\u2019espace pour la pratique des activit\u00e9s sportives, mais aussi l\u2019espace pour toute une s\u00e9rie d\u2019installations et de services compl\u00e9mentaires.<\/p>\n<p>&nbsp;<\/p>\n<h3><span style=\"color: #5d84bc;\"><strong>Stationnement<\/strong><\/span><\/h3>\n<p>Si les usagers s\u2019y rendent en voiture, il est important de pr\u00e9voir un stationnement avec un nombre de cases appropri\u00e9 de fa\u00e7on que les voitures ne se retrouvent pas un peu partout aux alentours.<\/p>\n<p>&nbsp;<\/p>\n<h3><strong><span style=\"color: #5d84bc;\">Aire de repos<\/span><\/strong><\/h3>\n<p>Les usagers se rendent g\u00e9n\u00e9ralement \u00e0 la pumptrack pour plusieurs heures. Une aire de repos peut donc \u00eatre utile, assortie de tables \u00e0 pique-nique, de toilettes, de bancs, de poubelles et d\u2019une zone pour remplir les bouteilles d\u2019eau. L\u2019espace sera beaucoup plus agr\u00e9able et les usagers y resteront plus longtemps.<\/p>\n<p>&nbsp;<\/p>\n<h3><strong><span style=\"color: #5d84bc;\">Am\u00e9nagement paysager<\/span><\/strong><\/h3>\n<p>L\u2019am\u00e9nagement paysager doit \u00eatre effectu\u00e9 \u00e0 la fin des travaux afin de rendre l\u2019infrastructure plus agr\u00e9able. Il est fortement conseill\u00e9 de gazonner le pourtour de la pumptrack.<\/p>\n<p>Deux options :<br \/>\n\u2022 Gazon en plaques<br \/>\n\u2022 Ensemencement hydraulique<\/p>\n<p>L\u2019ajout d\u2019arbres autour de la pumptrack cr\u00e9era des zones d\u2019ombrage.<\/p>\n<p>Il est avantageux d\u2019am\u00e9nager une pumptrack \u00e0 un endroit o\u00f9 tous ces services sont d\u00e9j\u00e0 disponibles ou faciles \u00e0 implanter pour limiter les d\u00e9penses.[\/vc_column_text][\/vc_accordion_tab][\/vc_accordion][\/vc_column][\/vc_row][vc_row][\/vc_row][vc_row row_height_percent=\u00a0\u00bb0&Prime; overlay_alpha=\u00a0\u00bb50&Prime; gutter_size=\u00a0\u00bb3&Prime; shift_y=\u00a0\u00bb0&Prime; css=\u00a0\u00bb.vc_custom_1569108843026{margin-bottom: 50px !important;}\u00a0\u00bb][vc_column width=\u00a0\u00bb1\/1&Prime;][vc_button button_color=\u00a0\u00bbaccent\u00a0\u00bb size=\u00a0\u00bbbtn-lg\u00a0\u00bb radius=\u00a0\u00bbbtn-circle\u00a0\u00bb border_width=\u00a0\u00bb0&Prime; link=\u00a0\u00bburl:https%3A%2F%2Fwww.guides-sports-loisirs.ca%2Fpumptrack%2Fwp-content%2Fuploads%2Fsites%2F22%2F2024%2F06%2F2.4_ChoixSite.pdf||target:%20_blank|\u00a0\u00bb icon=\u00a0\u00bbfa fa-file-o\u00a0\u00bb el_class=\u00a0\u00bbbtn-pdf\u00a0\u00bb]Version PDF[\/vc_button][\/vc_column][\/vc_row]<\/p>\n<\/div>","protected":false},"excerpt":{"rendered":"<p>[vc_row][vc_column width=\u00a0\u00bb1\/1&Prime;][vc_column_text]L\u2019emplacement du site aura un impact significatif sur plusieurs aspects de la pumptrack, notamment la s\u00e9curit\u00e9, l\u2019affluence et la [&hellip;]<\/p>\n","protected":false},"author":11,"featured_media":0,"parent":2016,"menu_order":10,"comment_status":"closed","ping_status":"closed","template":"","meta":{"_acf_changed":false,"footnotes":""},"class_list":["post-3773","page","type-page","status-publish","hentry"],"acf":[],"yoast_head":"<!-- This site is optimized with the Yoast SEO plugin v27.4 - https:\/\/yoast.com\/product\/yoast-seo-wordpress\/ -->\n<title>Choix du site - Pumptrack (piste \u00e0 rouleaux)<\/title>\n<meta name=\"robots\" content=\"index, follow, max-snippet:-1, max-image-preview:large, max-video-preview:-1\" \/>\n<link rel=\"canonical\" href=\"https:\/\/www.guides-sports-loisirs.ca\/pumptrack\/planification\/choix-du-site-2\/\" \/>\n<meta property=\"og:locale\" content=\"fr_FR\" \/>\n<meta property=\"og:type\" content=\"article\" \/>\n<meta property=\"og:title\" content=\"Choix du site - Pumptrack (piste \u00e0 rouleaux)\" \/>\n<meta property=\"og:description\" content=\"[vc_row][vc_column width=\u00a0\u00bb1\/1&Prime;][vc_column_text]L\u2019emplacement du site aura un impact significatif sur plusieurs aspects de la pumptrack, notamment la s\u00e9curit\u00e9, l\u2019affluence et la [&hellip;]\" \/>\n<meta property=\"og:url\" content=\"https:\/\/www.guides-sports-loisirs.ca\/pumptrack\/planification\/choix-du-site-2\/\" \/>\n<meta property=\"og:site_name\" content=\"Pumptrack (piste \u00e0 rouleaux)\" \/>\n<meta property=\"article:modified_time\" content=\"2024-06-20T20:11:54+00:00\" \/>\n<meta name=\"twitter:card\" content=\"summary_large_image\" \/>\n<meta name=\"twitter:label1\" content=\"Dur\u00e9e de lecture estim\u00e9e\" \/>\n\t<meta name=\"twitter:data1\" content=\"3 minutes\" \/>\n<script type=\"application\/ld+json\" class=\"yoast-schema-graph\">{\"@context\":\"https:\\\/\\\/schema.org\",\"@graph\":[{\"@type\":\"WebPage\",\"@id\":\"https:\\\/\\\/www.guides-sports-loisirs.ca\\\/pumptrack\\\/planification\\\/choix-du-site-2\\\/\",\"url\":\"https:\\\/\\\/www.guides-sports-loisirs.ca\\\/pumptrack\\\/planification\\\/choix-du-site-2\\\/\",\"name\":\"Choix du site - Pumptrack (piste \u00e0 rouleaux)\",\"isPartOf\":{\"@id\":\"https:\\\/\\\/www.guides-sports-loisirs.ca\\\/pumptrack\\\/#website\"},\"datePublished\":\"2022-06-07T14:58:25+00:00\",\"dateModified\":\"2024-06-20T20:11:54+00:00\",\"breadcrumb\":{\"@id\":\"https:\\\/\\\/www.guides-sports-loisirs.ca\\\/pumptrack\\\/planification\\\/choix-du-site-2\\\/#breadcrumb\"},\"inLanguage\":\"fr-FR\",\"potentialAction\":[{\"@type\":\"ReadAction\",\"target\":[\"https:\\\/\\\/www.guides-sports-loisirs.ca\\\/pumptrack\\\/planification\\\/choix-du-site-2\\\/\"]}]},{\"@type\":\"BreadcrumbList\",\"@id\":\"https:\\\/\\\/www.guides-sports-loisirs.ca\\\/pumptrack\\\/planification\\\/choix-du-site-2\\\/#breadcrumb\",\"itemListElement\":[{\"@type\":\"ListItem\",\"position\":1,\"name\":\"Accueil\",\"item\":\"https:\\\/\\\/www.guides-sports-loisirs.ca\\\/pumptrack\\\/\"},{\"@type\":\"ListItem\",\"position\":2,\"name\":\"Planification\",\"item\":\"https:\\\/\\\/www.guides-sports-loisirs.ca\\\/pumptrack\\\/planification\\\/\"},{\"@type\":\"ListItem\",\"position\":3,\"name\":\"Choix du site\"}]},{\"@type\":\"WebSite\",\"@id\":\"https:\\\/\\\/www.guides-sports-loisirs.ca\\\/pumptrack\\\/#website\",\"url\":\"https:\\\/\\\/www.guides-sports-loisirs.ca\\\/pumptrack\\\/\",\"name\":\"Pumptrack (piste \u00e0 rouleaux)\",\"description\":\"pumptrack\",\"potentialAction\":[{\"@type\":\"SearchAction\",\"target\":{\"@type\":\"EntryPoint\",\"urlTemplate\":\"https:\\\/\\\/www.guides-sports-loisirs.ca\\\/pumptrack\\\/?s={search_term_string}\"},\"query-input\":{\"@type\":\"PropertyValueSpecification\",\"valueRequired\":true,\"valueName\":\"search_term_string\"}}],\"inLanguage\":\"fr-FR\"}]}<\/script>\n<!-- \/ Yoast SEO plugin. -->","yoast_head_json":{"title":"Choix du site - Pumptrack (piste \u00e0 rouleaux)","robots":{"index":"index","follow":"follow","max-snippet":"max-snippet:-1","max-image-preview":"max-image-preview:large","max-video-preview":"max-video-preview:-1"},"canonical":"https:\/\/www.guides-sports-loisirs.ca\/pumptrack\/planification\/choix-du-site-2\/","og_locale":"fr_FR","og_type":"article","og_title":"Choix du site - Pumptrack (piste \u00e0 rouleaux)","og_description":"[vc_row][vc_column width=\u00a0\u00bb1\/1&Prime;][vc_column_text]L\u2019emplacement du site aura un impact significatif sur plusieurs aspects de la pumptrack, notamment la s\u00e9curit\u00e9, l\u2019affluence et la [&hellip;]","og_url":"https:\/\/www.guides-sports-loisirs.ca\/pumptrack\/planification\/choix-du-site-2\/","og_site_name":"Pumptrack (piste \u00e0 rouleaux)","article_modified_time":"2024-06-20T20:11:54+00:00","twitter_card":"summary_large_image","twitter_misc":{"Dur\u00e9e de lecture estim\u00e9e":"3 minutes"},"schema":{"@context":"https:\/\/schema.org","@graph":[{"@type":"WebPage","@id":"https:\/\/www.guides-sports-loisirs.ca\/pumptrack\/planification\/choix-du-site-2\/","url":"https:\/\/www.guides-sports-loisirs.ca\/pumptrack\/planification\/choix-du-site-2\/","name":"Choix du site - Pumptrack (piste \u00e0 rouleaux)","isPartOf":{"@id":"https:\/\/www.guides-sports-loisirs.ca\/pumptrack\/#website"},"datePublished":"2022-06-07T14:58:25+00:00","dateModified":"2024-06-20T20:11:54+00:00","breadcrumb":{"@id":"https:\/\/www.guides-sports-loisirs.ca\/pumptrack\/planification\/choix-du-site-2\/#breadcrumb"},"inLanguage":"fr-FR","potentialAction":[{"@type":"ReadAction","target":["https:\/\/www.guides-sports-loisirs.ca\/pumptrack\/planification\/choix-du-site-2\/"]}]},{"@type":"BreadcrumbList","@id":"https:\/\/www.guides-sports-loisirs.ca\/pumptrack\/planification\/choix-du-site-2\/#breadcrumb","itemListElement":[{"@type":"ListItem","position":1,"name":"Accueil","item":"https:\/\/www.guides-sports-loisirs.ca\/pumptrack\/"},{"@type":"ListItem","position":2,"name":"Planification","item":"https:\/\/www.guides-sports-loisirs.ca\/pumptrack\/planification\/"},{"@type":"ListItem","position":3,"name":"Choix du site"}]},{"@type":"WebSite","@id":"https:\/\/www.guides-sports-loisirs.ca\/pumptrack\/#website","url":"https:\/\/www.guides-sports-loisirs.ca\/pumptrack\/","name":"Pumptrack (piste \u00e0 rouleaux)","description":"pumptrack","potentialAction":[{"@type":"SearchAction","target":{"@type":"EntryPoint","urlTemplate":"https:\/\/www.guides-sports-loisirs.ca\/pumptrack\/?s={search_term_string}"},"query-input":{"@type":"PropertyValueSpecification","valueRequired":true,"valueName":"search_term_string"}}],"inLanguage":"fr-FR"}]}},"_links":{"self":[{"href":"https:\/\/www.guides-sports-loisirs.ca\/pumptrack\/wp-json\/wp\/v2\/pages\/3773","targetHints":{"allow":["GET"]}}],"collection":[{"href":"https:\/\/www.guides-sports-loisirs.ca\/pumptrack\/wp-json\/wp\/v2\/pages"}],"about":[{"href":"https:\/\/www.guides-sports-loisirs.ca\/pumptrack\/wp-json\/wp\/v2\/types\/page"}],"author":[{"embeddable":true,"href":"https:\/\/www.guides-sports-loisirs.ca\/pumptrack\/wp-json\/wp\/v2\/users\/11"}],"replies":[{"embeddable":true,"href":"https:\/\/www.guides-sports-loisirs.ca\/pumptrack\/wp-json\/wp\/v2\/comments?post=3773"}],"version-history":[{"count":14,"href":"https:\/\/www.guides-sports-loisirs.ca\/pumptrack\/wp-json\/wp\/v2\/pages\/3773\/revisions"}],"predecessor-version":[{"id":4977,"href":"https:\/\/www.guides-sports-loisirs.ca\/pumptrack\/wp-json\/wp\/v2\/pages\/3773\/revisions\/4977"}],"up":[{"embeddable":true,"href":"https:\/\/www.guides-sports-loisirs.ca\/pumptrack\/wp-json\/wp\/v2\/pages\/2016"}],"wp:attachment":[{"href":"https:\/\/www.guides-sports-loisirs.ca\/pumptrack\/wp-json\/wp\/v2\/media?parent=3773"}],"curies":[{"name":"wp","href":"https:\/\/api.w.org\/{rel}","templated":true}]}}