{"id":3487,"date":"2021-10-07T14:34:29","date_gmt":"2021-10-07T18:34:29","guid":{"rendered":"https:\/\/www.guides-sports-loisirs.ca\/pumptrack\/?page_id=3487"},"modified":"2024-06-25T13:06:35","modified_gmt":"2024-06-25T17:06:35","slug":"composante-dune-pumptrack-asphaltee","status":"publish","type":"page","link":"https:\/\/www.guides-sports-loisirs.ca\/pumptrack\/construction-2\/composante-dune-pumptrack-asphaltee\/","title":{"rendered":"Composante d\u2019une pumptrack asphalt\u00e9e"},"content":{"rendered":"<div class=\"wpb-content-wrapper\"><p>[vc_row][vc_column width=\u00a0\u00bb1\/1&Prime;][vc_column_text]<strong>L\u2019am\u00e9nagement d\u2019une pumptrack comporte les caract\u00e9ristiques <\/strong><strong>minimales suivantes :<\/strong><br \/>\n<strong>\u2022 Largeur de la piste de 1100 mm \u00e0 2000 mm minimum en tout point<\/strong><br \/>\n<strong>\u2022 Hauteur des bosses entre 300 et 1000 mm<\/strong><br \/>\n<strong>\u2022 Diff\u00e9rence de d\u00e9nivel\u00e9 ne d\u00e9passant pas 2000 mm<\/strong><br \/>\n<strong>\u2022 Surface asphalt\u00e9e<\/strong><br \/>\n<strong>\u2022 Bosses fabriqu\u00e9es de fa\u00e7on \u00e0 pouvoir accueillir un maximum d\u2019\u00e9quipement <\/strong><strong>(v\u00e9lo, trottinette, planche \u00e0 roulettes) sans compromettre l\u2019exp\u00e9rience<\/strong><br \/>\n<strong>\u2022 Pente minimale de 2 % pour le drainage de la surface du parcours<\/strong><br \/>\n<strong>\u2022 Au moins un point d\u2019acc\u00e8s au parcours asphalt\u00e9<\/strong>[\/vc_column_text][vc_empty_space empty_h=\u00a0\u00bb2&Prime;][vc_single_image media=\u00a0\u00bb4949&Prime; media_lightbox=\u00a0\u00bbyes\u00a0\u00bb media_width_percent=\u00a0\u00bb65&Prime; alignment=\u00a0\u00bbcenter\u00a0\u00bb lbox_skin=\u00a0\u00bbwhite\u00a0\u00bb][vc_empty_space empty_h=\u00a0\u00bb2&Prime;][vc_accordion active_tab=\u00a0\u00bb0&Prime;][vc_accordion_tab title=\u00a0\u00bbZONES DE TRANSITION\/SORTIE\u00a0\u00bb tab_id=\u00a0\u00bb2d8151ec-f97e-0&Prime;][vc_column_text]Cette zone permet aux usagers de pouvoir s\u2019introduire sur la pumptrack ou de s\u2019en extraire en toute s\u00e9curit\u00e9. Elle se trouve g\u00e9n\u00e9ralement \u00e0 proximit\u00e9 de la zone de repos.[\/vc_column_text][\/vc_accordion_tab][vc_accordion_tab title=\u00a0\u00bbDRAINAGE\u00a0\u00bb tab_id=\u00a0\u00bbe861944b-1d4b-6&Prime;][vc_column_text]Le type de drainage d\u00e9pend du type de sol sur lequel la pumptrack sera construite :<br \/>\n\u2022 Puits sec : option la plus simple et la moins co\u00fbteuse (sable ou terrain avec forte capacit\u00e9 d\u2019absorption de l\u2019eau).<br \/>\n\u2022 Installation de tuyaux d\u2019\u00e9coulement dans un canal ou raccordement au r\u00e9seau des eaux pluviales (terrain en glaise ou trop \u00e9tanche).<br \/>\n\u2022 Bassin de s\u00e9dimentation ou de d\u00e9cantation.[\/vc_column_text][vc_empty_space empty_h=\u00a0\u00bb2&Prime;][vc_single_image media=\u00a0\u00bb4950&Prime; media_lightbox=\u00a0\u00bbyes\u00a0\u00bb media_width_percent=\u00a0\u00bb65&Prime; alignment=\u00a0\u00bbcenter\u00a0\u00bb lbox_skin=\u00a0\u00bbwhite\u00a0\u00bb][vc_empty_space empty_h=\u00a0\u00bb2&Prime;][\/vc_accordion_tab][\/vc_accordion][\/vc_column][\/vc_row][vc_row][\/vc_row][vc_row row_height_percent=\u00a0\u00bb0&Prime; overlay_alpha=\u00a0\u00bb50&Prime; gutter_size=\u00a0\u00bb3&Prime; shift_y=\u00a0\u00bb0&Prime; css=\u00a0\u00bb.vc_custom_1569108716255{margin-bottom: 50px !important;}\u00a0\u00bb][vc_column width=\u00a0\u00bb1\/1&Prime;][vc_button button_color=\u00a0\u00bbaccent\u00a0\u00bb size=\u00a0\u00bbbtn-lg\u00a0\u00bb radius=\u00a0\u00bbbtn-circle\u00a0\u00bb border_width=\u00a0\u00bb0&Prime; link=\u00a0\u00bburl:https%3A%2F%2Fwww.guides-sports-loisirs.ca%2Fpumptrack%2Fwp-content%2Fuploads%2Fsites%2F22%2F2024%2F06%2F4.2_ComposantePumptrackAsphaltee.pdf||target:%20_blank|\u00a0\u00bb icon=\u00a0\u00bbfa fa-file-o\u00a0\u00bb el_class=\u00a0\u00bbbtn-pdf\u00a0\u00bb]Version PDF[\/vc_button][\/vc_column][\/vc_row]<\/p>\n<\/div>","protected":false},"excerpt":{"rendered":"<p>[vc_row][vc_column width=\u00a0\u00bb1\/1&Prime;][vc_column_text]L\u2019am\u00e9nagement d\u2019une pumptrack comporte les caract\u00e9ristiques minimales suivantes : \u2022 Largeur de la piste de 1100 mm \u00e0 2000 [&hellip;]<\/p>\n","protected":false},"author":17,"featured_media":0,"parent":2278,"menu_order":24,"comment_status":"closed","ping_status":"closed","template":"","meta":{"_acf_changed":false,"footnotes":""},"class_list":["post-3487","page","type-page","status-publish","hentry"],"acf":[],"yoast_head":"<!-- This site is optimized with the Yoast SEO plugin v27.2 - https:\/\/yoast.com\/product\/yoast-seo-wordpress\/ -->\n<title>Composante d\u2019une pumptrack asphalt\u00e9e - Pumptrack (piste \u00e0 rouleaux)<\/title>\n<meta name=\"robots\" content=\"index, follow, max-snippet:-1, max-image-preview:large, max-video-preview:-1\" \/>\n<link rel=\"canonical\" href=\"https:\/\/www.guides-sports-loisirs.ca\/pumptrack\/construction-2\/composante-dune-pumptrack-asphaltee\/\" \/>\n<meta property=\"og:locale\" content=\"fr_FR\" \/>\n<meta property=\"og:type\" content=\"article\" \/>\n<meta property=\"og:title\" content=\"Composante d\u2019une pumptrack asphalt\u00e9e - Pumptrack (piste \u00e0 rouleaux)\" \/>\n<meta property=\"og:description\" content=\"[vc_row][vc_column width=\u00a0\u00bb1\/1&Prime;][vc_column_text]L\u2019am\u00e9nagement d\u2019une pumptrack comporte les caract\u00e9ristiques minimales suivantes : \u2022 Largeur de la piste de 1100 mm \u00e0 2000 [&hellip;]\" \/>\n<meta property=\"og:url\" content=\"https:\/\/www.guides-sports-loisirs.ca\/pumptrack\/construction-2\/composante-dune-pumptrack-asphaltee\/\" \/>\n<meta property=\"og:site_name\" content=\"Pumptrack (piste \u00e0 rouleaux)\" \/>\n<meta property=\"article:modified_time\" content=\"2024-06-25T17:06:35+00:00\" \/>\n<meta name=\"twitter:card\" content=\"summary_large_image\" \/>\n<meta name=\"twitter:label1\" content=\"Dur\u00e9e de lecture estim\u00e9e\" \/>\n\t<meta name=\"twitter:data1\" content=\"2 minutes\" \/>\n<script type=\"application\/ld+json\" class=\"yoast-schema-graph\">{\"@context\":\"https:\/\/schema.org\",\"@graph\":[{\"@type\":\"WebPage\",\"@id\":\"https:\/\/www.guides-sports-loisirs.ca\/pumptrack\/construction-2\/composante-dune-pumptrack-asphaltee\/\",\"url\":\"https:\/\/www.guides-sports-loisirs.ca\/pumptrack\/construction-2\/composante-dune-pumptrack-asphaltee\/\",\"name\":\"Composante d\u2019une pumptrack asphalt\u00e9e - Pumptrack (piste \u00e0 rouleaux)\",\"isPartOf\":{\"@id\":\"https:\/\/www.guides-sports-loisirs.ca\/pumptrack\/#website\"},\"datePublished\":\"2021-10-07T18:34:29+00:00\",\"dateModified\":\"2024-06-25T17:06:35+00:00\",\"breadcrumb\":{\"@id\":\"https:\/\/www.guides-sports-loisirs.ca\/pumptrack\/construction-2\/composante-dune-pumptrack-asphaltee\/#breadcrumb\"},\"inLanguage\":\"fr-FR\",\"potentialAction\":[{\"@type\":\"ReadAction\",\"target\":[\"https:\/\/www.guides-sports-loisirs.ca\/pumptrack\/construction-2\/composante-dune-pumptrack-asphaltee\/\"]}]},{\"@type\":\"BreadcrumbList\",\"@id\":\"https:\/\/www.guides-sports-loisirs.ca\/pumptrack\/construction-2\/composante-dune-pumptrack-asphaltee\/#breadcrumb\",\"itemListElement\":[{\"@type\":\"ListItem\",\"position\":1,\"name\":\"Accueil\",\"item\":\"https:\/\/www.guides-sports-loisirs.ca\/pumptrack\/\"},{\"@type\":\"ListItem\",\"position\":2,\"name\":\"Construction\",\"item\":\"https:\/\/www.guides-sports-loisirs.ca\/pumptrack\/construction-2\/\"},{\"@type\":\"ListItem\",\"position\":3,\"name\":\"Composante d\u2019une pumptrack asphalt\u00e9e\"}]},{\"@type\":\"WebSite\",\"@id\":\"https:\/\/www.guides-sports-loisirs.ca\/pumptrack\/#website\",\"url\":\"https:\/\/www.guides-sports-loisirs.ca\/pumptrack\/\",\"name\":\"Pumptrack (piste \u00e0 rouleaux)\",\"description\":\"pumptrack\",\"potentialAction\":[{\"@type\":\"SearchAction\",\"target\":{\"@type\":\"EntryPoint\",\"urlTemplate\":\"https:\/\/www.guides-sports-loisirs.ca\/pumptrack\/?s={search_term_string}\"},\"query-input\":{\"@type\":\"PropertyValueSpecification\",\"valueRequired\":true,\"valueName\":\"search_term_string\"}}],\"inLanguage\":\"fr-FR\"}]}<\/script>\n<!-- \/ Yoast SEO plugin. -->","yoast_head_json":{"title":"Composante d\u2019une pumptrack asphalt\u00e9e - Pumptrack (piste \u00e0 rouleaux)","robots":{"index":"index","follow":"follow","max-snippet":"max-snippet:-1","max-image-preview":"max-image-preview:large","max-video-preview":"max-video-preview:-1"},"canonical":"https:\/\/www.guides-sports-loisirs.ca\/pumptrack\/construction-2\/composante-dune-pumptrack-asphaltee\/","og_locale":"fr_FR","og_type":"article","og_title":"Composante d\u2019une pumptrack asphalt\u00e9e - Pumptrack (piste \u00e0 rouleaux)","og_description":"[vc_row][vc_column width=\u00a0\u00bb1\/1&Prime;][vc_column_text]L\u2019am\u00e9nagement d\u2019une pumptrack comporte les caract\u00e9ristiques minimales suivantes : \u2022 Largeur de la piste de 1100 mm \u00e0 2000 [&hellip;]","og_url":"https:\/\/www.guides-sports-loisirs.ca\/pumptrack\/construction-2\/composante-dune-pumptrack-asphaltee\/","og_site_name":"Pumptrack (piste \u00e0 rouleaux)","article_modified_time":"2024-06-25T17:06:35+00:00","twitter_card":"summary_large_image","twitter_misc":{"Dur\u00e9e de lecture estim\u00e9e":"2 minutes"},"schema":{"@context":"https:\/\/schema.org","@graph":[{"@type":"WebPage","@id":"https:\/\/www.guides-sports-loisirs.ca\/pumptrack\/construction-2\/composante-dune-pumptrack-asphaltee\/","url":"https:\/\/www.guides-sports-loisirs.ca\/pumptrack\/construction-2\/composante-dune-pumptrack-asphaltee\/","name":"Composante d\u2019une pumptrack asphalt\u00e9e - Pumptrack (piste \u00e0 rouleaux)","isPartOf":{"@id":"https:\/\/www.guides-sports-loisirs.ca\/pumptrack\/#website"},"datePublished":"2021-10-07T18:34:29+00:00","dateModified":"2024-06-25T17:06:35+00:00","breadcrumb":{"@id":"https:\/\/www.guides-sports-loisirs.ca\/pumptrack\/construction-2\/composante-dune-pumptrack-asphaltee\/#breadcrumb"},"inLanguage":"fr-FR","potentialAction":[{"@type":"ReadAction","target":["https:\/\/www.guides-sports-loisirs.ca\/pumptrack\/construction-2\/composante-dune-pumptrack-asphaltee\/"]}]},{"@type":"BreadcrumbList","@id":"https:\/\/www.guides-sports-loisirs.ca\/pumptrack\/construction-2\/composante-dune-pumptrack-asphaltee\/#breadcrumb","itemListElement":[{"@type":"ListItem","position":1,"name":"Accueil","item":"https:\/\/www.guides-sports-loisirs.ca\/pumptrack\/"},{"@type":"ListItem","position":2,"name":"Construction","item":"https:\/\/www.guides-sports-loisirs.ca\/pumptrack\/construction-2\/"},{"@type":"ListItem","position":3,"name":"Composante d\u2019une pumptrack asphalt\u00e9e"}]},{"@type":"WebSite","@id":"https:\/\/www.guides-sports-loisirs.ca\/pumptrack\/#website","url":"https:\/\/www.guides-sports-loisirs.ca\/pumptrack\/","name":"Pumptrack (piste \u00e0 rouleaux)","description":"pumptrack","potentialAction":[{"@type":"SearchAction","target":{"@type":"EntryPoint","urlTemplate":"https:\/\/www.guides-sports-loisirs.ca\/pumptrack\/?s={search_term_string}"},"query-input":{"@type":"PropertyValueSpecification","valueRequired":true,"valueName":"search_term_string"}}],"inLanguage":"fr-FR"}]}},"_links":{"self":[{"href":"https:\/\/www.guides-sports-loisirs.ca\/pumptrack\/wp-json\/wp\/v2\/pages\/3487","targetHints":{"allow":["GET"]}}],"collection":[{"href":"https:\/\/www.guides-sports-loisirs.ca\/pumptrack\/wp-json\/wp\/v2\/pages"}],"about":[{"href":"https:\/\/www.guides-sports-loisirs.ca\/pumptrack\/wp-json\/wp\/v2\/types\/page"}],"author":[{"embeddable":true,"href":"https:\/\/www.guides-sports-loisirs.ca\/pumptrack\/wp-json\/wp\/v2\/users\/17"}],"replies":[{"embeddable":true,"href":"https:\/\/www.guides-sports-loisirs.ca\/pumptrack\/wp-json\/wp\/v2\/comments?post=3487"}],"version-history":[{"count":47,"href":"https:\/\/www.guides-sports-loisirs.ca\/pumptrack\/wp-json\/wp\/v2\/pages\/3487\/revisions"}],"predecessor-version":[{"id":4994,"href":"https:\/\/www.guides-sports-loisirs.ca\/pumptrack\/wp-json\/wp\/v2\/pages\/3487\/revisions\/4994"}],"up":[{"embeddable":true,"href":"https:\/\/www.guides-sports-loisirs.ca\/pumptrack\/wp-json\/wp\/v2\/pages\/2278"}],"wp:attachment":[{"href":"https:\/\/www.guides-sports-loisirs.ca\/pumptrack\/wp-json\/wp\/v2\/media?parent=3487"}],"curies":[{"name":"wp","href":"https:\/\/api.w.org\/{rel}","templated":true}]}}