{"id":3443,"date":"2021-10-07T11:11:18","date_gmt":"2021-10-07T15:11:18","guid":{"rendered":"https:\/\/www.guides-sports-loisirs.ca\/pumptrack\/?page_id=3443"},"modified":"2024-06-26T16:08:24","modified_gmt":"2024-06-26T20:08:24","slug":"budget","status":"publish","type":"page","link":"https:\/\/www.guides-sports-loisirs.ca\/pumptrack\/planification\/budget\/","title":{"rendered":"Budget"},"content":{"rendered":"<div class=\"wpb-content-wrapper\"><p>[vc_row][vc_column width=\u00a0\u00bb1\/1&Prime;][vc_column_text]<strong>Le budget allou\u00e9 \u00e0 une pumptrack varie principalement en fonction de sa taille et du type choisi (voir fiche <em><a href=\"https:\/\/www.guides-sports-loisirs.ca\/pumptrack\/types-de-pumptracks\/\">Types de pumptracks<\/a><\/em>). Le budget d\u2019une pumptrack modulaire pr\u00e9fabriqu\u00e9e diff\u00e8re sensiblement de celui d\u2019une pumptrack en asphalte, tandis qu&rsquo;une pumtrack en terre aura des co\u00fbts moindres.<\/strong><\/p>\n<p>Id\u00e9alement, le projet \u00e0 budg\u00e9ter devrait \u00eatre inclus dans un plan triennal d\u2019immobilisation (PTI), qui non seulement pr\u00e9sente la vision de la municipalit\u00e9 en mati\u00e8re d\u2019infrastructures, mais aussi pr\u00e9voit la r\u00e9partition des d\u00e9penses entre les diff\u00e9rents projets d\u2019immobilisation.<\/p>\n<p>Les budgets municipaux \u00e9tant g\u00e9n\u00e9ralement vot\u00e9s \u00e0 l\u2019automne, c\u2019est \u00e0 ce moment qu\u2019il convient le mieux de mettre en branle le projet. Il pourra \u00eatre r\u00e9alis\u00e9 l\u2019\u00e9t\u00e9 suivant ou l\u2019ann\u00e9e d\u2019apr\u00e8s s\u2019il s\u2019agit d\u2019un projet de plus grande envergure.<\/p>\n<p><strong>Avant d\u2019\u00e9laborer un budget, il y a lieu de faire quelques d\u00e9marches :<\/strong><br \/>\n\u2022 \u00c9tude de march\u00e9<br \/>\n\u2022 Visites de sites possibles<br \/>\n\u2022 Communication avec des personnes-ressources sp\u00e9cialis\u00e9es dans le domaine<br \/>\n\u2022 Comparaison de concepts<br \/>\n\u2022 Aff\u00fbt des nouvelles tendances<\/p>\n<p><strong>Plusieurs \u00e9l\u00e9ments peuvent influencer le co\u00fbt d\u2019un projet :<\/strong><br \/>\n\u2022 Taille de l\u2019infrastructure<br \/>\n\u2022 Emplacement<br \/>\n\u2022 Nature du sol (topographie)<br \/>\n\u2022 Concept<br \/>\n\u2022 Am\u00e9nagements annexes<br \/>\n\u2022 \u00c9clairage<br \/>\n\u2022 Majoration des co\u00fbts des mat\u00e9riaux et de la main-d\u2019\u0153uvre<\/p>\n<p>Il est difficile de donner des estimations de budget pour les raisons \u00e9voqu\u00e9es ci-dessus. Comme la quantit\u00e9 de mat\u00e9riaux varie en fonction de la taille (hauteur et largeur) des bosses et des virages, chaque projet est unique.<\/p>\n<p>De plus, les sp\u00e9cialistes sont tr\u00e8s ouverts \u00e0 la personnalisation des projets en fonction de ce que la municipalit\u00e9 d\u00e9cide de prendre \u00e0 sa charge. Les besoins ne sont pas les m\u00eames d\u2019une municipalit\u00e9 \u00e0 l\u2019autre, tout comme les savoir-faire.[\/vc_column_text][vc_row_inner][vc_column_inner width=\u00a0\u00bb1\/3&Prime;][vc_column_text border_color=\u00a0\u00bbcolor-103660&Prime; border_style=\u00a0\u00bbsolid\u00a0\u00bb css=\u00a0\u00bb.vc_custom_1718909481766{padding-top: 15px !important;padding-right: 15px !important;padding-bottom: 15px !important;padding-left: 15px !important;}\u00a0\u00bb]<\/p>\n<h3><a href=\"https:\/\/www.guides-sports-loisirs.ca\/pumptrack\/annexe-outil-pratique\/exemple-de-projet\/\"><span style=\"color: #48b8e7;\">ANNEXE ET OUTIL PRATIQUE<\/span><\/a><\/h3>\n<p><a href=\"https:\/\/www.guides-sports-loisirs.ca\/pumptrack\/annexe-outil-pratique\/exemple-de-projet\/\">Annexe 1 : Exemple de projet<\/a>[\/vc_column_text][\/vc_column_inner][vc_column_inner width=\u00a0\u00bb1\/3&Prime;][\/vc_column_inner][vc_column_inner width=\u00a0\u00bb1\/3&Prime;][\/vc_column_inner][\/vc_row_inner][\/vc_column][\/vc_row][vc_row][\/vc_row][vc_row row_height_percent=\u00a0\u00bb0&Prime; overlay_alpha=\u00a0\u00bb50&Prime; gutter_size=\u00a0\u00bb3&Prime; shift_y=\u00a0\u00bb0&Prime; css=\u00a0\u00bb.vc_custom_1569108843026{margin-bottom: 50px !important;}\u00a0\u00bb][vc_column width=\u00a0\u00bb1\/1&Prime;][vc_button button_color=\u00a0\u00bbaccent\u00a0\u00bb size=\u00a0\u00bbbtn-lg\u00a0\u00bb radius=\u00a0\u00bbbtn-circle\u00a0\u00bb border_width=\u00a0\u00bb0&Prime; link=\u00a0\u00bburl:https%3A%2F%2Fwww.guides-sports-loisirs.ca%2Fpumptrack%2Fwp-content%2Fuploads%2Fsites%2F22%2F2024%2F06%2F2.3_Budget.pdf||target:%20_blank|\u00a0\u00bb icon=\u00a0\u00bbfa fa-file-o\u00a0\u00bb el_class=\u00a0\u00bbbtn-pdf\u00a0\u00bb]Version PDF[\/vc_button][\/vc_column][\/vc_row]<\/p>\n<\/div>","protected":false},"excerpt":{"rendered":"<p>[vc_row][vc_column width=\u00a0\u00bb1\/1&Prime;][vc_column_text]Le budget allou\u00e9 \u00e0 une pumptrack varie principalement en fonction de sa taille et du type choisi (voir fiche [&hellip;]<\/p>\n","protected":false},"author":17,"featured_media":0,"parent":2016,"menu_order":11,"comment_status":"closed","ping_status":"closed","template":"","meta":{"_acf_changed":false,"footnotes":""},"class_list":["post-3443","page","type-page","status-publish","hentry"],"acf":[],"yoast_head":"<!-- This site is optimized with the Yoast SEO plugin v27.2 - https:\/\/yoast.com\/product\/yoast-seo-wordpress\/ -->\n<title>Budget - Pumptrack (piste \u00e0 rouleaux)<\/title>\n<meta name=\"robots\" content=\"index, follow, max-snippet:-1, max-image-preview:large, max-video-preview:-1\" \/>\n<link rel=\"canonical\" href=\"https:\/\/www.guides-sports-loisirs.ca\/pumptrack\/planification\/budget\/\" \/>\n<meta property=\"og:locale\" content=\"fr_FR\" \/>\n<meta property=\"og:type\" content=\"article\" \/>\n<meta property=\"og:title\" content=\"Budget - Pumptrack (piste \u00e0 rouleaux)\" \/>\n<meta property=\"og:description\" content=\"[vc_row][vc_column width=\u00a0\u00bb1\/1&Prime;][vc_column_text]Le budget allou\u00e9 \u00e0 une pumptrack varie principalement en fonction de sa taille et du type choisi (voir fiche [&hellip;]\" \/>\n<meta property=\"og:url\" content=\"https:\/\/www.guides-sports-loisirs.ca\/pumptrack\/planification\/budget\/\" \/>\n<meta property=\"og:site_name\" content=\"Pumptrack (piste \u00e0 rouleaux)\" \/>\n<meta property=\"article:modified_time\" content=\"2024-06-26T20:08:24+00:00\" \/>\n<meta name=\"twitter:card\" content=\"summary_large_image\" \/>\n<meta name=\"twitter:label1\" content=\"Dur\u00e9e de lecture estim\u00e9e\" \/>\n\t<meta name=\"twitter:data1\" content=\"2 minutes\" \/>\n<script type=\"application\/ld+json\" class=\"yoast-schema-graph\">{\"@context\":\"https:\/\/schema.org\",\"@graph\":[{\"@type\":\"WebPage\",\"@id\":\"https:\/\/www.guides-sports-loisirs.ca\/pumptrack\/planification\/budget\/\",\"url\":\"https:\/\/www.guides-sports-loisirs.ca\/pumptrack\/planification\/budget\/\",\"name\":\"Budget - Pumptrack (piste \u00e0 rouleaux)\",\"isPartOf\":{\"@id\":\"https:\/\/www.guides-sports-loisirs.ca\/pumptrack\/#website\"},\"datePublished\":\"2021-10-07T15:11:18+00:00\",\"dateModified\":\"2024-06-26T20:08:24+00:00\",\"breadcrumb\":{\"@id\":\"https:\/\/www.guides-sports-loisirs.ca\/pumptrack\/planification\/budget\/#breadcrumb\"},\"inLanguage\":\"fr-FR\",\"potentialAction\":[{\"@type\":\"ReadAction\",\"target\":[\"https:\/\/www.guides-sports-loisirs.ca\/pumptrack\/planification\/budget\/\"]}]},{\"@type\":\"BreadcrumbList\",\"@id\":\"https:\/\/www.guides-sports-loisirs.ca\/pumptrack\/planification\/budget\/#breadcrumb\",\"itemListElement\":[{\"@type\":\"ListItem\",\"position\":1,\"name\":\"Accueil\",\"item\":\"https:\/\/www.guides-sports-loisirs.ca\/pumptrack\/\"},{\"@type\":\"ListItem\",\"position\":2,\"name\":\"Planification\",\"item\":\"https:\/\/www.guides-sports-loisirs.ca\/pumptrack\/planification\/\"},{\"@type\":\"ListItem\",\"position\":3,\"name\":\"Budget\"}]},{\"@type\":\"WebSite\",\"@id\":\"https:\/\/www.guides-sports-loisirs.ca\/pumptrack\/#website\",\"url\":\"https:\/\/www.guides-sports-loisirs.ca\/pumptrack\/\",\"name\":\"Pumptrack (piste \u00e0 rouleaux)\",\"description\":\"pumptrack\",\"potentialAction\":[{\"@type\":\"SearchAction\",\"target\":{\"@type\":\"EntryPoint\",\"urlTemplate\":\"https:\/\/www.guides-sports-loisirs.ca\/pumptrack\/?s={search_term_string}\"},\"query-input\":{\"@type\":\"PropertyValueSpecification\",\"valueRequired\":true,\"valueName\":\"search_term_string\"}}],\"inLanguage\":\"fr-FR\"}]}<\/script>\n<!-- \/ Yoast SEO plugin. -->","yoast_head_json":{"title":"Budget - Pumptrack (piste \u00e0 rouleaux)","robots":{"index":"index","follow":"follow","max-snippet":"max-snippet:-1","max-image-preview":"max-image-preview:large","max-video-preview":"max-video-preview:-1"},"canonical":"https:\/\/www.guides-sports-loisirs.ca\/pumptrack\/planification\/budget\/","og_locale":"fr_FR","og_type":"article","og_title":"Budget - Pumptrack (piste \u00e0 rouleaux)","og_description":"[vc_row][vc_column width=\u00a0\u00bb1\/1&Prime;][vc_column_text]Le budget allou\u00e9 \u00e0 une pumptrack varie principalement en fonction de sa taille et du type choisi (voir fiche [&hellip;]","og_url":"https:\/\/www.guides-sports-loisirs.ca\/pumptrack\/planification\/budget\/","og_site_name":"Pumptrack (piste \u00e0 rouleaux)","article_modified_time":"2024-06-26T20:08:24+00:00","twitter_card":"summary_large_image","twitter_misc":{"Dur\u00e9e de lecture estim\u00e9e":"2 minutes"},"schema":{"@context":"https:\/\/schema.org","@graph":[{"@type":"WebPage","@id":"https:\/\/www.guides-sports-loisirs.ca\/pumptrack\/planification\/budget\/","url":"https:\/\/www.guides-sports-loisirs.ca\/pumptrack\/planification\/budget\/","name":"Budget - Pumptrack (piste \u00e0 rouleaux)","isPartOf":{"@id":"https:\/\/www.guides-sports-loisirs.ca\/pumptrack\/#website"},"datePublished":"2021-10-07T15:11:18+00:00","dateModified":"2024-06-26T20:08:24+00:00","breadcrumb":{"@id":"https:\/\/www.guides-sports-loisirs.ca\/pumptrack\/planification\/budget\/#breadcrumb"},"inLanguage":"fr-FR","potentialAction":[{"@type":"ReadAction","target":["https:\/\/www.guides-sports-loisirs.ca\/pumptrack\/planification\/budget\/"]}]},{"@type":"BreadcrumbList","@id":"https:\/\/www.guides-sports-loisirs.ca\/pumptrack\/planification\/budget\/#breadcrumb","itemListElement":[{"@type":"ListItem","position":1,"name":"Accueil","item":"https:\/\/www.guides-sports-loisirs.ca\/pumptrack\/"},{"@type":"ListItem","position":2,"name":"Planification","item":"https:\/\/www.guides-sports-loisirs.ca\/pumptrack\/planification\/"},{"@type":"ListItem","position":3,"name":"Budget"}]},{"@type":"WebSite","@id":"https:\/\/www.guides-sports-loisirs.ca\/pumptrack\/#website","url":"https:\/\/www.guides-sports-loisirs.ca\/pumptrack\/","name":"Pumptrack (piste \u00e0 rouleaux)","description":"pumptrack","potentialAction":[{"@type":"SearchAction","target":{"@type":"EntryPoint","urlTemplate":"https:\/\/www.guides-sports-loisirs.ca\/pumptrack\/?s={search_term_string}"},"query-input":{"@type":"PropertyValueSpecification","valueRequired":true,"valueName":"search_term_string"}}],"inLanguage":"fr-FR"}]}},"_links":{"self":[{"href":"https:\/\/www.guides-sports-loisirs.ca\/pumptrack\/wp-json\/wp\/v2\/pages\/3443","targetHints":{"allow":["GET"]}}],"collection":[{"href":"https:\/\/www.guides-sports-loisirs.ca\/pumptrack\/wp-json\/wp\/v2\/pages"}],"about":[{"href":"https:\/\/www.guides-sports-loisirs.ca\/pumptrack\/wp-json\/wp\/v2\/types\/page"}],"author":[{"embeddable":true,"href":"https:\/\/www.guides-sports-loisirs.ca\/pumptrack\/wp-json\/wp\/v2\/users\/17"}],"replies":[{"embeddable":true,"href":"https:\/\/www.guides-sports-loisirs.ca\/pumptrack\/wp-json\/wp\/v2\/comments?post=3443"}],"version-history":[{"count":41,"href":"https:\/\/www.guides-sports-loisirs.ca\/pumptrack\/wp-json\/wp\/v2\/pages\/3443\/revisions"}],"predecessor-version":[{"id":4974,"href":"https:\/\/www.guides-sports-loisirs.ca\/pumptrack\/wp-json\/wp\/v2\/pages\/3443\/revisions\/4974"}],"up":[{"embeddable":true,"href":"https:\/\/www.guides-sports-loisirs.ca\/pumptrack\/wp-json\/wp\/v2\/pages\/2016"}],"wp:attachment":[{"href":"https:\/\/www.guides-sports-loisirs.ca\/pumptrack\/wp-json\/wp\/v2\/media?parent=3443"}],"curies":[{"name":"wp","href":"https:\/\/api.w.org\/{rel}","templated":true}]}}