{"id":3039,"date":"2020-08-13T12:29:08","date_gmt":"2020-08-13T16:29:08","guid":{"rendered":"https:\/\/www.guides-sports-loisirs.ca\/pumptrack\/?page_id=3039"},"modified":"2024-06-19T12:01:52","modified_gmt":"2024-06-19T16:01:52","slug":"introduction","status":"publish","type":"page","link":"https:\/\/www.guides-sports-loisirs.ca\/pumptrack\/introduction\/","title":{"rendered":"Introduction"},"content":{"rendered":"<div class=\"wpb-content-wrapper\"><p>[vc_row][\/vc_row][vc_row][vc_column width=\u00a0\u00bb1\/1&Prime;][vc_accordion active_tab=\u00a0\u00bb0&Prime;][vc_accordion_tab title=\u00a0\u00bbOBJECTIF ET DOMAINE D&rsquo;APPLICATION\u00a0\u00bb tab_id=\u00a0\u00bb5f9f5691-17d9-0&Prime;][vc_column_text]L\u2019objectif de ce guide est d\u2019offrir tous les outils n\u00e9cessaires aux preneurs de d\u00e9cisions dans le domaine municipal et public afin d\u2019offrir des installations ad\u00e9quates et bien adapt\u00e9es pour les sportifs. Il vise \u00e0 \u00e9pauler les intervenants municipaux dans toutes les \u00e9tapes de la mise en place d\u2019espaces sportifs de haute qualit\u00e9. Il offre toute l\u2019information n\u00e9cessaire et propose des solutions en mati\u00e8re d\u2019am\u00e9nagement, d\u2019encadrement et de s\u00e9curit\u00e9 d\u2019une pumptrack (piste \u00e0 rouleaux).<\/p>\n<p>Chacune des \u00e9tapes est abord\u00e9e de fa\u00e7on que la pumptrack propos\u00e9e soit de bonne qualit\u00e9. L\u2019am\u00e9nagement de pumptracks fonctionnelles bien con\u00e7ues permettra aux pratiquants de plusieurs disciplines (planche \u00e0 roulettes, trottinette, patin \u00e0 roulettes, BMX) d\u2019appr\u00e9cier et de s\u2019approprier les espaces de mani\u00e8re conviviale et s\u00e9curitaire.<\/p>\n<p>\u00c0 la diff\u00e9rence d\u2019autres \u00e9quipements de loisir, peu de normes reconnues et d\u2019\u00e9tudes en profondeur s\u2019appliquent aux pumptracks. La F\u00e9d\u00e9ration qu\u00e9b\u00e9coise des sports cyclistes est l\u2019organisme qui peut attester la conformit\u00e9 des infrastructures sous forme d\u2019homologation.<\/p>\n<p>Ce guide a \u00e9t\u00e9 r\u00e9alis\u00e9 conjointement par l\u2019Association qu\u00e9b\u00e9coise du loisir municipal (AQLM) et la F\u00e9d\u00e9ration qu\u00e9b\u00e9coise des sports cyclistes (FQSC) de plus, sa r\u00e9alisation a \u00e9t\u00e9 possible gr\u00e2ce \u00e0 la contribution financi\u00e8re du minist\u00e8re de l\u2019\u00c9ducation du Qu\u00e9bec (MEQ), ainsi que les villes de Gatineau, Laval, L\u00e9vis, Longueuil, Montr\u00e9al, Qu\u00e9bec, Sherbrooke, Terrebonne et Trois-Rivi\u00e8res.<\/p>\n<p><strong>Le terme \u00ab pumptrack \u00bb est utilis\u00e9 par l\u2019ensemble des usagers de ce type d\u2019installation.<\/strong>[\/vc_column_text][\/vc_accordion_tab][vc_accordion_tab title=\u00a0\u00bbCONTEXTE\u00a0\u00bb tab_id=\u00a0\u00bb1633544106719-1-0&Prime;][vc_column_text]La pumptrack est une piste en boucle, constitu\u00e9e de bosses et de virages relev\u00e9s, qui peut accueillir diff\u00e9rents \u00e9quipements sportifs : planche \u00e0 roulettes, trottinette, patin \u00e0 roulettes, BMX. Les mat\u00e9riaux possibles pour construire une pumptrack sont la terre, le b\u00e9ton, l\u2019asphalte, le bois et le polym\u00e8re renforc\u00e9.<\/p>\n<p>Aucun besoin de p\u00e9daler sur une pumptrack, car les reliefs de la piste permettent de pomper gr\u00e2ce \u00e0 l\u2019action des bras et des jambes (flexion\/extension).<\/p>\n<p>De plus en plus populaires au Qu\u00e9bec, la majorit\u00e9 des pumptracks sont d\u2019acc\u00e8s libre et accessibles \u00e0 tous les \u00e2ges et \u00e0 tous les niveaux.<\/p>\n<p>La construction de pumptracks est en constante \u00e9volution depuis les cinq derni\u00e8res ann\u00e9es et leur fr\u00e9quentation a augment\u00e9 apr\u00e8s la pand\u00e9mie. Par exemple, le nombre de membres adeptes du BMX \u00e0 la F\u00e9d\u00e9ration qu\u00e9b\u00e9coise des sports cyclistes a augment\u00e9 de 24 % de 2020 \u00e0 2021<sup>1<\/sup>. L\u2019engouement pour les sports que l\u2019on peut pratiquer sur une pumptrack est d\u00fb \u00e0 l\u2019augmentation de leur visibilit\u00e9, \u00e0 la facilit\u00e9 d\u2019acc\u00e8s aux infrastructures et au faible co\u00fbt de la pratique.<\/p>\n<p>Une pumptrack est accessible \u00e0 tous ceux et celles qui peuvent se tenir sur un v\u00e9lo d\u2019\u00e9quilibre, une planche \u00e0 roulettes ou tout autre support \u00e0 roues ou \u00e0 roulettes. Il n\u2019y a pas de limite d\u2019\u00e2ge, il suffit d\u2019\u00eatre en mesure de garder le contr\u00f4le de son \u00e9quipement.<\/p>\n<p>La dur\u00e9e de vie d\u2019une pumptrack varie selon le type de construction, mais il est important d\u2019effectuer des inspections r\u00e9guli\u00e8rement afin de maintenir la s\u00e9curit\u00e9 de l\u2019infrastructure pour les usagers. Les pumptracks asphalt\u00e9es ou modulaires pr\u00e9fabriqu\u00e9es requi\u00e8rent une inspection annuelle tandis que les installations en terre exigent plusieurs inspections par ann\u00e9e afin de s\u2019assurer que les bordures de la piste ne se d\u00e9gradent pas au risque de r\u00e9duire la zone de roulement.<\/p>\n<p>Il est important que les municipalit\u00e9s s\u2019entourent d\u2019experts sp\u00e9cialis\u00e9s dans le domaine afin de se doter d\u2019installations convenables et bien adapt\u00e9es.<\/p>\n<hr \/>\n<p><strong>[1] <\/strong>F\u00e9d\u00e9ration qu\u00e9b\u00e9coise des sports cyclistes, <em><a href=\"https:\/\/fqsc.net\/files\/bmx\/Rapport-Activites-BMX-2021.pdf\">Rapport des activit\u00e9s BMX &#8211; 2021<\/a><\/em>.[\/vc_column_text][\/vc_accordion_tab][vc_accordion_tab title=\u00a0\u00bbCR\u00c9DITS\u00a0\u00bb tab_id=\u00a0\u00bb1633544235596-2-2&Prime;][vc_row_inner][vc_column_inner width=\u00a0\u00bb1\/1&Prime;][vc_column_text]<\/p>\n<h3>R\u00e9dacteur principal<\/h3>\n<p>Victor Ailloud, F\u00e9d\u00e9ration qu\u00e9b\u00e9coise des sports cyclistes (FQSC)<\/p>\n<ul>\n<li style=\"list-style-type: none;\">\n<ul>\n<li style=\"list-style-type: none;\"><\/li>\n<\/ul>\n<\/li>\n<\/ul>\n<h3>R\u00e9vision linguistique<\/h3>\n<p>Denis Poulet<\/p>\n<ul>\n<li style=\"list-style-type: none;\">\n<ul>\n<li style=\"list-style-type: none;\">\n<ul>\n<li style=\"list-style-type: none;\"><\/li>\n<\/ul>\n<\/li>\n<\/ul>\n<\/li>\n<\/ul>\n<h3>Coordination<\/h3>\n<p>H\u00e9l\u00e8ne Caron, AQLM<\/p>\n<ul>\n<li style=\"list-style-type: none;\">\n<ul>\n<li style=\"list-style-type: none;\">\n<ul>\n<li style=\"list-style-type: none;\">\n<ul>\n<li style=\"list-style-type: none;\"><\/li>\n<\/ul>\n<\/li>\n<\/ul>\n<\/li>\n<\/ul>\n<\/li>\n<\/ul>\n<h3>Direction<\/h3>\n<p>R\u00e9mi Richard, AQLM<\/p>\n<ul>\n<li style=\"list-style-type: none;\">\n<ul>\n<li style=\"list-style-type: none;\">\n<ul>\n<li style=\"list-style-type: none;\">\n<ul>\n<li style=\"list-style-type: none;\">\n<ul>\n<li style=\"list-style-type: none;\"><\/li>\n<\/ul>\n<\/li>\n<\/ul>\n<\/li>\n<\/ul>\n<\/li>\n<\/ul>\n<\/li>\n<\/ul>\n<h3>Contribution au contenu<\/h3>\n<p>Samael Pich\u00e9<br \/>\nYannick Pich\u00e9<br \/>\nFrederick Langlois<br \/>\nSt\u00e9phane Sylvestre<br \/>\nVincent Carrier<\/p>\n<ul>\n<li style=\"list-style-type: none;\">\n<ul>\n<li style=\"list-style-type: none;\">\n<ul>\n<li style=\"list-style-type: none;\">\n<ul>\n<li style=\"list-style-type: none;\">\n<ul>\n<li style=\"list-style-type: none;\">\n<ul>\n<li style=\"list-style-type: none;\"><\/li>\n<\/ul>\n<\/li>\n<\/ul>\n<\/li>\n<\/ul>\n<\/li>\n<\/ul>\n<\/li>\n<\/ul>\n<\/li>\n<\/ul>\n<h3>Design graphique<\/h3>\n<p>Publi Griffe<\/p>\n<ul>\n<li style=\"list-style-type: none;\">\n<ul>\n<li style=\"list-style-type: none;\">\n<ul>\n<li style=\"list-style-type: none;\">\n<ul>\n<li style=\"list-style-type: none;\"><\/li>\n<\/ul>\n<\/li>\n<\/ul>\n<\/li>\n<\/ul>\n<\/li>\n<\/ul>\n<h3>Programmation et r\u00e9alisation Web<\/h3>\n<p>Hebertcommunication<\/p>\n<ul>\n<li style=\"list-style-type: none;\">\n<ul>\n<li style=\"list-style-type: none;\">\n<ul>\n<li style=\"list-style-type: none;\">\n<ul>\n<li style=\"list-style-type: none;\"><\/li>\n<\/ul>\n<\/li>\n<\/ul>\n<\/li>\n<\/ul>\n<\/li>\n<\/ul>\n<h3>Production et distribution<\/h3>\n<p><strong>Association qu\u00e9b\u00e9coise du loisir municipal (AQLM)<\/strong><br \/>\n<strong>Maison du Loisir et du Sport<\/strong><br \/>\n7665, boulevard Lacordaire<br \/>\nMontr\u00e9al, QC H1S 2A7<br \/>\nT\u00e9l\u00e9phone : 514 252-5244<br \/>\nT\u00e9l\u00e9copieur : 514 252-5220<br \/>\n<a href=\"mailto:infoaqlm@loisirmunicipal.qc.ca\">infoaqlm@loisirmunicipal.qc.ca<\/a>[\/vc_column_text][\/vc_column_inner][\/vc_row_inner][\/vc_accordion_tab][\/vc_accordion][vc_button button_color=\u00a0\u00bbaccent\u00a0\u00bb size=\u00a0\u00bbbtn-lg\u00a0\u00bb radius=\u00a0\u00bbbtn-circle\u00a0\u00bb border_width=\u00a0\u00bb0&Prime; link=\u00a0\u00bburl:https%3A%2F%2Fwww.guides-sports-loisirs.ca%2Fpumptrack%2Fwp-content%2Fuploads%2Fsites%2F22%2F2024%2F06%2F0.1_Introduction-1.pdf||target:%20_blank|\u00a0\u00bb icon=\u00a0\u00bbfa fa-document2&Prime;]Version PDF[\/vc_button][\/vc_column][\/vc_row]<\/p>\n<\/div>","protected":false},"excerpt":{"rendered":"<p>[vc_row][\/vc_row][vc_row][vc_column width=\u00a0\u00bb1\/1&Prime;][vc_accordion active_tab=\u00a0\u00bb0&Prime;][vc_accordion_tab title=\u00a0\u00bbOBJECTIF ET DOMAINE D&rsquo;APPLICATION\u00a0\u00bb tab_id=\u00a0\u00bb5f9f5691-17d9-0&Prime;][vc_column_text]L\u2019objectif de ce guide est d\u2019offrir tous les outils n\u00e9cessaires aux preneurs de [&hellip;]<\/p>\n","protected":false},"author":11,"featured_media":4822,"parent":0,"menu_order":0,"comment_status":"closed","ping_status":"closed","template":"","meta":{"_acf_changed":false,"footnotes":""},"class_list":["post-3039","page","type-page","status-publish","has-post-thumbnail","hentry"],"acf":[],"yoast_head":"<!-- This site is optimized with the Yoast SEO plugin v27.2 - https:\/\/yoast.com\/product\/yoast-seo-wordpress\/ -->\n<title>Introduction - Pumptrack (piste \u00e0 rouleaux)<\/title>\n<meta name=\"robots\" content=\"index, follow, max-snippet:-1, max-image-preview:large, max-video-preview:-1\" \/>\n<link rel=\"canonical\" href=\"https:\/\/www.guides-sports-loisirs.ca\/pumptrack\/introduction\/\" \/>\n<meta property=\"og:locale\" content=\"fr_FR\" \/>\n<meta property=\"og:type\" content=\"article\" \/>\n<meta property=\"og:title\" content=\"Introduction - Pumptrack (piste \u00e0 rouleaux)\" \/>\n<meta property=\"og:description\" content=\"[vc_row][\/vc_row][vc_row][vc_column width=\u00a0\u00bb1\/1&Prime;][vc_accordion active_tab=\u00a0\u00bb0&Prime;][vc_accordion_tab title=\u00a0\u00bbOBJECTIF ET DOMAINE D&rsquo;APPLICATION\u00a0\u00bb tab_id=\u00a0\u00bb5f9f5691-17d9-0&Prime;][vc_column_text]L\u2019objectif de ce guide est d\u2019offrir tous les outils n\u00e9cessaires aux preneurs de [&hellip;]\" \/>\n<meta property=\"og:url\" content=\"https:\/\/www.guides-sports-loisirs.ca\/pumptrack\/introduction\/\" \/>\n<meta property=\"og:site_name\" content=\"Pumptrack (piste \u00e0 rouleaux)\" \/>\n<meta property=\"article:modified_time\" content=\"2024-06-19T16:01:52+00:00\" \/>\n<meta property=\"og:image\" content=\"https:\/\/www.guides-sports-loisirs.ca\/pumptrack\/wp-content\/uploads\/sites\/22\/2024\/06\/HeaderIntroduction.jpg\" \/>\n\t<meta property=\"og:image:width\" content=\"1920\" \/>\n\t<meta property=\"og:image:height\" content=\"655\" \/>\n\t<meta property=\"og:image:type\" content=\"image\/jpeg\" \/>\n<meta name=\"twitter:card\" content=\"summary_large_image\" \/>\n<meta name=\"twitter:label1\" content=\"Dur\u00e9e de lecture estim\u00e9e\" \/>\n\t<meta name=\"twitter:data1\" content=\"4 minutes\" \/>\n<script type=\"application\/ld+json\" class=\"yoast-schema-graph\">{\"@context\":\"https:\/\/schema.org\",\"@graph\":[{\"@type\":\"WebPage\",\"@id\":\"https:\/\/www.guides-sports-loisirs.ca\/pumptrack\/introduction\/\",\"url\":\"https:\/\/www.guides-sports-loisirs.ca\/pumptrack\/introduction\/\",\"name\":\"Introduction - Pumptrack (piste \u00e0 rouleaux)\",\"isPartOf\":{\"@id\":\"https:\/\/www.guides-sports-loisirs.ca\/pumptrack\/#website\"},\"primaryImageOfPage\":{\"@id\":\"https:\/\/www.guides-sports-loisirs.ca\/pumptrack\/introduction\/#primaryimage\"},\"image\":{\"@id\":\"https:\/\/www.guides-sports-loisirs.ca\/pumptrack\/introduction\/#primaryimage\"},\"thumbnailUrl\":\"https:\/\/www.guides-sports-loisirs.ca\/pumptrack\/wp-content\/uploads\/sites\/22\/2024\/06\/HeaderIntroduction.jpg\",\"datePublished\":\"2020-08-13T16:29:08+00:00\",\"dateModified\":\"2024-06-19T16:01:52+00:00\",\"breadcrumb\":{\"@id\":\"https:\/\/www.guides-sports-loisirs.ca\/pumptrack\/introduction\/#breadcrumb\"},\"inLanguage\":\"fr-FR\",\"potentialAction\":[{\"@type\":\"ReadAction\",\"target\":[\"https:\/\/www.guides-sports-loisirs.ca\/pumptrack\/introduction\/\"]}]},{\"@type\":\"ImageObject\",\"inLanguage\":\"fr-FR\",\"@id\":\"https:\/\/www.guides-sports-loisirs.ca\/pumptrack\/introduction\/#primaryimage\",\"url\":\"https:\/\/www.guides-sports-loisirs.ca\/pumptrack\/wp-content\/uploads\/sites\/22\/2024\/06\/HeaderIntroduction.jpg\",\"contentUrl\":\"https:\/\/www.guides-sports-loisirs.ca\/pumptrack\/wp-content\/uploads\/sites\/22\/2024\/06\/HeaderIntroduction.jpg\",\"width\":1920,\"height\":655},{\"@type\":\"BreadcrumbList\",\"@id\":\"https:\/\/www.guides-sports-loisirs.ca\/pumptrack\/introduction\/#breadcrumb\",\"itemListElement\":[{\"@type\":\"ListItem\",\"position\":1,\"name\":\"Accueil\",\"item\":\"https:\/\/www.guides-sports-loisirs.ca\/pumptrack\/\"},{\"@type\":\"ListItem\",\"position\":2,\"name\":\"Introduction\"}]},{\"@type\":\"WebSite\",\"@id\":\"https:\/\/www.guides-sports-loisirs.ca\/pumptrack\/#website\",\"url\":\"https:\/\/www.guides-sports-loisirs.ca\/pumptrack\/\",\"name\":\"Pumptrack (piste \u00e0 rouleaux)\",\"description\":\"pumptrack\",\"potentialAction\":[{\"@type\":\"SearchAction\",\"target\":{\"@type\":\"EntryPoint\",\"urlTemplate\":\"https:\/\/www.guides-sports-loisirs.ca\/pumptrack\/?s={search_term_string}\"},\"query-input\":{\"@type\":\"PropertyValueSpecification\",\"valueRequired\":true,\"valueName\":\"search_term_string\"}}],\"inLanguage\":\"fr-FR\"}]}<\/script>\n<!-- \/ Yoast SEO plugin. -->","yoast_head_json":{"title":"Introduction - Pumptrack (piste \u00e0 rouleaux)","robots":{"index":"index","follow":"follow","max-snippet":"max-snippet:-1","max-image-preview":"max-image-preview:large","max-video-preview":"max-video-preview:-1"},"canonical":"https:\/\/www.guides-sports-loisirs.ca\/pumptrack\/introduction\/","og_locale":"fr_FR","og_type":"article","og_title":"Introduction - Pumptrack (piste \u00e0 rouleaux)","og_description":"[vc_row][\/vc_row][vc_row][vc_column width=\u00a0\u00bb1\/1&Prime;][vc_accordion active_tab=\u00a0\u00bb0&Prime;][vc_accordion_tab title=\u00a0\u00bbOBJECTIF ET DOMAINE D&rsquo;APPLICATION\u00a0\u00bb tab_id=\u00a0\u00bb5f9f5691-17d9-0&Prime;][vc_column_text]L\u2019objectif de ce guide est d\u2019offrir tous les outils n\u00e9cessaires aux preneurs de [&hellip;]","og_url":"https:\/\/www.guides-sports-loisirs.ca\/pumptrack\/introduction\/","og_site_name":"Pumptrack (piste \u00e0 rouleaux)","article_modified_time":"2024-06-19T16:01:52+00:00","og_image":[{"width":1920,"height":655,"url":"https:\/\/www.guides-sports-loisirs.ca\/pumptrack\/wp-content\/uploads\/sites\/22\/2024\/06\/HeaderIntroduction.jpg","type":"image\/jpeg"}],"twitter_card":"summary_large_image","twitter_misc":{"Dur\u00e9e de lecture estim\u00e9e":"4 minutes"},"schema":{"@context":"https:\/\/schema.org","@graph":[{"@type":"WebPage","@id":"https:\/\/www.guides-sports-loisirs.ca\/pumptrack\/introduction\/","url":"https:\/\/www.guides-sports-loisirs.ca\/pumptrack\/introduction\/","name":"Introduction - Pumptrack (piste \u00e0 rouleaux)","isPartOf":{"@id":"https:\/\/www.guides-sports-loisirs.ca\/pumptrack\/#website"},"primaryImageOfPage":{"@id":"https:\/\/www.guides-sports-loisirs.ca\/pumptrack\/introduction\/#primaryimage"},"image":{"@id":"https:\/\/www.guides-sports-loisirs.ca\/pumptrack\/introduction\/#primaryimage"},"thumbnailUrl":"https:\/\/www.guides-sports-loisirs.ca\/pumptrack\/wp-content\/uploads\/sites\/22\/2024\/06\/HeaderIntroduction.jpg","datePublished":"2020-08-13T16:29:08+00:00","dateModified":"2024-06-19T16:01:52+00:00","breadcrumb":{"@id":"https:\/\/www.guides-sports-loisirs.ca\/pumptrack\/introduction\/#breadcrumb"},"inLanguage":"fr-FR","potentialAction":[{"@type":"ReadAction","target":["https:\/\/www.guides-sports-loisirs.ca\/pumptrack\/introduction\/"]}]},{"@type":"ImageObject","inLanguage":"fr-FR","@id":"https:\/\/www.guides-sports-loisirs.ca\/pumptrack\/introduction\/#primaryimage","url":"https:\/\/www.guides-sports-loisirs.ca\/pumptrack\/wp-content\/uploads\/sites\/22\/2024\/06\/HeaderIntroduction.jpg","contentUrl":"https:\/\/www.guides-sports-loisirs.ca\/pumptrack\/wp-content\/uploads\/sites\/22\/2024\/06\/HeaderIntroduction.jpg","width":1920,"height":655},{"@type":"BreadcrumbList","@id":"https:\/\/www.guides-sports-loisirs.ca\/pumptrack\/introduction\/#breadcrumb","itemListElement":[{"@type":"ListItem","position":1,"name":"Accueil","item":"https:\/\/www.guides-sports-loisirs.ca\/pumptrack\/"},{"@type":"ListItem","position":2,"name":"Introduction"}]},{"@type":"WebSite","@id":"https:\/\/www.guides-sports-loisirs.ca\/pumptrack\/#website","url":"https:\/\/www.guides-sports-loisirs.ca\/pumptrack\/","name":"Pumptrack (piste \u00e0 rouleaux)","description":"pumptrack","potentialAction":[{"@type":"SearchAction","target":{"@type":"EntryPoint","urlTemplate":"https:\/\/www.guides-sports-loisirs.ca\/pumptrack\/?s={search_term_string}"},"query-input":{"@type":"PropertyValueSpecification","valueRequired":true,"valueName":"search_term_string"}}],"inLanguage":"fr-FR"}]}},"_links":{"self":[{"href":"https:\/\/www.guides-sports-loisirs.ca\/pumptrack\/wp-json\/wp\/v2\/pages\/3039","targetHints":{"allow":["GET"]}}],"collection":[{"href":"https:\/\/www.guides-sports-loisirs.ca\/pumptrack\/wp-json\/wp\/v2\/pages"}],"about":[{"href":"https:\/\/www.guides-sports-loisirs.ca\/pumptrack\/wp-json\/wp\/v2\/types\/page"}],"author":[{"embeddable":true,"href":"https:\/\/www.guides-sports-loisirs.ca\/pumptrack\/wp-json\/wp\/v2\/users\/11"}],"replies":[{"embeddable":true,"href":"https:\/\/www.guides-sports-loisirs.ca\/pumptrack\/wp-json\/wp\/v2\/comments?post=3039"}],"version-history":[{"count":85,"href":"https:\/\/www.guides-sports-loisirs.ca\/pumptrack\/wp-json\/wp\/v2\/pages\/3039\/revisions"}],"predecessor-version":[{"id":4281,"href":"https:\/\/www.guides-sports-loisirs.ca\/pumptrack\/wp-json\/wp\/v2\/pages\/3039\/revisions\/4281"}],"wp:featuredmedia":[{"embeddable":true,"href":"https:\/\/www.guides-sports-loisirs.ca\/pumptrack\/wp-json\/wp\/v2\/media\/4822"}],"wp:attachment":[{"href":"https:\/\/www.guides-sports-loisirs.ca\/pumptrack\/wp-json\/wp\/v2\/media?parent=3039"}],"curies":[{"name":"wp","href":"https:\/\/api.w.org\/{rel}","templated":true}]}}