{"id":3000,"date":"2020-08-12T13:13:28","date_gmt":"2020-08-12T17:13:28","guid":{"rendered":"https:\/\/www.guides-sports-loisirs.ca\/pumptrack\/?page_id=3000"},"modified":"2024-06-27T10:42:19","modified_gmt":"2024-06-27T14:42:19","slug":"dimension","status":"publish","type":"page","link":"https:\/\/www.guides-sports-loisirs.ca\/pumptrack\/conception-2\/dimension\/","title":{"rendered":"Dimension"},"content":{"rendered":"<div class=\"wpb-content-wrapper\"><p>[vc_row][vc_column width=\u00a0\u00bb1\/1&Prime;][vc_column_text]<strong>La dimension d\u2019une pumptrack peut varier d\u2019un emplacement \u00e0 un autre puisqu\u2019il est possible de s\u2019adapter au terrain, que ce soit avec une installation modulaire pr\u00e9fabriqu\u00e9e ou permanente. Cependant, si la pumptrack est trop petite, il risque d\u2019y avoir un int\u00e9r\u00eat limit\u00e9 de la part des usagers, mais aussi une limitation du d\u00e9veloppement des habilet\u00e9s.<\/strong><\/p>\n<p><strong>Pour une pumptrack modulaire pr\u00e9fabriqu\u00e9e, l\u2019espace minimum est d\u2019environ 300 m<sup>2<\/sup>, mais il peut s\u2019\u00e9tendre \u00e0 850 m<sup>2<\/sup> et plus selon la configuration d\u00e9sir\u00e9e, le tout install\u00e9 sur une surface plane sans modulation.<\/strong>[\/vc_column_text][vc_accordion][vc_accordion_tab title=\u00a0\u00bbSUPERFICIE\u00a0\u00bb tab_id=\u00a0\u00bb1655392506-1-19&Prime;][vc_column_text]Certains concepteurs d\u00e9terminent la superficie de l\u2019installation en fonction du pied carr\u00e9 d\u2019asphalte (partie roulante) et d\u2019autres en fonction de la superficie du terrain lui-m\u00eame. Le ratio approximatif pour d\u00e9terminer la superficie d\u2019une pumptrack est de 2 \u00e0 3 selon la taille du terrain. Cette notion de ratio ne s\u2019applique pas forc\u00e9ment aux pumptracks modulaires pr\u00e9fabriqu\u00e9es.[\/vc_column_text][vc_empty_space empty_h=\u00a0\u00bb2&Prime;][vc_column_text border_color=\u00a0\u00bbcolor-103660&Prime; border_style=\u00a0\u00bbsolid\u00a0\u00bb css=\u00a0\u00bb.vc_custom_1718986089864{padding-top: 15px !important;padding-right: 15px !important;padding-bottom: 15px !important;padding-left: 15px !important;}\u00a0\u00bb]<strong>Exemple<\/strong> : Minimalement, une pumptrack asphalt\u00e9e (partie roulante) ne devrait pas faire moins de 400 m<sup>2<\/sup>. \u00c0 partir de 800 m<sup>2<\/sup>, il est possible d\u2019ajouter des connexions entre les lignes, et au-del\u00e0 de 1200 m<sup>2<\/sup>, la pumptrack pourra accueillir deux \u00e0 trois niveaux d\u2019habilet\u00e9s (d\u00e9butant, interm\u00e9diaire et avanc\u00e9).[\/vc_column_text][vc_empty_space empty_h=\u00a0\u00bb2&Prime;][vc_column_text]Les modules des pumptracks modulaires pr\u00e9fabriqu\u00e9es peuvent s\u2019agencer \u00e0 l\u2019infini. Ce type d\u2019infrastructure peut \u00eatre install\u00e9 sur un terrain plus petit.<\/p>\n<p>La F\u00e9d\u00e9ration qu\u00e9b\u00e9coise des sports cyclistes (FQSC) recommande dans tous les cas un d\u00e9gagement de 2500 mm.[\/vc_column_text][\/vc_accordion_tab][vc_accordion_tab title=\u00a0\u00bbZONES D&rsquo;ATTENTE\u00a0\u00bb tab_id=\u00a0\u00bb1655392506-2-7&Prime;][vc_column_text]Une ou plusieurs zones d\u2019attente sont \u00e0 pr\u00e9voir afin que les usagers puissent attendre leur tour lors des p\u00e9riodes achaland\u00e9es. La zone d\u2019attente principale devrait pouvoir accueillir minimalement cinq personnes avec leur v\u00e9lo, planche \u00e0 roulettes ou trottinette, et \u00eatre situ\u00e9e pr\u00e8s de la zone de d\u00e9part.<\/p>\n<p>L\u2019emplacement de la zone de d\u00e9part d\u00e9pendra de la configuration de la partie roulante. Elle devra \u00eatre adapt\u00e9e en cons\u00e9quence.<\/p>\n<p>Les zones d\u2019attente sont illustr\u00e9es en bleu dans l\u2019image ci-dessous.[\/vc_column_text][vc_empty_space][vc_single_image media=\u00a0\u00bb4912&Prime; media_lightbox=\u00a0\u00bbyes\u00a0\u00bb media_width_percent=\u00a0\u00bb65&Prime; alignment=\u00a0\u00bbcenter\u00a0\u00bb lbox_skin=\u00a0\u00bbwhite\u00a0\u00bb][vc_empty_space][\/vc_accordion_tab][vc_accordion_tab title=\u00a0\u00bbVIRAGE\u00a0\u00bb tab_id=\u00a0\u00bb1718372334253-2-4&Prime;][vc_column_text]Chaque virage doit avoir une largeur minimale de 1500 mm (applicable aux pumptracks permanents) \u00e0 des fins de s\u00e9curit\u00e9. En raison de cette largeur, les zones d\u2019attente peuvent \u00eatre adjacentes aux virages. Chaque virage doit \u00eatre d\u00e9gag\u00e9 de tout obstacle qui pourrait \u00eatre jug\u00e9 dangereux pour l\u2019usager (bosse, poteau d\u2019\u00e9clairage, banc ou poubelle).[\/vc_column_text][\/vc_accordion_tab][vc_accordion_tab title=\u00a0\u00bbHAUTEUR DES BOSSES ET DES VIRAGES\u00a0\u00bb tab_id=\u00a0\u00bb1718372381987-3-3&Prime;][vc_column_text]La hauteur des bosses et des virages peut avoir un impact sur la s\u00e9curit\u00e9 et sur le d\u00e9veloppement des habilet\u00e9s des pratiquants. La hauteur des bosses doit \u00eatre adapt\u00e9e au niveau d\u2019habilet\u00e9 souhait\u00e9.<\/p>\n<p>En g\u00e9n\u00e9ral, la hauteur d\u2019une bosse varie entre 300 mm et 1000 mm. Pour ce qui est des virages, la hauteur minimale est de 900 mm et la hauteur maximale, de 1300 mm.[\/vc_column_text][vc_empty_space empty_h=\u00a0\u00bb2&Prime;][vc_column_text border_color=\u00a0\u00bbcolor-103660&Prime; border_style=\u00a0\u00bbsolid\u00a0\u00bb css=\u00a0\u00bb.vc_custom_1718986441364{padding-top: 15px !important;padding-right: 15px !important;padding-bottom: 15px !important;padding-left: 15px !important;}\u00a0\u00bb]Dans l\u2019appel d\u2019offres, il est important de mentionner le ou les niveaux d\u2019habilet\u00e9 souhait\u00e9s. Les concepteurs adapteront leur design en cons\u00e9quence.[\/vc_column_text][vc_empty_space empty_h=\u00a0\u00bb2&Prime;][vc_column_text]Dans les pumptracks modulaires pr\u00e9fabriqu\u00e9es, la hauteur des bosses et des virages n\u2019est pas modifiable puisque les modules sont pr\u00e9fabriqu\u00e9s. Cependant, le design de la pumptrack peut \u00eatre adapt\u00e9 \u00e0 diff\u00e9rents niveaux. Le distributeur pourra vous aiguiller.[\/vc_column_text][\/vc_accordion_tab][vc_accordion_tab title=\u00a0\u00bbLARGEUR DE PISTE\u00a0\u00bb tab_id=\u00a0\u00bb1718372502152-4-9&Prime;][vc_column_text]Une pumptrack asphalt\u00e9e ou modulaire pr\u00e9fabriqu\u00e9e pr\u00e9sente une piste dont la largeur ne permet le passage que d\u2019un seul usager \u00e0 la fois. La largeur de la piste doit \u00eatre suffisante pour circuler en toute s\u00e9curit\u00e9. Elle doit \u00e9galement \u00eatre assez large pour permettre un d\u00e9passement en cas de perte de contr\u00f4le de fa\u00e7on \u00e0 \u00e9viter les accidents. Nous recommandons une largeur minimale entre 1100 mm et 2000 mm.[\/vc_column_text][\/vc_accordion_tab][\/vc_accordion][\/vc_column][\/vc_row][vc_row][\/vc_row][vc_row row_height_percent=\u00a0\u00bb0&Prime; overlay_alpha=\u00a0\u00bb50&Prime; gutter_size=\u00a0\u00bb3&Prime; shift_y=\u00a0\u00bb0&Prime; css=\u00a0\u00bb.vc_custom_1569108716255{margin-bottom: 50px !important;}\u00a0\u00bb][vc_column width=\u00a0\u00bb1\/1&Prime;][vc_button button_color=\u00a0\u00bbaccent\u00a0\u00bb size=\u00a0\u00bbbtn-lg\u00a0\u00bb radius=\u00a0\u00bbbtn-circle\u00a0\u00bb border_width=\u00a0\u00bb0&Prime; link=\u00a0\u00bburl:https%3A%2F%2Fwww.guides-sports-loisirs.ca%2Fpumptrack%2Fwp-content%2Fuploads%2Fsites%2F22%2F2024%2F06%2F3.2_Dimension.pdf||target:%20_blank|\u00a0\u00bb icon=\u00a0\u00bbfa fa-file-o\u00a0\u00bb el_class=\u00a0\u00bbbtn-pdf\u00a0\u00bb]Version PDF[\/vc_button][\/vc_column][\/vc_row]<\/p>\n<\/div>","protected":false},"excerpt":{"rendered":"<p>[vc_row][vc_column width=\u00a0\u00bb1\/1&Prime;][vc_column_text]La dimension d\u2019une pumptrack peut varier d\u2019un emplacement \u00e0 un autre puisqu\u2019il est possible de s\u2019adapter au terrain, que [&hellip;]<\/p>\n","protected":false},"author":11,"featured_media":0,"parent":2996,"menu_order":2,"comment_status":"closed","ping_status":"closed","template":"","meta":{"_acf_changed":false,"footnotes":""},"class_list":["post-3000","page","type-page","status-publish","hentry"],"acf":[],"yoast_head":"<!-- This site is optimized with the Yoast SEO plugin v27.4 - https:\/\/yoast.com\/product\/yoast-seo-wordpress\/ -->\n<title>Dimension - Pumptrack (piste \u00e0 rouleaux)<\/title>\n<meta name=\"robots\" content=\"index, follow, max-snippet:-1, max-image-preview:large, max-video-preview:-1\" \/>\n<link rel=\"canonical\" href=\"https:\/\/www.guides-sports-loisirs.ca\/pumptrack\/conception-2\/dimension\/\" \/>\n<meta property=\"og:locale\" content=\"fr_FR\" \/>\n<meta property=\"og:type\" content=\"article\" \/>\n<meta property=\"og:title\" content=\"Dimension - Pumptrack (piste \u00e0 rouleaux)\" \/>\n<meta property=\"og:description\" content=\"[vc_row][vc_column width=\u00a0\u00bb1\/1&Prime;][vc_column_text]La dimension d\u2019une pumptrack peut varier d\u2019un emplacement \u00e0 un autre puisqu\u2019il est possible de s\u2019adapter au terrain, que [&hellip;]\" \/>\n<meta property=\"og:url\" content=\"https:\/\/www.guides-sports-loisirs.ca\/pumptrack\/conception-2\/dimension\/\" \/>\n<meta property=\"og:site_name\" content=\"Pumptrack (piste \u00e0 rouleaux)\" \/>\n<meta property=\"article:modified_time\" content=\"2024-06-27T14:42:19+00:00\" \/>\n<meta name=\"twitter:card\" content=\"summary_large_image\" \/>\n<meta name=\"twitter:label1\" content=\"Dur\u00e9e de lecture estim\u00e9e\" \/>\n\t<meta name=\"twitter:data1\" content=\"4 minutes\" \/>\n<script type=\"application\/ld+json\" class=\"yoast-schema-graph\">{\"@context\":\"https:\\\/\\\/schema.org\",\"@graph\":[{\"@type\":\"WebPage\",\"@id\":\"https:\\\/\\\/www.guides-sports-loisirs.ca\\\/pumptrack\\\/conception-2\\\/dimension\\\/\",\"url\":\"https:\\\/\\\/www.guides-sports-loisirs.ca\\\/pumptrack\\\/conception-2\\\/dimension\\\/\",\"name\":\"Dimension - Pumptrack (piste \u00e0 rouleaux)\",\"isPartOf\":{\"@id\":\"https:\\\/\\\/www.guides-sports-loisirs.ca\\\/pumptrack\\\/#website\"},\"datePublished\":\"2020-08-12T17:13:28+00:00\",\"dateModified\":\"2024-06-27T14:42:19+00:00\",\"breadcrumb\":{\"@id\":\"https:\\\/\\\/www.guides-sports-loisirs.ca\\\/pumptrack\\\/conception-2\\\/dimension\\\/#breadcrumb\"},\"inLanguage\":\"fr-FR\",\"potentialAction\":[{\"@type\":\"ReadAction\",\"target\":[\"https:\\\/\\\/www.guides-sports-loisirs.ca\\\/pumptrack\\\/conception-2\\\/dimension\\\/\"]}]},{\"@type\":\"BreadcrumbList\",\"@id\":\"https:\\\/\\\/www.guides-sports-loisirs.ca\\\/pumptrack\\\/conception-2\\\/dimension\\\/#breadcrumb\",\"itemListElement\":[{\"@type\":\"ListItem\",\"position\":1,\"name\":\"Accueil\",\"item\":\"https:\\\/\\\/www.guides-sports-loisirs.ca\\\/pumptrack\\\/\"},{\"@type\":\"ListItem\",\"position\":2,\"name\":\"Conception\",\"item\":\"https:\\\/\\\/www.guides-sports-loisirs.ca\\\/pumptrack\\\/conception-2\\\/\"},{\"@type\":\"ListItem\",\"position\":3,\"name\":\"Dimension\"}]},{\"@type\":\"WebSite\",\"@id\":\"https:\\\/\\\/www.guides-sports-loisirs.ca\\\/pumptrack\\\/#website\",\"url\":\"https:\\\/\\\/www.guides-sports-loisirs.ca\\\/pumptrack\\\/\",\"name\":\"Pumptrack (piste \u00e0 rouleaux)\",\"description\":\"pumptrack\",\"potentialAction\":[{\"@type\":\"SearchAction\",\"target\":{\"@type\":\"EntryPoint\",\"urlTemplate\":\"https:\\\/\\\/www.guides-sports-loisirs.ca\\\/pumptrack\\\/?s={search_term_string}\"},\"query-input\":{\"@type\":\"PropertyValueSpecification\",\"valueRequired\":true,\"valueName\":\"search_term_string\"}}],\"inLanguage\":\"fr-FR\"}]}<\/script>\n<!-- \/ Yoast SEO plugin. -->","yoast_head_json":{"title":"Dimension - Pumptrack (piste \u00e0 rouleaux)","robots":{"index":"index","follow":"follow","max-snippet":"max-snippet:-1","max-image-preview":"max-image-preview:large","max-video-preview":"max-video-preview:-1"},"canonical":"https:\/\/www.guides-sports-loisirs.ca\/pumptrack\/conception-2\/dimension\/","og_locale":"fr_FR","og_type":"article","og_title":"Dimension - Pumptrack (piste \u00e0 rouleaux)","og_description":"[vc_row][vc_column width=\u00a0\u00bb1\/1&Prime;][vc_column_text]La dimension d\u2019une pumptrack peut varier d\u2019un emplacement \u00e0 un autre puisqu\u2019il est possible de s\u2019adapter au terrain, que [&hellip;]","og_url":"https:\/\/www.guides-sports-loisirs.ca\/pumptrack\/conception-2\/dimension\/","og_site_name":"Pumptrack (piste \u00e0 rouleaux)","article_modified_time":"2024-06-27T14:42:19+00:00","twitter_card":"summary_large_image","twitter_misc":{"Dur\u00e9e de lecture estim\u00e9e":"4 minutes"},"schema":{"@context":"https:\/\/schema.org","@graph":[{"@type":"WebPage","@id":"https:\/\/www.guides-sports-loisirs.ca\/pumptrack\/conception-2\/dimension\/","url":"https:\/\/www.guides-sports-loisirs.ca\/pumptrack\/conception-2\/dimension\/","name":"Dimension - Pumptrack (piste \u00e0 rouleaux)","isPartOf":{"@id":"https:\/\/www.guides-sports-loisirs.ca\/pumptrack\/#website"},"datePublished":"2020-08-12T17:13:28+00:00","dateModified":"2024-06-27T14:42:19+00:00","breadcrumb":{"@id":"https:\/\/www.guides-sports-loisirs.ca\/pumptrack\/conception-2\/dimension\/#breadcrumb"},"inLanguage":"fr-FR","potentialAction":[{"@type":"ReadAction","target":["https:\/\/www.guides-sports-loisirs.ca\/pumptrack\/conception-2\/dimension\/"]}]},{"@type":"BreadcrumbList","@id":"https:\/\/www.guides-sports-loisirs.ca\/pumptrack\/conception-2\/dimension\/#breadcrumb","itemListElement":[{"@type":"ListItem","position":1,"name":"Accueil","item":"https:\/\/www.guides-sports-loisirs.ca\/pumptrack\/"},{"@type":"ListItem","position":2,"name":"Conception","item":"https:\/\/www.guides-sports-loisirs.ca\/pumptrack\/conception-2\/"},{"@type":"ListItem","position":3,"name":"Dimension"}]},{"@type":"WebSite","@id":"https:\/\/www.guides-sports-loisirs.ca\/pumptrack\/#website","url":"https:\/\/www.guides-sports-loisirs.ca\/pumptrack\/","name":"Pumptrack (piste \u00e0 rouleaux)","description":"pumptrack","potentialAction":[{"@type":"SearchAction","target":{"@type":"EntryPoint","urlTemplate":"https:\/\/www.guides-sports-loisirs.ca\/pumptrack\/?s={search_term_string}"},"query-input":{"@type":"PropertyValueSpecification","valueRequired":true,"valueName":"search_term_string"}}],"inLanguage":"fr-FR"}]}},"_links":{"self":[{"href":"https:\/\/www.guides-sports-loisirs.ca\/pumptrack\/wp-json\/wp\/v2\/pages\/3000","targetHints":{"allow":["GET"]}}],"collection":[{"href":"https:\/\/www.guides-sports-loisirs.ca\/pumptrack\/wp-json\/wp\/v2\/pages"}],"about":[{"href":"https:\/\/www.guides-sports-loisirs.ca\/pumptrack\/wp-json\/wp\/v2\/types\/page"}],"author":[{"embeddable":true,"href":"https:\/\/www.guides-sports-loisirs.ca\/pumptrack\/wp-json\/wp\/v2\/users\/11"}],"replies":[{"embeddable":true,"href":"https:\/\/www.guides-sports-loisirs.ca\/pumptrack\/wp-json\/wp\/v2\/comments?post=3000"}],"version-history":[{"count":40,"href":"https:\/\/www.guides-sports-loisirs.ca\/pumptrack\/wp-json\/wp\/v2\/pages\/3000\/revisions"}],"predecessor-version":[{"id":5020,"href":"https:\/\/www.guides-sports-loisirs.ca\/pumptrack\/wp-json\/wp\/v2\/pages\/3000\/revisions\/5020"}],"up":[{"embeddable":true,"href":"https:\/\/www.guides-sports-loisirs.ca\/pumptrack\/wp-json\/wp\/v2\/pages\/2996"}],"wp:attachment":[{"href":"https:\/\/www.guides-sports-loisirs.ca\/pumptrack\/wp-json\/wp\/v2\/media?parent=3000"}],"curies":[{"name":"wp","href":"https:\/\/api.w.org\/{rel}","templated":true}]}}