{"id":2018,"date":"2020-08-10T11:11:07","date_gmt":"2020-08-10T15:11:07","guid":{"rendered":"https:\/\/www.guides-sports-loisirs.ca\/pumptrack\/?page_id=2018"},"modified":"2024-06-26T16:09:07","modified_gmt":"2024-06-26T20:09:07","slug":"processus-appel-offres","status":"publish","type":"page","link":"https:\/\/www.guides-sports-loisirs.ca\/pumptrack\/planification\/processus-appel-offres\/","title":{"rendered":"Processus d&rsquo;appel d&rsquo;offres"},"content":{"rendered":"<div class=\"wpb-content-wrapper\"><p>[vc_row][vc_column width=\u00a0\u00bb1\/1&Prime;][vc_column_text]<strong>Les organismes publics sont tenus de r\u00e9aliser des appels d\u2019offres afin d\u2019octroyer des contrats de construction. Il est important que l\u2019appel d\u2019offres soit tr\u00e8s explicite sur les besoins de la municipalit\u00e9 en vue de la construction d\u2019une pumptrack.<\/strong>[\/vc_column_text][vc_accordion][vc_accordion_tab title=\u00a0\u00bbP\u00c9RIODE DE L&rsquo;APPEL D&rsquo;OFFRES\u00a0\u00bb tab_id=\u00a0\u00bb1718481153-1-82&Prime;][vc_column_text]Afin de mettre toutes les chances de votre c\u00f4t\u00e9 pour que votre projet puisse \u00eatre r\u00e9alis\u00e9 au cours de l\u2019ann\u00e9e, il est recommand\u00e9 de proc\u00e9der \u00e0 l\u2019appel d\u2019offres entre les mois de novembre et mars. Vous obtiendrez ainsi plus de temps pour la planification et la conception, en plus de meilleurs tarifs. Chaque ann\u00e9e, des dizaines de projets sont annul\u00e9s parce que les demandes arrivent trop tard.[\/vc_column_text][\/vc_accordion_tab][vc_accordion_tab title=\u00a0\u00bbPERSONNALISATION\u00a0\u00bb tab_id=\u00a0\u00bb1718481153-2-84&Prime;][vc_column_text]Il est conseill\u00e9 de mentionner dans l\u2019appel d\u2019offres la r\u00e9partition des activit\u00e9s entre la municipalit\u00e9 et l\u2019entrepreneur sp\u00e9cialis\u00e9. Chaque projet est personnalisable en fonction du savoir-faire de la municipalit\u00e9 afin de pouvoir respecter le budget.<\/p>\n<p>Il est recommand\u00e9 de travailler de concert avec le sp\u00e9cialiste pour pr\u00e9parer le cahier des charges. Voici un exemple de r\u00e9partition des t\u00e2ches :[\/vc_column_text][vc_empty_space empty_h=\u00a0\u00bb2&Prime;][vc_single_image media=\u00a0\u00bb4916&Prime; media_lightbox=\u00a0\u00bbyes\u00a0\u00bb media_width_percent=\u00a0\u00bb65&Prime; alignment=\u00a0\u00bbcenter\u00a0\u00bb lbox_skin=\u00a0\u00bbwhite\u00a0\u00bb][vc_empty_space empty_h=\u00a0\u00bb2&Prime;][\/vc_accordion_tab][\/vc_accordion][\/vc_column][\/vc_row][vc_row][\/vc_row][vc_row row_height_percent=\u00a0\u00bb0&Prime; overlay_alpha=\u00a0\u00bb50&Prime; gutter_size=\u00a0\u00bb3&Prime; shift_y=\u00a0\u00bb0&Prime; css=\u00a0\u00bb.vc_custom_1569108843026{margin-bottom: 50px !important;}\u00a0\u00bb][vc_column width=\u00a0\u00bb1\/1&Prime;][vc_button button_color=\u00a0\u00bbaccent\u00a0\u00bb size=\u00a0\u00bbbtn-lg\u00a0\u00bb radius=\u00a0\u00bbbtn-circle\u00a0\u00bb border_width=\u00a0\u00bb0&Prime; link=\u00a0\u00bburl:https%3A%2F%2Fwww.guides-sports-loisirs.ca%2Fpumptrack%2Fwp-content%2Fuploads%2Fsites%2F22%2F2024%2F06%2F2.5_ProcessusAppelOffrres.pdf||target:%20_blank|\u00a0\u00bb icon=\u00a0\u00bbfa fa-file-o\u00a0\u00bb el_class=\u00a0\u00bbbtn-pdf\u00a0\u00bb]Version PDF[\/vc_button][\/vc_column][\/vc_row]<\/p>\n<\/div>","protected":false},"excerpt":{"rendered":"<p>[vc_row][vc_column width=\u00a0\u00bb1\/1&Prime;][vc_column_text]Les organismes publics sont tenus de r\u00e9aliser des appels d\u2019offres afin d\u2019octroyer des contrats de construction. Il est important [&hellip;]<\/p>\n","protected":false},"author":11,"featured_media":0,"parent":2016,"menu_order":10,"comment_status":"closed","ping_status":"closed","template":"","meta":{"_acf_changed":false,"footnotes":""},"class_list":["post-2018","page","type-page","status-publish","hentry"],"acf":[],"yoast_head":"<!-- This site is optimized with the Yoast SEO plugin v27.2 - https:\/\/yoast.com\/product\/yoast-seo-wordpress\/ -->\n<title>Processus d&#039;appel d&#039;offres - Pumptrack (piste \u00e0 rouleaux)<\/title>\n<meta name=\"robots\" content=\"index, follow, max-snippet:-1, max-image-preview:large, max-video-preview:-1\" \/>\n<link rel=\"canonical\" href=\"https:\/\/www.guides-sports-loisirs.ca\/pumptrack\/planification\/processus-appel-offres\/\" \/>\n<meta property=\"og:locale\" content=\"fr_FR\" \/>\n<meta property=\"og:type\" content=\"article\" \/>\n<meta property=\"og:title\" content=\"Processus d&#039;appel d&#039;offres - Pumptrack (piste \u00e0 rouleaux)\" \/>\n<meta property=\"og:description\" content=\"[vc_row][vc_column width=\u00a0\u00bb1\/1&Prime;][vc_column_text]Les organismes publics sont tenus de r\u00e9aliser des appels d\u2019offres afin d\u2019octroyer des contrats de construction. Il est important [&hellip;]\" \/>\n<meta property=\"og:url\" content=\"https:\/\/www.guides-sports-loisirs.ca\/pumptrack\/planification\/processus-appel-offres\/\" \/>\n<meta property=\"og:site_name\" content=\"Pumptrack (piste \u00e0 rouleaux)\" \/>\n<meta property=\"article:modified_time\" content=\"2024-06-26T20:09:07+00:00\" \/>\n<meta name=\"twitter:card\" content=\"summary_large_image\" \/>\n<meta name=\"twitter:label1\" content=\"Dur\u00e9e de lecture estim\u00e9e\" \/>\n\t<meta name=\"twitter:data1\" content=\"2 minutes\" \/>\n<script type=\"application\/ld+json\" class=\"yoast-schema-graph\">{\"@context\":\"https:\/\/schema.org\",\"@graph\":[{\"@type\":\"WebPage\",\"@id\":\"https:\/\/www.guides-sports-loisirs.ca\/pumptrack\/planification\/processus-appel-offres\/\",\"url\":\"https:\/\/www.guides-sports-loisirs.ca\/pumptrack\/planification\/processus-appel-offres\/\",\"name\":\"Processus d'appel d'offres - Pumptrack (piste \u00e0 rouleaux)\",\"isPartOf\":{\"@id\":\"https:\/\/www.guides-sports-loisirs.ca\/pumptrack\/#website\"},\"datePublished\":\"2020-08-10T15:11:07+00:00\",\"dateModified\":\"2024-06-26T20:09:07+00:00\",\"breadcrumb\":{\"@id\":\"https:\/\/www.guides-sports-loisirs.ca\/pumptrack\/planification\/processus-appel-offres\/#breadcrumb\"},\"inLanguage\":\"fr-FR\",\"potentialAction\":[{\"@type\":\"ReadAction\",\"target\":[\"https:\/\/www.guides-sports-loisirs.ca\/pumptrack\/planification\/processus-appel-offres\/\"]}]},{\"@type\":\"BreadcrumbList\",\"@id\":\"https:\/\/www.guides-sports-loisirs.ca\/pumptrack\/planification\/processus-appel-offres\/#breadcrumb\",\"itemListElement\":[{\"@type\":\"ListItem\",\"position\":1,\"name\":\"Accueil\",\"item\":\"https:\/\/www.guides-sports-loisirs.ca\/pumptrack\/\"},{\"@type\":\"ListItem\",\"position\":2,\"name\":\"Planification\",\"item\":\"https:\/\/www.guides-sports-loisirs.ca\/pumptrack\/planification\/\"},{\"@type\":\"ListItem\",\"position\":3,\"name\":\"Processus d&rsquo;appel d&rsquo;offres\"}]},{\"@type\":\"WebSite\",\"@id\":\"https:\/\/www.guides-sports-loisirs.ca\/pumptrack\/#website\",\"url\":\"https:\/\/www.guides-sports-loisirs.ca\/pumptrack\/\",\"name\":\"Pumptrack (piste \u00e0 rouleaux)\",\"description\":\"pumptrack\",\"potentialAction\":[{\"@type\":\"SearchAction\",\"target\":{\"@type\":\"EntryPoint\",\"urlTemplate\":\"https:\/\/www.guides-sports-loisirs.ca\/pumptrack\/?s={search_term_string}\"},\"query-input\":{\"@type\":\"PropertyValueSpecification\",\"valueRequired\":true,\"valueName\":\"search_term_string\"}}],\"inLanguage\":\"fr-FR\"}]}<\/script>\n<!-- \/ Yoast SEO plugin. -->","yoast_head_json":{"title":"Processus d'appel d'offres - Pumptrack (piste \u00e0 rouleaux)","robots":{"index":"index","follow":"follow","max-snippet":"max-snippet:-1","max-image-preview":"max-image-preview:large","max-video-preview":"max-video-preview:-1"},"canonical":"https:\/\/www.guides-sports-loisirs.ca\/pumptrack\/planification\/processus-appel-offres\/","og_locale":"fr_FR","og_type":"article","og_title":"Processus d'appel d'offres - Pumptrack (piste \u00e0 rouleaux)","og_description":"[vc_row][vc_column width=\u00a0\u00bb1\/1&Prime;][vc_column_text]Les organismes publics sont tenus de r\u00e9aliser des appels d\u2019offres afin d\u2019octroyer des contrats de construction. Il est important [&hellip;]","og_url":"https:\/\/www.guides-sports-loisirs.ca\/pumptrack\/planification\/processus-appel-offres\/","og_site_name":"Pumptrack (piste \u00e0 rouleaux)","article_modified_time":"2024-06-26T20:09:07+00:00","twitter_card":"summary_large_image","twitter_misc":{"Dur\u00e9e de lecture estim\u00e9e":"2 minutes"},"schema":{"@context":"https:\/\/schema.org","@graph":[{"@type":"WebPage","@id":"https:\/\/www.guides-sports-loisirs.ca\/pumptrack\/planification\/processus-appel-offres\/","url":"https:\/\/www.guides-sports-loisirs.ca\/pumptrack\/planification\/processus-appel-offres\/","name":"Processus d'appel d'offres - Pumptrack (piste \u00e0 rouleaux)","isPartOf":{"@id":"https:\/\/www.guides-sports-loisirs.ca\/pumptrack\/#website"},"datePublished":"2020-08-10T15:11:07+00:00","dateModified":"2024-06-26T20:09:07+00:00","breadcrumb":{"@id":"https:\/\/www.guides-sports-loisirs.ca\/pumptrack\/planification\/processus-appel-offres\/#breadcrumb"},"inLanguage":"fr-FR","potentialAction":[{"@type":"ReadAction","target":["https:\/\/www.guides-sports-loisirs.ca\/pumptrack\/planification\/processus-appel-offres\/"]}]},{"@type":"BreadcrumbList","@id":"https:\/\/www.guides-sports-loisirs.ca\/pumptrack\/planification\/processus-appel-offres\/#breadcrumb","itemListElement":[{"@type":"ListItem","position":1,"name":"Accueil","item":"https:\/\/www.guides-sports-loisirs.ca\/pumptrack\/"},{"@type":"ListItem","position":2,"name":"Planification","item":"https:\/\/www.guides-sports-loisirs.ca\/pumptrack\/planification\/"},{"@type":"ListItem","position":3,"name":"Processus d&rsquo;appel d&rsquo;offres"}]},{"@type":"WebSite","@id":"https:\/\/www.guides-sports-loisirs.ca\/pumptrack\/#website","url":"https:\/\/www.guides-sports-loisirs.ca\/pumptrack\/","name":"Pumptrack (piste \u00e0 rouleaux)","description":"pumptrack","potentialAction":[{"@type":"SearchAction","target":{"@type":"EntryPoint","urlTemplate":"https:\/\/www.guides-sports-loisirs.ca\/pumptrack\/?s={search_term_string}"},"query-input":{"@type":"PropertyValueSpecification","valueRequired":true,"valueName":"search_term_string"}}],"inLanguage":"fr-FR"}]}},"_links":{"self":[{"href":"https:\/\/www.guides-sports-loisirs.ca\/pumptrack\/wp-json\/wp\/v2\/pages\/2018","targetHints":{"allow":["GET"]}}],"collection":[{"href":"https:\/\/www.guides-sports-loisirs.ca\/pumptrack\/wp-json\/wp\/v2\/pages"}],"about":[{"href":"https:\/\/www.guides-sports-loisirs.ca\/pumptrack\/wp-json\/wp\/v2\/types\/page"}],"author":[{"embeddable":true,"href":"https:\/\/www.guides-sports-loisirs.ca\/pumptrack\/wp-json\/wp\/v2\/users\/11"}],"replies":[{"embeddable":true,"href":"https:\/\/www.guides-sports-loisirs.ca\/pumptrack\/wp-json\/wp\/v2\/comments?post=2018"}],"version-history":[{"count":36,"href":"https:\/\/www.guides-sports-loisirs.ca\/pumptrack\/wp-json\/wp\/v2\/pages\/2018\/revisions"}],"predecessor-version":[{"id":4978,"href":"https:\/\/www.guides-sports-loisirs.ca\/pumptrack\/wp-json\/wp\/v2\/pages\/2018\/revisions\/4978"}],"up":[{"embeddable":true,"href":"https:\/\/www.guides-sports-loisirs.ca\/pumptrack\/wp-json\/wp\/v2\/pages\/2016"}],"wp:attachment":[{"href":"https:\/\/www.guides-sports-loisirs.ca\/pumptrack\/wp-json\/wp\/v2\/media?parent=2018"}],"curies":[{"name":"wp","href":"https:\/\/api.w.org\/{rel}","templated":true}]}}