{"id":1931,"date":"2020-08-10T08:18:49","date_gmt":"2020-08-10T12:18:49","guid":{"rendered":"https:\/\/www.guides-sports-loisirs.ca\/pumptrack\/?page_id=1931"},"modified":"2024-06-13T16:18:39","modified_gmt":"2024-06-13T20:18:39","slug":"securite-environnement","status":"publish","type":"page","link":"https:\/\/www.guides-sports-loisirs.ca\/pumptrack\/encadrement-securite-integrite\/securite-environnement\/","title":{"rendered":"S\u00e9curit\u00e9 de l\u2019environnement"},"content":{"rendered":"<div class=\"wpb-content-wrapper\"><p>[vc_row][vc_column width=\u00a0\u00bb1\/1&Prime;][vc_column_text]<strong>La pratique de sports d\u2019action comme le v\u00e9lo, la trottinette ou la planche <\/strong><strong>\u00e0 roulettes comporte, par d\u00e9finition, des risques. Il est donc n\u00e9cessaire que <\/strong><strong>la surface soit le plus s\u00e9curitaire possible et qu\u2019aucun \u00e9l\u00e9ment externe <\/strong><strong>ne puisse alt\u00e9rer la pratique.<\/strong>[\/vc_column_text][vc_accordion][vc_accordion_tab title=\u00a0\u00bbSURFACE\u00a0\u00bb tab_id=\u00a0\u00bb1718309609-1-19&Prime;][vc_column_text]La surface de la pumptrack doit \u00eatre la plus lisse possible. Aucune asp\u00e9rit\u00e9 ne doit \u00eatre pr\u00e9sente sur la surface, ce qui augmenterait consid\u00e9rablement les risques de blessures.[\/vc_column_text][\/vc_accordion_tab][vc_accordion_tab title=\u00a0\u00bbINTEMP\u00c9RIES\u00a0\u00bb tab_id=\u00a0\u00bb1718309609-2-85&Prime;][vc_column_text]Il n\u2019est pas recommand\u00e9 d\u2019utiliser une pumptrack en p\u00e9riode de gel. Il est recommand\u00e9 de pr\u00e9voir une p\u00e9riode de fermeture. Comme la surface des pumptracks asphalt\u00e9es ou modulaires pr\u00e9fabriqu\u00e9es r\u00e9siste \u00e0 l\u2019eau, il est possible de les rouvrir d\u00e8s le d\u00e9but du printemps.[\/vc_column_text][\/vc_accordion_tab][vc_accordion_tab title=\u00a0\u00bb\u00c9L\u00c9MENTS EXTERNES\u00a0\u00bb tab_id=\u00a0\u00bb1718309724532-2-4&Prime;][vc_column_text]Afin de r\u00e9duire les risques que pourraient poser des \u00e9l\u00e9ments externes comme les arbres, les carr\u00e9s de sable, les zones de graviers et les terrains de volley-ball de plage qui pourraient contaminer la surface de la pumptrack (d\u00e9placement ou accumulation de sable, de graviers, de feuilles ou de branches), <strong>la pumptrack devrait \u00eatre construite le plus \u00e0 l\u2019\u00e9cart possible de ces \u00e9l\u00e9ments.<\/strong>[\/vc_column_text][\/vc_accordion_tab][\/vc_accordion][\/vc_column][\/vc_row][vc_row][\/vc_row][vc_row row_height_percent=\u00a0\u00bb0&Prime; overlay_alpha=\u00a0\u00bb50&Prime; gutter_size=\u00a0\u00bb3&Prime; shift_y=\u00a0\u00bb0&Prime; css=\u00a0\u00bb.vc_custom_1569108843026{margin-bottom: 50px !important;}\u00a0\u00bb][vc_column width=\u00a0\u00bb1\/1&Prime;][vc_button button_color=\u00a0\u00bbaccent\u00a0\u00bb size=\u00a0\u00bbbtn-lg\u00a0\u00bb radius=\u00a0\u00bbbtn-circle\u00a0\u00bb border_width=\u00a0\u00bb0&Prime; link=\u00a0\u00bburl:https%3A%2F%2Fwww.guides-sports-loisirs.ca%2Fpumptrack%2Fwp-content%2Fuploads%2Fsites%2F22%2F2024%2F06%2F6.2_SecuriteEnvironnement.pdf||target:%20_blank|\u00a0\u00bb icon=\u00a0\u00bbfa fa-file-o\u00a0\u00bb el_class=\u00a0\u00bbbtn-pdf\u00a0\u00bb]Version PDF[\/vc_button][\/vc_column][\/vc_row]<\/p>\n<\/div>","protected":false},"excerpt":{"rendered":"<p>[vc_row][vc_column width=\u00a0\u00bb1\/1&Prime;][vc_column_text]La pratique de sports d\u2019action comme le v\u00e9lo, la trottinette ou la planche \u00e0 roulettes comporte, par d\u00e9finition, des [&hellip;]<\/p>\n","protected":false},"author":11,"featured_media":0,"parent":1803,"menu_order":6,"comment_status":"closed","ping_status":"closed","template":"","meta":{"_acf_changed":false,"footnotes":""},"class_list":["post-1931","page","type-page","status-publish","hentry"],"acf":[],"yoast_head":"<!-- This site is optimized with the Yoast SEO plugin v27.2 - https:\/\/yoast.com\/product\/yoast-seo-wordpress\/ -->\n<title>S\u00e9curit\u00e9 de l\u2019environnement - Pumptrack (piste \u00e0 rouleaux)<\/title>\n<meta name=\"robots\" content=\"index, follow, max-snippet:-1, max-image-preview:large, max-video-preview:-1\" \/>\n<link rel=\"canonical\" href=\"https:\/\/www.guides-sports-loisirs.ca\/pumptrack\/encadrement-securite-integrite\/securite-environnement\/\" \/>\n<meta property=\"og:locale\" content=\"fr_FR\" \/>\n<meta property=\"og:type\" content=\"article\" \/>\n<meta property=\"og:title\" content=\"S\u00e9curit\u00e9 de l\u2019environnement - Pumptrack (piste \u00e0 rouleaux)\" \/>\n<meta property=\"og:description\" content=\"[vc_row][vc_column width=\u00a0\u00bb1\/1&Prime;][vc_column_text]La pratique de sports d\u2019action comme le v\u00e9lo, la trottinette ou la planche \u00e0 roulettes comporte, par d\u00e9finition, des [&hellip;]\" \/>\n<meta property=\"og:url\" content=\"https:\/\/www.guides-sports-loisirs.ca\/pumptrack\/encadrement-securite-integrite\/securite-environnement\/\" \/>\n<meta property=\"og:site_name\" content=\"Pumptrack (piste \u00e0 rouleaux)\" \/>\n<meta property=\"article:modified_time\" content=\"2024-06-13T20:18:39+00:00\" \/>\n<meta name=\"twitter:card\" content=\"summary_large_image\" \/>\n<meta name=\"twitter:label1\" content=\"Dur\u00e9e de lecture estim\u00e9e\" \/>\n\t<meta name=\"twitter:data1\" content=\"2 minutes\" \/>\n<script type=\"application\/ld+json\" class=\"yoast-schema-graph\">{\"@context\":\"https:\/\/schema.org\",\"@graph\":[{\"@type\":\"WebPage\",\"@id\":\"https:\/\/www.guides-sports-loisirs.ca\/pumptrack\/encadrement-securite-integrite\/securite-environnement\/\",\"url\":\"https:\/\/www.guides-sports-loisirs.ca\/pumptrack\/encadrement-securite-integrite\/securite-environnement\/\",\"name\":\"S\u00e9curit\u00e9 de l\u2019environnement - Pumptrack (piste \u00e0 rouleaux)\",\"isPartOf\":{\"@id\":\"https:\/\/www.guides-sports-loisirs.ca\/pumptrack\/#website\"},\"datePublished\":\"2020-08-10T12:18:49+00:00\",\"dateModified\":\"2024-06-13T20:18:39+00:00\",\"breadcrumb\":{\"@id\":\"https:\/\/www.guides-sports-loisirs.ca\/pumptrack\/encadrement-securite-integrite\/securite-environnement\/#breadcrumb\"},\"inLanguage\":\"fr-FR\",\"potentialAction\":[{\"@type\":\"ReadAction\",\"target\":[\"https:\/\/www.guides-sports-loisirs.ca\/pumptrack\/encadrement-securite-integrite\/securite-environnement\/\"]}]},{\"@type\":\"BreadcrumbList\",\"@id\":\"https:\/\/www.guides-sports-loisirs.ca\/pumptrack\/encadrement-securite-integrite\/securite-environnement\/#breadcrumb\",\"itemListElement\":[{\"@type\":\"ListItem\",\"position\":1,\"name\":\"Accueil\",\"item\":\"https:\/\/www.guides-sports-loisirs.ca\/pumptrack\/\"},{\"@type\":\"ListItem\",\"position\":2,\"name\":\"Encadrement, s\u00e9curit\u00e9 et int\u00e9grit\u00e9\",\"item\":\"https:\/\/www.guides-sports-loisirs.ca\/pumptrack\/encadrement-securite-integrite\/\"},{\"@type\":\"ListItem\",\"position\":3,\"name\":\"S\u00e9curit\u00e9 de l\u2019environnement\"}]},{\"@type\":\"WebSite\",\"@id\":\"https:\/\/www.guides-sports-loisirs.ca\/pumptrack\/#website\",\"url\":\"https:\/\/www.guides-sports-loisirs.ca\/pumptrack\/\",\"name\":\"Pumptrack (piste \u00e0 rouleaux)\",\"description\":\"pumptrack\",\"potentialAction\":[{\"@type\":\"SearchAction\",\"target\":{\"@type\":\"EntryPoint\",\"urlTemplate\":\"https:\/\/www.guides-sports-loisirs.ca\/pumptrack\/?s={search_term_string}\"},\"query-input\":{\"@type\":\"PropertyValueSpecification\",\"valueRequired\":true,\"valueName\":\"search_term_string\"}}],\"inLanguage\":\"fr-FR\"}]}<\/script>\n<!-- \/ Yoast SEO plugin. -->","yoast_head_json":{"title":"S\u00e9curit\u00e9 de l\u2019environnement - Pumptrack (piste \u00e0 rouleaux)","robots":{"index":"index","follow":"follow","max-snippet":"max-snippet:-1","max-image-preview":"max-image-preview:large","max-video-preview":"max-video-preview:-1"},"canonical":"https:\/\/www.guides-sports-loisirs.ca\/pumptrack\/encadrement-securite-integrite\/securite-environnement\/","og_locale":"fr_FR","og_type":"article","og_title":"S\u00e9curit\u00e9 de l\u2019environnement - Pumptrack (piste \u00e0 rouleaux)","og_description":"[vc_row][vc_column width=\u00a0\u00bb1\/1&Prime;][vc_column_text]La pratique de sports d\u2019action comme le v\u00e9lo, la trottinette ou la planche \u00e0 roulettes comporte, par d\u00e9finition, des [&hellip;]","og_url":"https:\/\/www.guides-sports-loisirs.ca\/pumptrack\/encadrement-securite-integrite\/securite-environnement\/","og_site_name":"Pumptrack (piste \u00e0 rouleaux)","article_modified_time":"2024-06-13T20:18:39+00:00","twitter_card":"summary_large_image","twitter_misc":{"Dur\u00e9e de lecture estim\u00e9e":"2 minutes"},"schema":{"@context":"https:\/\/schema.org","@graph":[{"@type":"WebPage","@id":"https:\/\/www.guides-sports-loisirs.ca\/pumptrack\/encadrement-securite-integrite\/securite-environnement\/","url":"https:\/\/www.guides-sports-loisirs.ca\/pumptrack\/encadrement-securite-integrite\/securite-environnement\/","name":"S\u00e9curit\u00e9 de l\u2019environnement - Pumptrack (piste \u00e0 rouleaux)","isPartOf":{"@id":"https:\/\/www.guides-sports-loisirs.ca\/pumptrack\/#website"},"datePublished":"2020-08-10T12:18:49+00:00","dateModified":"2024-06-13T20:18:39+00:00","breadcrumb":{"@id":"https:\/\/www.guides-sports-loisirs.ca\/pumptrack\/encadrement-securite-integrite\/securite-environnement\/#breadcrumb"},"inLanguage":"fr-FR","potentialAction":[{"@type":"ReadAction","target":["https:\/\/www.guides-sports-loisirs.ca\/pumptrack\/encadrement-securite-integrite\/securite-environnement\/"]}]},{"@type":"BreadcrumbList","@id":"https:\/\/www.guides-sports-loisirs.ca\/pumptrack\/encadrement-securite-integrite\/securite-environnement\/#breadcrumb","itemListElement":[{"@type":"ListItem","position":1,"name":"Accueil","item":"https:\/\/www.guides-sports-loisirs.ca\/pumptrack\/"},{"@type":"ListItem","position":2,"name":"Encadrement, s\u00e9curit\u00e9 et int\u00e9grit\u00e9","item":"https:\/\/www.guides-sports-loisirs.ca\/pumptrack\/encadrement-securite-integrite\/"},{"@type":"ListItem","position":3,"name":"S\u00e9curit\u00e9 de l\u2019environnement"}]},{"@type":"WebSite","@id":"https:\/\/www.guides-sports-loisirs.ca\/pumptrack\/#website","url":"https:\/\/www.guides-sports-loisirs.ca\/pumptrack\/","name":"Pumptrack (piste \u00e0 rouleaux)","description":"pumptrack","potentialAction":[{"@type":"SearchAction","target":{"@type":"EntryPoint","urlTemplate":"https:\/\/www.guides-sports-loisirs.ca\/pumptrack\/?s={search_term_string}"},"query-input":{"@type":"PropertyValueSpecification","valueRequired":true,"valueName":"search_term_string"}}],"inLanguage":"fr-FR"}]}},"_links":{"self":[{"href":"https:\/\/www.guides-sports-loisirs.ca\/pumptrack\/wp-json\/wp\/v2\/pages\/1931","targetHints":{"allow":["GET"]}}],"collection":[{"href":"https:\/\/www.guides-sports-loisirs.ca\/pumptrack\/wp-json\/wp\/v2\/pages"}],"about":[{"href":"https:\/\/www.guides-sports-loisirs.ca\/pumptrack\/wp-json\/wp\/v2\/types\/page"}],"author":[{"embeddable":true,"href":"https:\/\/www.guides-sports-loisirs.ca\/pumptrack\/wp-json\/wp\/v2\/users\/11"}],"replies":[{"embeddable":true,"href":"https:\/\/www.guides-sports-loisirs.ca\/pumptrack\/wp-json\/wp\/v2\/comments?post=1931"}],"version-history":[{"count":42,"href":"https:\/\/www.guides-sports-loisirs.ca\/pumptrack\/wp-json\/wp\/v2\/pages\/1931\/revisions"}],"predecessor-version":[{"id":4837,"href":"https:\/\/www.guides-sports-loisirs.ca\/pumptrack\/wp-json\/wp\/v2\/pages\/1931\/revisions\/4837"}],"up":[{"embeddable":true,"href":"https:\/\/www.guides-sports-loisirs.ca\/pumptrack\/wp-json\/wp\/v2\/pages\/1803"}],"wp:attachment":[{"href":"https:\/\/www.guides-sports-loisirs.ca\/pumptrack\/wp-json\/wp\/v2\/media?parent=1931"}],"curies":[{"name":"wp","href":"https:\/\/api.w.org\/{rel}","templated":true}]}}