{"id":1929,"date":"2020-08-10T08:16:23","date_gmt":"2020-08-10T12:16:23","guid":{"rendered":"https:\/\/www.guides-sports-loisirs.ca\/pumptrack\/?page_id=1929"},"modified":"2024-06-25T18:13:00","modified_gmt":"2024-06-25T22:13:00","slug":"encadrement","status":"publish","type":"page","link":"https:\/\/www.guides-sports-loisirs.ca\/pumptrack\/encadrement-securite-integrite\/encadrement\/","title":{"rendered":"Encadrement"},"content":{"rendered":"<div class=\"wpb-content-wrapper\"><p>[vc_row][vc_column width=\u00a0\u00bb1\/1&Prime;][vc_column_text css=\u00a0\u00bb.vc_custom_1718220955765{margin-bottom: -4px !important;}\u00a0\u00bb]<strong>Lorsqu\u2019une pumptrack est install\u00e9e, il est fortement recommand\u00e9 de lui donner vie afin de faire conna\u00eetre la nouvelle infrastructure. Un encadrement ad\u00e9quat favorisera l\u2019appropriation par la communaut\u00e9.<\/strong>[\/vc_column_text][vc_column_text border_color=\u00a0\u00bbcolor-103660&Prime; border_style=\u00a0\u00bbsolid\u00a0\u00bb css=\u00a0\u00bb.vc_custom_1719353393543{margin-bottom: -4px !important;padding-top: 15px !important;padding-right: 15px !important;padding-bottom: 15px !important;padding-left: 15px !important;}\u00a0\u00bb]Il est possible de former un club de pumptrack qui offrira des horaires de cours r\u00e9currents au fil de la semaine. Pour conna\u00eetre les caract\u00e9ristiques d\u2019un club de pumptrack, communiquez avec la <em><a href=\"https:\/\/fqsc.net\/clubs\" target=\"_blank\" rel=\"noopener\">F\u00e9d\u00e9ration qu\u00e9b\u00e9coise des sports cyclistes<\/a><\/em>.[\/vc_column_text][vc_empty_space empty_h=\u00a0\u00bb2&Prime;][vc_accordion][vc_accordion_tab title=\u00a0\u00bbPR\u00c9SENCE DES PARENTS\u00a0\u00bb tab_id=\u00a0\u00bb1718220779-1-58&Prime;][vc_column_text]Afin de favoriser un environnement s\u00e9curitaire et pr\u00e9ventif, les enfants de 10 ans et moins devraient \u00eatre accompagn\u00e9s d\u2019un adulte. L\u2019adulte accompagnateur peut expliquer \u00e0 l\u2019enfant les r\u00e8gles de conduite de la pumptrack. Celui-ci pourra ainsi s\u2019amuser en toute s\u00e9curit\u00e9 pour lui et les autres usagers.[\/vc_column_text][\/vc_accordion_tab][vc_accordion_tab title=\u00a0\u00bbINAUGURATION\u00a0\u00bb tab_id=\u00a0\u00bb1718220779-2-54&Prime;][vc_column_text]Organiser une inauguration est toujours payant. On y invitera les personnes qui ont particip\u00e9 au projet et on publicisera la pumptrack sur les r\u00e9seaux sociaux et dans les m\u00e9dias. L\u2019inauguration peut comprendre une d\u00e9monstration des activit\u00e9s possibles sur la pumptrack \u00e0 divers niveaux d\u2019habilet\u00e9s.[\/vc_column_text][\/vc_accordion_tab][vc_accordion_tab title=\u00a0\u00bbENCADREMENT DE COURS\u00a0\u00bb tab_id=\u00a0\u00bb1718221269243-2-4&Prime;][vc_column_text]Diff\u00e9rents organismes locaux, comme un club de BMX ou un regroupement de personnes pratiquant les sports \u00e0 roulettes, peuvent servir de partenaires pour coordonner une s\u00e9rie d\u2019activit\u00e9s diversifi\u00e9es susceptibles d\u2019attirer un maximum d\u2019usagers.[\/vc_column_text][\/vc_accordion_tab][vc_accordion_tab title=\u00a0\u00bb\u00c9V\u00c9NEMENTS\u00a0\u00bb tab_id=\u00a0\u00bb1718221283574-3-10&Prime;][vc_column_text]Il est possible de tenir des \u00e9v\u00e9nements comp\u00e9titifs ou r\u00e9cr\u00e9atifs sur une pumptrack. De nombreuses municipalit\u00e9s organisent des \u00e9v\u00e9nements pour leur communaut\u00e9, ce qui permet de faire d\u00e9couvrir une nouvelle installation, mais aussi de promouvoir l\u2019activit\u00e9 physique, donc les saines habitudes de vie.<\/p>\n<p>S\u2019il s\u2019agit d\u2019un \u00e9v\u00e9nement comp\u00e9titif r\u00e9gional ou provincial, on se renseignera aupr\u00e8s de la F\u00e9d\u00e9ration qu\u00e9b\u00e9coise des sports cyclistes (FQSC) afin d\u2019en conna\u00eetre les modalit\u00e9s d\u2019organisation. Dans cette \u00e9ventualit\u00e9, l\u2019installation doit obligatoirement passer par le processus d\u2019homologation. La FQSC est seule habilit\u00e9e \u00e0 d\u00e9livrer un certificat d\u2019homologation. On peut faire la demande en \u00e9crivant \u00e0 la FQSC \u00e0 <a href=\"mailto:info@fqsc.net\">info@fqsc.net<\/a>.[\/vc_column_text][\/vc_accordion_tab][\/vc_accordion][\/vc_column][\/vc_row][vc_row][\/vc_row][vc_row row_height_percent=\u00a0\u00bb0&Prime; overlay_alpha=\u00a0\u00bb50&Prime; gutter_size=\u00a0\u00bb3&Prime; shift_y=\u00a0\u00bb0&Prime; css=\u00a0\u00bb.vc_custom_1569108843026{margin-bottom: 50px !important;}\u00a0\u00bb][vc_column width=\u00a0\u00bb1\/1&Prime;][vc_button button_color=\u00a0\u00bbaccent\u00a0\u00bb size=\u00a0\u00bbbtn-lg\u00a0\u00bb radius=\u00a0\u00bbbtn-circle\u00a0\u00bb border_width=\u00a0\u00bb0&Prime; link=\u00a0\u00bburl:https%3A%2F%2Fwww.guides-sports-loisirs.ca%2Fpumptrack%2Fwp-content%2Fuploads%2Fsites%2F22%2F2024%2F06%2F6.1_Encadrement.pdf||target:%20_blank|\u00a0\u00bb icon=\u00a0\u00bbfa fa-file-o\u00a0\u00bb el_class=\u00a0\u00bbbtn-pdf\u00a0\u00bb]Version PDF[\/vc_button][\/vc_column][\/vc_row]<\/p>\n<\/div>","protected":false},"excerpt":{"rendered":"<p>[vc_row][vc_column width=\u00a0\u00bb1\/1&Prime;][vc_column_text css=\u00a0\u00bb.vc_custom_1718220955765{margin-bottom: -4px !important;}\u00a0\u00bb]Lorsqu\u2019une pumptrack est install\u00e9e, il est fortement recommand\u00e9 de lui donner vie afin de faire conna\u00eetre [&hellip;]<\/p>\n","protected":false},"author":11,"featured_media":0,"parent":1803,"menu_order":5,"comment_status":"closed","ping_status":"closed","template":"","meta":{"_acf_changed":false,"footnotes":""},"class_list":["post-1929","page","type-page","status-publish","hentry"],"acf":[],"yoast_head":"<!-- This site is optimized with the Yoast SEO plugin v27.2 - https:\/\/yoast.com\/product\/yoast-seo-wordpress\/ -->\n<title>Encadrement - Pumptrack (piste \u00e0 rouleaux)<\/title>\n<meta name=\"robots\" content=\"index, follow, max-snippet:-1, max-image-preview:large, max-video-preview:-1\" \/>\n<link rel=\"canonical\" href=\"https:\/\/www.guides-sports-loisirs.ca\/pumptrack\/encadrement-securite-integrite\/encadrement\/\" \/>\n<meta property=\"og:locale\" content=\"fr_FR\" \/>\n<meta property=\"og:type\" content=\"article\" \/>\n<meta property=\"og:title\" content=\"Encadrement - Pumptrack (piste \u00e0 rouleaux)\" \/>\n<meta property=\"og:description\" content=\"[vc_row][vc_column width=\u00a0\u00bb1\/1&Prime;][vc_column_text css=\u00a0\u00bb.vc_custom_1718220955765{margin-bottom: -4px !important;}\u00a0\u00bb]Lorsqu\u2019une pumptrack est install\u00e9e, il est fortement recommand\u00e9 de lui donner vie afin de faire conna\u00eetre [&hellip;]\" \/>\n<meta property=\"og:url\" content=\"https:\/\/www.guides-sports-loisirs.ca\/pumptrack\/encadrement-securite-integrite\/encadrement\/\" \/>\n<meta property=\"og:site_name\" content=\"Pumptrack (piste \u00e0 rouleaux)\" \/>\n<meta property=\"article:modified_time\" content=\"2024-06-25T22:13:00+00:00\" \/>\n<meta name=\"twitter:card\" content=\"summary_large_image\" \/>\n<meta name=\"twitter:label1\" content=\"Dur\u00e9e de lecture estim\u00e9e\" \/>\n\t<meta name=\"twitter:data1\" content=\"2 minutes\" \/>\n<script type=\"application\/ld+json\" class=\"yoast-schema-graph\">{\"@context\":\"https:\/\/schema.org\",\"@graph\":[{\"@type\":\"WebPage\",\"@id\":\"https:\/\/www.guides-sports-loisirs.ca\/pumptrack\/encadrement-securite-integrite\/encadrement\/\",\"url\":\"https:\/\/www.guides-sports-loisirs.ca\/pumptrack\/encadrement-securite-integrite\/encadrement\/\",\"name\":\"Encadrement - Pumptrack (piste \u00e0 rouleaux)\",\"isPartOf\":{\"@id\":\"https:\/\/www.guides-sports-loisirs.ca\/pumptrack\/#website\"},\"datePublished\":\"2020-08-10T12:16:23+00:00\",\"dateModified\":\"2024-06-25T22:13:00+00:00\",\"breadcrumb\":{\"@id\":\"https:\/\/www.guides-sports-loisirs.ca\/pumptrack\/encadrement-securite-integrite\/encadrement\/#breadcrumb\"},\"inLanguage\":\"fr-FR\",\"potentialAction\":[{\"@type\":\"ReadAction\",\"target\":[\"https:\/\/www.guides-sports-loisirs.ca\/pumptrack\/encadrement-securite-integrite\/encadrement\/\"]}]},{\"@type\":\"BreadcrumbList\",\"@id\":\"https:\/\/www.guides-sports-loisirs.ca\/pumptrack\/encadrement-securite-integrite\/encadrement\/#breadcrumb\",\"itemListElement\":[{\"@type\":\"ListItem\",\"position\":1,\"name\":\"Accueil\",\"item\":\"https:\/\/www.guides-sports-loisirs.ca\/pumptrack\/\"},{\"@type\":\"ListItem\",\"position\":2,\"name\":\"Encadrement, s\u00e9curit\u00e9 et int\u00e9grit\u00e9\",\"item\":\"https:\/\/www.guides-sports-loisirs.ca\/pumptrack\/encadrement-securite-integrite\/\"},{\"@type\":\"ListItem\",\"position\":3,\"name\":\"Encadrement\"}]},{\"@type\":\"WebSite\",\"@id\":\"https:\/\/www.guides-sports-loisirs.ca\/pumptrack\/#website\",\"url\":\"https:\/\/www.guides-sports-loisirs.ca\/pumptrack\/\",\"name\":\"Pumptrack (piste \u00e0 rouleaux)\",\"description\":\"pumptrack\",\"potentialAction\":[{\"@type\":\"SearchAction\",\"target\":{\"@type\":\"EntryPoint\",\"urlTemplate\":\"https:\/\/www.guides-sports-loisirs.ca\/pumptrack\/?s={search_term_string}\"},\"query-input\":{\"@type\":\"PropertyValueSpecification\",\"valueRequired\":true,\"valueName\":\"search_term_string\"}}],\"inLanguage\":\"fr-FR\"}]}<\/script>\n<!-- \/ Yoast SEO plugin. -->","yoast_head_json":{"title":"Encadrement - Pumptrack (piste \u00e0 rouleaux)","robots":{"index":"index","follow":"follow","max-snippet":"max-snippet:-1","max-image-preview":"max-image-preview:large","max-video-preview":"max-video-preview:-1"},"canonical":"https:\/\/www.guides-sports-loisirs.ca\/pumptrack\/encadrement-securite-integrite\/encadrement\/","og_locale":"fr_FR","og_type":"article","og_title":"Encadrement - Pumptrack (piste \u00e0 rouleaux)","og_description":"[vc_row][vc_column width=\u00a0\u00bb1\/1&Prime;][vc_column_text css=\u00a0\u00bb.vc_custom_1718220955765{margin-bottom: -4px !important;}\u00a0\u00bb]Lorsqu\u2019une pumptrack est install\u00e9e, il est fortement recommand\u00e9 de lui donner vie afin de faire conna\u00eetre [&hellip;]","og_url":"https:\/\/www.guides-sports-loisirs.ca\/pumptrack\/encadrement-securite-integrite\/encadrement\/","og_site_name":"Pumptrack (piste \u00e0 rouleaux)","article_modified_time":"2024-06-25T22:13:00+00:00","twitter_card":"summary_large_image","twitter_misc":{"Dur\u00e9e de lecture estim\u00e9e":"2 minutes"},"schema":{"@context":"https:\/\/schema.org","@graph":[{"@type":"WebPage","@id":"https:\/\/www.guides-sports-loisirs.ca\/pumptrack\/encadrement-securite-integrite\/encadrement\/","url":"https:\/\/www.guides-sports-loisirs.ca\/pumptrack\/encadrement-securite-integrite\/encadrement\/","name":"Encadrement - Pumptrack (piste \u00e0 rouleaux)","isPartOf":{"@id":"https:\/\/www.guides-sports-loisirs.ca\/pumptrack\/#website"},"datePublished":"2020-08-10T12:16:23+00:00","dateModified":"2024-06-25T22:13:00+00:00","breadcrumb":{"@id":"https:\/\/www.guides-sports-loisirs.ca\/pumptrack\/encadrement-securite-integrite\/encadrement\/#breadcrumb"},"inLanguage":"fr-FR","potentialAction":[{"@type":"ReadAction","target":["https:\/\/www.guides-sports-loisirs.ca\/pumptrack\/encadrement-securite-integrite\/encadrement\/"]}]},{"@type":"BreadcrumbList","@id":"https:\/\/www.guides-sports-loisirs.ca\/pumptrack\/encadrement-securite-integrite\/encadrement\/#breadcrumb","itemListElement":[{"@type":"ListItem","position":1,"name":"Accueil","item":"https:\/\/www.guides-sports-loisirs.ca\/pumptrack\/"},{"@type":"ListItem","position":2,"name":"Encadrement, s\u00e9curit\u00e9 et int\u00e9grit\u00e9","item":"https:\/\/www.guides-sports-loisirs.ca\/pumptrack\/encadrement-securite-integrite\/"},{"@type":"ListItem","position":3,"name":"Encadrement"}]},{"@type":"WebSite","@id":"https:\/\/www.guides-sports-loisirs.ca\/pumptrack\/#website","url":"https:\/\/www.guides-sports-loisirs.ca\/pumptrack\/","name":"Pumptrack (piste \u00e0 rouleaux)","description":"pumptrack","potentialAction":[{"@type":"SearchAction","target":{"@type":"EntryPoint","urlTemplate":"https:\/\/www.guides-sports-loisirs.ca\/pumptrack\/?s={search_term_string}"},"query-input":{"@type":"PropertyValueSpecification","valueRequired":true,"valueName":"search_term_string"}}],"inLanguage":"fr-FR"}]}},"_links":{"self":[{"href":"https:\/\/www.guides-sports-loisirs.ca\/pumptrack\/wp-json\/wp\/v2\/pages\/1929","targetHints":{"allow":["GET"]}}],"collection":[{"href":"https:\/\/www.guides-sports-loisirs.ca\/pumptrack\/wp-json\/wp\/v2\/pages"}],"about":[{"href":"https:\/\/www.guides-sports-loisirs.ca\/pumptrack\/wp-json\/wp\/v2\/types\/page"}],"author":[{"embeddable":true,"href":"https:\/\/www.guides-sports-loisirs.ca\/pumptrack\/wp-json\/wp\/v2\/users\/11"}],"replies":[{"embeddable":true,"href":"https:\/\/www.guides-sports-loisirs.ca\/pumptrack\/wp-json\/wp\/v2\/comments?post=1929"}],"version-history":[{"count":78,"href":"https:\/\/www.guides-sports-loisirs.ca\/pumptrack\/wp-json\/wp\/v2\/pages\/1929\/revisions"}],"predecessor-version":[{"id":5001,"href":"https:\/\/www.guides-sports-loisirs.ca\/pumptrack\/wp-json\/wp\/v2\/pages\/1929\/revisions\/5001"}],"up":[{"embeddable":true,"href":"https:\/\/www.guides-sports-loisirs.ca\/pumptrack\/wp-json\/wp\/v2\/pages\/1803"}],"wp:attachment":[{"href":"https:\/\/www.guides-sports-loisirs.ca\/pumptrack\/wp-json\/wp\/v2\/media?parent=1929"}],"curies":[{"name":"wp","href":"https:\/\/api.w.org\/{rel}","templated":true}]}}