{"id":991,"date":"2018-12-07T10:32:46","date_gmt":"2018-12-07T15:32:46","guid":{"rendered":"https:\/\/www.guides-sports-loisirs.ca\/projetespaces\/?page_id=991"},"modified":"2024-11-06T10:45:54","modified_gmt":"2024-11-06T15:45:54","slug":"appropriation","status":"publish","type":"page","link":"https:\/\/www.guides-sports-loisirs.ca\/projetespaces\/processus-gestion-parcs\/appropriation\/","title":{"rendered":"L\u2019appropriation"},"content":{"rendered":"<div class=\"wpb-content-wrapper\"><p>[vc_row row_height_percent=\u00a0\u00bb0&Prime; override_padding=\u00a0\u00bbyes\u00a0\u00bb h_padding=\u00a0\u00bb2&Prime; top_padding=\u00a0\u00bb3&Prime; bottom_padding=\u00a0\u00bb2&Prime; overlay_alpha=\u00a0\u00bb50&Prime; gutter_size=\u00a0\u00bb3&Prime; shift_y=\u00a0\u00bb0&Prime;][vc_column column_width_use_pixel=\u00a0\u00bbyes\u00a0\u00bb gutter_size=\u00a0\u00bb3&Prime; overlay_alpha=\u00a0\u00bb50&Prime; shift_x=\u00a0\u00bb0&Prime; shift_y=\u00a0\u00bb0&Prime; z_index=\u00a0\u00bb0&Prime; medium_width=\u00a0\u00bb0&Prime; width=\u00a0\u00bb1\/1&Prime; column_width_pixel=\u00a0\u00bb800&Prime;][vc_column_text]<\/p>\n<h3>En r\u00e9sum\u00e9<\/h3>\n<p>L\u2019appropriation est l\u2019\u00e9tape au cours de laquelle la population apprend \u00e0 appr\u00e9cier les parcs et leurs \u00e9quipements, ainsi que l\u2019ensemble du r\u00e9seau. C\u2019est un processus graduel, mais n\u00e9cessaire pour que les parcs puissent s\u2019animer d\u2019eux-m\u00eames.<\/p>\n<p>C\u2019est principalement l\u2019achalandage et la satisfaction des usagers qui engendrent l\u2019appropriation. Les usagers en sont les premiers animateurs et les premiers promoteurs, par le bouche-\u00e0-oreille. Aussi, l\u2019objectif d\u2019en augmenter la fr\u00e9quentation g\u00e9n\u00e9rale sera-t-il continu, tout particuli\u00e8rement la fr\u00e9quentation pour y pratiquer des activit\u00e9s libres.<\/p>\n<p>La municipalit\u00e9 peut mettre \u00e0 contribution les organismes du milieu et les institutions avoisinantes, voire les r\u00e9sidences \u00e0 proximit\u00e9 (notamment les centres d\u2019h\u00e9bergement pour personnes \u00e2g\u00e9es), pour accro\u00eetre cette fr\u00e9quentation. Organismes et institutions devraient pouvoir y organiser des activit\u00e9s, par exemple des f\u00eates familiales ou sociales, ou encore des s\u00e9ances de mise en forme (tai-chi, yoga, parcours d\u2019entra\u00eenement).<\/p>\n<p>Une autre fa\u00e7on de favoriser l\u2019appropriation d\u2019un parc ou d\u2019un r\u00e9seau de parcs, plus ponctuelle celle-l\u00e0, consiste \u00e0 y pr\u00e9senter des \u00e9v\u00e9nements\u00a0: festivals, kermesses, th\u00e9\u00e2tre, concerts, \u00ab\u00a0olympiades\u00a0\u00bb, etc. Les rassemblements populaires non seulement repr\u00e9sentent-ils des moments culturels importants dans la vie d\u2019une communaut\u00e9, ils permettent aussi de faire conna\u00eetre le parc, ses attraits naturels et ses \u00e9quipements d\u2019aire de jeu. En somme, ils sont un atout non n\u00e9gligeable dans l\u2019appropriation d\u2019un parc et du r\u00e9seau tout entier.<\/p>\n<h3>Un processus graduel<\/h3>\n<p>S\u2019approprier un parc, c\u2019est le faire sien en l\u2019occupant, en s\u2019y rendant r\u00e9guli\u00e8rement, en participant aux activit\u00e9s ou aux \u00e9v\u00e9nements qu\u2019on y propose, en utilisant les \u00e9quipements \u00e0 disposition. Le point de vue est ici celui du public, des gens \u00e0 qui le parc est destin\u00e9 primordialement.<\/p>\n<p>L\u2019appropriation est un processus graduel, mais n\u00e9cessaire pour qu\u2019un parc puisse s\u2019animer de lui-m\u00eame. Le concept d\u2019autoanimation est fondamental, surtout en raison de la tendance \u00e0 la pratique libre. Plus un parc est accessible et offre de possibilit\u00e9s d\u2019activit\u00e9s libres, plus il sera fr\u00e9quent\u00e9. Et plus il sera fr\u00e9quent\u00e9, plus les gens s\u2019y sentiront en s\u00e9curit\u00e9.<\/p>\n<p>C\u2019est principalement l\u2019achalandage et la satisfaction des usagers qui engendrent l\u2019appropriation d\u2019un parc. Les usagers en sont les premiers animateurs et les premiers promoteurs, par le bouche-\u00e0-oreille.<\/p>\n<h3>Pour augmenter la fr\u00e9quentation<\/h3>\n<ul>\n<li>Promouvoir le parc avec toutes ses ressources et possibilit\u00e9s d\u2019activit\u00e9s\u00a0: cibler des groupes ou organismes particuliers (voir ci-dessous)<\/li>\n<li>Garder tous les \u00e9quipements et services en bon \u00e9tat de fonctionnement<\/li>\n<li>Veiller \u00e0 la propret\u00e9 des lieux<\/li>\n<li>Faire conna\u00eetre les mesures de s\u00e9curit\u00e9 pour favoriser le sentiment de s\u00e9curit\u00e9<\/li>\n<li>Assurer une signalisation ad\u00e9quate pour se rendre au parc et circuler \u00e0 l\u2019int\u00e9rieur du parc<\/li>\n<li>Restreindre le moins possible les heures d\u2019ouverture<\/li>\n<li>Favoriser l\u2019utilisation du parc en toute saison<\/li>\n<li>Offrir des espaces \u00e0 diff\u00e9rents groupes de population\u00a0: enfants, adolescents, familles, a\u00een\u00e9s<\/li>\n<li>Conclure des ententes avec des OSBL susceptibles d\u2019y organiser des activit\u00e9s pour leurs membres ou pour le public (voir ci-dessous)<\/li>\n<li>Pr\u00e9senter des \u00e9v\u00e9nements (voir ci-dessous)<\/li>\n<\/ul>\n<h3>Ententes de partenariat et autres modes de collaboration<\/h3>\n<p>L\u2019appropriation d\u2019un parc peut passer par des groupes organis\u00e9s. Ainsi, la municipalit\u00e9 peut mettre \u00e0 contribution les organismes du milieu et les institutions avoisinantes pour accro\u00eetre la fr\u00e9quentation.<\/p>\n<p>Il importe cependant de ne pas \u00ab\u00a0r\u00e9server\u00a0\u00bb \u00e0 ces groupes tous les usages d\u2019un parc. On peut leur attribuer des plages horaires ou d\u00e9limiter certains p\u00e9rim\u00e8tres pour des activit\u00e9s, mais le parc doit rester ouvert \u00e0 toute la population, sauf en cas de situation exceptionnelle.<\/p>\n<p>L\u2019usage d\u2019un parc et de ses \u00e9quipements peut faire partie des ententes que la municipalit\u00e9 conclut avec les organismes qu\u2019elle reconna\u00eet en vertu de sa politique de soutien. Ce ne sont pas n\u00e9cessairement des partenariats, mais les clauses d\u2019utilisation des \u00e9quipements municipaux peuvent \u00eatre similaires \u00e0 ce que l\u2019on retrouve dans les ententes de partenariat.<\/p>\n<p><strong>Ententes possibles avec\u00a0:<\/strong><\/p>\n<ul>\n<li>centres communautaires<\/li>\n<li>\u00e9tablissements ou commissions scolaires<\/li>\n<li>services de garde<\/li>\n<li>r\u00e9sidences pour personnes \u00e2g\u00e9es<\/li>\n<li>centres jeunesse<\/li>\n<li>ligues, associations et clubs sportifs<\/li>\n<li>clubs scientifiques<\/li>\n<li>clubs sociaux<\/li>\n<li>associations culturelles<\/li>\n<li>mouvements de jeunesse<\/li>\n<li>etc.<\/li>\n<\/ul>\n<h3>\u00c9v\u00e9nements<\/h3>\n<p>Une bonne fa\u00e7on de favoriser l\u2019appropriation d\u2019un parc, plus ponctuelle celle-l\u00e0, consiste \u00e0 y pr\u00e9senter des \u00e9v\u00e9nements\u00a0: festivals, kermesses, th\u00e9\u00e2tre, concerts, expositions en plein air, \u00ab\u00a0olympiades\u00a0\u00bb, matchs sportifs, etc.<\/p>\n<p>La municipalit\u00e9 peut elle-m\u00eame organiser de tels \u00e9v\u00e9nements, mais le plus souvent elle sera partenaire d\u2019autres organismes ou encore offrira-t-elle, en plus du lieu, un certain nombre de services aux organisateurs ou promoteurs.<\/p>\n<p>Les rassemblements populaires non seulement repr\u00e9sentent-ils des moments culturels importants dans la vie d\u2019une communaut\u00e9, ils permettent aussi de faire conna\u00eetre le parc, ses attraits naturels et ses \u00e9quipements d\u2019aire de jeu. En somme, ils sont un atout non n\u00e9gligeable dans l\u2019appropriation d\u2019un parc.<\/p>\n<p>&nbsp;<\/p>\n<p>Novembre 2018[\/vc_column_text][\/vc_column][\/vc_row][vc_row row_height_percent=\u00a0\u00bb0&Prime; override_padding=\u00a0\u00bbyes\u00a0\u00bb h_padding=\u00a0\u00bb2&Prime; top_padding=\u00a0\u00bb2&Prime; bottom_padding=\u00a0\u00bb2&Prime; overlay_alpha=\u00a0\u00bb50&Prime; gutter_size=\u00a0\u00bb3&Prime; shift_y=\u00a0\u00bb0&Prime;][vc_column column_width_use_pixel=\u00a0\u00bbyes\u00a0\u00bb gutter_size=\u00a0\u00bb2&Prime; overlay_alpha=\u00a0\u00bb50&Prime; shift_x=\u00a0\u00bb0&Prime; shift_y=\u00a0\u00bb0&Prime; z_index=\u00a0\u00bb0&Prime; medium_width=\u00a0\u00bb0&Prime; width=\u00a0\u00bb1\/1&Prime; column_width_pixel=\u00a0\u00bb800&Prime;][vc_button button_color=\u00a0\u00bbaccent\u00a0\u00bb size=\u00a0\u00bbbtn-lg\u00a0\u00bb radius=\u00a0\u00bbbtn-circle\u00a0\u00bb border_width=\u00a0\u00bb0&Prime; icon_position=\u00a0\u00bbright\u00a0\u00bb link=\u00a0\u00bburl:https%3A%2F%2Fwww.guides-sports-loisirs.ca%2Fprojetespaces%2Fwp-content%2Fuploads%2Fsites%2F8%2F2024%2F11%2F5.8_ProGestion_Appropriation.pdf||target:%20_blank|\u00a0\u00bb icon=\u00a0\u00bbfa fa-file-o\u00a0\u00bb]Version PDF[\/vc_button][\/vc_column][\/vc_row]<\/p>\n<\/div>","protected":false},"excerpt":{"rendered":"<p>[vc_row row_height_percent=\u00a0\u00bb0&Prime; override_padding=\u00a0\u00bbyes\u00a0\u00bb h_padding=\u00a0\u00bb2&Prime; top_padding=\u00a0\u00bb3&Prime; bottom_padding=\u00a0\u00bb2&Prime; overlay_alpha=\u00a0\u00bb50&Prime; gutter_size=\u00a0\u00bb3&Prime; shift_y=\u00a0\u00bb0&Prime;][vc_column column_width_use_pixel=\u00a0\u00bbyes\u00a0\u00bb gutter_size=\u00a0\u00bb3&Prime; overlay_alpha=\u00a0\u00bb50&Prime; shift_x=\u00a0\u00bb0&Prime; shift_y=\u00a0\u00bb0&Prime; z_index=\u00a0\u00bb0&Prime; medium_width=\u00a0\u00bb0&Prime; width=\u00a0\u00bb1\/1&Prime; column_width_pixel=\u00a0\u00bb800&Prime;][vc_column_text] En r\u00e9sum\u00e9 [&hellip;]<\/p>\n","protected":false},"author":11,"featured_media":0,"parent":286,"menu_order":0,"comment_status":"closed","ping_status":"closed","template":"","meta":{"_acf_changed":false,"footnotes":""},"class_list":["post-991","page","type-page","status-publish","hentry"],"acf":[],"yoast_head":"<!-- This site is optimized with the Yoast SEO plugin v27.4 - https:\/\/yoast.com\/product\/yoast-seo-wordpress\/ -->\n<title>L\u2019appropriation - Projet Espaces<\/title>\n<meta name=\"robots\" content=\"index, follow, max-snippet:-1, max-image-preview:large, max-video-preview:-1\" \/>\n<link rel=\"canonical\" href=\"https:\/\/www.guides-sports-loisirs.ca\/projetespaces\/processus-gestion-parcs\/appropriation\/\" \/>\n<meta property=\"og:locale\" content=\"fr_FR\" \/>\n<meta property=\"og:type\" content=\"article\" \/>\n<meta property=\"og:title\" content=\"L\u2019appropriation - Projet Espaces\" \/>\n<meta property=\"og:description\" content=\"[vc_row row_height_percent=\u00a0\u00bb0&Prime; override_padding=\u00a0\u00bbyes\u00a0\u00bb h_padding=\u00a0\u00bb2&Prime; top_padding=\u00a0\u00bb3&Prime; bottom_padding=\u00a0\u00bb2&Prime; overlay_alpha=\u00a0\u00bb50&Prime; gutter_size=\u00a0\u00bb3&Prime; shift_y=\u00a0\u00bb0&Prime;][vc_column column_width_use_pixel=\u00a0\u00bbyes\u00a0\u00bb gutter_size=\u00a0\u00bb3&Prime; overlay_alpha=\u00a0\u00bb50&Prime; shift_x=\u00a0\u00bb0&Prime; shift_y=\u00a0\u00bb0&Prime; z_index=\u00a0\u00bb0&Prime; medium_width=\u00a0\u00bb0&Prime; width=\u00a0\u00bb1\/1&Prime; column_width_pixel=\u00a0\u00bb800&Prime;][vc_column_text] En r\u00e9sum\u00e9 [&hellip;]\" \/>\n<meta property=\"og:url\" content=\"https:\/\/www.guides-sports-loisirs.ca\/projetespaces\/processus-gestion-parcs\/appropriation\/\" \/>\n<meta property=\"og:site_name\" content=\"Projet Espaces\" \/>\n<meta property=\"article:modified_time\" content=\"2024-11-06T15:45:54+00:00\" \/>\n<meta name=\"twitter:card\" content=\"summary_large_image\" \/>\n<meta name=\"twitter:label1\" content=\"Dur\u00e9e de lecture estim\u00e9e\" \/>\n\t<meta name=\"twitter:data1\" content=\"5 minutes\" \/>\n<script type=\"application\/ld+json\" class=\"yoast-schema-graph\">{\"@context\":\"https:\\\/\\\/schema.org\",\"@graph\":[{\"@type\":\"WebPage\",\"@id\":\"https:\\\/\\\/www.guides-sports-loisirs.ca\\\/projetespaces\\\/processus-gestion-parcs\\\/appropriation\\\/\",\"url\":\"https:\\\/\\\/www.guides-sports-loisirs.ca\\\/projetespaces\\\/processus-gestion-parcs\\\/appropriation\\\/\",\"name\":\"L\u2019appropriation - Projet Espaces\",\"isPartOf\":{\"@id\":\"https:\\\/\\\/www.guides-sports-loisirs.ca\\\/projetespaces\\\/#website\"},\"datePublished\":\"2018-12-07T15:32:46+00:00\",\"dateModified\":\"2024-11-06T15:45:54+00:00\",\"breadcrumb\":{\"@id\":\"https:\\\/\\\/www.guides-sports-loisirs.ca\\\/projetespaces\\\/processus-gestion-parcs\\\/appropriation\\\/#breadcrumb\"},\"inLanguage\":\"fr-FR\",\"potentialAction\":[{\"@type\":\"ReadAction\",\"target\":[\"https:\\\/\\\/www.guides-sports-loisirs.ca\\\/projetespaces\\\/processus-gestion-parcs\\\/appropriation\\\/\"]}]},{\"@type\":\"BreadcrumbList\",\"@id\":\"https:\\\/\\\/www.guides-sports-loisirs.ca\\\/projetespaces\\\/processus-gestion-parcs\\\/appropriation\\\/#breadcrumb\",\"itemListElement\":[{\"@type\":\"ListItem\",\"position\":1,\"name\":\"Accueil\",\"item\":\"https:\\\/\\\/www.guides-sports-loisirs.ca\\\/projetespaces\\\/\"},{\"@type\":\"ListItem\",\"position\":2,\"name\":\"Processus de gestion des parcs\",\"item\":\"https:\\\/\\\/www.guides-sports-loisirs.ca\\\/projetespaces\\\/processus-gestion-parcs\\\/\"},{\"@type\":\"ListItem\",\"position\":3,\"name\":\"L\u2019appropriation\"}]},{\"@type\":\"WebSite\",\"@id\":\"https:\\\/\\\/www.guides-sports-loisirs.ca\\\/projetespaces\\\/#website\",\"url\":\"https:\\\/\\\/www.guides-sports-loisirs.ca\\\/projetespaces\\\/\",\"name\":\"Projet Espaces\",\"description\":\"\",\"potentialAction\":[{\"@type\":\"SearchAction\",\"target\":{\"@type\":\"EntryPoint\",\"urlTemplate\":\"https:\\\/\\\/www.guides-sports-loisirs.ca\\\/projetespaces\\\/?s={search_term_string}\"},\"query-input\":{\"@type\":\"PropertyValueSpecification\",\"valueRequired\":true,\"valueName\":\"search_term_string\"}}],\"inLanguage\":\"fr-FR\"}]}<\/script>\n<!-- \/ Yoast SEO plugin. -->","yoast_head_json":{"title":"L\u2019appropriation - Projet Espaces","robots":{"index":"index","follow":"follow","max-snippet":"max-snippet:-1","max-image-preview":"max-image-preview:large","max-video-preview":"max-video-preview:-1"},"canonical":"https:\/\/www.guides-sports-loisirs.ca\/projetespaces\/processus-gestion-parcs\/appropriation\/","og_locale":"fr_FR","og_type":"article","og_title":"L\u2019appropriation - Projet Espaces","og_description":"[vc_row row_height_percent=\u00a0\u00bb0&Prime; override_padding=\u00a0\u00bbyes\u00a0\u00bb h_padding=\u00a0\u00bb2&Prime; top_padding=\u00a0\u00bb3&Prime; bottom_padding=\u00a0\u00bb2&Prime; overlay_alpha=\u00a0\u00bb50&Prime; gutter_size=\u00a0\u00bb3&Prime; shift_y=\u00a0\u00bb0&Prime;][vc_column column_width_use_pixel=\u00a0\u00bbyes\u00a0\u00bb gutter_size=\u00a0\u00bb3&Prime; overlay_alpha=\u00a0\u00bb50&Prime; shift_x=\u00a0\u00bb0&Prime; shift_y=\u00a0\u00bb0&Prime; z_index=\u00a0\u00bb0&Prime; medium_width=\u00a0\u00bb0&Prime; width=\u00a0\u00bb1\/1&Prime; column_width_pixel=\u00a0\u00bb800&Prime;][vc_column_text] En r\u00e9sum\u00e9 [&hellip;]","og_url":"https:\/\/www.guides-sports-loisirs.ca\/projetespaces\/processus-gestion-parcs\/appropriation\/","og_site_name":"Projet Espaces","article_modified_time":"2024-11-06T15:45:54+00:00","twitter_card":"summary_large_image","twitter_misc":{"Dur\u00e9e de lecture estim\u00e9e":"5 minutes"},"schema":{"@context":"https:\/\/schema.org","@graph":[{"@type":"WebPage","@id":"https:\/\/www.guides-sports-loisirs.ca\/projetespaces\/processus-gestion-parcs\/appropriation\/","url":"https:\/\/www.guides-sports-loisirs.ca\/projetespaces\/processus-gestion-parcs\/appropriation\/","name":"L\u2019appropriation - Projet Espaces","isPartOf":{"@id":"https:\/\/www.guides-sports-loisirs.ca\/projetespaces\/#website"},"datePublished":"2018-12-07T15:32:46+00:00","dateModified":"2024-11-06T15:45:54+00:00","breadcrumb":{"@id":"https:\/\/www.guides-sports-loisirs.ca\/projetespaces\/processus-gestion-parcs\/appropriation\/#breadcrumb"},"inLanguage":"fr-FR","potentialAction":[{"@type":"ReadAction","target":["https:\/\/www.guides-sports-loisirs.ca\/projetespaces\/processus-gestion-parcs\/appropriation\/"]}]},{"@type":"BreadcrumbList","@id":"https:\/\/www.guides-sports-loisirs.ca\/projetespaces\/processus-gestion-parcs\/appropriation\/#breadcrumb","itemListElement":[{"@type":"ListItem","position":1,"name":"Accueil","item":"https:\/\/www.guides-sports-loisirs.ca\/projetespaces\/"},{"@type":"ListItem","position":2,"name":"Processus de gestion des parcs","item":"https:\/\/www.guides-sports-loisirs.ca\/projetespaces\/processus-gestion-parcs\/"},{"@type":"ListItem","position":3,"name":"L\u2019appropriation"}]},{"@type":"WebSite","@id":"https:\/\/www.guides-sports-loisirs.ca\/projetespaces\/#website","url":"https:\/\/www.guides-sports-loisirs.ca\/projetespaces\/","name":"Projet Espaces","description":"","potentialAction":[{"@type":"SearchAction","target":{"@type":"EntryPoint","urlTemplate":"https:\/\/www.guides-sports-loisirs.ca\/projetespaces\/?s={search_term_string}"},"query-input":{"@type":"PropertyValueSpecification","valueRequired":true,"valueName":"search_term_string"}}],"inLanguage":"fr-FR"}]}},"_links":{"self":[{"href":"https:\/\/www.guides-sports-loisirs.ca\/projetespaces\/wp-json\/wp\/v2\/pages\/991","targetHints":{"allow":["GET"]}}],"collection":[{"href":"https:\/\/www.guides-sports-loisirs.ca\/projetespaces\/wp-json\/wp\/v2\/pages"}],"about":[{"href":"https:\/\/www.guides-sports-loisirs.ca\/projetespaces\/wp-json\/wp\/v2\/types\/page"}],"author":[{"embeddable":true,"href":"https:\/\/www.guides-sports-loisirs.ca\/projetespaces\/wp-json\/wp\/v2\/users\/11"}],"replies":[{"embeddable":true,"href":"https:\/\/www.guides-sports-loisirs.ca\/projetespaces\/wp-json\/wp\/v2\/comments?post=991"}],"version-history":[{"count":7,"href":"https:\/\/www.guides-sports-loisirs.ca\/projetespaces\/wp-json\/wp\/v2\/pages\/991\/revisions"}],"predecessor-version":[{"id":2312,"href":"https:\/\/www.guides-sports-loisirs.ca\/projetespaces\/wp-json\/wp\/v2\/pages\/991\/revisions\/2312"}],"up":[{"embeddable":true,"href":"https:\/\/www.guides-sports-loisirs.ca\/projetespaces\/wp-json\/wp\/v2\/pages\/286"}],"wp:attachment":[{"href":"https:\/\/www.guides-sports-loisirs.ca\/projetespaces\/wp-json\/wp\/v2\/media?parent=991"}],"curies":[{"name":"wp","href":"https:\/\/api.w.org\/{rel}","templated":true}]}}