{"id":942,"date":"2018-12-04T11:36:07","date_gmt":"2018-12-04T16:36:07","guid":{"rendered":"https:\/\/www.guides-sports-loisirs.ca\/projetespaces\/?page_id=942"},"modified":"2024-11-06T10:41:00","modified_gmt":"2024-11-06T15:41:00","slug":"parc-national","status":"publish","type":"page","link":"https:\/\/www.guides-sports-loisirs.ca\/projetespaces\/typologie-des-parcs\/parc-national\/","title":{"rendered":"Le parc national"},"content":{"rendered":"<div class=\"wpb-content-wrapper\"><p>[vc_row row_height_percent=\u00a0\u00bb0&Prime; override_padding=\u00a0\u00bbyes\u00a0\u00bb h_padding=\u00a0\u00bb2&Prime; top_padding=\u00a0\u00bb3&Prime; bottom_padding=\u00a0\u00bb2&Prime; overlay_alpha=\u00a0\u00bb50&Prime; gutter_size=\u00a0\u00bb3&Prime; shift_y=\u00a0\u00bb0&Prime;][vc_column column_width_use_pixel=\u00a0\u00bbyes\u00a0\u00bb gutter_size=\u00a0\u00bb3&Prime; overlay_alpha=\u00a0\u00bb50&Prime; shift_x=\u00a0\u00bb0&Prime; shift_y=\u00a0\u00bb0&Prime; z_index=\u00a0\u00bb0&Prime; medium_width=\u00a0\u00bb0&Prime; width=\u00a0\u00bb1\/1&Prime; column_width_pixel=\u00a0\u00bb800&Prime;][vc_column_text]M\u00eame si le pr\u00e9sent guide ne concerne pas les parcs de plus grande envergure que les parcs municipaux, il est pertinent d\u2019en conna\u00eetre la d\u00e9finition, dans une approche compl\u00e9mentaire au moment de planifier un r\u00e9seau de parcs au niveau municipal.<\/p>\n<p>Le parc national est une portion de territoire class\u00e9e par d\u00e9cret \u00e0 l\u2019int\u00e9rieur de laquelle la faune, la flore et le milieu naturel en g\u00e9n\u00e9ral sont prot\u00e9g\u00e9s des activit\u00e9s humaines. La population peut cependant avoir acc\u00e8s \u00e0 certaines portions des parcs nationaux pour y pratiquer des activit\u00e9s de plein air. On compte au Qu\u00e9bec des parcs nationaux de juridiction f\u00e9d\u00e9rale et de juridiction provinciale, ces derniers g\u00e9r\u00e9s par la Soci\u00e9t\u00e9 des \u00e9tablissements de plein air du Qu\u00e9bec (SEPAQ).[\/vc_column_text][vc_column_text]Juin 2021[\/vc_column_text][\/vc_column][\/vc_row][vc_row row_height_percent=\u00a0\u00bb0&Prime; override_padding=\u00a0\u00bbyes\u00a0\u00bb h_padding=\u00a0\u00bb2&Prime; top_padding=\u00a0\u00bb2&Prime; bottom_padding=\u00a0\u00bb2&Prime; overlay_alpha=\u00a0\u00bb50&Prime; gutter_size=\u00a0\u00bb3&Prime; shift_y=\u00a0\u00bb0&Prime;][vc_column column_width_use_pixel=\u00a0\u00bbyes\u00a0\u00bb gutter_size=\u00a0\u00bb2&Prime; overlay_alpha=\u00a0\u00bb50&Prime; shift_x=\u00a0\u00bb0&Prime; shift_y=\u00a0\u00bb0&Prime; z_index=\u00a0\u00bb0&Prime; medium_width=\u00a0\u00bb0&Prime; width=\u00a0\u00bb1\/1&Prime; column_width_pixel=\u00a0\u00bb800&Prime;][vc_button button_color=\u00a0\u00bbaccent\u00a0\u00bb size=\u00a0\u00bbbtn-lg\u00a0\u00bb radius=\u00a0\u00bbbtn-circle\u00a0\u00bb border_width=\u00a0\u00bb0&Prime; icon_position=\u00a0\u00bbright\u00a0\u00bb link=\u00a0\u00bburl:https%3A%2F%2Fwww.guides-sports-loisirs.ca%2Fprojetespaces%2Fwp-content%2Fuploads%2Fsites%2F8%2F2024%2F11%2F4.6_TypoParcs_ParcNational.pdf||target:%20_blank|\u00a0\u00bb icon=\u00a0\u00bbfa fa-file-o\u00a0\u00bb]Version PDF[\/vc_button][\/vc_column][\/vc_row]<\/p>\n<\/div>","protected":false},"excerpt":{"rendered":"<p>[vc_row row_height_percent=\u00a0\u00bb0&Prime; override_padding=\u00a0\u00bbyes\u00a0\u00bb h_padding=\u00a0\u00bb2&Prime; top_padding=\u00a0\u00bb3&Prime; bottom_padding=\u00a0\u00bb2&Prime; overlay_alpha=\u00a0\u00bb50&Prime; gutter_size=\u00a0\u00bb3&Prime; shift_y=\u00a0\u00bb0&Prime;][vc_column column_width_use_pixel=\u00a0\u00bbyes\u00a0\u00bb gutter_size=\u00a0\u00bb3&Prime; overlay_alpha=\u00a0\u00bb50&Prime; shift_x=\u00a0\u00bb0&Prime; shift_y=\u00a0\u00bb0&Prime; z_index=\u00a0\u00bb0&Prime; medium_width=\u00a0\u00bb0&Prime; width=\u00a0\u00bb1\/1&Prime; column_width_pixel=\u00a0\u00bb800&Prime;][vc_column_text]M\u00eame si le [&hellip;]<\/p>\n","protected":false},"author":11,"featured_media":0,"parent":271,"menu_order":0,"comment_status":"closed","ping_status":"closed","template":"","meta":{"_acf_changed":false,"footnotes":""},"class_list":["post-942","page","type-page","status-publish","hentry"],"acf":[],"yoast_head":"<!-- This site is optimized with the Yoast SEO plugin v27.4 - https:\/\/yoast.com\/product\/yoast-seo-wordpress\/ -->\n<title>Le parc national - Projet Espaces<\/title>\n<meta name=\"robots\" content=\"index, follow, max-snippet:-1, max-image-preview:large, max-video-preview:-1\" \/>\n<link rel=\"canonical\" href=\"https:\/\/www.guides-sports-loisirs.ca\/projetespaces\/typologie-des-parcs\/parc-national\/\" \/>\n<meta property=\"og:locale\" content=\"fr_FR\" \/>\n<meta property=\"og:type\" content=\"article\" \/>\n<meta property=\"og:title\" content=\"Le parc national - Projet Espaces\" \/>\n<meta property=\"og:description\" content=\"[vc_row row_height_percent=\u00a0\u00bb0&Prime; override_padding=\u00a0\u00bbyes\u00a0\u00bb h_padding=\u00a0\u00bb2&Prime; top_padding=\u00a0\u00bb3&Prime; bottom_padding=\u00a0\u00bb2&Prime; overlay_alpha=\u00a0\u00bb50&Prime; gutter_size=\u00a0\u00bb3&Prime; shift_y=\u00a0\u00bb0&Prime;][vc_column column_width_use_pixel=\u00a0\u00bbyes\u00a0\u00bb gutter_size=\u00a0\u00bb3&Prime; overlay_alpha=\u00a0\u00bb50&Prime; shift_x=\u00a0\u00bb0&Prime; shift_y=\u00a0\u00bb0&Prime; z_index=\u00a0\u00bb0&Prime; medium_width=\u00a0\u00bb0&Prime; width=\u00a0\u00bb1\/1&Prime; column_width_pixel=\u00a0\u00bb800&Prime;][vc_column_text]M\u00eame si le [&hellip;]\" \/>\n<meta property=\"og:url\" content=\"https:\/\/www.guides-sports-loisirs.ca\/projetespaces\/typologie-des-parcs\/parc-national\/\" \/>\n<meta property=\"og:site_name\" content=\"Projet Espaces\" \/>\n<meta property=\"article:modified_time\" content=\"2024-11-06T15:41:00+00:00\" \/>\n<meta name=\"twitter:card\" content=\"summary_large_image\" \/>\n<meta name=\"twitter:label1\" content=\"Dur\u00e9e de lecture estim\u00e9e\" \/>\n\t<meta name=\"twitter:data1\" content=\"1 minute\" \/>\n<script type=\"application\/ld+json\" class=\"yoast-schema-graph\">{\"@context\":\"https:\\\/\\\/schema.org\",\"@graph\":[{\"@type\":\"WebPage\",\"@id\":\"https:\\\/\\\/www.guides-sports-loisirs.ca\\\/projetespaces\\\/typologie-des-parcs\\\/parc-national\\\/\",\"url\":\"https:\\\/\\\/www.guides-sports-loisirs.ca\\\/projetespaces\\\/typologie-des-parcs\\\/parc-national\\\/\",\"name\":\"Le parc national - Projet Espaces\",\"isPartOf\":{\"@id\":\"https:\\\/\\\/www.guides-sports-loisirs.ca\\\/projetespaces\\\/#website\"},\"datePublished\":\"2018-12-04T16:36:07+00:00\",\"dateModified\":\"2024-11-06T15:41:00+00:00\",\"breadcrumb\":{\"@id\":\"https:\\\/\\\/www.guides-sports-loisirs.ca\\\/projetespaces\\\/typologie-des-parcs\\\/parc-national\\\/#breadcrumb\"},\"inLanguage\":\"fr-FR\",\"potentialAction\":[{\"@type\":\"ReadAction\",\"target\":[\"https:\\\/\\\/www.guides-sports-loisirs.ca\\\/projetespaces\\\/typologie-des-parcs\\\/parc-national\\\/\"]}]},{\"@type\":\"BreadcrumbList\",\"@id\":\"https:\\\/\\\/www.guides-sports-loisirs.ca\\\/projetespaces\\\/typologie-des-parcs\\\/parc-national\\\/#breadcrumb\",\"itemListElement\":[{\"@type\":\"ListItem\",\"position\":1,\"name\":\"Accueil\",\"item\":\"https:\\\/\\\/www.guides-sports-loisirs.ca\\\/projetespaces\\\/\"},{\"@type\":\"ListItem\",\"position\":2,\"name\":\"Typologie des parcs\",\"item\":\"https:\\\/\\\/www.guides-sports-loisirs.ca\\\/projetespaces\\\/typologie-des-parcs\\\/\"},{\"@type\":\"ListItem\",\"position\":3,\"name\":\"Le parc national\"}]},{\"@type\":\"WebSite\",\"@id\":\"https:\\\/\\\/www.guides-sports-loisirs.ca\\\/projetespaces\\\/#website\",\"url\":\"https:\\\/\\\/www.guides-sports-loisirs.ca\\\/projetespaces\\\/\",\"name\":\"Projet Espaces\",\"description\":\"\",\"potentialAction\":[{\"@type\":\"SearchAction\",\"target\":{\"@type\":\"EntryPoint\",\"urlTemplate\":\"https:\\\/\\\/www.guides-sports-loisirs.ca\\\/projetespaces\\\/?s={search_term_string}\"},\"query-input\":{\"@type\":\"PropertyValueSpecification\",\"valueRequired\":true,\"valueName\":\"search_term_string\"}}],\"inLanguage\":\"fr-FR\"}]}<\/script>\n<!-- \/ Yoast SEO plugin. -->","yoast_head_json":{"title":"Le parc national - Projet Espaces","robots":{"index":"index","follow":"follow","max-snippet":"max-snippet:-1","max-image-preview":"max-image-preview:large","max-video-preview":"max-video-preview:-1"},"canonical":"https:\/\/www.guides-sports-loisirs.ca\/projetespaces\/typologie-des-parcs\/parc-national\/","og_locale":"fr_FR","og_type":"article","og_title":"Le parc national - Projet Espaces","og_description":"[vc_row row_height_percent=\u00a0\u00bb0&Prime; override_padding=\u00a0\u00bbyes\u00a0\u00bb h_padding=\u00a0\u00bb2&Prime; top_padding=\u00a0\u00bb3&Prime; bottom_padding=\u00a0\u00bb2&Prime; overlay_alpha=\u00a0\u00bb50&Prime; gutter_size=\u00a0\u00bb3&Prime; shift_y=\u00a0\u00bb0&Prime;][vc_column column_width_use_pixel=\u00a0\u00bbyes\u00a0\u00bb gutter_size=\u00a0\u00bb3&Prime; overlay_alpha=\u00a0\u00bb50&Prime; shift_x=\u00a0\u00bb0&Prime; shift_y=\u00a0\u00bb0&Prime; z_index=\u00a0\u00bb0&Prime; medium_width=\u00a0\u00bb0&Prime; width=\u00a0\u00bb1\/1&Prime; column_width_pixel=\u00a0\u00bb800&Prime;][vc_column_text]M\u00eame si le [&hellip;]","og_url":"https:\/\/www.guides-sports-loisirs.ca\/projetespaces\/typologie-des-parcs\/parc-national\/","og_site_name":"Projet Espaces","article_modified_time":"2024-11-06T15:41:00+00:00","twitter_card":"summary_large_image","twitter_misc":{"Dur\u00e9e de lecture estim\u00e9e":"1 minute"},"schema":{"@context":"https:\/\/schema.org","@graph":[{"@type":"WebPage","@id":"https:\/\/www.guides-sports-loisirs.ca\/projetespaces\/typologie-des-parcs\/parc-national\/","url":"https:\/\/www.guides-sports-loisirs.ca\/projetespaces\/typologie-des-parcs\/parc-national\/","name":"Le parc national - Projet Espaces","isPartOf":{"@id":"https:\/\/www.guides-sports-loisirs.ca\/projetespaces\/#website"},"datePublished":"2018-12-04T16:36:07+00:00","dateModified":"2024-11-06T15:41:00+00:00","breadcrumb":{"@id":"https:\/\/www.guides-sports-loisirs.ca\/projetespaces\/typologie-des-parcs\/parc-national\/#breadcrumb"},"inLanguage":"fr-FR","potentialAction":[{"@type":"ReadAction","target":["https:\/\/www.guides-sports-loisirs.ca\/projetespaces\/typologie-des-parcs\/parc-national\/"]}]},{"@type":"BreadcrumbList","@id":"https:\/\/www.guides-sports-loisirs.ca\/projetespaces\/typologie-des-parcs\/parc-national\/#breadcrumb","itemListElement":[{"@type":"ListItem","position":1,"name":"Accueil","item":"https:\/\/www.guides-sports-loisirs.ca\/projetespaces\/"},{"@type":"ListItem","position":2,"name":"Typologie des parcs","item":"https:\/\/www.guides-sports-loisirs.ca\/projetespaces\/typologie-des-parcs\/"},{"@type":"ListItem","position":3,"name":"Le parc national"}]},{"@type":"WebSite","@id":"https:\/\/www.guides-sports-loisirs.ca\/projetespaces\/#website","url":"https:\/\/www.guides-sports-loisirs.ca\/projetespaces\/","name":"Projet Espaces","description":"","potentialAction":[{"@type":"SearchAction","target":{"@type":"EntryPoint","urlTemplate":"https:\/\/www.guides-sports-loisirs.ca\/projetespaces\/?s={search_term_string}"},"query-input":{"@type":"PropertyValueSpecification","valueRequired":true,"valueName":"search_term_string"}}],"inLanguage":"fr-FR"}]}},"_links":{"self":[{"href":"https:\/\/www.guides-sports-loisirs.ca\/projetespaces\/wp-json\/wp\/v2\/pages\/942","targetHints":{"allow":["GET"]}}],"collection":[{"href":"https:\/\/www.guides-sports-loisirs.ca\/projetespaces\/wp-json\/wp\/v2\/pages"}],"about":[{"href":"https:\/\/www.guides-sports-loisirs.ca\/projetespaces\/wp-json\/wp\/v2\/types\/page"}],"author":[{"embeddable":true,"href":"https:\/\/www.guides-sports-loisirs.ca\/projetespaces\/wp-json\/wp\/v2\/users\/11"}],"replies":[{"embeddable":true,"href":"https:\/\/www.guides-sports-loisirs.ca\/projetespaces\/wp-json\/wp\/v2\/comments?post=942"}],"version-history":[{"count":7,"href":"https:\/\/www.guides-sports-loisirs.ca\/projetespaces\/wp-json\/wp\/v2\/pages\/942\/revisions"}],"predecessor-version":[{"id":2304,"href":"https:\/\/www.guides-sports-loisirs.ca\/projetespaces\/wp-json\/wp\/v2\/pages\/942\/revisions\/2304"}],"up":[{"embeddable":true,"href":"https:\/\/www.guides-sports-loisirs.ca\/projetespaces\/wp-json\/wp\/v2\/pages\/271"}],"wp:attachment":[{"href":"https:\/\/www.guides-sports-loisirs.ca\/projetespaces\/wp-json\/wp\/v2\/media?parent=942"}],"curies":[{"name":"wp","href":"https:\/\/api.w.org\/{rel}","templated":true}]}}