{"id":866,"date":"2018-11-29T15:28:44","date_gmt":"2018-11-29T20:28:44","guid":{"rendered":"https:\/\/www.guides-sports-loisirs.ca\/projetespaces\/?page_id=866"},"modified":"2024-12-11T15:29:20","modified_gmt":"2024-12-11T20:29:20","slug":"introduction","status":"publish","type":"page","link":"https:\/\/www.guides-sports-loisirs.ca\/projetespaces\/introduction\/","title":{"rendered":"Introduction"},"content":{"rendered":"<div class=\"wpb-content-wrapper\"><p>[vc_row row_height_percent=\u00a0\u00bb0&Prime; override_padding=\u00a0\u00bbyes\u00a0\u00bb h_padding=\u00a0\u00bb2&Prime; top_padding=\u00a0\u00bb3&Prime; bottom_padding=\u00a0\u00bb2&Prime; overlay_alpha=\u00a0\u00bb50&Prime; gutter_size=\u00a0\u00bb3&Prime; shift_y=\u00a0\u00bb0&Prime;][vc_column column_width_use_pixel=\u00a0\u00bbyes\u00a0\u00bb gutter_size=\u00a0\u00bb3&Prime; overlay_alpha=\u00a0\u00bb50&Prime; shift_x=\u00a0\u00bb0&Prime; shift_y=\u00a0\u00bb0&Prime; z_index=\u00a0\u00bb0&Prime; medium_width=\u00a0\u00bb0&Prime; width=\u00a0\u00bb1\/1&Prime; column_width_pixel=\u00a0\u00bb800&Prime;][vc_column_text]<\/p>\n<h2>\u00c0 qui s\u2019adresse ce guide?<\/h2>\n<p>Le Guide des parcs et autres espaces publics de loisir s\u2019adresse en priorit\u00e9 aux <strong>gestionnaires d\u2019espaces publics au niveau municipal<\/strong>, qui \u0153uvrent principalement dans les services de loisir et de vie communautaire, de travaux publics ou d\u2019urbanisme, ou autres services similaires, ainsi qu\u2019aux <strong>autres professionnels qui interviennent dans l\u2019am\u00e9nagement des parcs publics<\/strong>.<\/p>\n<p>Il s\u2019adresse aussi aux <strong>\u00e9lus municipaux<\/strong>, les appelant a\u0300 d\u00e9velopper une vision globale des parcs qui puisse les guider dans leurs choix politiques.<\/p>\n<p>Il int\u00e9ressera \u00e9galement les <strong>gestionnaires d\u2019organismes ou d\u2019entreprises qui travaillent aupr\u00e8s des enfants<\/strong>, par exemple les services de garde, ainsi que les <strong>administrateurs scolaires<\/strong> et les <strong>enseignants<\/strong> qui ont a\u0300 c\u0153ur d\u2019offrir aux \u00e9l\u00e8ves des espaces de jeu ad\u00e9quats qui permettent le jeu libre dans un environnement sain.<\/p>\n<p>Les <strong>professionnels du loisir<\/strong> aux niveaux r\u00e9gional et national (organismes gouvernementaux et non gouvernementaux) y trouveront de leur c\u00f4te\u0301 plusieurs informations susceptibles d\u2019orienter des politiques et des programmes de promotion et de formation.<\/p>\n<h2>Les parcs publics, un service essentiel<\/h2>\n<p>M\u00eame s\u2019il n\u2019est pas le seul espace public ou\u0300 peuvent bouger les citoyens, le parc public, surtout au niveau municipal, est un lieu privil\u00e9gie\u0301 de loisir pour la plupart des groupes de population. L\u2019offre de service en loisir passe tr\u00e8s souvent par l\u2019am\u00e9nagement des parcs pour en faire des lieux invitants et propices a\u0300 toutes sortes d\u2019activit\u00e9s, libres ou dirig\u00e9es.<\/p>\n<p>Les parcs sont d\u2019ailleurs un service public essentiel a\u0300 plusieurs points de vue, comme le soulignait une communication de l\u2019Association nationale des loisirs et des parcs des \u00c9tats-Unis en 2010 (Why Parks and Recreation are Essential Public Services). On y rel\u00e8ve notamment la valeur \u00e9conomique des parcs, leurs bienfaits pour la sante\u0301 et l\u2019environnement, enfin leur importance sociale. Voici un tour d\u2019horizon des avantages des parcs publics de nos jours.<\/p>\n<p>Les parcs publics sont porteurs de quatre valeurs qui en font un service essentiel pour les collectivit\u00e9s\u00a0:<\/p>\n<ul>\n<li>ils ont une valeur \u00e9conomique;<\/li>\n<li>ils sont b\u00e9n\u00e9fiques pour la sant\u00e9;<\/li>\n<li>ils sont b\u00e9n\u00e9fiques pour l\u2019environnement;<\/li>\n<li>ils ont une utilit\u00e9 sociale.<\/li>\n<\/ul>\n<p>Tout comme les services d\u2019aqueduc, d\u2019\u00e9gouts et de s\u00e9curit\u00e9 publique sont essentiels, les parcs ont une importance vitale pour d\u00e9velopper et maintenir la qualit\u00e9 de vie dans une communaut\u00e9, contribuant \u00e0 la sant\u00e9 des familles et de la jeunesse, ainsi qu\u2019au d\u00e9veloppement \u00e9conomique et \u00e0 la qualit\u00e9 de l\u2019environnement dans la r\u00e9gion.<\/p>\n<p>Toute communaut\u00e9 veut \u00eatre fi\u00e8re de sa qualit\u00e9 de vie, aime se pr\u00e9senter comme un milieu attrayant pour les entreprises et les familles, et se montre soucieuse de prot\u00e9ger ses ressources naturelles. Un r\u00e9seau de parcs publics solide et dynamique ne peut que l\u2019aider \u00e0 aller dans ce sens.<\/p>\n<p><strong>La valeur \u00e9conomique<\/strong><\/p>\n<ul>\n<li>Il a \u00e9t\u00e9 d\u00e9montr\u00e9 que les parcs augmentent la valeur fonci\u00e8re des propri\u00e9t\u00e9s priv\u00e9es avoisinantes, donc les revenus de la municipalit\u00e9 provenant des taxes.<\/li>\n<li>Plusieurs \u00e9tudes ont \u00e9galement d\u00e9montr\u00e9 que les parcs et des loisirs publics de qualit\u00e9 sont l\u2019un des trois facteurs d\u2019attraction les plus importants pour les entreprises d\u00e9sireuses de se relocaliser.<\/li>\n<li>Les parcs g\u00e9n\u00e8rent de l\u2019activit\u00e9 \u00e9conomique quand ils servent de lieux de rassemblement pour des festivals, des tournois sportifs et autres manifestations d\u2019envergure.<\/li>\n<\/ul>\n<p><strong>Les b\u00e9n\u00e9fices sant\u00e9<\/strong><\/p>\n<ul>\n<li>Bon nombre d\u2019usagers des parcs y vont pour am\u00e9liorer leur sant\u00e9 et se garder en forme.<\/li>\n<li>Les programmes de sports et de loisirs qu\u2019on offre \u00e0 la population dans les parcs contribuent \u00e0 la sant\u00e9 \u00e0 tout \u00e2ge.<\/li>\n<li>Les parcs incitent les gens \u00e0 l\u2019activit\u00e9 physique; plus on leur offre d\u2019endroits o\u00f9 marcher, courir ou bouger en tous sens, plus ils sont nombreux \u00e0 le faire.<\/li>\n<li>Une \u00e9tude r\u00e9alis\u00e9e par l\u2019Universit\u00e9 de Pennsylvanie a montr\u00e9 une corr\u00e9lation \u00e9troite entre la fr\u00e9quentation des parcs et la r\u00e9duction du stress et de la tension art\u00e9rielle, ainsi que l\u2019am\u00e9lioration du bien-\u00eatre physique.<\/li>\n<li>Une \u00e9tude europ\u00e9enne portant sur huit pays a montr\u00e9 que les personnes vivant dans des environnements avec beaucoup de v\u00e9g\u00e9tation pratiquent de l\u2019activit\u00e9 physique trois fois plus fr\u00e9quemment et ont 40\u00a0% moins de risque de souffrir d\u2019embonpoint ou d\u2019ob\u00e9sit\u00e9. Ces associations sont \u00e9galement observ\u00e9es chez les enfants.<\/li>\n<li>Une recherche r\u00e9alis\u00e9e dans quatre villes am\u00e9ricaines indique que le nombre d\u2019installations et le nombre d\u2019activit\u00e9s organis\u00e9es ont \u00e9t\u00e9 associ\u00e9s positivement au taux d\u2019achalandage des parcs et \u00e0 la quantit\u00e9 d\u2019\u00e9nergie qui y est d\u00e9pens\u00e9e par les personnes les fr\u00e9quentant. Offrir davantage d\u2019activit\u00e9s encadr\u00e9es dans les parcs appara\u00eet donc comme une avenue prometteuse pour maximiser l\u2019utilisation des parcs et inciter la population \u00e0 \u00eatre physiquement active, et ce, m\u00eame dans les secteurs d\u00e9favoris\u00e9s.<\/li>\n<li>L\u2019effet des parcs et espaces verts sur la pratique d\u2019activit\u00e9 physique de loisir d\u00e9pend de plusieurs facteurs, dont leur accessibilit\u00e9, leur \u00e9tat (entretien, pr\u00e9sence d\u2019\u00e9quipements, etc.) et leur niveau de s\u00e9curit\u00e9 r\u00e9elle et per\u00e7ue.<\/li>\n<li>Une association a \u00e9galement \u00e9t\u00e9 \u00e9tablie entre la pr\u00e9sence de parcs et une diminution de la pr\u00e9valence des troubles anxieux, de la d\u00e9pression et du stress.<\/li>\n<\/ul>\n<p><strong>Les b\u00e9n\u00e9fices pour l\u2019environnement<\/strong><\/p>\n<ul>\n<li>Il a \u00e9t\u00e9 d\u00e9montr\u00e9 que les parcs am\u00e9liorent la qualit\u00e9 de l\u2019eau en prot\u00e9geant la nappe phr\u00e9atique, am\u00e9liorent aussi la qualit\u00e9 de l\u2019air en raison de la pr\u00e9sence des arbres et offrent des habitats naturels \u00e0 diverses esp\u00e8ces animales.<\/li>\n<li>Ils favorisent aussi un contact des enfants et des familles avec la nature, contribuant \u00e0 l\u2019\u00e9ducation \u00e0 l\u2019environnement.<\/li>\n<li>Ils contrebalancent les effets des \u00eelots de chaleur en faisant office d\u2019\u00eelots de fra\u00eecheur.<\/li>\n<\/ul>\n<p><strong>L\u2019utilit\u00e9 sociale<\/strong><\/p>\n<ul>\n<li>Les parcs refl\u00e8tent la qualit\u00e9 de vie dans une communaut\u00e9. Ils contribuent \u00e0 l\u2019identit\u00e9 des citoyens et sont un facteur majeur dans la perception de la qualit\u00e9 de vie par ces citoyens.<\/li>\n<li>Les parcs sont des lieux de rassemblement pour les familles et les groupes sociaux, tout autant que pour les individus de tous \u00e2ges et de toutes conditions \u00e9conomiques. L\u2019application des principes de l\u2019accessibilit\u00e9 universelle les rend aussi accessibles aux personnes ayant des handicaps ou des limitations fonctionnelles.<\/li>\n<li>Des sondages ont montr\u00e9 que le public consid\u00e8re les parcs comme un investissement public prioritaire.<\/li>\n<li>Une recherche effectu\u00e9e \u00e0 Chicago a d\u00e9montr\u00e9 que l\u2019implication de la communaut\u00e9 dans les parcs avoisinants est associ\u00e9e \u00e0 de faibles niveaux de criminalit\u00e9 et de vandalisme. L\u2019acc\u00e8s aux parcs pour y pratiquer des activit\u00e9s de loisir a ainsi un effet sur la r\u00e9duction de la criminalit\u00e9 et de la d\u00e9linquance.<\/li>\n<li>Les parcs ont aux yeux de la population une valeur qui va au-del\u00e0 de l\u2019argent qu\u2019on y investit. Ils sont une source de fiert\u00e9 et de coh\u00e9sion dans chaque communaut\u00e9.<\/li>\n<li>Les parcs et espaces verts urbains constituent des lieux de rencontres propices aux relations sociales et \u00e0 l\u2019\u00e9mergence de liens sociaux.<\/li>\n<li>Les personnes vivant \u00e0 proximit\u00e9 d\u2019espaces verts ressentent moins de solitude et souffrent g\u00e9n\u00e9ralement moins de l\u2019absence de soutien social.<\/li>\n<\/ul>\n<p>Novembre 2018[\/vc_column_text][\/vc_column][\/vc_row][vc_row row_height_percent=\u00a0\u00bb0&Prime; override_padding=\u00a0\u00bbyes\u00a0\u00bb h_padding=\u00a0\u00bb2&Prime; top_padding=\u00a0\u00bb2&Prime; bottom_padding=\u00a0\u00bb2&Prime; overlay_alpha=\u00a0\u00bb50&Prime; gutter_size=\u00a0\u00bb3&Prime; shift_y=\u00a0\u00bb0&Prime;][vc_column column_width_use_pixel=\u00a0\u00bbyes\u00a0\u00bb gutter_size=\u00a0\u00bb2&Prime; overlay_alpha=\u00a0\u00bb50&Prime; shift_x=\u00a0\u00bb0&Prime; shift_y=\u00a0\u00bb0&Prime; z_index=\u00a0\u00bb0&Prime; medium_width=\u00a0\u00bb0&Prime; width=\u00a0\u00bb1\/1&Prime; column_width_pixel=\u00a0\u00bb800&Prime;][vc_button button_color=\u00a0\u00bbaccent\u00a0\u00bb size=\u00a0\u00bbbtn-lg\u00a0\u00bb radius=\u00a0\u00bbbtn-circle\u00a0\u00bb border_width=\u00a0\u00bb0&Prime; icon_position=\u00a0\u00bbright\u00a0\u00bb link=\u00a0\u00bburl:https%3A%2F%2Fwww.guides-sports-loisirs.ca%2Fprojetespaces%2Fwp-content%2Fuploads%2Fsites%2F8%2F2024%2F11%2F1_Introduction.pdf||target:%20_blank|\u00a0\u00bb icon=\u00a0\u00bbfa fa-file-o\u00a0\u00bb]Version PDF[\/vc_button][\/vc_column][\/vc_row]<\/p>\n<\/div>","protected":false},"excerpt":{"rendered":"<p>[vc_row row_height_percent=\u00a0\u00bb0&Prime; override_padding=\u00a0\u00bbyes\u00a0\u00bb h_padding=\u00a0\u00bb2&Prime; top_padding=\u00a0\u00bb3&Prime; bottom_padding=\u00a0\u00bb2&Prime; overlay_alpha=\u00a0\u00bb50&Prime; gutter_size=\u00a0\u00bb3&Prime; shift_y=\u00a0\u00bb0&Prime;][vc_column column_width_use_pixel=\u00a0\u00bbyes\u00a0\u00bb gutter_size=\u00a0\u00bb3&Prime; overlay_alpha=\u00a0\u00bb50&Prime; shift_x=\u00a0\u00bb0&Prime; shift_y=\u00a0\u00bb0&Prime; z_index=\u00a0\u00bb0&Prime; medium_width=\u00a0\u00bb0&Prime; width=\u00a0\u00bb1\/1&Prime; column_width_pixel=\u00a0\u00bb800&Prime;][vc_column_text] \u00c0 qui [&hellip;]<\/p>\n","protected":false},"author":11,"featured_media":0,"parent":0,"menu_order":0,"comment_status":"closed","ping_status":"closed","template":"","meta":{"_acf_changed":false,"footnotes":""},"class_list":["post-866","page","type-page","status-publish","hentry"],"acf":[],"yoast_head":"<!-- This site is optimized with the Yoast SEO plugin v27.4 - https:\/\/yoast.com\/product\/yoast-seo-wordpress\/ -->\n<title>Introduction - Projet Espaces<\/title>\n<meta name=\"description\" content=\"Les parcs publics sont porteurs de quatre valeurs qui en font un service essentiel pour les collectivit\u00e9s.\" \/>\n<meta name=\"robots\" content=\"index, follow, max-snippet:-1, max-image-preview:large, max-video-preview:-1\" \/>\n<link rel=\"canonical\" href=\"https:\/\/www.guides-sports-loisirs.ca\/projetespaces\/introduction\/\" \/>\n<meta property=\"og:locale\" content=\"fr_FR\" \/>\n<meta property=\"og:type\" content=\"article\" \/>\n<meta property=\"og:title\" content=\"Introduction - Projet Espaces\" \/>\n<meta property=\"og:description\" content=\"Les parcs publics sont porteurs de quatre valeurs qui en font un service essentiel pour les collectivit\u00e9s.\" \/>\n<meta property=\"og:url\" content=\"https:\/\/www.guides-sports-loisirs.ca\/projetespaces\/introduction\/\" \/>\n<meta property=\"og:site_name\" content=\"Projet Espaces\" \/>\n<meta property=\"article:modified_time\" content=\"2024-12-11T20:29:20+00:00\" \/>\n<meta name=\"twitter:card\" content=\"summary_large_image\" \/>\n<meta name=\"twitter:label1\" content=\"Dur\u00e9e de lecture estim\u00e9e\" \/>\n\t<meta name=\"twitter:data1\" content=\"6 minutes\" \/>\n<script type=\"application\/ld+json\" class=\"yoast-schema-graph\">{\"@context\":\"https:\\\/\\\/schema.org\",\"@graph\":[{\"@type\":\"WebPage\",\"@id\":\"https:\\\/\\\/www.guides-sports-loisirs.ca\\\/projetespaces\\\/introduction\\\/\",\"url\":\"https:\\\/\\\/www.guides-sports-loisirs.ca\\\/projetespaces\\\/introduction\\\/\",\"name\":\"Introduction - Projet Espaces\",\"isPartOf\":{\"@id\":\"https:\\\/\\\/www.guides-sports-loisirs.ca\\\/projetespaces\\\/#website\"},\"datePublished\":\"2018-11-29T20:28:44+00:00\",\"dateModified\":\"2024-12-11T20:29:20+00:00\",\"description\":\"Les parcs publics sont porteurs de quatre valeurs qui en font un service essentiel pour les collectivit\u00e9s.\",\"breadcrumb\":{\"@id\":\"https:\\\/\\\/www.guides-sports-loisirs.ca\\\/projetespaces\\\/introduction\\\/#breadcrumb\"},\"inLanguage\":\"fr-FR\",\"potentialAction\":[{\"@type\":\"ReadAction\",\"target\":[\"https:\\\/\\\/www.guides-sports-loisirs.ca\\\/projetespaces\\\/introduction\\\/\"]}]},{\"@type\":\"BreadcrumbList\",\"@id\":\"https:\\\/\\\/www.guides-sports-loisirs.ca\\\/projetespaces\\\/introduction\\\/#breadcrumb\",\"itemListElement\":[{\"@type\":\"ListItem\",\"position\":1,\"name\":\"Accueil\",\"item\":\"https:\\\/\\\/www.guides-sports-loisirs.ca\\\/projetespaces\\\/\"},{\"@type\":\"ListItem\",\"position\":2,\"name\":\"Introduction\"}]},{\"@type\":\"WebSite\",\"@id\":\"https:\\\/\\\/www.guides-sports-loisirs.ca\\\/projetespaces\\\/#website\",\"url\":\"https:\\\/\\\/www.guides-sports-loisirs.ca\\\/projetespaces\\\/\",\"name\":\"Projet Espaces\",\"description\":\"\",\"potentialAction\":[{\"@type\":\"SearchAction\",\"target\":{\"@type\":\"EntryPoint\",\"urlTemplate\":\"https:\\\/\\\/www.guides-sports-loisirs.ca\\\/projetespaces\\\/?s={search_term_string}\"},\"query-input\":{\"@type\":\"PropertyValueSpecification\",\"valueRequired\":true,\"valueName\":\"search_term_string\"}}],\"inLanguage\":\"fr-FR\"}]}<\/script>\n<!-- \/ Yoast SEO plugin. -->","yoast_head_json":{"title":"Introduction - Projet Espaces","description":"Les parcs publics sont porteurs de quatre valeurs qui en font un service essentiel pour les collectivit\u00e9s.","robots":{"index":"index","follow":"follow","max-snippet":"max-snippet:-1","max-image-preview":"max-image-preview:large","max-video-preview":"max-video-preview:-1"},"canonical":"https:\/\/www.guides-sports-loisirs.ca\/projetespaces\/introduction\/","og_locale":"fr_FR","og_type":"article","og_title":"Introduction - Projet Espaces","og_description":"Les parcs publics sont porteurs de quatre valeurs qui en font un service essentiel pour les collectivit\u00e9s.","og_url":"https:\/\/www.guides-sports-loisirs.ca\/projetespaces\/introduction\/","og_site_name":"Projet Espaces","article_modified_time":"2024-12-11T20:29:20+00:00","twitter_card":"summary_large_image","twitter_misc":{"Dur\u00e9e de lecture estim\u00e9e":"6 minutes"},"schema":{"@context":"https:\/\/schema.org","@graph":[{"@type":"WebPage","@id":"https:\/\/www.guides-sports-loisirs.ca\/projetespaces\/introduction\/","url":"https:\/\/www.guides-sports-loisirs.ca\/projetespaces\/introduction\/","name":"Introduction - Projet Espaces","isPartOf":{"@id":"https:\/\/www.guides-sports-loisirs.ca\/projetespaces\/#website"},"datePublished":"2018-11-29T20:28:44+00:00","dateModified":"2024-12-11T20:29:20+00:00","description":"Les parcs publics sont porteurs de quatre valeurs qui en font un service essentiel pour les collectivit\u00e9s.","breadcrumb":{"@id":"https:\/\/www.guides-sports-loisirs.ca\/projetespaces\/introduction\/#breadcrumb"},"inLanguage":"fr-FR","potentialAction":[{"@type":"ReadAction","target":["https:\/\/www.guides-sports-loisirs.ca\/projetespaces\/introduction\/"]}]},{"@type":"BreadcrumbList","@id":"https:\/\/www.guides-sports-loisirs.ca\/projetespaces\/introduction\/#breadcrumb","itemListElement":[{"@type":"ListItem","position":1,"name":"Accueil","item":"https:\/\/www.guides-sports-loisirs.ca\/projetespaces\/"},{"@type":"ListItem","position":2,"name":"Introduction"}]},{"@type":"WebSite","@id":"https:\/\/www.guides-sports-loisirs.ca\/projetespaces\/#website","url":"https:\/\/www.guides-sports-loisirs.ca\/projetespaces\/","name":"Projet Espaces","description":"","potentialAction":[{"@type":"SearchAction","target":{"@type":"EntryPoint","urlTemplate":"https:\/\/www.guides-sports-loisirs.ca\/projetespaces\/?s={search_term_string}"},"query-input":{"@type":"PropertyValueSpecification","valueRequired":true,"valueName":"search_term_string"}}],"inLanguage":"fr-FR"}]}},"_links":{"self":[{"href":"https:\/\/www.guides-sports-loisirs.ca\/projetespaces\/wp-json\/wp\/v2\/pages\/866","targetHints":{"allow":["GET"]}}],"collection":[{"href":"https:\/\/www.guides-sports-loisirs.ca\/projetespaces\/wp-json\/wp\/v2\/pages"}],"about":[{"href":"https:\/\/www.guides-sports-loisirs.ca\/projetespaces\/wp-json\/wp\/v2\/types\/page"}],"author":[{"embeddable":true,"href":"https:\/\/www.guides-sports-loisirs.ca\/projetespaces\/wp-json\/wp\/v2\/users\/11"}],"replies":[{"embeddable":true,"href":"https:\/\/www.guides-sports-loisirs.ca\/projetespaces\/wp-json\/wp\/v2\/comments?post=866"}],"version-history":[{"count":7,"href":"https:\/\/www.guides-sports-loisirs.ca\/projetespaces\/wp-json\/wp\/v2\/pages\/866\/revisions"}],"predecessor-version":[{"id":2280,"href":"https:\/\/www.guides-sports-loisirs.ca\/projetespaces\/wp-json\/wp\/v2\/pages\/866\/revisions\/2280"}],"wp:attachment":[{"href":"https:\/\/www.guides-sports-loisirs.ca\/projetespaces\/wp-json\/wp\/v2\/media?parent=866"}],"curies":[{"name":"wp","href":"https:\/\/api.w.org\/{rel}","templated":true}]}}