{"id":681,"date":"2017-05-12T11:47:59","date_gmt":"2017-05-12T15:47:59","guid":{"rendered":"https:\/\/www.guides-sports-loisirs.ca\/projetespaces\/?page_id=392"},"modified":"2024-11-06T11:35:24","modified_gmt":"2024-11-06T16:35:24","slug":"parcs-ouverts-frequentes-toute-lannee","status":"publish","type":"page","link":"https:\/\/www.guides-sports-loisirs.ca\/projetespaces\/conditions-succes\/parcs-ouverts-frequentes-toute-lannee\/","title":{"rendered":"Des parcs ouverts et fr\u00e9quent\u00e9s toute l\u2019ann\u00e9e"},"content":{"rendered":"<div class=\"wpb-content-wrapper\"><p>[vc_row row_height_percent=\u00a0\u00bb0&Prime; override_padding=\u00a0\u00bbyes\u00a0\u00bb h_padding=\u00a0\u00bb2&Prime; top_padding=\u00a0\u00bb3&Prime; bottom_padding=\u00a0\u00bb2&Prime; overlay_alpha=\u00a0\u00bb50&Prime; gutter_size=\u00a0\u00bb3&Prime; shift_y=\u00a0\u00bb0&Prime;][vc_column column_width_use_pixel=\u00a0\u00bbyes\u00a0\u00bb gutter_size=\u00a0\u00bb3&Prime; overlay_alpha=\u00a0\u00bb50&Prime; shift_x=\u00a0\u00bb0&Prime; shift_y=\u00a0\u00bb0&Prime; z_index=\u00a0\u00bb0&Prime; medium_width=\u00a0\u00bb0&Prime; width=\u00a0\u00bb1\/1&Prime; column_width_pixel=\u00a0\u00bb800&Prime;][vc_column_text]De fa\u00e7on g\u00e9n\u00e9rale, les municipalit\u00e9s ont tendance \u00e0 n\u2019ouvrir leurs parcs que durant la belle saison et \u00e0 n\u2019offrir que quelques am\u00e9nagements durant l\u2019hiver dans un espace restreint\u00a0: butte pour glissade, patinoire, sentiers de ski de fond&#8230; La planification privil\u00e9gie nettement l\u2019\u00e9t\u00e9, au d\u00e9triment des autres saisons. Cependant, l\u2019accessibilit\u00e9 des parcs en toute saison, avec la possibilit\u00e9 d\u2019y pratiquer une multitude d\u2019activit\u00e9s \u00e0 l\u2019ann\u00e9e, commence \u00e0 appara\u00eetre dans les perspectives des gestionnaires de parcs. Les d\u00e9fis sont cependant nombreux\u00a0: variations climatiques importantes, durabilit\u00e9 des \u00e9quipements, polyvalence des am\u00e9nagements, entretien, mise en valeur d\u2019attraits \u00e0 l\u2019automne et au printemps, appropriation continue, volont\u00e9 politique, etc. Comment am\u00e9nager un parc de fa\u00e7on qu\u2019il attire des gens chaque saison? Voici quelques pistes.[\/vc_column_text][vc_accordion][vc_accordion_tab title=\u00a0\u00bb\u00c9quipemements et am\u00e9nagements\u00a0\u00bb tab_id=\u00a0\u00bb1d94644c-8cc3-7&Prime;][vc_column_text]Ouvrir un parc \u00e0 l\u2019ann\u00e9e peut para\u00eetre complexe, mais il suffit d\u2019un peu de planification et d\u2019imagination pour faire toute la diff\u00e9rence. \u00c9videmment, il serait utopique de croire que toutes les installations puissent \u00eatre fonctionnelles \u00e0 l\u2019ann\u00e9e. C\u2019est surtout le cas des installations aquatiques, qui ont une vocation saisonni\u00e8re, et de certains \u00e9quipements qu\u2019il est fortement conseill\u00e9 de fermer pendant la saison froide pour des raisons de s\u00e9curit\u00e9 (comme les structures de jeu, voir <a href=\"https:\/\/www.guides-sports-loisirs.ca\/projetespaces\/espaces-jeu-enfants\/espaces-jeu-libre-hiver\/\" target=\"_blank\" rel=\"noopener\">Espaces de jeu libre en hiver<\/a>). Le cas \u00e9ch\u00e9ant, il est important d\u2019en pr\u00e9venir les usagers par diff\u00e9rents moyens de communication\u00a0: panneaux indicateurs bien visibles, mention sur le site internet de la municipalit\u00e9, message dans le journal communautaire, etc.<\/p>\n<p>La majorit\u00e9 des am\u00e9nagements peuvent cependant servir \u00e0 l\u2019ann\u00e9e. C\u2019est le cas des espaces de jeu libre, des lieux de rassemblement, des terrains multisports (voir <a href=\"https:\/\/www.guides-sports-loisirs.ca\/projetespaces\/parcs-pour-tous\/amenagements-vocation-multiples-specialises\/\" target=\"_blank\" rel=\"noopener\">Am\u00e9nagements \u00e0 vocation multiple<\/a>) ainsi que de la plupart des terrains sportifs, qui peuvent \u00eatre utilis\u00e9s pour d\u2019autres usages en dehors de la saison r\u00e9guli\u00e8re. Les chemins et les sentiers sont parmi les installations les plus polyvalentes parce qu\u2019ils peuvent, selon les saisons, permettre les d\u00e9placements fonctionnels, la randonn\u00e9e, la course, le v\u00e9lo, la raquette, le ski de fond, le v\u00e9lo \u00e0 roues surdimensionn\u00e9es (fatbike) et m\u00eame le patin si le sentier est glac\u00e9 (voir <a href=\"https:\/\/www.guides-sports-loisirs.ca\/projetespaces\/parcs-pour-tous\/sentiers-tous\/\" target=\"_blank\" rel=\"noopener\">Sentiers<\/a>).<\/p>\n<p>Certains am\u00e9nagements hivernaux comme une patinoire, une pente de glissade ou un anneau de glace peuvent \u00eatre temporaires et install\u00e9s \u00e0 des endroits qui n\u2019ont pas d\u2019autres fonctions le reste de l\u2019ann\u00e9e. Par contre, dans un souci de rentabiliser l\u2019espace et les investissements, les municipalit\u00e9s cherchent de plus en plus \u00e0 exploiter les terrains en permanence. Par exemple, il arrive que l\u2019anneau de glace ou la patinoire r\u00e9cr\u00e9ative (sans hockey) soient install\u00e9s sur le terrain de balle, non utilis\u00e9 pendant l\u2019hiver. D\u2019autres installations, ant\u00e9rieurement consid\u00e9r\u00e9es comme des \u00e9quipements hivernaux, ont maintenant une vocation quatre-saisons tr\u00e8s d\u00e9finie. C\u2019est le cas de la surface multifonctionnelle (ou patinoire permanente) qui, l\u2019\u00e9t\u00e9 venu, pourra \u00eatre utilis\u00e9e comme piste de danse, terrain de basketball, terrain de tennis, parc de planche \u00e0 roulettes ou autre.[\/vc_column_text][\/vc_accordion_tab][vc_accordion_tab title=\u00a0\u00bbPlanifier annuel\u00a0\u00bb tab_id=\u00a0\u00bbc7b708a0-791c-3&Prime;][vc_column_text]Penser \u00ab\u00a0annuel\u00a0\u00bb en mati\u00e8re d\u2019am\u00e9nagement requiert de la planification. Il s\u2019agit d\u2019exploiter de fa\u00e7on optimale les caract\u00e9ristiques du terrain (relief ou pentes, plans d\u2019eau, alternance d\u2019espaces bois\u00e9s et d\u2019espaces ouverts) en pensant aux diff\u00e9rentes utilisations qui en seront faites \u00e0 chacune des saisons.<\/p>\n<p>Si, par exemple, on a une pente int\u00e9ressante pour la glissade en hiver, on veillera \u00e0 l\u2019am\u00e9nager ad\u00e9quatement pour cette fonction (voir\u00a0<a href=\"http:\/\/www.loisirmunicipal.qc.ca\/userfiles\/file\/Aires_glisse.PDF\" target=\"_blank\" rel=\"noopener\">Aires de glissade \u2013 Guide d\u2019am\u00e9nagement et de gestion<\/a>), notamment en d\u00e9gageant sa base, de fa\u00e7on \u00e0 \u00e9liminer les dangers de collision avec des \u00e9quipements ou des arbres qui se situent au bas de la pente.<\/p>\n<p>Si vous pr\u00e9voyez glacer des sentiers pour le patinage en hiver ou encore les tracer pour le ski de fond, il faut y songer d\u00e8s la conception de l\u2019am\u00e9nagement puisque la fondation du sentier devra pouvoir supporter la machinerie n\u00e9cessaire \u00e0 l\u2019entretien.<\/p>\n<p>Il est \u00e9galement essentiel de bien planifier le drainage du parc afin d\u2019\u00e9vacuer l\u2019eau de pluie, mais \u00e9galement l\u2019eau de fonte des neiges. Un drainage efficace aura pour effet l\u2019ass\u00e8chement rapide du terrain, ce qui permettra d\u2019utiliser les diff\u00e9rents espaces plus t\u00f4t au printemps.[\/vc_column_text][\/vc_accordion_tab][vc_accordion_tab title=\u00a0\u00bbAnimation en toute saison\u00a0\u00bb tab_id=\u00a0\u00bbb2c820b3-6a49-1&Prime;][vc_column_text]De fa\u00e7on g\u00e9n\u00e9rale, on peut dire qu\u2019un parc ouvert \u00e0 l\u2019ann\u00e9e a la capacit\u00e9 de s\u2019autoanimer (voir Appropriation d\u2019un parc). C\u2019est pourquoi il importe de planifier l\u2019am\u00e9nagement de fa\u00e7on \u00e0 offrir des espaces et des \u00e9quipements accueillants en tout temps. Au-del\u00e0 des installations, il peut s\u2019av\u00e9rer pertinent d\u2019encourager la fr\u00e9quentation des parcs en proposant une gamme d\u2019activit\u00e9s tr\u00e8s vari\u00e9es. \u00c0 cet \u00e9gard, l\u2019automne et le printemps posent un d\u00e9fi particulier\u00a0: ce sont en g\u00e9n\u00e9ral des p\u00e9riodes \u00ab\u00a0hors-saison\u00a0\u00bb que les programmations n\u00e9gligent.<\/p>\n<p>Souvent associ\u00e9 au retour du froid et de la pluie,\u00a0<strong>l\u2019automne<\/strong>\u00a0marque habituellement le d\u00e9but de la saison des activit\u00e9s int\u00e9rieures. Pourtant, les automnes chauds et longs que nous connaissons depuis quelques ann\u00e9es conviennent particuli\u00e8rement bien \u00e0 la tenue de nombreux \u00e9v\u00e9nements et peuvent permettre le prolongement de la programmation ext\u00e9rieure. Voici quelques exemples d\u2019activit\u00e9s automnales\u00a0: mini-saison d\u2019activit\u00e9s sportives (soccer, baseball, Ultimate, etc.),\u00a0<a href=\"https:\/\/www.journeesdelaculture.qc.ca\/\" target=\"_blank\" rel=\"noopener\">Journ\u00e9es de la culture<\/a>, courses de cross-country, randonn\u00e9es anim\u00e9es, initiation \u00e0 la mycologie, f\u00eate d\u2019Halloween, march\u00e9 de No\u00ebl, feu de joie et contes.<\/p>\n<p><strong>Le printemps<\/strong>\u00a0peut s\u2019av\u00e9rer plus probl\u00e9matique puisque la neige n\u2019est pas compl\u00e8tement fondue, que le terrain est souvent gorg\u00e9 d\u2019eau et que les sentiers sont boueux. Dans le but de pr\u00e9server le bon \u00e9tat de certaines installations, l\u2019acc\u00e8s peut m\u00eame \u00eatre restreint en p\u00e9riode de d\u00e9gel. Il importe alors de miser sur les espaces exploitables en orientant les citoyens vers des lieux et des installations qu\u2019ils peuvent fr\u00e9quenter\u00a0: sentiers asphalt\u00e9s, surface multifonctionnelle, jeux lign\u00e9s, terrains de tennis, etc. On peut aussi rem\u00e9dier au \u00ab\u00a0vide\u00a0\u00bb de cette saison interm\u00e9diaire en proposant quelques \u00e9v\u00e9nements\u00a0: journ\u00e9e \u00ab\u00a0cabane \u00e0 sucre\u00a0\u00bb, chasse aux cocos de P\u00e2ques, atelier de mise au point de v\u00e9los ou sur la s\u00e9curit\u00e9 \u00e0 v\u00e9lo, grand bazar d\u2019\u00e9quipements sportifs, grande corv\u00e9e de nettoyage, exposition et partage de vivaces, journ\u00e9e de l\u2019arbre,\u00a0<a href=\"https:\/\/www.jourdelaterre.org\/\" target=\"_blank\" rel=\"noopener\">Jour de la terre<\/a>,\u00a0<a href=\"http:\/\/www.journeesdelanature.com\/\" target=\"_blank\" rel=\"noopener\">Journ\u00e9es de la nature<\/a>, etc.<\/p>\n<p>Un service de pr\u00eat de mat\u00e9riel quatre-saisons peut contribuer \u00e0 accro\u00eetre la fr\u00e9quentation, peu importe le temps qu\u2019il fait. Pourquoi ne pas mettre \u00e0 la disposition des usagers des balles, des ballons, des frisbees et autres accessoires de jeu ou de sport au printemps et \u00e0 l\u2019automne aussi bien qu\u2019en \u00e9t\u00e9? Et remplacer le mat\u00e9riel par des moules pour la neige, des pelles et des raquettes en hiver? Le service peut \u00eatre libre et gratuit (ex.\u00a0: coffre \u00e0 jouets communautaire) ou fonctionner selon un autre mode selon la nature du mat\u00e9riel mis \u00e0 la disposition du public.<\/p>\n<p>Par ailleurs, l\u2019environnement naturel du parc offre de nombreuses possibilit\u00e9s d\u2019activit\u00e9s (libres, sugg\u00e9r\u00e9es ou dirig\u00e9es), et ce, en toute saison\u00a0: concours de photo \u00e0 la p\u00e9riode des couleurs, ornithologie, rallye, interpr\u00e9tation, etc. Il suffit parfois d\u2019un minimum de planification pour inciter les usagers \u00e0 pratiquer ces activit\u00e9s \u00e0 tout moment de l\u2019ann\u00e9e.[\/vc_column_text][\/vc_accordion_tab][vc_accordion_tab title=\u00a0\u00bbRendre l\u2019exp\u00e9rience agr\u00e9able\u00a0\u00bb tab_id=\u00a0\u00bb276f15a7-fc93-2&Prime;][vc_column_text]Si la s\u00e9curit\u00e9 est d\u2019une importance primordiale pour assurer la fr\u00e9quentation d\u2019un parc en toute saison, le confort peut repr\u00e9senter pour plusieurs personnes une condition souhaitable. On entend ici par confort la possibilit\u00e9 de se mettre \u00e0 l\u2019abri en cas d\u2019intemp\u00e9rie, de s\u2019asseoir au sec, de se s\u00e9cher et de se r\u00e9chauffer, d\u2019avoir acc\u00e8s \u00e0 des installations sanitaires, \u00e0 de l\u2019eau potable et \u00e0 des aliments, etc.<\/p>\n<p>Les b\u00e2timents de services devraient \u00eatre ouverts aux m\u00eames heures que le parc. Un parc ouvert \u00e0 l\u2019automne ou en hiver o\u00f9 le b\u00e2timent de services principal est ferm\u00e9 risque de voir sa fr\u00e9quentation limit\u00e9e.<\/p>\n<p>\u00c0 certains moments \u00e0 l\u2019automne ou en hiver, pourquoi ne pas offrir un petit plus? Soupe ou boisson chaude, feu de camp, dispositifs brise-vent dans les espaces \u00e0 d\u00e9couvert, etc.<\/p>\n<p>Quand les journ\u00e9es sont plus courtes, il ne faut pas n\u00e9gliger l\u2019\u00e9clairage afin de prolonger les heures d\u2019utilisation des installations et d\u2019assurer la s\u00e9curit\u00e9 (physique et per\u00e7ue) des usagers.[\/vc_column_text][\/vc_accordion_tab][vc_accordion_tab title=\u00a0\u00bbL\u2019importance de l\u2019entretien\u00a0\u00bb tab_id=\u00a0\u00bb99e068da-69d0-10&Prime;][vc_column_text]L\u2019entretien des parcs constitue un enjeu majeur toute l\u2019ann\u00e9e. Un entretien r\u00e9gulier et des v\u00e9rifications constantes doivent \u00eatre effectu\u00e9s de fa\u00e7on r\u00e9guli\u00e8re et le plan d\u2019entretien devrait pr\u00e9voir des actions et des ressources (humaines et financi\u00e8res) qui tiennent compte de toutes les saisons. Certains \u00e9quipements n\u00e9cessitent d\u2019ailleurs une pr\u00e9paration particuli\u00e8re en fin ou en d\u00e9but de saison (p. ex.\u00a0: \u00e9quipements aquatiques, aires et appareils de jeu pour enfants).<\/p>\n<p>En hiver, il convient de d\u00e9neiger ou d\u2019entretenir r\u00e9guli\u00e8rement les sentiers fonctionnels et d\u2019inspecter la signalisation.<\/p>\n<p>Les sentiers r\u00e9cr\u00e9atifs (randonn\u00e9e, ski de fond, raquette) seront bien balis\u00e9s en tout temps.<br \/>\nLes b\u00e2timents de services doivent \u00eatre accueillants, propres et bien entretenus \u00e0 l\u2019ann\u00e9e.<\/p>\n<p>Voir <a href=\"https:\/\/www.guides-sports-loisirs.ca\/projetespaces\/processus-gestion-parcs\/entretien-des-parcs\/\" target=\"_blank\" rel=\"noopener\">Entretien d\u2019un parc et de ses \u00e9quipements<\/a>.[\/vc_column_text][\/vc_accordion_tab][vc_accordion_tab title=\u00a0\u00bbLes changements climatiques, un d\u00e9fi r\u00e9el\u00a0\u00bb tab_id=\u00a0\u00bbfd3a82ec-5c3b-2&Prime;][vc_column_text]C\u2019est plus particuli\u00e8rement en hiver que les changements climatiques causent des maux de t\u00eate aux gestionnaires de parcs en raison de la difficult\u00e9 croissante d\u2019exploiter des patinoires ext\u00e9rieures et d\u2019autres installations destin\u00e9es aux activit\u00e9s hivernales en plein air. Brusques variations de temp\u00e9rature, recrudescence des \u00e9pisodes de redoux, r\u00e9duction de la p\u00e9riode de gel et d\u2019enneigement ont pour effet de limiter l\u2019exploitation de certaines installations.<\/p>\n<p>L\u2019am\u00e9nagement de surfaces permanentes pour les patinoires, l\u2019installation de toitures au-dessus des patinoires ou le recours aux glaces r\u00e9frig\u00e9r\u00e9es, m\u00eame s\u2019ils n\u00e9cessitent des investissements financiers importants, peuvent \u00eatre envisag\u00e9s comme des pistes de solutions pour favoriser la pratique d\u2019activit\u00e9s sur glace si ancr\u00e9es dans nos traditions. Mais les redoux et les pluies hivernales n\u2019en sont pas moins des obstacles \u00e0 la participation aux activit\u00e9s traditionnellement hivernales. La diversification des activit\u00e9s propos\u00e9es et l\u2019offre d\u2019une programmation ponctuelle compl\u00e9mentaire \u00e0 la programmation saisonni\u00e8re semblent \u00eatre des voies d\u2019avenir dans un contexte o\u00f9 le changement et l\u2019impr\u00e9visibilit\u00e9 sont de plus en plus \u00e0 l\u2019ordre du jour.[\/vc_column_text][\/vc_accordion_tab][\/vc_accordion][vc_empty_space empty_h=\u00a0\u00bb2&Prime;][vc_column_text]Novembre 2024[\/vc_column_text][\/vc_column][\/vc_row][vc_row row_height_percent=\u00a0\u00bb0&Prime; override_padding=\u00a0\u00bbyes\u00a0\u00bb h_padding=\u00a0\u00bb2&Prime; top_padding=\u00a0\u00bb2&Prime; bottom_padding=\u00a0\u00bb2&Prime; overlay_alpha=\u00a0\u00bb50&Prime; gutter_size=\u00a0\u00bb3&Prime; shift_y=\u00a0\u00bb0&Prime;][vc_column column_width_use_pixel=\u00a0\u00bbyes\u00a0\u00bb gutter_size=\u00a0\u00bb2&Prime; overlay_alpha=\u00a0\u00bb50&Prime; shift_x=\u00a0\u00bb0&Prime; shift_y=\u00a0\u00bb0&Prime; z_index=\u00a0\u00bb0&Prime; medium_width=\u00a0\u00bb0&Prime; width=\u00a0\u00bb1\/1&Prime; column_width_pixel=\u00a0\u00bb800&Prime;][vc_button button_color=\u00a0\u00bbaccent\u00a0\u00bb size=\u00a0\u00bbbtn-lg\u00a0\u00bb radius=\u00a0\u00bbbtn-circle\u00a0\u00bb border_width=\u00a0\u00bb0&Prime; icon_position=\u00a0\u00bbright\u00a0\u00bb link=\u00a0\u00bburl:https%3A%2F%2Fwww.guides-sports-loisirs.ca%2Fprojetespaces%2Fwp-content%2Fuploads%2Fsites%2F8%2F2024%2F11%2F3.8_CondSucces_ParcsOuvertsFrequentes.pdf||target:%20_blank|\u00a0\u00bb icon=\u00a0\u00bbfa fa-file-o\u00a0\u00bb]Version PDF[\/vc_button][\/vc_column][\/vc_row]<\/p>\n<\/div>","protected":false},"excerpt":{"rendered":"<p>[vc_row row_height_percent=\u00a0\u00bb0&Prime; override_padding=\u00a0\u00bbyes\u00a0\u00bb h_padding=\u00a0\u00bb2&Prime; top_padding=\u00a0\u00bb3&Prime; bottom_padding=\u00a0\u00bb2&Prime; overlay_alpha=\u00a0\u00bb50&Prime; gutter_size=\u00a0\u00bb3&Prime; shift_y=\u00a0\u00bb0&Prime;][vc_column column_width_use_pixel=\u00a0\u00bbyes\u00a0\u00bb gutter_size=\u00a0\u00bb3&Prime; overlay_alpha=\u00a0\u00bb50&Prime; shift_x=\u00a0\u00bb0&Prime; shift_y=\u00a0\u00bb0&Prime; z_index=\u00a0\u00bb0&Prime; medium_width=\u00a0\u00bb0&Prime; width=\u00a0\u00bb1\/1&Prime; column_width_pixel=\u00a0\u00bb800&Prime;][vc_column_text]De fa\u00e7on g\u00e9n\u00e9rale, [&hellip;]<\/p>\n","protected":false},"author":11,"featured_media":0,"parent":205,"menu_order":0,"comment_status":"closed","ping_status":"closed","template":"","meta":{"_acf_changed":false,"footnotes":""},"class_list":["post-681","page","type-page","status-publish","hentry"],"acf":[],"yoast_head":"<!-- This site is optimized with the Yoast SEO plugin v27.4 - https:\/\/yoast.com\/product\/yoast-seo-wordpress\/ -->\n<title>Des parcs ouverts et fr\u00e9quent\u00e9s toute l\u2019ann\u00e9e - Projet Espaces<\/title>\n<meta name=\"robots\" content=\"index, follow, max-snippet:-1, max-image-preview:large, max-video-preview:-1\" \/>\n<link rel=\"canonical\" href=\"https:\/\/www.guides-sports-loisirs.ca\/projetespaces\/conditions-succes\/parcs-ouverts-frequentes-toute-lannee\/\" \/>\n<meta property=\"og:locale\" content=\"fr_FR\" \/>\n<meta property=\"og:type\" content=\"article\" \/>\n<meta property=\"og:title\" content=\"Des parcs ouverts et fr\u00e9quent\u00e9s toute l\u2019ann\u00e9e - Projet Espaces\" \/>\n<meta property=\"og:description\" content=\"[vc_row row_height_percent=\u00a0\u00bb0&Prime; override_padding=\u00a0\u00bbyes\u00a0\u00bb h_padding=\u00a0\u00bb2&Prime; top_padding=\u00a0\u00bb3&Prime; bottom_padding=\u00a0\u00bb2&Prime; overlay_alpha=\u00a0\u00bb50&Prime; gutter_size=\u00a0\u00bb3&Prime; shift_y=\u00a0\u00bb0&Prime;][vc_column column_width_use_pixel=\u00a0\u00bbyes\u00a0\u00bb gutter_size=\u00a0\u00bb3&Prime; overlay_alpha=\u00a0\u00bb50&Prime; shift_x=\u00a0\u00bb0&Prime; shift_y=\u00a0\u00bb0&Prime; z_index=\u00a0\u00bb0&Prime; medium_width=\u00a0\u00bb0&Prime; width=\u00a0\u00bb1\/1&Prime; column_width_pixel=\u00a0\u00bb800&Prime;][vc_column_text]De fa\u00e7on g\u00e9n\u00e9rale, [&hellip;]\" \/>\n<meta property=\"og:url\" content=\"https:\/\/www.guides-sports-loisirs.ca\/projetespaces\/conditions-succes\/parcs-ouverts-frequentes-toute-lannee\/\" \/>\n<meta property=\"og:site_name\" content=\"Projet Espaces\" \/>\n<meta property=\"article:modified_time\" content=\"2024-11-06T16:35:24+00:00\" \/>\n<meta name=\"twitter:card\" content=\"summary_large_image\" \/>\n<meta name=\"twitter:label1\" content=\"Dur\u00e9e de lecture estim\u00e9e\" \/>\n\t<meta name=\"twitter:data1\" content=\"9 minutes\" \/>\n<script type=\"application\/ld+json\" class=\"yoast-schema-graph\">{\"@context\":\"https:\\\/\\\/schema.org\",\"@graph\":[{\"@type\":\"WebPage\",\"@id\":\"https:\\\/\\\/www.guides-sports-loisirs.ca\\\/projetespaces\\\/conditions-succes\\\/parcs-ouverts-frequentes-toute-lannee\\\/\",\"url\":\"https:\\\/\\\/www.guides-sports-loisirs.ca\\\/projetespaces\\\/conditions-succes\\\/parcs-ouverts-frequentes-toute-lannee\\\/\",\"name\":\"Des parcs ouverts et fr\u00e9quent\u00e9s toute l\u2019ann\u00e9e - Projet Espaces\",\"isPartOf\":{\"@id\":\"https:\\\/\\\/www.guides-sports-loisirs.ca\\\/projetespaces\\\/#website\"},\"datePublished\":\"2017-05-12T15:47:59+00:00\",\"dateModified\":\"2024-11-06T16:35:24+00:00\",\"breadcrumb\":{\"@id\":\"https:\\\/\\\/www.guides-sports-loisirs.ca\\\/projetespaces\\\/conditions-succes\\\/parcs-ouverts-frequentes-toute-lannee\\\/#breadcrumb\"},\"inLanguage\":\"fr-FR\",\"potentialAction\":[{\"@type\":\"ReadAction\",\"target\":[\"https:\\\/\\\/www.guides-sports-loisirs.ca\\\/projetespaces\\\/conditions-succes\\\/parcs-ouverts-frequentes-toute-lannee\\\/\"]}]},{\"@type\":\"BreadcrumbList\",\"@id\":\"https:\\\/\\\/www.guides-sports-loisirs.ca\\\/projetespaces\\\/conditions-succes\\\/parcs-ouverts-frequentes-toute-lannee\\\/#breadcrumb\",\"itemListElement\":[{\"@type\":\"ListItem\",\"position\":1,\"name\":\"Accueil\",\"item\":\"https:\\\/\\\/www.guides-sports-loisirs.ca\\\/projetespaces\\\/\"},{\"@type\":\"ListItem\",\"position\":2,\"name\":\"Conditions de succ\u00e8s\",\"item\":\"https:\\\/\\\/www.guides-sports-loisirs.ca\\\/projetespaces\\\/conditions-succes\\\/\"},{\"@type\":\"ListItem\",\"position\":3,\"name\":\"Des parcs ouverts et fr\u00e9quent\u00e9s toute l\u2019ann\u00e9e\"}]},{\"@type\":\"WebSite\",\"@id\":\"https:\\\/\\\/www.guides-sports-loisirs.ca\\\/projetespaces\\\/#website\",\"url\":\"https:\\\/\\\/www.guides-sports-loisirs.ca\\\/projetespaces\\\/\",\"name\":\"Projet Espaces\",\"description\":\"\",\"potentialAction\":[{\"@type\":\"SearchAction\",\"target\":{\"@type\":\"EntryPoint\",\"urlTemplate\":\"https:\\\/\\\/www.guides-sports-loisirs.ca\\\/projetespaces\\\/?s={search_term_string}\"},\"query-input\":{\"@type\":\"PropertyValueSpecification\",\"valueRequired\":true,\"valueName\":\"search_term_string\"}}],\"inLanguage\":\"fr-FR\"}]}<\/script>\n<!-- \/ Yoast SEO plugin. -->","yoast_head_json":{"title":"Des parcs ouverts et fr\u00e9quent\u00e9s toute l\u2019ann\u00e9e - Projet Espaces","robots":{"index":"index","follow":"follow","max-snippet":"max-snippet:-1","max-image-preview":"max-image-preview:large","max-video-preview":"max-video-preview:-1"},"canonical":"https:\/\/www.guides-sports-loisirs.ca\/projetespaces\/conditions-succes\/parcs-ouverts-frequentes-toute-lannee\/","og_locale":"fr_FR","og_type":"article","og_title":"Des parcs ouverts et fr\u00e9quent\u00e9s toute l\u2019ann\u00e9e - Projet Espaces","og_description":"[vc_row row_height_percent=\u00a0\u00bb0&Prime; override_padding=\u00a0\u00bbyes\u00a0\u00bb h_padding=\u00a0\u00bb2&Prime; top_padding=\u00a0\u00bb3&Prime; bottom_padding=\u00a0\u00bb2&Prime; overlay_alpha=\u00a0\u00bb50&Prime; gutter_size=\u00a0\u00bb3&Prime; shift_y=\u00a0\u00bb0&Prime;][vc_column column_width_use_pixel=\u00a0\u00bbyes\u00a0\u00bb gutter_size=\u00a0\u00bb3&Prime; overlay_alpha=\u00a0\u00bb50&Prime; shift_x=\u00a0\u00bb0&Prime; shift_y=\u00a0\u00bb0&Prime; z_index=\u00a0\u00bb0&Prime; medium_width=\u00a0\u00bb0&Prime; width=\u00a0\u00bb1\/1&Prime; column_width_pixel=\u00a0\u00bb800&Prime;][vc_column_text]De fa\u00e7on g\u00e9n\u00e9rale, [&hellip;]","og_url":"https:\/\/www.guides-sports-loisirs.ca\/projetespaces\/conditions-succes\/parcs-ouverts-frequentes-toute-lannee\/","og_site_name":"Projet Espaces","article_modified_time":"2024-11-06T16:35:24+00:00","twitter_card":"summary_large_image","twitter_misc":{"Dur\u00e9e de lecture estim\u00e9e":"9 minutes"},"schema":{"@context":"https:\/\/schema.org","@graph":[{"@type":"WebPage","@id":"https:\/\/www.guides-sports-loisirs.ca\/projetespaces\/conditions-succes\/parcs-ouverts-frequentes-toute-lannee\/","url":"https:\/\/www.guides-sports-loisirs.ca\/projetespaces\/conditions-succes\/parcs-ouverts-frequentes-toute-lannee\/","name":"Des parcs ouverts et fr\u00e9quent\u00e9s toute l\u2019ann\u00e9e - Projet Espaces","isPartOf":{"@id":"https:\/\/www.guides-sports-loisirs.ca\/projetespaces\/#website"},"datePublished":"2017-05-12T15:47:59+00:00","dateModified":"2024-11-06T16:35:24+00:00","breadcrumb":{"@id":"https:\/\/www.guides-sports-loisirs.ca\/projetespaces\/conditions-succes\/parcs-ouverts-frequentes-toute-lannee\/#breadcrumb"},"inLanguage":"fr-FR","potentialAction":[{"@type":"ReadAction","target":["https:\/\/www.guides-sports-loisirs.ca\/projetespaces\/conditions-succes\/parcs-ouverts-frequentes-toute-lannee\/"]}]},{"@type":"BreadcrumbList","@id":"https:\/\/www.guides-sports-loisirs.ca\/projetespaces\/conditions-succes\/parcs-ouverts-frequentes-toute-lannee\/#breadcrumb","itemListElement":[{"@type":"ListItem","position":1,"name":"Accueil","item":"https:\/\/www.guides-sports-loisirs.ca\/projetespaces\/"},{"@type":"ListItem","position":2,"name":"Conditions de succ\u00e8s","item":"https:\/\/www.guides-sports-loisirs.ca\/projetespaces\/conditions-succes\/"},{"@type":"ListItem","position":3,"name":"Des parcs ouverts et fr\u00e9quent\u00e9s toute l\u2019ann\u00e9e"}]},{"@type":"WebSite","@id":"https:\/\/www.guides-sports-loisirs.ca\/projetespaces\/#website","url":"https:\/\/www.guides-sports-loisirs.ca\/projetespaces\/","name":"Projet Espaces","description":"","potentialAction":[{"@type":"SearchAction","target":{"@type":"EntryPoint","urlTemplate":"https:\/\/www.guides-sports-loisirs.ca\/projetespaces\/?s={search_term_string}"},"query-input":{"@type":"PropertyValueSpecification","valueRequired":true,"valueName":"search_term_string"}}],"inLanguage":"fr-FR"}]}},"_links":{"self":[{"href":"https:\/\/www.guides-sports-loisirs.ca\/projetespaces\/wp-json\/wp\/v2\/pages\/681","targetHints":{"allow":["GET"]}}],"collection":[{"href":"https:\/\/www.guides-sports-loisirs.ca\/projetespaces\/wp-json\/wp\/v2\/pages"}],"about":[{"href":"https:\/\/www.guides-sports-loisirs.ca\/projetespaces\/wp-json\/wp\/v2\/types\/page"}],"author":[{"embeddable":true,"href":"https:\/\/www.guides-sports-loisirs.ca\/projetespaces\/wp-json\/wp\/v2\/users\/11"}],"replies":[{"embeddable":true,"href":"https:\/\/www.guides-sports-loisirs.ca\/projetespaces\/wp-json\/wp\/v2\/comments?post=681"}],"version-history":[{"count":9,"href":"https:\/\/www.guides-sports-loisirs.ca\/projetespaces\/wp-json\/wp\/v2\/pages\/681\/revisions"}],"predecessor-version":[{"id":2352,"href":"https:\/\/www.guides-sports-loisirs.ca\/projetespaces\/wp-json\/wp\/v2\/pages\/681\/revisions\/2352"}],"up":[{"embeddable":true,"href":"https:\/\/www.guides-sports-loisirs.ca\/projetespaces\/wp-json\/wp\/v2\/pages\/205"}],"wp:attachment":[{"href":"https:\/\/www.guides-sports-loisirs.ca\/projetespaces\/wp-json\/wp\/v2\/media?parent=681"}],"curies":[{"name":"wp","href":"https:\/\/api.w.org\/{rel}","templated":true}]}}