{"id":406,"date":"2017-05-12T12:22:58","date_gmt":"2017-05-12T16:22:58","guid":{"rendered":"https:\/\/www.guides-sports-loisirs.ca\/projetespaces\/?page_id=406"},"modified":"2024-11-06T11:42:23","modified_gmt":"2024-11-06T16:42:23","slug":"parc-voisinage","status":"publish","type":"page","link":"https:\/\/www.guides-sports-loisirs.ca\/projetespaces\/typologie-des-parcs\/parc-voisinage\/","title":{"rendered":"Le parc de voisinage"},"content":{"rendered":"<div class=\"wpb-content-wrapper\"><p>[vc_row row_height_percent=\u00a0\u00bb0&Prime; override_padding=\u00a0\u00bbyes\u00a0\u00bb h_padding=\u00a0\u00bb2&Prime; top_padding=\u00a0\u00bb3&Prime; bottom_padding=\u00a0\u00bb2&Prime; overlay_alpha=\u00a0\u00bb50&Prime; gutter_size=\u00a0\u00bb3&Prime; shift_y=\u00a0\u00bb0&Prime;][vc_column column_width_use_pixel=\u00a0\u00bbyes\u00a0\u00bb gutter_size=\u00a0\u00bb3&Prime; overlay_alpha=\u00a0\u00bb50&Prime; shift_x=\u00a0\u00bb0&Prime; shift_y=\u00a0\u00bb0&Prime; z_index=\u00a0\u00bb0&Prime; medium_width=\u00a0\u00bb0&Prime; width=\u00a0\u00bb1\/1&Prime; column_width_pixel=\u00a0\u00bb800&Prime;][vc_column_text]Ce type de parc est destin\u00e9 aux habitants r\u00e9sidant \u00e0 proximit\u00e9 et s\u2019av\u00e8re une ressource importante dans les localit\u00e9s o\u00f9 la densit\u00e9 est forte. Il r\u00e9pond \u00e0 des besoins de proximit\u00e9, est souvent bois\u00e9 ou paysager, et est pourvu d\u2019\u00e9quipements permettant le jeu et la d\u00e9tente. Il est accessible \u00e0 distance de marche. Il favorise les rencontres de voisinage et les loisirs non structur\u00e9s, refl\u00e9tant les caract\u00e9ristiques de la population environnante.<\/p>\n<h3>Accessibilit\u00e9<\/h3>\n<ul>\n<li>Le parc de voisinage devrait \u00eatre accessible \u00e0 un environnement plus grand que sa superficie. On parle d\u2019un rayon d\u2019accessibilit\u00e9 allant jusqu\u2019\u00e0 800 m\u00e8tres, la moyenne \u00e9tant habituellement de 400 m\u00e8tres.<\/li>\n<li>Il devrait \u00eatre visible depuis les rues avoisinantes.<\/li>\n<li>Il devrait \u00eatre accessible \u00e0 distance de marche.<\/li>\n<li>Afin d\u2019avoir un parc accessible et s\u00e9curitaire, le territoire limitrophe ne devrait pas \u00eatre morcel\u00e9 par des obstacles (cours d\u2019eau, chemins de fer, voies de circulation, murs ou cl\u00f4tures, etc.); si c\u2019est le cas, on facilitera l\u2019acc\u00e8s par divers moyens : tunnels, ponts, voies p\u00e9destres ou cyclables, etc.<\/li>\n<\/ul>\n<h3>Taille<\/h3>\n<p>La superficie peut varier de 3000 m<sup>2<\/sup> \u00e0 10 000 m<sup>2<\/sup>, la moyenne \u00e9tant de 5 000 m<sup>2<\/sup>.<\/p>\n<h3>Zones<\/h3>\n<p>Le parc de voisinage doit offrir des espaces de jeu sp\u00e9cifiques prioritairement pour la petite enfance (0-5 ans), mais selon les besoins ou l\u2019espace, on peut y ajouter des \u00e9quipements pour les 5-12 ans. Certains \u00e9quipements et zones pourront servir \u00e0 plusieurs groupes d\u2019\u00e2ge, par exemple les zones d\u2019\u00e9l\u00e9ments naturels, de jeu calme et de rencontre, de sable.<\/p>\n<p>Au sujet des zones, voir la fiche <a href=\"https:\/\/www.guides-sports-loisirs.ca\/projetespaces\/espaces-jeu-enfants\/approche-zones\/\"><em>Am\u00e9nagement de parc : les incontournables<\/em>.<\/a>[\/vc_column_text][vc_column_text]Novembre 2024[\/vc_column_text][\/vc_column][\/vc_row][vc_row row_height_percent=\u00a0\u00bb0&Prime; override_padding=\u00a0\u00bbyes\u00a0\u00bb h_padding=\u00a0\u00bb2&Prime; top_padding=\u00a0\u00bb2&Prime; bottom_padding=\u00a0\u00bb2&Prime; overlay_alpha=\u00a0\u00bb50&Prime; gutter_size=\u00a0\u00bb3&Prime; shift_y=\u00a0\u00bb0&Prime;][vc_column column_width_use_pixel=\u00a0\u00bbyes\u00a0\u00bb gutter_size=\u00a0\u00bb2&Prime; overlay_alpha=\u00a0\u00bb50&Prime; shift_x=\u00a0\u00bb0&Prime; shift_y=\u00a0\u00bb0&Prime; z_index=\u00a0\u00bb0&Prime; medium_width=\u00a0\u00bb0&Prime; width=\u00a0\u00bb1\/1&Prime; column_width_pixel=\u00a0\u00bb800&Prime;][vc_button button_color=\u00a0\u00bbaccent\u00a0\u00bb size=\u00a0\u00bbbtn-lg\u00a0\u00bb radius=\u00a0\u00bbbtn-circle\u00a0\u00bb border_width=\u00a0\u00bb0&Prime; icon_position=\u00a0\u00bbright\u00a0\u00bb link=\u00a0\u00bburl:https%3A%2F%2Fwww.guides-sports-loisirs.ca%2Fprojetespaces%2Fwp-content%2Fuploads%2Fsites%2F8%2F2024%2F11%2F4.1_TypoParcs_ParcDeVoisinage.pdf||target:%20_blank|\u00a0\u00bb icon=\u00a0\u00bbfa fa-file-o\u00a0\u00bb]Version PDF[\/vc_button][\/vc_column][\/vc_row]<\/p>\n<\/div>","protected":false},"excerpt":{"rendered":"<p>[vc_row row_height_percent=\u00a0\u00bb0&Prime; override_padding=\u00a0\u00bbyes\u00a0\u00bb h_padding=\u00a0\u00bb2&Prime; top_padding=\u00a0\u00bb3&Prime; bottom_padding=\u00a0\u00bb2&Prime; overlay_alpha=\u00a0\u00bb50&Prime; gutter_size=\u00a0\u00bb3&Prime; shift_y=\u00a0\u00bb0&Prime;][vc_column column_width_use_pixel=\u00a0\u00bbyes\u00a0\u00bb gutter_size=\u00a0\u00bb3&Prime; overlay_alpha=\u00a0\u00bb50&Prime; shift_x=\u00a0\u00bb0&Prime; shift_y=\u00a0\u00bb0&Prime; z_index=\u00a0\u00bb0&Prime; medium_width=\u00a0\u00bb0&Prime; width=\u00a0\u00bb1\/1&Prime; column_width_pixel=\u00a0\u00bb800&Prime;][vc_column_text]Ce type de [&hellip;]<\/p>\n","protected":false},"author":11,"featured_media":0,"parent":271,"menu_order":0,"comment_status":"closed","ping_status":"closed","template":"","meta":{"_acf_changed":false,"footnotes":""},"class_list":["post-406","page","type-page","status-publish","hentry"],"acf":[],"yoast_head":"<!-- This site is optimized with the Yoast SEO plugin v27.4 - https:\/\/yoast.com\/product\/yoast-seo-wordpress\/ -->\n<title>Le parc de voisinage - Projet Espaces<\/title>\n<meta name=\"robots\" content=\"index, follow, max-snippet:-1, max-image-preview:large, max-video-preview:-1\" \/>\n<link rel=\"canonical\" href=\"https:\/\/www.guides-sports-loisirs.ca\/projetespaces\/typologie-des-parcs\/parc-voisinage\/\" \/>\n<meta property=\"og:locale\" content=\"fr_FR\" \/>\n<meta property=\"og:type\" content=\"article\" \/>\n<meta property=\"og:title\" content=\"Le parc de voisinage - Projet Espaces\" \/>\n<meta property=\"og:description\" content=\"[vc_row row_height_percent=\u00a0\u00bb0&Prime; override_padding=\u00a0\u00bbyes\u00a0\u00bb h_padding=\u00a0\u00bb2&Prime; top_padding=\u00a0\u00bb3&Prime; bottom_padding=\u00a0\u00bb2&Prime; overlay_alpha=\u00a0\u00bb50&Prime; gutter_size=\u00a0\u00bb3&Prime; shift_y=\u00a0\u00bb0&Prime;][vc_column column_width_use_pixel=\u00a0\u00bbyes\u00a0\u00bb gutter_size=\u00a0\u00bb3&Prime; overlay_alpha=\u00a0\u00bb50&Prime; shift_x=\u00a0\u00bb0&Prime; shift_y=\u00a0\u00bb0&Prime; z_index=\u00a0\u00bb0&Prime; medium_width=\u00a0\u00bb0&Prime; width=\u00a0\u00bb1\/1&Prime; column_width_pixel=\u00a0\u00bb800&Prime;][vc_column_text]Ce type de [&hellip;]\" \/>\n<meta property=\"og:url\" content=\"https:\/\/www.guides-sports-loisirs.ca\/projetespaces\/typologie-des-parcs\/parc-voisinage\/\" \/>\n<meta property=\"og:site_name\" content=\"Projet Espaces\" \/>\n<meta property=\"article:modified_time\" content=\"2024-11-06T16:42:23+00:00\" \/>\n<meta name=\"twitter:card\" content=\"summary_large_image\" \/>\n<meta name=\"twitter:label1\" content=\"Dur\u00e9e de lecture estim\u00e9e\" \/>\n\t<meta name=\"twitter:data1\" content=\"2 minutes\" \/>\n<script type=\"application\/ld+json\" class=\"yoast-schema-graph\">{\"@context\":\"https:\\\/\\\/schema.org\",\"@graph\":[{\"@type\":\"WebPage\",\"@id\":\"https:\\\/\\\/www.guides-sports-loisirs.ca\\\/projetespaces\\\/typologie-des-parcs\\\/parc-voisinage\\\/\",\"url\":\"https:\\\/\\\/www.guides-sports-loisirs.ca\\\/projetespaces\\\/typologie-des-parcs\\\/parc-voisinage\\\/\",\"name\":\"Le parc de voisinage - Projet Espaces\",\"isPartOf\":{\"@id\":\"https:\\\/\\\/www.guides-sports-loisirs.ca\\\/projetespaces\\\/#website\"},\"datePublished\":\"2017-05-12T16:22:58+00:00\",\"dateModified\":\"2024-11-06T16:42:23+00:00\",\"breadcrumb\":{\"@id\":\"https:\\\/\\\/www.guides-sports-loisirs.ca\\\/projetespaces\\\/typologie-des-parcs\\\/parc-voisinage\\\/#breadcrumb\"},\"inLanguage\":\"fr-FR\",\"potentialAction\":[{\"@type\":\"ReadAction\",\"target\":[\"https:\\\/\\\/www.guides-sports-loisirs.ca\\\/projetespaces\\\/typologie-des-parcs\\\/parc-voisinage\\\/\"]}]},{\"@type\":\"BreadcrumbList\",\"@id\":\"https:\\\/\\\/www.guides-sports-loisirs.ca\\\/projetespaces\\\/typologie-des-parcs\\\/parc-voisinage\\\/#breadcrumb\",\"itemListElement\":[{\"@type\":\"ListItem\",\"position\":1,\"name\":\"Accueil\",\"item\":\"https:\\\/\\\/www.guides-sports-loisirs.ca\\\/projetespaces\\\/\"},{\"@type\":\"ListItem\",\"position\":2,\"name\":\"Typologie des parcs\",\"item\":\"https:\\\/\\\/www.guides-sports-loisirs.ca\\\/projetespaces\\\/typologie-des-parcs\\\/\"},{\"@type\":\"ListItem\",\"position\":3,\"name\":\"Le parc de voisinage\"}]},{\"@type\":\"WebSite\",\"@id\":\"https:\\\/\\\/www.guides-sports-loisirs.ca\\\/projetespaces\\\/#website\",\"url\":\"https:\\\/\\\/www.guides-sports-loisirs.ca\\\/projetespaces\\\/\",\"name\":\"Projet Espaces\",\"description\":\"\",\"potentialAction\":[{\"@type\":\"SearchAction\",\"target\":{\"@type\":\"EntryPoint\",\"urlTemplate\":\"https:\\\/\\\/www.guides-sports-loisirs.ca\\\/projetespaces\\\/?s={search_term_string}\"},\"query-input\":{\"@type\":\"PropertyValueSpecification\",\"valueRequired\":true,\"valueName\":\"search_term_string\"}}],\"inLanguage\":\"fr-FR\"}]}<\/script>\n<!-- \/ Yoast SEO plugin. -->","yoast_head_json":{"title":"Le parc de voisinage - Projet Espaces","robots":{"index":"index","follow":"follow","max-snippet":"max-snippet:-1","max-image-preview":"max-image-preview:large","max-video-preview":"max-video-preview:-1"},"canonical":"https:\/\/www.guides-sports-loisirs.ca\/projetespaces\/typologie-des-parcs\/parc-voisinage\/","og_locale":"fr_FR","og_type":"article","og_title":"Le parc de voisinage - Projet Espaces","og_description":"[vc_row row_height_percent=\u00a0\u00bb0&Prime; override_padding=\u00a0\u00bbyes\u00a0\u00bb h_padding=\u00a0\u00bb2&Prime; top_padding=\u00a0\u00bb3&Prime; bottom_padding=\u00a0\u00bb2&Prime; overlay_alpha=\u00a0\u00bb50&Prime; gutter_size=\u00a0\u00bb3&Prime; shift_y=\u00a0\u00bb0&Prime;][vc_column column_width_use_pixel=\u00a0\u00bbyes\u00a0\u00bb gutter_size=\u00a0\u00bb3&Prime; overlay_alpha=\u00a0\u00bb50&Prime; shift_x=\u00a0\u00bb0&Prime; shift_y=\u00a0\u00bb0&Prime; z_index=\u00a0\u00bb0&Prime; medium_width=\u00a0\u00bb0&Prime; width=\u00a0\u00bb1\/1&Prime; column_width_pixel=\u00a0\u00bb800&Prime;][vc_column_text]Ce type de [&hellip;]","og_url":"https:\/\/www.guides-sports-loisirs.ca\/projetespaces\/typologie-des-parcs\/parc-voisinage\/","og_site_name":"Projet Espaces","article_modified_time":"2024-11-06T16:42:23+00:00","twitter_card":"summary_large_image","twitter_misc":{"Dur\u00e9e de lecture estim\u00e9e":"2 minutes"},"schema":{"@context":"https:\/\/schema.org","@graph":[{"@type":"WebPage","@id":"https:\/\/www.guides-sports-loisirs.ca\/projetespaces\/typologie-des-parcs\/parc-voisinage\/","url":"https:\/\/www.guides-sports-loisirs.ca\/projetespaces\/typologie-des-parcs\/parc-voisinage\/","name":"Le parc de voisinage - Projet Espaces","isPartOf":{"@id":"https:\/\/www.guides-sports-loisirs.ca\/projetespaces\/#website"},"datePublished":"2017-05-12T16:22:58+00:00","dateModified":"2024-11-06T16:42:23+00:00","breadcrumb":{"@id":"https:\/\/www.guides-sports-loisirs.ca\/projetespaces\/typologie-des-parcs\/parc-voisinage\/#breadcrumb"},"inLanguage":"fr-FR","potentialAction":[{"@type":"ReadAction","target":["https:\/\/www.guides-sports-loisirs.ca\/projetespaces\/typologie-des-parcs\/parc-voisinage\/"]}]},{"@type":"BreadcrumbList","@id":"https:\/\/www.guides-sports-loisirs.ca\/projetespaces\/typologie-des-parcs\/parc-voisinage\/#breadcrumb","itemListElement":[{"@type":"ListItem","position":1,"name":"Accueil","item":"https:\/\/www.guides-sports-loisirs.ca\/projetespaces\/"},{"@type":"ListItem","position":2,"name":"Typologie des parcs","item":"https:\/\/www.guides-sports-loisirs.ca\/projetespaces\/typologie-des-parcs\/"},{"@type":"ListItem","position":3,"name":"Le parc de voisinage"}]},{"@type":"WebSite","@id":"https:\/\/www.guides-sports-loisirs.ca\/projetespaces\/#website","url":"https:\/\/www.guides-sports-loisirs.ca\/projetespaces\/","name":"Projet Espaces","description":"","potentialAction":[{"@type":"SearchAction","target":{"@type":"EntryPoint","urlTemplate":"https:\/\/www.guides-sports-loisirs.ca\/projetespaces\/?s={search_term_string}"},"query-input":{"@type":"PropertyValueSpecification","valueRequired":true,"valueName":"search_term_string"}}],"inLanguage":"fr-FR"}]}},"_links":{"self":[{"href":"https:\/\/www.guides-sports-loisirs.ca\/projetespaces\/wp-json\/wp\/v2\/pages\/406","targetHints":{"allow":["GET"]}}],"collection":[{"href":"https:\/\/www.guides-sports-loisirs.ca\/projetespaces\/wp-json\/wp\/v2\/pages"}],"about":[{"href":"https:\/\/www.guides-sports-loisirs.ca\/projetespaces\/wp-json\/wp\/v2\/types\/page"}],"author":[{"embeddable":true,"href":"https:\/\/www.guides-sports-loisirs.ca\/projetespaces\/wp-json\/wp\/v2\/users\/11"}],"replies":[{"embeddable":true,"href":"https:\/\/www.guides-sports-loisirs.ca\/projetespaces\/wp-json\/wp\/v2\/comments?post=406"}],"version-history":[{"count":25,"href":"https:\/\/www.guides-sports-loisirs.ca\/projetespaces\/wp-json\/wp\/v2\/pages\/406\/revisions"}],"predecessor-version":[{"id":2353,"href":"https:\/\/www.guides-sports-loisirs.ca\/projetespaces\/wp-json\/wp\/v2\/pages\/406\/revisions\/2353"}],"up":[{"embeddable":true,"href":"https:\/\/www.guides-sports-loisirs.ca\/projetespaces\/wp-json\/wp\/v2\/pages\/271"}],"wp:attachment":[{"href":"https:\/\/www.guides-sports-loisirs.ca\/projetespaces\/wp-json\/wp\/v2\/media?parent=406"}],"curies":[{"name":"wp","href":"https:\/\/api.w.org\/{rel}","templated":true}]}}