{"id":396,"date":"2017-05-12T11:56:29","date_gmt":"2017-05-12T15:56:29","guid":{"rendered":"https:\/\/www.guides-sports-loisirs.ca\/projetespaces\/?page_id=396"},"modified":"2024-11-06T10:35:57","modified_gmt":"2024-11-06T15:35:57","slug":"engagement-politique","status":"publish","type":"page","link":"https:\/\/www.guides-sports-loisirs.ca\/projetespaces\/conditions-succes\/engagement-politique\/","title":{"rendered":"L\u2019engagement politique"},"content":{"rendered":"<div class=\"wpb-content-wrapper\"><p>[vc_row row_height_percent=\u00a0\u00bb0&Prime; override_padding=\u00a0\u00bbyes\u00a0\u00bb h_padding=\u00a0\u00bb2&Prime; top_padding=\u00a0\u00bb3&Prime; bottom_padding=\u00a0\u00bb2&Prime; overlay_alpha=\u00a0\u00bb50&Prime; gutter_size=\u00a0\u00bb3&Prime; shift_y=\u00a0\u00bb0&Prime;][vc_column column_width_use_pixel=\u00a0\u00bbyes\u00a0\u00bb gutter_size=\u00a0\u00bb3&Prime; overlay_alpha=\u00a0\u00bb50&Prime; shift_x=\u00a0\u00bb0&Prime; shift_y=\u00a0\u00bb0&Prime; z_index=\u00a0\u00bb0&Prime; medium_width=\u00a0\u00bb0&Prime; width=\u00a0\u00bb1\/1&Prime; column_width_pixel=\u00a0\u00bb800&Prime;][vc_column_text]\u00c9voquer l\u2019engagement politique \u00e0 l\u2019\u00e9gard des parcs publics et des espaces de jeu, c\u2019est faire r\u00e9f\u00e9rence essentiellement au r\u00f4le des \u00e9lus. Bien entendu, il leur appartient de fixer les grandes orientations, et d\u2019adopter les plans d\u2019action et budgets appropri\u00e9s, mais leur engagement devrait aller au-del\u00e0 de ces responsabilit\u00e9s en vertu m\u00eame de leur fonction de repr\u00e9sentation de la population.<\/p>\n<p>Sans pour autant qu\u2019ils interviennent dans la gestion quotidienne et l\u2019administration des parcs, il est souhaitable qu\u2019ils se pr\u00e9occupent r\u00e9guli\u00e8rement de l\u2019ad\u00e9quation de l\u2019offre de service aux besoins de la population, lesquels peuvent changer ou \u00e9voluer.<\/p>\n<p>Voici quelques facettes de cet engagement politique\u00a0:<\/p>\n<ul>\n<li>Les \u00e9lus peuvent \u00eatre appel\u00e9s \u00e0 adopter une politique sur les parcs, mais cette politique peut \u00eatre int\u00e9gr\u00e9e \u00e0 un plan plus global (plan d\u2019am\u00e9nagement, plan d\u2019urbanisme, plan sur l\u2019environnement, politique familiale, etc.).<\/li>\n<li>Les \u00e9lus ont un r\u00f4le majeur \u00e0 jouer dans l\u2019\u00e9laboration de la vision \u00e0 long terme qui devrait pr\u00e9sider \u00e0 la planification d\u2019un r\u00e9seau de parcs.<\/li>\n<li>Parce que les parcs publics sont un lieu de vie communautaire, les \u00e9lus devraient favoriser la participation publique \u00e0 toute d\u00e9marche de planification des parcs.<\/li>\n<li>Les demandes des citoyens sont \u00e0 examiner avec discernement. Souvent, ce sont des demandes qui proviennent de groupes organis\u00e9s, int\u00e9ress\u00e9s \u00e0 des disciplines pr\u00e9cises. Les \u00e9lus devraient \u00eatre en mesure de faire la part des choses face \u00e0 ces demandes, surtout en mettant dans la balance les besoins plus g\u00e9n\u00e9raux \u2013 et la plupart du temps moins \u00ab\u00a0sp\u00e9cialis\u00e9s\u00a0\u00bb \u2013 de la communaut\u00e9.<\/li>\n<\/ul>\n<p>La cr\u00e9ation ou le r\u00e9am\u00e9nagement de parcs en fonction des besoins particuliers des enfants, notamment le besoin d\u2019espaces de jeu libre, devrait s\u2019appuyer sur une volont\u00e9 politique. Et cette volont\u00e9 sera maintenue pour que les parcs atteignent leurs objectifs de fr\u00e9quentation et de satisfaction populaire.<\/p>\n<p>Pour en savoir davantage sur le r\u00f4le des \u00e9lus \u00e0 l\u2019\u00e9gard des parcs publics, voir Les r\u00f4les de chacun dans la section sur le processus de gestion.<\/p>\n<p>&nbsp;<\/p>\n<p>Novembre 2018[\/vc_column_text][\/vc_column][\/vc_row][vc_row row_height_percent=\u00a0\u00bb0&Prime; override_padding=\u00a0\u00bbyes\u00a0\u00bb h_padding=\u00a0\u00bb2&Prime; top_padding=\u00a0\u00bb2&Prime; bottom_padding=\u00a0\u00bb2&Prime; overlay_alpha=\u00a0\u00bb50&Prime; gutter_size=\u00a0\u00bb3&Prime; shift_y=\u00a0\u00bb0&Prime;][vc_column column_width_use_pixel=\u00a0\u00bbyes\u00a0\u00bb gutter_size=\u00a0\u00bb2&Prime; overlay_alpha=\u00a0\u00bb50&Prime; shift_x=\u00a0\u00bb0&Prime; shift_y=\u00a0\u00bb0&Prime; z_index=\u00a0\u00bb0&Prime; medium_width=\u00a0\u00bb0&Prime; width=\u00a0\u00bb1\/1&Prime; column_width_pixel=\u00a0\u00bb800&Prime;][vc_button button_color=\u00a0\u00bbaccent\u00a0\u00bb size=\u00a0\u00bbbtn-lg\u00a0\u00bb radius=\u00a0\u00bbbtn-circle\u00a0\u00bb border_width=\u00a0\u00bb0&Prime; icon_position=\u00a0\u00bbright\u00a0\u00bb link=\u00a0\u00bburl:https%3A%2F%2Fwww.guides-sports-loisirs.ca%2Fprojetespaces%2Fwp-content%2Fuploads%2Fsites%2F8%2F2024%2F11%2F3.4_CondSucces_EngagementPolitique.pdf||target:%20_blank|\u00a0\u00bb icon=\u00a0\u00bbfa fa-file-o\u00a0\u00bb]Version PDF[\/vc_button][\/vc_column][\/vc_row]<\/p>\n<\/div>","protected":false},"excerpt":{"rendered":"<p>[vc_row row_height_percent=\u00a0\u00bb0&Prime; override_padding=\u00a0\u00bbyes\u00a0\u00bb h_padding=\u00a0\u00bb2&Prime; top_padding=\u00a0\u00bb3&Prime; bottom_padding=\u00a0\u00bb2&Prime; overlay_alpha=\u00a0\u00bb50&Prime; gutter_size=\u00a0\u00bb3&Prime; shift_y=\u00a0\u00bb0&Prime;][vc_column column_width_use_pixel=\u00a0\u00bbyes\u00a0\u00bb gutter_size=\u00a0\u00bb3&Prime; overlay_alpha=\u00a0\u00bb50&Prime; shift_x=\u00a0\u00bb0&Prime; shift_y=\u00a0\u00bb0&Prime; z_index=\u00a0\u00bb0&Prime; medium_width=\u00a0\u00bb0&Prime; width=\u00a0\u00bb1\/1&Prime; column_width_pixel=\u00a0\u00bb800&Prime;][vc_column_text]\u00c9voquer l\u2019engagement politique [&hellip;]<\/p>\n","protected":false},"author":11,"featured_media":0,"parent":205,"menu_order":0,"comment_status":"closed","ping_status":"closed","template":"","meta":{"_acf_changed":false,"footnotes":""},"class_list":["post-396","page","type-page","status-publish","hentry"],"acf":[],"yoast_head":"<!-- This site is optimized with the Yoast SEO plugin v27.2 - https:\/\/yoast.com\/product\/yoast-seo-wordpress\/ -->\n<title>L\u2019engagement politique - Projet Espaces<\/title>\n<meta name=\"robots\" content=\"index, follow, max-snippet:-1, max-image-preview:large, max-video-preview:-1\" \/>\n<link rel=\"canonical\" href=\"https:\/\/www.guides-sports-loisirs.ca\/projetespaces\/conditions-succes\/engagement-politique\/\" \/>\n<meta property=\"og:locale\" content=\"fr_FR\" \/>\n<meta property=\"og:type\" content=\"article\" \/>\n<meta property=\"og:title\" content=\"L\u2019engagement politique - Projet Espaces\" \/>\n<meta property=\"og:description\" content=\"[vc_row row_height_percent=\u00a0\u00bb0&Prime; override_padding=\u00a0\u00bbyes\u00a0\u00bb h_padding=\u00a0\u00bb2&Prime; top_padding=\u00a0\u00bb3&Prime; bottom_padding=\u00a0\u00bb2&Prime; overlay_alpha=\u00a0\u00bb50&Prime; gutter_size=\u00a0\u00bb3&Prime; shift_y=\u00a0\u00bb0&Prime;][vc_column column_width_use_pixel=\u00a0\u00bbyes\u00a0\u00bb gutter_size=\u00a0\u00bb3&Prime; overlay_alpha=\u00a0\u00bb50&Prime; shift_x=\u00a0\u00bb0&Prime; shift_y=\u00a0\u00bb0&Prime; z_index=\u00a0\u00bb0&Prime; medium_width=\u00a0\u00bb0&Prime; width=\u00a0\u00bb1\/1&Prime; column_width_pixel=\u00a0\u00bb800&Prime;][vc_column_text]\u00c9voquer l\u2019engagement politique [&hellip;]\" \/>\n<meta property=\"og:url\" content=\"https:\/\/www.guides-sports-loisirs.ca\/projetespaces\/conditions-succes\/engagement-politique\/\" \/>\n<meta property=\"og:site_name\" content=\"Projet Espaces\" \/>\n<meta property=\"article:modified_time\" content=\"2024-11-06T15:35:57+00:00\" \/>\n<meta name=\"twitter:card\" content=\"summary_large_image\" \/>\n<meta name=\"twitter:label1\" content=\"Dur\u00e9e de lecture estim\u00e9e\" \/>\n\t<meta name=\"twitter:data1\" content=\"2 minutes\" \/>\n<script type=\"application\/ld+json\" class=\"yoast-schema-graph\">{\"@context\":\"https:\/\/schema.org\",\"@graph\":[{\"@type\":\"WebPage\",\"@id\":\"https:\/\/www.guides-sports-loisirs.ca\/projetespaces\/conditions-succes\/engagement-politique\/\",\"url\":\"https:\/\/www.guides-sports-loisirs.ca\/projetespaces\/conditions-succes\/engagement-politique\/\",\"name\":\"L\u2019engagement politique - Projet Espaces\",\"isPartOf\":{\"@id\":\"https:\/\/www.guides-sports-loisirs.ca\/projetespaces\/#website\"},\"datePublished\":\"2017-05-12T15:56:29+00:00\",\"dateModified\":\"2024-11-06T15:35:57+00:00\",\"breadcrumb\":{\"@id\":\"https:\/\/www.guides-sports-loisirs.ca\/projetespaces\/conditions-succes\/engagement-politique\/#breadcrumb\"},\"inLanguage\":\"fr-FR\",\"potentialAction\":[{\"@type\":\"ReadAction\",\"target\":[\"https:\/\/www.guides-sports-loisirs.ca\/projetespaces\/conditions-succes\/engagement-politique\/\"]}]},{\"@type\":\"BreadcrumbList\",\"@id\":\"https:\/\/www.guides-sports-loisirs.ca\/projetespaces\/conditions-succes\/engagement-politique\/#breadcrumb\",\"itemListElement\":[{\"@type\":\"ListItem\",\"position\":1,\"name\":\"Accueil\",\"item\":\"https:\/\/www.guides-sports-loisirs.ca\/projetespaces\/\"},{\"@type\":\"ListItem\",\"position\":2,\"name\":\"Conditions de succ\u00e8s\",\"item\":\"https:\/\/www.guides-sports-loisirs.ca\/projetespaces\/conditions-succes\/\"},{\"@type\":\"ListItem\",\"position\":3,\"name\":\"L\u2019engagement politique\"}]},{\"@type\":\"WebSite\",\"@id\":\"https:\/\/www.guides-sports-loisirs.ca\/projetespaces\/#website\",\"url\":\"https:\/\/www.guides-sports-loisirs.ca\/projetespaces\/\",\"name\":\"Projet Espaces\",\"description\":\"\",\"potentialAction\":[{\"@type\":\"SearchAction\",\"target\":{\"@type\":\"EntryPoint\",\"urlTemplate\":\"https:\/\/www.guides-sports-loisirs.ca\/projetespaces\/?s={search_term_string}\"},\"query-input\":{\"@type\":\"PropertyValueSpecification\",\"valueRequired\":true,\"valueName\":\"search_term_string\"}}],\"inLanguage\":\"fr-FR\"}]}<\/script>\n<!-- \/ Yoast SEO plugin. -->","yoast_head_json":{"title":"L\u2019engagement politique - Projet Espaces","robots":{"index":"index","follow":"follow","max-snippet":"max-snippet:-1","max-image-preview":"max-image-preview:large","max-video-preview":"max-video-preview:-1"},"canonical":"https:\/\/www.guides-sports-loisirs.ca\/projetespaces\/conditions-succes\/engagement-politique\/","og_locale":"fr_FR","og_type":"article","og_title":"L\u2019engagement politique - Projet Espaces","og_description":"[vc_row row_height_percent=\u00a0\u00bb0&Prime; override_padding=\u00a0\u00bbyes\u00a0\u00bb h_padding=\u00a0\u00bb2&Prime; top_padding=\u00a0\u00bb3&Prime; bottom_padding=\u00a0\u00bb2&Prime; overlay_alpha=\u00a0\u00bb50&Prime; gutter_size=\u00a0\u00bb3&Prime; shift_y=\u00a0\u00bb0&Prime;][vc_column column_width_use_pixel=\u00a0\u00bbyes\u00a0\u00bb gutter_size=\u00a0\u00bb3&Prime; overlay_alpha=\u00a0\u00bb50&Prime; shift_x=\u00a0\u00bb0&Prime; shift_y=\u00a0\u00bb0&Prime; z_index=\u00a0\u00bb0&Prime; medium_width=\u00a0\u00bb0&Prime; width=\u00a0\u00bb1\/1&Prime; column_width_pixel=\u00a0\u00bb800&Prime;][vc_column_text]\u00c9voquer l\u2019engagement politique [&hellip;]","og_url":"https:\/\/www.guides-sports-loisirs.ca\/projetespaces\/conditions-succes\/engagement-politique\/","og_site_name":"Projet Espaces","article_modified_time":"2024-11-06T15:35:57+00:00","twitter_card":"summary_large_image","twitter_misc":{"Dur\u00e9e de lecture estim\u00e9e":"2 minutes"},"schema":{"@context":"https:\/\/schema.org","@graph":[{"@type":"WebPage","@id":"https:\/\/www.guides-sports-loisirs.ca\/projetespaces\/conditions-succes\/engagement-politique\/","url":"https:\/\/www.guides-sports-loisirs.ca\/projetespaces\/conditions-succes\/engagement-politique\/","name":"L\u2019engagement politique - Projet Espaces","isPartOf":{"@id":"https:\/\/www.guides-sports-loisirs.ca\/projetespaces\/#website"},"datePublished":"2017-05-12T15:56:29+00:00","dateModified":"2024-11-06T15:35:57+00:00","breadcrumb":{"@id":"https:\/\/www.guides-sports-loisirs.ca\/projetespaces\/conditions-succes\/engagement-politique\/#breadcrumb"},"inLanguage":"fr-FR","potentialAction":[{"@type":"ReadAction","target":["https:\/\/www.guides-sports-loisirs.ca\/projetespaces\/conditions-succes\/engagement-politique\/"]}]},{"@type":"BreadcrumbList","@id":"https:\/\/www.guides-sports-loisirs.ca\/projetespaces\/conditions-succes\/engagement-politique\/#breadcrumb","itemListElement":[{"@type":"ListItem","position":1,"name":"Accueil","item":"https:\/\/www.guides-sports-loisirs.ca\/projetespaces\/"},{"@type":"ListItem","position":2,"name":"Conditions de succ\u00e8s","item":"https:\/\/www.guides-sports-loisirs.ca\/projetespaces\/conditions-succes\/"},{"@type":"ListItem","position":3,"name":"L\u2019engagement politique"}]},{"@type":"WebSite","@id":"https:\/\/www.guides-sports-loisirs.ca\/projetespaces\/#website","url":"https:\/\/www.guides-sports-loisirs.ca\/projetespaces\/","name":"Projet Espaces","description":"","potentialAction":[{"@type":"SearchAction","target":{"@type":"EntryPoint","urlTemplate":"https:\/\/www.guides-sports-loisirs.ca\/projetespaces\/?s={search_term_string}"},"query-input":{"@type":"PropertyValueSpecification","valueRequired":true,"valueName":"search_term_string"}}],"inLanguage":"fr-FR"}]}},"_links":{"self":[{"href":"https:\/\/www.guides-sports-loisirs.ca\/projetespaces\/wp-json\/wp\/v2\/pages\/396","targetHints":{"allow":["GET"]}}],"collection":[{"href":"https:\/\/www.guides-sports-loisirs.ca\/projetespaces\/wp-json\/wp\/v2\/pages"}],"about":[{"href":"https:\/\/www.guides-sports-loisirs.ca\/projetespaces\/wp-json\/wp\/v2\/types\/page"}],"author":[{"embeddable":true,"href":"https:\/\/www.guides-sports-loisirs.ca\/projetespaces\/wp-json\/wp\/v2\/users\/11"}],"replies":[{"embeddable":true,"href":"https:\/\/www.guides-sports-loisirs.ca\/projetespaces\/wp-json\/wp\/v2\/comments?post=396"}],"version-history":[{"count":12,"href":"https:\/\/www.guides-sports-loisirs.ca\/projetespaces\/wp-json\/wp\/v2\/pages\/396\/revisions"}],"predecessor-version":[{"id":2292,"href":"https:\/\/www.guides-sports-loisirs.ca\/projetespaces\/wp-json\/wp\/v2\/pages\/396\/revisions\/2292"}],"up":[{"embeddable":true,"href":"https:\/\/www.guides-sports-loisirs.ca\/projetespaces\/wp-json\/wp\/v2\/pages\/205"}],"wp:attachment":[{"href":"https:\/\/www.guides-sports-loisirs.ca\/projetespaces\/wp-json\/wp\/v2\/media?parent=396"}],"curies":[{"name":"wp","href":"https:\/\/api.w.org\/{rel}","templated":true}]}}