{"id":331,"date":"2017-05-12T09:58:52","date_gmt":"2017-05-12T13:58:52","guid":{"rendered":"https:\/\/www.guides-sports-loisirs.ca\/projetespaces\/?page_id=331"},"modified":"2024-12-11T15:46:41","modified_gmt":"2024-12-11T20:46:41","slug":"la-socialisation","status":"publish","type":"page","link":"https:\/\/www.guides-sports-loisirs.ca\/projetespaces\/valeurs-reference\/la-socialisation\/","title":{"rendered":"La socialisation"},"content":{"rendered":"<div class=\"wpb-content-wrapper\"><p>[vc_row row_height_percent=\u00a0\u00bb0&Prime; override_padding=\u00a0\u00bbyes\u00a0\u00bb h_padding=\u00a0\u00bb2&Prime; top_padding=\u00a0\u00bb2&Prime; bottom_padding=\u00a0\u00bb2&Prime; overlay_alpha=\u00a0\u00bb50&Prime; gutter_size=\u00a0\u00bb3&Prime; shift_y=\u00a0\u00bb0&Prime;][vc_column column_width_use_pixel=\u00a0\u00bbyes\u00a0\u00bb gutter_size=\u00a0\u00bb2&Prime; overlay_alpha=\u00a0\u00bb50&Prime; shift_x=\u00a0\u00bb0&Prime; shift_y=\u00a0\u00bb0&Prime; z_index=\u00a0\u00bb0&Prime; medium_width=\u00a0\u00bb0&Prime; width=\u00a0\u00bb1\/1&Prime; column_width_pixel=\u00a0\u00bb800&Prime;][vc_column_text]La socialisation est une valeur qui traduit l\u2019importance que l\u2019on accorde aux rapports harmonieux entre les personnes et \u00e0 ce que l\u2019on appelle le \u00ab\u00a0vivre ensemble\u00a0\u00bb. Elle est associ\u00e9e \u00e0 d\u2019autres valeurs comme le respect et le civisme, mais aussi le plaisir de la vie et des activit\u00e9s en groupe.<\/p>\n<p>Ainsi, le parc public est un lieu convivial de rencontres et de partage qui permet \u00e0 ses usagers de vivre des exp\u00e9riences sociales \u00e0 l\u2019enseigne du plaisir.<\/p>\n<p>L\u2019animation qu\u2019engendre une importante fr\u00e9quentation est d\u00e9j\u00e0 en soi un facteur de socialisation. En pr\u00e9sentant dans un parc des spectacles ou d\u2019autres \u00e9v\u00e8nements, ou encore en y organisant des f\u00eates populaires, on favorise davantage sa convivialit\u00e9 et le plaisir d\u2019\u00eatre en groupe dans sa communaut\u00e9.<\/p>\n<p>Chez l\u2019enfant, la socialisation est un facteur de d\u00e9veloppement majeur. Avec les autres, l\u2019enfant apprend non seulement \u00e0 reconna\u00eetre les diff\u00e9rences et \u00e0 les respecter, mais aussi \u00e0 prendre sa place, \u00e0 d\u00e9velopper sa personnalit\u00e9. Ce contact avec les autres, et particuli\u00e8rement les enfants de son \u00e2ge de provenances diverses, est fondamental.<\/p>\n<p>Les services de garde publics et l\u2019\u00e9cole ont d\u2019ailleurs une mission de socialisation des enfants, qui est d\u2019autant plus importante qu\u2019il y a de nos jours davantage d\u2019enfants uniques dans les familles et que le voisinage ne constitue plus le milieu de pr\u00e9dilection pour jouer librement. Le parc public peut lui aussi contribuer \u00e0 cette socialisation en se faisant lieu d\u2019\u00e9changes et de partage communautaire.<\/p>\n<p>Le parc public offre \u00e9galement aux personnes seules des possibilit\u00e9s de rencontres enrichissantes. \u00c0 cet \u00e9gard, il peut jouer un r\u00f4le pour combattre la d\u00e9tresse qui r\u00e9sulte de la solitude, tout particuli\u00e8rement chez les personnes \u00e2g\u00e9es.<\/p>\n<p>&nbsp;<\/p>\n<p>Novembre 2018[\/vc_column_text][\/vc_column][\/vc_row][vc_row row_height_percent=\u00a0\u00bb0&Prime; override_padding=\u00a0\u00bbyes\u00a0\u00bb h_padding=\u00a0\u00bb2&Prime; top_padding=\u00a0\u00bb2&Prime; bottom_padding=\u00a0\u00bb2&Prime; overlay_alpha=\u00a0\u00bb50&Prime; gutter_size=\u00a0\u00bb3&Prime; shift_y=\u00a0\u00bb0&Prime;][vc_column column_width_use_pixel=\u00a0\u00bbyes\u00a0\u00bb gutter_size=\u00a0\u00bb2&Prime; overlay_alpha=\u00a0\u00bb50&Prime; shift_x=\u00a0\u00bb0&Prime; shift_y=\u00a0\u00bb0&Prime; z_index=\u00a0\u00bb0&Prime; medium_width=\u00a0\u00bb0&Prime; width=\u00a0\u00bb1\/1&Prime; column_width_pixel=\u00a0\u00bb800&Prime;][vc_button button_color=\u00a0\u00bbaccent\u00a0\u00bb size=\u00a0\u00bbbtn-lg\u00a0\u00bb radius=\u00a0\u00bbbtn-circle\u00a0\u00bb border_width=\u00a0\u00bb0&Prime; icon_position=\u00a0\u00bbright\u00a0\u00bb link=\u00a0\u00bburl:https%3A%2F%2Fwww.guides-sports-loisirs.ca%2Fprojetespaces%2Fwp-content%2Fuploads%2Fsites%2F8%2F2024%2F11%2F2.5_ValeursRef_Socialisation.pdf||target:%20_blank|\u00a0\u00bb icon=\u00a0\u00bbfa fa-file-o\u00a0\u00bb]Version PDF[\/vc_button][\/vc_column][\/vc_row]<\/p>\n<\/div>","protected":false},"excerpt":{"rendered":"<p>[vc_row row_height_percent=\u00a0\u00bb0&Prime; override_padding=\u00a0\u00bbyes\u00a0\u00bb h_padding=\u00a0\u00bb2&Prime; top_padding=\u00a0\u00bb2&Prime; bottom_padding=\u00a0\u00bb2&Prime; overlay_alpha=\u00a0\u00bb50&Prime; gutter_size=\u00a0\u00bb3&Prime; shift_y=\u00a0\u00bb0&Prime;][vc_column column_width_use_pixel=\u00a0\u00bbyes\u00a0\u00bb gutter_size=\u00a0\u00bb2&Prime; overlay_alpha=\u00a0\u00bb50&Prime; shift_x=\u00a0\u00bb0&Prime; shift_y=\u00a0\u00bb0&Prime; z_index=\u00a0\u00bb0&Prime; medium_width=\u00a0\u00bb0&Prime; width=\u00a0\u00bb1\/1&Prime; column_width_pixel=\u00a0\u00bb800&Prime;][vc_column_text]La socialisation est [&hellip;]<\/p>\n","protected":false},"author":11,"featured_media":0,"parent":60,"menu_order":0,"comment_status":"closed","ping_status":"closed","template":"","meta":{"_acf_changed":false,"footnotes":""},"class_list":["post-331","page","type-page","status-publish","hentry"],"acf":[],"yoast_head":"<!-- This site is optimized with the Yoast SEO plugin v27.4 - https:\/\/yoast.com\/product\/yoast-seo-wordpress\/ -->\n<title>La socialisation - Projet Espaces<\/title>\n<meta name=\"description\" content=\"Le parc public est un lieu convivial de rencontres et de partage qui permet \u00e0 ses usagers de vivre des exp\u00e9riences sociales plaisantes.\" \/>\n<meta name=\"robots\" content=\"index, follow, max-snippet:-1, max-image-preview:large, max-video-preview:-1\" \/>\n<link rel=\"canonical\" href=\"https:\/\/www.guides-sports-loisirs.ca\/projetespaces\/valeurs-reference\/la-socialisation\/\" \/>\n<meta property=\"og:locale\" content=\"fr_FR\" \/>\n<meta property=\"og:type\" content=\"article\" \/>\n<meta property=\"og:title\" content=\"La socialisation - Projet Espaces\" \/>\n<meta property=\"og:description\" content=\"Le parc public est un lieu convivial de rencontres et de partage qui permet \u00e0 ses usagers de vivre des exp\u00e9riences sociales plaisantes.\" \/>\n<meta property=\"og:url\" content=\"https:\/\/www.guides-sports-loisirs.ca\/projetespaces\/valeurs-reference\/la-socialisation\/\" \/>\n<meta property=\"og:site_name\" content=\"Projet Espaces\" \/>\n<meta property=\"article:modified_time\" content=\"2024-12-11T20:46:41+00:00\" \/>\n<meta name=\"twitter:card\" content=\"summary_large_image\" \/>\n<meta name=\"twitter:label1\" content=\"Dur\u00e9e de lecture estim\u00e9e\" \/>\n\t<meta name=\"twitter:data1\" content=\"2 minutes\" \/>\n<script type=\"application\/ld+json\" class=\"yoast-schema-graph\">{\"@context\":\"https:\\\/\\\/schema.org\",\"@graph\":[{\"@type\":\"WebPage\",\"@id\":\"https:\\\/\\\/www.guides-sports-loisirs.ca\\\/projetespaces\\\/valeurs-reference\\\/la-socialisation\\\/\",\"url\":\"https:\\\/\\\/www.guides-sports-loisirs.ca\\\/projetespaces\\\/valeurs-reference\\\/la-socialisation\\\/\",\"name\":\"La socialisation - Projet Espaces\",\"isPartOf\":{\"@id\":\"https:\\\/\\\/www.guides-sports-loisirs.ca\\\/projetespaces\\\/#website\"},\"datePublished\":\"2017-05-12T13:58:52+00:00\",\"dateModified\":\"2024-12-11T20:46:41+00:00\",\"description\":\"Le parc public est un lieu convivial de rencontres et de partage qui permet \u00e0 ses usagers de vivre des exp\u00e9riences sociales plaisantes.\",\"breadcrumb\":{\"@id\":\"https:\\\/\\\/www.guides-sports-loisirs.ca\\\/projetespaces\\\/valeurs-reference\\\/la-socialisation\\\/#breadcrumb\"},\"inLanguage\":\"fr-FR\",\"potentialAction\":[{\"@type\":\"ReadAction\",\"target\":[\"https:\\\/\\\/www.guides-sports-loisirs.ca\\\/projetespaces\\\/valeurs-reference\\\/la-socialisation\\\/\"]}]},{\"@type\":\"BreadcrumbList\",\"@id\":\"https:\\\/\\\/www.guides-sports-loisirs.ca\\\/projetespaces\\\/valeurs-reference\\\/la-socialisation\\\/#breadcrumb\",\"itemListElement\":[{\"@type\":\"ListItem\",\"position\":1,\"name\":\"Accueil\",\"item\":\"https:\\\/\\\/www.guides-sports-loisirs.ca\\\/projetespaces\\\/\"},{\"@type\":\"ListItem\",\"position\":2,\"name\":\"Valeurs de r\u00e9f\u00e9rence\",\"item\":\"https:\\\/\\\/www.guides-sports-loisirs.ca\\\/projetespaces\\\/valeurs-reference\\\/\"},{\"@type\":\"ListItem\",\"position\":3,\"name\":\"La socialisation\"}]},{\"@type\":\"WebSite\",\"@id\":\"https:\\\/\\\/www.guides-sports-loisirs.ca\\\/projetespaces\\\/#website\",\"url\":\"https:\\\/\\\/www.guides-sports-loisirs.ca\\\/projetespaces\\\/\",\"name\":\"Projet Espaces\",\"description\":\"\",\"potentialAction\":[{\"@type\":\"SearchAction\",\"target\":{\"@type\":\"EntryPoint\",\"urlTemplate\":\"https:\\\/\\\/www.guides-sports-loisirs.ca\\\/projetespaces\\\/?s={search_term_string}\"},\"query-input\":{\"@type\":\"PropertyValueSpecification\",\"valueRequired\":true,\"valueName\":\"search_term_string\"}}],\"inLanguage\":\"fr-FR\"}]}<\/script>\n<!-- \/ Yoast SEO plugin. -->","yoast_head_json":{"title":"La socialisation - Projet Espaces","description":"Le parc public est un lieu convivial de rencontres et de partage qui permet \u00e0 ses usagers de vivre des exp\u00e9riences sociales plaisantes.","robots":{"index":"index","follow":"follow","max-snippet":"max-snippet:-1","max-image-preview":"max-image-preview:large","max-video-preview":"max-video-preview:-1"},"canonical":"https:\/\/www.guides-sports-loisirs.ca\/projetespaces\/valeurs-reference\/la-socialisation\/","og_locale":"fr_FR","og_type":"article","og_title":"La socialisation - Projet Espaces","og_description":"Le parc public est un lieu convivial de rencontres et de partage qui permet \u00e0 ses usagers de vivre des exp\u00e9riences sociales plaisantes.","og_url":"https:\/\/www.guides-sports-loisirs.ca\/projetespaces\/valeurs-reference\/la-socialisation\/","og_site_name":"Projet Espaces","article_modified_time":"2024-12-11T20:46:41+00:00","twitter_card":"summary_large_image","twitter_misc":{"Dur\u00e9e de lecture estim\u00e9e":"2 minutes"},"schema":{"@context":"https:\/\/schema.org","@graph":[{"@type":"WebPage","@id":"https:\/\/www.guides-sports-loisirs.ca\/projetespaces\/valeurs-reference\/la-socialisation\/","url":"https:\/\/www.guides-sports-loisirs.ca\/projetespaces\/valeurs-reference\/la-socialisation\/","name":"La socialisation - Projet Espaces","isPartOf":{"@id":"https:\/\/www.guides-sports-loisirs.ca\/projetespaces\/#website"},"datePublished":"2017-05-12T13:58:52+00:00","dateModified":"2024-12-11T20:46:41+00:00","description":"Le parc public est un lieu convivial de rencontres et de partage qui permet \u00e0 ses usagers de vivre des exp\u00e9riences sociales plaisantes.","breadcrumb":{"@id":"https:\/\/www.guides-sports-loisirs.ca\/projetespaces\/valeurs-reference\/la-socialisation\/#breadcrumb"},"inLanguage":"fr-FR","potentialAction":[{"@type":"ReadAction","target":["https:\/\/www.guides-sports-loisirs.ca\/projetespaces\/valeurs-reference\/la-socialisation\/"]}]},{"@type":"BreadcrumbList","@id":"https:\/\/www.guides-sports-loisirs.ca\/projetespaces\/valeurs-reference\/la-socialisation\/#breadcrumb","itemListElement":[{"@type":"ListItem","position":1,"name":"Accueil","item":"https:\/\/www.guides-sports-loisirs.ca\/projetespaces\/"},{"@type":"ListItem","position":2,"name":"Valeurs de r\u00e9f\u00e9rence","item":"https:\/\/www.guides-sports-loisirs.ca\/projetespaces\/valeurs-reference\/"},{"@type":"ListItem","position":3,"name":"La socialisation"}]},{"@type":"WebSite","@id":"https:\/\/www.guides-sports-loisirs.ca\/projetespaces\/#website","url":"https:\/\/www.guides-sports-loisirs.ca\/projetespaces\/","name":"Projet Espaces","description":"","potentialAction":[{"@type":"SearchAction","target":{"@type":"EntryPoint","urlTemplate":"https:\/\/www.guides-sports-loisirs.ca\/projetespaces\/?s={search_term_string}"},"query-input":{"@type":"PropertyValueSpecification","valueRequired":true,"valueName":"search_term_string"}}],"inLanguage":"fr-FR"}]}},"_links":{"self":[{"href":"https:\/\/www.guides-sports-loisirs.ca\/projetespaces\/wp-json\/wp\/v2\/pages\/331","targetHints":{"allow":["GET"]}}],"collection":[{"href":"https:\/\/www.guides-sports-loisirs.ca\/projetespaces\/wp-json\/wp\/v2\/pages"}],"about":[{"href":"https:\/\/www.guides-sports-loisirs.ca\/projetespaces\/wp-json\/wp\/v2\/types\/page"}],"author":[{"embeddable":true,"href":"https:\/\/www.guides-sports-loisirs.ca\/projetespaces\/wp-json\/wp\/v2\/users\/11"}],"replies":[{"embeddable":true,"href":"https:\/\/www.guides-sports-loisirs.ca\/projetespaces\/wp-json\/wp\/v2\/comments?post=331"}],"version-history":[{"count":23,"href":"https:\/\/www.guides-sports-loisirs.ca\/projetespaces\/wp-json\/wp\/v2\/pages\/331\/revisions"}],"predecessor-version":[{"id":2285,"href":"https:\/\/www.guides-sports-loisirs.ca\/projetespaces\/wp-json\/wp\/v2\/pages\/331\/revisions\/2285"}],"up":[{"embeddable":true,"href":"https:\/\/www.guides-sports-loisirs.ca\/projetespaces\/wp-json\/wp\/v2\/pages\/60"}],"wp:attachment":[{"href":"https:\/\/www.guides-sports-loisirs.ca\/projetespaces\/wp-json\/wp\/v2\/media?parent=331"}],"curies":[{"name":"wp","href":"https:\/\/api.w.org\/{rel}","templated":true}]}}