{"id":251,"date":"2017-05-08T15:13:22","date_gmt":"2017-05-08T19:13:22","guid":{"rendered":"https:\/\/www.guides-sports-loisirs.ca\/projetespaces\/?page_id=251"},"modified":"2024-11-06T11:27:27","modified_gmt":"2024-11-06T16:27:27","slug":"coordination-interservices","status":"publish","type":"page","link":"https:\/\/www.guides-sports-loisirs.ca\/projetespaces\/conditions-succes\/coordination-interservices\/","title":{"rendered":"La coordination interservices"},"content":{"rendered":"<div class=\"wpb-content-wrapper\"><p>[vc_row row_height_percent=\u00a0\u00bb0&Prime; override_padding=\u00a0\u00bbyes\u00a0\u00bb h_padding=\u00a0\u00bb2&Prime; top_padding=\u00a0\u00bb3&Prime; bottom_padding=\u00a0\u00bb2&Prime; overlay_alpha=\u00a0\u00bb50&Prime; gutter_size=\u00a0\u00bb3&Prime; shift_y=\u00a0\u00bb0&Prime;][vc_column column_width_use_pixel=\u00a0\u00bbyes\u00a0\u00bb gutter_size=\u00a0\u00bb3&Prime; overlay_alpha=\u00a0\u00bb50&Prime; shift_x=\u00a0\u00bb0&Prime; shift_y=\u00a0\u00bb0&Prime; z_index=\u00a0\u00bb0&Prime; medium_width=\u00a0\u00bb0&Prime; width=\u00a0\u00bb1\/1&Prime; column_width_pixel=\u00a0\u00bb800&Prime;][vc_column_text]Un sondage du projet Espaces r\u00e9alis\u00e9 aupr\u00e8s des municipalit\u00e9s \u00e0 l\u2019automne\u00a02013[1] r\u00e9v\u00e9lait qu\u2019il n\u2019y a pas de mod\u00e8le administratif uniforme pour la gestion des parcs au niveau municipal. Ainsi, on apprenait que le service des loisirs est responsable de la planification et de l\u2019am\u00e9nagement des espaces de jeu dans les parcs dans 36\u00a0% des cas; dans les petites municipalit\u00e9s, c\u2019est surtout la direction g\u00e9n\u00e9rale, mais le portrait d\u2019ensemble fait voir d\u2019autres services, par exemple les travaux publics (21\u00a0%), l\u2019urbanisme (13\u00a0%) et les espaces verts (6\u00a0%).<\/p>\n<p>Les parcs rel\u00e8vent donc la plupart du temps de plusieurs services municipaux qui interviennent dans les divers aspects de leur gestion et \u00e0 diverses phases du processus de gestion. Ces interventions ne sont pas toujours coordonn\u00e9es (travail en silos), certaines ne sont que ponctuelles et restent sans suite, parfois on ne semble voir aucun rapport entre les diff\u00e9rentes initiatives qui assurent la vitalit\u00e9 du parc. Par exemple, l\u2019am\u00e9nagement paysager peut \u00eatre con\u00e7u et r\u00e9alis\u00e9 sans \u00e9gard \u00e0 l\u2019installation de structures de jeu, ou encore on met en place des \u00e9quipements sans se demander comment ils vont \u00eatre utilis\u00e9s ou s\u2019ils vont m\u00eame \u00eatre utilis\u00e9s.<\/p>\n<p>Il importe de clarifier les r\u00f4les et mandats de chaque service en mati\u00e8re de gestion des parcs, et il est n\u00e9cessaire que les dirigeants de chacun des services impliqu\u00e9s comprennent la compl\u00e9mentarit\u00e9 des contributions, qu\u2019il s\u2019agisse de planification, d\u2019acquisitions, de construction, d\u2019entretien, d\u2019animation ou d\u2019\u00e9valuation. Chaque service a ses experts, mais le savoir devrait \u00eatre partag\u00e9 pour qu\u2019un r\u00e9seau de parcs atteigne ses objectifs. Les parcs repr\u00e9sentent \u00e0 ce titre un domaine qui exige une coordination interdisciplinaire.<\/p>\n<p>La formation d\u2019un comit\u00e9 interservices, reconnu par la direction g\u00e9n\u00e9rale, peut grandement faciliter cette coordination, tout en permettant de respecter les particularit\u00e9s de chacun des services et les comp\u00e9tences des fonctionnaires.<\/p>\n<p>Le mod\u00e8le adopt\u00e9 sera souple, car suivant l\u2019\u00e9tape de gestion (planification, conception, r\u00e9alisation, appropriation, entretien ou \u00e9valuation), il est possible que ce ne soient pas les m\u00eames services \u00e0 coordonner.<\/p>\n<hr \/>\n<p><strong>[1]<\/strong> Voir projet Espaces, Bulletin no 1, f\u00e9vrier 2014\u00a0: <a href=\"https:\/\/www.guides-sports-loisirs.ca\/projetespaces\/wp-content\/uploads\/sites\/8\/2017\/03\/B1_Fev2014_sondage.pdf\" target=\"_blank\" rel=\"noopener\">http:\/\/www.loisirpublic.qc.ca\/uploads\/AQLP\/BulletinProjetEspaces.pdf<\/a>.<\/p>\n<p>&nbsp;<\/p>\n<p>Novembre 2018[\/vc_column_text][\/vc_column][\/vc_row][vc_row row_height_percent=\u00a0\u00bb0&Prime; override_padding=\u00a0\u00bbyes\u00a0\u00bb h_padding=\u00a0\u00bb2&Prime; top_padding=\u00a0\u00bb2&Prime; bottom_padding=\u00a0\u00bb2&Prime; overlay_alpha=\u00a0\u00bb50&Prime; gutter_size=\u00a0\u00bb3&Prime; shift_y=\u00a0\u00bb0&Prime;][vc_column column_width_use_pixel=\u00a0\u00bbyes\u00a0\u00bb gutter_size=\u00a0\u00bb2&Prime; overlay_alpha=\u00a0\u00bb50&Prime; shift_x=\u00a0\u00bb0&Prime; shift_y=\u00a0\u00bb0&Prime; z_index=\u00a0\u00bb0&Prime; medium_width=\u00a0\u00bb0&Prime; width=\u00a0\u00bb1\/1&Prime; column_width_pixel=\u00a0\u00bb800&Prime;][vc_button button_color=\u00a0\u00bbaccent\u00a0\u00bb size=\u00a0\u00bbbtn-lg\u00a0\u00bb radius=\u00a0\u00bbbtn-circle\u00a0\u00bb border_width=\u00a0\u00bb0&Prime; icon_position=\u00a0\u00bbright\u00a0\u00bb link=\u00a0\u00bburl:https%3A%2F%2Fwww.guides-sports-loisirs.ca%2Fprojetespaces%2Fwp-content%2Fuploads%2Fsites%2F8%2F2024%2F11%2F3.5_CondSucces_CoordinationInterservices.pdf||target:%20_blank|\u00a0\u00bb icon=\u00a0\u00bbfa fa-file-o\u00a0\u00bb]Version PDF[\/vc_button][\/vc_column][\/vc_row]<\/p>\n<\/div>","protected":false},"excerpt":{"rendered":"<p>[vc_row row_height_percent=\u00a0\u00bb0&Prime; override_padding=\u00a0\u00bbyes\u00a0\u00bb h_padding=\u00a0\u00bb2&Prime; top_padding=\u00a0\u00bb3&Prime; bottom_padding=\u00a0\u00bb2&Prime; overlay_alpha=\u00a0\u00bb50&Prime; gutter_size=\u00a0\u00bb3&Prime; shift_y=\u00a0\u00bb0&Prime;][vc_column column_width_use_pixel=\u00a0\u00bbyes\u00a0\u00bb gutter_size=\u00a0\u00bb3&Prime; overlay_alpha=\u00a0\u00bb50&Prime; shift_x=\u00a0\u00bb0&Prime; shift_y=\u00a0\u00bb0&Prime; z_index=\u00a0\u00bb0&Prime; medium_width=\u00a0\u00bb0&Prime; width=\u00a0\u00bb1\/1&Prime; column_width_pixel=\u00a0\u00bb800&Prime;][vc_column_text]Un sondage du [&hellip;]<\/p>\n","protected":false},"author":11,"featured_media":0,"parent":205,"menu_order":0,"comment_status":"closed","ping_status":"closed","template":"","meta":{"_acf_changed":false,"footnotes":""},"class_list":["post-251","page","type-page","status-publish","hentry"],"acf":[],"yoast_head":"<!-- This site is optimized with the Yoast SEO plugin v27.4 - https:\/\/yoast.com\/product\/yoast-seo-wordpress\/ -->\n<title>La coordination interservices - Projet Espaces<\/title>\n<meta name=\"robots\" content=\"index, follow, max-snippet:-1, max-image-preview:large, max-video-preview:-1\" \/>\n<link rel=\"canonical\" href=\"https:\/\/www.guides-sports-loisirs.ca\/projetespaces\/conditions-succes\/coordination-interservices\/\" \/>\n<meta property=\"og:locale\" content=\"fr_FR\" \/>\n<meta property=\"og:type\" content=\"article\" \/>\n<meta property=\"og:title\" content=\"La coordination interservices - Projet Espaces\" \/>\n<meta property=\"og:description\" content=\"[vc_row row_height_percent=\u00a0\u00bb0&Prime; override_padding=\u00a0\u00bbyes\u00a0\u00bb h_padding=\u00a0\u00bb2&Prime; top_padding=\u00a0\u00bb3&Prime; bottom_padding=\u00a0\u00bb2&Prime; overlay_alpha=\u00a0\u00bb50&Prime; gutter_size=\u00a0\u00bb3&Prime; shift_y=\u00a0\u00bb0&Prime;][vc_column column_width_use_pixel=\u00a0\u00bbyes\u00a0\u00bb gutter_size=\u00a0\u00bb3&Prime; overlay_alpha=\u00a0\u00bb50&Prime; shift_x=\u00a0\u00bb0&Prime; shift_y=\u00a0\u00bb0&Prime; z_index=\u00a0\u00bb0&Prime; medium_width=\u00a0\u00bb0&Prime; width=\u00a0\u00bb1\/1&Prime; column_width_pixel=\u00a0\u00bb800&Prime;][vc_column_text]Un sondage du [&hellip;]\" \/>\n<meta property=\"og:url\" content=\"https:\/\/www.guides-sports-loisirs.ca\/projetespaces\/conditions-succes\/coordination-interservices\/\" \/>\n<meta property=\"og:site_name\" content=\"Projet Espaces\" \/>\n<meta property=\"article:modified_time\" content=\"2024-11-06T16:27:27+00:00\" \/>\n<meta name=\"twitter:card\" content=\"summary_large_image\" \/>\n<meta name=\"twitter:label1\" content=\"Dur\u00e9e de lecture estim\u00e9e\" \/>\n\t<meta name=\"twitter:data1\" content=\"2 minutes\" \/>\n<script type=\"application\/ld+json\" class=\"yoast-schema-graph\">{\"@context\":\"https:\\\/\\\/schema.org\",\"@graph\":[{\"@type\":\"WebPage\",\"@id\":\"https:\\\/\\\/www.guides-sports-loisirs.ca\\\/projetespaces\\\/conditions-succes\\\/coordination-interservices\\\/\",\"url\":\"https:\\\/\\\/www.guides-sports-loisirs.ca\\\/projetespaces\\\/conditions-succes\\\/coordination-interservices\\\/\",\"name\":\"La coordination interservices - Projet Espaces\",\"isPartOf\":{\"@id\":\"https:\\\/\\\/www.guides-sports-loisirs.ca\\\/projetespaces\\\/#website\"},\"datePublished\":\"2017-05-08T19:13:22+00:00\",\"dateModified\":\"2024-11-06T16:27:27+00:00\",\"breadcrumb\":{\"@id\":\"https:\\\/\\\/www.guides-sports-loisirs.ca\\\/projetespaces\\\/conditions-succes\\\/coordination-interservices\\\/#breadcrumb\"},\"inLanguage\":\"fr-FR\",\"potentialAction\":[{\"@type\":\"ReadAction\",\"target\":[\"https:\\\/\\\/www.guides-sports-loisirs.ca\\\/projetespaces\\\/conditions-succes\\\/coordination-interservices\\\/\"]}]},{\"@type\":\"BreadcrumbList\",\"@id\":\"https:\\\/\\\/www.guides-sports-loisirs.ca\\\/projetespaces\\\/conditions-succes\\\/coordination-interservices\\\/#breadcrumb\",\"itemListElement\":[{\"@type\":\"ListItem\",\"position\":1,\"name\":\"Accueil\",\"item\":\"https:\\\/\\\/www.guides-sports-loisirs.ca\\\/projetespaces\\\/\"},{\"@type\":\"ListItem\",\"position\":2,\"name\":\"Conditions de succ\u00e8s\",\"item\":\"https:\\\/\\\/www.guides-sports-loisirs.ca\\\/projetespaces\\\/conditions-succes\\\/\"},{\"@type\":\"ListItem\",\"position\":3,\"name\":\"La coordination interservices\"}]},{\"@type\":\"WebSite\",\"@id\":\"https:\\\/\\\/www.guides-sports-loisirs.ca\\\/projetespaces\\\/#website\",\"url\":\"https:\\\/\\\/www.guides-sports-loisirs.ca\\\/projetespaces\\\/\",\"name\":\"Projet Espaces\",\"description\":\"\",\"potentialAction\":[{\"@type\":\"SearchAction\",\"target\":{\"@type\":\"EntryPoint\",\"urlTemplate\":\"https:\\\/\\\/www.guides-sports-loisirs.ca\\\/projetespaces\\\/?s={search_term_string}\"},\"query-input\":{\"@type\":\"PropertyValueSpecification\",\"valueRequired\":true,\"valueName\":\"search_term_string\"}}],\"inLanguage\":\"fr-FR\"}]}<\/script>\n<!-- \/ Yoast SEO plugin. -->","yoast_head_json":{"title":"La coordination interservices - Projet Espaces","robots":{"index":"index","follow":"follow","max-snippet":"max-snippet:-1","max-image-preview":"max-image-preview:large","max-video-preview":"max-video-preview:-1"},"canonical":"https:\/\/www.guides-sports-loisirs.ca\/projetespaces\/conditions-succes\/coordination-interservices\/","og_locale":"fr_FR","og_type":"article","og_title":"La coordination interservices - Projet Espaces","og_description":"[vc_row row_height_percent=\u00a0\u00bb0&Prime; override_padding=\u00a0\u00bbyes\u00a0\u00bb h_padding=\u00a0\u00bb2&Prime; top_padding=\u00a0\u00bb3&Prime; bottom_padding=\u00a0\u00bb2&Prime; overlay_alpha=\u00a0\u00bb50&Prime; gutter_size=\u00a0\u00bb3&Prime; shift_y=\u00a0\u00bb0&Prime;][vc_column column_width_use_pixel=\u00a0\u00bbyes\u00a0\u00bb gutter_size=\u00a0\u00bb3&Prime; overlay_alpha=\u00a0\u00bb50&Prime; shift_x=\u00a0\u00bb0&Prime; shift_y=\u00a0\u00bb0&Prime; z_index=\u00a0\u00bb0&Prime; medium_width=\u00a0\u00bb0&Prime; width=\u00a0\u00bb1\/1&Prime; column_width_pixel=\u00a0\u00bb800&Prime;][vc_column_text]Un sondage du [&hellip;]","og_url":"https:\/\/www.guides-sports-loisirs.ca\/projetespaces\/conditions-succes\/coordination-interservices\/","og_site_name":"Projet Espaces","article_modified_time":"2024-11-06T16:27:27+00:00","twitter_card":"summary_large_image","twitter_misc":{"Dur\u00e9e de lecture estim\u00e9e":"2 minutes"},"schema":{"@context":"https:\/\/schema.org","@graph":[{"@type":"WebPage","@id":"https:\/\/www.guides-sports-loisirs.ca\/projetespaces\/conditions-succes\/coordination-interservices\/","url":"https:\/\/www.guides-sports-loisirs.ca\/projetespaces\/conditions-succes\/coordination-interservices\/","name":"La coordination interservices - Projet Espaces","isPartOf":{"@id":"https:\/\/www.guides-sports-loisirs.ca\/projetespaces\/#website"},"datePublished":"2017-05-08T19:13:22+00:00","dateModified":"2024-11-06T16:27:27+00:00","breadcrumb":{"@id":"https:\/\/www.guides-sports-loisirs.ca\/projetespaces\/conditions-succes\/coordination-interservices\/#breadcrumb"},"inLanguage":"fr-FR","potentialAction":[{"@type":"ReadAction","target":["https:\/\/www.guides-sports-loisirs.ca\/projetespaces\/conditions-succes\/coordination-interservices\/"]}]},{"@type":"BreadcrumbList","@id":"https:\/\/www.guides-sports-loisirs.ca\/projetespaces\/conditions-succes\/coordination-interservices\/#breadcrumb","itemListElement":[{"@type":"ListItem","position":1,"name":"Accueil","item":"https:\/\/www.guides-sports-loisirs.ca\/projetespaces\/"},{"@type":"ListItem","position":2,"name":"Conditions de succ\u00e8s","item":"https:\/\/www.guides-sports-loisirs.ca\/projetespaces\/conditions-succes\/"},{"@type":"ListItem","position":3,"name":"La coordination interservices"}]},{"@type":"WebSite","@id":"https:\/\/www.guides-sports-loisirs.ca\/projetespaces\/#website","url":"https:\/\/www.guides-sports-loisirs.ca\/projetespaces\/","name":"Projet Espaces","description":"","potentialAction":[{"@type":"SearchAction","target":{"@type":"EntryPoint","urlTemplate":"https:\/\/www.guides-sports-loisirs.ca\/projetespaces\/?s={search_term_string}"},"query-input":{"@type":"PropertyValueSpecification","valueRequired":true,"valueName":"search_term_string"}}],"inLanguage":"fr-FR"}]}},"_links":{"self":[{"href":"https:\/\/www.guides-sports-loisirs.ca\/projetespaces\/wp-json\/wp\/v2\/pages\/251","targetHints":{"allow":["GET"]}}],"collection":[{"href":"https:\/\/www.guides-sports-loisirs.ca\/projetespaces\/wp-json\/wp\/v2\/pages"}],"about":[{"href":"https:\/\/www.guides-sports-loisirs.ca\/projetespaces\/wp-json\/wp\/v2\/types\/page"}],"author":[{"embeddable":true,"href":"https:\/\/www.guides-sports-loisirs.ca\/projetespaces\/wp-json\/wp\/v2\/users\/11"}],"replies":[{"embeddable":true,"href":"https:\/\/www.guides-sports-loisirs.ca\/projetespaces\/wp-json\/wp\/v2\/comments?post=251"}],"version-history":[{"count":19,"href":"https:\/\/www.guides-sports-loisirs.ca\/projetespaces\/wp-json\/wp\/v2\/pages\/251\/revisions"}],"predecessor-version":[{"id":2345,"href":"https:\/\/www.guides-sports-loisirs.ca\/projetespaces\/wp-json\/wp\/v2\/pages\/251\/revisions\/2345"}],"up":[{"embeddable":true,"href":"https:\/\/www.guides-sports-loisirs.ca\/projetespaces\/wp-json\/wp\/v2\/pages\/205"}],"wp:attachment":[{"href":"https:\/\/www.guides-sports-loisirs.ca\/projetespaces\/wp-json\/wp\/v2\/media?parent=251"}],"curies":[{"name":"wp","href":"https:\/\/api.w.org\/{rel}","templated":true}]}}