{"id":2105,"date":"2022-06-20T17:36:40","date_gmt":"2022-06-20T21:36:40","guid":{"rendered":"https:\/\/www.guides-sports-loisirs.ca\/projetespaces\/?page_id=2105"},"modified":"2024-12-11T15:52:33","modified_gmt":"2024-12-11T20:52:33","slug":"plein-air-proximite","status":"publish","type":"page","link":"https:\/\/www.guides-sports-loisirs.ca\/projetespaces\/valeurs-reference\/plein-air-proximite\/","title":{"rendered":"Le plein air de proximit\u00e9"},"content":{"rendered":"<div class=\"wpb-content-wrapper\"><p>[vc_row row_height_percent=\u00a0\u00bb0&Prime; override_padding=\u00a0\u00bbyes\u00a0\u00bb h_padding=\u00a0\u00bb2&Prime; top_padding=\u00a0\u00bb3&Prime; bottom_padding=\u00a0\u00bb2&Prime; overlay_alpha=\u00a0\u00bb50&Prime; gutter_size=\u00a0\u00bb3&Prime; shift_y=\u00a0\u00bb0&Prime;][vc_column column_width_use_pixel=\u00a0\u00bbyes\u00a0\u00bb gutter_size=\u00a0\u00bb3&Prime; overlay_alpha=\u00a0\u00bb50&Prime; shift_x=\u00a0\u00bb0&Prime; shift_y=\u00a0\u00bb0&Prime; z_index=\u00a0\u00bb0&Prime; medium_width=\u00a0\u00bb0&Prime; width=\u00a0\u00bb1\/1&Prime; column_width_pixel=\u00a0\u00bb800&Prime;][vc_column_text]<\/p>\n<p class=\"p1\"><span class=\"s1\"><b>Le \u00ab plein air de proximit\u00e9 \u00bb est un concept relativement r\u00e9cent qui a trouv\u00e9 un sens particulier au Qu\u00e9bec dans le contexte pand\u00e9mique qui s\u2019est d\u00e9velopp\u00e9 depuis le printemps 2020. Le confinement a notamment eu pour effet de populariser comme jamais tous les lieux de plein air accessibles \u00e0 faible distance des lieux de r\u00e9sidence. Les municipalit\u00e9s ont d\u00fb composer avec cet engouement, qui s\u2019est traduit par un achalandage important, voire un surachalandage des parcs publics, des espaces naturels et d\u2019autres infrastructures comme les pistes cyclables ou multifonctionnelles.<\/b><\/span><\/p>\n<p class=\"p1\"><span class=\"s1\"><b>Le minist\u00e8re de l\u2019\u00c9ducation, en collaboration avec la Table sur le mode de vie physiquement actif (TMVPA), a produit en 2021 un guide sur cet enjeu, intitul\u00e9 <a href=\"http:\/\/www.education.gouv.qc.ca\/fileadmin\/site_web\/documents\/loisir-sport\/Guide_plein-air-proximite-municipal.pdf\"><em>Le Plein air de proximit\u00e9 : un outil pour le d\u00e9veloppement local et municipal! <\/em><\/a><\/b><b>Cette initiative ne pouvait mieux tomber.<\/b><\/span><\/p>\n<p class=\"p1\"><span class=\"s1\"><b>La pr\u00e9sente fiche fait ressortir les \u00e9l\u00e9ments les plus pertinents de ce guide pour les municipalit\u00e9s.<\/b><\/span><\/p>\n<p>[\/vc_column_text][vc_accordion][vc_accordion_tab title=\u00a0\u00bbQU&rsquo;EST-CE QUE LE PLEIN AIR DE PROXIMIT\u00c9 ?\u00a0\u00bb tab_id=\u00a0\u00bb1655761191-1-65&Prime;][vc_column_text]<\/p>\n<p class=\"p1\">Le plein air de proximit\u00e9 se distingue notamment par ses lieux de pratique, situ\u00e9s principalement dans les espaces naturels des villes et des villages. Ils se trouvent dans des espaces ouverts, pr\u00e8s des diff\u00e9rents milieux de vie, tels que les zones d\u2019habitation, des \u00e9coles, des milieux de travail, des centres d\u2019h\u00e9bergement ou des milieux de garde. Ils permettent \u00e0 la population un contact r\u00e9gulier (et m\u00eame journalier) avec la nature.<\/p>\n<p class=\"p1\">On peut penser \u00e0 des sentiers, \u00e0 des parcs, \u00e0 des plans d\u2019eau, \u00e0 des parcs nautiques, \u00e0 des corridors verts, blancs ou bleus, \u00e0 des terrains et des espaces naturels (am\u00e9nag\u00e9s ou non). Ces lieux de pratique sont facilement accessibles, entre autres par un moyen de transport actif, et le temps de d\u00e9placement pour y arriver est court et raisonnable. Il faut de 10 \u00e0 15 minutes pour s\u2019y rendre \u00e0 pied ou \u00e0 bicyclette. Le plein air de proximit\u00e9 s\u2019int\u00e8gre facilement \u00e0 la routine et contribue \u00e0 un mode de vie physiquement actif.<\/p>\n<p class=\"p2\">Les activit\u00e9s sont simples d\u2019ex\u00e9cution, requi\u00e8rent peu ou pas de formation ou d\u2019\u00e9quipement sp\u00e9cialis\u00e9. Elles ne sont pas comp\u00e9titives ni motoris\u00e9es. Propices \u00e0 l\u2019initiation, \u00e0 la d\u00e9couverte et \u00e0 l\u2019exp\u00e9rimentation, elles se pratiquent tout au long de l\u2019ann\u00e9e. Elles sont faciles et abordables, selon les int\u00e9r\u00eats du moment et le temps disponible.<\/p>\n<p class=\"p2\">Extraits de <i>Le plein air de proximit\u00e9 : un outil pour le d\u00e9veloppement local et municipal!<\/i>, p. 6-7<\/p>\n<p>[\/vc_column_text][vc_single_image media=\u00a0\u00bb2113&Prime; caption=\u00a0\u00bbyes\u00a0\u00bb media_width_percent=\u00a0\u00bb100&Prime;][vc_column_text css=\u00a0\u00bb.vc_custom_1656016604425{margin-top: -3px !important;}\u00a0\u00bb]\u00a9 V\u00e9lo de montagne \u00e0 la for\u00eat r\u00e9cr\u00e9ative de Val d\u2019Or, Marie-Claude B\u00e9dard[\/vc_column_text][\/vc_accordion_tab][vc_accordion_tab title=\u00a0\u00bbLES AVANTAGES POUR LA MUNICIPALIT\u00c9\u00a0\u00bb tab_id=\u00a0\u00bb1655761191-2-10&Prime;][vc_column_text]<\/p>\n<p class=\"p2\">Les municipalit\u00e9s, quelle que soit leur taille, ont tout avantage \u00e0 cr\u00e9er, \u00e0 d\u00e9velopper et \u00e0 promouvoir des lieux de pratique et des espaces naturels de proximit\u00e9 pour des activit\u00e9s de plein air. Vu l\u2019importante demande des citoyens pour un acc\u00e8s \u00e0 la nature et pour des activit\u00e9s non encadr\u00e9es et autonomes, la proposition d\u2019une offre de loisirs diff\u00e9rente, en lien avec l\u2019\u00e9volution actuelle du loisir municipal, s\u2019av\u00e8re fort \u00e0 propos. Le plein air de proximit\u00e9 peut \u00eatre un atout int\u00e9ressant pour retenir les citoyens et am\u00e9liorer leur qualit\u00e9 de vie, tout comme il peut soutenir les municipalit\u00e9s qui souhaitent en attirer de nouveaux et mettre de l\u2019avant leurs espaces naturels afin d\u2019en faire leur image de marque. (<i>Le plein air de proximit\u00e9 : un outil pour le d\u00e9veloppement local et municipal!<\/i>, p. 8)<\/p>\n<p>[\/vc_column_text][vc_row_inner][vc_column_inner width=\u00a0\u00bb1\/2&Prime;][vc_column_text]<\/p>\n<p class=\"p2\">Les bienfaits des activit\u00e9s de plein air sur les individus, notamment ceux qui fr\u00e9quentent les parcs publics, sont bien connus<sup>1<\/sup>.On parle principalement de sant\u00e9, physique et mentale, mais pour les municipalit\u00e9s, les avantages doivent aller au-del\u00e0. En ce qui concerne plus particuli\u00e8rement le plein air de proximit\u00e9, le guide <i>Plein air de proximit\u00e9 : un outil pour le d\u00e9veloppement local et municipal! <\/i>parle des retomb\u00e9es collectives suivantes (p. 12 \u00e0 14) :<\/p>\n<ul>\n<li><b>Retomb\u00e9es \u00e9conomiques <\/b>: hausse de la valeur fonci\u00e8re des r\u00e9sidences situ\u00e9es \u00e0 proximit\u00e9 d\u2019espaces verts am\u00e9nag\u00e9s et fonctionnels, attraction des entreprises et des employ\u00e9s qui recherchent un milieu \u00ab o\u00f9 il fait bon vivre \u00bb, augmentation du potentiel touristique.<\/li>\n<li><strong>Retomb\u00e9es sociales<\/strong> : communaut\u00e9s plus solidaires, plus grand sentiment d\u2019appartenance et d\u2019attachement au milieu de vie, diminution du taux de criminalit\u00e9 et d\u2019incivilit\u00e9, inclusion sociale accrue des enfants et des adolescents des diverses communaut\u00e9s culturelles, revitalisation de quartiers d\u00e9favoris\u00e9s.<\/li>\n<\/ul>\n<p>[\/vc_column_text][\/vc_column_inner][vc_column_inner width=\u00a0\u00bb1\/2&Prime;][vc_single_image media=\u00a0\u00bb2114&Prime; media_width_percent=\u00a0\u00bb100&Prime;][vc_column_text css=\u00a0\u00bb.vc_custom_1656016690621{margin-top: -3px !important;}\u00a0\u00bb]\u00a9 Ski de patin, Ville de La Tuque[\/vc_column_text][\/vc_column_inner][\/vc_row_inner][vc_column_text css=\u00a0\u00bb.vc_custom_1656011070021{margin-top: -20px !important;}\u00a0\u00bb]<\/p>\n<ul>\n<li><strong>Retomb\u00e9es environnementales<\/strong> : contribution \u00e0 la lutte contre les changements climatiques, protection des richesses naturelles, am\u00e9lioration du milieu de vie de la faune, des insectes et des plantes, diminution des inconforts associ\u00e9s \u00e0 la pollution, d\u00e9veloppement de la conscience environnementale des citoyens.<\/li>\n<\/ul>\n<p>&nbsp;<\/p>\n<hr \/>\n<p><strong>[1] <\/strong>Voir \u00e0 ce sujet la fiche <strong><a href=\"https:\/\/www.guides-sports-loisirs.ca\/projetespaces\/valeurs-reference\/le-plein-air-et-la-nature\/\">Le plein air et la nature<\/a><\/strong>. L\u2019introduction du <em>Guide des parcs et autres espaces publics<\/em> aborde aussi ces bienfaits : voir <a href=\"https:\/\/www.guides-sports-loisirs.ca\/projetespaces\/introduction\/\"><strong>Les parcs publics, un service essentiel.<\/strong><\/a>[\/vc_column_text][\/vc_accordion_tab][vc_accordion_tab title=\u00a0\u00bbENJEUX ET PISTES D&rsquo;ACTION\u00a0\u00bb tab_id=\u00a0\u00bb1655761304287-2-0&Prime;][vc_column_text]<\/p>\n<p class=\"p2\">Les municipalit\u00e9s g\u00e8rent des parcs publics depuis plus d\u2019un si\u00e8cle au Qu\u00e9bec<sup>2<\/sup>. Ce faisant, elles ont d\u00e9velopp\u00e9 un savoir-faire consid\u00e9rable dans l\u2019am\u00e9nagement et la gestion de ces espaces, et m\u00eame dans la naturalisation d\u2019espaces publics. Bien avant qu\u2019on parle de plein air, et encore plus de plein air de proximit\u00e9, elles offraient \u00e0 leurs citoyens des lieux naturels o\u00f9 jouer, pratiquer des sports, se promener, respirer sainement et d\u00e9couvrir des \u00e9l\u00e9ments naturels. Le plein air de proximit\u00e9 et ses enjeux s\u2019inscrivent donc parfaitement dans la mission et les champs d\u2019action municipaux.<\/p>\n<p class=\"p2\">Le plein air de proximit\u00e9 va cependant au-del\u00e0 des parcs. Les r\u00e9seaux cyclables, pistes et sentiers favorisant les d\u00e9placements actifs se sont multipli\u00e9s au cours des derni\u00e8res d\u00e9cennies, mais tous n\u2019offrent pas la possibilit\u00e9 d\u2019un contact avec la nature, d\u2019o\u00f9 l\u2019importance d\u2019assurer leur verdissement. Aussi, l\u2019acc\u00e8s aux sites riverains est devenu une question \u00e9pineuse<sup>3<\/sup>, les milieux scolaires et de la petite enfance r\u00e9alisent de plus en plus de projets \u00e9ducatifs en plein air dans des lieux de proximit\u00e9 et certains espaces autrefois ignor\u00e9s sont susceptibles d\u2019offrir de nouvelles possibilit\u00e9s de pratique d\u2019activit\u00e9s de plein air, par exemple ce que l\u2019on appelle les \u00ab espaces naturels de loisir informels<sup>4<\/sup>\u00bb.<\/p>\n<p class=\"p2\">Comment entrevoir d\u00e9sormais le r\u00f4le des municipalit\u00e9s dans le contexte en constante \u00e9volution du plein air de proximit\u00e9? Voici comment <i>Le plein air de proximit\u00e9 : un outil pour le d\u00e9veloppement local et municipal!<\/i>, pr\u00e9sente les enjeux et les pistes d\u2019action au niveau municipal.<\/p>\n<p>[\/vc_column_text][vc_single_image media=\u00a0\u00bb2111&Prime; media_width_percent=\u00a0\u00bb100&Prime;][vc_column_text css=\u00a0\u00bb.vc_custom_1656016870521{margin-top: -3px !important;}\u00a0\u00bb]\u00a9 Kayak au Marais du Nord, Office du tourisme de Qu\u00e9bec, Francis Fontaine[\/vc_column_text][vc_column_text]<\/p>\n<ul>\n<li class=\"p2\"><b>Faciliter l\u2019acc\u00e8s au plein air de proximit\u00e9<\/b>. Il faut principalement cr\u00e9er, d\u00e9velopper et pr\u00e9server des espaces naturels au sein des noyaux urbains des grandes villes, des centres des villages et dans les banlieues o\u00f9 il y a \u00e9talement urbain. (P. 15-17)<\/li>\n<li class=\"p2\"><b style=\"font-family: -apple-system, BlinkMacSystemFont, 'Segoe UI', Roboto, Oxygen-Sans, Ubuntu, Cantarell, 'Helvetica Neue', sans-serif\">Faire du plein air une exp\u00e9rience de qualit\u00e9<\/b><span style=\"font-family: -apple-system, BlinkMacSystemFont, 'Segoe UI', Roboto, Oxygen-Sans, Ubuntu, Cantarell, 'Helvetica Neue', sans-serif\">, y compris en hiver. Entretien et qualit\u00e9 des am\u00e9nagements, partage harmonieux des espaces, s\u00e9curit\u00e9 des lieux, pr\u00e9servation de la beaut\u00e9 des paysages sont quelques-unes des pistes d\u2019action propos\u00e9es. (P. 22-25)<\/span><\/li>\n<li class=\"p2\"><b style=\"font-family: -apple-system, BlinkMacSystemFont, 'Segoe UI', Roboto, Oxygen-Sans, Ubuntu, Cantarell, 'Helvetica Neue', sans-serif\">Promouvoir l\u2019offre de plein air<\/b><span style=\"font-family: -apple-system, BlinkMacSystemFont, 'Segoe UI', Roboto, Oxygen-Sans, Ubuntu, Cantarell, 'Helvetica Neue', sans-serif\">. On sugg\u00e8re notamment aux municipalit\u00e9s de d\u00e9velopper un plan de communication de l\u2019offre de plein air qui met \u00e0 profit la pluralit\u00e9 des moyens d\u2019information disponibles. (P. 26-29)<\/span><\/li>\n<li class=\"p2\"><b style=\"font-family: -apple-system, BlinkMacSystemFont, 'Segoe UI', Roboto, Oxygen-Sans, Ubuntu, Cantarell, 'Helvetica Neue', sans-serif\">Favoriser la concertation et assurer un leadership<\/b><span style=\"font-family: -apple-system, BlinkMacSystemFont, 'Segoe UI', Roboto, Oxygen-Sans, Ubuntu, Cantarell, 'Helvetica Neue', sans-serif\">. Le plein air de proximit\u00e9 est le fruit d\u2019un v\u00e9ritable travail d\u2019\u00e9quipe et ne peut reposer sur un seul intervenant. Il rel\u00e8ve d\u2019une gouvernance partag\u00e9e et complexe, qui s\u2019\u00e9tend parfois au-del\u00e0 des fronti\u00e8res de la municipalit\u00e9 et qui regroupe des acteurs de divers horizons. Pour assurer le d\u00e9veloppement et la p\u00e9rennit\u00e9 des lieux de pratique, il incombe aux municipalit\u00e9s de bien d\u00e9finir leur mandat en plein air, d\u2019agir en leaders et de s\u2019allier \u00e0 des partenaires comp\u00e9tents et impliqu\u00e9s, tout en priorisant les besoins et les int\u00e9r\u00eats de leurs communaut\u00e9s. (P. 31-34)<\/span><\/li>\n<\/ul>\n<p>&nbsp;<\/p>\n<hr \/>\n<p><strong>[2] <\/strong>Voir \u00e0 ce sujet la fiche <em><a href=\"https:\/\/www.guides-sports-loisirs.ca\/projetespaces\/espaces-jeu-enfants\/breve-histoire-espaces-jeu-publics\/\"><strong>Br\u00e8ve histoire des espaces de jeu publics<\/strong><\/a>.<\/em><br \/>\n<strong>[3] <\/strong>Dans certaines municipalit\u00e9s, les acc\u00e8s aux cours d\u2019eau ou aux plans d\u2019eau sont rares, faute d\u2019espaces publics riverains. On parle aussi d\u2019une tarification \u00e0 double vitesse (r\u00e9sidents et non-r\u00e9sidents) pour les ports de plaisance et les descentes de bateaux<br \/>\n<strong>[4] <\/strong>Voir \u00e0 ce sujet \u00ab Les bienfaits de la nature en ville et des espaces naturels de loisir informels \u00bb, par Sylvie Miaux et Julie Fortier, de l\u2019UQTR, dans<strong><em> <a href=\"https:\/\/loisirmunicipal.qc.ca\/wp-content\/uploads\/2022\/05\/AgoraForum_AH-2021-2022_p37.pdf\">Agora Forum, automne 2021-hiver 2022, vol. 44, no 2, p. 37.\u00a0<\/a><\/em><\/strong>[\/vc_column_text][\/vc_accordion_tab][vc_accordion_tab title=\u00a0\u00bbUNE INVITATION\u00a0\u00bb tab_id=\u00a0\u00bb1655761369020-3-3&Prime;][vc_row_inner][vc_column_inner width=\u00a0\u00bb1\/1&Prime;][vc_column_text]<\/p>\n<p class=\"p2\">Les municipalit\u00e9s ont tout avantage \u00e0 investir et \u00e0 s\u2019investir dans la planification, le d\u00e9veloppement et la promotion d\u2019espaces naturels et de lieux de pratique de plein air de proximit\u00e9, les Qu\u00e9b\u00e9coises et Qu\u00e9b\u00e9cois \u00e9tant de plus en plus nombreux \u00e0 vouloir bouger dehors, en contact avec la nature, pr\u00e8s de leur milieu de vie. Il est important que les municipalit\u00e9s se r\u00e9approprient les espaces naturels et les sites de plein air de proximit\u00e9 sur leur territoire pour que l\u2019ensemble de leur communaut\u00e9 b\u00e9n\u00e9ficie des bienfaits et des retomb\u00e9es du contact avec la nature, dans un souci de d\u00e9mocratisation du plein air.<\/p>\n<p class=\"p2\">Extrait de <i>Le plein air de proximit\u00e9 : un outil pour le d\u00e9veloppement local et municipal!<\/i>, p. 35<\/p>\n<p class=\"p2\">Pour en savoir plus, voir minist\u00e8re de l\u2019\u00c9ducation, <a href=\"http:\/\/www.education.gouv.qc.ca\/municipalites\/le-plein-air-de-proximite-un-outil-pour-le-developpement-local-et-municipal\/plein-air-de-proximite\/#:~:text=Ce%20guide%20vise%20%C3%A0%20accompagner,de%20plein%20air%20de%20proximit%C3%A9\"><span class=\"s1\"><i>Plein air de <\/i><\/span><span class=\"s1\"><i>proximit\u00e9<\/i><\/span><\/a>.<\/p>\n<p>[\/vc_column_text][vc_single_image media=\u00a0\u00bb2112&Prime; media_width_percent=\u00a0\u00bb100&Prime;][vc_column_text css=\u00a0\u00bb.vc_custom_1656016919177{margin-top: -3px !important;}\u00a0\u00bb]\u00a9 Sentiers de marche au parc lin\u00e9aire de Beauport, courtoisie \u00c7a marche doc![\/vc_column_text][\/vc_column_inner][\/vc_row_inner][\/vc_accordion_tab][\/vc_accordion][vc_column_text]Juin 2022[\/vc_column_text][\/vc_column][\/vc_row][vc_row row_height_percent=\u00a0\u00bb0&Prime; override_padding=\u00a0\u00bbyes\u00a0\u00bb h_padding=\u00a0\u00bb2&Prime; top_padding=\u00a0\u00bb2&Prime; bottom_padding=\u00a0\u00bb2&Prime; overlay_alpha=\u00a0\u00bb50&Prime; gutter_size=\u00a0\u00bb3&Prime; shift_y=\u00a0\u00bb0&Prime;][vc_column column_width_use_pixel=\u00a0\u00bbyes\u00a0\u00bb gutter_size=\u00a0\u00bb2&Prime; overlay_alpha=\u00a0\u00bb50&Prime; shift_x=\u00a0\u00bb0&Prime; shift_y=\u00a0\u00bb0&Prime; z_index=\u00a0\u00bb0&Prime; medium_width=\u00a0\u00bb0&Prime; width=\u00a0\u00bb1\/1&Prime; column_width_pixel=\u00a0\u00bb800&Prime;][vc_button button_color=\u00a0\u00bbaccent\u00a0\u00bb size=\u00a0\u00bbbtn-lg\u00a0\u00bb radius=\u00a0\u00bbbtn-circle\u00a0\u00bb border_width=\u00a0\u00bb0&Prime; icon_position=\u00a0\u00bbright\u00a0\u00bb link=\u00a0\u00bburl:https%3A%2F%2Fwww.guides-sports-loisirs.ca%2Fprojetespaces%2Fwp-content%2Fuploads%2Fsites%2F8%2F2024%2F11%2F2.7_PleinAirProximite.pdf||target:%20_blank|\u00a0\u00bb icon=\u00a0\u00bbfa fa-file-o\u00a0\u00bb]Version PDF[\/vc_button][\/vc_column][\/vc_row]<\/p>\n<\/div>","protected":false},"excerpt":{"rendered":"<p>[vc_row row_height_percent=\u00a0\u00bb0&Prime; override_padding=\u00a0\u00bbyes\u00a0\u00bb h_padding=\u00a0\u00bb2&Prime; top_padding=\u00a0\u00bb3&Prime; bottom_padding=\u00a0\u00bb2&Prime; overlay_alpha=\u00a0\u00bb50&Prime; gutter_size=\u00a0\u00bb3&Prime; shift_y=\u00a0\u00bb0&Prime;][vc_column column_width_use_pixel=\u00a0\u00bbyes\u00a0\u00bb gutter_size=\u00a0\u00bb3&Prime; overlay_alpha=\u00a0\u00bb50&Prime; shift_x=\u00a0\u00bb0&Prime; shift_y=\u00a0\u00bb0&Prime; z_index=\u00a0\u00bb0&Prime; medium_width=\u00a0\u00bb0&Prime; width=\u00a0\u00bb1\/1&Prime; column_width_pixel=\u00a0\u00bb800&Prime;][vc_column_text] Le \u00ab [&hellip;]<\/p>\n","protected":false},"author":11,"featured_media":0,"parent":60,"menu_order":0,"comment_status":"closed","ping_status":"closed","template":"","meta":{"_acf_changed":false,"footnotes":""},"class_list":["post-2105","page","type-page","status-publish","hentry"],"acf":[],"yoast_head":"<!-- This site is optimized with the Yoast SEO plugin v27.4 - https:\/\/yoast.com\/product\/yoast-seo-wordpress\/ -->\n<title>Le plein air de proximit\u00e9 - Projet Espaces<\/title>\n<meta name=\"description\" content=\"Le plein air de proximit\u00e9 se distingue notamment par ses lieux de pratique, situ\u00e9s principalement dans les espaces naturels des villes et des villages.\" \/>\n<meta name=\"robots\" content=\"index, follow, max-snippet:-1, max-image-preview:large, max-video-preview:-1\" \/>\n<link rel=\"canonical\" href=\"https:\/\/www.guides-sports-loisirs.ca\/projetespaces\/valeurs-reference\/plein-air-proximite\/\" \/>\n<meta property=\"og:locale\" content=\"fr_FR\" \/>\n<meta property=\"og:type\" content=\"article\" \/>\n<meta property=\"og:title\" content=\"Le plein air de proximit\u00e9 - Projet Espaces\" \/>\n<meta property=\"og:description\" content=\"Le plein air de proximit\u00e9 se distingue notamment par ses lieux de pratique, situ\u00e9s principalement dans les espaces naturels des villes et des villages.\" \/>\n<meta property=\"og:url\" content=\"https:\/\/www.guides-sports-loisirs.ca\/projetespaces\/valeurs-reference\/plein-air-proximite\/\" \/>\n<meta property=\"og:site_name\" content=\"Projet Espaces\" \/>\n<meta property=\"article:modified_time\" content=\"2024-12-11T20:52:33+00:00\" \/>\n<meta name=\"twitter:card\" content=\"summary_large_image\" \/>\n<meta name=\"twitter:label1\" content=\"Dur\u00e9e de lecture estim\u00e9e\" \/>\n\t<meta name=\"twitter:data1\" content=\"8 minutes\" \/>\n<script type=\"application\/ld+json\" class=\"yoast-schema-graph\">{\"@context\":\"https:\\\/\\\/schema.org\",\"@graph\":[{\"@type\":\"WebPage\",\"@id\":\"https:\\\/\\\/www.guides-sports-loisirs.ca\\\/projetespaces\\\/valeurs-reference\\\/plein-air-proximite\\\/\",\"url\":\"https:\\\/\\\/www.guides-sports-loisirs.ca\\\/projetespaces\\\/valeurs-reference\\\/plein-air-proximite\\\/\",\"name\":\"Le plein air de proximit\u00e9 - Projet Espaces\",\"isPartOf\":{\"@id\":\"https:\\\/\\\/www.guides-sports-loisirs.ca\\\/projetespaces\\\/#website\"},\"datePublished\":\"2022-06-20T21:36:40+00:00\",\"dateModified\":\"2024-12-11T20:52:33+00:00\",\"description\":\"Le plein air de proximit\u00e9 se distingue notamment par ses lieux de pratique, situ\u00e9s principalement dans les espaces naturels des villes et des villages.\",\"breadcrumb\":{\"@id\":\"https:\\\/\\\/www.guides-sports-loisirs.ca\\\/projetespaces\\\/valeurs-reference\\\/plein-air-proximite\\\/#breadcrumb\"},\"inLanguage\":\"fr-FR\",\"potentialAction\":[{\"@type\":\"ReadAction\",\"target\":[\"https:\\\/\\\/www.guides-sports-loisirs.ca\\\/projetespaces\\\/valeurs-reference\\\/plein-air-proximite\\\/\"]}]},{\"@type\":\"BreadcrumbList\",\"@id\":\"https:\\\/\\\/www.guides-sports-loisirs.ca\\\/projetespaces\\\/valeurs-reference\\\/plein-air-proximite\\\/#breadcrumb\",\"itemListElement\":[{\"@type\":\"ListItem\",\"position\":1,\"name\":\"Accueil\",\"item\":\"https:\\\/\\\/www.guides-sports-loisirs.ca\\\/projetespaces\\\/\"},{\"@type\":\"ListItem\",\"position\":2,\"name\":\"Valeurs de r\u00e9f\u00e9rence\",\"item\":\"https:\\\/\\\/www.guides-sports-loisirs.ca\\\/projetespaces\\\/valeurs-reference\\\/\"},{\"@type\":\"ListItem\",\"position\":3,\"name\":\"Le plein air de proximit\u00e9\"}]},{\"@type\":\"WebSite\",\"@id\":\"https:\\\/\\\/www.guides-sports-loisirs.ca\\\/projetespaces\\\/#website\",\"url\":\"https:\\\/\\\/www.guides-sports-loisirs.ca\\\/projetespaces\\\/\",\"name\":\"Projet Espaces\",\"description\":\"\",\"potentialAction\":[{\"@type\":\"SearchAction\",\"target\":{\"@type\":\"EntryPoint\",\"urlTemplate\":\"https:\\\/\\\/www.guides-sports-loisirs.ca\\\/projetespaces\\\/?s={search_term_string}\"},\"query-input\":{\"@type\":\"PropertyValueSpecification\",\"valueRequired\":true,\"valueName\":\"search_term_string\"}}],\"inLanguage\":\"fr-FR\"}]}<\/script>\n<!-- \/ Yoast SEO plugin. -->","yoast_head_json":{"title":"Le plein air de proximit\u00e9 - Projet Espaces","description":"Le plein air de proximit\u00e9 se distingue notamment par ses lieux de pratique, situ\u00e9s principalement dans les espaces naturels des villes et des villages.","robots":{"index":"index","follow":"follow","max-snippet":"max-snippet:-1","max-image-preview":"max-image-preview:large","max-video-preview":"max-video-preview:-1"},"canonical":"https:\/\/www.guides-sports-loisirs.ca\/projetespaces\/valeurs-reference\/plein-air-proximite\/","og_locale":"fr_FR","og_type":"article","og_title":"Le plein air de proximit\u00e9 - Projet Espaces","og_description":"Le plein air de proximit\u00e9 se distingue notamment par ses lieux de pratique, situ\u00e9s principalement dans les espaces naturels des villes et des villages.","og_url":"https:\/\/www.guides-sports-loisirs.ca\/projetespaces\/valeurs-reference\/plein-air-proximite\/","og_site_name":"Projet Espaces","article_modified_time":"2024-12-11T20:52:33+00:00","twitter_card":"summary_large_image","twitter_misc":{"Dur\u00e9e de lecture estim\u00e9e":"8 minutes"},"schema":{"@context":"https:\/\/schema.org","@graph":[{"@type":"WebPage","@id":"https:\/\/www.guides-sports-loisirs.ca\/projetespaces\/valeurs-reference\/plein-air-proximite\/","url":"https:\/\/www.guides-sports-loisirs.ca\/projetespaces\/valeurs-reference\/plein-air-proximite\/","name":"Le plein air de proximit\u00e9 - Projet Espaces","isPartOf":{"@id":"https:\/\/www.guides-sports-loisirs.ca\/projetespaces\/#website"},"datePublished":"2022-06-20T21:36:40+00:00","dateModified":"2024-12-11T20:52:33+00:00","description":"Le plein air de proximit\u00e9 se distingue notamment par ses lieux de pratique, situ\u00e9s principalement dans les espaces naturels des villes et des villages.","breadcrumb":{"@id":"https:\/\/www.guides-sports-loisirs.ca\/projetespaces\/valeurs-reference\/plein-air-proximite\/#breadcrumb"},"inLanguage":"fr-FR","potentialAction":[{"@type":"ReadAction","target":["https:\/\/www.guides-sports-loisirs.ca\/projetespaces\/valeurs-reference\/plein-air-proximite\/"]}]},{"@type":"BreadcrumbList","@id":"https:\/\/www.guides-sports-loisirs.ca\/projetespaces\/valeurs-reference\/plein-air-proximite\/#breadcrumb","itemListElement":[{"@type":"ListItem","position":1,"name":"Accueil","item":"https:\/\/www.guides-sports-loisirs.ca\/projetespaces\/"},{"@type":"ListItem","position":2,"name":"Valeurs de r\u00e9f\u00e9rence","item":"https:\/\/www.guides-sports-loisirs.ca\/projetespaces\/valeurs-reference\/"},{"@type":"ListItem","position":3,"name":"Le plein air de proximit\u00e9"}]},{"@type":"WebSite","@id":"https:\/\/www.guides-sports-loisirs.ca\/projetespaces\/#website","url":"https:\/\/www.guides-sports-loisirs.ca\/projetespaces\/","name":"Projet Espaces","description":"","potentialAction":[{"@type":"SearchAction","target":{"@type":"EntryPoint","urlTemplate":"https:\/\/www.guides-sports-loisirs.ca\/projetespaces\/?s={search_term_string}"},"query-input":{"@type":"PropertyValueSpecification","valueRequired":true,"valueName":"search_term_string"}}],"inLanguage":"fr-FR"}]}},"_links":{"self":[{"href":"https:\/\/www.guides-sports-loisirs.ca\/projetespaces\/wp-json\/wp\/v2\/pages\/2105","targetHints":{"allow":["GET"]}}],"collection":[{"href":"https:\/\/www.guides-sports-loisirs.ca\/projetespaces\/wp-json\/wp\/v2\/pages"}],"about":[{"href":"https:\/\/www.guides-sports-loisirs.ca\/projetespaces\/wp-json\/wp\/v2\/types\/page"}],"author":[{"embeddable":true,"href":"https:\/\/www.guides-sports-loisirs.ca\/projetespaces\/wp-json\/wp\/v2\/users\/11"}],"replies":[{"embeddable":true,"href":"https:\/\/www.guides-sports-loisirs.ca\/projetespaces\/wp-json\/wp\/v2\/comments?post=2105"}],"version-history":[{"count":38,"href":"https:\/\/www.guides-sports-loisirs.ca\/projetespaces\/wp-json\/wp\/v2\/pages\/2105\/revisions"}],"predecessor-version":[{"id":2287,"href":"https:\/\/www.guides-sports-loisirs.ca\/projetespaces\/wp-json\/wp\/v2\/pages\/2105\/revisions\/2287"}],"up":[{"embeddable":true,"href":"https:\/\/www.guides-sports-loisirs.ca\/projetespaces\/wp-json\/wp\/v2\/pages\/60"}],"wp:attachment":[{"href":"https:\/\/www.guides-sports-loisirs.ca\/projetespaces\/wp-json\/wp\/v2\/media?parent=2105"}],"curies":[{"name":"wp","href":"https:\/\/api.w.org\/{rel}","templated":true}]}}