{"id":2008,"date":"2022-02-02T21:03:31","date_gmt":"2022-02-03T02:03:31","guid":{"rendered":"https:\/\/www.guides-sports-loisirs.ca\/projetespaces\/?page_id=2008"},"modified":"2024-11-06T10:50:51","modified_gmt":"2024-11-06T15:50:51","slug":"penser-ados","status":"publish","type":"page","link":"https:\/\/www.guides-sports-loisirs.ca\/projetespaces\/parcs-pour-tous\/penser-ados\/","title":{"rendered":"Penser ados"},"content":{"rendered":"<div class=\"wpb-content-wrapper\"><p>[vc_row row_height_percent=\u00a0\u00bb0&Prime; override_padding=\u00a0\u00bbyes\u00a0\u00bb h_padding=\u00a0\u00bb2&Prime; top_padding=\u00a0\u00bb3&Prime; bottom_padding=\u00a0\u00bb2&Prime; overlay_alpha=\u00a0\u00bb50&Prime; gutter_size=\u00a0\u00bb3&Prime; shift_y=\u00a0\u00bb0&Prime;][vc_column column_width_use_pixel=\u00a0\u00bbyes\u00a0\u00bb gutter_size=\u00a0\u00bb3&Prime; overlay_alpha=\u00a0\u00bb50&Prime; shift_x=\u00a0\u00bb0&Prime; shift_y=\u00a0\u00bb0&Prime; z_index=\u00a0\u00bb0&Prime; medium_width=\u00a0\u00bb0&Prime; width=\u00a0\u00bb1\/1&Prime; column_width_pixel=\u00a0\u00bb800&Prime;][vc_column_text]<strong>Pendant des ann\u00e9es, pour trouver leur place dans les parcs publics, ils ont \u00e9t\u00e9 contraints soit de jouer au basketball, soit de pratiquer de la planche \u00e0 roulettes (et encore). Groupe social qui se d\u00e9marque par la diversit\u00e9 de ses int\u00e9r\u00eats, par son besoin de libert\u00e9 et par un go\u00fbt prononc\u00e9 de faire ses propres exp\u00e9riences, les adolescents m\u00e9ritent qu\u2019on int\u00e8gre dans les parcs des am\u00e9nagements stimulants qui r\u00e9pondent bien \u00e0 leurs besoins.<\/strong><\/p>\n<p><img decoding=\"async\" class=\"alignnone size-full wp-image-2013\" src=\"https:\/\/www.guides-sports-loisirs.ca\/projetespaces\/wp-content\/uploads\/sites\/8\/2022\/02\/ados.jpeg\" alt=\"\" width=\"1156\" height=\"639\" srcset=\"https:\/\/www.guides-sports-loisirs.ca\/projetespaces\/wp-content\/uploads\/sites\/8\/2022\/02\/ados.jpeg 1156w, https:\/\/www.guides-sports-loisirs.ca\/projetespaces\/wp-content\/uploads\/sites\/8\/2022\/02\/ados-300x166.jpeg 300w, https:\/\/www.guides-sports-loisirs.ca\/projetespaces\/wp-content\/uploads\/sites\/8\/2022\/02\/ados-1024x566.jpeg 1024w, https:\/\/www.guides-sports-loisirs.ca\/projetespaces\/wp-content\/uploads\/sites\/8\/2022\/02\/ados-768x425.jpeg 768w\" sizes=\"(max-width: 1156px) 100vw, 1156px\" \/>[\/vc_column_text][vc_row_inner row_inner_height_percent=\u00a0\u00bb0&Prime; overlay_alpha=\u00a0\u00bb50&Prime; gutter_size=\u00a0\u00bb3&Prime; shift_y=\u00a0\u00bb0&Prime; z_index=\u00a0\u00bb0&Prime;][vc_column_inner width=\u00a0\u00bb1\/1&Prime;][vc_column_text border_color=\u00a0\u00bbaccent\u00a0\u00bb border_style=\u00a0\u00bbsolid\u00a0\u00bb css=\u00a0\u00bb.vc_custom_1643854392708{padding-top: 20px !important;padding-right: 20px !important;padding-bottom: 20px !important;padding-left: 20px !important;}\u00a0\u00bb]<\/p>\n<h3>Les ados en quelques lignes<\/h3>\n<ul>\n<li>Ils ont besoin de se retrouver entre eux, de sortir entre amis et de s\u2019identifier \u00e0 un groupe.<\/li>\n<li>Ils ont soif de libert\u00e9 dans leurs actions.<\/li>\n<li>Leurs int\u00e9r\u00eats sont tr\u00e8s diversifi\u00e9s d\u2019un jeune \u00e0 l\u2019autre.<\/li>\n<li>Les besoins diff\u00e8rent selon l\u2019\u00e2ge, le sexe, le milieu familial et la culture.<\/li>\n<li>Ils ont le go\u00fbt du risque.<\/li>\n<li>Ils ont leurs opinions et aiment les affirmer.<\/li>\n<\/ul>\n<p>[\/vc_column_text][\/vc_column_inner][\/vc_row_inner][vc_accordion][vc_accordion_tab title=\u00a0\u00bbDES AM\u00c9NAGEMENTS QUI B\u00c9N\u00c9FICIENT \u00c0 TOUS\u00a0\u00bb tab_id=\u00a0\u00bb1644026377-1-35&Prime;][vc_column_text]Plusieurs \u00e9l\u00e9ments que l\u2019on retrouve g\u00e9n\u00e9ralement dans les parcs peuvent b\u00e9n\u00e9ficier aussi aux adolescents : les sentiers, les terrains sportifs (basketball, patinoire, terrain de soccer, etc.), le mobilier urbain (bancs, table de pique-nique, bacs multimati\u00e8res), les supports \u00e0 v\u00e9los, les fontaines d\u2019eau potable, les espaces verts libres d\u2019am\u00e9nagement, etc. La fiche <a href=\"https:\/\/www.guides-sports-loisirs.ca\/projetespaces\/espaces-jeu-enfants\/approche-zones\/\">Am\u00e9nagement de parc \u2013 les incontournables<\/a> met notamment en lumi\u00e8re les \u00ab \u00e9l\u00e9ments constitutifs sans lesquels le parc ne pourrait attirer une population vari\u00e9e de tous \u00e2ges et de toutes conditions \u00bb.[\/vc_column_text][\/vc_accordion_tab][vc_accordion_tab title=\u00a0\u00bbDES AM\u00c9NAGEMENTS PARTAG\u00c9S\u00a0\u00bb tab_id=\u00a0\u00bb1644026377-2-90&Prime;][vc_column_text]L\u2019adolescent-citoyen est aussi l\u2019adolescent-\u00e9l\u00e8ve qui fr\u00e9quente l\u2019\u00e9cole secondaire. Le d\u00e9veloppement d\u2019am\u00e9nagements et d\u2019\u00e9quipements compl\u00e9mentaires partag\u00e9s entre les milieux scolaire et municipal est l\u2019une des pistes les plus int\u00e9ressantes pour offrir, dans une m\u00eame municipalit\u00e9, une plus grande vari\u00e9t\u00e9 d\u2019activit\u00e9s \u00e0 ce groupe de population.<\/p>\n<p>D\u2019un point de vue un peu plus cibl\u00e9 pour r\u00e9pondre aux besoins des adolescents dans les parcs municipaux tout en misant sur l\u2019optimisation des espaces et des \u00e9quipements, il est possible de pr\u00e9voir des am\u00e9nagements polyvalents particuli\u00e8rement appr\u00e9ci\u00e9s des jeunes, mais qui peuvent \u00eatre partag\u00e9s par d\u2019autres citoyens \u00e0 diff\u00e9rents moments de la journ\u00e9e. Les v\u00e9loparcs et les pistes \u00e0 rouleaux (pumptrack) en sont de bons exemples. Ils peuvent \u00eatre utilis\u00e9s le samedi matin par les jeunes familles afin d\u2019initier les enfants \u00e0 la draisienne ou \u00e0 la trottinette, \u00e0 l\u2019heure o\u00f9 les ados dorment encore, puis utilis\u00e9s en soir\u00e9e par ces derniers. Un affichage appropri\u00e9 jumel\u00e9 \u00e0 une sensibilisation accrue au respect mutuel devrait faciliter la cohabitation.[\/vc_column_text][\/vc_accordion_tab][vc_accordion_tab title=\u00a0\u00bbUN ESPACE JUSTE POUR EUX!\u00a0\u00bb tab_id=\u00a0\u00bb1644026606903-2-9&Prime;][vc_column_text]Qu\u2019on la nomme zone ados, espace jeunesse ou autre, cette section du parc est le haut lieu des rassemblements pour les adolescents. R\u00e9serv\u00e9 \u00e0 la pratique libre, il s\u2019agit d\u2019un espace facile d\u2019acc\u00e8s o\u00f9 les jeunes peuvent se rassembler pour pratiquer quelques activit\u00e9s physiques, artistiques ou sociales entre eux. Cette zone doit \u00eatre accueillante, les messages qui y sont affich\u00e9s doivent \u00eatre positifs et mettre \u00e0 l\u2019aise ceux qui s\u2019y pr\u00e9sentent. Elle est situ\u00e9e suffisamment pr\u00e8s de l\u2019action pour assurer une certaine surveillance, tout en \u00e9tant suffisamment \u00e0 l\u2019\u00e9cart pour que les jeunes b\u00e9n\u00e9ficient de l\u2019intimit\u00e9 dont ils ont besoin.<\/p>\n<p>On retrouvera dans cet espace une concentration d\u2019\u00e9quipements pris\u00e9s par les adolescents. Des am\u00e9nagements qui proposent des d\u00e9fis \u00e0 leur mesure et qui tiennent compte des nouvelles tendances : parc de planche \u00e0 roulettes, mur d\u2019escalade (bloc), parcours \u00e0 obstacles, sangle d\u2019\u00e9quilibre (slackline), table babyfoot ext\u00e9rieure, table de tennis de table ext\u00e9rieur, etc. Divers \u00e9l\u00e9ments favorisant l\u2019expression artistique (mur de graffiti, lieu de cr\u00e9ation, piano public, cercle de danse, etc.) peuvent aussi faire partie de la zone ado. Dans certains milieux, il pourrait m\u00eame \u00eatre possible de pr\u00e9voir du mat\u00e9riel de jeu Spike Ball, un ballon de football, des jeux de tables, etc. dans un endroit r\u00e9serv\u00e9 \u00e0 cet effet.<\/p>\n<p>La vari\u00e9t\u00e9 des activit\u00e9s propos\u00e9es dans cette zone est l\u2019une des cl\u00e9s du succ\u00e8s dans l\u2019am\u00e9nagement d\u2019un espace ados qui veut r\u00e9pondre \u00e0 la diversit\u00e9 de leurs besoins et de leurs int\u00e9r\u00eats.[\/vc_column_text][\/vc_accordion_tab][vc_accordion_tab title=\u00a0\u00bbACCESSIBLE ET ATTRAYANT \u2013 DEUX MOTS CL\u00c9S\u00a0\u00bb tab_id=\u00a0\u00bb1644026654407-3-5&Prime;][vc_column_text]Pour des lieux appr\u00e9ci\u00e9s et fr\u00e9quent\u00e9s, les municipalit\u00e9s qui souhaitent cr\u00e9er un espace jeunesse doivent privil\u00e9gier l\u2019accessibilit\u00e9 du site et son caract\u00e8re attrayant. Voici quelques id\u00e9es \u00e0 int\u00e9grer \u00e0 l\u2019am\u00e9nagement pour cr\u00e9er un effet WOW!<\/p>\n<ul>\n<li>Pr\u00e9voir une zone d\u2019accueil qui permet aux usagers d\u2019acc\u00e9der rapidement \u00e0 la zone ados;<\/li>\n<li>Installer des stations de branchement pour permettre de recharger des appareils \u00e9lectroniques et diffuser la musique qui leur pla\u00eet;<\/li>\n<li>Favoriser l\u2019utilisation de mati\u00e8res, de couleurs et de concepts (design) jeunes et dynamiques pour rendre l\u2019espace attrayant : voile d\u2019ombrage color\u00e9, mobilier distinct et inusit\u00e9 (hamac, \u0153uvre d\u2019artisan, projet scolaire en \u00e9tudes professionnelles, etc.);<\/li>\n<li>Disposer le mobilier pour cr\u00e9er de petits \u00eelots;<\/li>\n<li>Pr\u00e9voir un acc\u00e8s \u00e0 un site s\u00e9curis\u00e9 pour faire des feux de camp;<\/li>\n<li>Planter des arbres et des v\u00e9g\u00e9taux \u00e0 proximit\u00e9;<\/li>\n<li>Permettre aux gens qui fr\u00e9quentent cette zone de pouvoir l\u2019utiliser plus tard en soir\u00e9e, par exemple jusqu\u2019\u00e0\u200923h;<\/li>\n<li>Pr\u00e9voir un \u00e9clairage qui sort de l\u2019ordinaire;<\/li>\n<li>Animer l\u2019espace ados par des \u00e9v\u00e9nements sp\u00e9ciaux (camion de cuisine de rue, soir\u00e9es th\u00e9matiques, etc.) en guise de valeur ajout\u00e9e.<\/li>\n<\/ul>\n<p>[\/vc_column_text][\/vc_accordion_tab][vc_accordion_tab title=\u00a0\u00bbLES CONSULTER : TOUJOURS UNE BONNE ID\u00c9E!\u00a0\u00bb tab_id=\u00a0\u00bb1644026703300-4-6&Prime;][vc_column_text]Malgr\u00e9 toutes les id\u00e9es qui viennent d\u2019\u00eatre \u00e9num\u00e9r\u00e9es, il demeure primordial d\u2019impliquer les jeunes dans tout projet qui les concerne. La mise en place de groupes de discussion est tr\u00e8s porteuse dans cette cat\u00e9gorie d\u2019\u00e2ge. Les ados sauront vous dire ce qui les int\u00e9resse, ce qu\u2019ils ont vu ailleurs, ce dont ils ont besoin, ce dont ils r\u00eavent.<\/p>\n<p>Les impliquer dans la consultation, et m\u00eame dans la r\u00e9alisation d\u2019un projet, c\u2019est leur faire vivre une super exp\u00e9rience qui va augmenter \u00e0 coup s\u00fbr leur adh\u00e9sion au projet, ce qui, par le fait m\u00eame, aura un impact direct sur la pr\u00e9vention du vandalisme (voir fiche <a href=\"https:\/\/www.guides-sports-loisirs.ca\/projetespaces\/wp-content\/uploads\/sites\/8\/2022\/02\/3.3.1_CondSucces_PreventionVandalisme.pdf\">Pr\u00e9venir le vandalisme<\/a>).[\/vc_column_text][\/vc_accordion_tab][vc_accordion_tab title=\u00a0\u00bbBESOIN D\u2019UN COUP DE MAIN?\u00a0\u00bb tab_id=\u00a0\u00bb1644026742164-5-8&Prime;][vc_column_text]Vous d\u00e9sirez obtenir plus d\u2019information, du soutien et de l\u2019accompagnement en mati\u00e8re d\u2019am\u00e9nagement de parcs et d\u2019espaces r\u00e9cr\u00e9atifs? N\u2019h\u00e9sitez pas \u00e0 contacter l\u2019<a href=\"https:\/\/reseau-urls.quebec\/#les-urls\" target=\"_blank\" rel=\"noopener noreferrer\">URLS de votre r\u00e9gion<\/a> afin de conna\u00eetre son offre de service.<\/p>\n<p><img decoding=\"async\" class=\"alignnone wp-image-2103 size-full\" src=\"https:\/\/www.guides-sports-loisirs.ca\/projetespaces\/wp-content\/uploads\/sites\/8\/2022\/06\/ados2.jpg\" alt=\"\" width=\"730\" height=\"154\" srcset=\"https:\/\/www.guides-sports-loisirs.ca\/projetespaces\/wp-content\/uploads\/sites\/8\/2022\/06\/ados2.jpg 730w, https:\/\/www.guides-sports-loisirs.ca\/projetespaces\/wp-content\/uploads\/sites\/8\/2022\/06\/ados2-300x63.jpg 300w\" sizes=\"(max-width: 730px) 100vw, 730px\" \/>[\/vc_column_text][\/vc_accordion_tab][\/vc_accordion][\/vc_column][\/vc_row][vc_row row_height_percent=\u00a0\u00bb0&Prime; override_padding=\u00a0\u00bbyes\u00a0\u00bb h_padding=\u00a0\u00bb2&Prime; top_padding=\u00a0\u00bb2&Prime; bottom_padding=\u00a0\u00bb2&Prime; overlay_alpha=\u00a0\u00bb50&Prime; gutter_size=\u00a0\u00bb3&Prime; shift_y=\u00a0\u00bb0&Prime;][vc_column column_width_use_pixel=\u00a0\u00bbyes\u00a0\u00bb gutter_size=\u00a0\u00bb2&Prime; overlay_alpha=\u00a0\u00bb50&Prime; shift_x=\u00a0\u00bb0&Prime; shift_y=\u00a0\u00bb0&Prime; z_index=\u00a0\u00bb0&Prime; medium_width=\u00a0\u00bb0&Prime; width=\u00a0\u00bb1\/1&Prime; column_width_pixel=\u00a0\u00bb800&Prime;][vc_button button_color=\u00a0\u00bbaccent\u00a0\u00bb size=\u00a0\u00bbbtn-lg\u00a0\u00bb radius=\u00a0\u00bbbtn-circle\u00a0\u00bb border_width=\u00a0\u00bb0&Prime; icon_position=\u00a0\u00bbright\u00a0\u00bb link=\u00a0\u00bburl:https%3A%2F%2Fwww.guides-sports-loisirs.ca%2Fprojetespaces%2Fwp-content%2Fuploads%2Fsites%2F8%2F2024%2F11%2F6.4.1_ParcsPourTous_PenserAdos.pdf||target:%20_blank|\u00a0\u00bb icon=\u00a0\u00bbfa fa-file-o\u00a0\u00bb]Version PDF[\/vc_button][\/vc_column][\/vc_row]<\/p>\n<\/div>","protected":false},"excerpt":{"rendered":"<p>[vc_row row_height_percent=\u00a0\u00bb0&Prime; override_padding=\u00a0\u00bbyes\u00a0\u00bb h_padding=\u00a0\u00bb2&Prime; top_padding=\u00a0\u00bb3&Prime; bottom_padding=\u00a0\u00bb2&Prime; overlay_alpha=\u00a0\u00bb50&Prime; gutter_size=\u00a0\u00bb3&Prime; shift_y=\u00a0\u00bb0&Prime;][vc_column column_width_use_pixel=\u00a0\u00bbyes\u00a0\u00bb gutter_size=\u00a0\u00bb3&Prime; overlay_alpha=\u00a0\u00bb50&Prime; shift_x=\u00a0\u00bb0&Prime; shift_y=\u00a0\u00bb0&Prime; z_index=\u00a0\u00bb0&Prime; medium_width=\u00a0\u00bb0&Prime; width=\u00a0\u00bb1\/1&Prime; column_width_pixel=\u00a0\u00bb800&Prime;][vc_column_text]Pendant des ann\u00e9es, [&hellip;]<\/p>\n","protected":false},"author":11,"featured_media":0,"parent":799,"menu_order":0,"comment_status":"closed","ping_status":"closed","template":"","meta":{"_acf_changed":false,"footnotes":""},"class_list":["post-2008","page","type-page","status-publish","hentry"],"acf":[],"yoast_head":"<!-- This site is optimized with the Yoast SEO plugin v27.2 - https:\/\/yoast.com\/product\/yoast-seo-wordpress\/ -->\n<title>Penser ados - Projet Espaces<\/title>\n<meta name=\"robots\" content=\"index, follow, max-snippet:-1, max-image-preview:large, max-video-preview:-1\" \/>\n<link rel=\"canonical\" href=\"https:\/\/www.guides-sports-loisirs.ca\/projetespaces\/parcs-pour-tous\/penser-ados\/\" \/>\n<meta property=\"og:locale\" content=\"fr_FR\" \/>\n<meta property=\"og:type\" content=\"article\" \/>\n<meta property=\"og:title\" content=\"Penser ados - Projet Espaces\" \/>\n<meta property=\"og:description\" content=\"[vc_row row_height_percent=\u00a0\u00bb0&Prime; override_padding=\u00a0\u00bbyes\u00a0\u00bb h_padding=\u00a0\u00bb2&Prime; top_padding=\u00a0\u00bb3&Prime; bottom_padding=\u00a0\u00bb2&Prime; overlay_alpha=\u00a0\u00bb50&Prime; gutter_size=\u00a0\u00bb3&Prime; shift_y=\u00a0\u00bb0&Prime;][vc_column column_width_use_pixel=\u00a0\u00bbyes\u00a0\u00bb gutter_size=\u00a0\u00bb3&Prime; overlay_alpha=\u00a0\u00bb50&Prime; shift_x=\u00a0\u00bb0&Prime; shift_y=\u00a0\u00bb0&Prime; z_index=\u00a0\u00bb0&Prime; medium_width=\u00a0\u00bb0&Prime; width=\u00a0\u00bb1\/1&Prime; column_width_pixel=\u00a0\u00bb800&Prime;][vc_column_text]Pendant des ann\u00e9es, [&hellip;]\" \/>\n<meta property=\"og:url\" content=\"https:\/\/www.guides-sports-loisirs.ca\/projetespaces\/parcs-pour-tous\/penser-ados\/\" \/>\n<meta property=\"og:site_name\" content=\"Projet Espaces\" \/>\n<meta property=\"article:modified_time\" content=\"2024-11-06T15:50:51+00:00\" \/>\n<meta property=\"og:image\" content=\"https:\/\/www.guides-sports-loisirs.ca\/projetespaces\/wp-content\/uploads\/sites\/8\/2022\/02\/ados.jpeg\" \/>\n<meta name=\"twitter:card\" content=\"summary_large_image\" \/>\n<meta name=\"twitter:label1\" content=\"Dur\u00e9e de lecture estim\u00e9e\" \/>\n\t<meta name=\"twitter:data1\" content=\"6 minutes\" \/>\n<script type=\"application\/ld+json\" class=\"yoast-schema-graph\">{\"@context\":\"https:\/\/schema.org\",\"@graph\":[{\"@type\":\"WebPage\",\"@id\":\"https:\/\/www.guides-sports-loisirs.ca\/projetespaces\/parcs-pour-tous\/penser-ados\/\",\"url\":\"https:\/\/www.guides-sports-loisirs.ca\/projetespaces\/parcs-pour-tous\/penser-ados\/\",\"name\":\"Penser ados - Projet Espaces\",\"isPartOf\":{\"@id\":\"https:\/\/www.guides-sports-loisirs.ca\/projetespaces\/#website\"},\"primaryImageOfPage\":{\"@id\":\"https:\/\/www.guides-sports-loisirs.ca\/projetespaces\/parcs-pour-tous\/penser-ados\/#primaryimage\"},\"image\":{\"@id\":\"https:\/\/www.guides-sports-loisirs.ca\/projetespaces\/parcs-pour-tous\/penser-ados\/#primaryimage\"},\"thumbnailUrl\":\"https:\/\/www.guides-sports-loisirs.ca\/projetespaces\/wp-content\/uploads\/sites\/8\/2022\/02\/ados.jpeg\",\"datePublished\":\"2022-02-03T02:03:31+00:00\",\"dateModified\":\"2024-11-06T15:50:51+00:00\",\"breadcrumb\":{\"@id\":\"https:\/\/www.guides-sports-loisirs.ca\/projetespaces\/parcs-pour-tous\/penser-ados\/#breadcrumb\"},\"inLanguage\":\"fr-FR\",\"potentialAction\":[{\"@type\":\"ReadAction\",\"target\":[\"https:\/\/www.guides-sports-loisirs.ca\/projetespaces\/parcs-pour-tous\/penser-ados\/\"]}]},{\"@type\":\"ImageObject\",\"inLanguage\":\"fr-FR\",\"@id\":\"https:\/\/www.guides-sports-loisirs.ca\/projetespaces\/parcs-pour-tous\/penser-ados\/#primaryimage\",\"url\":\"https:\/\/www.guides-sports-loisirs.ca\/projetespaces\/wp-content\/uploads\/sites\/8\/2022\/02\/ados.jpeg\",\"contentUrl\":\"https:\/\/www.guides-sports-loisirs.ca\/projetespaces\/wp-content\/uploads\/sites\/8\/2022\/02\/ados.jpeg\",\"width\":1156,\"height\":639},{\"@type\":\"BreadcrumbList\",\"@id\":\"https:\/\/www.guides-sports-loisirs.ca\/projetespaces\/parcs-pour-tous\/penser-ados\/#breadcrumb\",\"itemListElement\":[{\"@type\":\"ListItem\",\"position\":1,\"name\":\"Accueil\",\"item\":\"https:\/\/www.guides-sports-loisirs.ca\/projetespaces\/\"},{\"@type\":\"ListItem\",\"position\":2,\"name\":\"Parcs pour tous\",\"item\":\"https:\/\/www.guides-sports-loisirs.ca\/projetespaces\/parcs-pour-tous\/\"},{\"@type\":\"ListItem\",\"position\":3,\"name\":\"Penser ados\"}]},{\"@type\":\"WebSite\",\"@id\":\"https:\/\/www.guides-sports-loisirs.ca\/projetespaces\/#website\",\"url\":\"https:\/\/www.guides-sports-loisirs.ca\/projetespaces\/\",\"name\":\"Projet Espaces\",\"description\":\"\",\"potentialAction\":[{\"@type\":\"SearchAction\",\"target\":{\"@type\":\"EntryPoint\",\"urlTemplate\":\"https:\/\/www.guides-sports-loisirs.ca\/projetespaces\/?s={search_term_string}\"},\"query-input\":{\"@type\":\"PropertyValueSpecification\",\"valueRequired\":true,\"valueName\":\"search_term_string\"}}],\"inLanguage\":\"fr-FR\"}]}<\/script>\n<!-- \/ Yoast SEO plugin. -->","yoast_head_json":{"title":"Penser ados - Projet Espaces","robots":{"index":"index","follow":"follow","max-snippet":"max-snippet:-1","max-image-preview":"max-image-preview:large","max-video-preview":"max-video-preview:-1"},"canonical":"https:\/\/www.guides-sports-loisirs.ca\/projetespaces\/parcs-pour-tous\/penser-ados\/","og_locale":"fr_FR","og_type":"article","og_title":"Penser ados - Projet Espaces","og_description":"[vc_row row_height_percent=\u00a0\u00bb0&Prime; override_padding=\u00a0\u00bbyes\u00a0\u00bb h_padding=\u00a0\u00bb2&Prime; top_padding=\u00a0\u00bb3&Prime; bottom_padding=\u00a0\u00bb2&Prime; overlay_alpha=\u00a0\u00bb50&Prime; gutter_size=\u00a0\u00bb3&Prime; shift_y=\u00a0\u00bb0&Prime;][vc_column column_width_use_pixel=\u00a0\u00bbyes\u00a0\u00bb gutter_size=\u00a0\u00bb3&Prime; overlay_alpha=\u00a0\u00bb50&Prime; shift_x=\u00a0\u00bb0&Prime; shift_y=\u00a0\u00bb0&Prime; z_index=\u00a0\u00bb0&Prime; medium_width=\u00a0\u00bb0&Prime; width=\u00a0\u00bb1\/1&Prime; column_width_pixel=\u00a0\u00bb800&Prime;][vc_column_text]Pendant des ann\u00e9es, [&hellip;]","og_url":"https:\/\/www.guides-sports-loisirs.ca\/projetespaces\/parcs-pour-tous\/penser-ados\/","og_site_name":"Projet Espaces","article_modified_time":"2024-11-06T15:50:51+00:00","og_image":[{"url":"https:\/\/www.guides-sports-loisirs.ca\/projetespaces\/wp-content\/uploads\/sites\/8\/2022\/02\/ados.jpeg","type":"","width":"","height":""}],"twitter_card":"summary_large_image","twitter_misc":{"Dur\u00e9e de lecture estim\u00e9e":"6 minutes"},"schema":{"@context":"https:\/\/schema.org","@graph":[{"@type":"WebPage","@id":"https:\/\/www.guides-sports-loisirs.ca\/projetespaces\/parcs-pour-tous\/penser-ados\/","url":"https:\/\/www.guides-sports-loisirs.ca\/projetespaces\/parcs-pour-tous\/penser-ados\/","name":"Penser ados - Projet Espaces","isPartOf":{"@id":"https:\/\/www.guides-sports-loisirs.ca\/projetespaces\/#website"},"primaryImageOfPage":{"@id":"https:\/\/www.guides-sports-loisirs.ca\/projetespaces\/parcs-pour-tous\/penser-ados\/#primaryimage"},"image":{"@id":"https:\/\/www.guides-sports-loisirs.ca\/projetespaces\/parcs-pour-tous\/penser-ados\/#primaryimage"},"thumbnailUrl":"https:\/\/www.guides-sports-loisirs.ca\/projetespaces\/wp-content\/uploads\/sites\/8\/2022\/02\/ados.jpeg","datePublished":"2022-02-03T02:03:31+00:00","dateModified":"2024-11-06T15:50:51+00:00","breadcrumb":{"@id":"https:\/\/www.guides-sports-loisirs.ca\/projetespaces\/parcs-pour-tous\/penser-ados\/#breadcrumb"},"inLanguage":"fr-FR","potentialAction":[{"@type":"ReadAction","target":["https:\/\/www.guides-sports-loisirs.ca\/projetespaces\/parcs-pour-tous\/penser-ados\/"]}]},{"@type":"ImageObject","inLanguage":"fr-FR","@id":"https:\/\/www.guides-sports-loisirs.ca\/projetespaces\/parcs-pour-tous\/penser-ados\/#primaryimage","url":"https:\/\/www.guides-sports-loisirs.ca\/projetespaces\/wp-content\/uploads\/sites\/8\/2022\/02\/ados.jpeg","contentUrl":"https:\/\/www.guides-sports-loisirs.ca\/projetespaces\/wp-content\/uploads\/sites\/8\/2022\/02\/ados.jpeg","width":1156,"height":639},{"@type":"BreadcrumbList","@id":"https:\/\/www.guides-sports-loisirs.ca\/projetespaces\/parcs-pour-tous\/penser-ados\/#breadcrumb","itemListElement":[{"@type":"ListItem","position":1,"name":"Accueil","item":"https:\/\/www.guides-sports-loisirs.ca\/projetespaces\/"},{"@type":"ListItem","position":2,"name":"Parcs pour tous","item":"https:\/\/www.guides-sports-loisirs.ca\/projetespaces\/parcs-pour-tous\/"},{"@type":"ListItem","position":3,"name":"Penser ados"}]},{"@type":"WebSite","@id":"https:\/\/www.guides-sports-loisirs.ca\/projetespaces\/#website","url":"https:\/\/www.guides-sports-loisirs.ca\/projetespaces\/","name":"Projet Espaces","description":"","potentialAction":[{"@type":"SearchAction","target":{"@type":"EntryPoint","urlTemplate":"https:\/\/www.guides-sports-loisirs.ca\/projetespaces\/?s={search_term_string}"},"query-input":{"@type":"PropertyValueSpecification","valueRequired":true,"valueName":"search_term_string"}}],"inLanguage":"fr-FR"}]}},"_links":{"self":[{"href":"https:\/\/www.guides-sports-loisirs.ca\/projetespaces\/wp-json\/wp\/v2\/pages\/2008","targetHints":{"allow":["GET"]}}],"collection":[{"href":"https:\/\/www.guides-sports-loisirs.ca\/projetespaces\/wp-json\/wp\/v2\/pages"}],"about":[{"href":"https:\/\/www.guides-sports-loisirs.ca\/projetespaces\/wp-json\/wp\/v2\/types\/page"}],"author":[{"embeddable":true,"href":"https:\/\/www.guides-sports-loisirs.ca\/projetespaces\/wp-json\/wp\/v2\/users\/11"}],"replies":[{"embeddable":true,"href":"https:\/\/www.guides-sports-loisirs.ca\/projetespaces\/wp-json\/wp\/v2\/comments?post=2008"}],"version-history":[{"count":19,"href":"https:\/\/www.guides-sports-loisirs.ca\/projetespaces\/wp-json\/wp\/v2\/pages\/2008\/revisions"}],"predecessor-version":[{"id":2319,"href":"https:\/\/www.guides-sports-loisirs.ca\/projetespaces\/wp-json\/wp\/v2\/pages\/2008\/revisions\/2319"}],"up":[{"embeddable":true,"href":"https:\/\/www.guides-sports-loisirs.ca\/projetespaces\/wp-json\/wp\/v2\/pages\/799"}],"wp:attachment":[{"href":"https:\/\/www.guides-sports-loisirs.ca\/projetespaces\/wp-json\/wp\/v2\/media?parent=2008"}],"curies":[{"name":"wp","href":"https:\/\/api.w.org\/{rel}","templated":true}]}}