{"id":1642,"date":"2020-08-28T09:25:28","date_gmt":"2020-08-28T13:25:28","guid":{"rendered":"https:\/\/www.guides-sports-loisirs.ca\/projetespaces\/?page_id=1642"},"modified":"2024-11-06T11:12:38","modified_gmt":"2024-11-06T16:12:38","slug":"communaute","status":"publish","type":"page","link":"https:\/\/www.guides-sports-loisirs.ca\/projetespaces\/espaces-jeu-ados\/communaute\/","title":{"rendered":"Communaut\u00e9"},"content":{"rendered":"<div class=\"wpb-content-wrapper\"><p>[vc_row row_height_percent=\u00a0\u00bb0&Prime; override_padding=\u00a0\u00bbyes\u00a0\u00bb h_padding=\u00a0\u00bb2&Prime; top_padding=\u00a0\u00bb2&Prime; bottom_padding=\u00a0\u00bb2&Prime; overlay_alpha=\u00a0\u00bb50&Prime; gutter_size=\u00a0\u00bb3&Prime; shift_y=\u00a0\u00bb0&Prime;][vc_column column_width_use_pixel=\u00a0\u00bbyes\u00a0\u00bb gutter_size=\u00a0\u00bb2&Prime; overlay_alpha=\u00a0\u00bb50&Prime; shift_x=\u00a0\u00bb0&Prime; shift_y=\u00a0\u00bb0&Prime; z_index=\u00a0\u00bb0&Prime; medium_width=\u00a0\u00bb0&Prime; width=\u00a0\u00bb1\/1&Prime; column_width_pixel=\u00a0\u00bb800&Prime;][vc_row_inner row_inner_height_percent=\u00a0\u00bb0&Prime; overlay_alpha=\u00a0\u00bb50&Prime; gutter_size=\u00a0\u00bb3&Prime; shift_y=\u00a0\u00bb0&Prime; z_index=\u00a0\u00bb0&Prime; css=\u00a0\u00bb.vc_custom_1598881066288{margin-bottom: 35px !important;}\u00a0\u00bb][vc_column_inner width=\u00a0\u00bb1\/4&Prime;][vc_single_image media=\u00a0\u00bb1679&Prime; media_width_percent=\u00a0\u00bb100&Prime; advanced=\u00a0\u00bbyes\u00a0\u00bb media_items=\u00a0\u00bbmedia|original,icon\u00a0\u00bb media_overlay_opacity=\u00a0\u00bb50&Prime; media_padding=\u00a0\u00bb2&Prime; el_class=\u00a0\u00bbmax-width-indicateur\u00a0\u00bb][\/vc_column_inner][vc_column_inner width=\u00a0\u00bb1\/4&Prime;][vc_single_image media=\u00a0\u00bb1675&Prime; media_width_percent=\u00a0\u00bb100&Prime; el_class=\u00a0\u00bbmax-width-indicateur\u00a0\u00bb][\/vc_column_inner][vc_column_inner width=\u00a0\u00bb1\/4&Prime;][vc_single_image media=\u00a0\u00bb1684&Prime; media_width_percent=\u00a0\u00bb100&Prime; el_class=\u00a0\u00bbmax-width-indicateur\u00a0\u00bb][\/vc_column_inner][vc_column_inner column_width_percent=\u00a0\u00bb100&Prime; gutter_size=\u00a0\u00bb3&Prime; overlay_alpha=\u00a0\u00bb50&Prime; shift_x=\u00a0\u00bb0&Prime; shift_y=\u00a0\u00bb0&Prime; shift_y_down=\u00a0\u00bb0&Prime; z_index=\u00a0\u00bb0&Prime; medium_visibility=\u00a0\u00bbyes\u00a0\u00bb medium_width=\u00a0\u00bb0&Prime; mobile_visibility=\u00a0\u00bbyes\u00a0\u00bb mobile_width=\u00a0\u00bb0&Prime; width=\u00a0\u00bb1\/4&Prime;][\/vc_column_inner][\/vc_row_inner][vc_column_text]<strong>La communaut\u00e9 semble percevoir la cour d\u2019\u00e9cole comme exclusivement r\u00e9serv\u00e9e aux jeunes du secondaire. Pourtant, elle aurait tout int\u00e9r\u00eat \u00e0 l\u2019utiliser. En mati\u00e8re d\u2019am\u00e9nagement, une approche participative est \u00e0 privil\u00e9gier puisqu&rsquo;elle permet \u00ab un processus interactif, \u00e0 travers lequel les am\u00e9nagistes et les usagers collaborent pour transformer ensemble le milieu \u00bb (Torres, 2009, p.8). Plus les personnes collaborent, plus il est possible de combiner de multiples fa\u00e7ons de voir la r\u00e9alit\u00e9 et donc de satisfaire le plus d\u2019acteurs pour une meilleure appropriation de la cour d\u2019\u00e9cole par chacun d\u2019entre eux et donc, une utilisation maximale.<\/strong>[\/vc_column_text][vc_accordion active_tab=\u00a0\u00bb0&Prime;][vc_accordion_tab title=\u00a0\u00bb\u00c9L\u00c9MENTS \u00c0 CONSID\u00c9RER\u00a0\u00bb tab_id=\u00a0\u00bb1598541724-1-51&Prime;][vc_column_text]<\/p>\n<h3>Tout le monde a son mot \u00e0 dire, surtout les jeunes<\/h3>\n<p>La cour d\u2019\u00e9cole est con\u00e7ue par des adultes pour des jeunes. Qui plus est, ces adultes ne sont pas les principaux usagers de la cour contrairement aux jeunes qui la fr\u00e9quentent sur une base quotidienne et que l\u2019on souhaite y voir actifs. La Convention relative aux droits de l\u2019enfant rappelle le droit que celui-ci a de s\u2019exprimer sur toute question l\u2019int\u00e9ressant. Il y a donc lieu d\u2019impliquer les jeunes dans l\u2019am\u00e9nagement des espaces qu\u2019ils fr\u00e9quentent afin de consid\u00e9rer ses besoins et aspirations propres.<\/p>\n<h2>Pistes d\u2019action<\/h2>\n<hr \/>\n<ul>\n<li>Consid\u00e9rez la cour comme un espace public ouvert sur sa communaut\u00e9 et son milieu de vie, un v\u00e9ritable espace d\u2019\u00e9ducation et de d\u00e9veloppement des individus. Cette approche peut servir de catalyseur \u00e0 des initiatives porteuses et structurantes pour le milieu. C\u2019est l\u2019inscrire dans la vie quotidienne de la communaut\u00e9 scolaire.<\/li>\n<li>Consid\u00e9rez toutes les parties prenantes relatives \u00e0 la cour d\u2019\u00e9cole et surtout ses principaux b\u00e9n\u00e9ficiaires\u2009: jeunes, personnel scolaire, autorit\u00e9s municipales, citoyens, organismes locaux\u2026 Encouragez l\u2019implication et la collaboration de tous afin d\u2019enrichir le projet d\u2019(r\u00e9)am\u00e9nagement.<\/li>\n<li>Contribuez au d\u00e9veloppement d\u2019une synergie entre tous les acteurs.<\/li>\n<li>Donnez plus d\u2019importance aux adolescents en misant sur un processus participatif et communautaire. Soyez \u00e0 l\u2019\u00e9coute des jeunes pour mieux r\u00e9pondre \u00e0 leurs besoins et accro\u00eetre leur engagement et sentiment d\u2019appartenance.<\/li>\n<\/ul>\n<h3>Mettre en commun, \u00e7a compte<\/h3>\n<p>Il est de plus en plus fr\u00e9quent que les \u00e9coles rendent accessibles leurs aires de jeux et espaces sportifs \u00e0 la collectivit\u00e9. De la sorte, cela renforce le positionnement de l\u2019\u00e9cole comme le c\u0153ur de la communaut\u00e9, un milieu ouvert et inclusif, un contributeur au bien-\u00eatre et au d\u00e9veloppement des individus et groupes, un vecteur de changement.<\/p>\n<h2>Pistes d\u2019action<\/h2>\n<hr \/>\n<ul>\n<li>Ouvrez la cour sur la communaut\u00e9, dans tous les sens du terme. Lib\u00e9rez votre cour de ces cl\u00f4tures physiques et laissez place \u00e0 plus d\u2019ouverture envers et avec la communaut\u00e9.<\/li>\n<li>\u00c9valuez la possibilit\u00e9 de mailler votre cour aux attraits, infrastructures et r\u00e9seaux pr\u00e9sents \u00e0 proximit\u00e9. Cela permet de s\u2019inscrire de mani\u00e8re compl\u00e9mentaire \u00e0 l\u2019offre existante et ainsi d\u2019inscrire la vie de l\u2019\u00e9cole dans votre milieu, vice et versa.<\/li>\n<li>Ouvrez vos plateaux et installations aux citoyens et organismes de la communaut\u00e9. Contribuez ainsi \u00e0 la vitalit\u00e9 du quartier et offrez davantage d\u2019opportunit\u00e9s \u00e0 la population de bouger.<\/li>\n<li>Rendez accessible la cour d\u2019\u00e9cole en dehors des p\u00e9riodes scolaires pour multiplier les opportunit\u00e9s des jeunes de bouger et socialiser.<\/li>\n<\/ul>\n<p>[\/vc_column_text][vc_row_inner row_inner_height_percent=\u00a0\u00bb0&Prime; overlay_alpha=\u00a0\u00bb50&Prime; gutter_size=\u00a0\u00bb3&Prime; shift_y=\u00a0\u00bb0&Prime; z_index=\u00a0\u00bb0&Prime; css=\u00a0\u00bb.vc_custom_1598620665735{padding-left: 18px !important;}\u00a0\u00bb][vc_column_inner width=\u00a0\u00bb1\/1&Prime;][vc_single_image media=\u00a0\u00bb1605&Prime; media_lightbox=\u00a0\u00bbyes\u00a0\u00bb media_width_percent=\u00a0\u00bb70&Prime; css_animation=\u00a0\u00bbzoom-in\u00a0\u00bb lbox_skin=\u00a0\u00bbwhite\u00a0\u00bb][\/vc_column_inner][\/vc_row_inner][vc_column_text]<\/p>\n<ul>\n<li>Animez votre cour d\u2019\u00e9cole en tout temps gr\u00e2ce \u00e0 des haut-parleurs et des activit\u00e9s pr\u00e9vues toute l\u2019ann\u00e9e.<\/li>\n<li>\u0152uvrez en collaboration avec les acteurs du milieu (municipalit\u00e9, organismes, clubs et groupes divers&#8230;). La communaut\u00e9 scolaire regroupe les parents d\u2019\u00e9l\u00e8ves, mais aussi les r\u00e9sidents et les acteurs socio\u00e9conomiques du quartier o\u00f9 une \u00e9cole est implant\u00e9e. Elle est b\u00e9n\u00e9ficiaire et peut \u00eatre partie prenante d\u2019une d\u00e9marche d\u2019(r\u00e9)am\u00e9nagement.<\/li>\n<li>Garantissez l\u2019entretien des lieux selon l\u2019usage qu\u2019il en est fait. Au besoin, collaborez avec les acteurs du milieu.<\/li>\n<li>Cr\u00e9ez des lieux invitants et ouverts \u00e0 la communaut\u00e9. Par exemple, installez des bacs de jardins communs accessibles \u00e0 tous, ou instaurez un espace d\u00e9tente avec des chaises longues en bois plac\u00e9es sous les arbres (Voir fiche Organisation de l\u2019espace).<\/li>\n<li>Entre la rue et le chemin de l\u2019autobus, le terre-plein est aussi un espace favorable aux \u00e9changes o\u00f9 des tables de pique-nique peuvent \u00eatre \u00e0 disposition des jeunes comme des citoyens.<\/li>\n<li>Imaginez et mettez en place des activit\u00e9s et \u00e9v\u00e9nements ouverts \u00e0 la communaut\u00e9.<\/li>\n<li>Agr\u00e9mentez les aires de circulation de panneaux d\u2019affichage install\u00e9s dans le but de promouvoir la culture \u00e0 l\u2019\u00e9cole. Ces panneaux pourront accueillir les diff\u00e9rentes \u0153uvres r\u00e9alis\u00e9es par les \u00e9l\u00e8ves de votre \u00e9cole (Voir fiche Organisation de l\u2019espace).<\/li>\n<li>Assurez-vous que les zones am\u00e9nag\u00e9es favorisent, en tout ou en partie, l\u2019accessibilit\u00e9 universelle pour les gens \u00e0 mobilit\u00e9 r\u00e9duite ou ayant un handicap.<\/li>\n<\/ul>\n<p>[\/vc_column_text][\/vc_accordion_tab][vc_accordion_tab title=\u00a0\u00bbTRUCS ET ASTUCES\u00a0\u00bb tab_id=\u00a0\u00bb1598541724-2-97&Prime;][vc_column_text]<\/p>\n<ul>\n<li>Des blocs de b\u00e9ton ou des murs l\u00e9gaux permettent autant aux \u00e9tudiants.es qu\u2019\u00e0 la communaut\u00e9 de les utiliser pour <strong>exprimer leur cr\u00e9ativit\u00e9<\/strong> et laisser place \u00e0 des r\u00e9alisations artistiques sans cesse renouvel\u00e9es.<\/li>\n<li>Attention, un <strong>mur l\u00e9gal<\/strong> est un mur identifi\u00e9 sur lequel la r\u00e9alisation de graffitis est autoris\u00e9e d\u2019office, pourvu que soient respect\u00e9es les heures et la surface d\u2019utilisation, la propret\u00e9 des lieux, la qui\u00e9tude des voisins ainsi que certaines restrictions quant aux contenus haineux ou vulgaires (Ville de Qu\u00e9bec).<\/li>\n<li>Les <strong>ententes scolaires-municipales<\/strong> sont une aide potentielle pour surmonter certains obstacles \u00e0 l\u2019utilisation partag\u00e9e des installations (Spengler, Connaughton et Carroll, 2011), tout comme la bonne volont\u00e9 de tous!<\/li>\n<li>Pensez \u00e0 la <strong>cosurveillance de vos infrastructures.<\/strong> Une bonne relation avec la communaut\u00e9 environnante est indispensable. Si la communaut\u00e9 est impliqu\u00e9e dans un projet, il se peut que les voisins autour et les utilisateurs s\u2019approprient la cour et soient vigilants \u00e0 ce qui s\u2019y d\u00e9roule. Par exemple, les potagers\/jardins aux abords de l\u2019\u00e9cole doivent \u00eatre l\u2019affaire de tous.<\/li>\n<li>Pour que la communaut\u00e9 se sente impliqu\u00e9e, effectuez la promotion de chacune des \u00e9tapes du <strong>projet d\u2019(r\u00e9)am\u00e9nagement<\/strong> de votre cour d\u2019\u00e9cole. Informez \u00e9galement les diff\u00e9rents acteurs du milieu pour alimenter leur int\u00e9r\u00eat envers ce projet et consid\u00e9rer leurs id\u00e9es.<\/li>\n<li>Les <strong>am\u00e9nagements \u00e9ph\u00e9m\u00e8res<\/strong> permettent de tester ou de modifier des dynamiques au sein de la communaut\u00e9, d\u2019habiter des espaces perdus, de bonifier le site pour prolonger l\u2019usage, de red\u00e9finir le r\u00f4le du lieu en plus de favoriser l\u2019appropriation du projet par les populations locales.<\/li>\n<li>Les am\u00e9nagements \u00e9ph\u00e9m\u00e8res peuvent aussi servir d\u2019\u00e9tude de cas en vue d\u2019optimiser des am\u00e9nagements permanents et permettre \u00e0 la communaut\u00e9 d\u2019exp\u00e9rimenter le lieu.<\/li>\n<\/ul>\n<p>[\/vc_column_text][\/vc_accordion_tab][\/vc_accordion][vc_column_text el_class=\u00a0\u00bbbox-videos\u00a0\u00bb]<\/p>\n<h2>Vid\u00e9o<\/h2>\n<hr \/>\n<p>https:\/\/vimeo.com\/450884296[\/vc_column_text][\/vc_column][\/vc_row][vc_row row_height_percent=\u00a0\u00bb0&Prime; override_padding=\u00a0\u00bbyes\u00a0\u00bb h_padding=\u00a0\u00bb2&Prime; top_padding=\u00a0\u00bb2&Prime; bottom_padding=\u00a0\u00bb2&Prime; overlay_alpha=\u00a0\u00bb50&Prime; gutter_size=\u00a0\u00bb3&Prime; shift_y=\u00a0\u00bb0&Prime;][vc_column column_width_use_pixel=\u00a0\u00bbyes\u00a0\u00bb gutter_size=\u00a0\u00bb2&Prime; overlay_alpha=\u00a0\u00bb50&Prime; shift_x=\u00a0\u00bb0&Prime; shift_y=\u00a0\u00bb0&Prime; z_index=\u00a0\u00bb0&Prime; medium_width=\u00a0\u00bb0&Prime; width=\u00a0\u00bb1\/1&Prime; column_width_pixel=\u00a0\u00bb800&Prime;][vc_button button_color=\u00a0\u00bbaccent\u00a0\u00bb size=\u00a0\u00bbbtn-lg\u00a0\u00bb radius=\u00a0\u00bbbtn-circle\u00a0\u00bb border_width=\u00a0\u00bb0&Prime; icon_position=\u00a0\u00bbright\u00a0\u00bb link=\u00a0\u00bburl:https%3A%2F%2Fwww.guides-sports-loisirs.ca%2Fprojetespaces%2Fwp-content%2Fuploads%2Fsites%2F8%2F2024%2F11%2F8.6_EspaceJeuAdos_Communaute.pdf||target:%20_blank|\u00a0\u00bb icon=\u00a0\u00bbfa fa-file-o\u00a0\u00bb]Version PDF[\/vc_button][\/vc_column][\/vc_row]<\/p>\n<\/div>","protected":false},"excerpt":{"rendered":"<p>[vc_row row_height_percent=\u00a0\u00bb0&Prime; override_padding=\u00a0\u00bbyes\u00a0\u00bb h_padding=\u00a0\u00bb2&Prime; top_padding=\u00a0\u00bb2&Prime; bottom_padding=\u00a0\u00bb2&Prime; overlay_alpha=\u00a0\u00bb50&Prime; gutter_size=\u00a0\u00bb3&Prime; shift_y=\u00a0\u00bb0&Prime;][vc_column column_width_use_pixel=\u00a0\u00bbyes\u00a0\u00bb gutter_size=\u00a0\u00bb2&Prime; overlay_alpha=\u00a0\u00bb50&Prime; shift_x=\u00a0\u00bb0&Prime; shift_y=\u00a0\u00bb0&Prime; z_index=\u00a0\u00bb0&Prime; medium_width=\u00a0\u00bb0&Prime; width=\u00a0\u00bb1\/1&Prime; column_width_pixel=\u00a0\u00bb800&Prime;][vc_row_inner row_inner_height_percent=\u00a0\u00bb0&Prime; overlay_alpha=\u00a0\u00bb50&Prime; [&hellip;]<\/p>\n","protected":false},"author":11,"featured_media":0,"parent":1541,"menu_order":6,"comment_status":"closed","ping_status":"closed","template":"","meta":{"_acf_changed":false,"footnotes":""},"class_list":["post-1642","page","type-page","status-publish","hentry"],"acf":[],"yoast_head":"<!-- This site is optimized with the Yoast SEO plugin v27.4 - https:\/\/yoast.com\/product\/yoast-seo-wordpress\/ -->\n<title>Communaut\u00e9 - Projet Espaces<\/title>\n<meta name=\"robots\" content=\"index, follow, max-snippet:-1, max-image-preview:large, max-video-preview:-1\" \/>\n<link rel=\"canonical\" href=\"https:\/\/www.guides-sports-loisirs.ca\/projetespaces\/espaces-jeu-ados\/communaute\/\" \/>\n<meta property=\"og:locale\" content=\"fr_FR\" \/>\n<meta property=\"og:type\" content=\"article\" \/>\n<meta property=\"og:title\" content=\"Communaut\u00e9 - Projet Espaces\" \/>\n<meta property=\"og:description\" content=\"[vc_row row_height_percent=\u00a0\u00bb0&Prime; override_padding=\u00a0\u00bbyes\u00a0\u00bb h_padding=\u00a0\u00bb2&Prime; top_padding=\u00a0\u00bb2&Prime; bottom_padding=\u00a0\u00bb2&Prime; overlay_alpha=\u00a0\u00bb50&Prime; gutter_size=\u00a0\u00bb3&Prime; shift_y=\u00a0\u00bb0&Prime;][vc_column column_width_use_pixel=\u00a0\u00bbyes\u00a0\u00bb gutter_size=\u00a0\u00bb2&Prime; overlay_alpha=\u00a0\u00bb50&Prime; shift_x=\u00a0\u00bb0&Prime; shift_y=\u00a0\u00bb0&Prime; z_index=\u00a0\u00bb0&Prime; medium_width=\u00a0\u00bb0&Prime; width=\u00a0\u00bb1\/1&Prime; column_width_pixel=\u00a0\u00bb800&Prime;][vc_row_inner row_inner_height_percent=\u00a0\u00bb0&Prime; overlay_alpha=\u00a0\u00bb50&Prime; [&hellip;]\" \/>\n<meta property=\"og:url\" content=\"https:\/\/www.guides-sports-loisirs.ca\/projetespaces\/espaces-jeu-ados\/communaute\/\" \/>\n<meta property=\"og:site_name\" content=\"Projet Espaces\" \/>\n<meta property=\"article:modified_time\" content=\"2024-11-06T16:12:38+00:00\" \/>\n<meta name=\"twitter:card\" content=\"summary_large_image\" \/>\n<meta name=\"twitter:label1\" content=\"Dur\u00e9e de lecture estim\u00e9e\" \/>\n\t<meta name=\"twitter:data1\" content=\"6 minutes\" \/>\n<script type=\"application\/ld+json\" class=\"yoast-schema-graph\">{\"@context\":\"https:\\\/\\\/schema.org\",\"@graph\":[{\"@type\":\"WebPage\",\"@id\":\"https:\\\/\\\/www.guides-sports-loisirs.ca\\\/projetespaces\\\/espaces-jeu-ados\\\/communaute\\\/\",\"url\":\"https:\\\/\\\/www.guides-sports-loisirs.ca\\\/projetespaces\\\/espaces-jeu-ados\\\/communaute\\\/\",\"name\":\"Communaut\u00e9 - Projet Espaces\",\"isPartOf\":{\"@id\":\"https:\\\/\\\/www.guides-sports-loisirs.ca\\\/projetespaces\\\/#website\"},\"datePublished\":\"2020-08-28T13:25:28+00:00\",\"dateModified\":\"2024-11-06T16:12:38+00:00\",\"breadcrumb\":{\"@id\":\"https:\\\/\\\/www.guides-sports-loisirs.ca\\\/projetespaces\\\/espaces-jeu-ados\\\/communaute\\\/#breadcrumb\"},\"inLanguage\":\"fr-FR\",\"potentialAction\":[{\"@type\":\"ReadAction\",\"target\":[\"https:\\\/\\\/www.guides-sports-loisirs.ca\\\/projetespaces\\\/espaces-jeu-ados\\\/communaute\\\/\"]}]},{\"@type\":\"BreadcrumbList\",\"@id\":\"https:\\\/\\\/www.guides-sports-loisirs.ca\\\/projetespaces\\\/espaces-jeu-ados\\\/communaute\\\/#breadcrumb\",\"itemListElement\":[{\"@type\":\"ListItem\",\"position\":1,\"name\":\"Accueil\",\"item\":\"https:\\\/\\\/www.guides-sports-loisirs.ca\\\/projetespaces\\\/\"},{\"@type\":\"ListItem\",\"position\":2,\"name\":\"Espaces de jeu pour ados\",\"item\":\"https:\\\/\\\/www.guides-sports-loisirs.ca\\\/projetespaces\\\/espaces-jeu-ados\\\/\"},{\"@type\":\"ListItem\",\"position\":3,\"name\":\"Communaut\u00e9\"}]},{\"@type\":\"WebSite\",\"@id\":\"https:\\\/\\\/www.guides-sports-loisirs.ca\\\/projetespaces\\\/#website\",\"url\":\"https:\\\/\\\/www.guides-sports-loisirs.ca\\\/projetespaces\\\/\",\"name\":\"Projet Espaces\",\"description\":\"\",\"potentialAction\":[{\"@type\":\"SearchAction\",\"target\":{\"@type\":\"EntryPoint\",\"urlTemplate\":\"https:\\\/\\\/www.guides-sports-loisirs.ca\\\/projetespaces\\\/?s={search_term_string}\"},\"query-input\":{\"@type\":\"PropertyValueSpecification\",\"valueRequired\":true,\"valueName\":\"search_term_string\"}}],\"inLanguage\":\"fr-FR\"}]}<\/script>\n<!-- \/ Yoast SEO plugin. -->","yoast_head_json":{"title":"Communaut\u00e9 - Projet Espaces","robots":{"index":"index","follow":"follow","max-snippet":"max-snippet:-1","max-image-preview":"max-image-preview:large","max-video-preview":"max-video-preview:-1"},"canonical":"https:\/\/www.guides-sports-loisirs.ca\/projetespaces\/espaces-jeu-ados\/communaute\/","og_locale":"fr_FR","og_type":"article","og_title":"Communaut\u00e9 - Projet Espaces","og_description":"[vc_row row_height_percent=\u00a0\u00bb0&Prime; override_padding=\u00a0\u00bbyes\u00a0\u00bb h_padding=\u00a0\u00bb2&Prime; top_padding=\u00a0\u00bb2&Prime; bottom_padding=\u00a0\u00bb2&Prime; overlay_alpha=\u00a0\u00bb50&Prime; gutter_size=\u00a0\u00bb3&Prime; shift_y=\u00a0\u00bb0&Prime;][vc_column column_width_use_pixel=\u00a0\u00bbyes\u00a0\u00bb gutter_size=\u00a0\u00bb2&Prime; overlay_alpha=\u00a0\u00bb50&Prime; shift_x=\u00a0\u00bb0&Prime; shift_y=\u00a0\u00bb0&Prime; z_index=\u00a0\u00bb0&Prime; medium_width=\u00a0\u00bb0&Prime; width=\u00a0\u00bb1\/1&Prime; column_width_pixel=\u00a0\u00bb800&Prime;][vc_row_inner row_inner_height_percent=\u00a0\u00bb0&Prime; overlay_alpha=\u00a0\u00bb50&Prime; [&hellip;]","og_url":"https:\/\/www.guides-sports-loisirs.ca\/projetespaces\/espaces-jeu-ados\/communaute\/","og_site_name":"Projet Espaces","article_modified_time":"2024-11-06T16:12:38+00:00","twitter_card":"summary_large_image","twitter_misc":{"Dur\u00e9e de lecture estim\u00e9e":"6 minutes"},"schema":{"@context":"https:\/\/schema.org","@graph":[{"@type":"WebPage","@id":"https:\/\/www.guides-sports-loisirs.ca\/projetespaces\/espaces-jeu-ados\/communaute\/","url":"https:\/\/www.guides-sports-loisirs.ca\/projetespaces\/espaces-jeu-ados\/communaute\/","name":"Communaut\u00e9 - Projet Espaces","isPartOf":{"@id":"https:\/\/www.guides-sports-loisirs.ca\/projetespaces\/#website"},"datePublished":"2020-08-28T13:25:28+00:00","dateModified":"2024-11-06T16:12:38+00:00","breadcrumb":{"@id":"https:\/\/www.guides-sports-loisirs.ca\/projetespaces\/espaces-jeu-ados\/communaute\/#breadcrumb"},"inLanguage":"fr-FR","potentialAction":[{"@type":"ReadAction","target":["https:\/\/www.guides-sports-loisirs.ca\/projetespaces\/espaces-jeu-ados\/communaute\/"]}]},{"@type":"BreadcrumbList","@id":"https:\/\/www.guides-sports-loisirs.ca\/projetespaces\/espaces-jeu-ados\/communaute\/#breadcrumb","itemListElement":[{"@type":"ListItem","position":1,"name":"Accueil","item":"https:\/\/www.guides-sports-loisirs.ca\/projetespaces\/"},{"@type":"ListItem","position":2,"name":"Espaces de jeu pour ados","item":"https:\/\/www.guides-sports-loisirs.ca\/projetespaces\/espaces-jeu-ados\/"},{"@type":"ListItem","position":3,"name":"Communaut\u00e9"}]},{"@type":"WebSite","@id":"https:\/\/www.guides-sports-loisirs.ca\/projetespaces\/#website","url":"https:\/\/www.guides-sports-loisirs.ca\/projetespaces\/","name":"Projet Espaces","description":"","potentialAction":[{"@type":"SearchAction","target":{"@type":"EntryPoint","urlTemplate":"https:\/\/www.guides-sports-loisirs.ca\/projetespaces\/?s={search_term_string}"},"query-input":{"@type":"PropertyValueSpecification","valueRequired":true,"valueName":"search_term_string"}}],"inLanguage":"fr-FR"}]}},"_links":{"self":[{"href":"https:\/\/www.guides-sports-loisirs.ca\/projetespaces\/wp-json\/wp\/v2\/pages\/1642","targetHints":{"allow":["GET"]}}],"collection":[{"href":"https:\/\/www.guides-sports-loisirs.ca\/projetespaces\/wp-json\/wp\/v2\/pages"}],"about":[{"href":"https:\/\/www.guides-sports-loisirs.ca\/projetespaces\/wp-json\/wp\/v2\/types\/page"}],"author":[{"embeddable":true,"href":"https:\/\/www.guides-sports-loisirs.ca\/projetespaces\/wp-json\/wp\/v2\/users\/11"}],"replies":[{"embeddable":true,"href":"https:\/\/www.guides-sports-loisirs.ca\/projetespaces\/wp-json\/wp\/v2\/comments?post=1642"}],"version-history":[{"count":7,"href":"https:\/\/www.guides-sports-loisirs.ca\/projetespaces\/wp-json\/wp\/v2\/pages\/1642\/revisions"}],"predecessor-version":[{"id":2340,"href":"https:\/\/www.guides-sports-loisirs.ca\/projetespaces\/wp-json\/wp\/v2\/pages\/1642\/revisions\/2340"}],"up":[{"embeddable":true,"href":"https:\/\/www.guides-sports-loisirs.ca\/projetespaces\/wp-json\/wp\/v2\/pages\/1541"}],"wp:attachment":[{"href":"https:\/\/www.guides-sports-loisirs.ca\/projetespaces\/wp-json\/wp\/v2\/media?parent=1642"}],"curies":[{"name":"wp","href":"https:\/\/api.w.org\/{rel}","templated":true}]}}