{"id":1579,"date":"2020-08-27T11:41:01","date_gmt":"2020-08-27T15:41:01","guid":{"rendered":"https:\/\/www.guides-sports-loisirs.ca\/projetespaces\/?page_id=1579"},"modified":"2024-11-06T11:10:12","modified_gmt":"2024-11-06T16:10:12","slug":"amenagement-naturel-vert-ecologique","status":"publish","type":"page","link":"https:\/\/www.guides-sports-loisirs.ca\/projetespaces\/espaces-jeu-ados\/amenagement-naturel-vert-ecologique\/","title":{"rendered":"Am\u00e9nagement naturel, vert et \u00e9cologique"},"content":{"rendered":"<div class=\"wpb-content-wrapper\"><p>[vc_row row_height_percent=\u00a0\u00bb0&Prime; override_padding=\u00a0\u00bbyes\u00a0\u00bb h_padding=\u00a0\u00bb2&Prime; top_padding=\u00a0\u00bb2&Prime; bottom_padding=\u00a0\u00bb2&Prime; overlay_alpha=\u00a0\u00bb50&Prime; gutter_size=\u00a0\u00bb3&Prime; shift_y=\u00a0\u00bb0&Prime;][vc_column column_width_use_pixel=\u00a0\u00bbyes\u00a0\u00bb gutter_size=\u00a0\u00bb2&Prime; overlay_alpha=\u00a0\u00bb50&Prime; shift_x=\u00a0\u00bb0&Prime; shift_y=\u00a0\u00bb0&Prime; z_index=\u00a0\u00bb0&Prime; medium_width=\u00a0\u00bb0&Prime; width=\u00a0\u00bb1\/1&Prime; column_width_pixel=\u00a0\u00bb800&Prime;][vc_row_inner row_inner_height_percent=\u00a0\u00bb0&Prime; overlay_alpha=\u00a0\u00bb50&Prime; gutter_size=\u00a0\u00bb3&Prime; shift_y=\u00a0\u00bb0&Prime; z_index=\u00a0\u00bb0&Prime; css=\u00a0\u00bb.vc_custom_1598880500686{margin-bottom: 35px !important;}\u00a0\u00bb][vc_column_inner width=\u00a0\u00bb1\/4&Prime;][vc_single_image media=\u00a0\u00bb1664&Prime; media_width_percent=\u00a0\u00bb100&Prime; el_class=\u00a0\u00bbmax-width-indicateur\u00a0\u00bb][\/vc_column_inner][vc_column_inner width=\u00a0\u00bb1\/4&Prime;][vc_single_image media=\u00a0\u00bb1665&Prime; media_width_percent=\u00a0\u00bb100&Prime; el_class=\u00a0\u00bbmax-width-indicateur\u00a0\u00bb][\/vc_column_inner][vc_column_inner width=\u00a0\u00bb1\/4&Prime;][vc_single_image media=\u00a0\u00bb1666&Prime; media_width_percent=\u00a0\u00bb100&Prime; el_class=\u00a0\u00bbmax-width-indicateur\u00a0\u00bb][\/vc_column_inner][vc_column_inner column_width_percent=\u00a0\u00bb100&Prime; gutter_size=\u00a0\u00bb3&Prime; overlay_alpha=\u00a0\u00bb50&Prime; shift_x=\u00a0\u00bb0&Prime; shift_y=\u00a0\u00bb0&Prime; shift_y_down=\u00a0\u00bb0&Prime; z_index=\u00a0\u00bb0&Prime; medium_visibility=\u00a0\u00bbyes\u00a0\u00bb medium_width=\u00a0\u00bb0&Prime; mobile_visibility=\u00a0\u00bbyes\u00a0\u00bb mobile_width=\u00a0\u00bb0&Prime; width=\u00a0\u00bb1\/4&Prime;][\/vc_column_inner][\/vc_row_inner][vc_column_text]<strong>Connaissez-vous le terme d\u00e9ficit nature\u2009? C\u2019est l\u2019\u00e9loignement de la nature dans les activit\u00e9s quotidiennes au profit d\u2019activit\u00e9s s\u00e9dentaires et int\u00e9rieures. Pour la plupart des jeunes, les occasions de contact avec la nature sont de plus en plus limit\u00e9es. Pourtant, selon eux, la cour d\u2019\u00e9cole id\u00e9ale serait verte (Wood, Martin et Carter, 2018\u2009; Lucasa, et Dyment, 2010). \u00c0 l\u2019heure o\u00f9 le plein air et la nature sont de plus en plus consid\u00e9r\u00e9s comme essentiels au bon d\u00e9veloppement des jeunes (sant\u00e9 physique, mentale et d\u00e9veloppement cognitif), la cour d\u2019\u00e9cole secondaire a le potentiel d\u2019offrir un acc\u00e8s quotidien \u00e0 la nature pour les jeunes de 12 \u00e0 17 ans et devient un moyen de pallier au d\u00e9ficit nature.<\/strong>[\/vc_column_text][vc_accordion active_tab=\u00a0\u00bb0&Prime;][vc_accordion_tab title=\u00a0\u00bb\u00c9L\u00c9MENTS \u00c0 CONSID\u00c9RER\u00a0\u00bb tab_id=\u00a0\u00bb1598541724-1-51&Prime;][vc_column_text]<\/p>\n<h3>Libert\u00e9, imagination, solidarit\u00e9<\/h3>\n<p>Les cours d\u2019\u00e9coles vertes rendent tout simplement plus actif. Les zones \u00ab vertes \u00bb ou \u00ab natures \u00bb favorisent le jeu libre, non comp\u00e9titif et non agressif. En mettant \u00e0 disposition des mat\u00e9riaux libres, les possibilit\u00e9s de jeu sont illimit\u00e9es et vivement stimulantes pour l\u2019imagination. Ces espaces verts ext\u00e9rieurs permettent ainsi d\u2019impliquer des jeunes d\u2019\u00e2ges, de genres et de comp\u00e9tences diff\u00e9rents dans des activit\u00e9s communes.[\/vc_column_text][vc_single_image media=\u00a0\u00bb1580&Prime; media_lightbox=\u00a0\u00bbyes\u00a0\u00bb media_width_percent=\u00a0\u00bb70&Prime; css_animation=\u00a0\u00bbzoom-in\u00a0\u00bb lbox_skin=\u00a0\u00bbwhite\u00a0\u00bb][vc_column_text css=\u00a0\u00bb.vc_custom_1598878352220{margin-top: 0px !important;}\u00a0\u00bb]<em>\u00a9Lokale og Anl\u00e6gsfonden Photographe: Esben Z\u00f8llner<\/em>[\/vc_column_text][vc_column_text]<\/p>\n<h2>Pistes d\u2019action<\/h2>\n<hr \/>\n<ul>\n<li>Misez sur des \u00e9l\u00e9ments naturels pour am\u00e9nager la cour et d\u00e9finir des espaces pr\u00e9cis (eau, bois, roche, verdure\u2026).<\/li>\n<li>Ajoutez des mat\u00e9riaux naturels libres (rondins de bois, roches naturelles\u2026). En plus d\u2019\u00eatre propices aux activit\u00e9s de plein air, ils peuvent \u00eatre d\u00e9plac\u00e9s, transport\u00e9s et combin\u00e9s de plusieurs mani\u00e8res pour favoriser l\u2019exploration et stimuler l\u2019imagination.<\/li>\n<li>Plantez des arbres, cr\u00e9ez des buissons th\u00e9matiques, installez diff\u00e9rents mat\u00e9riaux pour stimuler le plus de sens possibles (diversit\u00e9 dans les textures, les hauteurs, les couleurs et les floraisons, privil\u00e9gier des esp\u00e8ces indig\u00e8nes&#8230;).<\/li>\n<li>Envisagez l\u2019ajout d\u2019arbres fruitiers et de v\u00e9g\u00e9taux comestibles. Attention toutefois aux allergies\u2009! Pour le choix des v\u00e9g\u00e9taux,\u00a0n\u2019h\u00e9sitez pas \u00e0 consulter un sp\u00e9cialiste en<br \/>\nam\u00e9nagement du paysage et \u00e0 consulter la Liste de plantes vivaces pour le Qu\u00e9bec (<a href=\"http:\/\/designecologique.ca\/\" target=\"_blank\" rel=\"noopener noreferrer\">designecologique.ca<\/a>).<\/li>\n<li>Placez de la v\u00e9g\u00e9tation pr\u00e8s des \u00e9l\u00e9ments construits (escaliers, murs&#8230;) pour cr\u00e9er des sous-espaces appropriables par les jeunes. Veillez toutefois aux d\u00e9gagements qui faciliteront l\u2019entretien.<\/li>\n<li>Am\u00e9nagez des espaces gazonn\u00e9s et semi-ombrag\u00e9s pr\u00e8s des entr\u00e9es et des sorties. Ces espaces sont tr\u00e8s fr\u00e9quent\u00e9s par les jeunes.<\/li>\n<li>Favorisez la mise \u00e0 l\u2019\u00e9preuve des jeunes qui ont besoin de relever des d\u00e9fis. Les arbres et roches constituent par exemple des d\u00e9fis int\u00e9ressants.<\/li>\n<\/ul>\n<h3>Apprendre dans la nature\u2009!<\/h3>\n<p>Les espaces naturels sont des lieux d\u2019exp\u00e9rimentation et d\u2019apprentissage \u00e0 fort potentiel (sciences naturelles\u2026). En misant sur une cour d\u2019\u00e9cole \u00ab\u00a0verte\u00a0\u00bb, vous favorisez l\u2019engagement et l\u2019apprentissage des jeunes (Dyment et Bell, 2007).<\/p>\n<h3>\u00c9colo jusque dans la cour\u2009!<\/h3>\n<p>Exploration de la nature, entretien du jardin\/potager et \u00e9cologie sont d\u2019int\u00e9r\u00eat pour les jeunes.<br \/>\nCela r\u00e9v\u00e8le le besoin d\u2019endroits \u00ab\u00a0nature\u00a0\u00bb aptes \u00e0 soutenir l\u2019apprentissage du monde ext\u00e9rieur, les saines habitudes de vie et les comportements \u00e9cologiques.<\/p>\n<p>En dotant la cour d\u2019une valeur \u00e9cologique unique, il est possible de la faire rayonner au-del\u00e0 des activit\u00e9s de la communaut\u00e9 scolaire et de contribuer \u00e0 l\u2019ensemble de la collectivit\u00e9 (Vivre en Ville, 2014) (Voir fiche Communaut\u00e9).<\/p>\n<h3>Les jeunes en redemandent\u2009!<\/h3>\n<p>C\u2019est prouv\u00e9, les jeunes veulent plus de nature (Sharma-Brymer et Bland, 2016)\u2009! La v\u00e9g\u00e9tation dans la cour est donc tr\u00e8s importante, en plus de constituer une source de motivation.<\/p>\n<h2>Pistes d\u2019action<\/h2>\n<hr \/>\n<h3>Pour des am\u00e9nagements \u00e9cologiques et naturels<\/h3>\n<ul>\n<li>Recyclez et valorisez les ressources du site (brique pour le pavage, ardoise pour le paillis d\u00e9coratif, roches naturelles comme mobilier\u2026).<\/li>\n<li>Choisissez des mat\u00e9riaux \u00e0 contenu recycl\u00e9 comme le b\u00e9ton vert, le paillis de verre post-consommation et pensez aux \u00e9quipements \u00e9cologiques ainsi qu\u2019aux \u00e9l\u00e9ments naturels comme le bois.<\/li>\n<li>Utilisez les potagers pour informer, \u00e9duquer et conscientiser sur les l\u00e9gumes et v\u00e9g\u00e9taux\u2009: origines, plantations, croissance, compost, et plus globalement sur les saines habitudes de vie. Et pourquoi ne pas int\u00e9grer des astuces \u00e9colos.<\/li>\n<li>Encouragez les discussions sur la sant\u00e9 et le bien-\u00eatre en misant sur les potagers\/jardins. Attention diff\u00e9rentes exp\u00e9riences montrent que les potagers ne sont pas toujours un gage de succ\u00e8s. Il faut bien consid\u00e9rer la gestion de ces installations (bacs roulants, entretien&#8230;) (Voir les ouvrages de Dumont, 2016 et Mondor, 2018, 2019).<\/li>\n<li>Installez des zones-repas et m\u00eame des cuisines ext\u00e9rieures. Profitez-en pour sensibiliser les jeunes \u00e0 la n\u00e9cessit\u00e9 de recycler, r\u00e9utiliser et r\u00e9cup\u00e9rer. Leur localisation doit tenir compte des acc\u00e8s \u00e0 l\u2019eau et aux mat\u00e9riels d\u2019entretien.<\/li>\n<li>Installez des fiches explicatives pour sensibiliser et \u00e9duquer les jeunes aux aspects \u00e9colos et environnementaux.<\/li>\n<\/ul>\n<h3>Pour des classes ext\u00e9rieures<\/h3>\n<ul>\n<li>Favorisez le contact avec la nature en am\u00e9nageant une classe ext\u00e9rieure. Cet espace permet d\u2019encourager la cr\u00e9ativit\u00e9, l\u2019exp\u00e9rience des sens et la biophilie dans un contexte et une ambiance uniques.<\/li>\n<li>Am\u00e9nagez un amphith\u00e9\u00e2tre naturel voire un espace pr\u00e9voyant suffisamment de places assises pour accueillir une classe enti\u00e8re. Les estrades, bancs et rondins de bois sont \u00e0 envisager. Les roches naturelles pr\u00e9sentent \u00e9galement des avantages int\u00e9ressants (prix abordable, texture, aspect chaleureux). Attention toutefois \u00e0 les placer de fa\u00e7on \u00e0 ce qu\u2019elles ne soient ni trop chaudes l\u2019\u00e9t\u00e9, ni trop froides l\u2019automne.<\/li>\n<\/ul>\n<h3>Apprivoiser les saisons<\/h3>\n<p>En toute saison, la v\u00e9g\u00e9tation peut permettre de rendre la cour d\u2019\u00e9cole agr\u00e9able. Elle peut par exemple contribuer \u00e0 offrir des espaces \u00e0 l\u2019abri du soleil et des intemp\u00e9ries, limiter les \u00eelots de chaleur et participer \u00e0 la cr\u00e9ation d\u2019\u00eelots de fra\u00eecheur.<\/p>\n<h3>Pistes d\u2019action<\/h3>\n<ul>\n<li>Pensez \u00e0 la v\u00e9g\u00e9talisation de la cour. Choisissez des essences d\u2019arbres et des v\u00e9g\u00e9taux qui apporteront de la couleur m\u00eame en hiver (feuillages persistants des conif\u00e8res\u2026).<\/li>\n<li>Utilisez la neige de mani\u00e8re cr\u00e9ative (sculptures, division des espaces\u2026).<\/li>\n<li>Prolongez l\u2019utilisation de la cour en limitant l\u2019exposition aux grands vents par l\u2019ajout de \u00ab corridors verts \u00bb.<\/li>\n<li>Misez sur les arbres pour retenir les gouttes de pluie et diminuer la pression sur le sol lors de l\u2019infiltration de l\u2019eau. Pensez \u00e0 la v\u00e9g\u00e9talisation comme imperm\u00e9abilisation du sol.<\/li>\n<li>Pensez \u00e0 l\u2019\u00e9t\u00e9 et au danger du soleil\u2009: les arbres sont des moyens de cr\u00e9er de l\u2019ombre.<br \/>\n<strong>(Voir fiche, Climat saisonnalit\u00e9 et m\u00e9t\u00e9o)<\/strong><\/li>\n<\/ul>\n<p>[\/vc_column_text][vc_row_inner row_inner_height_percent=\u00a0\u00bb0&Prime; overlay_alpha=\u00a0\u00bb50&Prime; equal_height=\u00a0\u00bbyes\u00a0\u00bb gutter_size=\u00a0\u00bb3&Prime; shift_y=\u00a0\u00bb0&Prime; z_index=\u00a0\u00bb0&Prime;][vc_column_inner width=\u00a0\u00bb1\/3&Prime;][vc_single_image media=\u00a0\u00bb1652&Prime; media_lightbox=\u00a0\u00bbyes\u00a0\u00bb media_width_percent=\u00a0\u00bb100&Prime; css_animation=\u00a0\u00bbzoom-in\u00a0\u00bb lbox_skin=\u00a0\u00bbwhite\u00a0\u00bb][\/vc_column_inner][vc_column_inner width=\u00a0\u00bb2\/3&Prime;][vc_single_image media=\u00a0\u00bb1653&Prime; media_lightbox=\u00a0\u00bbyes\u00a0\u00bb media_width_percent=\u00a0\u00bb100&Prime; css_animation=\u00a0\u00bbzoom-in\u00a0\u00bb lbox_skin=\u00a0\u00bbwhite\u00a0\u00bb][vc_column_text css=\u00a0\u00bb.vc_custom_1598878288352{margin-top: 0px !important;}\u00a0\u00bb]<em>\u00a9 Nature Qu\u00e9bec \/Fusions jeunesse<\/em>[\/vc_column_text][\/vc_column_inner][\/vc_row_inner][\/vc_accordion_tab][vc_accordion_tab title=\u00a0\u00bbTRUCS ET ASTUCES\u00a0\u00bb tab_id=\u00a0\u00bb1598541724-2-97&Prime;][vc_column_text]Savez-vous qu\u2019\u00e0 ce jour, les <strong>filles<\/strong> trouvent moins leur compte dans la cour d\u2019\u00e9cole secondaire\u2009? En misant sur la vari\u00e9t\u00e9 d\u2019activit\u00e9s de loisirs qu\u2019offre la cour d\u2019\u00e9cole \u00ab verte \u00bb, vous soutenez l\u2019\u00e9panouissement et l\u2019interaction de tous, cela autant pour les filles que les gar\u00e7ons\u2009!<\/p>\n<p>Il existe diff\u00e9rentes fa\u00e7ons de <strong>v\u00e9g\u00e9taliser la cour<\/strong>. Informez-vous sur le concept le plus ad\u00e9quat pour votre cour d\u2019\u00e9cole\u2009: arboretum ou for\u00eat nourrici\u00e8re, potager, jardin sauvage (friche mellif\u00e8re), jardin aromatique ou m\u00e9dicinal, jardin hivernal&#8230; Les architectes paysagistes ou les horticulteurs sauront vous orienter quant aux solutions les plus adapt\u00e9es \u00e0 votre environnement.<\/p>\n<p>N\u2019oubliez pas que pour chaque effet souhait\u00e9 et chaque contexte, il existe un <strong>type d\u2019arbre<\/strong>. De plus, pensez \u00e0 prot\u00e9ger ad\u00e9quatement les arbres s\u00e9lectionn\u00e9s pendant leurs premi\u00e8res ann\u00e9es de vie.<\/p>\n<p>\u00c9loignez les <strong>jardins\/potagers<\/strong> des espaces actifs.<\/p>\n<p>Si votre \u00e9cole est dispos\u00e9e sur plusieurs <strong>\u00e9tages<\/strong>, faites en sorte que chacun d\u2019entre eux offre un acc\u00e8s direct \u00e0 l\u2019ext\u00e9rieur. De la sorte, vous donnez l\u2019impression que la nature est autant \u00e0 l\u2019int\u00e9rieur qu\u2019\u00e0 l\u2019ext\u00e9rieur et surtout, qu\u2019elle est \u00e0 port\u00e9e de main.<\/p>\n<p><strong>L\u2019entretien des v\u00e9g\u00e9taux<\/strong> doit \u00eatre planifi\u00e9 et int\u00e9gr\u00e9 dans le plan de gestion de l\u2019\u00e9cole pour une exp\u00e9rience positive et durable.<\/p>\n<p>Par une cour d\u2019\u00e9cole verte, il vous est possible de sensibiliser aux <strong>3R\u2009: recycler, r\u00e9utiliser, r\u00e9cup\u00e9rer.<\/strong> Le but \u00e9tant de concevoir pour r\u00e9utiliser, r\u00e9cup\u00e9rer et\/ou revaloriser la cour\u2009: ceci implique que vous fassiez des choix quant \u00e0 la gestion \u00e9nerg\u00e9tique, la gestion des d\u00e9chets, l\u2019adaptation des infrastructures, les plans pour les transports&#8230;[\/vc_column_text][vc_row_inner][vc_column_inner width=\u00a0\u00bb1\/2&Prime;][vc_column_text border_color=\u00a0\u00bbcolor-158575&Prime; border_style=\u00a0\u00bbdashed\u00a0\u00bb css=\u00a0\u00bb.vc_custom_1598546115783{border-top-width: 2px !important;border-right-width: 2px !important;border-bottom-width: 2px !important;border-left-width: 2px !important;padding-top: 10px !important;padding-right: 13px !important;padding-bottom: 10px !important;padding-left: 13px !important;}\u00a0\u00bb]<\/p>\n<h2>INFO!<\/h2>\n<p><strong>Avant d\u2019entreprendre tous travaux, pensez \u00e0 l\u2019entretien de ces \u00e9l\u00e9ments. Certains sp\u00e9cialistes en am\u00e9nagement du paysage peuvent vous accompagner en ce sens.<\/strong>[\/vc_column_text][\/vc_column_inner][vc_column_inner width=\u00a0\u00bb1\/2&Prime;][\/vc_column_inner][\/vc_row_inner][\/vc_accordion_tab][\/vc_accordion][vc_column_text el_class=\u00a0\u00bbbox-videos\u00a0\u00bb]<\/p>\n<h2>Vid\u00e9os<\/h2>\n<hr \/>\n<p><iframe title=\"L&#039;Escabeau (2020). Am\u00e9nagement naturel, vert et \u00e9cologique. Fiche th\u00e9matique #1\" src=\"https:\/\/player.vimeo.com\/video\/450882785?width=840&#038;height=1000&#038;discover=1?dnt=1&amp;app_id=122963\" width=\"840\" height=\"473\" frameborder=\"0\" allow=\"autoplay; fullscreen; picture-in-picture; clipboard-write\"><\/iframe><\/p>\n<p>https:\/\/youtu.be\/MzmK-HyXGgs[\/vc_column_text][\/vc_column][\/vc_row][vc_row row_height_percent=\u00a0\u00bb0&Prime; override_padding=\u00a0\u00bbyes\u00a0\u00bb h_padding=\u00a0\u00bb2&Prime; top_padding=\u00a0\u00bb2&Prime; bottom_padding=\u00a0\u00bb2&Prime; overlay_alpha=\u00a0\u00bb50&Prime; gutter_size=\u00a0\u00bb3&Prime; shift_y=\u00a0\u00bb0&Prime;][vc_column column_width_use_pixel=\u00a0\u00bbyes\u00a0\u00bb gutter_size=\u00a0\u00bb2&Prime; overlay_alpha=\u00a0\u00bb50&Prime; shift_x=\u00a0\u00bb0&Prime; shift_y=\u00a0\u00bb0&Prime; z_index=\u00a0\u00bb0&Prime; medium_width=\u00a0\u00bb0&Prime; width=\u00a0\u00bb1\/1&Prime; column_width_pixel=\u00a0\u00bb800&Prime;][vc_button button_color=\u00a0\u00bbaccent\u00a0\u00bb size=\u00a0\u00bbbtn-lg\u00a0\u00bb radius=\u00a0\u00bbbtn-circle\u00a0\u00bb border_width=\u00a0\u00bb0&Prime; icon_position=\u00a0\u00bbright\u00a0\u00bb link=\u00a0\u00bburl:https%3A%2F%2Fwww.guides-sports-loisirs.ca%2Fprojetespaces%2Fwp-content%2Fuploads%2Fsites%2F8%2F2024%2F11%2F8.2_EspaceJeuAdos_Amenagement.pdf||target:%20_blank|\u00a0\u00bb icon=\u00a0\u00bbfa fa-file-o\u00a0\u00bb]Version PDF[\/vc_button][\/vc_column][\/vc_row]<\/p>\n<\/div>","protected":false},"excerpt":{"rendered":"<p>[vc_row row_height_percent=\u00a0\u00bb0&Prime; override_padding=\u00a0\u00bbyes\u00a0\u00bb h_padding=\u00a0\u00bb2&Prime; top_padding=\u00a0\u00bb2&Prime; bottom_padding=\u00a0\u00bb2&Prime; overlay_alpha=\u00a0\u00bb50&Prime; gutter_size=\u00a0\u00bb3&Prime; shift_y=\u00a0\u00bb0&Prime;][vc_column column_width_use_pixel=\u00a0\u00bbyes\u00a0\u00bb gutter_size=\u00a0\u00bb2&Prime; overlay_alpha=\u00a0\u00bb50&Prime; shift_x=\u00a0\u00bb0&Prime; shift_y=\u00a0\u00bb0&Prime; z_index=\u00a0\u00bb0&Prime; medium_width=\u00a0\u00bb0&Prime; width=\u00a0\u00bb1\/1&Prime; column_width_pixel=\u00a0\u00bb800&Prime;][vc_row_inner row_inner_height_percent=\u00a0\u00bb0&Prime; overlay_alpha=\u00a0\u00bb50&Prime; [&hellip;]<\/p>\n","protected":false},"author":11,"featured_media":0,"parent":1541,"menu_order":2,"comment_status":"closed","ping_status":"closed","template":"","meta":{"_acf_changed":false,"footnotes":""},"class_list":["post-1579","page","type-page","status-publish","hentry"],"acf":[],"yoast_head":"<!-- This site is optimized with the Yoast SEO plugin v27.4 - https:\/\/yoast.com\/product\/yoast-seo-wordpress\/ -->\n<title>Am\u00e9nagement naturel, vert et \u00e9cologique - Projet Espaces<\/title>\n<meta name=\"robots\" content=\"index, follow, max-snippet:-1, max-image-preview:large, max-video-preview:-1\" \/>\n<link rel=\"canonical\" href=\"https:\/\/www.guides-sports-loisirs.ca\/projetespaces\/espaces-jeu-ados\/amenagement-naturel-vert-ecologique\/\" \/>\n<meta property=\"og:locale\" content=\"fr_FR\" \/>\n<meta property=\"og:type\" content=\"article\" \/>\n<meta property=\"og:title\" content=\"Am\u00e9nagement naturel, vert et \u00e9cologique - Projet Espaces\" \/>\n<meta property=\"og:description\" content=\"[vc_row row_height_percent=\u00a0\u00bb0&Prime; override_padding=\u00a0\u00bbyes\u00a0\u00bb h_padding=\u00a0\u00bb2&Prime; top_padding=\u00a0\u00bb2&Prime; bottom_padding=\u00a0\u00bb2&Prime; overlay_alpha=\u00a0\u00bb50&Prime; gutter_size=\u00a0\u00bb3&Prime; shift_y=\u00a0\u00bb0&Prime;][vc_column column_width_use_pixel=\u00a0\u00bbyes\u00a0\u00bb gutter_size=\u00a0\u00bb2&Prime; overlay_alpha=\u00a0\u00bb50&Prime; shift_x=\u00a0\u00bb0&Prime; shift_y=\u00a0\u00bb0&Prime; z_index=\u00a0\u00bb0&Prime; medium_width=\u00a0\u00bb0&Prime; width=\u00a0\u00bb1\/1&Prime; column_width_pixel=\u00a0\u00bb800&Prime;][vc_row_inner row_inner_height_percent=\u00a0\u00bb0&Prime; overlay_alpha=\u00a0\u00bb50&Prime; [&hellip;]\" \/>\n<meta property=\"og:url\" content=\"https:\/\/www.guides-sports-loisirs.ca\/projetespaces\/espaces-jeu-ados\/amenagement-naturel-vert-ecologique\/\" \/>\n<meta property=\"og:site_name\" content=\"Projet Espaces\" \/>\n<meta property=\"article:modified_time\" content=\"2024-11-06T16:10:12+00:00\" \/>\n<meta name=\"twitter:card\" content=\"summary_large_image\" \/>\n<meta name=\"twitter:label1\" content=\"Dur\u00e9e de lecture estim\u00e9e\" \/>\n\t<meta name=\"twitter:data1\" content=\"8 minutes\" \/>\n<script type=\"application\/ld+json\" class=\"yoast-schema-graph\">{\"@context\":\"https:\\\/\\\/schema.org\",\"@graph\":[{\"@type\":\"WebPage\",\"@id\":\"https:\\\/\\\/www.guides-sports-loisirs.ca\\\/projetespaces\\\/espaces-jeu-ados\\\/amenagement-naturel-vert-ecologique\\\/\",\"url\":\"https:\\\/\\\/www.guides-sports-loisirs.ca\\\/projetespaces\\\/espaces-jeu-ados\\\/amenagement-naturel-vert-ecologique\\\/\",\"name\":\"Am\u00e9nagement naturel, vert et \u00e9cologique - Projet Espaces\",\"isPartOf\":{\"@id\":\"https:\\\/\\\/www.guides-sports-loisirs.ca\\\/projetespaces\\\/#website\"},\"datePublished\":\"2020-08-27T15:41:01+00:00\",\"dateModified\":\"2024-11-06T16:10:12+00:00\",\"breadcrumb\":{\"@id\":\"https:\\\/\\\/www.guides-sports-loisirs.ca\\\/projetespaces\\\/espaces-jeu-ados\\\/amenagement-naturel-vert-ecologique\\\/#breadcrumb\"},\"inLanguage\":\"fr-FR\",\"potentialAction\":[{\"@type\":\"ReadAction\",\"target\":[\"https:\\\/\\\/www.guides-sports-loisirs.ca\\\/projetespaces\\\/espaces-jeu-ados\\\/amenagement-naturel-vert-ecologique\\\/\"]}]},{\"@type\":\"BreadcrumbList\",\"@id\":\"https:\\\/\\\/www.guides-sports-loisirs.ca\\\/projetespaces\\\/espaces-jeu-ados\\\/amenagement-naturel-vert-ecologique\\\/#breadcrumb\",\"itemListElement\":[{\"@type\":\"ListItem\",\"position\":1,\"name\":\"Accueil\",\"item\":\"https:\\\/\\\/www.guides-sports-loisirs.ca\\\/projetespaces\\\/\"},{\"@type\":\"ListItem\",\"position\":2,\"name\":\"Espaces de jeu pour ados\",\"item\":\"https:\\\/\\\/www.guides-sports-loisirs.ca\\\/projetespaces\\\/espaces-jeu-ados\\\/\"},{\"@type\":\"ListItem\",\"position\":3,\"name\":\"Am\u00e9nagement naturel, vert et \u00e9cologique\"}]},{\"@type\":\"WebSite\",\"@id\":\"https:\\\/\\\/www.guides-sports-loisirs.ca\\\/projetespaces\\\/#website\",\"url\":\"https:\\\/\\\/www.guides-sports-loisirs.ca\\\/projetespaces\\\/\",\"name\":\"Projet Espaces\",\"description\":\"\",\"potentialAction\":[{\"@type\":\"SearchAction\",\"target\":{\"@type\":\"EntryPoint\",\"urlTemplate\":\"https:\\\/\\\/www.guides-sports-loisirs.ca\\\/projetespaces\\\/?s={search_term_string}\"},\"query-input\":{\"@type\":\"PropertyValueSpecification\",\"valueRequired\":true,\"valueName\":\"search_term_string\"}}],\"inLanguage\":\"fr-FR\"}]}<\/script>\n<!-- \/ Yoast SEO plugin. -->","yoast_head_json":{"title":"Am\u00e9nagement naturel, vert et \u00e9cologique - Projet Espaces","robots":{"index":"index","follow":"follow","max-snippet":"max-snippet:-1","max-image-preview":"max-image-preview:large","max-video-preview":"max-video-preview:-1"},"canonical":"https:\/\/www.guides-sports-loisirs.ca\/projetespaces\/espaces-jeu-ados\/amenagement-naturel-vert-ecologique\/","og_locale":"fr_FR","og_type":"article","og_title":"Am\u00e9nagement naturel, vert et \u00e9cologique - Projet Espaces","og_description":"[vc_row row_height_percent=\u00a0\u00bb0&Prime; override_padding=\u00a0\u00bbyes\u00a0\u00bb h_padding=\u00a0\u00bb2&Prime; top_padding=\u00a0\u00bb2&Prime; bottom_padding=\u00a0\u00bb2&Prime; overlay_alpha=\u00a0\u00bb50&Prime; gutter_size=\u00a0\u00bb3&Prime; shift_y=\u00a0\u00bb0&Prime;][vc_column column_width_use_pixel=\u00a0\u00bbyes\u00a0\u00bb gutter_size=\u00a0\u00bb2&Prime; overlay_alpha=\u00a0\u00bb50&Prime; shift_x=\u00a0\u00bb0&Prime; shift_y=\u00a0\u00bb0&Prime; z_index=\u00a0\u00bb0&Prime; medium_width=\u00a0\u00bb0&Prime; width=\u00a0\u00bb1\/1&Prime; column_width_pixel=\u00a0\u00bb800&Prime;][vc_row_inner row_inner_height_percent=\u00a0\u00bb0&Prime; overlay_alpha=\u00a0\u00bb50&Prime; [&hellip;]","og_url":"https:\/\/www.guides-sports-loisirs.ca\/projetespaces\/espaces-jeu-ados\/amenagement-naturel-vert-ecologique\/","og_site_name":"Projet Espaces","article_modified_time":"2024-11-06T16:10:12+00:00","twitter_card":"summary_large_image","twitter_misc":{"Dur\u00e9e de lecture estim\u00e9e":"8 minutes"},"schema":{"@context":"https:\/\/schema.org","@graph":[{"@type":"WebPage","@id":"https:\/\/www.guides-sports-loisirs.ca\/projetespaces\/espaces-jeu-ados\/amenagement-naturel-vert-ecologique\/","url":"https:\/\/www.guides-sports-loisirs.ca\/projetespaces\/espaces-jeu-ados\/amenagement-naturel-vert-ecologique\/","name":"Am\u00e9nagement naturel, vert et \u00e9cologique - Projet Espaces","isPartOf":{"@id":"https:\/\/www.guides-sports-loisirs.ca\/projetespaces\/#website"},"datePublished":"2020-08-27T15:41:01+00:00","dateModified":"2024-11-06T16:10:12+00:00","breadcrumb":{"@id":"https:\/\/www.guides-sports-loisirs.ca\/projetespaces\/espaces-jeu-ados\/amenagement-naturel-vert-ecologique\/#breadcrumb"},"inLanguage":"fr-FR","potentialAction":[{"@type":"ReadAction","target":["https:\/\/www.guides-sports-loisirs.ca\/projetespaces\/espaces-jeu-ados\/amenagement-naturel-vert-ecologique\/"]}]},{"@type":"BreadcrumbList","@id":"https:\/\/www.guides-sports-loisirs.ca\/projetespaces\/espaces-jeu-ados\/amenagement-naturel-vert-ecologique\/#breadcrumb","itemListElement":[{"@type":"ListItem","position":1,"name":"Accueil","item":"https:\/\/www.guides-sports-loisirs.ca\/projetespaces\/"},{"@type":"ListItem","position":2,"name":"Espaces de jeu pour ados","item":"https:\/\/www.guides-sports-loisirs.ca\/projetespaces\/espaces-jeu-ados\/"},{"@type":"ListItem","position":3,"name":"Am\u00e9nagement naturel, vert et \u00e9cologique"}]},{"@type":"WebSite","@id":"https:\/\/www.guides-sports-loisirs.ca\/projetespaces\/#website","url":"https:\/\/www.guides-sports-loisirs.ca\/projetespaces\/","name":"Projet Espaces","description":"","potentialAction":[{"@type":"SearchAction","target":{"@type":"EntryPoint","urlTemplate":"https:\/\/www.guides-sports-loisirs.ca\/projetespaces\/?s={search_term_string}"},"query-input":{"@type":"PropertyValueSpecification","valueRequired":true,"valueName":"search_term_string"}}],"inLanguage":"fr-FR"}]}},"_links":{"self":[{"href":"https:\/\/www.guides-sports-loisirs.ca\/projetespaces\/wp-json\/wp\/v2\/pages\/1579","targetHints":{"allow":["GET"]}}],"collection":[{"href":"https:\/\/www.guides-sports-loisirs.ca\/projetespaces\/wp-json\/wp\/v2\/pages"}],"about":[{"href":"https:\/\/www.guides-sports-loisirs.ca\/projetespaces\/wp-json\/wp\/v2\/types\/page"}],"author":[{"embeddable":true,"href":"https:\/\/www.guides-sports-loisirs.ca\/projetespaces\/wp-json\/wp\/v2\/users\/11"}],"replies":[{"embeddable":true,"href":"https:\/\/www.guides-sports-loisirs.ca\/projetespaces\/wp-json\/wp\/v2\/comments?post=1579"}],"version-history":[{"count":20,"href":"https:\/\/www.guides-sports-loisirs.ca\/projetespaces\/wp-json\/wp\/v2\/pages\/1579\/revisions"}],"predecessor-version":[{"id":2336,"href":"https:\/\/www.guides-sports-loisirs.ca\/projetespaces\/wp-json\/wp\/v2\/pages\/1579\/revisions\/2336"}],"up":[{"embeddable":true,"href":"https:\/\/www.guides-sports-loisirs.ca\/projetespaces\/wp-json\/wp\/v2\/pages\/1541"}],"wp:attachment":[{"href":"https:\/\/www.guides-sports-loisirs.ca\/projetespaces\/wp-json\/wp\/v2\/media?parent=1579"}],"curies":[{"name":"wp","href":"https:\/\/api.w.org\/{rel}","templated":true}]}}