{"id":1545,"date":"2020-08-25T12:21:14","date_gmt":"2020-08-25T16:21:14","guid":{"rendered":"https:\/\/www.guides-sports-loisirs.ca\/projetespaces\/?page_id=1545"},"modified":"2024-11-06T11:01:36","modified_gmt":"2024-11-06T16:01:36","slug":"presentation","status":"publish","type":"page","link":"https:\/\/www.guides-sports-loisirs.ca\/projetespaces\/espaces-jeu-ados\/presentation\/","title":{"rendered":"Pr\u00e9sentation"},"content":{"rendered":"<div class=\"wpb-content-wrapper\"><p>[vc_row row_height_percent=\u00a0\u00bb0&Prime; override_padding=\u00a0\u00bbyes\u00a0\u00bb h_padding=\u00a0\u00bb2&Prime; top_padding=\u00a0\u00bb2&Prime; bottom_padding=\u00a0\u00bb2&Prime; overlay_alpha=\u00a0\u00bb50&Prime; gutter_size=\u00a0\u00bb3&Prime; shift_y=\u00a0\u00bb0&Prime;][vc_column column_width_use_pixel=\u00a0\u00bbyes\u00a0\u00bb gutter_size=\u00a0\u00bb2&Prime; overlay_alpha=\u00a0\u00bb50&Prime; shift_x=\u00a0\u00bb0&Prime; shift_y=\u00a0\u00bb0&Prime; z_index=\u00a0\u00bb0&Prime; medium_width=\u00a0\u00bb0&Prime; width=\u00a0\u00bb1\/1&Prime; column_width_pixel=\u00a0\u00bb800&Prime;][vc_column_text]<strong>La r\u00e9alisation de ce projet est le fruit de la mise en commun des connaissances, comp\u00e9tences et de l\u2019expertise d\u2019une \u00e9quipe multidisciplinaire elle-m\u00eame soutenue par plusieurs acteurs engag\u00e9s qui ont enrichis la d\u00e9marche et ses livrables.<\/strong><\/p>\n<h3>RESPONSABLE DU PROJET<\/h3>\n<p><strong><a href=\"https:\/\/lescabeau.ca\/\" target=\"_blank\" rel=\"noopener noreferrer\">L\u2019Escabeau<\/a><\/strong><br \/>\nCe projet est une initiative de Loisir Sport Mont\u00e9r\u00e9gie, qui a mandat\u00e9 la Coop\u00e9rative de solidarit\u00e9 Parc-o-m\u00e8tre, en partenariat avec la coop\u00e9rative de travailleurs L\u2019Escabeau, pour la r\u00e9alisation du projet.<\/p>\n<h3>FINANCEMENT DU PROJET<\/h3>\n<p>Ce projet est soutenu financi\u00e8rement par le Minist\u00e8re de l\u2019\u00c9ducation et de l\u2019Enseignement Sup\u00e9rieur (M\u00c9ES) dans le cadre de la mesure 1.4, action 7 de la politique gouvernementale en pr\u00e9vention de la sant\u00e9 (PGPS)<\/p>\n<h3>COMIT\u00c9 DE PILOTAGE, RECHERCHE ET R\u00c9DACTION<\/h3>\n<p><strong>Benjamin Branget<\/strong>, Charg\u00e9 de projet<br \/>\n<a href=\"https:\/\/lescabeau.ca\/\" target=\"_blank\" rel=\"noopener noreferrer\">L\u2019Escabeau<\/a><\/p>\n<p><strong>Cl\u00e9mence Chateauvert-Gagnon<\/strong>, Professionnelle<br \/>\n<a href=\"https:\/\/lescabeau.ca\/\" target=\"_blank\" rel=\"noopener noreferrer\">L\u2019Escabeau<\/a><\/p>\n<p><strong>Le\u00efla Mostefa-Kara<\/strong>, Professionnelle<br \/>\n<a href=\"https:\/\/lescabeau.ca\/\" target=\"_blank\" rel=\"noopener noreferrer\">L\u2019Escabeau<\/a><\/p>\n<h3>COMIT\u00c9 AVISEUR<\/h3>\n<p><strong>Sylvie Miaux<\/strong>, Professeure<br \/>\nD\u00e9partement d\u2019\u00c9tudes en loisir, culture et tourisme, Universit\u00e9 du Qu\u00e9bec \u00e0 Trois-Rivi\u00e8res<\/p>\n<p><strong>Juan Torres<\/strong>, Professeur agr\u00e9g\u00e9<br \/>\nFacult\u00e9 de l\u2019am\u00e9nagement, Universit\u00e9 de Montr\u00e9al<\/p>\n<p><strong>Le comit\u00e9 r\u00e9gional de concertation pour la mesure 1.4 en Mont\u00e9r\u00e9gie.<\/strong><\/p>\n<p><strong>Genevi\u00e8ve Leclerc<\/strong>, Conseill\u00e8re en loisir<br \/>\nLoisir et Sport Mont\u00e9r\u00e9gie<\/p>\n<p><strong>St\u00e9phanie Gendron<\/strong>, Conseill\u00e8re en loisir<br \/>\nLoisir et Sport Mont\u00e9r\u00e9gie<\/p>\n<p><strong>Micha\u00ebl Potvin<\/strong>, Professionnel en architecture et Pr\u00e9sident-Directeur G\u00e9n\u00e9ral<br \/>\nTerralpha<\/p>\n<p><strong>Eliane Roy<\/strong>, Architecte Paysagiste Junior<br \/>\nTerralpha (au moment du projet)<\/p>\n<p><strong>Christine Baron<\/strong>, Conseill\u00e8re en loisir<br \/>\nConseil Sport Loisir de l\u2019Estrie pour le groupe r\u00e9seau parcs et espaces r\u00e9cr\u00e9atifs du RURLS<\/p>\n<h3>AUTRES PR\u00c9CIEUX COLLABORATEURS<\/h3>\n<p>Groupe d\u2019\u00e9l\u00e8ves du Coll\u00e8ge Charles-Lemoyne, Longueuil<br \/>\nGroupe d\u2019\u00e9l\u00e8ves de la Polyvalente Hyacinthe-Delorme, Saint-Hyacinthe<br \/>\nGroupe d\u2019\u00e9l\u00e8ves de l\u2019\u00e9cole Arthur-Pigeon, Huntingdon<br \/>\nGroupe d\u2019\u00e9tudiants du cours Am\u00e9nagement des espaces et des \u00e9quipements r\u00e9cr\u00e9atifs de l\u2019Universit\u00e9 du Qu\u00e9bec \u00e0 Trois-Rivi\u00e8res (session A2019)<br \/>\n\u00c9quipe du Lab-\u00c9cole<br \/>\nPersonnel du Coll\u00e8ge des Compagnons<br \/>\nPersonnel de la Polyvalente de l\u2019Ancienne-Lorette<br \/>\nPersonnel du S\u00e9minaire Saint-Fran\u00e7ois<\/p>\n<h3>R\u00c9VISION LINGUISTIQUE<\/h3>\n<p><strong>Francine Duhamel<\/strong>, Loisir et Sport Mont\u00e9r\u00e9gie<\/p>\n<h3>GRAPHISME<\/h3>\n<p><strong>Antoine Foisy<\/strong><\/p>\n<h3>DIFFUSEUR<\/h3>\n<p>Projet Espaces (AQLP)<\/p>\n<h3>R\u00c9F\u00c9RENCES SUGG\u00c9R\u00c9ES<\/h3>\n<p>L\u2019Escabeau (2020). Am\u00e9nagement naturel, vert et \u00e9cologique. Fiche th\u00e9matique #1.<br \/>\nL\u2019Escabeau (2020). D\u00e9placements actifs. Fiche th\u00e9matique #2.<br \/>\nL\u2019Escabeau (2020). Organisation de l\u2019espace. Fiche th\u00e9matique #3.<br \/>\nL\u2019Escabeau (2020). Climat saisonnalit\u00e9 et m\u00e9t\u00e9o. Fiche th\u00e9matique #4.<br \/>\nL\u2019Escabeau (2020). Communaut\u00e9. Fiche th\u00e9matique #5.<\/p>\n<h3>VID\u00c9OS<\/h3>\n<p>L\u2019Escabeau (2020). Am\u00e9nagement naturel, vert et \u00e9cologique. Fiche th\u00e9matique #1.<br \/>\nL\u2019Escabeau (2020). D\u00e9placements actifs. Fiche th\u00e9matique #2.<br \/>\nL\u2019Escabeau (2020). Organisation de l\u2019espace. Fiche th\u00e9matique #3.<br \/>\nL\u2019Escabeau (2020). Climat saisonnalit\u00e9 et m\u00e9t\u00e9o. Fiche th\u00e9matique #4.<br \/>\nL\u2019Escabeau (2020). Communaut\u00e9. Fiche th\u00e9matique #5.<br \/>\nL\u2019Escabeau (2020). Cas champion #1. \u00c9cole Louis-Philippe-Par\u00e9<br \/>\nL\u2019Escabeau (2020). Cas champion #2. Coll\u00e8ge Saint-Paul<br \/>\nL\u2019Escabeau (2020). Cas champion #3. Coll\u00e8ge des Compagnons<\/p>\n<h3>REMERCIEMENTS<\/h3>\n<p>Loisir et Sport Mont\u00e9r\u00e9gie et L\u2019Escabeau tiennent \u00e0 remercier sinc\u00e8rement toutes les personnes et organisations qui ont contribu\u00e9 d\u2019une mani\u00e8re ou d\u2019une autre \u00e0 la r\u00e9alisation de ce projet. \u00c0 toutes et tous, un grand merci pour votre passion, votre collaboration et l\u2019\u00e9nergie que vous d\u00e9ployez pour faire bouger les jeunes du secondaire en nature!<\/p>\n<h3>R\u00c9ENCHANTER LA COUR D&rsquo;\u00c9COLE SECONDAIRE!<\/h3>\n<p>La transition de l\u2019\u00e9cole primaire vers l\u2019\u00e9cole secondaire est marqu\u00e9e par de nombreux changements, qu\u2019ils soient physiques, psychologiques ou comportementaux. Les habitudes adopt\u00e9es au primaire au sein d\u2019un environnement connu \u00e9voluent et se transforment une fois au secondaire.<\/p>\n<p>L&rsquo;am\u00e9nagement de la cour d&rsquo;\u00e9cole est donc un \u00e9l\u00e9ment important facilitant cette transition.<\/p>\n<p>Le projet R\u00e9enchanter la cour d\u2019\u00e9cole secondaire! s\u2019inscrit dans l\u2019optique de maintenir le d\u00e9veloppement et l\u2019adoption de comportements porteurs pour le jeune du secondaire. Concr\u00e8tement, ce projet propose une v\u00e9ritable bo\u00eete \u00e0 outils qui prend la forme de fiches th\u00e9matiques et vid\u00e9os. Celles-ci sont destin\u00e9es aux professionnels des commissions scolaires et des \u00e9coles secondaires concern\u00e9es par l\u2019am\u00e9nagement ou le r\u00e9am\u00e9nagement de leurs cours, cela dans l\u2019optique de favoriser un mode de vie physiquement actif et de contrer le d\u00e9ficit nature des jeunes. Les fiches sont d\u00e9velopp\u00e9es sur la base des donn\u00e9es recueillies lors d\u2019un processus de recherche participatif impliquant plusieurs acteurs tels certains \u00e9l\u00e8ves du secondaire qui ont partag\u00e9 leurs opinions, id\u00e9es, perceptions et vision sur diff\u00e9rents aspects de la cour d\u2019\u00e9cole, des membres du corps professoral et des professionnels des commissions scolaires qui ont \u00e9t\u00e9 consult\u00e9s et des professionnels de diff\u00e9rentes disciplines de l\u2019am\u00e9nagement et de l\u2019\u00e9ducation qui ont fourni leur expertise afin d\u2019identifier les meilleures pratiques \u00e0 implanter.<\/p>\n<p>Chaque fiche vise \u00e0 r\u00e9pondre aux besoins sp\u00e9cifiques des adolescents cela dans l\u2019optique de les encourager \u00e0 bouger en nature. Pour se faire, chacune des fiches aborde un th\u00e8me particulier, d\u00e9cline plusieurs interventions concr\u00e8tes qui peuvent s\u2019\u00e9tablir \u00e0 diff\u00e9rentes \u00e9chelles et pr\u00e9sente des pistes d\u2019actions qui vous permettront de mettre en pratique les concepts abord\u00e9s. Quelques bulles-info compl\u00e8tent et approfondissent certaines notions.<\/p>\n<p>De plus, les ic\u00f4nes suivantes vous donneront une id\u00e9e sommaire du niveau de contribution de la fiche en r\u00e9ponse aux objectifs suivants:<\/p>\n<p><img decoding=\"async\" class=\"alignnone wp-image-1563 size-full\" src=\"https:\/\/www.guides-sports-loisirs.ca\/projetespaces\/wp-content\/uploads\/sites\/8\/2020\/08\/icone-soulier.jpg\" alt=\"\" width=\"215\" height=\"40\" \/><br \/>\n<strong>Favoriser l\u2019activit\u00e9 physique<\/strong><\/p>\n<p><img decoding=\"async\" class=\"alignnone wp-image-1564 size-full\" src=\"https:\/\/www.guides-sports-loisirs.ca\/projetespaces\/wp-content\/uploads\/sites\/8\/2020\/08\/icone-feuille.jpg\" alt=\"\" width=\"215\" height=\"40\" \/><br \/>\n<strong>Contrer le d\u00e9ficit nature<\/strong><\/p>\n<p><img decoding=\"async\" class=\"alignnone wp-image-1565 size-full\" src=\"https:\/\/www.guides-sports-loisirs.ca\/projetespaces\/wp-content\/uploads\/sites\/8\/2020\/08\/icone-personne.jpg\" alt=\"\" width=\"215\" height=\"40\" \/><br \/>\n<strong>Impliquer les jeunes et la communaut\u00e9<\/strong><\/p>\n<p>Que ce soit pour vous appuyer dans vos d\u00e9marches, vous orienter vers des professionnels qualifi\u00e9s ou pour optimiser la conception de votre am\u00e9nagement, des ressources et r\u00e9f\u00e9rences sont \u00e9galement sugg\u00e9r\u00e9es pour aller plus loin.<\/p>\n<h3>POUR QUI ?<\/h3>\n<p>R\u00e9enchanter la cour d\u2019\u00e9cole secondaire! s\u2019adresse \u00e0 quiconque cherche \u00e0 d\u00e9velopper le potentiel de la cour d\u2019\u00e9cole secondaire pour faire bouger les jeunes en nature. Cela concerne plus pr\u00e9cis\u00e9ment:<\/p>\n<ul>\n<li>Le personnel \u00e9ducatif des \u00e9coles secondaires dont les enseignants, enseignants d\u2019\u00e9ducation physique, responsable \u00e0 la vie communautaire et \u00e9tudiante\u2026<\/li>\n<li>Le personnel des commissions scolaires dont les responsables des ressources mat\u00e9rielles et des ressources \u00e9ducatives\u2026<\/li>\n<li>Le personnel administratif et de direction des \u00e9coles secondaires dont les responsables de projets\u2026<\/li>\n<\/ul>\n<h3>POUR EN APPRENDRE DAVANTAGE ET PASSER \u00c0 L\u2019ACTION?<\/h3>\n<p>Consultez les vid\u00e9os et fiches disponibles en ligne sur le site <strong><a href=\"https:\/\/www.guides-sports-loisirs.ca\/projetespaces\/\">guides-sports-loisirs.ca\/projetespaces\/<\/a>\u00a0<\/strong> ainsi que les outils et le r\u00e9pertoire des subventions accessibles au <strong><a href=\"http:\/\/loisir.qc.ca\/centre-de-documentation\/filtreenjeux\/infrastructures\" target=\"_blank\" rel=\"noopener noreferrer\">http:\/\/loisir.qc.ca\/centre-de-documentation\/filtreenjeux\/infrastructures<\/a><\/strong><\/p>\n<p>&nbsp;<\/p>\n<p>[\/vc_column_text][vc_row_inner][vc_column_inner width=\u00a0\u00bb1\/2&Prime;][vc_column_text border_color=\u00a0\u00bbcolor-158575&Prime; border_style=\u00a0\u00bbdashed\u00a0\u00bb css=\u00a0\u00bb.vc_custom_1614882834417{border-top-width: 1px !important;border-right-width: 1px !important;border-bottom-width: 1px !important;border-left-width: 1px !important;padding-top: 15px !important;padding-right: 15px !important;padding-bottom: 15px !important;padding-left: 15px !important;}\u00a0\u00bb]<\/p>\n<h2>INFO!<\/h2>\n<p><strong>Lorsque vous faites un am\u00e9nagement ou posez une action, pensez \u00ab inclusion \u00bb afin que toute personne vivant en situation de handicap ait libre acc\u00e8s \u00e0 cet espace ou \u00e0 cette activit\u00e9.<\/strong>[\/vc_column_text][\/vc_column_inner][vc_column_inner width=\u00a0\u00bb1\/2&Prime;][\/vc_column_inner][\/vc_row_inner][\/vc_column][\/vc_row][vc_row row_height_percent=\u00a0\u00bb0&Prime; override_padding=\u00a0\u00bbyes\u00a0\u00bb h_padding=\u00a0\u00bb2&Prime; top_padding=\u00a0\u00bb2&Prime; bottom_padding=\u00a0\u00bb2&Prime; overlay_alpha=\u00a0\u00bb50&Prime; gutter_size=\u00a0\u00bb3&Prime; shift_y=\u00a0\u00bb0&Prime;][vc_column column_width_use_pixel=\u00a0\u00bbyes\u00a0\u00bb gutter_size=\u00a0\u00bb2&Prime; overlay_alpha=\u00a0\u00bb50&Prime; shift_x=\u00a0\u00bb0&Prime; shift_y=\u00a0\u00bb0&Prime; z_index=\u00a0\u00bb0&Prime; medium_width=\u00a0\u00bb0&Prime; width=\u00a0\u00bb1\/1&Prime; column_width_pixel=\u00a0\u00bb800&Prime;][vc_button button_color=\u00a0\u00bbaccent\u00a0\u00bb size=\u00a0\u00bbbtn-lg\u00a0\u00bb radius=\u00a0\u00bbbtn-circle\u00a0\u00bb border_width=\u00a0\u00bb0&Prime; icon_position=\u00a0\u00bbright\u00a0\u00bb link=\u00a0\u00bburl:https%3A%2F%2Fwww.guides-sports-loisirs.ca%2Fprojetespaces%2Fwp-content%2Fuploads%2Fsites%2F8%2F2024%2F11%2F8.1_EspaceJeuAdos_Presentation.pdf||target:%20_blank|\u00a0\u00bb icon=\u00a0\u00bbfa fa-file-o\u00a0\u00bb]Version PDF[\/vc_button][\/vc_column][\/vc_row]<\/p>\n<\/div>","protected":false},"excerpt":{"rendered":"<p>[vc_row row_height_percent=\u00a0\u00bb0&Prime; override_padding=\u00a0\u00bbyes\u00a0\u00bb h_padding=\u00a0\u00bb2&Prime; top_padding=\u00a0\u00bb2&Prime; bottom_padding=\u00a0\u00bb2&Prime; overlay_alpha=\u00a0\u00bb50&Prime; gutter_size=\u00a0\u00bb3&Prime; shift_y=\u00a0\u00bb0&Prime;][vc_column column_width_use_pixel=\u00a0\u00bbyes\u00a0\u00bb gutter_size=\u00a0\u00bb2&Prime; overlay_alpha=\u00a0\u00bb50&Prime; shift_x=\u00a0\u00bb0&Prime; shift_y=\u00a0\u00bb0&Prime; z_index=\u00a0\u00bb0&Prime; medium_width=\u00a0\u00bb0&Prime; width=\u00a0\u00bb1\/1&Prime; column_width_pixel=\u00a0\u00bb800&Prime;][vc_column_text]La r\u00e9alisation de [&hellip;]<\/p>\n","protected":false},"author":11,"featured_media":0,"parent":1541,"menu_order":1,"comment_status":"closed","ping_status":"closed","template":"","meta":{"_acf_changed":false,"footnotes":""},"class_list":["post-1545","page","type-page","status-publish","hentry"],"acf":[],"yoast_head":"<!-- This site is optimized with the Yoast SEO plugin v27.4 - https:\/\/yoast.com\/product\/yoast-seo-wordpress\/ -->\n<title>Pr\u00e9sentation - Projet Espaces<\/title>\n<meta name=\"robots\" content=\"index, follow, max-snippet:-1, max-image-preview:large, max-video-preview:-1\" \/>\n<link rel=\"canonical\" href=\"https:\/\/www.guides-sports-loisirs.ca\/projetespaces\/espaces-jeu-ados\/presentation\/\" \/>\n<meta property=\"og:locale\" content=\"fr_FR\" \/>\n<meta property=\"og:type\" content=\"article\" \/>\n<meta property=\"og:title\" content=\"Pr\u00e9sentation - Projet Espaces\" \/>\n<meta property=\"og:description\" content=\"[vc_row row_height_percent=\u00a0\u00bb0&Prime; override_padding=\u00a0\u00bbyes\u00a0\u00bb h_padding=\u00a0\u00bb2&Prime; top_padding=\u00a0\u00bb2&Prime; bottom_padding=\u00a0\u00bb2&Prime; overlay_alpha=\u00a0\u00bb50&Prime; gutter_size=\u00a0\u00bb3&Prime; shift_y=\u00a0\u00bb0&Prime;][vc_column column_width_use_pixel=\u00a0\u00bbyes\u00a0\u00bb gutter_size=\u00a0\u00bb2&Prime; overlay_alpha=\u00a0\u00bb50&Prime; shift_x=\u00a0\u00bb0&Prime; shift_y=\u00a0\u00bb0&Prime; z_index=\u00a0\u00bb0&Prime; medium_width=\u00a0\u00bb0&Prime; width=\u00a0\u00bb1\/1&Prime; column_width_pixel=\u00a0\u00bb800&Prime;][vc_column_text]La r\u00e9alisation de [&hellip;]\" \/>\n<meta property=\"og:url\" content=\"https:\/\/www.guides-sports-loisirs.ca\/projetespaces\/espaces-jeu-ados\/presentation\/\" \/>\n<meta property=\"og:site_name\" content=\"Projet Espaces\" \/>\n<meta property=\"article:modified_time\" content=\"2024-11-06T16:01:36+00:00\" \/>\n<meta property=\"og:image\" content=\"https:\/\/www.guides-sports-loisirs.ca\/projetespaces\/wp-content\/uploads\/sites\/8\/2020\/08\/icone-soulier.jpg\" \/>\n<meta name=\"twitter:card\" content=\"summary_large_image\" \/>\n<meta name=\"twitter:label1\" content=\"Dur\u00e9e de lecture estim\u00e9e\" \/>\n\t<meta name=\"twitter:data1\" content=\"6 minutes\" \/>\n<script type=\"application\/ld+json\" class=\"yoast-schema-graph\">{\"@context\":\"https:\\\/\\\/schema.org\",\"@graph\":[{\"@type\":\"WebPage\",\"@id\":\"https:\\\/\\\/www.guides-sports-loisirs.ca\\\/projetespaces\\\/espaces-jeu-ados\\\/presentation\\\/\",\"url\":\"https:\\\/\\\/www.guides-sports-loisirs.ca\\\/projetespaces\\\/espaces-jeu-ados\\\/presentation\\\/\",\"name\":\"Pr\u00e9sentation - Projet Espaces\",\"isPartOf\":{\"@id\":\"https:\\\/\\\/www.guides-sports-loisirs.ca\\\/projetespaces\\\/#website\"},\"primaryImageOfPage\":{\"@id\":\"https:\\\/\\\/www.guides-sports-loisirs.ca\\\/projetespaces\\\/espaces-jeu-ados\\\/presentation\\\/#primaryimage\"},\"image\":{\"@id\":\"https:\\\/\\\/www.guides-sports-loisirs.ca\\\/projetespaces\\\/espaces-jeu-ados\\\/presentation\\\/#primaryimage\"},\"thumbnailUrl\":\"https:\\\/\\\/www.guides-sports-loisirs.ca\\\/projetespaces\\\/wp-content\\\/uploads\\\/sites\\\/8\\\/2020\\\/08\\\/icone-soulier.jpg\",\"datePublished\":\"2020-08-25T16:21:14+00:00\",\"dateModified\":\"2024-11-06T16:01:36+00:00\",\"breadcrumb\":{\"@id\":\"https:\\\/\\\/www.guides-sports-loisirs.ca\\\/projetespaces\\\/espaces-jeu-ados\\\/presentation\\\/#breadcrumb\"},\"inLanguage\":\"fr-FR\",\"potentialAction\":[{\"@type\":\"ReadAction\",\"target\":[\"https:\\\/\\\/www.guides-sports-loisirs.ca\\\/projetespaces\\\/espaces-jeu-ados\\\/presentation\\\/\"]}]},{\"@type\":\"ImageObject\",\"inLanguage\":\"fr-FR\",\"@id\":\"https:\\\/\\\/www.guides-sports-loisirs.ca\\\/projetespaces\\\/espaces-jeu-ados\\\/presentation\\\/#primaryimage\",\"url\":\"https:\\\/\\\/www.guides-sports-loisirs.ca\\\/projetespaces\\\/wp-content\\\/uploads\\\/sites\\\/8\\\/2020\\\/08\\\/icone-soulier.jpg\",\"contentUrl\":\"https:\\\/\\\/www.guides-sports-loisirs.ca\\\/projetespaces\\\/wp-content\\\/uploads\\\/sites\\\/8\\\/2020\\\/08\\\/icone-soulier.jpg\",\"width\":215,\"height\":40},{\"@type\":\"BreadcrumbList\",\"@id\":\"https:\\\/\\\/www.guides-sports-loisirs.ca\\\/projetespaces\\\/espaces-jeu-ados\\\/presentation\\\/#breadcrumb\",\"itemListElement\":[{\"@type\":\"ListItem\",\"position\":1,\"name\":\"Accueil\",\"item\":\"https:\\\/\\\/www.guides-sports-loisirs.ca\\\/projetespaces\\\/\"},{\"@type\":\"ListItem\",\"position\":2,\"name\":\"Espaces de jeu pour ados\",\"item\":\"https:\\\/\\\/www.guides-sports-loisirs.ca\\\/projetespaces\\\/espaces-jeu-ados\\\/\"},{\"@type\":\"ListItem\",\"position\":3,\"name\":\"Pr\u00e9sentation\"}]},{\"@type\":\"WebSite\",\"@id\":\"https:\\\/\\\/www.guides-sports-loisirs.ca\\\/projetespaces\\\/#website\",\"url\":\"https:\\\/\\\/www.guides-sports-loisirs.ca\\\/projetespaces\\\/\",\"name\":\"Projet Espaces\",\"description\":\"\",\"potentialAction\":[{\"@type\":\"SearchAction\",\"target\":{\"@type\":\"EntryPoint\",\"urlTemplate\":\"https:\\\/\\\/www.guides-sports-loisirs.ca\\\/projetespaces\\\/?s={search_term_string}\"},\"query-input\":{\"@type\":\"PropertyValueSpecification\",\"valueRequired\":true,\"valueName\":\"search_term_string\"}}],\"inLanguage\":\"fr-FR\"}]}<\/script>\n<!-- \/ Yoast SEO plugin. -->","yoast_head_json":{"title":"Pr\u00e9sentation - Projet Espaces","robots":{"index":"index","follow":"follow","max-snippet":"max-snippet:-1","max-image-preview":"max-image-preview:large","max-video-preview":"max-video-preview:-1"},"canonical":"https:\/\/www.guides-sports-loisirs.ca\/projetespaces\/espaces-jeu-ados\/presentation\/","og_locale":"fr_FR","og_type":"article","og_title":"Pr\u00e9sentation - Projet Espaces","og_description":"[vc_row row_height_percent=\u00a0\u00bb0&Prime; override_padding=\u00a0\u00bbyes\u00a0\u00bb h_padding=\u00a0\u00bb2&Prime; top_padding=\u00a0\u00bb2&Prime; bottom_padding=\u00a0\u00bb2&Prime; overlay_alpha=\u00a0\u00bb50&Prime; gutter_size=\u00a0\u00bb3&Prime; shift_y=\u00a0\u00bb0&Prime;][vc_column column_width_use_pixel=\u00a0\u00bbyes\u00a0\u00bb gutter_size=\u00a0\u00bb2&Prime; overlay_alpha=\u00a0\u00bb50&Prime; shift_x=\u00a0\u00bb0&Prime; shift_y=\u00a0\u00bb0&Prime; z_index=\u00a0\u00bb0&Prime; medium_width=\u00a0\u00bb0&Prime; width=\u00a0\u00bb1\/1&Prime; column_width_pixel=\u00a0\u00bb800&Prime;][vc_column_text]La r\u00e9alisation de [&hellip;]","og_url":"https:\/\/www.guides-sports-loisirs.ca\/projetespaces\/espaces-jeu-ados\/presentation\/","og_site_name":"Projet Espaces","article_modified_time":"2024-11-06T16:01:36+00:00","og_image":[{"url":"https:\/\/www.guides-sports-loisirs.ca\/projetespaces\/wp-content\/uploads\/sites\/8\/2020\/08\/icone-soulier.jpg","type":"","width":"","height":""}],"twitter_card":"summary_large_image","twitter_misc":{"Dur\u00e9e de lecture estim\u00e9e":"6 minutes"},"schema":{"@context":"https:\/\/schema.org","@graph":[{"@type":"WebPage","@id":"https:\/\/www.guides-sports-loisirs.ca\/projetespaces\/espaces-jeu-ados\/presentation\/","url":"https:\/\/www.guides-sports-loisirs.ca\/projetespaces\/espaces-jeu-ados\/presentation\/","name":"Pr\u00e9sentation - Projet Espaces","isPartOf":{"@id":"https:\/\/www.guides-sports-loisirs.ca\/projetespaces\/#website"},"primaryImageOfPage":{"@id":"https:\/\/www.guides-sports-loisirs.ca\/projetespaces\/espaces-jeu-ados\/presentation\/#primaryimage"},"image":{"@id":"https:\/\/www.guides-sports-loisirs.ca\/projetespaces\/espaces-jeu-ados\/presentation\/#primaryimage"},"thumbnailUrl":"https:\/\/www.guides-sports-loisirs.ca\/projetespaces\/wp-content\/uploads\/sites\/8\/2020\/08\/icone-soulier.jpg","datePublished":"2020-08-25T16:21:14+00:00","dateModified":"2024-11-06T16:01:36+00:00","breadcrumb":{"@id":"https:\/\/www.guides-sports-loisirs.ca\/projetespaces\/espaces-jeu-ados\/presentation\/#breadcrumb"},"inLanguage":"fr-FR","potentialAction":[{"@type":"ReadAction","target":["https:\/\/www.guides-sports-loisirs.ca\/projetespaces\/espaces-jeu-ados\/presentation\/"]}]},{"@type":"ImageObject","inLanguage":"fr-FR","@id":"https:\/\/www.guides-sports-loisirs.ca\/projetespaces\/espaces-jeu-ados\/presentation\/#primaryimage","url":"https:\/\/www.guides-sports-loisirs.ca\/projetespaces\/wp-content\/uploads\/sites\/8\/2020\/08\/icone-soulier.jpg","contentUrl":"https:\/\/www.guides-sports-loisirs.ca\/projetespaces\/wp-content\/uploads\/sites\/8\/2020\/08\/icone-soulier.jpg","width":215,"height":40},{"@type":"BreadcrumbList","@id":"https:\/\/www.guides-sports-loisirs.ca\/projetespaces\/espaces-jeu-ados\/presentation\/#breadcrumb","itemListElement":[{"@type":"ListItem","position":1,"name":"Accueil","item":"https:\/\/www.guides-sports-loisirs.ca\/projetespaces\/"},{"@type":"ListItem","position":2,"name":"Espaces de jeu pour ados","item":"https:\/\/www.guides-sports-loisirs.ca\/projetespaces\/espaces-jeu-ados\/"},{"@type":"ListItem","position":3,"name":"Pr\u00e9sentation"}]},{"@type":"WebSite","@id":"https:\/\/www.guides-sports-loisirs.ca\/projetespaces\/#website","url":"https:\/\/www.guides-sports-loisirs.ca\/projetespaces\/","name":"Projet Espaces","description":"","potentialAction":[{"@type":"SearchAction","target":{"@type":"EntryPoint","urlTemplate":"https:\/\/www.guides-sports-loisirs.ca\/projetespaces\/?s={search_term_string}"},"query-input":{"@type":"PropertyValueSpecification","valueRequired":true,"valueName":"search_term_string"}}],"inLanguage":"fr-FR"}]}},"_links":{"self":[{"href":"https:\/\/www.guides-sports-loisirs.ca\/projetespaces\/wp-json\/wp\/v2\/pages\/1545","targetHints":{"allow":["GET"]}}],"collection":[{"href":"https:\/\/www.guides-sports-loisirs.ca\/projetespaces\/wp-json\/wp\/v2\/pages"}],"about":[{"href":"https:\/\/www.guides-sports-loisirs.ca\/projetespaces\/wp-json\/wp\/v2\/types\/page"}],"author":[{"embeddable":true,"href":"https:\/\/www.guides-sports-loisirs.ca\/projetespaces\/wp-json\/wp\/v2\/users\/11"}],"replies":[{"embeddable":true,"href":"https:\/\/www.guides-sports-loisirs.ca\/projetespaces\/wp-json\/wp\/v2\/comments?post=1545"}],"version-history":[{"count":39,"href":"https:\/\/www.guides-sports-loisirs.ca\/projetespaces\/wp-json\/wp\/v2\/pages\/1545\/revisions"}],"predecessor-version":[{"id":2335,"href":"https:\/\/www.guides-sports-loisirs.ca\/projetespaces\/wp-json\/wp\/v2\/pages\/1545\/revisions\/2335"}],"up":[{"embeddable":true,"href":"https:\/\/www.guides-sports-loisirs.ca\/projetespaces\/wp-json\/wp\/v2\/pages\/1541"}],"wp:attachment":[{"href":"https:\/\/www.guides-sports-loisirs.ca\/projetespaces\/wp-json\/wp\/v2\/media?parent=1545"}],"curies":[{"name":"wp","href":"https:\/\/api.w.org\/{rel}","templated":true}]}}