{"id":154,"date":"2017-05-05T14:15:43","date_gmt":"2017-05-05T18:15:43","guid":{"rendered":"https:\/\/www.guides-sports-loisirs.ca\/projetespaces\/?page_id=154"},"modified":"2024-12-11T15:41:06","modified_gmt":"2024-12-11T20:41:06","slug":"le-plaisir","status":"publish","type":"page","link":"https:\/\/www.guides-sports-loisirs.ca\/projetespaces\/valeurs-reference\/le-plaisir\/","title":{"rendered":"Le plaisir"},"content":{"rendered":"<div class=\"wpb-content-wrapper\"><p>[vc_row row_height_percent=\u00a0\u00bb0&Prime; override_padding=\u00a0\u00bbyes\u00a0\u00bb h_padding=\u00a0\u00bb2&Prime; top_padding=\u00a0\u00bb2&Prime; bottom_padding=\u00a0\u00bb2&Prime; overlay_alpha=\u00a0\u00bb50&Prime; gutter_size=\u00a0\u00bb3&Prime; shift_y=\u00a0\u00bb0&Prime;][vc_column column_width_use_pixel=\u00a0\u00bbyes\u00a0\u00bb gutter_size=\u00a0\u00bb2&Prime; overlay_alpha=\u00a0\u00bb50&Prime; shift_x=\u00a0\u00bb0&Prime; shift_y=\u00a0\u00bb0&Prime; z_index=\u00a0\u00bb0&Prime; medium_width=\u00a0\u00bb0&Prime; width=\u00a0\u00bb1\/1&Prime; column_width_pixel=\u00a0\u00bb800&Prime;][vc_column_text]Qu\u2019il s\u2019agisse de divertir, de d\u00e9tendre ou d\u2019amuser, le propre du loisir est de procurer du \u00ab\u00a0plaisir\u00a0\u00bb. C\u2019est le but le plus souvent recherch\u00e9 dans les activit\u00e9s de loisir, m\u00eame si bon nombre pratiquent des activit\u00e9s r\u00e9cr\u00e9atives \u00e0 d\u2019autres fins, comme se mettre en forme, apprendre, relever des d\u00e9fis personnels ou m\u00eame rendre service. Chez les enfants, le plaisir est nettement l\u2019objectif pr\u00e9dominant, et il rime avec jeu. L\u2019activit\u00e9 qui ne procure pas de plaisir \u00e0 l\u2019enfant est vite d\u00e9laiss\u00e9e.<\/p>\n<p>En rendant les espaces publics plus agr\u00e9ables et plus attrayants, on en fera des lieux plaisants que des gens de tous \u00e2ges aimeront fr\u00e9quenter pour y pratiquer des activit\u00e9s librement, se rencontrer ou tout simplement s\u2019y d\u00e9tendre.<\/p>\n<p>Pour que les usagers d\u2019un parc puissent y vivent des exp\u00e9riences de loisir plaisantes et satisfaisantes, plusieurs conditions doivent \u00eatre r\u00e9unies. Les principales sont l\u2019esth\u00e9tisme, la diversit\u00e9, la s\u00e9curit\u00e9, la fonctionnalit\u00e9 et les possibilit\u00e9s de socialisation.[\/vc_column_text][vc_accordion el_class=\u00a0\u00bbaccordeon\u00a0\u00bb][vc_accordion_tab title=\u00a0\u00bbL\u2019esth\u00e9tisme\u00a0\u00bb tab_id=\u00a0\u00bbd9964b41-6b7b-9&Prime;][vc_column_text]L\u2019esth\u00e9tisme est une condition importante du plaisir, m\u00eame si les usagers d\u2019un parc n\u2019en sont pas tout \u00e0 fait conscients. La beaut\u00e9 d\u2019un lieu procure en effet un bien-\u00eatre qui multiplie les b\u00e9n\u00e9fices de toute activit\u00e9.<\/p>\n<p>Cette beaut\u00e9 tient bien entendu aux \u00e9l\u00e9ments naturels qui s\u2019y trouvent, mais aussi \u00e0 la forme, la couleur et \u00e0 la disposition des \u00e9l\u00e9ments, des \u00e9quipements et du b\u00e2ti. On parlera ici d\u2019harmonie et d\u2019une richesse naturelle qui ne se limite pas \u00e0 ce que l\u2019on voit, mais aussi \u00e0 ce que l\u2019on entend (les chants d\u2019oiseaux par exemple) et que l\u2019on sent (les odeurs v\u00e9g\u00e9tales).<\/p>\n<p>Le parc public est ainsi un paysage o\u00f9 s\u2019int\u00e8grent harmonieusement tous les \u00e9l\u00e9ments naturels et non naturels, ce qui suppose une conception ou un design qui a su marier habilement le vivant et l\u2019inerte. Lieu de plaisir, le parc permet d\u2019entrer en contact avec la nature\u00a0: un milieu naturel dans lequel les enfants pourront jouer, apprendre et s\u2019\u00e9panouir.[\/vc_column_text][\/vc_accordion_tab][vc_accordion_tab title=\u00a0\u00bbLa diversit\u00e9\u00a0\u00bb tab_id=\u00a0\u00bbb57131e2-94d4-5&Prime;][vc_column_text]La diversit\u00e9 dans un parc devrait permettre de r\u00e9pondre aux besoins d\u2019une vari\u00e9t\u00e9 d\u2019utilisateurs en plus d\u2019offrir \u00e0 chacun plus d\u2019une possibilit\u00e9 d\u2019activit\u00e9s. Les enfants auront d\u2019autant plus de plaisir \u00e0 aller au parc si celui-ci leur permet de faire une foule de choses ou de passer rapidement d\u2019une activit\u00e9 \u00e0 l\u2019autre, d\u2019un jeu \u00e0 l\u2019autre. L\u2019approche par zones est tout particuli\u00e8rement indiqu\u00e9e pour r\u00e9pondre \u00e0 ce besoin.[\/vc_column_text][\/vc_accordion_tab][vc_accordion_tab title=\u00a0\u00bbLa s\u00e9curit\u00e9\u00a0\u00bb tab_id=\u00a0\u00bb2328e3a3-2813-2&Prime;][vc_column_text]Un environnement s\u00e9curitaire permet de jouer, s\u2019amuser ou se d\u00e9tendre \u00e0 son aise sans autres risques que ceux qu\u2019on voudra bien prendre.<\/p>\n<p>Le sentiment de s\u00e9curit\u00e9 repose notamment sur la confiance qu\u2019accorde les adultes dans les \u00e9quipements mis \u00e0 disposition, dans les autres personnes qui fr\u00e9quentent le parc et s\u2019il y a lieu dans le personnel en place.[\/vc_column_text][\/vc_accordion_tab][vc_accordion_tab title=\u00a0\u00bbLa fonctionnalit\u00e9\u00a0\u00bb tab_id=\u00a0\u00bbcaa052fd-9f61-3&Prime;][vc_column_text]La fonctionnalit\u00e9, c\u2019est d\u2019abord la conformit\u00e9 du parc \u00e0 sa vocation premi\u00e8re, d\u00e9termin\u00e9e par son type (parc de quartier, parc-\u00e9cole, parc de voisinage, parc municipal). Le parc de voisinage, par exemple, doit \u00eatre fr\u00e9quent\u00e9 et appr\u00e9ci\u00e9 par les gens qui vivent \u00e0 proximit\u00e9.<\/p>\n<p>La fonctionnalit\u00e9, c\u2019est aussi le bon \u00e9tat des \u00e9quipements de jeu, de sport ou de loisir, du mobilier urbain (bancs, lampadaires, fontaines, abris, etc.) et des sanitaires. La propret\u00e9 et l\u2019allure d\u2019un lieu sont \u00e9galement des facteurs d\u2019attrait. Ces aspects peuvent sembler secondaires, mais \u00e0 voir certains parcs n\u00e9glig\u00e9s, o\u00f9 l\u2019\u00e9quipement est ab\u00eem\u00e9, o\u00f9 les d\u00e9chets jonchent les all\u00e9es, o\u00f9 les terrains de sport sont envahis de mauvaises herbes ou d\u2019excr\u00e9ments animaux, on peut se demander comment les gens peuvent y trouver du plaisir \u00e0 les fr\u00e9quenter.<\/p>\n<p>L\u2019entretien r\u00e9gulier a bien entendu des objectifs de propret\u00e9 et de s\u00e9curit\u00e9, mais il doit aussi viser \u00e0 maintenir l\u2019harmonie du lieu et \u00e0 garder intacte \u2013 ou m\u00eame \u00e0 accro\u00eetre \u2013 son attractivit\u00e9.[\/vc_column_text][\/vc_accordion_tab][vc_accordion_tab title=\u00a0\u00bbLa socialisation\u00a0\u00bb tab_id=\u00a0\u00bba4258a67-64c7-3&Prime;][vc_column_text]Le plaisir est souvent associ\u00e9 \u00e0 la socialisation. Celle-ci n\u2019est peut-\u00eatre pas indispensable, car on peut prendre plaisir \u00e0 courir, marcher ou skier seul dans un parc, mais pour plusieurs personnes, et pour presque tous les enfants, elle est source importante de plaisir.<\/p>\n<p>Le parc public est un lieu convivial de rencontres et de partage qui permet \u00e0 ses usagers de vivre des exp\u00e9riences sociales \u00e0 l\u2019enseigne du plaisir.<\/p>\n<p>L\u2019animation qu\u2019engendre une fr\u00e9quentation \u00e9lev\u00e9e est d\u00e9j\u00e0 en soi un facteur de socialisation. En y pr\u00e9sentant des spectacles ou d\u2019autres \u00e9v\u00e8nements, ou encore en y organisant des f\u00eates populaires, on favorise davantage sa convivialit\u00e9 et le plaisir d\u2019\u00eatre en groupe dans sa communaut\u00e9.[\/vc_column_text][\/vc_accordion_tab][vc_accordion_tab title=\u00a0\u00bbUn argument de promotion\u00a0\u00bb tab_id=\u00a0\u00bbcea299ec-9d6c-6&Prime;][vc_column_text]Le plaisir est un excellent argument pour faire la promotion des parcs publics et des activit\u00e9s qui s\u2019y d\u00e9roulent. N\u00e9anmoins, il ne suffit pas d\u2019am\u00e9nager ad\u00e9quatement un lieu qui soit plaisant, o\u00f9 il fait bon bouger pour en assurer sa fr\u00e9quentation, une strat\u00e9gie de communication peut \u00eatre n\u00e9cessaire pour attirer les client\u00e8les susceptibles de b\u00e9n\u00e9ficier du parc et de ses \u00e9quipements.[\/vc_column_text][\/vc_accordion_tab][\/vc_accordion][vc_empty_space empty_h=\u00a0\u00bb2&Prime;][vc_column_text]Novembre 2018[\/vc_column_text][\/vc_column][\/vc_row][vc_row row_height_percent=\u00a0\u00bb0&Prime; override_padding=\u00a0\u00bbyes\u00a0\u00bb h_padding=\u00a0\u00bb2&Prime; top_padding=\u00a0\u00bb2&Prime; bottom_padding=\u00a0\u00bb2&Prime; overlay_alpha=\u00a0\u00bb50&Prime; gutter_size=\u00a0\u00bb3&Prime; shift_y=\u00a0\u00bb0&Prime;][vc_column column_width_use_pixel=\u00a0\u00bbyes\u00a0\u00bb gutter_size=\u00a0\u00bb2&Prime; overlay_alpha=\u00a0\u00bb50&Prime; shift_x=\u00a0\u00bb0&Prime; shift_y=\u00a0\u00bb0&Prime; z_index=\u00a0\u00bb0&Prime; medium_width=\u00a0\u00bb0&Prime; width=\u00a0\u00bb1\/1&Prime; column_width_pixel=\u00a0\u00bb800&Prime;][vc_button button_color=\u00a0\u00bbaccent\u00a0\u00bb size=\u00a0\u00bbbtn-lg\u00a0\u00bb radius=\u00a0\u00bbbtn-circle\u00a0\u00bb border_width=\u00a0\u00bb0&Prime; icon_position=\u00a0\u00bbright\u00a0\u00bb link=\u00a0\u00bburl:https%3A%2F%2Fwww.guides-sports-loisirs.ca%2Fprojetespaces%2Fwp-content%2Fuploads%2Fsites%2F8%2F2024%2F11%2F2.1_ValeursRef_Plaisir.pdf||target:%20_blank|\u00a0\u00bb icon=\u00a0\u00bbfa fa-file-o\u00a0\u00bb]Version PDF[\/vc_button][\/vc_column][\/vc_row]<\/p>\n<\/div>","protected":false},"excerpt":{"rendered":"<p>[vc_row row_height_percent=\u00a0\u00bb0&Prime; override_padding=\u00a0\u00bbyes\u00a0\u00bb h_padding=\u00a0\u00bb2&Prime; top_padding=\u00a0\u00bb2&Prime; bottom_padding=\u00a0\u00bb2&Prime; overlay_alpha=\u00a0\u00bb50&Prime; gutter_size=\u00a0\u00bb3&Prime; shift_y=\u00a0\u00bb0&Prime;][vc_column column_width_use_pixel=\u00a0\u00bbyes\u00a0\u00bb gutter_size=\u00a0\u00bb2&Prime; overlay_alpha=\u00a0\u00bb50&Prime; shift_x=\u00a0\u00bb0&Prime; shift_y=\u00a0\u00bb0&Prime; z_index=\u00a0\u00bb0&Prime; medium_width=\u00a0\u00bb0&Prime; width=\u00a0\u00bb1\/1&Prime; column_width_pixel=\u00a0\u00bb800&Prime;][vc_column_text]Qu\u2019il s\u2019agisse de [&hellip;]<\/p>\n","protected":false},"author":11,"featured_media":0,"parent":60,"menu_order":0,"comment_status":"closed","ping_status":"closed","template":"","meta":{"_acf_changed":false,"footnotes":""},"class_list":["post-154","page","type-page","status-publish","hentry"],"acf":[],"yoast_head":"<!-- This site is optimized with the Yoast SEO plugin v27.4 - https:\/\/yoast.com\/product\/yoast-seo-wordpress\/ -->\n<title>Le plaisir - Projet Espaces<\/title>\n<meta name=\"description\" content=\"Rendez vos espaces publics plus agr\u00e9ables et attrayants par l&#039;esth\u00e9tisme, la diversit\u00e9, la s\u00e9curit\u00e9, la fonctionnalit\u00e9 et la socialisation.\" \/>\n<meta name=\"robots\" content=\"index, follow, max-snippet:-1, max-image-preview:large, max-video-preview:-1\" \/>\n<link rel=\"canonical\" href=\"https:\/\/www.guides-sports-loisirs.ca\/projetespaces\/valeurs-reference\/le-plaisir\/\" \/>\n<meta property=\"og:locale\" content=\"fr_FR\" \/>\n<meta property=\"og:type\" content=\"article\" \/>\n<meta property=\"og:title\" content=\"Le plaisir - Projet Espaces\" \/>\n<meta property=\"og:description\" content=\"Rendez vos espaces publics plus agr\u00e9ables et attrayants par l&#039;esth\u00e9tisme, la diversit\u00e9, la s\u00e9curit\u00e9, la fonctionnalit\u00e9 et la socialisation.\" \/>\n<meta property=\"og:url\" content=\"https:\/\/www.guides-sports-loisirs.ca\/projetespaces\/valeurs-reference\/le-plaisir\/\" \/>\n<meta property=\"og:site_name\" content=\"Projet Espaces\" \/>\n<meta property=\"article:modified_time\" content=\"2024-12-11T20:41:06+00:00\" \/>\n<meta name=\"twitter:card\" content=\"summary_large_image\" \/>\n<meta name=\"twitter:label1\" content=\"Dur\u00e9e de lecture estim\u00e9e\" \/>\n\t<meta name=\"twitter:data1\" content=\"5 minutes\" \/>\n<script type=\"application\/ld+json\" class=\"yoast-schema-graph\">{\"@context\":\"https:\\\/\\\/schema.org\",\"@graph\":[{\"@type\":\"WebPage\",\"@id\":\"https:\\\/\\\/www.guides-sports-loisirs.ca\\\/projetespaces\\\/valeurs-reference\\\/le-plaisir\\\/\",\"url\":\"https:\\\/\\\/www.guides-sports-loisirs.ca\\\/projetespaces\\\/valeurs-reference\\\/le-plaisir\\\/\",\"name\":\"Le plaisir - Projet Espaces\",\"isPartOf\":{\"@id\":\"https:\\\/\\\/www.guides-sports-loisirs.ca\\\/projetespaces\\\/#website\"},\"datePublished\":\"2017-05-05T18:15:43+00:00\",\"dateModified\":\"2024-12-11T20:41:06+00:00\",\"description\":\"Rendez vos espaces publics plus agr\u00e9ables et attrayants par l'esth\u00e9tisme, la diversit\u00e9, la s\u00e9curit\u00e9, la fonctionnalit\u00e9 et la socialisation.\",\"breadcrumb\":{\"@id\":\"https:\\\/\\\/www.guides-sports-loisirs.ca\\\/projetespaces\\\/valeurs-reference\\\/le-plaisir\\\/#breadcrumb\"},\"inLanguage\":\"fr-FR\",\"potentialAction\":[{\"@type\":\"ReadAction\",\"target\":[\"https:\\\/\\\/www.guides-sports-loisirs.ca\\\/projetespaces\\\/valeurs-reference\\\/le-plaisir\\\/\"]}]},{\"@type\":\"BreadcrumbList\",\"@id\":\"https:\\\/\\\/www.guides-sports-loisirs.ca\\\/projetespaces\\\/valeurs-reference\\\/le-plaisir\\\/#breadcrumb\",\"itemListElement\":[{\"@type\":\"ListItem\",\"position\":1,\"name\":\"Accueil\",\"item\":\"https:\\\/\\\/www.guides-sports-loisirs.ca\\\/projetespaces\\\/\"},{\"@type\":\"ListItem\",\"position\":2,\"name\":\"Valeurs de r\u00e9f\u00e9rence\",\"item\":\"https:\\\/\\\/www.guides-sports-loisirs.ca\\\/projetespaces\\\/valeurs-reference\\\/\"},{\"@type\":\"ListItem\",\"position\":3,\"name\":\"Le plaisir\"}]},{\"@type\":\"WebSite\",\"@id\":\"https:\\\/\\\/www.guides-sports-loisirs.ca\\\/projetespaces\\\/#website\",\"url\":\"https:\\\/\\\/www.guides-sports-loisirs.ca\\\/projetespaces\\\/\",\"name\":\"Projet Espaces\",\"description\":\"\",\"potentialAction\":[{\"@type\":\"SearchAction\",\"target\":{\"@type\":\"EntryPoint\",\"urlTemplate\":\"https:\\\/\\\/www.guides-sports-loisirs.ca\\\/projetespaces\\\/?s={search_term_string}\"},\"query-input\":{\"@type\":\"PropertyValueSpecification\",\"valueRequired\":true,\"valueName\":\"search_term_string\"}}],\"inLanguage\":\"fr-FR\"}]}<\/script>\n<!-- \/ Yoast SEO plugin. -->","yoast_head_json":{"title":"Le plaisir - Projet Espaces","description":"Rendez vos espaces publics plus agr\u00e9ables et attrayants par l'esth\u00e9tisme, la diversit\u00e9, la s\u00e9curit\u00e9, la fonctionnalit\u00e9 et la socialisation.","robots":{"index":"index","follow":"follow","max-snippet":"max-snippet:-1","max-image-preview":"max-image-preview:large","max-video-preview":"max-video-preview:-1"},"canonical":"https:\/\/www.guides-sports-loisirs.ca\/projetespaces\/valeurs-reference\/le-plaisir\/","og_locale":"fr_FR","og_type":"article","og_title":"Le plaisir - Projet Espaces","og_description":"Rendez vos espaces publics plus agr\u00e9ables et attrayants par l'esth\u00e9tisme, la diversit\u00e9, la s\u00e9curit\u00e9, la fonctionnalit\u00e9 et la socialisation.","og_url":"https:\/\/www.guides-sports-loisirs.ca\/projetespaces\/valeurs-reference\/le-plaisir\/","og_site_name":"Projet Espaces","article_modified_time":"2024-12-11T20:41:06+00:00","twitter_card":"summary_large_image","twitter_misc":{"Dur\u00e9e de lecture estim\u00e9e":"5 minutes"},"schema":{"@context":"https:\/\/schema.org","@graph":[{"@type":"WebPage","@id":"https:\/\/www.guides-sports-loisirs.ca\/projetespaces\/valeurs-reference\/le-plaisir\/","url":"https:\/\/www.guides-sports-loisirs.ca\/projetespaces\/valeurs-reference\/le-plaisir\/","name":"Le plaisir - Projet Espaces","isPartOf":{"@id":"https:\/\/www.guides-sports-loisirs.ca\/projetespaces\/#website"},"datePublished":"2017-05-05T18:15:43+00:00","dateModified":"2024-12-11T20:41:06+00:00","description":"Rendez vos espaces publics plus agr\u00e9ables et attrayants par l'esth\u00e9tisme, la diversit\u00e9, la s\u00e9curit\u00e9, la fonctionnalit\u00e9 et la socialisation.","breadcrumb":{"@id":"https:\/\/www.guides-sports-loisirs.ca\/projetespaces\/valeurs-reference\/le-plaisir\/#breadcrumb"},"inLanguage":"fr-FR","potentialAction":[{"@type":"ReadAction","target":["https:\/\/www.guides-sports-loisirs.ca\/projetespaces\/valeurs-reference\/le-plaisir\/"]}]},{"@type":"BreadcrumbList","@id":"https:\/\/www.guides-sports-loisirs.ca\/projetespaces\/valeurs-reference\/le-plaisir\/#breadcrumb","itemListElement":[{"@type":"ListItem","position":1,"name":"Accueil","item":"https:\/\/www.guides-sports-loisirs.ca\/projetespaces\/"},{"@type":"ListItem","position":2,"name":"Valeurs de r\u00e9f\u00e9rence","item":"https:\/\/www.guides-sports-loisirs.ca\/projetespaces\/valeurs-reference\/"},{"@type":"ListItem","position":3,"name":"Le plaisir"}]},{"@type":"WebSite","@id":"https:\/\/www.guides-sports-loisirs.ca\/projetespaces\/#website","url":"https:\/\/www.guides-sports-loisirs.ca\/projetespaces\/","name":"Projet Espaces","description":"","potentialAction":[{"@type":"SearchAction","target":{"@type":"EntryPoint","urlTemplate":"https:\/\/www.guides-sports-loisirs.ca\/projetespaces\/?s={search_term_string}"},"query-input":{"@type":"PropertyValueSpecification","valueRequired":true,"valueName":"search_term_string"}}],"inLanguage":"fr-FR"}]}},"_links":{"self":[{"href":"https:\/\/www.guides-sports-loisirs.ca\/projetespaces\/wp-json\/wp\/v2\/pages\/154","targetHints":{"allow":["GET"]}}],"collection":[{"href":"https:\/\/www.guides-sports-loisirs.ca\/projetespaces\/wp-json\/wp\/v2\/pages"}],"about":[{"href":"https:\/\/www.guides-sports-loisirs.ca\/projetespaces\/wp-json\/wp\/v2\/types\/page"}],"author":[{"embeddable":true,"href":"https:\/\/www.guides-sports-loisirs.ca\/projetespaces\/wp-json\/wp\/v2\/users\/11"}],"replies":[{"embeddable":true,"href":"https:\/\/www.guides-sports-loisirs.ca\/projetespaces\/wp-json\/wp\/v2\/comments?post=154"}],"version-history":[{"count":23,"href":"https:\/\/www.guides-sports-loisirs.ca\/projetespaces\/wp-json\/wp\/v2\/pages\/154\/revisions"}],"predecessor-version":[{"id":2404,"href":"https:\/\/www.guides-sports-loisirs.ca\/projetespaces\/wp-json\/wp\/v2\/pages\/154\/revisions\/2404"}],"up":[{"embeddable":true,"href":"https:\/\/www.guides-sports-loisirs.ca\/projetespaces\/wp-json\/wp\/v2\/pages\/60"}],"wp:attachment":[{"href":"https:\/\/www.guides-sports-loisirs.ca\/projetespaces\/wp-json\/wp\/v2\/media?parent=154"}],"curies":[{"name":"wp","href":"https:\/\/api.w.org\/{rel}","templated":true}]}}