{"id":145,"date":"2017-05-05T12:16:01","date_gmt":"2017-05-05T16:16:01","guid":{"rendered":"https:\/\/www.guides-sports-loisirs.ca\/projetespaces\/?page_id=145"},"modified":"2024-12-11T15:44:09","modified_gmt":"2024-12-11T20:44:09","slug":"pratique-libre-jeu-libre","status":"publish","type":"page","link":"https:\/\/www.guides-sports-loisirs.ca\/projetespaces\/valeurs-reference\/pratique-libre-jeu-libre\/","title":{"rendered":"La pratique libre et le jeu libre"},"content":{"rendered":"<div class=\"wpb-content-wrapper\"><p>[vc_row row_height_percent=\u00a0\u00bb0&Prime; override_padding=\u00a0\u00bbyes\u00a0\u00bb h_padding=\u00a0\u00bb2&Prime; top_padding=\u00a0\u00bb3&Prime; bottom_padding=\u00a0\u00bb2&Prime; overlay_alpha=\u00a0\u00bb50&Prime; gutter_size=\u00a0\u00bb3&Prime; shift_y=\u00a0\u00bb0&Prime;][vc_column column_width_use_pixel=\u00a0\u00bbyes\u00a0\u00bb gutter_size=\u00a0\u00bb3&Prime; overlay_alpha=\u00a0\u00bb50&Prime; shift_x=\u00a0\u00bb0&Prime; shift_y=\u00a0\u00bb0&Prime; z_index=\u00a0\u00bb0&Prime; medium_width=\u00a0\u00bb0&Prime; width=\u00a0\u00bb1\/1&Prime; column_width_pixel=\u00a0\u00bb800&Prime;][vc_column_text]La pratique libre d\u2019activit\u00e9s de loisir est de plus en plus importante\u00a0: \u00ab\u00a0On d\u00e9sire pratiquer son loisir quand on veut, avec qui on veut et, dans une certaine mesure, comme on veut[1].\u00a0\u00bb La pratique libre est davantage qu\u2019un ph\u00e9nom\u00e8ne passager ou une tendance, elle est une valeur qu\u2019on peut associer \u00e0 la libert\u00e9.<\/p>\n<p>Pour les enfants, le jeu libre est la pratique de pr\u00e9dilection, car jouer est tout \u00e0 fait naturel pour eux. Or, contrairement \u00e0 la pratique libre chez les adultes, le jeu libre des enfants n\u2019est pas valoris\u00e9. L\u2019\u00e9poque o\u00f9 on les laissait jouer dehors, leur permettant de jouir pleinement de leur libert\u00e9 de mouvement, sans aucune contrainte, est r\u00e9volue.<\/p>\n<p>L\u2019importance que l\u2019on devrait accorder au jeu libre vient principalement des connaissances scientifiques en mati\u00e8re de d\u00e9veloppement de l\u2019enfant. Le jeu est en effet un moyen d\u2019apprentissage incontournable durant l\u2019enfance. Les enfants s\u2019y adonnent d\u2019ailleurs tout naturellement, spontan\u00e9ment, qu\u2019il y ait encadrement ou non. L\u2019apprentissage v\u00e9ritable ne peut \u00eatre que le r\u00e9sultat d\u2019une exp\u00e9rience personnelle, d\u2019une d\u00e9marche active et autonome.<\/p>\n<p>Les parcs et autres espaces publics devraient offrir aux enfants davantage de possibilit\u00e9s de jouer librement, dans un environnement stimulant et ponctu\u00e9 de d\u00e9fis, tout comme ils devraient servir de cadre pour la pratique de toute activit\u00e9 libre, dans la mesure o\u00f9 cette derni\u00e8re respecte la libert\u00e9 des autres.<\/p>\n<hr \/>\n<p><strong>[1]<\/strong> Andr\u00e9 Thibault, Ph. D., \u00ab Les tendances qui interpellent l\u2019offre de service en loisir \u2013 Pourquoi le statu quo est impossible \u00bb, Bulletin de l\u2019Observatoire qu\u00e9b\u00e9cois du loisir, vol. 7 no 10, 2010, p. 2.<\/p>\n<p>&nbsp;<\/p>\n<p>Novembre 2018[\/vc_column_text][\/vc_column][\/vc_row][vc_row row_height_percent=\u00a0\u00bb0&Prime; override_padding=\u00a0\u00bbyes\u00a0\u00bb h_padding=\u00a0\u00bb2&Prime; top_padding=\u00a0\u00bb2&Prime; bottom_padding=\u00a0\u00bb2&Prime; overlay_alpha=\u00a0\u00bb50&Prime; gutter_size=\u00a0\u00bb3&Prime; shift_y=\u00a0\u00bb0&Prime;][vc_column column_width_use_pixel=\u00a0\u00bbyes\u00a0\u00bb gutter_size=\u00a0\u00bb2&Prime; overlay_alpha=\u00a0\u00bb50&Prime; shift_x=\u00a0\u00bb0&Prime; shift_y=\u00a0\u00bb0&Prime; z_index=\u00a0\u00bb0&Prime; medium_width=\u00a0\u00bb0&Prime; width=\u00a0\u00bb1\/1&Prime; column_width_pixel=\u00a0\u00bb800&Prime;][vc_button button_color=\u00a0\u00bbaccent\u00a0\u00bb size=\u00a0\u00bbbtn-lg\u00a0\u00bb radius=\u00a0\u00bbbtn-circle\u00a0\u00bb border_width=\u00a0\u00bb0&Prime; icon_position=\u00a0\u00bbright\u00a0\u00bb link=\u00a0\u00bburl:https%3A%2F%2Fwww.guides-sports-loisirs.ca%2Fprojetespaces%2Fwp-content%2Fuploads%2Fsites%2F8%2F2024%2F11%2F2.4_ValeursRef_PratiqueJeuLibre.pdf||target:%20_blank|\u00a0\u00bb icon=\u00a0\u00bbfa fa-file-o\u00a0\u00bb]Version PDF[\/vc_button][\/vc_column][\/vc_row]<\/p>\n<\/div>","protected":false},"excerpt":{"rendered":"<p>[vc_row row_height_percent=\u00a0\u00bb0&Prime; override_padding=\u00a0\u00bbyes\u00a0\u00bb h_padding=\u00a0\u00bb2&Prime; top_padding=\u00a0\u00bb3&Prime; bottom_padding=\u00a0\u00bb2&Prime; overlay_alpha=\u00a0\u00bb50&Prime; gutter_size=\u00a0\u00bb3&Prime; shift_y=\u00a0\u00bb0&Prime;][vc_column column_width_use_pixel=\u00a0\u00bbyes\u00a0\u00bb gutter_size=\u00a0\u00bb3&Prime; overlay_alpha=\u00a0\u00bb50&Prime; shift_x=\u00a0\u00bb0&Prime; shift_y=\u00a0\u00bb0&Prime; z_index=\u00a0\u00bb0&Prime; medium_width=\u00a0\u00bb0&Prime; width=\u00a0\u00bb1\/1&Prime; column_width_pixel=\u00a0\u00bb800&Prime;][vc_column_text]La pratique libre [&hellip;]<\/p>\n","protected":false},"author":11,"featured_media":0,"parent":60,"menu_order":0,"comment_status":"closed","ping_status":"closed","template":"","meta":{"_acf_changed":false,"footnotes":""},"class_list":["post-145","page","type-page","status-publish","hentry"],"acf":[],"yoast_head":"<!-- This site is optimized with the Yoast SEO plugin v27.4 - https:\/\/yoast.com\/product\/yoast-seo-wordpress\/ -->\n<title>La pratique libre et le jeu libre - Projet Espaces<\/title>\n<meta name=\"description\" content=\"Les parcs et autres espaces publics devraient permettre le jeu libre par un environnement stimulant et ponctu\u00e9 de d\u00e9fis.\" \/>\n<meta name=\"robots\" content=\"index, follow, max-snippet:-1, max-image-preview:large, max-video-preview:-1\" \/>\n<link rel=\"canonical\" href=\"https:\/\/www.guides-sports-loisirs.ca\/projetespaces\/valeurs-reference\/pratique-libre-jeu-libre\/\" \/>\n<meta property=\"og:locale\" content=\"fr_FR\" \/>\n<meta property=\"og:type\" content=\"article\" \/>\n<meta property=\"og:title\" content=\"La pratique libre et le jeu libre - Projet Espaces\" \/>\n<meta property=\"og:description\" content=\"Les parcs et autres espaces publics devraient permettre le jeu libre par un environnement stimulant et ponctu\u00e9 de d\u00e9fis.\" \/>\n<meta property=\"og:url\" content=\"https:\/\/www.guides-sports-loisirs.ca\/projetespaces\/valeurs-reference\/pratique-libre-jeu-libre\/\" \/>\n<meta property=\"og:site_name\" content=\"Projet Espaces\" \/>\n<meta property=\"article:modified_time\" content=\"2024-12-11T20:44:09+00:00\" \/>\n<meta name=\"twitter:card\" content=\"summary_large_image\" \/>\n<meta name=\"twitter:label1\" content=\"Dur\u00e9e de lecture estim\u00e9e\" \/>\n\t<meta name=\"twitter:data1\" content=\"2 minutes\" \/>\n<script type=\"application\/ld+json\" class=\"yoast-schema-graph\">{\"@context\":\"https:\\\/\\\/schema.org\",\"@graph\":[{\"@type\":\"WebPage\",\"@id\":\"https:\\\/\\\/www.guides-sports-loisirs.ca\\\/projetespaces\\\/valeurs-reference\\\/pratique-libre-jeu-libre\\\/\",\"url\":\"https:\\\/\\\/www.guides-sports-loisirs.ca\\\/projetespaces\\\/valeurs-reference\\\/pratique-libre-jeu-libre\\\/\",\"name\":\"La pratique libre et le jeu libre - Projet Espaces\",\"isPartOf\":{\"@id\":\"https:\\\/\\\/www.guides-sports-loisirs.ca\\\/projetespaces\\\/#website\"},\"datePublished\":\"2017-05-05T16:16:01+00:00\",\"dateModified\":\"2024-12-11T20:44:09+00:00\",\"description\":\"Les parcs et autres espaces publics devraient permettre le jeu libre par un environnement stimulant et ponctu\u00e9 de d\u00e9fis.\",\"breadcrumb\":{\"@id\":\"https:\\\/\\\/www.guides-sports-loisirs.ca\\\/projetespaces\\\/valeurs-reference\\\/pratique-libre-jeu-libre\\\/#breadcrumb\"},\"inLanguage\":\"fr-FR\",\"potentialAction\":[{\"@type\":\"ReadAction\",\"target\":[\"https:\\\/\\\/www.guides-sports-loisirs.ca\\\/projetespaces\\\/valeurs-reference\\\/pratique-libre-jeu-libre\\\/\"]}]},{\"@type\":\"BreadcrumbList\",\"@id\":\"https:\\\/\\\/www.guides-sports-loisirs.ca\\\/projetespaces\\\/valeurs-reference\\\/pratique-libre-jeu-libre\\\/#breadcrumb\",\"itemListElement\":[{\"@type\":\"ListItem\",\"position\":1,\"name\":\"Accueil\",\"item\":\"https:\\\/\\\/www.guides-sports-loisirs.ca\\\/projetespaces\\\/\"},{\"@type\":\"ListItem\",\"position\":2,\"name\":\"Valeurs de r\u00e9f\u00e9rence\",\"item\":\"https:\\\/\\\/www.guides-sports-loisirs.ca\\\/projetespaces\\\/valeurs-reference\\\/\"},{\"@type\":\"ListItem\",\"position\":3,\"name\":\"La pratique libre et le jeu libre\"}]},{\"@type\":\"WebSite\",\"@id\":\"https:\\\/\\\/www.guides-sports-loisirs.ca\\\/projetespaces\\\/#website\",\"url\":\"https:\\\/\\\/www.guides-sports-loisirs.ca\\\/projetespaces\\\/\",\"name\":\"Projet Espaces\",\"description\":\"\",\"potentialAction\":[{\"@type\":\"SearchAction\",\"target\":{\"@type\":\"EntryPoint\",\"urlTemplate\":\"https:\\\/\\\/www.guides-sports-loisirs.ca\\\/projetespaces\\\/?s={search_term_string}\"},\"query-input\":{\"@type\":\"PropertyValueSpecification\",\"valueRequired\":true,\"valueName\":\"search_term_string\"}}],\"inLanguage\":\"fr-FR\"}]}<\/script>\n<!-- \/ Yoast SEO plugin. -->","yoast_head_json":{"title":"La pratique libre et le jeu libre - Projet Espaces","description":"Les parcs et autres espaces publics devraient permettre le jeu libre par un environnement stimulant et ponctu\u00e9 de d\u00e9fis.","robots":{"index":"index","follow":"follow","max-snippet":"max-snippet:-1","max-image-preview":"max-image-preview:large","max-video-preview":"max-video-preview:-1"},"canonical":"https:\/\/www.guides-sports-loisirs.ca\/projetespaces\/valeurs-reference\/pratique-libre-jeu-libre\/","og_locale":"fr_FR","og_type":"article","og_title":"La pratique libre et le jeu libre - Projet Espaces","og_description":"Les parcs et autres espaces publics devraient permettre le jeu libre par un environnement stimulant et ponctu\u00e9 de d\u00e9fis.","og_url":"https:\/\/www.guides-sports-loisirs.ca\/projetespaces\/valeurs-reference\/pratique-libre-jeu-libre\/","og_site_name":"Projet Espaces","article_modified_time":"2024-12-11T20:44:09+00:00","twitter_card":"summary_large_image","twitter_misc":{"Dur\u00e9e de lecture estim\u00e9e":"2 minutes"},"schema":{"@context":"https:\/\/schema.org","@graph":[{"@type":"WebPage","@id":"https:\/\/www.guides-sports-loisirs.ca\/projetespaces\/valeurs-reference\/pratique-libre-jeu-libre\/","url":"https:\/\/www.guides-sports-loisirs.ca\/projetespaces\/valeurs-reference\/pratique-libre-jeu-libre\/","name":"La pratique libre et le jeu libre - Projet Espaces","isPartOf":{"@id":"https:\/\/www.guides-sports-loisirs.ca\/projetespaces\/#website"},"datePublished":"2017-05-05T16:16:01+00:00","dateModified":"2024-12-11T20:44:09+00:00","description":"Les parcs et autres espaces publics devraient permettre le jeu libre par un environnement stimulant et ponctu\u00e9 de d\u00e9fis.","breadcrumb":{"@id":"https:\/\/www.guides-sports-loisirs.ca\/projetespaces\/valeurs-reference\/pratique-libre-jeu-libre\/#breadcrumb"},"inLanguage":"fr-FR","potentialAction":[{"@type":"ReadAction","target":["https:\/\/www.guides-sports-loisirs.ca\/projetespaces\/valeurs-reference\/pratique-libre-jeu-libre\/"]}]},{"@type":"BreadcrumbList","@id":"https:\/\/www.guides-sports-loisirs.ca\/projetespaces\/valeurs-reference\/pratique-libre-jeu-libre\/#breadcrumb","itemListElement":[{"@type":"ListItem","position":1,"name":"Accueil","item":"https:\/\/www.guides-sports-loisirs.ca\/projetespaces\/"},{"@type":"ListItem","position":2,"name":"Valeurs de r\u00e9f\u00e9rence","item":"https:\/\/www.guides-sports-loisirs.ca\/projetespaces\/valeurs-reference\/"},{"@type":"ListItem","position":3,"name":"La pratique libre et le jeu libre"}]},{"@type":"WebSite","@id":"https:\/\/www.guides-sports-loisirs.ca\/projetespaces\/#website","url":"https:\/\/www.guides-sports-loisirs.ca\/projetespaces\/","name":"Projet Espaces","description":"","potentialAction":[{"@type":"SearchAction","target":{"@type":"EntryPoint","urlTemplate":"https:\/\/www.guides-sports-loisirs.ca\/projetespaces\/?s={search_term_string}"},"query-input":{"@type":"PropertyValueSpecification","valueRequired":true,"valueName":"search_term_string"}}],"inLanguage":"fr-FR"}]}},"_links":{"self":[{"href":"https:\/\/www.guides-sports-loisirs.ca\/projetespaces\/wp-json\/wp\/v2\/pages\/145","targetHints":{"allow":["GET"]}}],"collection":[{"href":"https:\/\/www.guides-sports-loisirs.ca\/projetespaces\/wp-json\/wp\/v2\/pages"}],"about":[{"href":"https:\/\/www.guides-sports-loisirs.ca\/projetespaces\/wp-json\/wp\/v2\/types\/page"}],"author":[{"embeddable":true,"href":"https:\/\/www.guides-sports-loisirs.ca\/projetespaces\/wp-json\/wp\/v2\/users\/11"}],"replies":[{"embeddable":true,"href":"https:\/\/www.guides-sports-loisirs.ca\/projetespaces\/wp-json\/wp\/v2\/comments?post=145"}],"version-history":[{"count":16,"href":"https:\/\/www.guides-sports-loisirs.ca\/projetespaces\/wp-json\/wp\/v2\/pages\/145\/revisions"}],"predecessor-version":[{"id":2284,"href":"https:\/\/www.guides-sports-loisirs.ca\/projetespaces\/wp-json\/wp\/v2\/pages\/145\/revisions\/2284"}],"up":[{"embeddable":true,"href":"https:\/\/www.guides-sports-loisirs.ca\/projetespaces\/wp-json\/wp\/v2\/pages\/60"}],"wp:attachment":[{"href":"https:\/\/www.guides-sports-loisirs.ca\/projetespaces\/wp-json\/wp\/v2\/media?parent=145"}],"curies":[{"name":"wp","href":"https:\/\/api.w.org\/{rel}","templated":true}]}}