{"id":1098,"date":"2018-12-11T10:04:58","date_gmt":"2018-12-11T15:04:58","guid":{"rendered":"https:\/\/www.guides-sports-loisirs.ca\/projetespaces\/?page_id=1098"},"modified":"2024-11-06T14:28:29","modified_gmt":"2024-11-06T19:28:29","slug":"espaces-jeu-libre-hiver","status":"publish","type":"page","link":"https:\/\/www.guides-sports-loisirs.ca\/projetespaces\/espaces-jeu-enfants\/espaces-jeu-libre-hiver\/","title":{"rendered":"Les espaces de jeu libre en hiver"},"content":{"rendered":"<div class=\"wpb-content-wrapper\"><p>[vc_row row_height_percent=\u00a0\u00bb0&Prime; override_padding=\u00a0\u00bbyes\u00a0\u00bb h_padding=\u00a0\u00bb2&Prime; top_padding=\u00a0\u00bb3&Prime; bottom_padding=\u00a0\u00bb2&Prime; overlay_alpha=\u00a0\u00bb50&Prime; gutter_size=\u00a0\u00bb3&Prime; shift_y=\u00a0\u00bb0&Prime;][vc_column column_width_use_pixel=\u00a0\u00bbyes\u00a0\u00bb gutter_size=\u00a0\u00bb3&Prime; overlay_alpha=\u00a0\u00bb50&Prime; shift_x=\u00a0\u00bb0&Prime; shift_y=\u00a0\u00bb0&Prime; z_index=\u00a0\u00bb0&Prime; medium_width=\u00a0\u00bb0&Prime; width=\u00a0\u00bb1\/1&Prime; column_width_pixel=\u00a0\u00bb800&Prime;][vc_column_text]L\u2019hiver dure longtemps au Qu\u00e9bec, mais bon nombre de parcs et d\u2019autres espaces publics sont ferm\u00e9s ou tr\u00e8s peu fr\u00e9quent\u00e9s. Or, les investissements dans ces espaces sont souvent importants et justifieraient qu\u2019on en am\u00e9liore l\u2019accessibilit\u00e9 dans sa dimension temporelle. Il faudrait, autant que possible, offrir des lieux et des \u00e9quipements de loisir toute l\u2019ann\u00e9e, ceux-ci pouvant varier selon la saison. En hiver, les enfants n\u2019en ont pas moins besoin de bouger, leur d\u00e9veloppement ne s\u2019arr\u00eate pas pendant la froide saison. L\u2019hiver pr\u00e9sente un d\u00e9fi particulier pour les services publics en loisir, car les conditions de pratique des activit\u00e9s en plein air sont compl\u00e8tement diff\u00e9rentes et les imp\u00e9ratifs de s\u00e9curit\u00e9 sont sp\u00e9cifiques \u00e0 la saison.<\/p>\n<p>La plupart des espaces de jeu dans les parcs ne sont pas r\u00e9ellement con\u00e7us pour un usage quatre-saisons et la pr\u00e9occupation d\u2019offrir d\u2019autres espaces de jeu en plein air pour les enfants en hiver n\u2019est pas tr\u00e8s pr\u00e9sente. En fait, les programmations hivernales au niveau municipal incluent g\u00e9n\u00e9ralement des activit\u00e9s familiales, des carnavals ou autres f\u00eates d\u2019hiver, il y a des patinoires r\u00e9serv\u00e9es au patinage et au hockey libre, mais c\u2019est loin d\u2019\u00eatre sp\u00e9cifique aux enfants. Il n\u2019y a pas, le plus souvent, d\u2019\u00e9quivalent hivernal aux espaces de jeu libre dans les parcs pour les groupes d\u2019\u00e2ge plus jeunes.<\/p>\n<p>Les aires de jeu dans les parcs doivent-elles \u00eatre ferm\u00e9es?<\/p>\n<p>Y a-t-il moyen d\u2019offrir des aires de jeu libre et des structures de jeu dans les parcs ouvertes toute l\u2019ann\u00e9e? En ce qui concerne particuli\u00e8rement les \u00e9quipements ou modules de jeu, la r\u00e9ponse est\u00a0: difficilement!<\/p>\n<p>L\u2019Institut qu\u00e9b\u00e9cois de la s\u00e9curit\u00e9 dans les aires de jeu s\u2019est pench\u00e9 sur la question pour notamment conclure qu\u2019\u00ab\u00a0il faut \u00e9viter d\u2019utiliser les modules de jeu lorsque les surfaces absorbantes sont gel\u00e9es, car il en va de la s\u00e9curit\u00e9 des tout-petits\u00a0\u00bb.<\/p>\n<p>La norme CSA\u00a0Z614 en mati\u00e8re de s\u00e9curit\u00e9 qui s\u2019applique aux \u00e9quipements de jeu a en effet des limites. Ses dispositions sont valables quand il n\u2019y a pas de neige et qu\u2019il ne g\u00e8le pas, mais l\u2019hiver les conditions sont diff\u00e9rentes\u00a0:<\/p>\n<ul>\n<li>les surfaces absorbantes pour amortir les chocs \u00e0 la suite de chutes durcissent quand elles g\u00e8lent et ne jouent plus leur r\u00f4le;<\/li>\n<li>les v\u00eatements d\u2019hiver g\u00eanent les enfants : des cordons ou des attaches peuvent se coincer dans des \u00e9l\u00e9ments de module, causant des fractures ou des \u00e9touffements;<\/li>\n<li>les mitaines emp\u00eachent de bien s\u2019agripper ou d\u2019assurer des prises solides;<\/li>\n<li>toute peau nue qui se colle \u00e0 une surface m\u00e9tallique gel\u00e9e risque d\u2019\u00eatre arrach\u00e9e;<\/li>\n<li>la neige, la glace ou la pluie vergla\u00e7ante peuvent rendre les surfaces de jeu, les poign\u00e9es et les \u00e9chelles tr\u00e8s glissantes, causant des chutes et des fractures ou d\u2019autres traumatismes;<\/li>\n<li>les mati\u00e8res synth\u00e9tiques des v\u00eatements d\u2019hiver, comme le nylon, diminuent la r\u00e9sistance au glissement, en particulier dans les glissoires en plastique; elles peuvent augmenter la vitesse de la descente et rendre l\u2019arriv\u00e9e dangereuse, surtout si le sol est gel\u00e9.<\/li>\n<\/ul>\n<p>\u00c0 ces raisons de s\u00e9curit\u00e9 peuvent s\u2019ajouter des raisons de praticabilit\u00e9 des acc\u00e8s, de difficult\u00e9s d\u2019entretien et de surveillance.<\/p>\n<p>Faut-il pour autant fermer toute l\u2019aire de jeu? Pas n\u00e9cessairement, car une aire de jeu libre n\u2019a pas n\u00e9cessairement besoin d\u2019\u00e9quipement.[\/vc_column_text][vc_accordion][vc_accordion_tab title=\u00a0\u00bbDes zones d\u2019hiver\u00a0\u00bb tab_id=\u00a0\u00bb869ed2e4-4327-3&Prime;][vc_column_text]L\u2019am\u00e9nagement de zones dans les aires de jeu est le meilleur moyen de r\u00e9pondre aux besoins multiples de d\u00e9veloppement des enfants, mais ces zones ont \u00e9t\u00e9 con\u00e7ues avant tout pour la pratique d\u2019activit\u00e9s ludiques en \u00e9t\u00e9 ou, du moins, par temps cl\u00e9ment et \u00e0 des temp\u00e9ratures estivales. Ces zones ne sauraient donc \u00eatre tout \u00e0 fait les m\u00eames durant l\u2019hiver, mais il est permis de concevoir des zones r\u00e9pondant \u00e0 divers besoins. Ainsi pourrait-on avoir\u00a0:<\/p>\n<ul>\n<li>Une zone de cr\u00e9ation\u00a0: pour que les enfants puissent d\u00e9velopper leur motricit\u00e9 fine (oui, m\u00eame avec des mitaines) et leur imagination. Mat\u00e9riau principal : la neige! Faire des bonhommes de neige, mais fabriquer aussi toutes sortes de structures, tracer des plans d\u2019une maison imaginaire dans la neige, construire un fort (un classique), etc.<\/li>\n<li>Une zone physique\u00a0: pour que les enfants puissent bouger en tous sens : se rouler dans la neige, sauter, ramper, faire l\u2019ange, lancer des boules de neige. Il faut surtout qu\u2019il y ait un talus o\u00f9 ils pourront glisser. Et pourquoi pas une patinoire \u00e0 surface restreinte : sur un bassin ou un \u00e9tang gel\u00e9 par exemple?<\/li>\n<li>La zone jardin peut avoir pour \u00e9quivalence tout ce que la nature en hiver peut offrir aux enfants comme d\u00e9couvertes. La nature est en effet une source d\u2019apprentissage en toute saison. Pourquoi n\u2019y aurait-il pas des mangeoires ou des abreuvoirs pour oiseaux que les enfants pourraient observer et identifier? Y a-t-il des fruits s\u00e9ch\u00e9s dans les arbres qui peuvent servir de nourriture aux oiseaux et aux petits mammif\u00e8res? Les enfants peuvent suivre facilement des pistes d\u2019animaux qu\u2019ils apprendront \u00e0 identifier.<\/li>\n<\/ul>\n<p>La pr\u00e9sence de sentiers pour relier les zones fournira d\u2019autres possibilit\u00e9s de bouger, et autant pour les accompagnateurs des enfants que pour ceux-ci : promenade en tra\u00eeneau ou en tra\u00eene sauvage, marche a\u0300 pied, en raquettes ou en skis de fond&#8230; De plus, les sentiers offrent un contact plus \u00e9troit avec la nature qui enrichit l\u2019exp\u00e9rience de plein air.<\/p>\n<p>Ces zones peuvent \u00eatre am\u00e9nag\u00e9es ailleurs que dans les parcs si d\u2019autres espaces s\u2019y pr\u00eatent.[\/vc_column_text][\/vc_accordion_tab][vc_accordion_tab title=\u00a0\u00bbPr\u00eat de mat\u00e9riel\u00a0\u00bb tab_id=\u00a0\u00bbb4f9bfa6-48e4-7&Prime;][vc_column_text]La mise a\u0300 disposition de mat\u00e9riel est aussi un \u00e9l\u00e9ment important a\u0300 consid\u00e9rer dans l\u2019offre. Par exemple, dans les parcs ou\u0300 il y a un chalet et un surveillant, on peut offrir la possibilit\u00e9 d\u2019emprunter sur place des patins, des e\u0301quipements de gardien de but pour enfants, des accessoires de ballon-balai, des b\u00e2tons et anneaux de ringuette, des cibles servant de but de hockey, des luges ou m\u00eame des petits e\u0301quipements pour jouer dans la neige.[\/vc_column_text][\/vc_accordion_tab][vc_accordion_tab title=\u00a0\u00bb\u00c9l\u00e9ments de s\u00e9curit\u00e9\u00a0\u00bb tab_id=\u00a0\u00bb2a47b9a1-5628-0&Prime;][vc_column_text]\u00c9tonnamment, les enfants risquent moins de souffrir du froid que les adultes qui les accompagnent. Ils sont g\u00e9n\u00e9ralement v\u00eatus correctement et bougent davantage que leurs accompagnateurs. Le risque est en fait qu\u2019ils aient trop chaud et qu\u2019ils transpirent, puis qu\u2019ils refroidissent ensuite et ressentent alors les effets du froid. Il appartient naturellement \u00e0 leurs accompagnateurs de pr\u00e9venir ou de corriger cette situation.<\/p>\n<p>Du point de vue des autorit\u00e9s publiques, l\u2019important est surtout d\u2019assurer la s\u00e9curit\u00e9 des lieux, entre autres\u00a0:<\/p>\n<ul>\n<li>Aire de glissade\u00a0: v\u00e9rifier surtout qu\u2019il n\u2019y a pas d\u2019obstacles sur le parcours (souches, roches, arbres, v\u00e9hicules, etc.).<\/li>\n<li>Plan d\u2019eau gel\u00e9\u00a0: s\u2019assurer que la glace a l\u2019\u00e9paisseur voulue pour supporter le poids des personnes qui viendront y faire des activit\u00e9s , rep\u00e9rer les fissures et autres secteurs dangereux pour \u00e9tablir un p\u00e9rim\u00e8tre s\u00e9curitaire.<\/li>\n<\/ul>\n<p>Selon le type de parc, il pourrait \u00eatre avis\u00e9\u00a0:<\/p>\n<ul>\n<li>d\u2019offrir un abri chauff\u00e9 (cabane, chalet, caravane\u2026) \u00e0 proximit\u00e9\u00a0: les enfants pourront s\u2019y r\u00e9fugier en cas de d\u00e9but d\u2019engelure ou s\u2019ils ont trop froid;<\/li>\n<li>d\u2019offrir de l\u2019eau potable, car les enfants doivent boire quand ils font des activit\u00e9s \u00e9nergiques en plein air l\u2019hiver, m\u00eame s\u2019ils n\u2019ont pas tr\u00e8s soif. (Les enfants devraient d\u2019ailleurs s\u2019habituer a\u0300 apporter eux-m\u00eames des bouteilles d\u2019eau pour se d\u00e9salt\u00e9rer.)<\/li>\n<\/ul>\n<p>Les aires de jeu pourront \u00eatre ferm\u00e9es quand les conditions m\u00e9t\u00e9o sont nettement d\u00e9favorables : quand il fait moins de -20 oC ressenti (sous l\u2019effet \u00e9olien), par temps de blizzard ou de poudrerie, sous la pluie vergla\u00e7ante ou quand la neige devient trop mouill\u00e9e par suite d\u2019un redoux.[\/vc_column_text][\/vc_accordion_tab][\/vc_accordion][vc_empty_space empty_h=\u00a0\u00bb2&Prime;][vc_column_text]<strong>R\u00e9f\u00e9rences<\/strong><\/p>\n<p>Regroupement des centres de la petite enfance de la Mont\u00e9r\u00e9gie (RCPEM), <a href=\"https:\/\/www.petitslutins.ca\/client_file\/upload\/pdf\/parents\/Charte-des-temperature-2019.pdf\" target=\"_blank\" rel=\"noopener\">Chartes de temp\u00e9rature et r\u00e8gles de base<\/a><\/p>\n<p>Environnement Canada, Le refroidissement \u00e9olien \u2013 Un fait qui donne le frisson, 2010<\/p>\n<p>Association qu\u00e9b\u00e9coise du loisir municipal, <a href=\"http:\/\/www.loisirmunicipal.qc.ca\/userfiles\/file\/Aires_glisse.PDF\" target=\"_blank\" rel=\"noopener\">Aires de glissade \u2013 Guide d\u2019am\u00e9nagement et de gestion<\/a>, 2006<\/p>\n<p>Croix-Rouge canadienne, <a href=\"https:\/\/www.croixrouge.ca\/cours-et-certificats\/conseils-et-ressources-de-natation-et-de-securite-aquatique\/conseils-natation-securite-nautique-et-securite-aquatique\/securite-sur-la-glace\" target=\"_blank\" rel=\"noopener\">S\u00e9curit\u00e9 sur la glace<\/a>[\/vc_column_text][vc_empty_space empty_h=\u00a0\u00bb2&Prime;][vc_column_text]Novembre 2024[\/vc_column_text][\/vc_column][\/vc_row][vc_row row_height_percent=\u00a0\u00bb0&Prime; override_padding=\u00a0\u00bbyes\u00a0\u00bb h_padding=\u00a0\u00bb2&Prime; top_padding=\u00a0\u00bb2&Prime; bottom_padding=\u00a0\u00bb2&Prime; overlay_alpha=\u00a0\u00bb50&Prime; gutter_size=\u00a0\u00bb3&Prime; shift_y=\u00a0\u00bb0&Prime;][vc_column column_width_use_pixel=\u00a0\u00bbyes\u00a0\u00bb gutter_size=\u00a0\u00bb2&Prime; overlay_alpha=\u00a0\u00bb50&Prime; shift_x=\u00a0\u00bb0&Prime; shift_y=\u00a0\u00bb0&Prime; z_index=\u00a0\u00bb0&Prime; medium_width=\u00a0\u00bb0&Prime; width=\u00a0\u00bb1\/1&Prime; column_width_pixel=\u00a0\u00bb800&Prime;][vc_button button_color=\u00a0\u00bbaccent\u00a0\u00bb size=\u00a0\u00bbbtn-lg\u00a0\u00bb radius=\u00a0\u00bbbtn-circle\u00a0\u00bb border_width=\u00a0\u00bb0&Prime; icon_position=\u00a0\u00bbright\u00a0\u00bb link=\u00a0\u00bburl:https%3A%2F%2Fwww.guides-sports-loisirs.ca%2Fprojetespaces%2Fwp-content%2Fuploads%2Fsites%2F8%2F2024%2F11%2F7.7_JeuEnfants_JeuLibreHiver.pdf||target:%20_blank|\u00a0\u00bb icon=\u00a0\u00bbfa fa-file-o\u00a0\u00bb]Version PDF[\/vc_button][\/vc_column][\/vc_row]<\/p>\n<\/div>","protected":false},"excerpt":{"rendered":"<p>[vc_row row_height_percent=\u00a0\u00bb0&Prime; override_padding=\u00a0\u00bbyes\u00a0\u00bb h_padding=\u00a0\u00bb2&Prime; top_padding=\u00a0\u00bb3&Prime; bottom_padding=\u00a0\u00bb2&Prime; overlay_alpha=\u00a0\u00bb50&Prime; gutter_size=\u00a0\u00bb3&Prime; shift_y=\u00a0\u00bb0&Prime;][vc_column column_width_use_pixel=\u00a0\u00bbyes\u00a0\u00bb gutter_size=\u00a0\u00bb3&Prime; overlay_alpha=\u00a0\u00bb50&Prime; shift_x=\u00a0\u00bb0&Prime; shift_y=\u00a0\u00bb0&Prime; z_index=\u00a0\u00bb0&Prime; medium_width=\u00a0\u00bb0&Prime; width=\u00a0\u00bb1\/1&Prime; column_width_pixel=\u00a0\u00bb800&Prime;][vc_column_text]L\u2019hiver dure longtemps [&hellip;]<\/p>\n","protected":false},"author":11,"featured_media":0,"parent":801,"menu_order":0,"comment_status":"closed","ping_status":"closed","template":"","meta":{"_acf_changed":false,"footnotes":""},"class_list":["post-1098","page","type-page","status-publish","hentry"],"acf":[],"yoast_head":"<!-- This site is optimized with the Yoast SEO plugin v27.4 - https:\/\/yoast.com\/product\/yoast-seo-wordpress\/ -->\n<title>Les espaces de jeu libre en hiver - Projet Espaces<\/title>\n<meta name=\"robots\" content=\"index, follow, max-snippet:-1, max-image-preview:large, max-video-preview:-1\" \/>\n<link rel=\"canonical\" href=\"https:\/\/www.guides-sports-loisirs.ca\/projetespaces\/espaces-jeu-enfants\/espaces-jeu-libre-hiver\/\" \/>\n<meta property=\"og:locale\" content=\"fr_FR\" \/>\n<meta property=\"og:type\" content=\"article\" \/>\n<meta property=\"og:title\" content=\"Les espaces de jeu libre en hiver - Projet Espaces\" \/>\n<meta property=\"og:description\" content=\"[vc_row row_height_percent=\u00a0\u00bb0&Prime; override_padding=\u00a0\u00bbyes\u00a0\u00bb h_padding=\u00a0\u00bb2&Prime; top_padding=\u00a0\u00bb3&Prime; bottom_padding=\u00a0\u00bb2&Prime; overlay_alpha=\u00a0\u00bb50&Prime; gutter_size=\u00a0\u00bb3&Prime; shift_y=\u00a0\u00bb0&Prime;][vc_column column_width_use_pixel=\u00a0\u00bbyes\u00a0\u00bb gutter_size=\u00a0\u00bb3&Prime; overlay_alpha=\u00a0\u00bb50&Prime; shift_x=\u00a0\u00bb0&Prime; shift_y=\u00a0\u00bb0&Prime; z_index=\u00a0\u00bb0&Prime; medium_width=\u00a0\u00bb0&Prime; width=\u00a0\u00bb1\/1&Prime; column_width_pixel=\u00a0\u00bb800&Prime;][vc_column_text]L\u2019hiver dure longtemps [&hellip;]\" \/>\n<meta property=\"og:url\" content=\"https:\/\/www.guides-sports-loisirs.ca\/projetespaces\/espaces-jeu-enfants\/espaces-jeu-libre-hiver\/\" \/>\n<meta property=\"og:site_name\" content=\"Projet Espaces\" \/>\n<meta property=\"article:modified_time\" content=\"2024-11-06T19:28:29+00:00\" \/>\n<meta name=\"twitter:card\" content=\"summary_large_image\" \/>\n<meta name=\"twitter:label1\" content=\"Dur\u00e9e de lecture estim\u00e9e\" \/>\n\t<meta name=\"twitter:data1\" content=\"7 minutes\" \/>\n<script type=\"application\/ld+json\" class=\"yoast-schema-graph\">{\"@context\":\"https:\\\/\\\/schema.org\",\"@graph\":[{\"@type\":\"WebPage\",\"@id\":\"https:\\\/\\\/www.guides-sports-loisirs.ca\\\/projetespaces\\\/espaces-jeu-enfants\\\/espaces-jeu-libre-hiver\\\/\",\"url\":\"https:\\\/\\\/www.guides-sports-loisirs.ca\\\/projetespaces\\\/espaces-jeu-enfants\\\/espaces-jeu-libre-hiver\\\/\",\"name\":\"Les espaces de jeu libre en hiver - Projet Espaces\",\"isPartOf\":{\"@id\":\"https:\\\/\\\/www.guides-sports-loisirs.ca\\\/projetespaces\\\/#website\"},\"datePublished\":\"2018-12-11T15:04:58+00:00\",\"dateModified\":\"2024-11-06T19:28:29+00:00\",\"breadcrumb\":{\"@id\":\"https:\\\/\\\/www.guides-sports-loisirs.ca\\\/projetespaces\\\/espaces-jeu-enfants\\\/espaces-jeu-libre-hiver\\\/#breadcrumb\"},\"inLanguage\":\"fr-FR\",\"potentialAction\":[{\"@type\":\"ReadAction\",\"target\":[\"https:\\\/\\\/www.guides-sports-loisirs.ca\\\/projetespaces\\\/espaces-jeu-enfants\\\/espaces-jeu-libre-hiver\\\/\"]}]},{\"@type\":\"BreadcrumbList\",\"@id\":\"https:\\\/\\\/www.guides-sports-loisirs.ca\\\/projetespaces\\\/espaces-jeu-enfants\\\/espaces-jeu-libre-hiver\\\/#breadcrumb\",\"itemListElement\":[{\"@type\":\"ListItem\",\"position\":1,\"name\":\"Accueil\",\"item\":\"https:\\\/\\\/www.guides-sports-loisirs.ca\\\/projetespaces\\\/\"},{\"@type\":\"ListItem\",\"position\":2,\"name\":\"Espaces de jeu pour enfants\",\"item\":\"https:\\\/\\\/www.guides-sports-loisirs.ca\\\/projetespaces\\\/espaces-jeu-enfants\\\/\"},{\"@type\":\"ListItem\",\"position\":3,\"name\":\"Les espaces de jeu libre en hiver\"}]},{\"@type\":\"WebSite\",\"@id\":\"https:\\\/\\\/www.guides-sports-loisirs.ca\\\/projetespaces\\\/#website\",\"url\":\"https:\\\/\\\/www.guides-sports-loisirs.ca\\\/projetespaces\\\/\",\"name\":\"Projet Espaces\",\"description\":\"\",\"potentialAction\":[{\"@type\":\"SearchAction\",\"target\":{\"@type\":\"EntryPoint\",\"urlTemplate\":\"https:\\\/\\\/www.guides-sports-loisirs.ca\\\/projetespaces\\\/?s={search_term_string}\"},\"query-input\":{\"@type\":\"PropertyValueSpecification\",\"valueRequired\":true,\"valueName\":\"search_term_string\"}}],\"inLanguage\":\"fr-FR\"}]}<\/script>\n<!-- \/ Yoast SEO plugin. -->","yoast_head_json":{"title":"Les espaces de jeu libre en hiver - Projet Espaces","robots":{"index":"index","follow":"follow","max-snippet":"max-snippet:-1","max-image-preview":"max-image-preview:large","max-video-preview":"max-video-preview:-1"},"canonical":"https:\/\/www.guides-sports-loisirs.ca\/projetespaces\/espaces-jeu-enfants\/espaces-jeu-libre-hiver\/","og_locale":"fr_FR","og_type":"article","og_title":"Les espaces de jeu libre en hiver - Projet Espaces","og_description":"[vc_row row_height_percent=\u00a0\u00bb0&Prime; override_padding=\u00a0\u00bbyes\u00a0\u00bb h_padding=\u00a0\u00bb2&Prime; top_padding=\u00a0\u00bb3&Prime; bottom_padding=\u00a0\u00bb2&Prime; overlay_alpha=\u00a0\u00bb50&Prime; gutter_size=\u00a0\u00bb3&Prime; shift_y=\u00a0\u00bb0&Prime;][vc_column column_width_use_pixel=\u00a0\u00bbyes\u00a0\u00bb gutter_size=\u00a0\u00bb3&Prime; overlay_alpha=\u00a0\u00bb50&Prime; shift_x=\u00a0\u00bb0&Prime; shift_y=\u00a0\u00bb0&Prime; z_index=\u00a0\u00bb0&Prime; medium_width=\u00a0\u00bb0&Prime; width=\u00a0\u00bb1\/1&Prime; column_width_pixel=\u00a0\u00bb800&Prime;][vc_column_text]L\u2019hiver dure longtemps [&hellip;]","og_url":"https:\/\/www.guides-sports-loisirs.ca\/projetespaces\/espaces-jeu-enfants\/espaces-jeu-libre-hiver\/","og_site_name":"Projet Espaces","article_modified_time":"2024-11-06T19:28:29+00:00","twitter_card":"summary_large_image","twitter_misc":{"Dur\u00e9e de lecture estim\u00e9e":"7 minutes"},"schema":{"@context":"https:\/\/schema.org","@graph":[{"@type":"WebPage","@id":"https:\/\/www.guides-sports-loisirs.ca\/projetespaces\/espaces-jeu-enfants\/espaces-jeu-libre-hiver\/","url":"https:\/\/www.guides-sports-loisirs.ca\/projetespaces\/espaces-jeu-enfants\/espaces-jeu-libre-hiver\/","name":"Les espaces de jeu libre en hiver - Projet Espaces","isPartOf":{"@id":"https:\/\/www.guides-sports-loisirs.ca\/projetespaces\/#website"},"datePublished":"2018-12-11T15:04:58+00:00","dateModified":"2024-11-06T19:28:29+00:00","breadcrumb":{"@id":"https:\/\/www.guides-sports-loisirs.ca\/projetespaces\/espaces-jeu-enfants\/espaces-jeu-libre-hiver\/#breadcrumb"},"inLanguage":"fr-FR","potentialAction":[{"@type":"ReadAction","target":["https:\/\/www.guides-sports-loisirs.ca\/projetespaces\/espaces-jeu-enfants\/espaces-jeu-libre-hiver\/"]}]},{"@type":"BreadcrumbList","@id":"https:\/\/www.guides-sports-loisirs.ca\/projetespaces\/espaces-jeu-enfants\/espaces-jeu-libre-hiver\/#breadcrumb","itemListElement":[{"@type":"ListItem","position":1,"name":"Accueil","item":"https:\/\/www.guides-sports-loisirs.ca\/projetespaces\/"},{"@type":"ListItem","position":2,"name":"Espaces de jeu pour enfants","item":"https:\/\/www.guides-sports-loisirs.ca\/projetespaces\/espaces-jeu-enfants\/"},{"@type":"ListItem","position":3,"name":"Les espaces de jeu libre en hiver"}]},{"@type":"WebSite","@id":"https:\/\/www.guides-sports-loisirs.ca\/projetespaces\/#website","url":"https:\/\/www.guides-sports-loisirs.ca\/projetespaces\/","name":"Projet Espaces","description":"","potentialAction":[{"@type":"SearchAction","target":{"@type":"EntryPoint","urlTemplate":"https:\/\/www.guides-sports-loisirs.ca\/projetespaces\/?s={search_term_string}"},"query-input":{"@type":"PropertyValueSpecification","valueRequired":true,"valueName":"search_term_string"}}],"inLanguage":"fr-FR"}]}},"_links":{"self":[{"href":"https:\/\/www.guides-sports-loisirs.ca\/projetespaces\/wp-json\/wp\/v2\/pages\/1098","targetHints":{"allow":["GET"]}}],"collection":[{"href":"https:\/\/www.guides-sports-loisirs.ca\/projetespaces\/wp-json\/wp\/v2\/pages"}],"about":[{"href":"https:\/\/www.guides-sports-loisirs.ca\/projetespaces\/wp-json\/wp\/v2\/types\/page"}],"author":[{"embeddable":true,"href":"https:\/\/www.guides-sports-loisirs.ca\/projetespaces\/wp-json\/wp\/v2\/users\/11"}],"replies":[{"embeddable":true,"href":"https:\/\/www.guides-sports-loisirs.ca\/projetespaces\/wp-json\/wp\/v2\/comments?post=1098"}],"version-history":[{"count":10,"href":"https:\/\/www.guides-sports-loisirs.ca\/projetespaces\/wp-json\/wp\/v2\/pages\/1098\/revisions"}],"predecessor-version":[{"id":2394,"href":"https:\/\/www.guides-sports-loisirs.ca\/projetespaces\/wp-json\/wp\/v2\/pages\/1098\/revisions\/2394"}],"up":[{"embeddable":true,"href":"https:\/\/www.guides-sports-loisirs.ca\/projetespaces\/wp-json\/wp\/v2\/pages\/801"}],"wp:attachment":[{"href":"https:\/\/www.guides-sports-loisirs.ca\/projetespaces\/wp-json\/wp\/v2\/media?parent=1098"}],"curies":[{"name":"wp","href":"https:\/\/api.w.org\/{rel}","templated":true}]}}