{"id":1092,"date":"2018-12-11T09:48:41","date_gmt":"2018-12-11T14:48:41","guid":{"rendered":"https:\/\/www.guides-sports-loisirs.ca\/projetespaces\/?page_id=1092"},"modified":"2024-11-06T14:27:00","modified_gmt":"2024-11-06T19:27:00","slug":"norme-csa-z614","status":"publish","type":"page","link":"https:\/\/www.guides-sports-loisirs.ca\/projetespaces\/espaces-jeu-enfants\/norme-csa-z614\/","title":{"rendered":"La norme CSA Z614 \u2013 \u00c9quipements d\u2019aires de jeu et rev\u00eatements de protection"},"content":{"rendered":"<div class=\"wpb-content-wrapper\"><p>[vc_row row_height_percent=\u00a0\u00bb0&Prime; override_padding=\u00a0\u00bbyes\u00a0\u00bb h_padding=\u00a0\u00bb2&Prime; top_padding=\u00a0\u00bb3&Prime; bottom_padding=\u00a0\u00bb2&Prime; overlay_alpha=\u00a0\u00bb50&Prime; gutter_size=\u00a0\u00bb3&Prime; shift_y=\u00a0\u00bb0&Prime;][vc_column column_width_use_pixel=\u00a0\u00bbyes\u00a0\u00bb gutter_size=\u00a0\u00bb3&Prime; overlay_alpha=\u00a0\u00bb50&Prime; shift_x=\u00a0\u00bb0&Prime; shift_y=\u00a0\u00bb0&Prime; z_index=\u00a0\u00bb0&Prime; medium_width=\u00a0\u00bb0&Prime; width=\u00a0\u00bb1\/1&Prime; column_width_pixel=\u00a0\u00bb800&Prime;][vc_column_text]La norme CSA Z614 est un ensemble d\u2019exigences techniques et de principes fix\u00e9s par l\u2019Association canadienne de normalisation s\u2019appliquant \u00e0 la conception, la construction, l\u2019installation, l\u2019entretien et la v\u00e9rification des \u00e9quipements d\u2019aires de jeu et leurs rev\u00eatements de protection destin\u00e9s aux enfants. Elle vise particuli\u00e8rement \u00e0 favoriser l\u2019am\u00e9nagement et l\u2019utilisation d\u2019aires de jeu bien con\u00e7ues, bien entretenues, innovatrices et stimulantes. Elle tient compte de la taille et des autres caract\u00e9ristiques de d\u00e9veloppement des enfants pour qu\u2019on puisse leur offrir des exp\u00e9riences de jeu appropri\u00e9es.[\/vc_column_text][vc_accordion][vc_accordion_tab title=\u00a0\u00bbAper\u00e7u historique\u00a0\u00bb tab_id=\u00a0\u00bbebb0865b-606d-3&Prime;][vc_column_text]<strong>1979<\/strong> : Enqu\u00eate de l\u2019Institut canadien de la sant\u00e9 infantile (ICSI) sur les blessures qui surviennent dans les aires de jeu ext\u00e9rieures. L\u2019ICSI constate que plusieurs \u00e9l\u00e9ments de l\u2019environnement physique \u00e9taient propices aux blessures.<\/p>\n<p><strong>1983<\/strong> : L\u2019ICSI s\u2019associe avec la Soci\u00e9t\u00e9 canadienne d\u2019hypoth\u00e8que et de logement, Consommation et Affaires commerciales Canada, l\u2019Association canadienne de normalisation (ACN) et certains fabricants d\u2019\u00e9quipements pour publier le guide <em>Guideline Recommandations for Safe Children\u2019s Playspace and Equipment<\/em>.<\/p>\n<p><strong>1991<\/strong> : L\u2019ACN publie un guide sur les aires et l\u2019\u00e9quipement de jeu : c\u2019est la premi\u00e8re \u00e9dition de la norme CAN\/CSA Z614 (titre exact : <em>CAN\/CSA-Z614-M90 Guide sur les aires et l\u2019\u00e9quipement de jeu \u2013 Norme nationale du Canada<\/em>). Ce guide visait \u00e0 \u00ab favoriser le d\u00e9veloppement mental et physique des enfants \u00e2g\u00e9s de 18 mois \u00e0 14 ans qui utilisent les aires et les \u00e9quipements de jeu, et \u00e0 les prot\u00e9ger le plus possible contre les blessures qui peuvent y survenir \u00bb.<\/p>\n<p><strong>Cette norme a \u00e9t\u00e9 mise \u00e0 jour et r\u00e9\u00e9dit\u00e9e en 1998, 2003, 2007, 2014 et 2020.<\/strong><\/p>\n<p>Il est important de s\u2019assurer, au moment d\u2019am\u00e9nager ou de r\u00e9am\u00e9nager une aire de jeu, d\u2019acqu\u00e9rir ou d\u2019installer de nouveaux \u00e9quipements, d\u2019avoir en main la derni\u00e8re \u00e9dition. L\u2019ann\u00e9e d\u2019\u00e9dition appara\u00eet dans le titre : par exemple, la derni\u00e8re \u00e9dition en fran\u00e7ais (2020) s\u2019intitule <em>Norme CSA Z614:F20 \u2014 \u00c9quipements d\u2019aires de jeu et rev\u00eatements de protection<\/em>; le chiffre 20 apr\u00e8s le F (pour version fran\u00e7aise) indique l\u2019ann\u00e9e d\u2019\u00e9dition.<\/p>\n<p>La norme vise les aires de jeu publiques, les surfaces de protection et l\u2019\u00e9quipement de terrain de jeu public, ainsi que les \u00e9l\u00e9ments ajout\u00e9s aux aires de jeu publiques.[\/vc_column_text][\/vc_accordion_tab][vc_accordion_tab title=\u00a0\u00bbDomaines d\u2019application\u00a0\u00bb tab_id=\u00a0\u00bbe566ee5c-09a0-10&Prime;][vc_column_text]<\/p>\n<ol>\n<li>La norme CSA Z614 \u00e9nonce des exigences visant les aires et \u00e9quipements de jeu publics destin\u00e9s \u00e0 des enfants \u00e2g\u00e9s de 18 mois \u00e0 14 ans qui pr\u00e9sentent les mensurations anthropom\u00e9triques du 95<sup>e<\/sup> centile.<br \/>\n<strong>Notes<\/strong><br \/>\n\u2022 Le niveau de stimulation requis et d\u00e9sir\u00e9 par les enfants varie \u00e9norm\u00e9ment selon l\u2019\u00e2ge,<br \/>\nle d\u00e9veloppement physique et le d\u00e9veloppement affectif. Il est donc presque impossible<br \/>\nde concevoir un \u00e9quipement d\u2019aire de jeu qui r\u00e9pond aux besoins de tous les enfants.<br \/>\nEn g\u00e9n\u00e9ral, les enfants de moins de 18 mois et de 13 ans et plus n\u2019utilisent pas les<br \/>\n\u00e9quipements vis\u00e9s par la norme.<br \/>\n\u2022 \u00c9tant donn\u00e9 que le d\u00e9fi et la pertinence des \u00e9quipements de jeu consistent \u00e0 offrir des exp\u00e9riences de jeu appropri\u00e9es et stimulantes pour toutes les gammes d\u2019\u00e2ges, de tailles et besoins de d\u00e9veloppement et de jeu des enfants de 18 mois \u00e0 12 ans, il est convenu dans cette norme que les groupes d\u2019\u00e2ge des utilisateurs ne sont donn\u00e9s qu\u2019\u00e0 titre indicatif pour le propri\u00e9taire\/l\u2019exploitant.<\/li>\n<li>La norme s\u2019applique aux aires et \u00e9quipements de jeu ext\u00e9rieurs publics am\u00e9nag\u00e9s dans les \u00e9coles, les parcs, les services de garde, les institutions, les immeubles d\u2019habitation, les centres de vill\u00e9giature et de loisirs priv\u00e9s, les restaurants et les autres endroits publics.<\/li>\n<li>La norme pr\u00e9sente des recommandations sur les exigences techniques et les principes de conception, de construction, d\u2019installation, d\u2019entretien et de v\u00e9rification des aires et \u00e9quipements de jeu publics. Elle vise \u00e0 r\u00e9duire au minimum les blessures graves ou mortelles.<br \/>\nLe fournisseur de chacun de ces domaines est responsable du respect des exigences et des recommandations qui lui sont pertinentes, mais il incombe au propri\u00e9taire ou \u00e0 l\u2019exploitant de confirmer si les exigences et recommandations de cette norme sont respect\u00e9es.<\/li>\n<li>La norme vise :<br \/>\n\u2022 Les aires de jeu publiques, les surfaces de protection et l\u2019\u00e9quipement de terrain de jeu public qui ont \u00e9t\u00e9 con\u00e7us, fabriqu\u00e9s ou install\u00e9s apr\u00e8s la date de publication de cette \u00e9dition de la norme;<br \/>\n\u2022 Les \u00e9l\u00e9ments ajout\u00e9s aux aires de jeu publiques et les pi\u00e8ces de remplacement install\u00e9es<br \/>\ndans ces aires apr\u00e8s la date de publication de l\u2019\u00e9dition courante de la norme.<\/li>\n<li>La norme \u00e9nonce des exigences visant l\u2019\u00e9quipement de terrain de jeu ext\u00e9rieur install\u00e9 dans une aire de jeu publique qui peut \u00eatre utilis\u00e9 par des enfants m\u00eame si, dans certains cas, il n\u2019a pas \u00e9t\u00e9 con\u00e7u express\u00e9ment \u00e0 cette fin. Les autres \u00e9l\u00e9ments ou pi\u00e8ces de mobilier install\u00e9s dans une aire de jeu et qui ne sont pas destin\u00e9s \u00e0 servir d\u2019\u00e9quipement de jeu comme les cl\u00f4tures, les bancs, les tables, les \u00e9l\u00e9ments paysagers, les plantes et les mat\u00e9riaux naturels, ne sont pas vis\u00e9s. Les objets de jeu non fix\u00e9s ne sont pas vis\u00e9s non plus.<br \/>\n<strong>Note :<\/strong> Les illustrations d\u2019\u00e9quipements qui figurent dans la norme sont pr\u00e9sent\u00e9es \u00e0 titre d\u2019exemples seulement. Toute configuration diff\u00e9rente conforme aux articles pertinents de cette norme est acceptable.<\/li>\n<li>La norme vise \u00e0 encourager et promouvoir l\u2019am\u00e9nagement et l\u2019utilisation d\u2019aires de jeu bien con\u00e7ues, bien entretenues, innovatrices et stimulantes, et, par le fait m\u00eame, \u00e0 contribuer au sain d\u00e9veloppement des enfants.<\/li>\n<li>La norme ne s\u2019applique pas :<br \/>\n\u2022 Aux terrains de sport, aux salles d\u2019exercices ou aux gymnases;<br \/>\n\u2022 Aux glissoires qui se terminent dans l\u2019eau;<br \/>\n\u2022 Aux \u00e9quipements de jeu ferm\u00e9s et \u00e0 \u00e9l\u00e9ments souples dont l\u2019acc\u00e8s public est contr\u00f4l\u00e9, comme<br \/>\nceux se trouvant dans des \u00e9tablissements commerciaux (p. ex., restaurants, grands magasins);<br \/>\n\u2022 A l\u2019\u00e9quipement de jeu domestique;<br \/>\n\u2022 Aux man\u00e8ges des parcs d\u2019attractions;<br \/>\n\u2022 Aux garderies en milieu familial vis\u00e9es par les r\u00e8glements provinciaux\/territoriaux.<\/li>\n<li>Les valeurs indiqu\u00e9es en unit\u00e9s SI (m\u00e9triques) sont les valeurs officielles dans la norme. Les valeurs entre parenth\u00e8ses sont donn\u00e9es \u00e0 titre d\u2019information seulement; il s\u2019agit de conversion des valeurs exprim\u00e9es en unit\u00e9s SI conform\u00e9ment \u00e0 l\u2019ISO 80000-1. \u00c0 moins d\u2019indication contraire, une tol\u00e9rance de \u00b1 2 % doit \u00eatre appliqu\u00e9e \u00e0 toutes les dimensions indiqu\u00e9es dans la norme.<\/li>\n<li>Dans la norme, le terme \u00ab doit \u00bb indique une exigence, c\u2019est-\u00e0-dire une prescription que l\u2019utilisateur doit respecter pour assurer la conformit\u00e9 \u00e0 la norme; le terme \u00ab devrait \u00bb indique une recommandation ou ce qu\u2019il est conseill\u00e9 mais non obligatoire de faire; et le terme \u00ab peut \u00bb indique une possibilit\u00e9 ou un conseil.<\/li>\n<li>Les notes qui accompagnent les articles ne comprennent pas de prescriptions ni de recommandations. Elles servent \u00e0 s\u00e9parer du texte les explications ou les renseignements qui ne font pas proprement partie de la norme. Les notes au bas des figures et des tableaux font partie de ceux-ci et peuvent \u00eatre consid\u00e9r\u00e9es comme des prescriptions. Les annexes sont qualifi\u00e9es de normatives (obligatoires) ou d\u2019informatives (facultatives) pour en pr\u00e9ciser l\u2019application.<\/li>\n<\/ol>\n<p>[\/vc_column_text][\/vc_accordion_tab][vc_accordion_tab title=\u00a0\u00bbMise en garde\u00a0\u00bb tab_id=\u00a0\u00bbbca3f306-05f4-7&Prime;][vc_column_text]Les aires de jeu conformes \u00e0 la norme CSA Z614 ne peuvent pr\u00e9venir toutes les blessures : cette responsabilit\u00e9 doit \u00eatre partag\u00e9e par les utilisateurs, les propri\u00e9taires ou exploitants et les fabricants. Les aires de jeu bien con\u00e7ues, bien construites et conformes \u00e0 la norme restent un facteur de s\u00e9curit\u00e9 important, mais la surveillance des enfants demeure un \u00e9l\u00e9ment essentiel \u00e0 la s\u00e9curit\u00e9 des aires de jeu. Un bon entretien de l\u2019aire de jeu, de l\u2019\u00e9quipement et des rev\u00eatements de surface de protection contribue aussi \u00e0 r\u00e9duire le nombre des blessures.[\/vc_column_text][\/vc_accordion_tab][vc_accordion_tab title=\u00a0\u00bbComment se procurer la norme\u00a0\u00bb tab_id=\u00a0\u00bbbe73b158-c178-7&Prime;][vc_column_text]La norme CSA Z614 peut \u00eatre achet\u00e9e en ligne \u00e0 <a href=\"https:\/\/www.csagroup.org\/fr\" target=\"_blank\" rel=\"noopener noreferrer\">https:\/\/www.csagroup.org\/fr<\/a>. On peut obtenir l\u2019\u00e9dition PDF ou la version papier. Il est possible de l\u2019emprunter \u00e0 un organisme ou \u00e0 une institution qui en poss\u00e8de un exemplaire, mais il importe que ce soit la derni\u00e8re \u00e9dition pour de nouvelles installations ou celle de l\u2019ann\u00e9e d\u2019installation pour une inspection de conformit\u00e9 \u00e0 la norme.[\/vc_column_text][\/vc_accordion_tab][vc_accordion_tab title=\u00a0\u00bbFormation \u00e0 la norme\u00a0\u00bb tab_id=\u00a0\u00bb23c2d1b5-6e6e-0&Prime;][vc_column_text]Au Qu\u00e9bec, c\u2019est l\u2019Institut qu\u00e9b\u00e9cois de la s\u00e9curit\u00e9 dans les aires de jeu (IQSAJ) qui offre le programme francophone de formation continue de l\u2019Association canadienne des parcs et loisirs (ACPL) sur la norme CSA Z614. Ce programme permet aux participants de bien conna\u00eetre la norme et tout ce qui est indispensable pour assurer la s\u00e9curit\u00e9 dans les aires de jeu.<\/p>\n<p>La formation comporte un cours th\u00e9orique qui permet de comprendre les normes techniques et un cours pratique pour apprendre \u00e0 mener une inspection des espaces de jeu. L\u2019ach\u00e8vement et la r\u00e9ussite de ces deux cours permettent d\u2019obtenir la certification d\u2019inspecteur canadien en aires de jeu de l\u2019ACPL.<\/p>\n<p>Pour s\u2019inscrire aux formations de l\u2019IQSAJ, voir <a href=\"http:\/\/www.iqsaj.com\/\" target=\"_blank\" rel=\"noopener noreferrer\">http:\/\/www.iqsaj.com\/<\/a>.[\/vc_column_text][\/vc_accordion_tab][vc_accordion_tab title=\u00a0\u00bbCertification de conformit\u00e9\u00a0\u00bb tab_id=\u00a0\u00bb3b1b0436-1214-0&Prime;][vc_column_text]Il est possible d\u2019obtenir un certificat de conformit\u00e9 \u00e0 la norme CSA Z614 pour une aire de jeu en faisant appel \u00e0 un inspecteur accr\u00e9dit\u00e9 \u00e0 cette fin par l\u2019ACPL. Au Qu\u00e9bec, pour un service de garde, ce certificat doit \u00eatre d\u00e9livr\u00e9 par un architecte, un ing\u00e9nieur ou un technologues membre de son ordre professionnel, ou par un architecte paysagiste membre de l\u2019Association des architectes paysagistes du Qu\u00e9bec habilit\u00e9 \u00e0 cette fin.<\/p>\n<p>On peut consulter le r\u00e9pertoire des inspecteurs accr\u00e9dit\u00e9s pour le Qu\u00e9bec \u00e0<br \/>\n<a href=\"http:\/\/www.iqsaj.com\/besoin-dun-inspecteur\" target=\"_blank\" rel=\"noopener noreferrer\">http:\/\/www.iqsaj.com\/besoin-dun-inspecteur<\/a>.[\/vc_column_text][\/vc_accordion_tab][\/vc_accordion][vc_empty_space empty_h=\u00a0\u00bb2&Prime;][vc_column_text]<strong>Outil pratique<\/strong> &#8211; Mat\u00e9riaux utilis\u00e9s dans les zones de protection[\/vc_column_text][vc_single_image media=\u00a0\u00bb1483&Prime; media_width_percent=\u00a0\u00bb100&Prime; media_link=\u00a0\u00bburl:https%3A%2F%2Fwww.guides-sports-loisirs.ca%2Fprojetespaces%2Foutils-pratiques%2F||target:%20_blank|\u00a0\u00bb][vc_empty_space empty_h=\u00a0\u00bb2&Prime;][vc_column_text]Novembre 2024[\/vc_column_text][\/vc_column][\/vc_row][vc_row row_height_percent=\u00a0\u00bb0&Prime; override_padding=\u00a0\u00bbyes\u00a0\u00bb h_padding=\u00a0\u00bb2&Prime; top_padding=\u00a0\u00bb2&Prime; bottom_padding=\u00a0\u00bb2&Prime; overlay_alpha=\u00a0\u00bb50&Prime; gutter_size=\u00a0\u00bb3&Prime; shift_y=\u00a0\u00bb0&Prime;][vc_column column_width_use_pixel=\u00a0\u00bbyes\u00a0\u00bb gutter_size=\u00a0\u00bb2&Prime; overlay_alpha=\u00a0\u00bb50&Prime; shift_x=\u00a0\u00bb0&Prime; shift_y=\u00a0\u00bb0&Prime; z_index=\u00a0\u00bb0&Prime; medium_width=\u00a0\u00bb0&Prime; width=\u00a0\u00bb1\/1&Prime; column_width_pixel=\u00a0\u00bb800&Prime;][vc_button button_color=\u00a0\u00bbaccent\u00a0\u00bb size=\u00a0\u00bbbtn-lg\u00a0\u00bb radius=\u00a0\u00bbbtn-circle\u00a0\u00bb border_width=\u00a0\u00bb0&Prime; icon_position=\u00a0\u00bbright\u00a0\u00bb link=\u00a0\u00bburl:https%3A%2F%2Fwww.guides-sports-loisirs.ca%2Fprojetespaces%2Fwp-content%2Fuploads%2Fsites%2F8%2F2024%2F11%2F7.6_JeuEnfants_NormeZ614.pdf||target:%20_blank|\u00a0\u00bb icon=\u00a0\u00bbfa fa-file-o\u00a0\u00bb]Version PDF[\/vc_button][\/vc_column][\/vc_row]<\/p>\n<\/div>","protected":false},"excerpt":{"rendered":"<p>[vc_row row_height_percent=\u00a0\u00bb0&Prime; override_padding=\u00a0\u00bbyes\u00a0\u00bb h_padding=\u00a0\u00bb2&Prime; top_padding=\u00a0\u00bb3&Prime; bottom_padding=\u00a0\u00bb2&Prime; overlay_alpha=\u00a0\u00bb50&Prime; gutter_size=\u00a0\u00bb3&Prime; shift_y=\u00a0\u00bb0&Prime;][vc_column column_width_use_pixel=\u00a0\u00bbyes\u00a0\u00bb gutter_size=\u00a0\u00bb3&Prime; overlay_alpha=\u00a0\u00bb50&Prime; shift_x=\u00a0\u00bb0&Prime; shift_y=\u00a0\u00bb0&Prime; z_index=\u00a0\u00bb0&Prime; medium_width=\u00a0\u00bb0&Prime; width=\u00a0\u00bb1\/1&Prime; column_width_pixel=\u00a0\u00bb800&Prime;][vc_column_text]La norme CSA [&hellip;]<\/p>\n","protected":false},"author":11,"featured_media":0,"parent":801,"menu_order":0,"comment_status":"closed","ping_status":"closed","template":"","meta":{"_acf_changed":false,"footnotes":""},"class_list":["post-1092","page","type-page","status-publish","hentry"],"acf":[],"yoast_head":"<!-- This site is optimized with the Yoast SEO plugin v27.2 - https:\/\/yoast.com\/product\/yoast-seo-wordpress\/ -->\n<title>La norme CSA Z614 \u2013 \u00c9quipements d\u2019aires de jeu et rev\u00eatements de protection - Projet Espaces<\/title>\n<meta name=\"robots\" content=\"index, follow, max-snippet:-1, max-image-preview:large, max-video-preview:-1\" \/>\n<link rel=\"canonical\" href=\"https:\/\/www.guides-sports-loisirs.ca\/projetespaces\/espaces-jeu-enfants\/norme-csa-z614\/\" \/>\n<meta property=\"og:locale\" content=\"fr_FR\" \/>\n<meta property=\"og:type\" content=\"article\" \/>\n<meta property=\"og:title\" content=\"La norme CSA Z614 \u2013 \u00c9quipements d\u2019aires de jeu et rev\u00eatements de protection - Projet Espaces\" \/>\n<meta property=\"og:description\" content=\"[vc_row row_height_percent=\u00a0\u00bb0&Prime; override_padding=\u00a0\u00bbyes\u00a0\u00bb h_padding=\u00a0\u00bb2&Prime; top_padding=\u00a0\u00bb3&Prime; bottom_padding=\u00a0\u00bb2&Prime; overlay_alpha=\u00a0\u00bb50&Prime; gutter_size=\u00a0\u00bb3&Prime; shift_y=\u00a0\u00bb0&Prime;][vc_column column_width_use_pixel=\u00a0\u00bbyes\u00a0\u00bb gutter_size=\u00a0\u00bb3&Prime; overlay_alpha=\u00a0\u00bb50&Prime; shift_x=\u00a0\u00bb0&Prime; shift_y=\u00a0\u00bb0&Prime; z_index=\u00a0\u00bb0&Prime; medium_width=\u00a0\u00bb0&Prime; width=\u00a0\u00bb1\/1&Prime; column_width_pixel=\u00a0\u00bb800&Prime;][vc_column_text]La norme CSA [&hellip;]\" \/>\n<meta property=\"og:url\" content=\"https:\/\/www.guides-sports-loisirs.ca\/projetespaces\/espaces-jeu-enfants\/norme-csa-z614\/\" \/>\n<meta property=\"og:site_name\" content=\"Projet Espaces\" \/>\n<meta property=\"article:modified_time\" content=\"2024-11-06T19:27:00+00:00\" \/>\n<meta name=\"twitter:card\" content=\"summary_large_image\" \/>\n<meta name=\"twitter:label1\" content=\"Dur\u00e9e de lecture estim\u00e9e\" \/>\n\t<meta name=\"twitter:data1\" content=\"8 minutes\" \/>\n<script type=\"application\/ld+json\" class=\"yoast-schema-graph\">{\"@context\":\"https:\/\/schema.org\",\"@graph\":[{\"@type\":\"WebPage\",\"@id\":\"https:\/\/www.guides-sports-loisirs.ca\/projetespaces\/espaces-jeu-enfants\/norme-csa-z614\/\",\"url\":\"https:\/\/www.guides-sports-loisirs.ca\/projetespaces\/espaces-jeu-enfants\/norme-csa-z614\/\",\"name\":\"La norme CSA Z614 \u2013 \u00c9quipements d\u2019aires de jeu et rev\u00eatements de protection - Projet Espaces\",\"isPartOf\":{\"@id\":\"https:\/\/www.guides-sports-loisirs.ca\/projetespaces\/#website\"},\"datePublished\":\"2018-12-11T14:48:41+00:00\",\"dateModified\":\"2024-11-06T19:27:00+00:00\",\"breadcrumb\":{\"@id\":\"https:\/\/www.guides-sports-loisirs.ca\/projetespaces\/espaces-jeu-enfants\/norme-csa-z614\/#breadcrumb\"},\"inLanguage\":\"fr-FR\",\"potentialAction\":[{\"@type\":\"ReadAction\",\"target\":[\"https:\/\/www.guides-sports-loisirs.ca\/projetespaces\/espaces-jeu-enfants\/norme-csa-z614\/\"]}]},{\"@type\":\"BreadcrumbList\",\"@id\":\"https:\/\/www.guides-sports-loisirs.ca\/projetespaces\/espaces-jeu-enfants\/norme-csa-z614\/#breadcrumb\",\"itemListElement\":[{\"@type\":\"ListItem\",\"position\":1,\"name\":\"Accueil\",\"item\":\"https:\/\/www.guides-sports-loisirs.ca\/projetespaces\/\"},{\"@type\":\"ListItem\",\"position\":2,\"name\":\"Espaces de jeu pour enfants\",\"item\":\"https:\/\/www.guides-sports-loisirs.ca\/projetespaces\/espaces-jeu-enfants\/\"},{\"@type\":\"ListItem\",\"position\":3,\"name\":\"La norme CSA Z614 \u2013 \u00c9quipements d\u2019aires de jeu et rev\u00eatements de protection\"}]},{\"@type\":\"WebSite\",\"@id\":\"https:\/\/www.guides-sports-loisirs.ca\/projetespaces\/#website\",\"url\":\"https:\/\/www.guides-sports-loisirs.ca\/projetespaces\/\",\"name\":\"Projet Espaces\",\"description\":\"\",\"potentialAction\":[{\"@type\":\"SearchAction\",\"target\":{\"@type\":\"EntryPoint\",\"urlTemplate\":\"https:\/\/www.guides-sports-loisirs.ca\/projetespaces\/?s={search_term_string}\"},\"query-input\":{\"@type\":\"PropertyValueSpecification\",\"valueRequired\":true,\"valueName\":\"search_term_string\"}}],\"inLanguage\":\"fr-FR\"}]}<\/script>\n<!-- \/ Yoast SEO plugin. -->","yoast_head_json":{"title":"La norme CSA Z614 \u2013 \u00c9quipements d\u2019aires de jeu et rev\u00eatements de protection - Projet Espaces","robots":{"index":"index","follow":"follow","max-snippet":"max-snippet:-1","max-image-preview":"max-image-preview:large","max-video-preview":"max-video-preview:-1"},"canonical":"https:\/\/www.guides-sports-loisirs.ca\/projetespaces\/espaces-jeu-enfants\/norme-csa-z614\/","og_locale":"fr_FR","og_type":"article","og_title":"La norme CSA Z614 \u2013 \u00c9quipements d\u2019aires de jeu et rev\u00eatements de protection - Projet Espaces","og_description":"[vc_row row_height_percent=\u00a0\u00bb0&Prime; override_padding=\u00a0\u00bbyes\u00a0\u00bb h_padding=\u00a0\u00bb2&Prime; top_padding=\u00a0\u00bb3&Prime; bottom_padding=\u00a0\u00bb2&Prime; overlay_alpha=\u00a0\u00bb50&Prime; gutter_size=\u00a0\u00bb3&Prime; shift_y=\u00a0\u00bb0&Prime;][vc_column column_width_use_pixel=\u00a0\u00bbyes\u00a0\u00bb gutter_size=\u00a0\u00bb3&Prime; overlay_alpha=\u00a0\u00bb50&Prime; shift_x=\u00a0\u00bb0&Prime; shift_y=\u00a0\u00bb0&Prime; z_index=\u00a0\u00bb0&Prime; medium_width=\u00a0\u00bb0&Prime; width=\u00a0\u00bb1\/1&Prime; column_width_pixel=\u00a0\u00bb800&Prime;][vc_column_text]La norme CSA [&hellip;]","og_url":"https:\/\/www.guides-sports-loisirs.ca\/projetespaces\/espaces-jeu-enfants\/norme-csa-z614\/","og_site_name":"Projet Espaces","article_modified_time":"2024-11-06T19:27:00+00:00","twitter_card":"summary_large_image","twitter_misc":{"Dur\u00e9e de lecture estim\u00e9e":"8 minutes"},"schema":{"@context":"https:\/\/schema.org","@graph":[{"@type":"WebPage","@id":"https:\/\/www.guides-sports-loisirs.ca\/projetespaces\/espaces-jeu-enfants\/norme-csa-z614\/","url":"https:\/\/www.guides-sports-loisirs.ca\/projetespaces\/espaces-jeu-enfants\/norme-csa-z614\/","name":"La norme CSA Z614 \u2013 \u00c9quipements d\u2019aires de jeu et rev\u00eatements de protection - Projet Espaces","isPartOf":{"@id":"https:\/\/www.guides-sports-loisirs.ca\/projetespaces\/#website"},"datePublished":"2018-12-11T14:48:41+00:00","dateModified":"2024-11-06T19:27:00+00:00","breadcrumb":{"@id":"https:\/\/www.guides-sports-loisirs.ca\/projetespaces\/espaces-jeu-enfants\/norme-csa-z614\/#breadcrumb"},"inLanguage":"fr-FR","potentialAction":[{"@type":"ReadAction","target":["https:\/\/www.guides-sports-loisirs.ca\/projetespaces\/espaces-jeu-enfants\/norme-csa-z614\/"]}]},{"@type":"BreadcrumbList","@id":"https:\/\/www.guides-sports-loisirs.ca\/projetespaces\/espaces-jeu-enfants\/norme-csa-z614\/#breadcrumb","itemListElement":[{"@type":"ListItem","position":1,"name":"Accueil","item":"https:\/\/www.guides-sports-loisirs.ca\/projetespaces\/"},{"@type":"ListItem","position":2,"name":"Espaces de jeu pour enfants","item":"https:\/\/www.guides-sports-loisirs.ca\/projetespaces\/espaces-jeu-enfants\/"},{"@type":"ListItem","position":3,"name":"La norme CSA Z614 \u2013 \u00c9quipements d\u2019aires de jeu et rev\u00eatements de protection"}]},{"@type":"WebSite","@id":"https:\/\/www.guides-sports-loisirs.ca\/projetespaces\/#website","url":"https:\/\/www.guides-sports-loisirs.ca\/projetespaces\/","name":"Projet Espaces","description":"","potentialAction":[{"@type":"SearchAction","target":{"@type":"EntryPoint","urlTemplate":"https:\/\/www.guides-sports-loisirs.ca\/projetespaces\/?s={search_term_string}"},"query-input":{"@type":"PropertyValueSpecification","valueRequired":true,"valueName":"search_term_string"}}],"inLanguage":"fr-FR"}]}},"_links":{"self":[{"href":"https:\/\/www.guides-sports-loisirs.ca\/projetespaces\/wp-json\/wp\/v2\/pages\/1092","targetHints":{"allow":["GET"]}}],"collection":[{"href":"https:\/\/www.guides-sports-loisirs.ca\/projetespaces\/wp-json\/wp\/v2\/pages"}],"about":[{"href":"https:\/\/www.guides-sports-loisirs.ca\/projetespaces\/wp-json\/wp\/v2\/types\/page"}],"author":[{"embeddable":true,"href":"https:\/\/www.guides-sports-loisirs.ca\/projetespaces\/wp-json\/wp\/v2\/users\/11"}],"replies":[{"embeddable":true,"href":"https:\/\/www.guides-sports-loisirs.ca\/projetespaces\/wp-json\/wp\/v2\/comments?post=1092"}],"version-history":[{"count":14,"href":"https:\/\/www.guides-sports-loisirs.ca\/projetespaces\/wp-json\/wp\/v2\/pages\/1092\/revisions"}],"predecessor-version":[{"id":2393,"href":"https:\/\/www.guides-sports-loisirs.ca\/projetespaces\/wp-json\/wp\/v2\/pages\/1092\/revisions\/2393"}],"up":[{"embeddable":true,"href":"https:\/\/www.guides-sports-loisirs.ca\/projetespaces\/wp-json\/wp\/v2\/pages\/801"}],"wp:attachment":[{"href":"https:\/\/www.guides-sports-loisirs.ca\/projetespaces\/wp-json\/wp\/v2\/media?parent=1092"}],"curies":[{"name":"wp","href":"https:\/\/api.w.org\/{rel}","templated":true}]}}