{"id":1067,"date":"2018-12-10T14:43:55","date_gmt":"2018-12-10T19:43:55","guid":{"rendered":"https:\/\/www.guides-sports-loisirs.ca\/projetespaces\/?page_id=1067"},"modified":"2024-11-06T10:54:48","modified_gmt":"2024-11-06T15:54:48","slug":"breve-histoire-espaces-jeu-publics","status":"publish","type":"page","link":"https:\/\/www.guides-sports-loisirs.ca\/projetespaces\/espaces-jeu-enfants\/breve-histoire-espaces-jeu-publics\/","title":{"rendered":"Br\u00e8ve histoire des espaces de jeu publics"},"content":{"rendered":"<div class=\"wpb-content-wrapper\"><p>[vc_row row_height_percent=\u00a0\u00bb0&Prime; override_padding=\u00a0\u00bbyes\u00a0\u00bb h_padding=\u00a0\u00bb2&Prime; top_padding=\u00a0\u00bb3&Prime; bottom_padding=\u00a0\u00bb2&Prime; overlay_alpha=\u00a0\u00bb50&Prime; gutter_size=\u00a0\u00bb3&Prime; shift_y=\u00a0\u00bb0&Prime;][vc_column column_width_use_pixel=\u00a0\u00bbyes\u00a0\u00bb gutter_size=\u00a0\u00bb3&Prime; overlay_alpha=\u00a0\u00bb50&Prime; shift_x=\u00a0\u00bb0&Prime; shift_y=\u00a0\u00bb0&Prime; z_index=\u00a0\u00bb0&Prime; medium_width=\u00a0\u00bb0&Prime; width=\u00a0\u00bb1\/1&Prime; column_width_pixel=\u00a0\u00bb800&Prime;][vc_column_text el_class=\u00a0\u00bbtypo14px lexique\u00a0\u00bb]L\u2019histoire des espaces de jeu publics pourrait se confondre avec l\u2019histoire des parcs publics, mais elle a ses caract\u00e9ristiques propres. En effet, il ne va pas de soi qu\u2019un parc doit toujours offrir un espace de jeu pour les enfants, et bien des espaces de jeu ont pu \u00eatre am\u00e9nag\u00e9s en d\u2019autres lieux que les parcs[1]. Pour savoir comment on en est arriv\u00e9 au concept d\u2019espace de jeu tel qu\u2019on l\u2019entend aujourd\u2019hui, voici un aper\u00e7u de l\u2019\u00e9volution des espaces de jeu, autrefois appel\u00e9s terrains de jeu.<\/p>\n<hr \/>\n<p><strong>[1]<\/strong> Dans un document intitul\u00e9 Evolution of American Playgrounds (r\u00e9f\u00e9rence \u00e0 la fin de cette fiche), on identifie plusieurs lieux susceptibles de servir d\u2018espaces de jeu ext\u00e9rieurs\u00a0: parcs, cours d\u2019\u00e9cole, nature sauvage, rues, toits, bateaux de croisi\u00e8re, terrains vagues, zoos, services de garde, etc.[\/vc_column_text][vc_accordion][vc_accordion_tab title=\u00a0\u00bbUne id\u00e9e du 19e si\u00e8cle\u00a0\u00bb tab_id=\u00a0\u00bb330af4c8-5893-6&Prime;][vc_column_text]L\u2019id\u00e9e d\u2019offrir des espaces de jeu naturels pour le d\u00e9veloppement complet des enfants n\u2019est pas nouvelle. On peut en attribuer la paternit\u00e9 au p\u00e9dagogue allemand Friedrich Fr\u00f6bel, le cr\u00e9ateur des \u00ab\u00a0jardins d\u2019enfants\u00a0\u00bb (1837). Influenc\u00e9 notamment par Jean-Jacques Rousseau, Fr\u00f6bel voyait le jeu non seulement comme un moyen de d\u00e9veloppement physique et social des enfants, mais aussi comme un moyen de d\u00e9veloppement int\u00e9gral. Il d\u00e9veloppa ainsi en 1887 le concept d\u2019espace de jeu naturel pour le d\u00e9veloppement complet de l\u2019enfant. Il disait\u00a0: \u00ab\u00a0Chaque ville devrait avoir son terrain de jeu.\u00a0\u00bb<\/p>\n<p>Plus t\u00f4t au 19e si\u00e8cle, on avait d\u00e9velopp\u00e9, en Allemagne mais aussi aux \u00c9tats-Unis, l\u2019id\u00e9e de \u00ab\u00a0gymnases ext\u00e9rieurs\u00a0\u00bb, principalement dans le but de favoriser le d\u00e9veloppement physique des jeunes hommes. On note le premier gymnase ext\u00e9rieur en 1821 \u00e0 Salem, au Massachusetts. C\u2019est aussi au 19e si\u00e8cle qu\u2019apparut le premier \u00ab\u00a0jardin de sable\u00a0\u00bb destin\u00e9 aux enfants, \u00e0 Berlin, en Allemagne. L\u2019id\u00e9e se propagea aussit\u00f4t aux \u00c9tats-Unis.<\/p>\n<p>Le premier terrain de jeu municipal digne de ce nom fit son apparition aux \u00c9tats-Unis en 1876, \u00e0 Washington Park, \u00e0 Chicago.[\/vc_column_text][\/vc_accordion_tab][vc_accordion_tab title=\u00a0\u00bb\u00c9loigner les enfants des rues\u00a0\u00bb tab_id=\u00a0\u00bb8ebd98e8-b3bd-5&Prime;][vc_column_text]\u00c0 la fin du 19e si\u00e8cle, l\u2019am\u00e9nagement de terrains de jeu r\u00e9pondait \u00e0 un besoin social. En fait, la R\u00e9volution industrielle avait eu pour effet de peupler les rues des grandes villes d\u2019enfants qui se livraient \u00e0 toutes sortes d\u2019activit\u00e9s plus ou moins d\u00e9sirables. M\u00eame que la Ville de New York interdit aux enfants de jouer dans les rues.<\/p>\n<p>Au d\u00e9but du 20e si\u00e8cle, plusieurs provinces canadiennes adopt\u00e8rent des lois sur le travail pour restreindre l\u2019emploi des enfants. Par ailleurs, l\u2019\u00e9cole obligatoire allait devenir de plus en plus la r\u00e8gle dans toutes les provinces canadiennes. Mais en dehors des heures d\u2019\u00e9cole et s\u2019ils ne pouvaient pas travailler, comment emp\u00eacher les enfants de tra\u00eener dans les rues?<\/p>\n<p>Au Canada, les terrains de jeu sont donc n\u00e9s principalement du besoin de les \u00e9loigner de la rue en les regroupant dans un m\u00eame lieu. Ils furent d\u2019abord un ph\u00e9nom\u00e8ne urbain, dont les premi\u00e8res initiatives furent prises \u00e0 Montr\u00e9al.[\/vc_column_text][\/vc_accordion_tab][vc_accordion_tab title=\u00a0\u00bbLes premiers terrains de jeu au Qu\u00e9bec\u00a0\u00bb tab_id=\u00a0\u00bbc63d201b-06e2-0&Prime;][vc_column_text]Fond\u00e9e en 1902, la Ladie\u2019s Parks and Playgrounds Association (LPPA) exer\u00e7a des pressions sur les autorit\u00e9s de la Ville de Montr\u00e9al pour l\u2019am\u00e9nagement de terrains de jeu dans les parcs montr\u00e9alais. La Ville comptait d\u00e9j\u00e0 trois grands parcs \u00e0 l\u2019\u00e9poque, soit le mont Royal, l\u2019\u00eele Sainte-H\u00e9l\u00e8ne et le parc La Fontaine. En 1913, la LPPA tenta une premi\u00e8re exp\u00e9rience d\u2019encadrement des enfants dans deux parcs de Montr\u00e9al.<\/p>\n<p>En 1915, on note que le \u00ab\u00a0Service des r\u00e9cr\u00e9ations publiques\u00a0\u00bb de Montr\u00e9al offre des jeux aux enfants, tels des balan\u00e7oires, des bascules, des bacs de sable et des \u00e9chelles, dans diff\u00e9rents parcs de la ville.[\/vc_column_text][\/vc_accordion_tab][vc_accordion_tab title=\u00a0\u00bbL\u2019\u0152uvre des terrains de jeu\u00a0\u00bb tab_id=\u00a0\u00bbec6dc89d-46eb-6&Prime;][vc_column_text]Tout le mouvement en faveur des terrains de jeu pouvait alors \u00eatre consid\u00e9r\u00e9 comme anglo-saxon ou d\u2019inspiration germanique. Il y avait aux \u00c9tats-Unis, d\u00e8s 1906, une association nationale pour promouvoir la \u00ab\u00a0pratique de jeux sains pour les enfants des villes\u00a0\u00bb. La Playground Association of America deviendra en 1965 la National Recreation and Park Association. Au Canada, la pr\u00e9occupation des terrains de jeu reste avant tout une affaire d\u2019anglophones.<\/p>\n<p>Il faudra attendre 1927 pour qu\u2019une br\u00e8che importante s\u2019ouvre en milieu canadien-fran\u00e7ais. Les j\u00e9suites cr\u00e9ent \u00e0 Montr\u00e9al l\u2019\u0152uvre des vacances, qui deviendra en 1944 l\u2019\u0152uvre des terrains de jeu de Montr\u00e9al (OTJM). L\u2019\u0152uvre des vacances, qui a germ\u00e9 dans la paroisse de l\u2019Immacul\u00e9e-Conception, offre des activit\u00e9s de loisir aux enfants dans le parc La Fontaine, \u00e0 proximit\u00e9.<\/p>\n<p>C\u2019est cependant \u00e0 Qu\u00e9bec, en 1929, que la premi\u00e8re v\u00e9ritable OTJ, l\u2019\u0152uvre des terrains de jeu, va voir le jour. L\u2019initiative en revient \u00e0 l\u2019abb\u00e9 Arthur Ferland, qui cr\u00e9e un premier terrain de jeu au parc Victoria. La ville fournit les installations, mais c\u2019est l\u2019OTJ qui les administre et organise les activit\u00e9s, orient\u00e9es vers la formation physique, intellectuelle et morale des enfants.<\/p>\n<p>Ce mod\u00e8le se r\u00e9pand dans toute la province, surtout \u00e0 compter des ann\u00e9es\u00a01940, et subsistera jusqu\u2019\u00e0 la R\u00e9volution tranquille (ann\u00e9es\u00a01960), qui verra graduellement les municipalit\u00e9s prendre en charge les terrains de jeu dans les parcs.<\/p>\n<p>En 1942, on trouvait au parc de Victoria de Qu\u00e9bec \u00ab\u00a0des balan\u00e7oires \u00e0 cha\u00eenes, \u00e0 bascule et en bois, des bains de pieds, des piscines, des glissoires, des trap\u00e8zes, des jeux de ballon au panier\u00a0\u00bb, ainsi que des accessoires comme \u00ab\u00a0des balles, des ballons, des cordes \u00e0 danser, des pelles, des gants, des b\u00e2tons et des \u00e9chasses[1].\u00a0\u00bb<\/p>\n<p>En 1947, l\u2019abb\u00e9 Alfred Leblond \u00ab\u00a0\u00e9crit le premier trait\u00e9 organisationnel complet concernant les terrains de jeu, qui deviendra un classique en la mati\u00e8re et qui sera utilis\u00e9 \u00e0 la grandeur du Qu\u00e9bec\u00a0[2]\u00bb.<\/p>\n<p>Durant cette p\u00e9riode, qui a vu les parcs municipaux se garnir de divers appareils de jeu, les autorit\u00e9s municipales ont \u00e9galement construit des b\u00e2timents de service (chalets), des pataugeuses et des \u00ab\u00a0vespasiennes\u00a0\u00bb (toilettes publiques).<\/p>\n<hr \/>\n<p><strong>[1]<\/strong> Dion, G., L\u2019\u0152uvre des terrains de jeux de Qu\u00e9bec, Les \u00c9ditions du Cap-Diamant, Qu\u00e9bec, 1943, p. 10.<br \/>\n<strong>[2]<\/strong> Bellefleur, Michel, L\u2019\u00c9glise et le loisir au Qu\u00e9bec avant la R\u00e9volution tranquille, Presses de l\u2019Universit\u00e9 du Qu\u00e9bec, Qu\u00e9bec, 1986, p. 62.[\/vc_column_text][\/vc_accordion_tab][vc_accordion_tab title=\u00a0\u00bbMultiplication et diversification\u00a0\u00bb tab_id=\u00a0\u00bb24870ac9-4565-0&Prime;][vc_column_text]Le nombre d\u2019espaces de jeu publics et de terrains sportifs n\u2019a jamais cess\u00e9 d\u2019augmenter. Uniquement \u00e0 Montr\u00e9al, le nombre de terrains de jeu est pass\u00e9 de 8 en 1915 \u00e0 43 en 1931, puis \u00e0 117 en 1953. En 1974, on comptait au Qu\u00e9bec 1475 terrains de jeu et plus de 3500 en 1992.<\/p>\n<p>Les terrains de jeu, qu\u2019on en viendra \u00e0 appeler aires de jeu selon le contexte, se diversifi\u00e8rent \u00e9galement, notamment avec la cr\u00e9ation des parcs-\u00e9coles dans les ann\u00e9es\u00a01950 et le d\u00e9veloppement des services de garde plus tard, \u00e0 partir des ann\u00e9es\u00a01980-1990.[\/vc_column_text][\/vc_accordion_tab][vc_accordion_tab title=\u00a0\u00bbL\u2019\u00e9volution des appareils et structures de jeu\u00a0\u00bb tab_id=\u00a0\u00bb9336aaf4-951a-9&Prime;][vc_column_text]Depuis les premiers terrains de jeu aux \u00c9tats-Unis, l\u2019\u00e9quipement n\u2019a cess\u00e9 d\u2019\u00e9voluer m\u00eame si on a l\u2019impression que, durant de longues p\u00e9riodes, le terrain de jeu typique au Qu\u00e9bec avait toujours la m\u00eame allure. Les fabricants, eux, ont constamment innov\u00e9, au fil de l\u2019\u00e9volution des d\u00e9couvertes scientifiques, des mat\u00e9riaux, des proc\u00e9d\u00e9s de fabrication, des technologies et des recherches sur le d\u00e9veloppement de l\u2019enfant. La demande exigeait aussi, dans certains cas, de fournir des appareils susceptibles de r\u00e9pondre \u00e0 une multiplicit\u00e9 de besoins dans des espaces exigus, comme des petites cours de r\u00e9cr\u00e9ation ou de services de garde.[\/vc_column_text][\/vc_accordion_tab][vc_accordion_tab title=\u00a0\u00bbLa perspective contemporaine\u00a0\u00bb tab_id=\u00a0\u00bbc90b5ea0-ef4a-8&Prime;][vc_column_text]Aujourd\u2019hui on reconna\u00eet la valeur ludique des espaces publics pour les enfants. Les ann\u00e9es\u00a02000 ont permis d\u2019envisager les parcs et autres espaces publics comme des lieux de r\u00e9pit pour les citoyens, offrant par ailleurs des aires de jeu s\u00e9curitaires o\u00f9 les enfants peuvent jouer librement et relever des d\u00e9fis stimulant leurs habilet\u00e9s, leur agilit\u00e9 et leur force motrice. On sait maintenant que le terrain de jeu est plus qu\u2019une aire de jeu.<\/p>\n<p>Depuis quelques ann\u00e9es, on consid\u00e8re \u00e9galement les parcs comme des endroits qui permettent aux gens de se r\u00e9unir en famille et avec d\u2019autres familles, qui incluent des terrains de jeu o\u00f9 se d\u00e9roulent des \u00e9v\u00e9nements communautaires et des activit\u00e9s sportives, et qui offrent toutes sortes de possibilit\u00e9s de sorties pour tous les \u00e2ges.<\/p>\n<p>Ces nouveaux parcs bien con\u00e7us et naturalis\u00e9s permettent \u00e0 tout un chacun d\u2019\u00e9prouver un grand sentiment de libert\u00e9. Non seulement y a-t-il plus d\u2019espace pour bouger, mais le corps a davantage le loisir de s\u2019exprimer avec un minimum de contraintes. Dehors on peut crier, chanter, rouler, sauter et courir. Les adultes rel\u00e2chent la pression, peuvent laisser plus de place aux impulsions des enfants qui font ce qu\u2019ils font le mieux\u00a0: jouer. Les adultes peuvent socialiser tout en tol\u00e9rant cette activit\u00e9 souvent impr\u00e9visible et parfois \u00e9tourdissante des enfants en mouvement.[\/vc_column_text][\/vc_accordion_tab][vc_accordion_tab title=\u00a0\u00bbR\u00e9f\u00e9rences\u00a0\u00bb tab_id=\u00a0\u00bbeb691748-6324-9&Prime;][vc_column_text]Bellefleur, Michel, L\u2019\u00c9glise et le loisir au Qu\u00e9bec avant la R\u00e9volution tranquille, Presses de l\u2019Universit\u00e9 du Qu\u00e9bec, Qu\u00e9bec, 1986.<\/p>\n<p>Dion, G\u00e9rard, L\u2019\u0152uvre des terrains de jeux de Qu\u00e9bec, Les \u00c9ditions du Cap-Diamant, Qu\u00e9bec, 1943.<\/p>\n<p>Frost, Joe, Evolution of American Playgrounds, Scholarpedia, 2012; <a href=\"http:\/\/www.scholarpedia.org\/article\/Evolution_of_American_Playgrounds\" target=\"_blank\" rel=\"noopener\">http:\/\/www.scholarpedia.org\/article\/Evolution_of_American_Playgrounds<\/a><\/p>\n<p>L\u2019\u0152uvre des terrains de jeux, L\u2019\u0152uvre des tracts, Montr\u00e9al, f\u00e9vrier 1936, no\u00a0200; <a href=\"http:\/\/collections.banq.qc.ca\/bitstream\/52327\/2241144\/1\/75652.pdf\">http:\/\/collections.banq.qc.ca\/bitstream\/52327\/2241144\/1\/75652.pdf<\/a><\/p>\n<p>Rainwater, C.E., The Play Movement in the United States. A Study of Community Recreation, The University of Chicago Press, Chicago, 1922.[\/vc_column_text][\/vc_accordion_tab][\/vc_accordion][vc_empty_space empty_h=\u00a0\u00bb2&Prime;][vc_column_text]Novembre 2018[\/vc_column_text][\/vc_column][\/vc_row][vc_row row_height_percent=\u00a0\u00bb0&Prime; override_padding=\u00a0\u00bbyes\u00a0\u00bb h_padding=\u00a0\u00bb2&Prime; top_padding=\u00a0\u00bb2&Prime; bottom_padding=\u00a0\u00bb2&Prime; overlay_alpha=\u00a0\u00bb50&Prime; gutter_size=\u00a0\u00bb3&Prime; shift_y=\u00a0\u00bb0&Prime;][vc_column column_width_use_pixel=\u00a0\u00bbyes\u00a0\u00bb gutter_size=\u00a0\u00bb2&Prime; overlay_alpha=\u00a0\u00bb50&Prime; shift_x=\u00a0\u00bb0&Prime; shift_y=\u00a0\u00bb0&Prime; z_index=\u00a0\u00bb0&Prime; medium_width=\u00a0\u00bb0&Prime; width=\u00a0\u00bb1\/1&Prime; column_width_pixel=\u00a0\u00bb800&Prime;][vc_button button_color=\u00a0\u00bbaccent\u00a0\u00bb size=\u00a0\u00bbbtn-lg\u00a0\u00bb radius=\u00a0\u00bbbtn-circle\u00a0\u00bb border_width=\u00a0\u00bb0&Prime; icon_position=\u00a0\u00bbright\u00a0\u00bb link=\u00a0\u00bburl:https%3A%2F%2Fwww.guides-sports-loisirs.ca%2Fprojetespaces%2Fwp-content%2Fuploads%2Fsites%2F8%2F2024%2F11%2F7.2_JeuEnfants_HistoireJeuPublics.pdf||target:%20_blank|\u00a0\u00bb icon=\u00a0\u00bbfa fa-file-o\u00a0\u00bb]Version PDF[\/vc_button][\/vc_column][\/vc_row]<\/p>\n<\/div>","protected":false},"excerpt":{"rendered":"<p>[vc_row row_height_percent=\u00a0\u00bb0&Prime; override_padding=\u00a0\u00bbyes\u00a0\u00bb h_padding=\u00a0\u00bb2&Prime; top_padding=\u00a0\u00bb3&Prime; bottom_padding=\u00a0\u00bb2&Prime; overlay_alpha=\u00a0\u00bb50&Prime; gutter_size=\u00a0\u00bb3&Prime; shift_y=\u00a0\u00bb0&Prime;][vc_column column_width_use_pixel=\u00a0\u00bbyes\u00a0\u00bb gutter_size=\u00a0\u00bb3&Prime; overlay_alpha=\u00a0\u00bb50&Prime; shift_x=\u00a0\u00bb0&Prime; shift_y=\u00a0\u00bb0&Prime; z_index=\u00a0\u00bb0&Prime; medium_width=\u00a0\u00bb0&Prime; width=\u00a0\u00bb1\/1&Prime; column_width_pixel=\u00a0\u00bb800&Prime;][vc_column_text el_class=\u00a0\u00bbtypo14px lexique\u00a0\u00bb]L\u2019histoire [&hellip;]<\/p>\n","protected":false},"author":11,"featured_media":0,"parent":801,"menu_order":0,"comment_status":"closed","ping_status":"closed","template":"","meta":{"_acf_changed":false,"footnotes":""},"class_list":["post-1067","page","type-page","status-publish","hentry"],"acf":[],"yoast_head":"<!-- This site is optimized with the Yoast SEO plugin v27.4 - https:\/\/yoast.com\/product\/yoast-seo-wordpress\/ -->\n<title>Br\u00e8ve histoire des espaces de jeu publics - Projet Espaces<\/title>\n<meta name=\"robots\" content=\"index, follow, max-snippet:-1, max-image-preview:large, max-video-preview:-1\" \/>\n<link rel=\"canonical\" href=\"https:\/\/www.guides-sports-loisirs.ca\/projetespaces\/espaces-jeu-enfants\/breve-histoire-espaces-jeu-publics\/\" \/>\n<meta property=\"og:locale\" content=\"fr_FR\" \/>\n<meta property=\"og:type\" content=\"article\" \/>\n<meta property=\"og:title\" content=\"Br\u00e8ve histoire des espaces de jeu publics - Projet Espaces\" \/>\n<meta property=\"og:description\" content=\"[vc_row row_height_percent=\u00a0\u00bb0&Prime; override_padding=\u00a0\u00bbyes\u00a0\u00bb h_padding=\u00a0\u00bb2&Prime; top_padding=\u00a0\u00bb3&Prime; bottom_padding=\u00a0\u00bb2&Prime; overlay_alpha=\u00a0\u00bb50&Prime; gutter_size=\u00a0\u00bb3&Prime; shift_y=\u00a0\u00bb0&Prime;][vc_column column_width_use_pixel=\u00a0\u00bbyes\u00a0\u00bb gutter_size=\u00a0\u00bb3&Prime; overlay_alpha=\u00a0\u00bb50&Prime; shift_x=\u00a0\u00bb0&Prime; shift_y=\u00a0\u00bb0&Prime; z_index=\u00a0\u00bb0&Prime; medium_width=\u00a0\u00bb0&Prime; width=\u00a0\u00bb1\/1&Prime; column_width_pixel=\u00a0\u00bb800&Prime;][vc_column_text el_class=\u00a0\u00bbtypo14px lexique\u00a0\u00bb]L\u2019histoire [&hellip;]\" \/>\n<meta property=\"og:url\" content=\"https:\/\/www.guides-sports-loisirs.ca\/projetespaces\/espaces-jeu-enfants\/breve-histoire-espaces-jeu-publics\/\" \/>\n<meta property=\"og:site_name\" content=\"Projet Espaces\" \/>\n<meta property=\"article:modified_time\" content=\"2024-11-06T15:54:48+00:00\" \/>\n<meta name=\"twitter:card\" content=\"summary_large_image\" \/>\n<meta name=\"twitter:label1\" content=\"Dur\u00e9e de lecture estim\u00e9e\" \/>\n\t<meta name=\"twitter:data1\" content=\"8 minutes\" \/>\n<script type=\"application\/ld+json\" class=\"yoast-schema-graph\">{\"@context\":\"https:\\\/\\\/schema.org\",\"@graph\":[{\"@type\":\"WebPage\",\"@id\":\"https:\\\/\\\/www.guides-sports-loisirs.ca\\\/projetespaces\\\/espaces-jeu-enfants\\\/breve-histoire-espaces-jeu-publics\\\/\",\"url\":\"https:\\\/\\\/www.guides-sports-loisirs.ca\\\/projetespaces\\\/espaces-jeu-enfants\\\/breve-histoire-espaces-jeu-publics\\\/\",\"name\":\"Br\u00e8ve histoire des espaces de jeu publics - Projet Espaces\",\"isPartOf\":{\"@id\":\"https:\\\/\\\/www.guides-sports-loisirs.ca\\\/projetespaces\\\/#website\"},\"datePublished\":\"2018-12-10T19:43:55+00:00\",\"dateModified\":\"2024-11-06T15:54:48+00:00\",\"breadcrumb\":{\"@id\":\"https:\\\/\\\/www.guides-sports-loisirs.ca\\\/projetespaces\\\/espaces-jeu-enfants\\\/breve-histoire-espaces-jeu-publics\\\/#breadcrumb\"},\"inLanguage\":\"fr-FR\",\"potentialAction\":[{\"@type\":\"ReadAction\",\"target\":[\"https:\\\/\\\/www.guides-sports-loisirs.ca\\\/projetespaces\\\/espaces-jeu-enfants\\\/breve-histoire-espaces-jeu-publics\\\/\"]}]},{\"@type\":\"BreadcrumbList\",\"@id\":\"https:\\\/\\\/www.guides-sports-loisirs.ca\\\/projetespaces\\\/espaces-jeu-enfants\\\/breve-histoire-espaces-jeu-publics\\\/#breadcrumb\",\"itemListElement\":[{\"@type\":\"ListItem\",\"position\":1,\"name\":\"Accueil\",\"item\":\"https:\\\/\\\/www.guides-sports-loisirs.ca\\\/projetespaces\\\/\"},{\"@type\":\"ListItem\",\"position\":2,\"name\":\"Espaces de jeu pour enfants\",\"item\":\"https:\\\/\\\/www.guides-sports-loisirs.ca\\\/projetespaces\\\/espaces-jeu-enfants\\\/\"},{\"@type\":\"ListItem\",\"position\":3,\"name\":\"Br\u00e8ve histoire des espaces de jeu publics\"}]},{\"@type\":\"WebSite\",\"@id\":\"https:\\\/\\\/www.guides-sports-loisirs.ca\\\/projetespaces\\\/#website\",\"url\":\"https:\\\/\\\/www.guides-sports-loisirs.ca\\\/projetespaces\\\/\",\"name\":\"Projet Espaces\",\"description\":\"\",\"potentialAction\":[{\"@type\":\"SearchAction\",\"target\":{\"@type\":\"EntryPoint\",\"urlTemplate\":\"https:\\\/\\\/www.guides-sports-loisirs.ca\\\/projetespaces\\\/?s={search_term_string}\"},\"query-input\":{\"@type\":\"PropertyValueSpecification\",\"valueRequired\":true,\"valueName\":\"search_term_string\"}}],\"inLanguage\":\"fr-FR\"}]}<\/script>\n<!-- \/ Yoast SEO plugin. -->","yoast_head_json":{"title":"Br\u00e8ve histoire des espaces de jeu publics - Projet Espaces","robots":{"index":"index","follow":"follow","max-snippet":"max-snippet:-1","max-image-preview":"max-image-preview:large","max-video-preview":"max-video-preview:-1"},"canonical":"https:\/\/www.guides-sports-loisirs.ca\/projetespaces\/espaces-jeu-enfants\/breve-histoire-espaces-jeu-publics\/","og_locale":"fr_FR","og_type":"article","og_title":"Br\u00e8ve histoire des espaces de jeu publics - Projet Espaces","og_description":"[vc_row row_height_percent=\u00a0\u00bb0&Prime; override_padding=\u00a0\u00bbyes\u00a0\u00bb h_padding=\u00a0\u00bb2&Prime; top_padding=\u00a0\u00bb3&Prime; bottom_padding=\u00a0\u00bb2&Prime; overlay_alpha=\u00a0\u00bb50&Prime; gutter_size=\u00a0\u00bb3&Prime; shift_y=\u00a0\u00bb0&Prime;][vc_column column_width_use_pixel=\u00a0\u00bbyes\u00a0\u00bb gutter_size=\u00a0\u00bb3&Prime; overlay_alpha=\u00a0\u00bb50&Prime; shift_x=\u00a0\u00bb0&Prime; shift_y=\u00a0\u00bb0&Prime; z_index=\u00a0\u00bb0&Prime; medium_width=\u00a0\u00bb0&Prime; width=\u00a0\u00bb1\/1&Prime; column_width_pixel=\u00a0\u00bb800&Prime;][vc_column_text el_class=\u00a0\u00bbtypo14px lexique\u00a0\u00bb]L\u2019histoire [&hellip;]","og_url":"https:\/\/www.guides-sports-loisirs.ca\/projetespaces\/espaces-jeu-enfants\/breve-histoire-espaces-jeu-publics\/","og_site_name":"Projet Espaces","article_modified_time":"2024-11-06T15:54:48+00:00","twitter_card":"summary_large_image","twitter_misc":{"Dur\u00e9e de lecture estim\u00e9e":"8 minutes"},"schema":{"@context":"https:\/\/schema.org","@graph":[{"@type":"WebPage","@id":"https:\/\/www.guides-sports-loisirs.ca\/projetespaces\/espaces-jeu-enfants\/breve-histoire-espaces-jeu-publics\/","url":"https:\/\/www.guides-sports-loisirs.ca\/projetespaces\/espaces-jeu-enfants\/breve-histoire-espaces-jeu-publics\/","name":"Br\u00e8ve histoire des espaces de jeu publics - Projet Espaces","isPartOf":{"@id":"https:\/\/www.guides-sports-loisirs.ca\/projetespaces\/#website"},"datePublished":"2018-12-10T19:43:55+00:00","dateModified":"2024-11-06T15:54:48+00:00","breadcrumb":{"@id":"https:\/\/www.guides-sports-loisirs.ca\/projetespaces\/espaces-jeu-enfants\/breve-histoire-espaces-jeu-publics\/#breadcrumb"},"inLanguage":"fr-FR","potentialAction":[{"@type":"ReadAction","target":["https:\/\/www.guides-sports-loisirs.ca\/projetespaces\/espaces-jeu-enfants\/breve-histoire-espaces-jeu-publics\/"]}]},{"@type":"BreadcrumbList","@id":"https:\/\/www.guides-sports-loisirs.ca\/projetespaces\/espaces-jeu-enfants\/breve-histoire-espaces-jeu-publics\/#breadcrumb","itemListElement":[{"@type":"ListItem","position":1,"name":"Accueil","item":"https:\/\/www.guides-sports-loisirs.ca\/projetespaces\/"},{"@type":"ListItem","position":2,"name":"Espaces de jeu pour enfants","item":"https:\/\/www.guides-sports-loisirs.ca\/projetespaces\/espaces-jeu-enfants\/"},{"@type":"ListItem","position":3,"name":"Br\u00e8ve histoire des espaces de jeu publics"}]},{"@type":"WebSite","@id":"https:\/\/www.guides-sports-loisirs.ca\/projetespaces\/#website","url":"https:\/\/www.guides-sports-loisirs.ca\/projetespaces\/","name":"Projet Espaces","description":"","potentialAction":[{"@type":"SearchAction","target":{"@type":"EntryPoint","urlTemplate":"https:\/\/www.guides-sports-loisirs.ca\/projetespaces\/?s={search_term_string}"},"query-input":{"@type":"PropertyValueSpecification","valueRequired":true,"valueName":"search_term_string"}}],"inLanguage":"fr-FR"}]}},"_links":{"self":[{"href":"https:\/\/www.guides-sports-loisirs.ca\/projetespaces\/wp-json\/wp\/v2\/pages\/1067","targetHints":{"allow":["GET"]}}],"collection":[{"href":"https:\/\/www.guides-sports-loisirs.ca\/projetespaces\/wp-json\/wp\/v2\/pages"}],"about":[{"href":"https:\/\/www.guides-sports-loisirs.ca\/projetespaces\/wp-json\/wp\/v2\/types\/page"}],"author":[{"embeddable":true,"href":"https:\/\/www.guides-sports-loisirs.ca\/projetespaces\/wp-json\/wp\/v2\/users\/11"}],"replies":[{"embeddable":true,"href":"https:\/\/www.guides-sports-loisirs.ca\/projetespaces\/wp-json\/wp\/v2\/comments?post=1067"}],"version-history":[{"count":8,"href":"https:\/\/www.guides-sports-loisirs.ca\/projetespaces\/wp-json\/wp\/v2\/pages\/1067\/revisions"}],"predecessor-version":[{"id":2326,"href":"https:\/\/www.guides-sports-loisirs.ca\/projetespaces\/wp-json\/wp\/v2\/pages\/1067\/revisions\/2326"}],"up":[{"embeddable":true,"href":"https:\/\/www.guides-sports-loisirs.ca\/projetespaces\/wp-json\/wp\/v2\/pages\/801"}],"wp:attachment":[{"href":"https:\/\/www.guides-sports-loisirs.ca\/projetespaces\/wp-json\/wp\/v2\/media?parent=1067"}],"curies":[{"name":"wp","href":"https:\/\/api.w.org\/{rel}","templated":true}]}}