{"id":1054,"date":"2018-12-10T13:36:17","date_gmt":"2018-12-10T18:36:17","guid":{"rendered":"https:\/\/www.guides-sports-loisirs.ca\/projetespaces\/?page_id=1054"},"modified":"2024-11-06T13:57:42","modified_gmt":"2024-11-06T18:57:42","slug":"normes-guides-amenagement-parcs","status":"publish","type":"page","link":"https:\/\/www.guides-sports-loisirs.ca\/projetespaces\/parcs-pour-tous\/normes-guides-amenagement-parcs\/","title":{"rendered":"Normes et guides pour l\u2019am\u00e9nagement des parcs"},"content":{"rendered":"<div class=\"wpb-content-wrapper\"><p>[vc_row row_height_percent=\u00a0\u00bb0&Prime; override_padding=\u00a0\u00bbyes\u00a0\u00bb h_padding=\u00a0\u00bb2&Prime; top_padding=\u00a0\u00bb3&Prime; bottom_padding=\u00a0\u00bb2&Prime; overlay_alpha=\u00a0\u00bb50&Prime; gutter_size=\u00a0\u00bb3&Prime; shift_y=\u00a0\u00bb0&Prime;][vc_column column_width_use_pixel=\u00a0\u00bbyes\u00a0\u00bb gutter_size=\u00a0\u00bb3&Prime; overlay_alpha=\u00a0\u00bb50&Prime; shift_x=\u00a0\u00bb0&Prime; shift_y=\u00a0\u00bb0&Prime; z_index=\u00a0\u00bb0&Prime; medium_width=\u00a0\u00bb0&Prime; width=\u00a0\u00bb1\/1&Prime; column_width_pixel=\u00a0\u00bb800&Prime;][vc_column_text]L\u2019am\u00e9nagement des terrains et des \u00e9quipements r\u00e9cr\u00e9atifs et sportifs dans les parcs devrait toujours faire l\u2019objet de v\u00e9rifications de la part des propri\u00e9taires et des gestionnaires de fa\u00e7on \u00e0 s\u2019assurer que les installations mises \u00e0 la disposition des citoyens soient optimales et qu\u2019elles favorisent une pratique agr\u00e9able et s\u00e9curitaire.<\/p>\n<p>De nombreuses sources pr\u00e9sentent les fa\u00e7ons les plus efficaces d\u2019am\u00e9nager et d\u2019entretenir les \u00e9quipements r\u00e9cr\u00e9atifs et sportifs. En provenance des diff\u00e9rents paliers de gouvernement ou d\u2019organisations reconnues, ces sources peuvent \u00eatre des lois, des r\u00e8glements, des normes, des guides, des cadres de r\u00e9f\u00e9rence ou des recommandations.<\/p>\n<p>Dans le but d\u2019informer et de soutenir les municipalit\u00e9s dans leur offre d\u2019\u00e9quipements r\u00e9cr\u00e9atifs et sportifs attrayants, accessibles et s\u00e9curitaires pour r\u00e9pondre aux besoins de ceux pour lesquels ils sont con\u00e7us, le Regroupement des Unit\u00e9s r\u00e9gionales de loisir et de sport du Qu\u00e9bec, en association avec le projet Espaces, propose cette fiche ainsi qu\u2019un outil pratique traitant sp\u00e9cifiquement des guides d\u2019am\u00e9nagement et des autres r\u00e9f\u00e9rences en la mati\u00e8re.<\/p>\n<h3>Obligatoires ou bonnes pratiques?<\/h3>\n<p>On peut affirmer que les consignes et directives des guides d\u2019am\u00e9nagement ne sont pas toutes obligatoires, mais il est aussi vrai de dire que des r\u00e8glements et des lois r\u00e9gissent l\u2019am\u00e9nagement d\u2019\u00e9quipements r\u00e9cr\u00e9atifs et sportifs au Qu\u00e9bec. Dans le but de s\u2019y retrouver, le tableau suivant explique tr\u00e8s succinctement la port\u00e9e des diff\u00e9rents documents de r\u00e9f\u00e9rence.[\/vc_column_text][vc_raw_html]JTNDJTIxRE9DVFlQRSUyMGh0bWwlM0UlMEElM0NodG1sJTNFJTBBJTNDaGVhZCUzRSUwQSUzQ3N0eWxlJTNFJTBBLmdyaWQtY29udGFpbmVyJTIwJTdCJTBBJTIwJTIwZGlzcGxheSUzQSUyMGdyaWQlM0IlMEElMjAlMjBncmlkLXRlbXBsYXRlLWNvbHVtbnMlM0ElMjBhdXRvJTIwYXV0byUzQiUwQSUyMCUyMGJhY2tncm91bmQtY29sb3IlM0ElMjAlMjMwMGIwOWElM0IlMEElMjAlMjBwYWRkaW5nJTNBJTIwMjBweCUzQiUwQSU3RCUwQS5ncmlkLWl0ZW0lMjAlN0IlMEElMjAlMjBiYWNrZ3JvdW5kLWNvbG9yJTNBJTIwcmdiYSUyODI1NSUyQyUyMDI1NSUyQyUyMDI1NSUyQyUyMDEwJTI5JTNCJTBBJTIwJTIwYm9yZGVyJTNBJTIwMC4xcHglMjBzb2xpZCUyMHJnYmElMjgwJTJDJTIwMCUyQyUyMDAlMkMlMjAwLjglMjklM0IlMEElMjAlMjBwYWRkaW5nJTNBJTIwMjBweCUzQiUwQSUyMCUyMGZvbnQtc2l6ZSUzQSUyMDE0cHglM0IlMjBmb250LWZhbWlseSUzQSUyMFJhbGV3YXklM0IlMjBjb2xvciUzQSUyMCUyMzdkN2Q3ZCUzQiUwQSUyMCUyMHRleHQtYWxpZ24lM0ElMjBsZWZ0JTNCJTBBJTdEJTBBJTNDJTJGc3R5bGUlM0UlMEElM0MlMkZoZWFkJTNFJTBBJTNDYm9keSUzRSUwQSUwQSUwQSUzQ2RpdiUyMGNsYXNzJTNEJTIyZ3JpZC1jb250YWluZXIlMjIlM0UlMEElMjAlMjAlM0NkaXYlMjBjbGFzcyUzRCUyMmdyaWQtaXRlbSUyMiUzRSUzQ3N0cm9uZyUzRSUzQ3NwYW4lMjBzdHlsZSUzRCUyMmNvbG9yJTNBJTIwJTIzMDAwMDAwJTNCJTIyJTNFTG9pcyUyMGV0JTIwciVDMyVBOGdsZW1lbnRzJTNDJTJGc3BhbiUzRSUzQyUyRnN0cm9uZyUzRSUzQyUyRmRpdiUzRSUwQSUyMCUyMCUzQ2RpdiUyMGNsYXNzJTNEJTIyZ3JpZC1pdGVtJTIyJTNFJTNDc3Ryb25nJTNFJTNDc3BhbiUyMHN0eWxlJTNEJTIyY29sb3IlM0ElMjAlMjMwMDAwMDAlM0IlMjIlM0VPYmxpZ2F0b2lyZXMlM0MlMkZzcGFuJTNFJTNDJTJGc3Ryb25nJTNFJTNDJTJGZGl2JTNFJTBBJTBBJTIwJTIwJTNDZGl2JTIwY2xhc3MlM0QlMjJncmlkLWl0ZW0lMjIlM0VOb3JtZXMlM0MlMkZkaXYlM0UlMEElMjAlMjAlM0NkaXYlMjBjbGFzcyUzRCUyMmdyaWQtaXRlbSUyMiUzRSVFMiU4MCVBMiUyMENvbnNpZCVDMyVBOXIlQzMlQTllcyUyMGNvbW1lJTIwZGVzJTIwYm9ubmVzJTIwcHJhdGlxdWVzJTBBJTNDYnIlM0UlRTIlODAlQTIlMjBPYmxpZ2F0b2lyZXMlMjBzZXVsZW1lbnQlMjBzaSUyMGVsbGVzJTIwc29udCUyMG1lbnRpb25uJUMzJUE5ZXMlMjBkYW5zJTIwdW5lJTIwbG9pJTIwb3UlMjB1biUyMHIlQzMlQThnbGVtZW50JTBBJTNDJTJGZGl2JTNFJTBBJTBBJTIwJTIwJTNDZGl2JTIwY2xhc3MlM0QlMjJncmlkLWl0ZW0lMjIlM0VHdWlkZXMlMjBkJUUyJTgwJTk5YW0lQzMlQTluYWdlbWVudCUyMGV0JTIwY2FkcmVzJTIwZGUlMjByJUMzJUE5ZiVDMyVBOXJlbmNlJTNDJTJGZGl2JTNFJTBBJTIwJTIwJTNDZGl2JTIwY2xhc3MlM0QlMjJncmlkLWl0ZW0lMjIlM0UlRTIlODAlQTIlMjBDb25zaWQlQzMlQTlyJUMzJUE5cyUyMGNvbW1lJTIwZGVzJTIwYm9ubmVzJTIwcHJhdGlxdWVzJTIwJTBBJTNDYnIlM0UlMjAlMjhwciVDMyVBOXNlbnRlbnQlMjBzb3V2ZW50JTIwZGVzJTIwciVDMyVBOWYlQzMlQTlyZW5jZXMlMjAlQzMlQTAlMjBkZXMlMjByJUMzJUE4Z2xlcyUyMG91JTIwJUMzJUEwJTIwZGVzJTIwbm9ybWVzJTI5JTBBJTNDJTJGZGl2JTNFJTBBJTBBJTIwJTIwJTNDZGl2JTIwY2xhc3MlM0QlMjJncmlkLWl0ZW0lMjIlM0VQcmF0aXF1ZXMlMjBnJUMzJUE5biVDMyVBOXJhbGVtZW50JTIwYWRvcHQlQzMlQTllcyUzQyUyRmRpdiUzRSUwQSUyMCUyMCUzQ2RpdiUyMGNsYXNzJTNEJTIyZ3JpZC1pdGVtJTIyJTNFJUUyJTgwJUEyJTIwQ29uc2lkJUMzJUE5ciVDMyVBOWVzJTIwY29tbWUlMjBkZXMlMjBib25uZXMlMjBwcmF0aXF1ZXMlM0MlMkZkaXYlM0UlMjAlMEElMEElMjAlMjAlM0NkaXYlMjBjbGFzcyUzRCUyMmdyaWQtaXRlbSUyMiUzRVByZXNjcmlwdGlvbnMlMjBkZXMlMjBtaWxpZXV4JTIwYXNzb2NpYXRpZnMlMjBzcCVDMyVBOWNpYWxpcyVDMyVBOXMlMkMlMjBjcml0JUMzJUE4cmVzJTJDJTIwYmFsaXNlcyUyQyUyMGV4aWdlbmNlcyUyQyUyMHByb2MlQzMlQTlkdXJlcyVFMiU4MCVBNiUzQyUyRmRpdiUzRSUyMCUwQSUyMCUyMCUzQ2RpdiUyMGNsYXNzJTNEJTIyZ3JpZC1pdGVtJTIyJTNFJUUyJTgwJUEyJTIwQ29uc2lkJUMzJUE5ciVDMyVBOXMlMjBjb21tZSUyMGRlcyUyMGJvbm5lcyUyMHByYXRpcXVlcyUzQyUyRmRpdiUzRSUwQSUwQSUyMCUyMCUzQ2RpdiUyMGNsYXNzJTNEJTIyZ3JpZC1pdGVtJTIyJTNFJTNDYSUyMGhyZWYlM0QlMjJodHRwcyUzQSUyRiUyRnd3dy5lZHVjYXRpb24uZ291di5xYy5jYSUyRmVsZXZlcyUyRnNlY3VyaXRlLWludGVncml0ZS1ldC1ldGhpcXVlJTJGcmVnbGVtZW50YXRpb24lMkZyZWdsZW1lbnRzLWRlLXNlY3VyaXRlLWRlcy1vcmdhbmlzbWVzLXNwb3J0aWZzJTJGJTIyJTNFUiVDMyVBOGdsZW1lbnRzJTIwZGUlMjBzJUMzJUE5Y3VyaXQlQzMlQTklMjBkZXMlMjBmJUMzJUE5ZCVDMyVBOXJhdGlvbnMlMjBzcG9ydGl2ZXMlMjBvdSUyMGRlJTIwbG9pc2lyJTNDJTJGYSUzRSUzQyUyRmRpdiUzRSUyMCUwQSUyMCUyMCUzQ2RpdiUyMGNsYXNzJTNEJTIyZ3JpZC1pdGVtJTIyJTNFJUUyJTgwJUEyJTIwQ29uc2lkJUMzJUE5ciVDMyVBOWVzJTIwY29tbWUlMjBkZXMlMjBib25uZXMlMjBwcmF0aXF1ZXMlMEElM0NiciUzRSVFMiU4MCVBMiUyME9ibGlnYXRvaXJlcyUyMHBvdXIlMjBsZXMlMjBtZW1icmVzJTIwZGUlMjBsYSUyMGYlQzMlQTlkJUMzJUE5cmF0aW9uJTIwcXVpJTIwbGVzJTIwYSUyMCVDMyVBOWRpY3QlQzMlQTlzJTIwJTBBJTNDYnIlM0UlRTIlODAlQTIlMjBPYmxpZ2F0b2lyZXMlMjBkYW5zJTIwbGUlMjBjYWRyZSUyMGRlcyUyMGFjdGl2aXQlQzMlQTlzJTIwcXVlJTIwbGElMjBmJUMzJUE5ZCVDMyVBOXJhdGlvbiUyMGElMjBzYW5jdGlvbm4lQzMlQTllcyUwQSUzQyUyRmRpdiUzRSUwQSUwQSUyMCUyMCUzQ2RpdiUyMGNsYXNzJTNEJTIyZ3JpZC1pdGVtJTIyJTNFUmFwcG9ydHMlMjBkZSUyMGNvcm9uZXIlMkMlMjBqdXJpc3BydWRlbmNlJTNDJTJGZGl2JTNFJTIwJTBBJTIwJTIwJTNDZGl2JTIwY2xhc3MlM0QlMjJncmlkLWl0ZW0lMjIlM0UlRTIlODAlQTIlMjBDb25zaWQlQzMlQTlyJUMzJUE5cyUyMGNvbW1lJTIwZGVzJTIwYm9ubmVzJTIwcHJhdGlxdWVzJTNDJTJGZGl2JTNFJTBBJTBBJTBBJTNDJTJGZGl2JTNFJTBBJTBBJTNDJTJGYm9keSUzRSUwQSUzQyUyRmh0bWwlM0U=[\/vc_raw_html][vc_column_text]Qu\u2019elles soient obligatoires ou non, les consignes \u00e9mises dans l\u2019ensemble de ces documents indiquent ce qui devrait \u00eatre fait. Ainsi, il est de la responsabilit\u00e9 des propri\u00e9taires et des gestionnaires de les conna\u00eetre et d\u2019appliquer les meilleures pratiques d\u2019am\u00e9nagement en fonction de leur r\u00e9alit\u00e9.<\/p>\n<p>Prenons l\u2019exemple d\u2019une municipalit\u00e9 qui souhaite am\u00e9nager un terrain de soccer r\u00e9cr\u00e9atif pour permettre \u00e0 ses citoyens de s\u2019adonner \u00e0 la pratique de ce sport de fa\u00e7on ludique. Il pourrait \u00eatre justifi\u00e9 que les dimensions du terrain ne respectent pas \u00e0 la lettre les dimensions propos\u00e9es dans le\u00a0<a href=\"https:\/\/www.guides-sports-loisirs.ca\/soccer-exterieurs\/\" target=\"_blank\" rel=\"noopener noreferrer\">Guide d\u2019am\u00e9nagement et d\u2019entretien des terrains de soccer ext\u00e9rieurs<\/a>.<\/p>\n<p>Toutefois, la municipalit\u00e9 devra s\u2019assurer, entre autres, que la surface de jeu et que les buts sont en bon \u00e9tat, et que les buts sont ancr\u00e9s au sol conform\u00e9ment \u00e0 ce qu\u2019indique ce guide.<\/p>\n<h3>O\u00f9 trouver les informations?<\/h3>\n<p>Presque tous les types d\u2019am\u00e9nagements et d\u2019\u00e9quipements font l\u2019objet de lois, de normes, de recommandations et de bonnes pratiques.<\/p>\n<p>Pour conna\u00eetre les r\u00e9f\u00e9rences, le projet\u00a0<em>Ville s\u00e9curitaire en loisir et en sport<\/em>\u00a0pilot\u00e9 par la Direction de la promotion de la s\u00e9curit\u00e9 du minist\u00e8re de l\u2019\u00c9ducation et de l\u2019Enseignement sup\u00e9rieur est une source d\u2019information pr\u00e9cieuse. Ce projet recense des orientations, des normes et des initiatives li\u00e9es \u00e0 divers aspects de l\u2019organisation et de la programmation des loisirs et des sports dans une communaut\u00e9. Ces renseignements sont regroup\u00e9s en deux grandes cat\u00e9gories\u00a0: les installations municipales et la gestion municipale.<\/p>\n<p>En mati\u00e8re d\u2019am\u00e9nagement d\u2019aires de jeu pour enfants, le projet Espaces, l\u2019<a href=\"http:\/\/www.iqsaj.com\/\" target=\"_blank\" rel=\"noopener noreferrer\">Institut qu\u00e9b\u00e9cois de la s\u00e9curit\u00e9 dans les aires de jeu (IQSAJ)<\/a>\u00a0et le\u00a0<a href=\"http:\/\/www.rcpem.com\/accueil\" target=\"_blank\" rel=\"noopener noreferrer\">Regroupement des centres de la petite enfance de la Mont\u00e9r\u00e9gie (RCPEM)<\/a>\u00a0sont les principales sources. Plusieurs documents, formations et ressources sont offerts sur leurs sites.<\/p>\n<p>Puisque les lois, les normes, les recommandations et les bonnes pratiques \u00e9voluent au fil des ans, certaines r\u00e9f\u00e9rences doivent \u00eatre mise \u00e0 jour p\u00e9riodiquement. Par cons\u00e9quent, il est n\u00e9cessaire de v\u00e9rifier la date d\u2019\u00e9dition des documents que l\u2019on consulte pour s\u2019assurer d\u2019avoir en main la derni\u00e8re version.<\/p>\n<p>Si vous avez des interrogations ou avez besoin d\u2019aide pour l\u2019am\u00e9nagement de vos installations, vous pouvez demander conseil \u00e0 diff\u00e9rentes ressources. Le\u00a0<a href=\"http:\/\/www.projetespaces.ca\/pages.asp?id=1160\" target=\"_blank\" rel=\"noopener noreferrer\">projet Espaces<\/a>, les\u00a0<a href=\"http:\/\/www.education.gouv.qc.ca\/nous-joindre\/unites-regionales-de-loisir-et-de-sport\/\" target=\"_blank\" rel=\"noopener noreferrer\">Unit\u00e9s r\u00e9gionales de loisir et de sport<\/a>, les\u00a0f\u00e9d\u00e9rations sportives et m\u00eame votre assureur (par exemple, la Mutuelle des municipalit\u00e9s du Qu\u00e9bec) peuvent vous conseiller.<\/p>\n<p><strong>Consulter<br \/>\n<\/strong><a href=\"https:\/\/www.guides-sports-loisirs.ca\/\">Guides Sports Loisirs<\/a><\/p>\n<p>&nbsp;<\/p>\n<p>Novembre 2024[\/vc_column_text][\/vc_column][\/vc_row][vc_row row_height_percent=\u00a0\u00bb0&Prime; override_padding=\u00a0\u00bbyes\u00a0\u00bb h_padding=\u00a0\u00bb2&Prime; top_padding=\u00a0\u00bb2&Prime; bottom_padding=\u00a0\u00bb2&Prime; overlay_alpha=\u00a0\u00bb50&Prime; gutter_size=\u00a0\u00bb3&Prime; shift_y=\u00a0\u00bb0&Prime;][vc_column column_width_use_pixel=\u00a0\u00bbyes\u00a0\u00bb gutter_size=\u00a0\u00bb2&Prime; overlay_alpha=\u00a0\u00bb50&Prime; shift_x=\u00a0\u00bb0&Prime; shift_y=\u00a0\u00bb0&Prime; z_index=\u00a0\u00bb0&Prime; medium_width=\u00a0\u00bb0&Prime; width=\u00a0\u00bb1\/1&Prime; column_width_pixel=\u00a0\u00bb800&Prime;][vc_button button_color=\u00a0\u00bbaccent\u00a0\u00bb size=\u00a0\u00bbbtn-lg\u00a0\u00bb radius=\u00a0\u00bbbtn-circle\u00a0\u00bb border_width=\u00a0\u00bb0&Prime; icon_position=\u00a0\u00bbright\u00a0\u00bb link=\u00a0\u00bburl:https%3A%2F%2Fwww.guides-sports-loisirs.ca%2Fprojetespaces%2Fwp-content%2Fuploads%2Fsites%2F8%2F2024%2F11%2F6.8_ParcsPourTous_NormesEtGuides.pdf||target:%20_blank|\u00a0\u00bb icon=\u00a0\u00bbfa fa-file-o\u00a0\u00bb]Version PDF[\/vc_button][\/vc_column][\/vc_row]<\/p>\n<\/div>","protected":false},"excerpt":{"rendered":"<p>[vc_row row_height_percent=\u00a0\u00bb0&Prime; override_padding=\u00a0\u00bbyes\u00a0\u00bb h_padding=\u00a0\u00bb2&Prime; top_padding=\u00a0\u00bb3&Prime; bottom_padding=\u00a0\u00bb2&Prime; overlay_alpha=\u00a0\u00bb50&Prime; gutter_size=\u00a0\u00bb3&Prime; shift_y=\u00a0\u00bb0&Prime;][vc_column column_width_use_pixel=\u00a0\u00bbyes\u00a0\u00bb gutter_size=\u00a0\u00bb3&Prime; overlay_alpha=\u00a0\u00bb50&Prime; shift_x=\u00a0\u00bb0&Prime; shift_y=\u00a0\u00bb0&Prime; z_index=\u00a0\u00bb0&Prime; medium_width=\u00a0\u00bb0&Prime; width=\u00a0\u00bb1\/1&Prime; column_width_pixel=\u00a0\u00bb800&Prime;][vc_column_text]L\u2019am\u00e9nagement des terrains [&hellip;]<\/p>\n","protected":false},"author":11,"featured_media":0,"parent":799,"menu_order":0,"comment_status":"closed","ping_status":"closed","template":"","meta":{"_acf_changed":false,"footnotes":""},"class_list":["post-1054","page","type-page","status-publish","hentry"],"acf":[],"yoast_head":"<!-- This site is optimized with the Yoast SEO plugin v27.4 - https:\/\/yoast.com\/product\/yoast-seo-wordpress\/ -->\n<title>Normes et guides pour l\u2019am\u00e9nagement des parcs - Projet Espaces<\/title>\n<meta name=\"robots\" content=\"index, follow, max-snippet:-1, max-image-preview:large, max-video-preview:-1\" \/>\n<link rel=\"canonical\" href=\"https:\/\/www.guides-sports-loisirs.ca\/projetespaces\/parcs-pour-tous\/normes-guides-amenagement-parcs\/\" \/>\n<meta property=\"og:locale\" content=\"fr_FR\" \/>\n<meta property=\"og:type\" content=\"article\" \/>\n<meta property=\"og:title\" content=\"Normes et guides pour l\u2019am\u00e9nagement des parcs - Projet Espaces\" \/>\n<meta property=\"og:description\" content=\"[vc_row row_height_percent=\u00a0\u00bb0&Prime; override_padding=\u00a0\u00bbyes\u00a0\u00bb h_padding=\u00a0\u00bb2&Prime; top_padding=\u00a0\u00bb3&Prime; bottom_padding=\u00a0\u00bb2&Prime; overlay_alpha=\u00a0\u00bb50&Prime; gutter_size=\u00a0\u00bb3&Prime; shift_y=\u00a0\u00bb0&Prime;][vc_column column_width_use_pixel=\u00a0\u00bbyes\u00a0\u00bb gutter_size=\u00a0\u00bb3&Prime; overlay_alpha=\u00a0\u00bb50&Prime; shift_x=\u00a0\u00bb0&Prime; shift_y=\u00a0\u00bb0&Prime; z_index=\u00a0\u00bb0&Prime; medium_width=\u00a0\u00bb0&Prime; width=\u00a0\u00bb1\/1&Prime; column_width_pixel=\u00a0\u00bb800&Prime;][vc_column_text]L\u2019am\u00e9nagement des terrains [&hellip;]\" \/>\n<meta property=\"og:url\" content=\"https:\/\/www.guides-sports-loisirs.ca\/projetespaces\/parcs-pour-tous\/normes-guides-amenagement-parcs\/\" \/>\n<meta property=\"og:site_name\" content=\"Projet Espaces\" \/>\n<meta property=\"article:modified_time\" content=\"2024-11-06T18:57:42+00:00\" \/>\n<meta name=\"twitter:card\" content=\"summary_large_image\" \/>\n<meta name=\"twitter:label1\" content=\"Dur\u00e9e de lecture estim\u00e9e\" \/>\n\t<meta name=\"twitter:data1\" content=\"4 minutes\" \/>\n<script type=\"application\/ld+json\" class=\"yoast-schema-graph\">{\"@context\":\"https:\\\/\\\/schema.org\",\"@graph\":[{\"@type\":\"WebPage\",\"@id\":\"https:\\\/\\\/www.guides-sports-loisirs.ca\\\/projetespaces\\\/parcs-pour-tous\\\/normes-guides-amenagement-parcs\\\/\",\"url\":\"https:\\\/\\\/www.guides-sports-loisirs.ca\\\/projetespaces\\\/parcs-pour-tous\\\/normes-guides-amenagement-parcs\\\/\",\"name\":\"Normes et guides pour l\u2019am\u00e9nagement des parcs - Projet Espaces\",\"isPartOf\":{\"@id\":\"https:\\\/\\\/www.guides-sports-loisirs.ca\\\/projetespaces\\\/#website\"},\"datePublished\":\"2018-12-10T18:36:17+00:00\",\"dateModified\":\"2024-11-06T18:57:42+00:00\",\"breadcrumb\":{\"@id\":\"https:\\\/\\\/www.guides-sports-loisirs.ca\\\/projetespaces\\\/parcs-pour-tous\\\/normes-guides-amenagement-parcs\\\/#breadcrumb\"},\"inLanguage\":\"fr-FR\",\"potentialAction\":[{\"@type\":\"ReadAction\",\"target\":[\"https:\\\/\\\/www.guides-sports-loisirs.ca\\\/projetespaces\\\/parcs-pour-tous\\\/normes-guides-amenagement-parcs\\\/\"]}]},{\"@type\":\"BreadcrumbList\",\"@id\":\"https:\\\/\\\/www.guides-sports-loisirs.ca\\\/projetespaces\\\/parcs-pour-tous\\\/normes-guides-amenagement-parcs\\\/#breadcrumb\",\"itemListElement\":[{\"@type\":\"ListItem\",\"position\":1,\"name\":\"Accueil\",\"item\":\"https:\\\/\\\/www.guides-sports-loisirs.ca\\\/projetespaces\\\/\"},{\"@type\":\"ListItem\",\"position\":2,\"name\":\"Parcs pour tous\",\"item\":\"https:\\\/\\\/www.guides-sports-loisirs.ca\\\/projetespaces\\\/parcs-pour-tous\\\/\"},{\"@type\":\"ListItem\",\"position\":3,\"name\":\"Normes et guides pour l\u2019am\u00e9nagement des parcs\"}]},{\"@type\":\"WebSite\",\"@id\":\"https:\\\/\\\/www.guides-sports-loisirs.ca\\\/projetespaces\\\/#website\",\"url\":\"https:\\\/\\\/www.guides-sports-loisirs.ca\\\/projetespaces\\\/\",\"name\":\"Projet Espaces\",\"description\":\"\",\"potentialAction\":[{\"@type\":\"SearchAction\",\"target\":{\"@type\":\"EntryPoint\",\"urlTemplate\":\"https:\\\/\\\/www.guides-sports-loisirs.ca\\\/projetespaces\\\/?s={search_term_string}\"},\"query-input\":{\"@type\":\"PropertyValueSpecification\",\"valueRequired\":true,\"valueName\":\"search_term_string\"}}],\"inLanguage\":\"fr-FR\"}]}<\/script>\n<!-- \/ Yoast SEO plugin. -->","yoast_head_json":{"title":"Normes et guides pour l\u2019am\u00e9nagement des parcs - Projet Espaces","robots":{"index":"index","follow":"follow","max-snippet":"max-snippet:-1","max-image-preview":"max-image-preview:large","max-video-preview":"max-video-preview:-1"},"canonical":"https:\/\/www.guides-sports-loisirs.ca\/projetespaces\/parcs-pour-tous\/normes-guides-amenagement-parcs\/","og_locale":"fr_FR","og_type":"article","og_title":"Normes et guides pour l\u2019am\u00e9nagement des parcs - Projet Espaces","og_description":"[vc_row row_height_percent=\u00a0\u00bb0&Prime; override_padding=\u00a0\u00bbyes\u00a0\u00bb h_padding=\u00a0\u00bb2&Prime; top_padding=\u00a0\u00bb3&Prime; bottom_padding=\u00a0\u00bb2&Prime; overlay_alpha=\u00a0\u00bb50&Prime; gutter_size=\u00a0\u00bb3&Prime; shift_y=\u00a0\u00bb0&Prime;][vc_column column_width_use_pixel=\u00a0\u00bbyes\u00a0\u00bb gutter_size=\u00a0\u00bb3&Prime; overlay_alpha=\u00a0\u00bb50&Prime; shift_x=\u00a0\u00bb0&Prime; shift_y=\u00a0\u00bb0&Prime; z_index=\u00a0\u00bb0&Prime; medium_width=\u00a0\u00bb0&Prime; width=\u00a0\u00bb1\/1&Prime; column_width_pixel=\u00a0\u00bb800&Prime;][vc_column_text]L\u2019am\u00e9nagement des terrains [&hellip;]","og_url":"https:\/\/www.guides-sports-loisirs.ca\/projetespaces\/parcs-pour-tous\/normes-guides-amenagement-parcs\/","og_site_name":"Projet Espaces","article_modified_time":"2024-11-06T18:57:42+00:00","twitter_card":"summary_large_image","twitter_misc":{"Dur\u00e9e de lecture estim\u00e9e":"4 minutes"},"schema":{"@context":"https:\/\/schema.org","@graph":[{"@type":"WebPage","@id":"https:\/\/www.guides-sports-loisirs.ca\/projetespaces\/parcs-pour-tous\/normes-guides-amenagement-parcs\/","url":"https:\/\/www.guides-sports-loisirs.ca\/projetespaces\/parcs-pour-tous\/normes-guides-amenagement-parcs\/","name":"Normes et guides pour l\u2019am\u00e9nagement des parcs - Projet Espaces","isPartOf":{"@id":"https:\/\/www.guides-sports-loisirs.ca\/projetespaces\/#website"},"datePublished":"2018-12-10T18:36:17+00:00","dateModified":"2024-11-06T18:57:42+00:00","breadcrumb":{"@id":"https:\/\/www.guides-sports-loisirs.ca\/projetespaces\/parcs-pour-tous\/normes-guides-amenagement-parcs\/#breadcrumb"},"inLanguage":"fr-FR","potentialAction":[{"@type":"ReadAction","target":["https:\/\/www.guides-sports-loisirs.ca\/projetespaces\/parcs-pour-tous\/normes-guides-amenagement-parcs\/"]}]},{"@type":"BreadcrumbList","@id":"https:\/\/www.guides-sports-loisirs.ca\/projetespaces\/parcs-pour-tous\/normes-guides-amenagement-parcs\/#breadcrumb","itemListElement":[{"@type":"ListItem","position":1,"name":"Accueil","item":"https:\/\/www.guides-sports-loisirs.ca\/projetespaces\/"},{"@type":"ListItem","position":2,"name":"Parcs pour tous","item":"https:\/\/www.guides-sports-loisirs.ca\/projetespaces\/parcs-pour-tous\/"},{"@type":"ListItem","position":3,"name":"Normes et guides pour l\u2019am\u00e9nagement des parcs"}]},{"@type":"WebSite","@id":"https:\/\/www.guides-sports-loisirs.ca\/projetespaces\/#website","url":"https:\/\/www.guides-sports-loisirs.ca\/projetespaces\/","name":"Projet Espaces","description":"","potentialAction":[{"@type":"SearchAction","target":{"@type":"EntryPoint","urlTemplate":"https:\/\/www.guides-sports-loisirs.ca\/projetespaces\/?s={search_term_string}"},"query-input":{"@type":"PropertyValueSpecification","valueRequired":true,"valueName":"search_term_string"}}],"inLanguage":"fr-FR"}]}},"_links":{"self":[{"href":"https:\/\/www.guides-sports-loisirs.ca\/projetespaces\/wp-json\/wp\/v2\/pages\/1054","targetHints":{"allow":["GET"]}}],"collection":[{"href":"https:\/\/www.guides-sports-loisirs.ca\/projetespaces\/wp-json\/wp\/v2\/pages"}],"about":[{"href":"https:\/\/www.guides-sports-loisirs.ca\/projetespaces\/wp-json\/wp\/v2\/types\/page"}],"author":[{"embeddable":true,"href":"https:\/\/www.guides-sports-loisirs.ca\/projetespaces\/wp-json\/wp\/v2\/users\/11"}],"replies":[{"embeddable":true,"href":"https:\/\/www.guides-sports-loisirs.ca\/projetespaces\/wp-json\/wp\/v2\/comments?post=1054"}],"version-history":[{"count":13,"href":"https:\/\/www.guides-sports-loisirs.ca\/projetespaces\/wp-json\/wp\/v2\/pages\/1054\/revisions"}],"predecessor-version":[{"id":2379,"href":"https:\/\/www.guides-sports-loisirs.ca\/projetespaces\/wp-json\/wp\/v2\/pages\/1054\/revisions\/2379"}],"up":[{"embeddable":true,"href":"https:\/\/www.guides-sports-loisirs.ca\/projetespaces\/wp-json\/wp\/v2\/pages\/799"}],"wp:attachment":[{"href":"https:\/\/www.guides-sports-loisirs.ca\/projetespaces\/wp-json\/wp\/v2\/media?parent=1054"}],"curies":[{"name":"wp","href":"https:\/\/api.w.org\/{rel}","templated":true}]}}