{"id":1036,"date":"2018-12-10T10:58:28","date_gmt":"2018-12-10T15:58:28","guid":{"rendered":"https:\/\/www.guides-sports-loisirs.ca\/projetespaces\/?page_id=1036"},"modified":"2024-11-06T13:47:43","modified_gmt":"2024-11-06T18:47:43","slug":"loisir-culturel-et-parcs","status":"publish","type":"page","link":"https:\/\/www.guides-sports-loisirs.ca\/projetespaces\/parcs-pour-tous\/loisir-culturel-et-parcs\/","title":{"rendered":"Loisir culturel et parcs"},"content":{"rendered":"<div class=\"wpb-content-wrapper\"><p>[vc_row row_height_percent=\u00a0\u00bb0&Prime; override_padding=\u00a0\u00bbyes\u00a0\u00bb h_padding=\u00a0\u00bb2&Prime; top_padding=\u00a0\u00bb3&Prime; bottom_padding=\u00a0\u00bb2&Prime; overlay_alpha=\u00a0\u00bb50&Prime; gutter_size=\u00a0\u00bb3&Prime; shift_y=\u00a0\u00bb0&Prime;][vc_column column_width_use_pixel=\u00a0\u00bbyes\u00a0\u00bb gutter_size=\u00a0\u00bb3&Prime; overlay_alpha=\u00a0\u00bb50&Prime; shift_x=\u00a0\u00bb0&Prime; shift_y=\u00a0\u00bb0&Prime; z_index=\u00a0\u00bb0&Prime; medium_width=\u00a0\u00bb0&Prime; width=\u00a0\u00bb1\/1&Prime; column_width_pixel=\u00a0\u00bb800&Prime;][vc_column_text]Le loisir culturel est une dimension du loisir public aussi importante que l\u2019activit\u00e9 physique et relativement facile \u00e0 int\u00e9grer dans les espaces naturels. Un parc public est avant tout un lieu qui devrait permettre \u00e0 la population de pratiquer librement toutes sortes d\u2019activit\u00e9s, y compris des activit\u00e9s culturelles. Se rattachent au loisir culturel les pratiques artistiques amateurs, les \u00e9v\u00e9nements culturels et les activit\u00e9s de loisir d\u2019ordre scientifique comme l\u2019ornithologie, la botanique ou l\u2019interpr\u00e9tation du patrimoine. Le parc peut ainsi \u00eatre un lieu qui favorise le d\u00e9veloppement de la culture et l\u2019expression culturelle.[\/vc_column_text][vc_accordion][vc_accordion_tab title=\u00a0\u00bbL\u2019animation culturelle\u00a0\u00bb tab_id=\u00a0\u00bbed395439-cb31-10&Prime;][vc_column_text]Le parc public peut \u00eatre un lieu tr\u00e8s favorable \u00e0 l\u2019animation culturelle. On pense \u00e9videmment \u00e0 la tenue d\u2019\u00e9v\u00e9nements, qui peuvent requ\u00e9rir des installations ou des \u00e9quipements sp\u00e9cialis\u00e9s, comme une sc\u00e8ne, un dispositif d\u2019\u00e9clairage et un syst\u00e8me sonore. Mais beaucoup d\u2019activit\u00e9s d\u2019animation culturelle n\u00e9cessitent peu d\u2019infrastructures ou d\u2019imposants \u00e9quipements.<\/p>\n<p>On dira que l\u2019animation culturelle est organis\u00e9e quand elle proc\u00e8de d\u2019un organisme, d\u2019une institution ou d\u2019un groupe priv\u00e9. Ce peut \u00eatre la municipalit\u00e9 elle-m\u00eame, tout comme des promoteurs professionnels ou des organismes communautaires. On parle ici de spectacles (musique, th\u00e9\u00e2tre, danse, etc.), de festivals, d\u2019expositions, de f\u00eates populaires, de kermesses, de feux d\u2019artifice ou m\u00eame de conf\u00e9rences en plein air.<\/p>\n<p>L\u2019animation culturelle peut d\u2019autre part \u00eatre spontan\u00e9e. On parle ici d\u2019activit\u00e9s libres, principalement des activit\u00e9s d\u2019expression ou de cr\u00e9ation qui ne proc\u00e8dent pas d\u2019une organisation. Ce sont, par exemple, des gens qui font de la musique, pr\u00e9sentent des \u0153uvres personnelles ou ex\u00e9cutent des num\u00e9ros de pantomime ou de cirque.<\/p>\n<p>Dans un sens plus large, toute activit\u00e9 culturelle pratiqu\u00e9e dans un parc, seul ou en petit groupe, peut \u00eatre consid\u00e9r\u00e9e comme une forme d\u2019animation culturelle\u00a0: le parc se trouve \u00ab\u00a0anim\u00e9\u00a0\u00bb par ces gens qui jouent aux \u00e9checs, lisent, piquent-niquent, observent les oiseaux, m\u00e9ditent&#8230; L\u2019ensemble des activit\u00e9s pratiqu\u00e9es dans un parc refl\u00e8te la culture du milieu.[\/vc_column_text][\/vc_accordion_tab][vc_accordion_tab title=\u00a0\u00bbInstallations et lieux culturels\u00a0\u00bb tab_id=\u00a0\u00bb7cbfd373-d155-2&Prime;][vc_column_text]Qu\u2019elle soit organis\u00e9e ou spontan\u00e9e, l\u2019animation culturelle demande \u00e0 tout le moins des lieux pour s\u2019y exercer. En g\u00e9n\u00e9ral, les activit\u00e9s de loisir culturel ne requi\u00e8rent que peu d\u2019\u00e9quipements, mais il est n\u00e9cessaire de pr\u00e9voir des espaces de pratique, surtout des espaces libres d\u2019am\u00e9nagement.<\/p>\n<p>On peut distinguer trois types de lieux ou d\u2019installations\u00a0:<\/p>\n<ul>\n<li>Les lieux de pratique libre avec un minimum d\u2019\u00e9quipement\u00a0: plaine de jeu libre, espaces de d\u00e9tente avec mobilier urbain (aires de pique-nique, regroupements de bancs publics, etc.), les espaces naturels (bois\u00e9s, champs, clairi\u00e8res ou autres).<\/li>\n<li>Les lieux ou installations sp\u00e9cialis\u00e9s utilis\u00e9s \u00e0 d\u2019autres fins\u00a0: par exemple, les terrains de sport (soccer, football, baseball, etc.) peuvent \u00eatre convertis en lieux de rassemblement ou de prestation artistique \u00e0 l\u2019occasion d\u2019\u00e9v\u00e9nements.<\/li>\n<li>Les installations culturelles permanentes ou temporaires\u00a0: sc\u00e8ne, agora, kiosque \u00e0 musique, abri couvert, chapiteau, th\u00e9\u00e2tre ambulant, bibliobus ou \u00ab\u00a0croque-livre\u00a0\u00bb, piano public, mur \u00e0 graffitis, branchements pour diffuser la musique (tr\u00e8s populaire aupr\u00e8s des adolescents), tour d\u2019observation.<\/li>\n<\/ul>\n<p>Suivant la vocation du parc ou sa superficie, on offrira au public un, deux ou les trois types.[\/vc_column_text][\/vc_accordion_tab][vc_accordion_tab title=\u00a0\u00bbStimuler la vie culturelle dans les parcs\u00a0\u00bb tab_id=\u00a0\u00bb95a2f218-f43e-2&Prime;][vc_column_text]Pour stimuler la vie culturelle dans ses parcs, une municipalit\u00e9 peut faire davantage que seulement offrir des lieux et des installations. Elle peut\u00a0:<\/p>\n<ul>\n<li>organiser elle-m\u00eame des \u00e9v\u00e9nements culturels;<\/li>\n<li>conclure des ententes avec d\u2019autres institutions publiques, des organismes ou des promoteurs pour organiser des \u00e9v\u00e9nements culturels;<\/li>\n<li>conclure des partenariats pour permettre \u00e0 des artistes ou des artisans d\u2019exercer leur art, par exemple dans des activit\u00e9s de m\u00e9diation culturelle avec le public;<\/li>\n<li>offrir des cours en plein air dans certaines disciplines (danse, th\u00e9\u00e2tre, sculpture, photographie, cuisine, tricot, etc.);<\/li>\n<li>installer des bo\u00eetes de partage de livres (\u00ab\u00a0croque-livres\u00a0\u00bb);<\/li>\n<li>organiser ou encourager les activit\u00e9s de \u00ab\u00a0land art\u00a0\u00bb (forme d\u2019art contemporain qui met \u00e0 profit le cadre et les mat\u00e9riaux de la nature tels que le bois, la terre, les pierres, le sable, l\u2019eau, les roches, etc.). Voir le projet\u00a0<a href=\"https:\/\/saint-alexandre.ca\/saint-jean-sur-richelieu-terre-en-fete\/\" target=\"_blank\" rel=\"noopener\">Terre en f\u00eate<\/a>\u00a0r\u00e9alis\u00e9 \u00e0 Saint-Jean\u2013Richelieu pour le 350e anniversaire de la municipalit\u00e9 en 2016;<\/li>\n<li>pr\u00e9senter des \u0153uvres d\u2019art, soit des \u0153uvres permanentes (souvent des sculptures), soit des expositions temporaires;<\/li>\n<li>diffuser de la musique dans le parc \u00e0 certains moments de la journ\u00e9e ou lors d\u2019\u00e9v\u00e9nements sp\u00e9ciaux;<\/li>\n<li>promouvoir la pratique libre des arts dans le cadre de la promotion g\u00e9n\u00e9rale des parcs;<\/li>\n<li>\u00e9valuer les pratiques culturelles spontan\u00e9es dans les parcs et en faire la promotion pour accro\u00eetre le nombre d\u2019usagers;<\/li>\n<li>susciter des initiatives d\u2019interculturalisme pour favoriser l\u2019int\u00e9gration. (Voir \u00e0 ce sujet le programme\u00a0JE SUIS&#8230;\u00a0de Vaudreuil-Dorion.)<\/li>\n<\/ul>\n<p>De fa\u00e7on encore plus appuy\u00e9e, certains parcs peuvent avoir une vocation essentiellement culturelle ou historique, et porter un nom qui fait r\u00e9f\u00e9rence aux arts, \u00e0 la culture ou encore qui rend hommage \u00e0 un artiste de la r\u00e9gion.<\/p>\n<p><em>Pour des id\u00e9es nouvelles, des exp\u00e9riences originales, des pratiques inspirantes ou des approches diff\u00e9rentes, voir\u00a0:<\/em><\/p>\n<p><a href=\"http:\/\/loisirculturel.ca\/\" target=\"_blank\" rel=\"noopener\">La\u00a0Fili\u00e8re culturelle de l\u2019Association qu\u00e9b\u00e9coise du loisir municipal<\/a><br \/>\n<a href=\"http:\/\/www.arts-ville.org\/\" target=\"_blank\" rel=\"noopener\">Le r\u00e9seau\u00a0Les Arts et la Ville<\/a>[\/vc_column_text][\/vc_accordion_tab][\/vc_accordion][vc_empty_space empty_h=\u00a0\u00bb2&Prime;][vc_column_text]Novembre 2024[\/vc_column_text][\/vc_column][\/vc_row][vc_row row_height_percent=\u00a0\u00bb0&Prime; override_padding=\u00a0\u00bbyes\u00a0\u00bb h_padding=\u00a0\u00bb2&Prime; top_padding=\u00a0\u00bb2&Prime; bottom_padding=\u00a0\u00bb2&Prime; overlay_alpha=\u00a0\u00bb50&Prime; gutter_size=\u00a0\u00bb3&Prime; shift_y=\u00a0\u00bb0&Prime;][vc_column column_width_use_pixel=\u00a0\u00bbyes\u00a0\u00bb gutter_size=\u00a0\u00bb2&Prime; overlay_alpha=\u00a0\u00bb50&Prime; shift_x=\u00a0\u00bb0&Prime; shift_y=\u00a0\u00bb0&Prime; z_index=\u00a0\u00bb0&Prime; medium_width=\u00a0\u00bb0&Prime; width=\u00a0\u00bb1\/1&Prime; column_width_pixel=\u00a0\u00bb800&Prime;][vc_button button_color=\u00a0\u00bbaccent\u00a0\u00bb size=\u00a0\u00bbbtn-lg\u00a0\u00bb radius=\u00a0\u00bbbtn-circle\u00a0\u00bb border_width=\u00a0\u00bb0&Prime; icon_position=\u00a0\u00bbright\u00a0\u00bb link=\u00a0\u00bburl:https%3A%2F%2Fwww.guides-sports-loisirs.ca%2Fprojetespaces%2Fwp-content%2Fuploads%2Fsites%2F8%2F2024%2F11%2F6.5_ParcsPourTous_LoisirCulturel.pdf||target:%20_blank|\u00a0\u00bb icon=\u00a0\u00bbfa fa-file-o\u00a0\u00bb]Version PDF[\/vc_button][\/vc_column][\/vc_row]<\/p>\n<\/div>","protected":false},"excerpt":{"rendered":"<p>[vc_row row_height_percent=\u00a0\u00bb0&Prime; override_padding=\u00a0\u00bbyes\u00a0\u00bb h_padding=\u00a0\u00bb2&Prime; top_padding=\u00a0\u00bb3&Prime; bottom_padding=\u00a0\u00bb2&Prime; overlay_alpha=\u00a0\u00bb50&Prime; gutter_size=\u00a0\u00bb3&Prime; shift_y=\u00a0\u00bb0&Prime;][vc_column column_width_use_pixel=\u00a0\u00bbyes\u00a0\u00bb gutter_size=\u00a0\u00bb3&Prime; overlay_alpha=\u00a0\u00bb50&Prime; shift_x=\u00a0\u00bb0&Prime; shift_y=\u00a0\u00bb0&Prime; z_index=\u00a0\u00bb0&Prime; medium_width=\u00a0\u00bb0&Prime; width=\u00a0\u00bb1\/1&Prime; column_width_pixel=\u00a0\u00bb800&Prime;][vc_column_text]Le loisir culturel [&hellip;]<\/p>\n","protected":false},"author":11,"featured_media":0,"parent":799,"menu_order":0,"comment_status":"closed","ping_status":"closed","template":"","meta":{"_acf_changed":false,"footnotes":""},"class_list":["post-1036","page","type-page","status-publish","hentry"],"acf":[],"yoast_head":"<!-- This site is optimized with the Yoast SEO plugin v27.4 - https:\/\/yoast.com\/product\/yoast-seo-wordpress\/ -->\n<title>Loisir culturel et parcs - Projet Espaces<\/title>\n<meta name=\"robots\" content=\"index, follow, max-snippet:-1, max-image-preview:large, max-video-preview:-1\" \/>\n<link rel=\"canonical\" href=\"https:\/\/www.guides-sports-loisirs.ca\/projetespaces\/parcs-pour-tous\/loisir-culturel-et-parcs\/\" \/>\n<meta property=\"og:locale\" content=\"fr_FR\" \/>\n<meta property=\"og:type\" content=\"article\" \/>\n<meta property=\"og:title\" content=\"Loisir culturel et parcs - Projet Espaces\" \/>\n<meta property=\"og:description\" content=\"[vc_row row_height_percent=\u00a0\u00bb0&Prime; override_padding=\u00a0\u00bbyes\u00a0\u00bb h_padding=\u00a0\u00bb2&Prime; top_padding=\u00a0\u00bb3&Prime; bottom_padding=\u00a0\u00bb2&Prime; overlay_alpha=\u00a0\u00bb50&Prime; gutter_size=\u00a0\u00bb3&Prime; shift_y=\u00a0\u00bb0&Prime;][vc_column column_width_use_pixel=\u00a0\u00bbyes\u00a0\u00bb gutter_size=\u00a0\u00bb3&Prime; overlay_alpha=\u00a0\u00bb50&Prime; shift_x=\u00a0\u00bb0&Prime; shift_y=\u00a0\u00bb0&Prime; z_index=\u00a0\u00bb0&Prime; medium_width=\u00a0\u00bb0&Prime; width=\u00a0\u00bb1\/1&Prime; column_width_pixel=\u00a0\u00bb800&Prime;][vc_column_text]Le loisir culturel [&hellip;]\" \/>\n<meta property=\"og:url\" content=\"https:\/\/www.guides-sports-loisirs.ca\/projetespaces\/parcs-pour-tous\/loisir-culturel-et-parcs\/\" \/>\n<meta property=\"og:site_name\" content=\"Projet Espaces\" \/>\n<meta property=\"article:modified_time\" content=\"2024-11-06T18:47:43+00:00\" \/>\n<meta name=\"twitter:card\" content=\"summary_large_image\" \/>\n<meta name=\"twitter:label1\" content=\"Dur\u00e9e de lecture estim\u00e9e\" \/>\n\t<meta name=\"twitter:data1\" content=\"5 minutes\" \/>\n<script type=\"application\/ld+json\" class=\"yoast-schema-graph\">{\"@context\":\"https:\\\/\\\/schema.org\",\"@graph\":[{\"@type\":\"WebPage\",\"@id\":\"https:\\\/\\\/www.guides-sports-loisirs.ca\\\/projetespaces\\\/parcs-pour-tous\\\/loisir-culturel-et-parcs\\\/\",\"url\":\"https:\\\/\\\/www.guides-sports-loisirs.ca\\\/projetespaces\\\/parcs-pour-tous\\\/loisir-culturel-et-parcs\\\/\",\"name\":\"Loisir culturel et parcs - Projet Espaces\",\"isPartOf\":{\"@id\":\"https:\\\/\\\/www.guides-sports-loisirs.ca\\\/projetespaces\\\/#website\"},\"datePublished\":\"2018-12-10T15:58:28+00:00\",\"dateModified\":\"2024-11-06T18:47:43+00:00\",\"breadcrumb\":{\"@id\":\"https:\\\/\\\/www.guides-sports-loisirs.ca\\\/projetespaces\\\/parcs-pour-tous\\\/loisir-culturel-et-parcs\\\/#breadcrumb\"},\"inLanguage\":\"fr-FR\",\"potentialAction\":[{\"@type\":\"ReadAction\",\"target\":[\"https:\\\/\\\/www.guides-sports-loisirs.ca\\\/projetespaces\\\/parcs-pour-tous\\\/loisir-culturel-et-parcs\\\/\"]}]},{\"@type\":\"BreadcrumbList\",\"@id\":\"https:\\\/\\\/www.guides-sports-loisirs.ca\\\/projetespaces\\\/parcs-pour-tous\\\/loisir-culturel-et-parcs\\\/#breadcrumb\",\"itemListElement\":[{\"@type\":\"ListItem\",\"position\":1,\"name\":\"Accueil\",\"item\":\"https:\\\/\\\/www.guides-sports-loisirs.ca\\\/projetespaces\\\/\"},{\"@type\":\"ListItem\",\"position\":2,\"name\":\"Parcs pour tous\",\"item\":\"https:\\\/\\\/www.guides-sports-loisirs.ca\\\/projetespaces\\\/parcs-pour-tous\\\/\"},{\"@type\":\"ListItem\",\"position\":3,\"name\":\"Loisir culturel et parcs\"}]},{\"@type\":\"WebSite\",\"@id\":\"https:\\\/\\\/www.guides-sports-loisirs.ca\\\/projetespaces\\\/#website\",\"url\":\"https:\\\/\\\/www.guides-sports-loisirs.ca\\\/projetespaces\\\/\",\"name\":\"Projet Espaces\",\"description\":\"\",\"potentialAction\":[{\"@type\":\"SearchAction\",\"target\":{\"@type\":\"EntryPoint\",\"urlTemplate\":\"https:\\\/\\\/www.guides-sports-loisirs.ca\\\/projetespaces\\\/?s={search_term_string}\"},\"query-input\":{\"@type\":\"PropertyValueSpecification\",\"valueRequired\":true,\"valueName\":\"search_term_string\"}}],\"inLanguage\":\"fr-FR\"}]}<\/script>\n<!-- \/ Yoast SEO plugin. -->","yoast_head_json":{"title":"Loisir culturel et parcs - Projet Espaces","robots":{"index":"index","follow":"follow","max-snippet":"max-snippet:-1","max-image-preview":"max-image-preview:large","max-video-preview":"max-video-preview:-1"},"canonical":"https:\/\/www.guides-sports-loisirs.ca\/projetespaces\/parcs-pour-tous\/loisir-culturel-et-parcs\/","og_locale":"fr_FR","og_type":"article","og_title":"Loisir culturel et parcs - Projet Espaces","og_description":"[vc_row row_height_percent=\u00a0\u00bb0&Prime; override_padding=\u00a0\u00bbyes\u00a0\u00bb h_padding=\u00a0\u00bb2&Prime; top_padding=\u00a0\u00bb3&Prime; bottom_padding=\u00a0\u00bb2&Prime; overlay_alpha=\u00a0\u00bb50&Prime; gutter_size=\u00a0\u00bb3&Prime; shift_y=\u00a0\u00bb0&Prime;][vc_column column_width_use_pixel=\u00a0\u00bbyes\u00a0\u00bb gutter_size=\u00a0\u00bb3&Prime; overlay_alpha=\u00a0\u00bb50&Prime; shift_x=\u00a0\u00bb0&Prime; shift_y=\u00a0\u00bb0&Prime; z_index=\u00a0\u00bb0&Prime; medium_width=\u00a0\u00bb0&Prime; width=\u00a0\u00bb1\/1&Prime; column_width_pixel=\u00a0\u00bb800&Prime;][vc_column_text]Le loisir culturel [&hellip;]","og_url":"https:\/\/www.guides-sports-loisirs.ca\/projetespaces\/parcs-pour-tous\/loisir-culturel-et-parcs\/","og_site_name":"Projet Espaces","article_modified_time":"2024-11-06T18:47:43+00:00","twitter_card":"summary_large_image","twitter_misc":{"Dur\u00e9e de lecture estim\u00e9e":"5 minutes"},"schema":{"@context":"https:\/\/schema.org","@graph":[{"@type":"WebPage","@id":"https:\/\/www.guides-sports-loisirs.ca\/projetespaces\/parcs-pour-tous\/loisir-culturel-et-parcs\/","url":"https:\/\/www.guides-sports-loisirs.ca\/projetespaces\/parcs-pour-tous\/loisir-culturel-et-parcs\/","name":"Loisir culturel et parcs - Projet Espaces","isPartOf":{"@id":"https:\/\/www.guides-sports-loisirs.ca\/projetespaces\/#website"},"datePublished":"2018-12-10T15:58:28+00:00","dateModified":"2024-11-06T18:47:43+00:00","breadcrumb":{"@id":"https:\/\/www.guides-sports-loisirs.ca\/projetespaces\/parcs-pour-tous\/loisir-culturel-et-parcs\/#breadcrumb"},"inLanguage":"fr-FR","potentialAction":[{"@type":"ReadAction","target":["https:\/\/www.guides-sports-loisirs.ca\/projetespaces\/parcs-pour-tous\/loisir-culturel-et-parcs\/"]}]},{"@type":"BreadcrumbList","@id":"https:\/\/www.guides-sports-loisirs.ca\/projetespaces\/parcs-pour-tous\/loisir-culturel-et-parcs\/#breadcrumb","itemListElement":[{"@type":"ListItem","position":1,"name":"Accueil","item":"https:\/\/www.guides-sports-loisirs.ca\/projetespaces\/"},{"@type":"ListItem","position":2,"name":"Parcs pour tous","item":"https:\/\/www.guides-sports-loisirs.ca\/projetespaces\/parcs-pour-tous\/"},{"@type":"ListItem","position":3,"name":"Loisir culturel et parcs"}]},{"@type":"WebSite","@id":"https:\/\/www.guides-sports-loisirs.ca\/projetespaces\/#website","url":"https:\/\/www.guides-sports-loisirs.ca\/projetespaces\/","name":"Projet Espaces","description":"","potentialAction":[{"@type":"SearchAction","target":{"@type":"EntryPoint","urlTemplate":"https:\/\/www.guides-sports-loisirs.ca\/projetespaces\/?s={search_term_string}"},"query-input":{"@type":"PropertyValueSpecification","valueRequired":true,"valueName":"search_term_string"}}],"inLanguage":"fr-FR"}]}},"_links":{"self":[{"href":"https:\/\/www.guides-sports-loisirs.ca\/projetespaces\/wp-json\/wp\/v2\/pages\/1036","targetHints":{"allow":["GET"]}}],"collection":[{"href":"https:\/\/www.guides-sports-loisirs.ca\/projetespaces\/wp-json\/wp\/v2\/pages"}],"about":[{"href":"https:\/\/www.guides-sports-loisirs.ca\/projetespaces\/wp-json\/wp\/v2\/types\/page"}],"author":[{"embeddable":true,"href":"https:\/\/www.guides-sports-loisirs.ca\/projetespaces\/wp-json\/wp\/v2\/users\/11"}],"replies":[{"embeddable":true,"href":"https:\/\/www.guides-sports-loisirs.ca\/projetespaces\/wp-json\/wp\/v2\/comments?post=1036"}],"version-history":[{"count":9,"href":"https:\/\/www.guides-sports-loisirs.ca\/projetespaces\/wp-json\/wp\/v2\/pages\/1036\/revisions"}],"predecessor-version":[{"id":2372,"href":"https:\/\/www.guides-sports-loisirs.ca\/projetespaces\/wp-json\/wp\/v2\/pages\/1036\/revisions\/2372"}],"up":[{"embeddable":true,"href":"https:\/\/www.guides-sports-loisirs.ca\/projetespaces\/wp-json\/wp\/v2\/pages\/799"}],"wp:attachment":[{"href":"https:\/\/www.guides-sports-loisirs.ca\/projetespaces\/wp-json\/wp\/v2\/media?parent=1036"}],"curies":[{"name":"wp","href":"https:\/\/api.w.org\/{rel}","templated":true}]}}