{"id":1023,"date":"2018-12-10T09:38:08","date_gmt":"2018-12-10T14:38:08","guid":{"rendered":"https:\/\/www.guides-sports-loisirs.ca\/projetespaces\/?page_id=1023"},"modified":"2024-11-06T13:37:02","modified_gmt":"2024-11-06T18:37:02","slug":"penser-famille","status":"publish","type":"page","link":"https:\/\/www.guides-sports-loisirs.ca\/projetespaces\/parcs-pour-tous\/penser-famille\/","title":{"rendered":"Penser famille"},"content":{"rendered":"<div class=\"wpb-content-wrapper\"><p>[vc_row row_height_percent=\u00a0\u00bb0&Prime; override_padding=\u00a0\u00bbyes\u00a0\u00bb h_padding=\u00a0\u00bb2&Prime; top_padding=\u00a0\u00bb3&Prime; bottom_padding=\u00a0\u00bb2&Prime; overlay_alpha=\u00a0\u00bb50&Prime; gutter_size=\u00a0\u00bb3&Prime; shift_y=\u00a0\u00bb0&Prime;][vc_column column_width_use_pixel=\u00a0\u00bbyes\u00a0\u00bb gutter_size=\u00a0\u00bb3&Prime; overlay_alpha=\u00a0\u00bb50&Prime; shift_x=\u00a0\u00bb0&Prime; shift_y=\u00a0\u00bb0&Prime; z_index=\u00a0\u00bb0&Prime; medium_width=\u00a0\u00bb0&Prime; width=\u00a0\u00bb1\/1&Prime; column_width_pixel=\u00a0\u00bb800&Prime;][vc_column_text]Les mod\u00e8les familiaux ont grandement \u00e9volu\u00e9 dans les derni\u00e8res d\u00e9cennies. Au moment d\u2019am\u00e9nager des parcs ou d\u2019autres espaces publics, il est important de prendre en compte les enjeux que soul\u00e8vent les diff\u00e9rents mod\u00e8les familiaux. Les besoins des familles sont multiples, notamment parce que non seulement les parents font partie de la vie des enfants, mais aussi leurs grands-parents et la famille au sens large. L\u2019am\u00e9nagement des parcs devrait ainsi \u00eatre con\u00e7u pour r\u00e9pondre aux besoins \u00e0 la fois des enfants, mais aussi des personnes qui les accompagnent.<\/p>\n<h3>Enjeux que pose la famille d\u2019aujourd\u2019hui<\/h3>\n<ul>\n<li>Manque de temps<\/li>\n<li>Inactivit\u00e9 physique<\/li>\n<li>Garde partag\u00e9e<\/li>\n<li>Accessibilit\u00e9 plus ou moins grande des lieux de loisir<\/li>\n<li>Faible proportion du budget familial accord\u00e9e \u00e0 la pratique de loisirs<\/li>\n<li>Sentiment de s\u00e9curit\u00e9<\/li>\n<li>Conciliation travail-famille<\/li>\n<\/ul>\n<h3>Pour le mieux-\u00eatre des familles<\/h3>\n<p>Avoir en t\u00eate et \u00e0 c\u0153ur le mieux-\u00eatre des familles dans toutes les \u00e9tapes du processus de gestion de parcs\u00a0:<\/p>\n<ul>\n<li>Consid\u00e9rer que la famille repr\u00e9sente un tout\u00a0: il faut donc r\u00e9fl\u00e9chir \u00e0 ses besoins dans son ensemble en plus de s\u2019attarder aux besoins sp\u00e9cifiques de l\u2019enfant appel\u00e9 \u00e0 fr\u00e9quenter le parc ou l\u2019espace public.<\/li>\n<li>\u00catre \u00e0 l\u2019\u00e9coute des besoins des familles afin de red\u00e9finir certaines priorit\u00e9s, d\u2019offrir certains services et d\u2019\u00e9dicter des r\u00e8glements.<\/li>\n<\/ul>\n<h3>Les questions \u00e0 se poser<\/h3>\n<p>Penser famille incite \u00e0 se poser des questions\u00a0:[\/vc_column_text][vc_column_text]<\/p>\n<h3>Impact sur la famille<\/h3>\n<ul>\n<li>Cette initiative ou cette mesure vise-t-elle l\u2019individu ou l\u2019entit\u00e9 familiale?<\/li>\n<li>Ce sentier \u00e0 am\u00e9nager sera-t-il facilement utilisable par un parent avec une poussette?<\/li>\n<li>Le parent se sentira-t-il en confiance s\u2019il laisse son enfant jouer dans les diff\u00e9rentes zones du parc?<\/li>\n<\/ul>\n<p>[\/vc_column_text][vc_column_text]<\/p>\n<h3>Promotion de la vie familiale<\/h3>\n<ul>\n<li>Ce projet d\u2019am\u00e9nagement pr\u00e9voit-il une reconnaissance publique et une contribution des familles dans l\u2019appropriation du parc ou de l\u2019espace public?<\/li>\n<li>Peut-on organiser une f\u00eate familiale pour l\u2019inauguration?<\/li>\n<\/ul>\n<p>[\/vc_column_text][vc_column_text]<\/p>\n<h3>R\u00e9ponse aux besoins des familles du milieu<\/h3>\n<ul>\n<li>Quels types de familles trouve-t-on sur le territoire de la municipalit\u00e9?<\/li>\n<li>Quels sont les besoins particuliers des familles en mati\u00e8re d\u2019am\u00e9nagement de parcs et d\u2019espaces publics?<\/li>\n<li>Quelle est la proportion de familles monoparentales habitant pr\u00e8s du parc?<\/li>\n<li>Comment envisager l\u2019animation du parc selon les types de familles qui le fr\u00e9quentent?<\/li>\n<\/ul>\n<p>[\/vc_column_text][vc_column_text]<\/p>\n<h3>Optimiser l\u2019exp\u00e9rience famille<\/h3>\n<p>Comment am\u00e9nager des parcs pour favoriser la participation des familles et optimiser l\u2019exp\u00e9rience famille? Parents et enfants souhaitent vivre des exp\u00e9riences agr\u00e9ables quand ils vont au parc ensemble. Il faut se rappeler que si un parc est bien am\u00e9nag\u00e9 pour les enfants, les parents souhaiteront le fr\u00e9quenter davantage. Offrir des installations permettant la pratique d\u2019activit\u00e9s familiales (parents-enfants) et d\u2019autres \u00e0 proximit\u00e9 les unes des autres o\u00f9 enfants et parents peuvent faire des activit\u00e9s s\u00e9par\u00e9ment mais simultan\u00e9ment favorise le mode de vie actif pour toute la famille.<\/p>\n<p>Il faut donc prendre en compte les besoins \u00e0 la fois des enfants, petits et grands, des parents et des grands-parents dans l\u2019am\u00e9nagement du parc. Pouvoir s\u2019y rendre facilement et en toute s\u00e9curit\u00e9, avoir suffisamment d\u2019espace pour circuler avec une poussette, \u00eatre confortablement assis \u00e0 l\u2019ombre pour regarder son enfant jouer ou discuter avec d\u2019autres parents sont tous des \u00e9l\u00e9ments qui influencent l\u2019exp\u00e9rience au parc. Les besoins de l\u2019enfant, quel que soit son \u00e2ge, restent bien s\u00fbr au centre des pr\u00e9occupations des parents. Somme toute, optimiser l\u2019exp\u00e9rience famille dans l\u2019am\u00e9nagement d\u2019un parc, c\u2019est r\u00e9fl\u00e9chir autant aux besoins des parents qu\u2019\u00e0 ceux des enfants.<\/p>\n<h3>Les facteurs importants<\/h3>\n<p>L\u2019am\u00e9nagement d\u2019infrastructures et d\u2019un mobilier ad\u00e9quats est primordial, mais pour favoriser la participation des familles, l\u2019animation est aussi importante (voir Loisir culturel et parcs\u00a0et\u00a0L\u2019appropriation), tout comme l\u2019emplacement du parc dans la municipalit\u00e9. La r\u00e9glementation peut \u00e9galement avoir un effet sur la fr\u00e9quentation des lieux\u00a0: r\u00e9glementation sur les chiens,\u00a0<a href=\"http:\/\/www.msss.gouv.qc.ca\/#mesures-26mai2016\" target=\"_blank\" rel=\"noopener\">environnement sans fum\u00e9e<\/a>, limitation de la vitesse \u00e0 proximit\u00e9 des parcs,\u00a0<a href=\"https:\/\/mouvementallaitement.org\/environnements-favorables\/definition\/#:~:text=Rendre%20les%20environnements%20favorables%20%C3%A0,qui%20ont%20choisi%20d'allaiter.\" target=\"_blank\" rel=\"noopener\">environnements favorables \u00e0 l\u2019allaitement<\/a>, etc. Par ailleurs, l\u2019information disponible sur les \u00e9quipements offerts int\u00e9ressera les familles et les incitera \u00e0 les fr\u00e9quenter; un r\u00e9pertoire bien con\u00e7u peut \u00eatre fort utile en ce sens (voir, par exemple,\u00a0<a href=\"https:\/\/www.mrcpierredesaurel.com\/services\/gestion-du-territoire\/milieux-naturels\/\" target=\"_blank\" rel=\"noopener\">le R\u00e9pertoire des parcs et espaces verts de la MRC Pierre-de-Saurel<\/a>).<\/p>\n<p>Il peut s\u2019av\u00e9rer gagnant d\u2019impliquer les familles \u00e0 diff\u00e9rentes \u00e9tapes de l\u2019am\u00e9nagement, notamment d\u00e8s le d\u00e9but du processus de planification. Elles peuvent enrichir la r\u00e9flexion en faisant \u00e9tat de leurs besoins, de leurs int\u00e9r\u00eats et des contraintes qu\u2019elles ont rencontr\u00e9es jusqu\u2019\u00e0 pr\u00e9sent dans les autres installations de la municipalit\u00e9. L\u2019implication des enfants et des familles dans le choix des am\u00e9nagements et des \u00e9quipements peut s\u2019av\u00e9rer une bonne pratique afin de s\u2019assurer que le projet colle \u00e0 la r\u00e9alit\u00e9 de la client\u00e8le cibl\u00e9e. Il est cependant important de penser \u00e0 long terme en \u00e9vitant d\u2019investir dans des \u00e9quipements \u00e0 la mode dont la fr\u00e9quentation pourrait s\u2019av\u00e9rer \u00e9ph\u00e9m\u00e8re. Les familles peuvent aussi participer \u00e0 l\u2019embellissement des espaces (murale, peinture au sol, plates-bandes, etc.) et contribuer au processus d\u2019\u00e9valuation en donnant une voix aux enfants.<\/p>\n<p>Voici quelques suggestions pour mieux r\u00e9pondre aux besoins des familles dans les parcs\u00a0:[\/vc_column_text][vc_accordion][vc_accordion_tab title=\u00a0\u00bb\u00c9QUIPEMENTS\u00a0\u00bb tab_id=\u00a0\u00bb20b642d8-4034-6&Prime;][vc_column_text]<\/p>\n<ul>\n<li>S\u2019assurer qu\u2019il y a du mobilier urbain \u00e0 une hauteur ad\u00e9quate pour r\u00e9pondre aux besoins des plus petits, mais aussi des plus grands\u00a0: tables \u00e0 pique-nique, bancs, points d\u2019eau, poubelles, etc.<\/li>\n<li>Pr\u00e9voir des sentiers assez larges et recouverts d\u2019un mat\u00e9riau appropri\u00e9 pour faciliter la circulation avec une poussette.<\/li>\n<li>Offrir des structures de jeu pour les tout-petits, les enfants et m\u00eame les parents (ex.\u00a0: jeu d\u2019\u00e9checs g\u00e9ant).<\/li>\n<li>Installer des blocs sanitaires permanents ou temporaires avec tables \u00e0 langer et zones d\u2019allaitement, suffisamment grands pour accueillir les poussettes.<\/li>\n<li>Am\u00e9nager des jardins communautaires ou collectifs et en faire la promotion aupr\u00e8s des familles. Offrir un accompagnement ou animer des activit\u00e9s familiales de jardinage et de mise en valeur des produits cultiv\u00e9s (initiation, atelier technique, pr\u00e9paration d\u2019aliments, etc.). Voici quelques r\u00e9f\u00e9rences pour trouver des id\u00e9es ou obtenir de l\u2019aide\u00a0:<br \/>\n<a href=\"http:\/\/www.rjcq.ca\/\" target=\"_blank\" rel=\"noopener\">http:\/\/www.rjcq.ca\/<\/a><br \/>\n<a href=\"http:\/\/agriculturemontreal.com\/;\u00a0https:\/\/www.ecologieurbaine.net\/fr\/documentation\/guide-techniques-documents\/11-guide-sur-lagriculture-urbaine\/file\" target=\"_blank\" rel=\"noopener\">http:\/\/agriculturemontreal.com\/;\u00a0https:\/\/www.ecologieurbaine.net\/fr\/documentation\/guide-techniques-documents\/11-guide-sur-lagriculture-urbaine\/file<\/a><\/li>\n<li>Offrir des structures ou du mobilier urbain en tandem (ex.\u00a0: balan\u00e7oires tandem, tables \u00e0 pique-nique pour les tout-petits et leurs parents).<\/li>\n<li>R\u00e9server des plages horaires qui conviennent aux familles pour la pratique libre sur les terrains sportifs.<\/li>\n<li>Installer une signalisation avec pictogrammes (pour les enfants qui ne savent pas lire) \u00e0 hauteur ad\u00e9quate.<\/li>\n<li>Installer des panneaux \u00e9ducatifs \u00e0 l\u2019intention des enfants. Voir, par exemple, les panneaux d\u2019activit\u00e9s \u00ab\u00a0<a href=\"https:\/\/www.formetavie.com\/_files\/ugd\/235062_5ec90498149449a194d33a2a51c3800e.pdf\" target=\"_blank\" rel=\"noopener\">\u00c0 vos parcs&#8230; Go!<\/a>\u00a0\u00bb \u00e0 Laval.<\/li>\n<li>Installer une bo\u00eete \u00e0 jeux libre-service pour parents et enfants.<\/li>\n<li>Installer une bo\u00eete \u00e0 livres libre-service pour parents et enfants.<\/li>\n<li>D\u00e9ployer des structures temporaires pour la pratique de sports et d\u2019activit\u00e9s physiques en toute saison; voir fiches\u00a0<a href=\"https:\/\/www.guides-sports-loisirs.ca\/projetespaces\/espaces-jeu-enfants\/espaces-jeu-libre-hiver\/\" target=\"_blank\" rel=\"noopener\">Espaces de jeu libre en hiver<\/a>\u00a0et\u00a0<a href=\"https:\/\/www.guides-sports-loisirs.ca\/projetespaces\/conditions-succes\/parcs-ouverts-frequentes-toute-lannee\/\" target=\"_blank\" rel=\"noopener\">Des parcs ouverts et fr\u00e9quent\u00e9s toute l\u2019ann\u00e9e<\/a>.<\/li>\n<li>Installer des \u00e9quipements temporaires pour faciliter la pratique de sports en toute saison\u00a0: chalet chauff\u00e9, roulotte, bancs, etc.<\/li>\n<li>Am\u00e9nager l\u2019espace de fa\u00e7on que les accompagnateurs d\u2019enfants puissent vivre une exp\u00e9rience positive dans le parc (sentiers, espace de socialisation, espace de jeu libre, aire de jeu \u00ab\u00a0visible\u00a0\u00bb \u00e0 partir des autres installations sportives et r\u00e9cr\u00e9atives, etc.).<\/li>\n<\/ul>\n<p>[\/vc_column_text][vc_empty_space empty_h=\u00a0\u00bb2&Prime;][vc_column_text border_color=\u00a0\u00bbaccent\u00a0\u00bb border_style=\u00a0\u00bbsolid\u00a0\u00bb css=\u00a0\u00bb.vc_custom_1544455374498{padding-top: 10px !important;padding-right: 10px !important;padding-bottom: 10px !important;padding-left: 10px !important;}\u00a0\u00bb]<em>Devrait-on proposer aussi des structures d\u2019exercices \u00e0 proximit\u00e9 des aires familiales? Dans la mesure o\u00f9 l\u2019on souhaite encourager la pratique d\u2019activit\u00e9s physiques chez les accompagnateurs d\u2019enfants et dans les familles, la question m\u00e9rite d\u2019\u00eatre pos\u00e9e. Toutefois, dans le but d\u2019offrir des installations ad\u00e9quates et s\u00e9curitaires, il importe de bien conna\u00eetre les besoins, les int\u00e9r\u00eats et les habitudes des familles qui fr\u00e9quentent le parc, et de bien s\u2019informer aupr\u00e8s de certains sp\u00e9cialistes (kin\u00e9siologue, conseiller en am\u00e9nagement, etc.) avant d\u2019investir dans ces \u00e9quipements. De fa\u00e7on tr\u00e8s marqu\u00e9e pour ce type d\u2019installations, il y a de belles r\u00e9ussites, mais de nombreuses installations restent inutilis\u00e9es. L\u2019installation d\u2019affiches proposant des exercices \u00e0 faire sans accessoires ou \u00e0 l\u2019aide du mobilier urbain, ainsi que l\u2019am\u00e9nagement d\u2019un plateau ext\u00e9rieur pour pratiquer des activit\u00e9s physiques libres ou anim\u00e9es peuvent s\u2019av\u00e9rer des options int\u00e9ressantes, surtout si on assortit ces initiatives d\u2019une forme d\u2019animation ou d\u2019accompagnement.<\/em>[\/vc_column_text][\/vc_accordion_tab][vc_accordion_tab title=\u00a0\u00bbACCESSIBILIT\u00c9\u00a0\u00bb tab_id=\u00a0\u00bbe68eca5c-7602-8&Prime;][vc_column_text]<\/p>\n<ul>\n<li>Pr\u00e9voir des espaces suffisamment grands \u00e0 l\u2019entr\u00e9e du parc pour faciliter l\u2019acc\u00e8s aux poussettes.<\/li>\n<li>Pr\u00e9voir des acc\u00e8s aux sentiers assez larges pour circuler avec une poussette.<\/li>\n<li>R\u00e9server des espaces de stationnement aux familles aux abords du parc.<\/li>\n<li>Pr\u00e9voir des espaces de stationnement \u00e0 v\u00e9los avec possibilit\u00e9 d\u2019y ranger les remorques pour enfants et les v\u00e9los des tout-petits.<\/li>\n<li>Assurer la connectivit\u00e9 du parc avec les endroits fr\u00e9quent\u00e9s par les familles (services de garde, biblioth\u00e8que, etc.) et avec les quartiers r\u00e9sidentiels environnants.<\/li>\n<\/ul>\n<p>[\/vc_column_text][\/vc_accordion_tab][vc_accordion_tab title=\u00a0\u00bbS\u00c9CURIT\u00c9\u00a0\u00bb tab_id=\u00a0\u00bbbd56e014-4b2b-0&Prime;][vc_column_text]<\/p>\n<ul>\n<li>Am\u00e9nager les espaces, les \u00e9quipements, le mobilier et les v\u00e9g\u00e9taux de fa\u00e7on fonctionnelle et a\u00e9r\u00e9e afin de faciliter la surveillance des diff\u00e9rentes sections du parc.<\/li>\n<li>Am\u00e9nager des points d\u2019ombre, surtout \u00e0 proximit\u00e9 du mobilier urbain (bancs, tables de pique-nique, gradins) et des aires de jeu pour enfants.<\/li>\n<li>Assurer une visibilit\u00e9 et un \u00e9clairage ad\u00e9quats aux abords et \u00e0 l\u2019int\u00e9rieur du parc pour renforcer le sentiment de s\u00e9curit\u00e9 des parents.<\/li>\n<li>Cl\u00f4turer le parc en entier ou en partie pr\u00e8s des rues o\u00f9 la circulation est plus dense.<\/li>\n<li>Assurer l\u2019entretien r\u00e9gulier des infrastructures du parc afin d\u2019offrir le maximum de s\u00e9curit\u00e9.<\/li>\n<\/ul>\n<p>Contenu produit avec la collaboration du Carrefour action municipale et famille[\/vc_column_text][\/vc_accordion_tab][\/vc_accordion][vc_empty_space empty_h=\u00a0\u00bb2&Prime;][vc_column_text]Novembre 2024[\/vc_column_text][\/vc_column][\/vc_row][vc_row row_height_percent=\u00a0\u00bb0&Prime; override_padding=\u00a0\u00bbyes\u00a0\u00bb h_padding=\u00a0\u00bb2&Prime; top_padding=\u00a0\u00bb2&Prime; bottom_padding=\u00a0\u00bb2&Prime; overlay_alpha=\u00a0\u00bb50&Prime; gutter_size=\u00a0\u00bb3&Prime; shift_y=\u00a0\u00bb0&Prime;][vc_column column_width_use_pixel=\u00a0\u00bbyes\u00a0\u00bb gutter_size=\u00a0\u00bb2&Prime; overlay_alpha=\u00a0\u00bb50&Prime; shift_x=\u00a0\u00bb0&Prime; shift_y=\u00a0\u00bb0&Prime; z_index=\u00a0\u00bb0&Prime; medium_width=\u00a0\u00bb0&Prime; width=\u00a0\u00bb1\/1&Prime; column_width_pixel=\u00a0\u00bb800&Prime;][vc_button button_color=\u00a0\u00bbaccent\u00a0\u00bb size=\u00a0\u00bbbtn-lg\u00a0\u00bb radius=\u00a0\u00bbbtn-circle\u00a0\u00bb border_width=\u00a0\u00bb0&Prime; icon_position=\u00a0\u00bbright\u00a0\u00bb link=\u00a0\u00bburl:https%3A%2F%2Fwww.guides-sports-loisirs.ca%2Fprojetespaces%2Fwp-content%2Fuploads%2Fsites%2F8%2F2024%2F11%2F6.3_ParcsPourTous_PenserFamille.pdf||target:%20_blank|\u00a0\u00bb icon=\u00a0\u00bbfa fa-file-o\u00a0\u00bb]Version PDF[\/vc_button][\/vc_column][\/vc_row]<\/p>\n<\/div>","protected":false},"excerpt":{"rendered":"<p>[vc_row row_height_percent=\u00a0\u00bb0&Prime; override_padding=\u00a0\u00bbyes\u00a0\u00bb h_padding=\u00a0\u00bb2&Prime; top_padding=\u00a0\u00bb3&Prime; bottom_padding=\u00a0\u00bb2&Prime; overlay_alpha=\u00a0\u00bb50&Prime; gutter_size=\u00a0\u00bb3&Prime; shift_y=\u00a0\u00bb0&Prime;][vc_column column_width_use_pixel=\u00a0\u00bbyes\u00a0\u00bb gutter_size=\u00a0\u00bb3&Prime; overlay_alpha=\u00a0\u00bb50&Prime; shift_x=\u00a0\u00bb0&Prime; shift_y=\u00a0\u00bb0&Prime; z_index=\u00a0\u00bb0&Prime; medium_width=\u00a0\u00bb0&Prime; width=\u00a0\u00bb1\/1&Prime; column_width_pixel=\u00a0\u00bb800&Prime;][vc_column_text]Les mod\u00e8les familiaux [&hellip;]<\/p>\n","protected":false},"author":11,"featured_media":0,"parent":799,"menu_order":0,"comment_status":"closed","ping_status":"closed","template":"","meta":{"_acf_changed":false,"footnotes":""},"class_list":["post-1023","page","type-page","status-publish","hentry"],"acf":[],"yoast_head":"<!-- This site is optimized with the Yoast SEO plugin v27.4 - https:\/\/yoast.com\/product\/yoast-seo-wordpress\/ -->\n<title>Penser famille - Projet Espaces<\/title>\n<meta name=\"robots\" content=\"index, follow, max-snippet:-1, max-image-preview:large, max-video-preview:-1\" \/>\n<link rel=\"canonical\" href=\"https:\/\/www.guides-sports-loisirs.ca\/projetespaces\/parcs-pour-tous\/penser-famille\/\" \/>\n<meta property=\"og:locale\" content=\"fr_FR\" \/>\n<meta property=\"og:type\" content=\"article\" \/>\n<meta property=\"og:title\" content=\"Penser famille - Projet Espaces\" \/>\n<meta property=\"og:description\" content=\"[vc_row row_height_percent=\u00a0\u00bb0&Prime; override_padding=\u00a0\u00bbyes\u00a0\u00bb h_padding=\u00a0\u00bb2&Prime; top_padding=\u00a0\u00bb3&Prime; bottom_padding=\u00a0\u00bb2&Prime; overlay_alpha=\u00a0\u00bb50&Prime; gutter_size=\u00a0\u00bb3&Prime; shift_y=\u00a0\u00bb0&Prime;][vc_column column_width_use_pixel=\u00a0\u00bbyes\u00a0\u00bb gutter_size=\u00a0\u00bb3&Prime; overlay_alpha=\u00a0\u00bb50&Prime; shift_x=\u00a0\u00bb0&Prime; shift_y=\u00a0\u00bb0&Prime; z_index=\u00a0\u00bb0&Prime; medium_width=\u00a0\u00bb0&Prime; width=\u00a0\u00bb1\/1&Prime; column_width_pixel=\u00a0\u00bb800&Prime;][vc_column_text]Les mod\u00e8les familiaux [&hellip;]\" \/>\n<meta property=\"og:url\" content=\"https:\/\/www.guides-sports-loisirs.ca\/projetespaces\/parcs-pour-tous\/penser-famille\/\" \/>\n<meta property=\"og:site_name\" content=\"Projet Espaces\" \/>\n<meta property=\"article:modified_time\" content=\"2024-11-06T18:37:02+00:00\" \/>\n<meta name=\"twitter:card\" content=\"summary_large_image\" \/>\n<meta name=\"twitter:label1\" content=\"Dur\u00e9e de lecture estim\u00e9e\" \/>\n\t<meta name=\"twitter:data1\" content=\"8 minutes\" \/>\n<script type=\"application\/ld+json\" class=\"yoast-schema-graph\">{\"@context\":\"https:\\\/\\\/schema.org\",\"@graph\":[{\"@type\":\"WebPage\",\"@id\":\"https:\\\/\\\/www.guides-sports-loisirs.ca\\\/projetespaces\\\/parcs-pour-tous\\\/penser-famille\\\/\",\"url\":\"https:\\\/\\\/www.guides-sports-loisirs.ca\\\/projetespaces\\\/parcs-pour-tous\\\/penser-famille\\\/\",\"name\":\"Penser famille - Projet Espaces\",\"isPartOf\":{\"@id\":\"https:\\\/\\\/www.guides-sports-loisirs.ca\\\/projetespaces\\\/#website\"},\"datePublished\":\"2018-12-10T14:38:08+00:00\",\"dateModified\":\"2024-11-06T18:37:02+00:00\",\"breadcrumb\":{\"@id\":\"https:\\\/\\\/www.guides-sports-loisirs.ca\\\/projetespaces\\\/parcs-pour-tous\\\/penser-famille\\\/#breadcrumb\"},\"inLanguage\":\"fr-FR\",\"potentialAction\":[{\"@type\":\"ReadAction\",\"target\":[\"https:\\\/\\\/www.guides-sports-loisirs.ca\\\/projetespaces\\\/parcs-pour-tous\\\/penser-famille\\\/\"]}]},{\"@type\":\"BreadcrumbList\",\"@id\":\"https:\\\/\\\/www.guides-sports-loisirs.ca\\\/projetespaces\\\/parcs-pour-tous\\\/penser-famille\\\/#breadcrumb\",\"itemListElement\":[{\"@type\":\"ListItem\",\"position\":1,\"name\":\"Accueil\",\"item\":\"https:\\\/\\\/www.guides-sports-loisirs.ca\\\/projetespaces\\\/\"},{\"@type\":\"ListItem\",\"position\":2,\"name\":\"Parcs pour tous\",\"item\":\"https:\\\/\\\/www.guides-sports-loisirs.ca\\\/projetespaces\\\/parcs-pour-tous\\\/\"},{\"@type\":\"ListItem\",\"position\":3,\"name\":\"Penser famille\"}]},{\"@type\":\"WebSite\",\"@id\":\"https:\\\/\\\/www.guides-sports-loisirs.ca\\\/projetespaces\\\/#website\",\"url\":\"https:\\\/\\\/www.guides-sports-loisirs.ca\\\/projetespaces\\\/\",\"name\":\"Projet Espaces\",\"description\":\"\",\"potentialAction\":[{\"@type\":\"SearchAction\",\"target\":{\"@type\":\"EntryPoint\",\"urlTemplate\":\"https:\\\/\\\/www.guides-sports-loisirs.ca\\\/projetespaces\\\/?s={search_term_string}\"},\"query-input\":{\"@type\":\"PropertyValueSpecification\",\"valueRequired\":true,\"valueName\":\"search_term_string\"}}],\"inLanguage\":\"fr-FR\"}]}<\/script>\n<!-- \/ Yoast SEO plugin. -->","yoast_head_json":{"title":"Penser famille - Projet Espaces","robots":{"index":"index","follow":"follow","max-snippet":"max-snippet:-1","max-image-preview":"max-image-preview:large","max-video-preview":"max-video-preview:-1"},"canonical":"https:\/\/www.guides-sports-loisirs.ca\/projetespaces\/parcs-pour-tous\/penser-famille\/","og_locale":"fr_FR","og_type":"article","og_title":"Penser famille - Projet Espaces","og_description":"[vc_row row_height_percent=\u00a0\u00bb0&Prime; override_padding=\u00a0\u00bbyes\u00a0\u00bb h_padding=\u00a0\u00bb2&Prime; top_padding=\u00a0\u00bb3&Prime; bottom_padding=\u00a0\u00bb2&Prime; overlay_alpha=\u00a0\u00bb50&Prime; gutter_size=\u00a0\u00bb3&Prime; shift_y=\u00a0\u00bb0&Prime;][vc_column column_width_use_pixel=\u00a0\u00bbyes\u00a0\u00bb gutter_size=\u00a0\u00bb3&Prime; overlay_alpha=\u00a0\u00bb50&Prime; shift_x=\u00a0\u00bb0&Prime; shift_y=\u00a0\u00bb0&Prime; z_index=\u00a0\u00bb0&Prime; medium_width=\u00a0\u00bb0&Prime; width=\u00a0\u00bb1\/1&Prime; column_width_pixel=\u00a0\u00bb800&Prime;][vc_column_text]Les mod\u00e8les familiaux [&hellip;]","og_url":"https:\/\/www.guides-sports-loisirs.ca\/projetespaces\/parcs-pour-tous\/penser-famille\/","og_site_name":"Projet Espaces","article_modified_time":"2024-11-06T18:37:02+00:00","twitter_card":"summary_large_image","twitter_misc":{"Dur\u00e9e de lecture estim\u00e9e":"8 minutes"},"schema":{"@context":"https:\/\/schema.org","@graph":[{"@type":"WebPage","@id":"https:\/\/www.guides-sports-loisirs.ca\/projetespaces\/parcs-pour-tous\/penser-famille\/","url":"https:\/\/www.guides-sports-loisirs.ca\/projetespaces\/parcs-pour-tous\/penser-famille\/","name":"Penser famille - Projet Espaces","isPartOf":{"@id":"https:\/\/www.guides-sports-loisirs.ca\/projetespaces\/#website"},"datePublished":"2018-12-10T14:38:08+00:00","dateModified":"2024-11-06T18:37:02+00:00","breadcrumb":{"@id":"https:\/\/www.guides-sports-loisirs.ca\/projetespaces\/parcs-pour-tous\/penser-famille\/#breadcrumb"},"inLanguage":"fr-FR","potentialAction":[{"@type":"ReadAction","target":["https:\/\/www.guides-sports-loisirs.ca\/projetespaces\/parcs-pour-tous\/penser-famille\/"]}]},{"@type":"BreadcrumbList","@id":"https:\/\/www.guides-sports-loisirs.ca\/projetespaces\/parcs-pour-tous\/penser-famille\/#breadcrumb","itemListElement":[{"@type":"ListItem","position":1,"name":"Accueil","item":"https:\/\/www.guides-sports-loisirs.ca\/projetespaces\/"},{"@type":"ListItem","position":2,"name":"Parcs pour tous","item":"https:\/\/www.guides-sports-loisirs.ca\/projetespaces\/parcs-pour-tous\/"},{"@type":"ListItem","position":3,"name":"Penser famille"}]},{"@type":"WebSite","@id":"https:\/\/www.guides-sports-loisirs.ca\/projetespaces\/#website","url":"https:\/\/www.guides-sports-loisirs.ca\/projetespaces\/","name":"Projet Espaces","description":"","potentialAction":[{"@type":"SearchAction","target":{"@type":"EntryPoint","urlTemplate":"https:\/\/www.guides-sports-loisirs.ca\/projetespaces\/?s={search_term_string}"},"query-input":{"@type":"PropertyValueSpecification","valueRequired":true,"valueName":"search_term_string"}}],"inLanguage":"fr-FR"}]}},"_links":{"self":[{"href":"https:\/\/www.guides-sports-loisirs.ca\/projetespaces\/wp-json\/wp\/v2\/pages\/1023","targetHints":{"allow":["GET"]}}],"collection":[{"href":"https:\/\/www.guides-sports-loisirs.ca\/projetespaces\/wp-json\/wp\/v2\/pages"}],"about":[{"href":"https:\/\/www.guides-sports-loisirs.ca\/projetespaces\/wp-json\/wp\/v2\/types\/page"}],"author":[{"embeddable":true,"href":"https:\/\/www.guides-sports-loisirs.ca\/projetespaces\/wp-json\/wp\/v2\/users\/11"}],"replies":[{"embeddable":true,"href":"https:\/\/www.guides-sports-loisirs.ca\/projetespaces\/wp-json\/wp\/v2\/comments?post=1023"}],"version-history":[{"count":12,"href":"https:\/\/www.guides-sports-loisirs.ca\/projetespaces\/wp-json\/wp\/v2\/pages\/1023\/revisions"}],"predecessor-version":[{"id":2368,"href":"https:\/\/www.guides-sports-loisirs.ca\/projetespaces\/wp-json\/wp\/v2\/pages\/1023\/revisions\/2368"}],"up":[{"embeddable":true,"href":"https:\/\/www.guides-sports-loisirs.ca\/projetespaces\/wp-json\/wp\/v2\/pages\/799"}],"wp:attachment":[{"href":"https:\/\/www.guides-sports-loisirs.ca\/projetespaces\/wp-json\/wp\/v2\/media?parent=1023"}],"curies":[{"name":"wp","href":"https:\/\/api.w.org\/{rel}","templated":true}]}}