{"id":1002,"date":"2018-12-07T14:22:36","date_gmt":"2018-12-07T19:22:36","guid":{"rendered":"https:\/\/www.guides-sports-loisirs.ca\/projetespaces\/?page_id=1002"},"modified":"2024-11-06T10:46:41","modified_gmt":"2024-11-06T15:46:41","slug":"evaluation","status":"publish","type":"page","link":"https:\/\/www.guides-sports-loisirs.ca\/projetespaces\/processus-gestion-parcs\/evaluation\/","title":{"rendered":"L\u2019\u00e9valuation"},"content":{"rendered":"<div class=\"wpb-content-wrapper\"><p>[vc_row row_height_percent=\u00a0\u00bb0&Prime; override_padding=\u00a0\u00bbyes\u00a0\u00bb h_padding=\u00a0\u00bb2&Prime; top_padding=\u00a0\u00bb3&Prime; bottom_padding=\u00a0\u00bb2&Prime; overlay_alpha=\u00a0\u00bb50&Prime; gutter_size=\u00a0\u00bb3&Prime; shift_y=\u00a0\u00bb0&Prime;][vc_column column_width_use_pixel=\u00a0\u00bbyes\u00a0\u00bb gutter_size=\u00a0\u00bb3&Prime; overlay_alpha=\u00a0\u00bb50&Prime; shift_x=\u00a0\u00bb0&Prime; shift_y=\u00a0\u00bb0&Prime; z_index=\u00a0\u00bb0&Prime; medium_width=\u00a0\u00bb0&Prime; width=\u00a0\u00bb1\/1&Prime; column_width_pixel=\u00a0\u00bb800&Prime;][vc_column_text]L\u2019\u00e9valuation se partage en trois types\u00a0: l\u2019\u00e9valuation continue, l\u2019\u00e9valuation p\u00e9riodique et l\u2019\u00e9valuation syst\u00e9matique du r\u00e9seau. Chaque type requiert des moyens distinctifs.<\/p>\n<p><strong>L\u2019\u00e9valuation continue<\/strong> est la collecte r\u00e9guli\u00e8re de donn\u00e9es \u00e0 partir des observations des employ\u00e9s, des commentaires ou plaintes des usagers, des inspections de terrain et d\u2019\u00e9quipements, et des situations impr\u00e9vues (incidents, accidents, intemp\u00e9ries). Elle permet d\u2019apporter des correctifs rapides pour que le r\u00e9seau et chaque parc fonctionnent bien et continuent d\u2019attirer les groupes de population auxquels ils sont destin\u00e9s.<\/p>\n<p><strong>L\u2019\u00e9valuation p\u00e9riodique<\/strong> est une op\u00e9ration plus compl\u00e8te qui peut \u00eatre annuelle, mais la planification peut la pr\u00e9voir tous les deux ans ou m\u00eame trois ans. Il s\u2019agit ici d\u2019\u00e9valuer tous les aspects du r\u00e9seau et de chacun des parcs\u00a0: nature (flore et faune), infrastructures (sentiers et all\u00e9es, b\u00e2timents, signalisation, cl\u00f4tures, etc.), \u00e9quipements d\u2019aire de jeu, \u00e9l\u00e9ments p\u00e9riph\u00e9riques et voies de circulation entre les parcs, accessibilit\u00e9, s\u00e9curit\u00e9, fr\u00e9quentation, satisfaction des usagers, satisfaction des partenaires\u2026 Une telle \u00e9valuation peut conduire \u00e0 des changements importants, qu\u2019il s\u2019agisse de la vocation de certains parcs, de leur configuration, de la nature des \u00e9quipements ou des services offerts.<\/p>\n<p><strong>L\u2019\u00e9valuation syst\u00e9matique<\/strong> est enfin une op\u00e9ration globale qui devrait normalement \u00eatre pr\u00e9vue dans le plan initial. Elle consiste \u00e0 examiner les fonctions de chaque parc avec les indices de fr\u00e9quentation, \u00e0 \u00e9valuer la compl\u00e9mentarit\u00e9 des fonctions d\u2019un parc \u00e0 l\u2019autre, \u00e0 voir aussi si ces parcs sont bien reli\u00e9s entre eux et avec d\u2019autres lieux publics. Le nombre de parcs est-il suffisant? Ces parcs sont-ils judicieusement r\u00e9partis? Cette \u00e9valuation peut aboutir \u00e0 un nouveau plan g\u00e9n\u00e9ral.[\/vc_column_text][vc_accordion][vc_accordion_tab title=\u00a0\u00bb\u00c9valuation continue\u00a0\u00bb tab_id=\u00a0\u00bb3449a988-ec7e-10&Prime;][vc_column_text]Collecte r\u00e9guli\u00e8re de donn\u00e9es \u00e0 partir de\u00a0:<\/p>\n<ul>\n<li>inspections de terrain et d\u2019\u00e9quipements,<\/li>\n<li>observations des employ\u00e9s,<\/li>\n<li>commentaires ou plaintes des usagers,<\/li>\n<li>rapports d\u2019incidents ou d\u2019accidents.<\/li>\n<\/ul>\n<p>Il importe d\u2019analyser ces donn\u00e9es au moins une fois par ann\u00e9e \u2013 ce peut \u00eatre pendant la p\u00e9riode de moindre achalandage ou de fermeture \u2013 en vue d\u2019apporter des correctifs qui permettent d\u2019assurer l\u2019utilisation des parcs en toute s\u00e9curit\u00e9 et m\u00eame d\u2019accro\u00eetre leur fr\u00e9quentation.[\/vc_column_text][\/vc_accordion_tab][vc_accordion_tab title=\u00a0\u00bb\u00c9valuation p\u00e9riodique\u00a0\u00bb tab_id=\u00a0\u00bbeab82627-5bba-9&Prime;][vc_column_text]Il s\u2019agit d\u2019\u00e9valuer tous les aspects du r\u00e9seau et de chacun des parcs, notamment\u00a0:<\/p>\n<ul>\n<li>\u00e9l\u00e9ments naturels (espaces verts, flore, faune, plans d\u2019eau)\u00a0: diversit\u00e9, maladies (arbres en particulier), salubrit\u00e9 de l\u2019eau, qualit\u00e9 de l\u2019air, etc.<\/li>\n<li>infrastructures (sentiers et all\u00e9es, b\u00e2timents, signalisation, cl\u00f4tures)\u00a0: fonctionnalit\u00e9, usure ou d\u00e9t\u00e9rioration, besoins de r\u00e9paration ou de peinture, etc.<\/li>\n<li>\u00e9quipements d\u2019aire de jeu\u00a0: bon fonctionnement, s\u00e9curit\u00e9, utilisation, etc.<\/li>\n<li>\u00e9l\u00e9ments p\u00e9riph\u00e9riques et voies de circulation entre les parcs\u00a0: achalandage et probl\u00e8mes particuliers (partage entre diff\u00e9rents types d\u2019usagers), etc.<\/li>\n<li>accessibilit\u00e9\u00a0: dans chacune de ses dimensions (temporelle, spatiale, \u00e9conomique, culturelle, sociale), accessibilit\u00e9 universelle<\/li>\n<li>s\u00e9curit\u00e9\u00a0: \u00e9clairage, visibilit\u00e9, surveillance, acc\u00e8s \u00e0 l\u2019aide, incidents, vandalisme, etc.<\/li>\n<li>fr\u00e9quentation\u00a0: g\u00e9n\u00e9rale, par groupe d\u2019\u00e2ge, activit\u00e9s libres, activit\u00e9s familiales, activit\u00e9s organis\u00e9es, assistance aux \u00e9v\u00e9nements, etc.<\/li>\n<li>satisfaction des usagers\u00a0: sondage<\/li>\n<li>satisfaction des partenaires\u00a0: sondage<\/li>\n<\/ul>\n<p>Cette \u00e9valuation peut conduire \u00e0 des changements importants, qu\u2019il s\u2019agisse de la vocation de certains parcs, de leur configuration, de la nature des \u00e9quipements ou des services offerts.[\/vc_column_text][\/vc_accordion_tab][vc_accordion_tab title=\u00a0\u00bb\u00c9valuation syst\u00e9matique\u00a0\u00bb tab_id=\u00a0\u00bb9ee5981d-2552-0&Prime;][vc_column_text]Cette op\u00e9ration globale consiste \u00e0 examiner les fonctions de chaque parc avec les indices de fr\u00e9quentation, \u00e0 \u00e9valuer la compl\u00e9mentarit\u00e9 des fonctions d\u2019un parc \u00e0 l\u2019autre, \u00e0 voir aussi si ces parcs sont bien reli\u00e9s entre eux et avec d\u2019autres lieux publics.<\/p>\n<p>Deux diff\u00e9rences importantes avec l\u2019\u00e9valuation p\u00e9riodique\u00a0:<\/p>\n<ul>\n<li>Se fait uniquement apr\u00e8s plusieurs ann\u00e9es de fonctionnement du r\u00e9seau.<\/li>\n<li>Vision plus large, s\u2019attardant moins aux d\u00e9tails qu\u2019\u00e0 l\u2019ensemble\u00a0: attention particuli\u00e8re \u00e0 la compl\u00e9mentarit\u00e9 des parcs entre eux mais aussi des parcs avec d\u2019autres ressources r\u00e9cr\u00e9atives dans le milieu et \u00e0 l\u2019\u00e9chelle r\u00e9gionale.<\/li>\n<\/ul>\n<p>On devrait normalement se r\u00e9f\u00e9rer au plan pour v\u00e9rifier si les objectifs ont \u00e9t\u00e9 atteints et \u00e9valuer les indicateurs de succ\u00e8s. Il est important d\u2019analyser notamment l\u2019\u00e9volution de\u00a0:<\/p>\n<ul>\n<li>la conformit\u00e9 de chaque parc \u00e0 sa vocation pr\u00e9vue,<\/li>\n<li>la fr\u00e9quentation,<\/li>\n<li>la vari\u00e9t\u00e9 des pratiques,<\/li>\n<li>l\u2019appr\u00e9ciation par les usagers,<\/li>\n<li>la satisfaction des organismes partenaires,<\/li>\n<li>la participation aux \u00e9v\u00e9nements,<\/li>\n<li>la \u00ab\u00a0sant\u00e9\u00a0\u00bb des milieux naturels que constituent les parcs,<\/li>\n<li>l\u2019accessibilit\u00e9,<\/li>\n<li>la s\u00e9curit\u00e9,<\/li>\n<li>l\u2019impact \u00e9conomique,<\/li>\n<li>l\u2019impact \u00e9cologique,<\/li>\n<li>l\u2019impact social.<\/li>\n<\/ul>\n<p>L\u2019exercice devrait avoir pour base principale tous les rapports d\u2019\u00e9valuation p\u00e9riodique et permettre de r\u00e9pondre \u00e0 la question\u00a0: \u00ab\u00a0Au d\u00e9but de la mise en \u0153uvre du plan nous en \u00e9tions l\u00e0, maintenant nous sommes ici.\u00a0\u00bb[\/vc_column_text][\/vc_accordion_tab][\/vc_accordion][vc_empty_space empty_h=\u00a0\u00bb2&Prime;][vc_column_text]Novembre 2018[\/vc_column_text][\/vc_column][\/vc_row][vc_row row_height_percent=\u00a0\u00bb0&Prime; override_padding=\u00a0\u00bbyes\u00a0\u00bb h_padding=\u00a0\u00bb2&Prime; top_padding=\u00a0\u00bb2&Prime; bottom_padding=\u00a0\u00bb2&Prime; overlay_alpha=\u00a0\u00bb50&Prime; gutter_size=\u00a0\u00bb3&Prime; shift_y=\u00a0\u00bb0&Prime;][vc_column column_width_use_pixel=\u00a0\u00bbyes\u00a0\u00bb gutter_size=\u00a0\u00bb2&Prime; overlay_alpha=\u00a0\u00bb50&Prime; shift_x=\u00a0\u00bb0&Prime; shift_y=\u00a0\u00bb0&Prime; z_index=\u00a0\u00bb0&Prime; medium_width=\u00a0\u00bb0&Prime; width=\u00a0\u00bb1\/1&Prime; column_width_pixel=\u00a0\u00bb800&Prime;][vc_button button_color=\u00a0\u00bbaccent\u00a0\u00bb size=\u00a0\u00bbbtn-lg\u00a0\u00bb radius=\u00a0\u00bbbtn-circle\u00a0\u00bb border_width=\u00a0\u00bb0&Prime; icon_position=\u00a0\u00bbright\u00a0\u00bb link=\u00a0\u00bburl:https%3A%2F%2Fwww.guides-sports-loisirs.ca%2Fprojetespaces%2Fwp-content%2Fuploads%2Fsites%2F8%2F2024%2F11%2F5.10_ProGestion_Evaluation.pdf||target:%20_blank|\u00a0\u00bb icon=\u00a0\u00bbfa fa-file-o\u00a0\u00bb]Version PDF[\/vc_button][\/vc_column][\/vc_row]<\/p>\n<\/div>","protected":false},"excerpt":{"rendered":"<p>[vc_row row_height_percent=\u00a0\u00bb0&Prime; override_padding=\u00a0\u00bbyes\u00a0\u00bb h_padding=\u00a0\u00bb2&Prime; top_padding=\u00a0\u00bb3&Prime; bottom_padding=\u00a0\u00bb2&Prime; overlay_alpha=\u00a0\u00bb50&Prime; gutter_size=\u00a0\u00bb3&Prime; shift_y=\u00a0\u00bb0&Prime;][vc_column column_width_use_pixel=\u00a0\u00bbyes\u00a0\u00bb gutter_size=\u00a0\u00bb3&Prime; overlay_alpha=\u00a0\u00bb50&Prime; shift_x=\u00a0\u00bb0&Prime; shift_y=\u00a0\u00bb0&Prime; z_index=\u00a0\u00bb0&Prime; medium_width=\u00a0\u00bb0&Prime; width=\u00a0\u00bb1\/1&Prime; column_width_pixel=\u00a0\u00bb800&Prime;][vc_column_text]L\u2019\u00e9valuation se partage [&hellip;]<\/p>\n","protected":false},"author":11,"featured_media":0,"parent":286,"menu_order":0,"comment_status":"closed","ping_status":"closed","template":"","meta":{"_acf_changed":false,"footnotes":""},"class_list":["post-1002","page","type-page","status-publish","hentry"],"acf":[],"yoast_head":"<!-- This site is optimized with the Yoast SEO plugin v27.4 - https:\/\/yoast.com\/product\/yoast-seo-wordpress\/ -->\n<title>L\u2019\u00e9valuation - Projet Espaces<\/title>\n<meta name=\"robots\" content=\"index, follow, max-snippet:-1, max-image-preview:large, max-video-preview:-1\" \/>\n<link rel=\"canonical\" href=\"https:\/\/www.guides-sports-loisirs.ca\/projetespaces\/processus-gestion-parcs\/evaluation\/\" \/>\n<meta property=\"og:locale\" content=\"fr_FR\" \/>\n<meta property=\"og:type\" content=\"article\" \/>\n<meta property=\"og:title\" content=\"L\u2019\u00e9valuation - Projet Espaces\" \/>\n<meta property=\"og:description\" content=\"[vc_row row_height_percent=\u00a0\u00bb0&Prime; override_padding=\u00a0\u00bbyes\u00a0\u00bb h_padding=\u00a0\u00bb2&Prime; top_padding=\u00a0\u00bb3&Prime; bottom_padding=\u00a0\u00bb2&Prime; overlay_alpha=\u00a0\u00bb50&Prime; gutter_size=\u00a0\u00bb3&Prime; shift_y=\u00a0\u00bb0&Prime;][vc_column column_width_use_pixel=\u00a0\u00bbyes\u00a0\u00bb gutter_size=\u00a0\u00bb3&Prime; overlay_alpha=\u00a0\u00bb50&Prime; shift_x=\u00a0\u00bb0&Prime; shift_y=\u00a0\u00bb0&Prime; z_index=\u00a0\u00bb0&Prime; medium_width=\u00a0\u00bb0&Prime; width=\u00a0\u00bb1\/1&Prime; column_width_pixel=\u00a0\u00bb800&Prime;][vc_column_text]L\u2019\u00e9valuation se partage [&hellip;]\" \/>\n<meta property=\"og:url\" content=\"https:\/\/www.guides-sports-loisirs.ca\/projetespaces\/processus-gestion-parcs\/evaluation\/\" \/>\n<meta property=\"og:site_name\" content=\"Projet Espaces\" \/>\n<meta property=\"article:modified_time\" content=\"2024-11-06T15:46:41+00:00\" \/>\n<meta name=\"twitter:card\" content=\"summary_large_image\" \/>\n<meta name=\"twitter:label1\" content=\"Dur\u00e9e de lecture estim\u00e9e\" \/>\n\t<meta name=\"twitter:data1\" content=\"4 minutes\" \/>\n<script type=\"application\/ld+json\" class=\"yoast-schema-graph\">{\"@context\":\"https:\\\/\\\/schema.org\",\"@graph\":[{\"@type\":\"WebPage\",\"@id\":\"https:\\\/\\\/www.guides-sports-loisirs.ca\\\/projetespaces\\\/processus-gestion-parcs\\\/evaluation\\\/\",\"url\":\"https:\\\/\\\/www.guides-sports-loisirs.ca\\\/projetespaces\\\/processus-gestion-parcs\\\/evaluation\\\/\",\"name\":\"L\u2019\u00e9valuation - Projet Espaces\",\"isPartOf\":{\"@id\":\"https:\\\/\\\/www.guides-sports-loisirs.ca\\\/projetespaces\\\/#website\"},\"datePublished\":\"2018-12-07T19:22:36+00:00\",\"dateModified\":\"2024-11-06T15:46:41+00:00\",\"breadcrumb\":{\"@id\":\"https:\\\/\\\/www.guides-sports-loisirs.ca\\\/projetespaces\\\/processus-gestion-parcs\\\/evaluation\\\/#breadcrumb\"},\"inLanguage\":\"fr-FR\",\"potentialAction\":[{\"@type\":\"ReadAction\",\"target\":[\"https:\\\/\\\/www.guides-sports-loisirs.ca\\\/projetespaces\\\/processus-gestion-parcs\\\/evaluation\\\/\"]}]},{\"@type\":\"BreadcrumbList\",\"@id\":\"https:\\\/\\\/www.guides-sports-loisirs.ca\\\/projetespaces\\\/processus-gestion-parcs\\\/evaluation\\\/#breadcrumb\",\"itemListElement\":[{\"@type\":\"ListItem\",\"position\":1,\"name\":\"Accueil\",\"item\":\"https:\\\/\\\/www.guides-sports-loisirs.ca\\\/projetespaces\\\/\"},{\"@type\":\"ListItem\",\"position\":2,\"name\":\"Processus de gestion des parcs\",\"item\":\"https:\\\/\\\/www.guides-sports-loisirs.ca\\\/projetespaces\\\/processus-gestion-parcs\\\/\"},{\"@type\":\"ListItem\",\"position\":3,\"name\":\"L\u2019\u00e9valuation\"}]},{\"@type\":\"WebSite\",\"@id\":\"https:\\\/\\\/www.guides-sports-loisirs.ca\\\/projetespaces\\\/#website\",\"url\":\"https:\\\/\\\/www.guides-sports-loisirs.ca\\\/projetespaces\\\/\",\"name\":\"Projet Espaces\",\"description\":\"\",\"potentialAction\":[{\"@type\":\"SearchAction\",\"target\":{\"@type\":\"EntryPoint\",\"urlTemplate\":\"https:\\\/\\\/www.guides-sports-loisirs.ca\\\/projetespaces\\\/?s={search_term_string}\"},\"query-input\":{\"@type\":\"PropertyValueSpecification\",\"valueRequired\":true,\"valueName\":\"search_term_string\"}}],\"inLanguage\":\"fr-FR\"}]}<\/script>\n<!-- \/ Yoast SEO plugin. -->","yoast_head_json":{"title":"L\u2019\u00e9valuation - Projet Espaces","robots":{"index":"index","follow":"follow","max-snippet":"max-snippet:-1","max-image-preview":"max-image-preview:large","max-video-preview":"max-video-preview:-1"},"canonical":"https:\/\/www.guides-sports-loisirs.ca\/projetespaces\/processus-gestion-parcs\/evaluation\/","og_locale":"fr_FR","og_type":"article","og_title":"L\u2019\u00e9valuation - Projet Espaces","og_description":"[vc_row row_height_percent=\u00a0\u00bb0&Prime; override_padding=\u00a0\u00bbyes\u00a0\u00bb h_padding=\u00a0\u00bb2&Prime; top_padding=\u00a0\u00bb3&Prime; bottom_padding=\u00a0\u00bb2&Prime; overlay_alpha=\u00a0\u00bb50&Prime; gutter_size=\u00a0\u00bb3&Prime; shift_y=\u00a0\u00bb0&Prime;][vc_column column_width_use_pixel=\u00a0\u00bbyes\u00a0\u00bb gutter_size=\u00a0\u00bb3&Prime; overlay_alpha=\u00a0\u00bb50&Prime; shift_x=\u00a0\u00bb0&Prime; shift_y=\u00a0\u00bb0&Prime; z_index=\u00a0\u00bb0&Prime; medium_width=\u00a0\u00bb0&Prime; width=\u00a0\u00bb1\/1&Prime; column_width_pixel=\u00a0\u00bb800&Prime;][vc_column_text]L\u2019\u00e9valuation se partage [&hellip;]","og_url":"https:\/\/www.guides-sports-loisirs.ca\/projetespaces\/processus-gestion-parcs\/evaluation\/","og_site_name":"Projet Espaces","article_modified_time":"2024-11-06T15:46:41+00:00","twitter_card":"summary_large_image","twitter_misc":{"Dur\u00e9e de lecture estim\u00e9e":"4 minutes"},"schema":{"@context":"https:\/\/schema.org","@graph":[{"@type":"WebPage","@id":"https:\/\/www.guides-sports-loisirs.ca\/projetespaces\/processus-gestion-parcs\/evaluation\/","url":"https:\/\/www.guides-sports-loisirs.ca\/projetespaces\/processus-gestion-parcs\/evaluation\/","name":"L\u2019\u00e9valuation - Projet Espaces","isPartOf":{"@id":"https:\/\/www.guides-sports-loisirs.ca\/projetespaces\/#website"},"datePublished":"2018-12-07T19:22:36+00:00","dateModified":"2024-11-06T15:46:41+00:00","breadcrumb":{"@id":"https:\/\/www.guides-sports-loisirs.ca\/projetespaces\/processus-gestion-parcs\/evaluation\/#breadcrumb"},"inLanguage":"fr-FR","potentialAction":[{"@type":"ReadAction","target":["https:\/\/www.guides-sports-loisirs.ca\/projetespaces\/processus-gestion-parcs\/evaluation\/"]}]},{"@type":"BreadcrumbList","@id":"https:\/\/www.guides-sports-loisirs.ca\/projetespaces\/processus-gestion-parcs\/evaluation\/#breadcrumb","itemListElement":[{"@type":"ListItem","position":1,"name":"Accueil","item":"https:\/\/www.guides-sports-loisirs.ca\/projetespaces\/"},{"@type":"ListItem","position":2,"name":"Processus de gestion des parcs","item":"https:\/\/www.guides-sports-loisirs.ca\/projetespaces\/processus-gestion-parcs\/"},{"@type":"ListItem","position":3,"name":"L\u2019\u00e9valuation"}]},{"@type":"WebSite","@id":"https:\/\/www.guides-sports-loisirs.ca\/projetespaces\/#website","url":"https:\/\/www.guides-sports-loisirs.ca\/projetespaces\/","name":"Projet Espaces","description":"","potentialAction":[{"@type":"SearchAction","target":{"@type":"EntryPoint","urlTemplate":"https:\/\/www.guides-sports-loisirs.ca\/projetespaces\/?s={search_term_string}"},"query-input":{"@type":"PropertyValueSpecification","valueRequired":true,"valueName":"search_term_string"}}],"inLanguage":"fr-FR"}]}},"_links":{"self":[{"href":"https:\/\/www.guides-sports-loisirs.ca\/projetespaces\/wp-json\/wp\/v2\/pages\/1002","targetHints":{"allow":["GET"]}}],"collection":[{"href":"https:\/\/www.guides-sports-loisirs.ca\/projetespaces\/wp-json\/wp\/v2\/pages"}],"about":[{"href":"https:\/\/www.guides-sports-loisirs.ca\/projetespaces\/wp-json\/wp\/v2\/types\/page"}],"author":[{"embeddable":true,"href":"https:\/\/www.guides-sports-loisirs.ca\/projetespaces\/wp-json\/wp\/v2\/users\/11"}],"replies":[{"embeddable":true,"href":"https:\/\/www.guides-sports-loisirs.ca\/projetespaces\/wp-json\/wp\/v2\/comments?post=1002"}],"version-history":[{"count":7,"href":"https:\/\/www.guides-sports-loisirs.ca\/projetespaces\/wp-json\/wp\/v2\/pages\/1002\/revisions"}],"predecessor-version":[{"id":2314,"href":"https:\/\/www.guides-sports-loisirs.ca\/projetespaces\/wp-json\/wp\/v2\/pages\/1002\/revisions\/2314"}],"up":[{"embeddable":true,"href":"https:\/\/www.guides-sports-loisirs.ca\/projetespaces\/wp-json\/wp\/v2\/pages\/286"}],"wp:attachment":[{"href":"https:\/\/www.guides-sports-loisirs.ca\/projetespaces\/wp-json\/wp\/v2\/media?parent=1002"}],"curies":[{"name":"wp","href":"https:\/\/api.w.org\/{rel}","templated":true}]}}