{"id":3172,"date":"2020-08-17T11:43:41","date_gmt":"2020-08-17T15:43:41","guid":{"rendered":"https:\/\/www.guides-sports-loisirs.ca\/piscines-et-pataugeoires\/?page_id=3172"},"modified":"2020-08-17T13:52:41","modified_gmt":"2020-08-17T17:52:41","slug":"procedure-en-cas-accidents-fecaux-vomitifs","status":"publish","type":"page","link":"https:\/\/www.guides-sports-loisirs.ca\/piscines-et-pataugeoires\/surveillance-mesures-urgence\/procedure-en-cas-accidents-fecaux-vomitifs\/","title":{"rendered":"Proc\u00e9dure en cas d\u2019accidents f\u00e9caux ou vomitifs"},"content":{"rendered":"<div class=\"wpb-content-wrapper\"><p>[vc_row][vc_column width=\u00a0\u00bb1\/1&Prime;][vc_column_text]Lorsqu\u2019un accident f\u00e9cal ou vomitif se produit, il est important de r\u00e9agir rapidement, car des parasites tels que giardia ou cryptosporidium peuvent contaminer l\u2019eau du bassin. Ces parasites sont davantage r\u00e9sistants au chlore et peuvent provoquer des maladies gastro-intestinales.<\/p>\n<p>Une personne en contact avec ces parasites ne sera pas automatiquement malade, mais il est important de prendre les pr\u00e9cautions n\u00e9cessaires.<\/p>\n<p>Les diarrh\u00e9es sont beaucoup plus contaminantes que les selles solides et les vomissements, en raison de la pr\u00e9sence possible de cryptosporidium. L\u2019intervention requise pour ce type d\u2019accident sera donc plus importante.[\/vc_column_text][\/vc_column][\/vc_row][vc_row][vc_column width=\u00a0\u00bb1\/1&Prime;][vc_accordion active_tab=\u00a0\u00bb0&Prime;][vc_accordion_tab title=\u00a0\u00bbQUE FAIRE EN CAS D\u2019ACCIDENT IMPLIQUANT DES SELLES SOLIDES OU DES VOMISSEMENTS?\u00a0\u00bb][vc_column_text]<\/p>\n<ol>\n<li>Faire sortir les personnes du bassin.<\/li>\n<li>Arr\u00eater la circulation de l\u2019eau.<\/li>\n<li>Enlever les mati\u00e8res solides sans les briser et les \u00e9liminer de fa\u00e7on hygi\u00e9nique. Les mati\u00e8res peuvent \u00eatre enlev\u00e9es \u00e0 l\u2019aide d\u2019un tamis ou d\u2019un contenant qui devra \u00eatre d\u00e9sinfect\u00e9. Par exemple, en le laissant immerg\u00e9 dans l\u2019eau durant la d\u00e9sinfection. Ne pas utiliser l\u2019aspirateur afin de ne pas contaminer le syst\u00e8me.<\/li>\n<li>Remettre en marche la circulation de l\u2019eau.<\/li>\n<li>R\u00e9gler le pH entre 7,2 et 7,5 et le maintenir dans cet intervalle durant toute la dur\u00e9e de la proc\u00e9dure.<\/li>\n<li>Ajuster le chlore libre :<br \/>\nSans stabilisant dans l\u2019eau : \u00e0 2 mg\/L et le maintenir durant 30 minutes<br \/>\nAvec stabilisant dans l\u2019eau : \u00e0 3 mg\/L et le maintenir durant 30 minutes<\/li>\n<li>Faire une analyse du chlore libre et du pH.<\/li>\n<li>Redonner acc\u00e8s au bassin lorsque les param\u00e8tres sont conformes au R\u00e8glement sur la qualit\u00e9 de l\u2019eau des piscines et autres bassins artificiels (article 5).<\/li>\n<\/ol>\n<p>[\/vc_column_text][\/vc_accordion_tab][vc_accordion_tab title=\u00a0\u00bbQUE FAIRE EN CAS DE D\u2019ACCIDENT IMPLIQUANT DES SELLES MOLLES (DIARRH\u00c9E) SANS STABILISANT DANS L\u2019EAU?\u00a0\u00bb][vc_column_text]<\/p>\n<ol>\n<li>Faire sortir toutes les personnes du bassin. Celui-ci doit \u00eatre ferm\u00e9 pour la journ\u00e9e.<\/li>\n<li>Arr\u00eater la circulation de l\u2019eau.<\/li>\n<li>Enlever les mati\u00e8res et les \u00e9liminer de fa\u00e7on hygi\u00e9nique. Les mati\u00e8res peuvent \u00eatre enlev\u00e9es \u00e0 l\u2019aide d\u2019un tamis ou d\u2019un contenant qui devra \u00eatre d\u00e9sinfect\u00e9. Par exemple, en le laissant immerg\u00e9 dans l\u2019eau durant la d\u00e9sinfection. Ne pas utiliser l\u2019aspirateur afin de ne pas contaminer le syst\u00e8me.<\/li>\n<li>Remettre en marche la circulation de l\u2019eau.<\/li>\n<li>R\u00e9gler le pH entre 7,2 et 7,5 et le maintenir dans cet intervalle durant toute la dur\u00e9e de la proc\u00e9dure.<\/li>\n<li>Ajuster le chlore libre en choisissant l\u2019une des deux options suivantes :<br \/>\n20 mg\/L : maintenir durant 12 \u00be heures<br \/>\n10 mg\/L : maintenir durant 25 \u00bd heures<\/li>\n<li>Faire un lavage \u00e0 contre-courant et \u00e9vacuer l\u2019eau de lavage \u00e0 l\u2019\u00e9gout.<\/li>\n<li>Analyser le chlore libre et le pH. Note : Une dilution de l\u2019\u00e9chantillon avant l\u2019analyse peut \u00eatre n\u00e9cessaire pour \u00eatre en mesure de bien calculer la concentration en chlore.<\/li>\n<li>Redonner acc\u00e8s au bassin lorsque les param\u00e8tres sont conformes au R\u00e8glement sur la qualit\u00e9 de l\u2019eau des piscines et autres bassins artificiels (article 5).<\/li>\n<\/ol>\n<p>[\/vc_column_text][vc_column_text css_animation=\u00a0\u00bbzoom-in\u00a0\u00bb animation_delay=\u00a0\u00bb600&Prime; border_color=\u00a0\u00bbcolor-131080&Prime; border_style=\u00a0\u00bbdashed\u00a0\u00bb css=\u00a0\u00bb.vc_custom_1597679577308{margin-top: 35px !important;padding-top: 7px !important;padding-right: 10px !important;padding-left: 10px !important;}\u00a0\u00bb el_class=\u00a0\u00bbbox-attention box-attention-1-line\u00a0\u00bb]<img decoding=\"async\" class=\"wp-image-2807 size-full alignleft\" src=\"https:\/\/www.guides-sports-loisirs.ca\/piscines-et-pataugeoires\/wp-content\/uploads\/sites\/12\/2020\/08\/exclamation.png\" alt=\"\" width=\"11\" height=\"30\" \/><\/p>\n<p><strong>On ne doit jamais utiliser de chlore stabilis\u00e9 pour effectuer les proc\u00e9dures de d\u00e9sinfection.<\/strong>[\/vc_column_text][\/vc_accordion_tab][vc_accordion_tab title=\u00a0\u00bbQUE FAIRE EN CAS DE DIARRH\u00c9E EN PR\u00c9SENCE DE STABILISANT DANS L\u2019EAU?\u00a0\u00bb][vc_column_text]<\/p>\n<ol>\n<li>Faire sortir toutes les personnes du bassin. Celui-ci doit alors \u00eatre ferm\u00e9 pour la journ\u00e9e.<\/li>\n<li>Arr\u00eater la circulation de l\u2019eau<\/li>\n<li>Enlever les mati\u00e8res et les \u00e9liminer de fa\u00e7on hygi\u00e9nique. Les mati\u00e8res peuvent \u00eatre enlev\u00e9es \u00e0 l\u2019aide d\u2019un tamis ou d\u2019un contenant qui devra \u00eatre d\u00e9sinfect\u00e9. Par exemple, en le laissant immerg\u00e9 dans l\u2019eau durant la d\u00e9sinfection. Ne pas utiliser l\u2019aspirateur afin de ne pas contaminer le syst\u00e8me.<\/li>\n<li>Remettre en marche la circulation de l\u2019eau.<\/li>\n<li>R\u00e9gler le pH entre 7,2 et 7,5 et le maintenir dans cet intervalle durant toute la dur\u00e9e de la proc\u00e9dure.<\/li>\n<li>Analyser la concentration de stabilisant (acide cyanurique). Si elle se situe entre 1 et 15 mg\/L, ajuster le chlore libre en choisissant l\u2019une des deux options suivantes :<br \/>\n20 mg\/L : maintenir durant 28 heures<br \/>\n30 mg\/L : maintenir durant 18 heures<br \/>\nSi la concentration d\u2019acide cyanurique est sup\u00e9rieure \u00e0 15 mg\/L, remplacer une partie de l\u2019eau du bassin avec de l\u2019eau en provenance de l\u2019aqueduc pour obtenir une concentration inf\u00e9rieure \u00e0 15 mg\/L, puis ajuster le chlore libre selon les indications ci-dessus.<\/li>\n<li>Faire un lavage \u00e0 contre-courant et \u00e9vacuer l\u2019eau de lavage \u00e0 l\u2019\u00e9gout.<\/li>\n<li>Analyser le chlore libre et le pH. Note : Une dilution de l\u2019\u00e9chantillon avant l\u2019analyse peut \u00eatre n\u00e9cessaire pour \u00eatre en mesure de bien calculer la concentration en chlore.<\/li>\n<li>Redonner acc\u00e8s au bassin lorsque les param\u00e8tres sont conformes au R\u00e8glement sur la qualit\u00e9 de l\u2019eau des piscines et autres bassins artificiels (article 5).<\/li>\n<\/ol>\n<p>[\/vc_column_text][vc_column_text css_animation=\u00a0\u00bbzoom-in\u00a0\u00bb animation_delay=\u00a0\u00bb600&Prime; border_color=\u00a0\u00bbcolor-131080&Prime; border_style=\u00a0\u00bbdashed\u00a0\u00bb css=\u00a0\u00bb.vc_custom_1597679446694{margin-top: 35px !important;padding-top: 7px !important;padding-right: 10px !important;padding-bottom: 7px !important;padding-left: 10px !important;}\u00a0\u00bb el_class=\u00a0\u00bbbox-attention\u00a0\u00bb]<img decoding=\"async\" class=\"wp-image-2807 size-full alignleft\" src=\"https:\/\/www.guides-sports-loisirs.ca\/piscines-et-pataugeoires\/wp-content\/uploads\/sites\/12\/2020\/08\/exclamation.png\" alt=\"\" width=\"11\" height=\"30\" \/><\/p>\n<p><strong>Lorsqu\u2019ajout\u00e9 \u00e0 l\u2019eau, le stabilisant (acide cyanurique) diminue le pouvoir d\u00e9sinfectant du chlore. C\u2019est la raison pour laquelle la proc\u00e9dure de d\u00e9sinfection est diff\u00e9rente en sa pr\u00e9sence.<\/strong>[\/vc_column_text][\/vc_accordion_tab][\/vc_accordion][\/vc_column][\/vc_row][vc_row][\/vc_row][vc_row row_height_percent=\u00a0\u00bb0&Prime; overlay_alpha=\u00a0\u00bb50&Prime; gutter_size=\u00a0\u00bb3&Prime; shift_y=\u00a0\u00bb0&Prime; css=\u00a0\u00bb.vc_custom_1569108843026{margin-bottom: 50px !important;}\u00a0\u00bb][vc_column width=\u00a0\u00bb1\/1&Prime;][vc_button button_color=\u00a0\u00bbaccent\u00a0\u00bb size=\u00a0\u00bbbtn-lg\u00a0\u00bb radius=\u00a0\u00bbbtn-circle\u00a0\u00bb link=\u00a0\u00bburl:https%3A%2F%2Fwww.guides-sports-loisirs.ca%2Fpiscines-et-pataugeoires%2Fwp-content%2Fuploads%2Fsites%2F12%2F2017%2F03%2F7.3_SurveillanceMesuresUrgences_ProcedureAccident_Web.pdf||target:%20_blank|\u00a0\u00bb icon=\u00a0\u00bbfa fa-file-o\u00a0\u00bb el_class=\u00a0\u00bbbtn-pdf\u00a0\u00bb]Version PDF[\/vc_button][\/vc_column][\/vc_row]<\/p>\n<\/div>","protected":false},"excerpt":{"rendered":"<p>[vc_row][vc_column width=\u00a0\u00bb1\/1&Prime;][vc_column_text]Lorsqu\u2019un accident f\u00e9cal ou vomitif se produit, il est important de r\u00e9agir rapidement, car des parasites tels que giardia [&hellip;]<\/p>\n","protected":false},"author":11,"featured_media":0,"parent":3150,"menu_order":3,"comment_status":"closed","ping_status":"closed","template":"","meta":{"_acf_changed":false,"footnotes":""},"class_list":["post-3172","page","type-page","status-publish","hentry"],"acf":[],"yoast_head":"<!-- This site is optimized with the Yoast SEO plugin v27.2 - https:\/\/yoast.com\/product\/yoast-seo-wordpress\/ -->\n<title>Proc\u00e9dure en cas d\u2019accidents f\u00e9caux ou vomitifs - Piscines et pataugeoires<\/title>\n<meta name=\"robots\" content=\"index, follow, max-snippet:-1, max-image-preview:large, max-video-preview:-1\" \/>\n<link rel=\"canonical\" href=\"https:\/\/www.guides-sports-loisirs.ca\/piscines-et-pataugeoires\/surveillance-mesures-urgence\/procedure-en-cas-accidents-fecaux-vomitifs\/\" \/>\n<meta property=\"og:locale\" content=\"fr_FR\" \/>\n<meta property=\"og:type\" content=\"article\" \/>\n<meta property=\"og:title\" content=\"Proc\u00e9dure en cas d\u2019accidents f\u00e9caux ou vomitifs - Piscines et pataugeoires\" \/>\n<meta property=\"og:description\" content=\"[vc_row][vc_column width=\u00a0\u00bb1\/1&Prime;][vc_column_text]Lorsqu\u2019un accident f\u00e9cal ou vomitif se produit, il est important de r\u00e9agir rapidement, car des parasites tels que giardia [&hellip;]\" \/>\n<meta property=\"og:url\" content=\"https:\/\/www.guides-sports-loisirs.ca\/piscines-et-pataugeoires\/surveillance-mesures-urgence\/procedure-en-cas-accidents-fecaux-vomitifs\/\" \/>\n<meta property=\"og:site_name\" content=\"Piscines et pataugeoires\" \/>\n<meta property=\"article:modified_time\" content=\"2020-08-17T17:52:41+00:00\" \/>\n<meta property=\"og:image\" content=\"https:\/\/www.guides-sports-loisirs.ca\/piscines-et-pataugeoires\/wp-content\/uploads\/sites\/12\/2020\/08\/exclamation.png\" \/>\n<meta name=\"twitter:card\" content=\"summary_large_image\" \/>\n<meta name=\"twitter:label1\" content=\"Dur\u00e9e de lecture estim\u00e9e\" \/>\n\t<meta name=\"twitter:data1\" content=\"5 minutes\" \/>\n<script type=\"application\/ld+json\" class=\"yoast-schema-graph\">{\"@context\":\"https:\/\/schema.org\",\"@graph\":[{\"@type\":\"WebPage\",\"@id\":\"https:\/\/www.guides-sports-loisirs.ca\/piscines-et-pataugeoires\/surveillance-mesures-urgence\/procedure-en-cas-accidents-fecaux-vomitifs\/\",\"url\":\"https:\/\/www.guides-sports-loisirs.ca\/piscines-et-pataugeoires\/surveillance-mesures-urgence\/procedure-en-cas-accidents-fecaux-vomitifs\/\",\"name\":\"Proc\u00e9dure en cas d\u2019accidents f\u00e9caux ou vomitifs - Piscines et pataugeoires\",\"isPartOf\":{\"@id\":\"https:\/\/www.guides-sports-loisirs.ca\/piscines-et-pataugeoires\/#website\"},\"primaryImageOfPage\":{\"@id\":\"https:\/\/www.guides-sports-loisirs.ca\/piscines-et-pataugeoires\/surveillance-mesures-urgence\/procedure-en-cas-accidents-fecaux-vomitifs\/#primaryimage\"},\"image\":{\"@id\":\"https:\/\/www.guides-sports-loisirs.ca\/piscines-et-pataugeoires\/surveillance-mesures-urgence\/procedure-en-cas-accidents-fecaux-vomitifs\/#primaryimage\"},\"thumbnailUrl\":\"https:\/\/www.guides-sports-loisirs.ca\/piscines-et-pataugeoires\/wp-content\/uploads\/sites\/12\/2020\/08\/exclamation.png\",\"datePublished\":\"2020-08-17T15:43:41+00:00\",\"dateModified\":\"2020-08-17T17:52:41+00:00\",\"breadcrumb\":{\"@id\":\"https:\/\/www.guides-sports-loisirs.ca\/piscines-et-pataugeoires\/surveillance-mesures-urgence\/procedure-en-cas-accidents-fecaux-vomitifs\/#breadcrumb\"},\"inLanguage\":\"fr-FR\",\"potentialAction\":[{\"@type\":\"ReadAction\",\"target\":[\"https:\/\/www.guides-sports-loisirs.ca\/piscines-et-pataugeoires\/surveillance-mesures-urgence\/procedure-en-cas-accidents-fecaux-vomitifs\/\"]}]},{\"@type\":\"ImageObject\",\"inLanguage\":\"fr-FR\",\"@id\":\"https:\/\/www.guides-sports-loisirs.ca\/piscines-et-pataugeoires\/surveillance-mesures-urgence\/procedure-en-cas-accidents-fecaux-vomitifs\/#primaryimage\",\"url\":\"https:\/\/www.guides-sports-loisirs.ca\/piscines-et-pataugeoires\/wp-content\/uploads\/sites\/12\/2020\/08\/exclamation.png\",\"contentUrl\":\"https:\/\/www.guides-sports-loisirs.ca\/piscines-et-pataugeoires\/wp-content\/uploads\/sites\/12\/2020\/08\/exclamation.png\",\"width\":11,\"height\":30},{\"@type\":\"BreadcrumbList\",\"@id\":\"https:\/\/www.guides-sports-loisirs.ca\/piscines-et-pataugeoires\/surveillance-mesures-urgence\/procedure-en-cas-accidents-fecaux-vomitifs\/#breadcrumb\",\"itemListElement\":[{\"@type\":\"ListItem\",\"position\":1,\"name\":\"Accueil\",\"item\":\"https:\/\/www.guides-sports-loisirs.ca\/piscines-et-pataugeoires\/\"},{\"@type\":\"ListItem\",\"position\":2,\"name\":\"Surveillance et mesures d\u2019urgence\",\"item\":\"https:\/\/www.guides-sports-loisirs.ca\/piscines-et-pataugeoires\/surveillance-mesures-urgence\/\"},{\"@type\":\"ListItem\",\"position\":3,\"name\":\"Proc\u00e9dure en cas d\u2019accidents f\u00e9caux ou vomitifs\"}]},{\"@type\":\"WebSite\",\"@id\":\"https:\/\/www.guides-sports-loisirs.ca\/piscines-et-pataugeoires\/#website\",\"url\":\"https:\/\/www.guides-sports-loisirs.ca\/piscines-et-pataugeoires\/\",\"name\":\"Piscines et pataugeoires\",\"description\":\"Veloparcs\",\"potentialAction\":[{\"@type\":\"SearchAction\",\"target\":{\"@type\":\"EntryPoint\",\"urlTemplate\":\"https:\/\/www.guides-sports-loisirs.ca\/piscines-et-pataugeoires\/?s={search_term_string}\"},\"query-input\":{\"@type\":\"PropertyValueSpecification\",\"valueRequired\":true,\"valueName\":\"search_term_string\"}}],\"inLanguage\":\"fr-FR\"}]}<\/script>\n<!-- \/ Yoast SEO plugin. -->","yoast_head_json":{"title":"Proc\u00e9dure en cas d\u2019accidents f\u00e9caux ou vomitifs - Piscines et pataugeoires","robots":{"index":"index","follow":"follow","max-snippet":"max-snippet:-1","max-image-preview":"max-image-preview:large","max-video-preview":"max-video-preview:-1"},"canonical":"https:\/\/www.guides-sports-loisirs.ca\/piscines-et-pataugeoires\/surveillance-mesures-urgence\/procedure-en-cas-accidents-fecaux-vomitifs\/","og_locale":"fr_FR","og_type":"article","og_title":"Proc\u00e9dure en cas d\u2019accidents f\u00e9caux ou vomitifs - Piscines et pataugeoires","og_description":"[vc_row][vc_column width=\u00a0\u00bb1\/1&Prime;][vc_column_text]Lorsqu\u2019un accident f\u00e9cal ou vomitif se produit, il est important de r\u00e9agir rapidement, car des parasites tels que giardia [&hellip;]","og_url":"https:\/\/www.guides-sports-loisirs.ca\/piscines-et-pataugeoires\/surveillance-mesures-urgence\/procedure-en-cas-accidents-fecaux-vomitifs\/","og_site_name":"Piscines et pataugeoires","article_modified_time":"2020-08-17T17:52:41+00:00","og_image":[{"url":"https:\/\/www.guides-sports-loisirs.ca\/piscines-et-pataugeoires\/wp-content\/uploads\/sites\/12\/2020\/08\/exclamation.png","type":"","width":"","height":""}],"twitter_card":"summary_large_image","twitter_misc":{"Dur\u00e9e de lecture estim\u00e9e":"5 minutes"},"schema":{"@context":"https:\/\/schema.org","@graph":[{"@type":"WebPage","@id":"https:\/\/www.guides-sports-loisirs.ca\/piscines-et-pataugeoires\/surveillance-mesures-urgence\/procedure-en-cas-accidents-fecaux-vomitifs\/","url":"https:\/\/www.guides-sports-loisirs.ca\/piscines-et-pataugeoires\/surveillance-mesures-urgence\/procedure-en-cas-accidents-fecaux-vomitifs\/","name":"Proc\u00e9dure en cas d\u2019accidents f\u00e9caux ou vomitifs - Piscines et pataugeoires","isPartOf":{"@id":"https:\/\/www.guides-sports-loisirs.ca\/piscines-et-pataugeoires\/#website"},"primaryImageOfPage":{"@id":"https:\/\/www.guides-sports-loisirs.ca\/piscines-et-pataugeoires\/surveillance-mesures-urgence\/procedure-en-cas-accidents-fecaux-vomitifs\/#primaryimage"},"image":{"@id":"https:\/\/www.guides-sports-loisirs.ca\/piscines-et-pataugeoires\/surveillance-mesures-urgence\/procedure-en-cas-accidents-fecaux-vomitifs\/#primaryimage"},"thumbnailUrl":"https:\/\/www.guides-sports-loisirs.ca\/piscines-et-pataugeoires\/wp-content\/uploads\/sites\/12\/2020\/08\/exclamation.png","datePublished":"2020-08-17T15:43:41+00:00","dateModified":"2020-08-17T17:52:41+00:00","breadcrumb":{"@id":"https:\/\/www.guides-sports-loisirs.ca\/piscines-et-pataugeoires\/surveillance-mesures-urgence\/procedure-en-cas-accidents-fecaux-vomitifs\/#breadcrumb"},"inLanguage":"fr-FR","potentialAction":[{"@type":"ReadAction","target":["https:\/\/www.guides-sports-loisirs.ca\/piscines-et-pataugeoires\/surveillance-mesures-urgence\/procedure-en-cas-accidents-fecaux-vomitifs\/"]}]},{"@type":"ImageObject","inLanguage":"fr-FR","@id":"https:\/\/www.guides-sports-loisirs.ca\/piscines-et-pataugeoires\/surveillance-mesures-urgence\/procedure-en-cas-accidents-fecaux-vomitifs\/#primaryimage","url":"https:\/\/www.guides-sports-loisirs.ca\/piscines-et-pataugeoires\/wp-content\/uploads\/sites\/12\/2020\/08\/exclamation.png","contentUrl":"https:\/\/www.guides-sports-loisirs.ca\/piscines-et-pataugeoires\/wp-content\/uploads\/sites\/12\/2020\/08\/exclamation.png","width":11,"height":30},{"@type":"BreadcrumbList","@id":"https:\/\/www.guides-sports-loisirs.ca\/piscines-et-pataugeoires\/surveillance-mesures-urgence\/procedure-en-cas-accidents-fecaux-vomitifs\/#breadcrumb","itemListElement":[{"@type":"ListItem","position":1,"name":"Accueil","item":"https:\/\/www.guides-sports-loisirs.ca\/piscines-et-pataugeoires\/"},{"@type":"ListItem","position":2,"name":"Surveillance et mesures d\u2019urgence","item":"https:\/\/www.guides-sports-loisirs.ca\/piscines-et-pataugeoires\/surveillance-mesures-urgence\/"},{"@type":"ListItem","position":3,"name":"Proc\u00e9dure en cas d\u2019accidents f\u00e9caux ou vomitifs"}]},{"@type":"WebSite","@id":"https:\/\/www.guides-sports-loisirs.ca\/piscines-et-pataugeoires\/#website","url":"https:\/\/www.guides-sports-loisirs.ca\/piscines-et-pataugeoires\/","name":"Piscines et pataugeoires","description":"Veloparcs","potentialAction":[{"@type":"SearchAction","target":{"@type":"EntryPoint","urlTemplate":"https:\/\/www.guides-sports-loisirs.ca\/piscines-et-pataugeoires\/?s={search_term_string}"},"query-input":{"@type":"PropertyValueSpecification","valueRequired":true,"valueName":"search_term_string"}}],"inLanguage":"fr-FR"}]}},"_links":{"self":[{"href":"https:\/\/www.guides-sports-loisirs.ca\/piscines-et-pataugeoires\/wp-json\/wp\/v2\/pages\/3172","targetHints":{"allow":["GET"]}}],"collection":[{"href":"https:\/\/www.guides-sports-loisirs.ca\/piscines-et-pataugeoires\/wp-json\/wp\/v2\/pages"}],"about":[{"href":"https:\/\/www.guides-sports-loisirs.ca\/piscines-et-pataugeoires\/wp-json\/wp\/v2\/types\/page"}],"author":[{"embeddable":true,"href":"https:\/\/www.guides-sports-loisirs.ca\/piscines-et-pataugeoires\/wp-json\/wp\/v2\/users\/11"}],"replies":[{"embeddable":true,"href":"https:\/\/www.guides-sports-loisirs.ca\/piscines-et-pataugeoires\/wp-json\/wp\/v2\/comments?post=3172"}],"version-history":[{"count":6,"href":"https:\/\/www.guides-sports-loisirs.ca\/piscines-et-pataugeoires\/wp-json\/wp\/v2\/pages\/3172\/revisions"}],"predecessor-version":[{"id":3242,"href":"https:\/\/www.guides-sports-loisirs.ca\/piscines-et-pataugeoires\/wp-json\/wp\/v2\/pages\/3172\/revisions\/3242"}],"up":[{"embeddable":true,"href":"https:\/\/www.guides-sports-loisirs.ca\/piscines-et-pataugeoires\/wp-json\/wp\/v2\/pages\/3150"}],"wp:attachment":[{"href":"https:\/\/www.guides-sports-loisirs.ca\/piscines-et-pataugeoires\/wp-json\/wp\/v2\/media?parent=3172"}],"curies":[{"name":"wp","href":"https:\/\/api.w.org\/{rel}","templated":true}]}}