{"id":3124,"date":"2020-08-17T09:35:59","date_gmt":"2020-08-17T13:35:59","guid":{"rendered":"https:\/\/www.guides-sports-loisirs.ca\/piscines-et-pataugeoires\/?page_id=3124"},"modified":"2021-05-28T11:11:40","modified_gmt":"2021-05-28T15:11:40","slug":"programme-maintenance","status":"publish","type":"page","link":"https:\/\/www.guides-sports-loisirs.ca\/piscines-et-pataugeoires\/entretien-maintenance\/programme-maintenance\/","title":{"rendered":"Programme de maintenance"},"content":{"rendered":"<div class=\"wpb-content-wrapper\"><p>[vc_row][vc_column width=\u00a0\u00bb1\/1&Prime;][vc_column_text]L\u2019exploitant d\u2019un lieu de baignade a la responsabilit\u00e9 de mettre en place les mesures n\u00e9cessaires pour faire l\u2019entretien r\u00e9gulier, pr\u00e9ventif et correctif de l\u2019ensemble des composantes de l\u2019installation aquatique, incluant tous les \u00e9quipements de traitement de l\u2019air, de la distribution \u00e9lectrique, du chauffage, des \u00e9l\u00e9ments architecturaux et autres. L\u2019entretien peut \u00eatre effectu\u00e9 par l\u2019exploitant du lieu ou par des sous-traitants.<\/p>\n<p>Le responsable doit s\u2019assurer que chaque type d\u2019entretien est effectu\u00e9 par des sp\u00e9cialistes d\u00e9tenant les attestations n\u00e9cessaires \u00e0 l\u2019ex\u00e9cution des t\u00e2ches prescrites.<\/p>\n<p>Il doit \u00e9galement s\u2019assurer que le travail d\u2019inspection et d\u2019entretien est effectu\u00e9 selon les directives des fabricants et les plus hauts standards de s\u00e9curit\u00e9. Advenant des modifications aux lois et r\u00e8glements qui entra\u00eeneraient des changements majeurs aux \u00e9quipements, il doit mettre en \u0153uvre des solutions de rechange.<\/p>\n<p>Afin d\u2019assurer une gestion optimale, l\u2019exploitant d\u2019un lieu de baignade doit \u00e9laborer un programme de maintenance adapt\u00e9 aux particularit\u00e9s de l\u2019installation aquatique.<\/p>\n<p>Parmi les facteurs \u00e0 consid\u00e9rer, notons la conception, la programmation des activit\u00e9s, l\u2019ann\u00e9e de construction et le mode de gestion. Le responsable tiendra compte des diff\u00e9rentes t\u00e2ches \u00e0 accomplir au cours de l\u2019ann\u00e9e (ou de la saison) ainsi que des ressources humaines, mat\u00e9rielles et financi\u00e8res requises. Le plan de gestion se subdivise en une s\u00e9rie de proc\u00e9dures de travail (syst\u00e9matique ou automatique) qui peuvent \u00eatre regroup\u00e9es dans un manuel.[\/vc_column_text][\/vc_column][\/vc_row][vc_row][vc_column width=\u00a0\u00bb1\/1&Prime;][vc_accordion active_tab=\u00a0\u00bb0&Prime;][vc_accordion_tab title=\u00a0\u00bbQU\u2019EST-CE QU\u2019UN PROGRAMME DE MAINTENANCE?\u00a0\u00bb tab_id=\u00a0\u00bb51947d44-780e-5&Prime;][vc_column_text css=\u00a0\u00bb.vc_custom_1597671841051{margin-bottom: 35px !important;}\u00a0\u00bb]Un programme de maintenance consiste \u00e0 :<\/p>\n<ul>\n<li>organiser de fa\u00e7on m\u00e9thodique la planification, la programmation, la documentation et la production de rapports sur les activit\u00e9s d\u2019entretien pr\u00e9ventif (EP);<\/li>\n<li>fournir une m\u00e9thode d\u2019archivage des activit\u00e9s d\u2019entretien non planifi\u00e9es ou des activit\u00e9s d\u2019entretien correctif (EC).<\/li>\n<\/ul>\n<p>Le programme de maintenance identifie et d\u00e9crit les t\u00e2ches d\u2019entretien, \u00e9tablit les calendriers d\u2019entretien, d\u00e9termine les besoins en ressources (temps\/ressources humaines, articles consommables, outils et \u00e9quipements, y compris l\u2019\u00e9quipement de sant\u00e9 et s\u00e9curit\u00e9 et le mat\u00e9riel de location) ainsi que les budgets qui s\u2019y rattachent.<\/p>\n<p>Le principal objectif du programme de maintenance est d\u2019\u00e9viter l\u2019entretien correctif (EC) non planifi\u00e9 par suite d\u2019un bris, d\u2019une panne, d\u2019un incident ou un accident. La fiabilit\u00e9 et la s\u00fbret\u00e9 de fonctionnement des composantes d\u2019une installation aquatique ne peuvent \u00eatre garanties que si l\u2019on met en \u0153uvre un programme de maintenance bien planifi\u00e9 et structur\u00e9. La compilation de donn\u00e9es peut \u00eatre effectu\u00e9e sous forme manuscrite ou num\u00e9rique, \u00e0 l\u2019aide des technologies de l\u2019information, en tenant compte des cat\u00e9gories de maintenance suivantes :[\/vc_column_text][vc_single_image media=\u00a0\u00bb3128&Prime; media_lightbox=\u00a0\u00bbyes\u00a0\u00bb media_width_percent=\u00a0\u00bb65&Prime; css_animation=\u00a0\u00bbzoom-in\u00a0\u00bb lbox_skin=\u00a0\u00bbwhite\u00a0\u00bb el_class=\u00a0\u00bbtable-image\u00a0\u00bb][vc_column_text]Les exigences dans chacune des cat\u00e9gories doivent \u00eatre d\u00e9termin\u00e9es et incorpor\u00e9es dans le programme de maintenance afin de pouvoir planifier et programmer les travaux d\u2019entretien internes et ceux confi\u00e9s en sous-traitance en harmonie avec les op\u00e9rations courantes.[\/vc_column_text][\/vc_accordion_tab][vc_accordion_tab title=\u00a0\u00bbIMPORTANCE D\u2019UN PROGRAMME DE MAINTENANCE\u00a0\u00bb tab_id=\u00a0\u00bbd8ff694a-38fe-3&Prime;][vc_column_text css=\u00a0\u00bb.vc_custom_1597671916287{margin-bottom: 35px !important;}\u00a0\u00bb]Par sa structure et son organisation, le programme de maintenance permet d\u2019am\u00e9liorer la durabilit\u00e9 et la fiabilit\u00e9 des installations. Par l\u2019ex\u00e9cution de t\u00e2ches p\u00e9riodiques sur une base permanente, ce programme permet de prot\u00e9ger les actifs \u00e0 long terme et de pr\u00e9server le confort du personnel et des usagers. De plus, il contribue positivement aux enjeux suivants :<\/p>\n<ul>\n<li>respect des obligations l\u00e9gales;<\/li>\n<li>s\u00e9curit\u00e9 des occupants et des visiteurs;<\/li>\n<li>r\u00e9duction des blessures et de l\u2019absent\u00e9isme du personnel;<\/li>\n<li>suivi de la conformit\u00e9 aux normes du b\u00e2timent et mise aux normes;<\/li>\n<li>r\u00e9duction de l\u2019usure pr\u00e9matur\u00e9e des \u00e9quipements;<\/li>\n<li>augmentation ou maintien de la qualit\u00e9 des services offerts (diminution des pannes);<\/li>\n<li>optimisation des ressources consacr\u00e9es aux t\u00e2ches et au programme de maintenance (diminution des bris impr\u00e9vus);<\/li>\n<li>prise de d\u00e9cisions \u00e9clair\u00e9es en mati\u00e8re budg\u00e9taire et strat\u00e9gique;<\/li>\n<li>prise de bonnes d\u00e9cisions.<\/li>\n<\/ul>\n<p>Le programme de maintenance permet ainsi \u00e0 l\u2019exploitant d\u2019un lieu de baignade de travailler en mode \u00ab actif \u00bb plut\u00f4t qu\u2019en mode \u00ab r\u00e9actif \u00bb. Il lui donne la possibilit\u00e9 de bien contr\u00f4ler les diff\u00e9rents enjeux mentionn\u00e9s ci-dessus.[\/vc_column_text][\/vc_accordion_tab][vc_accordion_tab title=\u00a0\u00bbQUE DOIT COMPORTER UN PROGRAMME DE MAINTENANCE?\u00a0\u00bb tab_id=\u00a0\u00bb2eefbda4-35e3-9&Prime;][vc_column_text css=\u00a0\u00bb.vc_custom_1597673847054{margin-bottom: 35px !important;}\u00a0\u00bb]Un programme de maintenance inclut, au minimum, les quatre \u00e9l\u00e9ments de base suivants :[\/vc_column_text][vc_row_inner row_inner_height_percent=\u00a0\u00bb0&Prime; overlay_alpha=\u00a0\u00bb50&Prime; equal_height=\u00a0\u00bbyes\u00a0\u00bb gutter_size=\u00a0\u00bb2&Prime; shift_y=\u00a0\u00bb0&Prime; css=\u00a0\u00bb.vc_custom_1597674134117{margin-top: 18px !important;}\u00a0\u00bb][vc_column_inner column_width_percent=\u00a0\u00bb100&Prime; gutter_size=\u00a0\u00bb3&Prime; back_color=\u00a0\u00bbcolor-131080&Prime; overlay_alpha=\u00a0\u00bb50&Prime; shift_x=\u00a0\u00bb0&Prime; shift_y=\u00a0\u00bb0&Prime; z_index=\u00a0\u00bb0&Prime; medium_width=\u00a0\u00bb0&Prime; width=\u00a0\u00bb1\/4&Prime;][vc_column_text el_class=\u00a0\u00bbtext-white\u00a0\u00bb]<strong>Fiches d\u2019inventaire des biens et fiches d\u2019\u00e9quipement<\/strong>[\/vc_column_text][\/vc_column_inner][vc_column_inner column_width_percent=\u00a0\u00bb100&Prime; gutter_size=\u00a0\u00bb3&Prime; back_color=\u00a0\u00bbcolor-148962&Prime; overlay_alpha=\u00a0\u00bb50&Prime; shift_x=\u00a0\u00bb0&Prime; shift_y=\u00a0\u00bb0&Prime; z_index=\u00a0\u00bb0&Prime; medium_width=\u00a0\u00bb0&Prime; width=\u00a0\u00bb3\/4&Prime;][vc_column_text]Pour chaque composante du syst\u00e8me qui doit faire l\u2019objet d\u2019un entretien : liste des t\u00e2ches d\u2019entretien \u00e0 effectuer, fr\u00e9quence des t\u00e2ches et liste des pi\u00e8ces de rechange[\/vc_column_text][\/vc_column_inner][\/vc_row_inner][vc_row_inner row_inner_height_percent=\u00a0\u00bb0&Prime; overlay_alpha=\u00a0\u00bb50&Prime; equal_height=\u00a0\u00bbyes\u00a0\u00bb gutter_size=\u00a0\u00bb2&Prime; shift_y=\u00a0\u00bb0&Prime; css=\u00a0\u00bb.vc_custom_1597674134117{margin-top: 18px !important;}\u00a0\u00bb][vc_column_inner column_width_percent=\u00a0\u00bb100&Prime; gutter_size=\u00a0\u00bb3&Prime; back_color=\u00a0\u00bbcolor-131080&Prime; overlay_alpha=\u00a0\u00bb50&Prime; shift_x=\u00a0\u00bb0&Prime; shift_y=\u00a0\u00bb0&Prime; z_index=\u00a0\u00bb0&Prime; medium_width=\u00a0\u00bb0&Prime; width=\u00a0\u00bb1\/4&Prime;][vc_column_text el_class=\u00a0\u00bbtext-white\u00a0\u00bb]<strong>Fiches d\u2019inventaire des biens et fiches d\u2019\u00e9quipement<\/strong>[\/vc_column_text][\/vc_column_inner][vc_column_inner column_width_percent=\u00a0\u00bb100&Prime; gutter_size=\u00a0\u00bb3&Prime; back_color=\u00a0\u00bbcolor-148962&Prime; overlay_alpha=\u00a0\u00bb50&Prime; shift_x=\u00a0\u00bb0&Prime; shift_y=\u00a0\u00bb0&Prime; z_index=\u00a0\u00bb0&Prime; medium_width=\u00a0\u00bb0&Prime; width=\u00a0\u00bb3\/4&Prime;][vc_column_text]Pour chaque composante du syst\u00e8me qui doit faire l\u2019objet d\u2019un entretien : liste des t\u00e2ches d\u2019entretien \u00e0 effectuer, fr\u00e9quence des t\u00e2ches et liste des pi\u00e8ces de rechange[\/vc_column_text][\/vc_column_inner][\/vc_row_inner][vc_row_inner row_inner_height_percent=\u00a0\u00bb0&Prime; overlay_alpha=\u00a0\u00bb50&Prime; equal_height=\u00a0\u00bbyes\u00a0\u00bb gutter_size=\u00a0\u00bb2&Prime; shift_y=\u00a0\u00bb0&Prime; css=\u00a0\u00bb.vc_custom_1597674134117{margin-top: 18px !important;}\u00a0\u00bb][vc_column_inner column_width_percent=\u00a0\u00bb100&Prime; gutter_size=\u00a0\u00bb3&Prime; back_color=\u00a0\u00bbcolor-131080&Prime; overlay_alpha=\u00a0\u00bb50&Prime; shift_x=\u00a0\u00bb0&Prime; shift_y=\u00a0\u00bb0&Prime; z_index=\u00a0\u00bb0&Prime; medium_width=\u00a0\u00bb0&Prime; width=\u00a0\u00bb1\/4&Prime;][vc_column_text el_class=\u00a0\u00bbtext-white\u00a0\u00bb]<strong>Fiches d\u2019inventaire des biens et fiches d\u2019\u00e9quipement<\/strong>[\/vc_column_text][\/vc_column_inner][vc_column_inner column_width_percent=\u00a0\u00bb100&Prime; gutter_size=\u00a0\u00bb3&Prime; back_color=\u00a0\u00bbcolor-148962&Prime; overlay_alpha=\u00a0\u00bb50&Prime; shift_x=\u00a0\u00bb0&Prime; shift_y=\u00a0\u00bb0&Prime; z_index=\u00a0\u00bb0&Prime; medium_width=\u00a0\u00bb0&Prime; width=\u00a0\u00bb3\/4&Prime;][vc_column_text]Pour chaque composante du syst\u00e8me qui doit faire l\u2019objet d\u2019un entretien : liste des t\u00e2ches d\u2019entretien \u00e0 effectuer, fr\u00e9quence des t\u00e2ches et liste des pi\u00e8ces de rechange[\/vc_column_text][\/vc_column_inner][\/vc_row_inner][vc_column_text css=\u00a0\u00bb.vc_custom_1597674263010{margin-top: 35px !important;margin-bottom: 35px !important;}\u00a0\u00bb]Le programme de maintenance peut \u00e9galement comporter un syst\u00e8me d\u2019inventaire des pi\u00e8ces de rechange et des articles consommables, qui sont habituellement conserv\u00e9s dans une aire d\u2019entreposage s\u00e9par\u00e9e r\u00e9serv\u00e9e \u00e0 cette fin.<\/p>\n<p>Voici un exemple de programme de maintenance. La liste des travaux y figurant n\u2019est pas exhaustive et certaines t\u00e2ches additionnelles de m\u00eame nature peuvent s\u2019ajouter au besoin. Le calendrier sugg\u00e9r\u00e9 est pr\u00e9sent\u00e9 \u00e0 titre indicatif seulement.[\/vc_column_text][vc_single_image media=\u00a0\u00bb3133&Prime; media_lightbox=\u00a0\u00bbyes\u00a0\u00bb media_width_percent=\u00a0\u00bb65&Prime; css_animation=\u00a0\u00bbzoom-in\u00a0\u00bb lbox_skin=\u00a0\u00bbwhite\u00a0\u00bb el_class=\u00a0\u00bbtable-image\u00a0\u00bb][vc_empty_space empty_h=\u00a0\u00bb2&Prime;][vc_single_image media=\u00a0\u00bb3134&Prime; media_lightbox=\u00a0\u00bbyes\u00a0\u00bb media_width_percent=\u00a0\u00bb65&Prime; css_animation=\u00a0\u00bbzoom-in\u00a0\u00bb lbox_skin=\u00a0\u00bbwhite\u00a0\u00bb el_class=\u00a0\u00bbtable-image\u00a0\u00bb][vc_empty_space empty_h=\u00a0\u00bb2&Prime;][vc_single_image media=\u00a0\u00bb3135&Prime; media_lightbox=\u00a0\u00bbyes\u00a0\u00bb media_width_percent=\u00a0\u00bb65&Prime; css_animation=\u00a0\u00bbzoom-in\u00a0\u00bb lbox_skin=\u00a0\u00bbwhite\u00a0\u00bb el_class=\u00a0\u00bbtable-image\u00a0\u00bb][vc_column_text css_animation=\u00a0\u00bbzoom-in\u00a0\u00bb animation_delay=\u00a0\u00bb600&Prime; border_color=\u00a0\u00bbcolor-131080&Prime; border_style=\u00a0\u00bbdashed\u00a0\u00bb css=\u00a0\u00bb.vc_custom_1597674861710{margin-top: 35px !important;padding-top: 7px !important;padding-right: 10px !important;padding-bottom: 7px !important;padding-left: 10px !important;}\u00a0\u00bb el_class=\u00a0\u00bbbox-attention box-attention-1-line\u00a0\u00bb]<img decoding=\"async\" class=\"wp-image-2807 size-full alignleft\" src=\"https:\/\/www.guides-sports-loisirs.ca\/piscines-et-pataugeoires\/wp-content\/uploads\/sites\/12\/2020\/08\/exclamation.png\" alt=\"\" width=\"11\" height=\"30\" \/><\/p>\n<p><strong>R\u00e9acteur UV (pour ceux qui en poss\u00e8dent)<\/strong><\/p>\n<p>Lors d\u2019une intervention sur les r\u00e9acteurs UV, veillez \u00e0 respecter les consignes de s\u00e9curit\u00e9 du fabricant et les proc\u00e9dures s\u00e9curitaires de travail avec les \u00e9quipements de protection collectifs et individuels appropri\u00e9s. Le personnel doit \u00eatre qualifi\u00e9.<\/p>\n<p>Consid\u00e9rant la fragilit\u00e9, le niveau de danger et le co\u00fbt \u00e9lev\u00e9 des tubes, nous recommandons de pr\u00e9voir un contrat de service avec le fournisseur de cet \u00e9quipement pour le remplacement des tubes UV, de m\u00eame que pour leur \u00e9talonnage.[\/vc_column_text][\/vc_accordion_tab][\/vc_accordion][vc_row_inner][vc_column_inner width=\u00a0\u00bb1\/1&Prime;][vc_column_text]<strong>Vid\u00e9o disponible en ligne.<\/strong>[\/vc_column_text][vc_separator sep_color=\u00a0\u00bbcolor-204406&Prime; el_width=\u00a0\u00bb75px\u00a0\u00bb el_height=\u00a0\u00bb2px\u00a0\u00bb][vc_raw_html]JTNDaWZyYW1lJTIwY2xhc3MlM0QlMjJ2aWRlbyUyMiUyMHNyYyUzRCUyMmh0dHBzJTNBJTJGJTJGcGxheWVyLnZpbWVvLmNvbSUyRnZpZGVvJTJGNTMzOTkzMzU0JTIyJTIwd2lkdGglM0QlMjI3MzIlMjIlMjBoZWlnaHQlM0QlMjI0MTIlMjIlMjBmcmFtZWJvcmRlciUzRCUyMjAlMjIlMjBhbGxvd2Z1bGxzY3JlZW4lM0UlM0MlMkZpZnJhbWUlM0U=[\/vc_raw_html][\/vc_column_inner][\/vc_row_inner][\/vc_column][\/vc_row][vc_row][\/vc_row][vc_row row_height_percent=\u00a0\u00bb0&Prime; overlay_alpha=\u00a0\u00bb50&Prime; gutter_size=\u00a0\u00bb3&Prime; shift_y=\u00a0\u00bb0&Prime; css=\u00a0\u00bb.vc_custom_1569108843026{margin-bottom: 50px !important;}\u00a0\u00bb][vc_column width=\u00a0\u00bb1\/1&Prime;][vc_button button_color=\u00a0\u00bbaccent\u00a0\u00bb size=\u00a0\u00bbbtn-lg\u00a0\u00bb radius=\u00a0\u00bbbtn-circle\u00a0\u00bb link=\u00a0\u00bburl:https%3A%2F%2Fwww.guides-sports-loisirs.ca%2Fpiscines-et-pataugeoires%2Fwp-content%2Fuploads%2Fsites%2F12%2F2017%2F03%2F6.3_EntretienMaintenance_ProgrammeMaintenance_Web.pdf||target:%20_blank|\u00a0\u00bb icon=\u00a0\u00bbfa fa-file-o\u00a0\u00bb el_class=\u00a0\u00bbbtn-pdf\u00a0\u00bb]Version PDF[\/vc_button][\/vc_column][\/vc_row]<\/p>\n<\/div>","protected":false},"excerpt":{"rendered":"<p>[vc_row][vc_column width=\u00a0\u00bb1\/1&Prime;][vc_column_text]L\u2019exploitant d\u2019un lieu de baignade a la responsabilit\u00e9 de mettre en place les mesures n\u00e9cessaires pour faire l\u2019entretien r\u00e9gulier, [&hellip;]<\/p>\n","protected":false},"author":11,"featured_media":0,"parent":3102,"menu_order":3,"comment_status":"closed","ping_status":"closed","template":"","meta":{"_acf_changed":false,"footnotes":""},"class_list":["post-3124","page","type-page","status-publish","hentry"],"acf":[],"yoast_head":"<!-- This site is optimized with the Yoast SEO plugin v27.4 - https:\/\/yoast.com\/product\/yoast-seo-wordpress\/ -->\n<title>Programme de maintenance - Piscines et pataugeoires<\/title>\n<meta name=\"robots\" content=\"index, follow, max-snippet:-1, max-image-preview:large, max-video-preview:-1\" \/>\n<link rel=\"canonical\" href=\"https:\/\/www.guides-sports-loisirs.ca\/piscines-et-pataugeoires\/entretien-maintenance\/programme-maintenance\/\" \/>\n<meta property=\"og:locale\" content=\"fr_FR\" \/>\n<meta property=\"og:type\" content=\"article\" \/>\n<meta property=\"og:title\" content=\"Programme de maintenance - Piscines et pataugeoires\" \/>\n<meta property=\"og:description\" content=\"[vc_row][vc_column width=\u00a0\u00bb1\/1&Prime;][vc_column_text]L\u2019exploitant d\u2019un lieu de baignade a la responsabilit\u00e9 de mettre en place les mesures n\u00e9cessaires pour faire l\u2019entretien r\u00e9gulier, [&hellip;]\" \/>\n<meta property=\"og:url\" content=\"https:\/\/www.guides-sports-loisirs.ca\/piscines-et-pataugeoires\/entretien-maintenance\/programme-maintenance\/\" \/>\n<meta property=\"og:site_name\" content=\"Piscines et pataugeoires\" \/>\n<meta property=\"article:modified_time\" content=\"2021-05-28T15:11:40+00:00\" \/>\n<meta property=\"og:image\" content=\"https:\/\/www.guides-sports-loisirs.ca\/piscines-et-pataugeoires\/wp-content\/uploads\/sites\/12\/2020\/08\/exclamation.png\" \/>\n<meta name=\"twitter:card\" content=\"summary_large_image\" \/>\n<meta name=\"twitter:label1\" content=\"Dur\u00e9e de lecture estim\u00e9e\" \/>\n\t<meta name=\"twitter:data1\" content=\"5 minutes\" \/>\n<script type=\"application\/ld+json\" class=\"yoast-schema-graph\">{\"@context\":\"https:\\\/\\\/schema.org\",\"@graph\":[{\"@type\":\"WebPage\",\"@id\":\"https:\\\/\\\/www.guides-sports-loisirs.ca\\\/piscines-et-pataugeoires\\\/entretien-maintenance\\\/programme-maintenance\\\/\",\"url\":\"https:\\\/\\\/www.guides-sports-loisirs.ca\\\/piscines-et-pataugeoires\\\/entretien-maintenance\\\/programme-maintenance\\\/\",\"name\":\"Programme de maintenance - Piscines et pataugeoires\",\"isPartOf\":{\"@id\":\"https:\\\/\\\/www.guides-sports-loisirs.ca\\\/piscines-et-pataugeoires\\\/#website\"},\"primaryImageOfPage\":{\"@id\":\"https:\\\/\\\/www.guides-sports-loisirs.ca\\\/piscines-et-pataugeoires\\\/entretien-maintenance\\\/programme-maintenance\\\/#primaryimage\"},\"image\":{\"@id\":\"https:\\\/\\\/www.guides-sports-loisirs.ca\\\/piscines-et-pataugeoires\\\/entretien-maintenance\\\/programme-maintenance\\\/#primaryimage\"},\"thumbnailUrl\":\"https:\\\/\\\/www.guides-sports-loisirs.ca\\\/piscines-et-pataugeoires\\\/wp-content\\\/uploads\\\/sites\\\/12\\\/2020\\\/08\\\/exclamation.png\",\"datePublished\":\"2020-08-17T13:35:59+00:00\",\"dateModified\":\"2021-05-28T15:11:40+00:00\",\"breadcrumb\":{\"@id\":\"https:\\\/\\\/www.guides-sports-loisirs.ca\\\/piscines-et-pataugeoires\\\/entretien-maintenance\\\/programme-maintenance\\\/#breadcrumb\"},\"inLanguage\":\"fr-FR\",\"potentialAction\":[{\"@type\":\"ReadAction\",\"target\":[\"https:\\\/\\\/www.guides-sports-loisirs.ca\\\/piscines-et-pataugeoires\\\/entretien-maintenance\\\/programme-maintenance\\\/\"]}]},{\"@type\":\"ImageObject\",\"inLanguage\":\"fr-FR\",\"@id\":\"https:\\\/\\\/www.guides-sports-loisirs.ca\\\/piscines-et-pataugeoires\\\/entretien-maintenance\\\/programme-maintenance\\\/#primaryimage\",\"url\":\"https:\\\/\\\/www.guides-sports-loisirs.ca\\\/piscines-et-pataugeoires\\\/wp-content\\\/uploads\\\/sites\\\/12\\\/2020\\\/08\\\/exclamation.png\",\"contentUrl\":\"https:\\\/\\\/www.guides-sports-loisirs.ca\\\/piscines-et-pataugeoires\\\/wp-content\\\/uploads\\\/sites\\\/12\\\/2020\\\/08\\\/exclamation.png\",\"width\":11,\"height\":30},{\"@type\":\"BreadcrumbList\",\"@id\":\"https:\\\/\\\/www.guides-sports-loisirs.ca\\\/piscines-et-pataugeoires\\\/entretien-maintenance\\\/programme-maintenance\\\/#breadcrumb\",\"itemListElement\":[{\"@type\":\"ListItem\",\"position\":1,\"name\":\"Accueil\",\"item\":\"https:\\\/\\\/www.guides-sports-loisirs.ca\\\/piscines-et-pataugeoires\\\/\"},{\"@type\":\"ListItem\",\"position\":2,\"name\":\"Entretien et maintenance\",\"item\":\"https:\\\/\\\/www.guides-sports-loisirs.ca\\\/piscines-et-pataugeoires\\\/entretien-maintenance\\\/\"},{\"@type\":\"ListItem\",\"position\":3,\"name\":\"Programme de maintenance\"}]},{\"@type\":\"WebSite\",\"@id\":\"https:\\\/\\\/www.guides-sports-loisirs.ca\\\/piscines-et-pataugeoires\\\/#website\",\"url\":\"https:\\\/\\\/www.guides-sports-loisirs.ca\\\/piscines-et-pataugeoires\\\/\",\"name\":\"Piscines et pataugeoires\",\"description\":\"Veloparcs\",\"potentialAction\":[{\"@type\":\"SearchAction\",\"target\":{\"@type\":\"EntryPoint\",\"urlTemplate\":\"https:\\\/\\\/www.guides-sports-loisirs.ca\\\/piscines-et-pataugeoires\\\/?s={search_term_string}\"},\"query-input\":{\"@type\":\"PropertyValueSpecification\",\"valueRequired\":true,\"valueName\":\"search_term_string\"}}],\"inLanguage\":\"fr-FR\"}]}<\/script>\n<!-- \/ Yoast SEO plugin. -->","yoast_head_json":{"title":"Programme de maintenance - Piscines et pataugeoires","robots":{"index":"index","follow":"follow","max-snippet":"max-snippet:-1","max-image-preview":"max-image-preview:large","max-video-preview":"max-video-preview:-1"},"canonical":"https:\/\/www.guides-sports-loisirs.ca\/piscines-et-pataugeoires\/entretien-maintenance\/programme-maintenance\/","og_locale":"fr_FR","og_type":"article","og_title":"Programme de maintenance - Piscines et pataugeoires","og_description":"[vc_row][vc_column width=\u00a0\u00bb1\/1&Prime;][vc_column_text]L\u2019exploitant d\u2019un lieu de baignade a la responsabilit\u00e9 de mettre en place les mesures n\u00e9cessaires pour faire l\u2019entretien r\u00e9gulier, [&hellip;]","og_url":"https:\/\/www.guides-sports-loisirs.ca\/piscines-et-pataugeoires\/entretien-maintenance\/programme-maintenance\/","og_site_name":"Piscines et pataugeoires","article_modified_time":"2021-05-28T15:11:40+00:00","og_image":[{"url":"https:\/\/www.guides-sports-loisirs.ca\/piscines-et-pataugeoires\/wp-content\/uploads\/sites\/12\/2020\/08\/exclamation.png","type":"","width":"","height":""}],"twitter_card":"summary_large_image","twitter_misc":{"Dur\u00e9e de lecture estim\u00e9e":"5 minutes"},"schema":{"@context":"https:\/\/schema.org","@graph":[{"@type":"WebPage","@id":"https:\/\/www.guides-sports-loisirs.ca\/piscines-et-pataugeoires\/entretien-maintenance\/programme-maintenance\/","url":"https:\/\/www.guides-sports-loisirs.ca\/piscines-et-pataugeoires\/entretien-maintenance\/programme-maintenance\/","name":"Programme de maintenance - Piscines et pataugeoires","isPartOf":{"@id":"https:\/\/www.guides-sports-loisirs.ca\/piscines-et-pataugeoires\/#website"},"primaryImageOfPage":{"@id":"https:\/\/www.guides-sports-loisirs.ca\/piscines-et-pataugeoires\/entretien-maintenance\/programme-maintenance\/#primaryimage"},"image":{"@id":"https:\/\/www.guides-sports-loisirs.ca\/piscines-et-pataugeoires\/entretien-maintenance\/programme-maintenance\/#primaryimage"},"thumbnailUrl":"https:\/\/www.guides-sports-loisirs.ca\/piscines-et-pataugeoires\/wp-content\/uploads\/sites\/12\/2020\/08\/exclamation.png","datePublished":"2020-08-17T13:35:59+00:00","dateModified":"2021-05-28T15:11:40+00:00","breadcrumb":{"@id":"https:\/\/www.guides-sports-loisirs.ca\/piscines-et-pataugeoires\/entretien-maintenance\/programme-maintenance\/#breadcrumb"},"inLanguage":"fr-FR","potentialAction":[{"@type":"ReadAction","target":["https:\/\/www.guides-sports-loisirs.ca\/piscines-et-pataugeoires\/entretien-maintenance\/programme-maintenance\/"]}]},{"@type":"ImageObject","inLanguage":"fr-FR","@id":"https:\/\/www.guides-sports-loisirs.ca\/piscines-et-pataugeoires\/entretien-maintenance\/programme-maintenance\/#primaryimage","url":"https:\/\/www.guides-sports-loisirs.ca\/piscines-et-pataugeoires\/wp-content\/uploads\/sites\/12\/2020\/08\/exclamation.png","contentUrl":"https:\/\/www.guides-sports-loisirs.ca\/piscines-et-pataugeoires\/wp-content\/uploads\/sites\/12\/2020\/08\/exclamation.png","width":11,"height":30},{"@type":"BreadcrumbList","@id":"https:\/\/www.guides-sports-loisirs.ca\/piscines-et-pataugeoires\/entretien-maintenance\/programme-maintenance\/#breadcrumb","itemListElement":[{"@type":"ListItem","position":1,"name":"Accueil","item":"https:\/\/www.guides-sports-loisirs.ca\/piscines-et-pataugeoires\/"},{"@type":"ListItem","position":2,"name":"Entretien et maintenance","item":"https:\/\/www.guides-sports-loisirs.ca\/piscines-et-pataugeoires\/entretien-maintenance\/"},{"@type":"ListItem","position":3,"name":"Programme de maintenance"}]},{"@type":"WebSite","@id":"https:\/\/www.guides-sports-loisirs.ca\/piscines-et-pataugeoires\/#website","url":"https:\/\/www.guides-sports-loisirs.ca\/piscines-et-pataugeoires\/","name":"Piscines et pataugeoires","description":"Veloparcs","potentialAction":[{"@type":"SearchAction","target":{"@type":"EntryPoint","urlTemplate":"https:\/\/www.guides-sports-loisirs.ca\/piscines-et-pataugeoires\/?s={search_term_string}"},"query-input":{"@type":"PropertyValueSpecification","valueRequired":true,"valueName":"search_term_string"}}],"inLanguage":"fr-FR"}]}},"_links":{"self":[{"href":"https:\/\/www.guides-sports-loisirs.ca\/piscines-et-pataugeoires\/wp-json\/wp\/v2\/pages\/3124","targetHints":{"allow":["GET"]}}],"collection":[{"href":"https:\/\/www.guides-sports-loisirs.ca\/piscines-et-pataugeoires\/wp-json\/wp\/v2\/pages"}],"about":[{"href":"https:\/\/www.guides-sports-loisirs.ca\/piscines-et-pataugeoires\/wp-json\/wp\/v2\/types\/page"}],"author":[{"embeddable":true,"href":"https:\/\/www.guides-sports-loisirs.ca\/piscines-et-pataugeoires\/wp-json\/wp\/v2\/users\/11"}],"replies":[{"embeddable":true,"href":"https:\/\/www.guides-sports-loisirs.ca\/piscines-et-pataugeoires\/wp-json\/wp\/v2\/comments?post=3124"}],"version-history":[{"count":14,"href":"https:\/\/www.guides-sports-loisirs.ca\/piscines-et-pataugeoires\/wp-json\/wp\/v2\/pages\/3124\/revisions"}],"predecessor-version":[{"id":3303,"href":"https:\/\/www.guides-sports-loisirs.ca\/piscines-et-pataugeoires\/wp-json\/wp\/v2\/pages\/3124\/revisions\/3303"}],"up":[{"embeddable":true,"href":"https:\/\/www.guides-sports-loisirs.ca\/piscines-et-pataugeoires\/wp-json\/wp\/v2\/pages\/3102"}],"wp:attachment":[{"href":"https:\/\/www.guides-sports-loisirs.ca\/piscines-et-pataugeoires\/wp-json\/wp\/v2\/media?parent=3124"}],"curies":[{"name":"wp","href":"https:\/\/api.w.org\/{rel}","templated":true}]}}