{"id":3104,"date":"2020-08-17T08:48:02","date_gmt":"2020-08-17T12:48:02","guid":{"rendered":"https:\/\/www.guides-sports-loisirs.ca\/piscines-et-pataugeoires\/?page_id=3104"},"modified":"2020-08-17T13:48:05","modified_gmt":"2020-08-17T17:48:05","slug":"entretien-et-maintenance","status":"publish","type":"page","link":"https:\/\/www.guides-sports-loisirs.ca\/piscines-et-pataugeoires\/entretien-maintenance\/entretien-et-maintenance\/","title":{"rendered":"Entretien et maintenance"},"content":{"rendered":"<div class=\"wpb-content-wrapper\"><p>[vc_row][vc_column width=\u00a0\u00bb1\/1&Prime;][vc_column_text]Que l\u2019installation aquatique soit neuve ou usag\u00e9e, il est essentiel d\u2019\u00e9laborer et de mettre en \u0153uvre un programme d\u2019entretien et un programme de maintenance. Ces programmes prolongeront la dur\u00e9e de vie du bassin et des \u00e9quipements, emp\u00eacheront la croissance des bact\u00e9ries, permettront de faire des \u00e9conomies sur les r\u00e9parations et am\u00e9lioreront la qualit\u00e9 des services offerts aux citoyens.<\/p>\n<p>Afin d\u2019\u00e9laborer un programme d\u2019entretien et un programme de maintenance adapt\u00e9s \u00e0 l\u2019installation, l\u2019exploitant d\u2019un lieu de baignade consultera les sources d\u2019information suivantes :<\/p>\n<ul>\n<li>la r\u00e9glementation en vigueur;<\/li>\n<li>les plans tel que construit (TQC);<\/li>\n<li>les fiches techniques et guides d\u2019entretien des fabricants pour chacun des \u00e9quipements;<\/li>\n<li>la signal\u00e9tique des produits chimiques.<\/li>\n<\/ul>\n<p>Ces sources d\u2019information permettront de d\u00e9terminer les mesures d\u2019entretien et de maintenance \u00e0 mettre en \u0153uvre : lieux, ressources requises, fr\u00e9quence, horaire, m\u00e9thodes de travail, \u00e9quipements, produits, etc.<\/p>\n<p>Tout d\u2019abord, il est important de faire la distinction entre les termes \u00ab entretien \u00bb et \u00ab maintenance \u00bb.<\/p>\n<p>&nbsp;<\/p>\n<h3>Entretien<\/h3>\n<p>L\u2019entretien fait r\u00e9f\u00e9rence aux t\u00e2ches d\u2019entretien courantes telles que la peinture, le nettoyage des planchers ou le remplacement des lampes. Ces t\u00e2ches sont des travaux facilement identifiables et pr\u00e9visibles. Dans la majorit\u00e9 des cas, ils ne n\u00e9cessitent pas l\u2019intervention d\u2019un technicien sp\u00e9cialis\u00e9.<\/p>\n<p>&nbsp;<\/p>\n<h3>Maintenance<\/h3>\n<p>La maintenance fait r\u00e9f\u00e9rence aux op\u00e9rations de gestion et de pr\u00e9servation des actifs et de l\u2019enveloppe architecturale, \u00e0 l\u2019entretien pr\u00e9ventif, \u00e0 la fiabilit\u00e9 des syst\u00e8mes et au contr\u00f4le des co\u00fbts d\u2019entretien.<\/p>\n<p>Ces op\u00e9rations comprennent non seulement l\u2019entretien au sens strict, mais aussi l\u2019inspection p\u00e9riodique de l\u2019\u00e9quipement, le remplacement syst\u00e9matique d\u2019organes ou de parties d\u2019organes, l\u2019installation de nouveaux \u00e9quipements et leur mise en \u0153uvre, les r\u00e9parations et la remise en marche apr\u00e8s les pannes.<\/p>\n<p>La maintenance exige des qualifications sp\u00e9ciales. Elle sera donc ex\u00e9cut\u00e9e par un technicien sp\u00e9cialis\u00e9, dans le but de maintenir un syst\u00e8me ou une partie du syst\u00e8me dans un \u00e9tat de fonctionnement normal.[\/vc_column_text][\/vc_column][\/vc_row][vc_row][\/vc_row][vc_row row_height_percent=\u00a0\u00bb0&Prime; overlay_alpha=\u00a0\u00bb50&Prime; gutter_size=\u00a0\u00bb3&Prime; shift_y=\u00a0\u00bb0&Prime; css=\u00a0\u00bb.vc_custom_1569108843026{margin-bottom: 50px !important;}\u00a0\u00bb][vc_column width=\u00a0\u00bb1\/1&Prime;][vc_button button_color=\u00a0\u00bbaccent\u00a0\u00bb size=\u00a0\u00bbbtn-lg\u00a0\u00bb radius=\u00a0\u00bbbtn-circle\u00a0\u00bb link=\u00a0\u00bburl:https%3A%2F%2Fwww.guides-sports-loisirs.ca%2Fpiscines-et-pataugeoires%2Fwp-content%2Fuploads%2Fsites%2F12%2F2017%2F03%2F6.1_EntretienMaintenance_Web.pdf||target:%20_blank|\u00a0\u00bb icon=\u00a0\u00bbfa fa-file-o\u00a0\u00bb el_class=\u00a0\u00bbbtn-pdf\u00a0\u00bb]Version PDF[\/vc_button][\/vc_column][\/vc_row]<\/p>\n<\/div>","protected":false},"excerpt":{"rendered":"<p>[vc_row][vc_column width=\u00a0\u00bb1\/1&Prime;][vc_column_text]Que l\u2019installation aquatique soit neuve ou usag\u00e9e, il est essentiel d\u2019\u00e9laborer et de mettre en \u0153uvre un programme d\u2019entretien [&hellip;]<\/p>\n","protected":false},"author":11,"featured_media":0,"parent":3102,"menu_order":1,"comment_status":"closed","ping_status":"closed","template":"","meta":{"_acf_changed":false,"footnotes":""},"class_list":["post-3104","page","type-page","status-publish","hentry"],"acf":[],"yoast_head":"<!-- This site is optimized with the Yoast SEO plugin v27.2 - https:\/\/yoast.com\/product\/yoast-seo-wordpress\/ -->\n<title>Entretien et maintenance - Piscines et pataugeoires<\/title>\n<meta name=\"robots\" content=\"index, follow, max-snippet:-1, max-image-preview:large, max-video-preview:-1\" \/>\n<link rel=\"canonical\" href=\"https:\/\/www.guides-sports-loisirs.ca\/piscines-et-pataugeoires\/entretien-maintenance\/entretien-et-maintenance\/\" \/>\n<meta property=\"og:locale\" content=\"fr_FR\" \/>\n<meta property=\"og:type\" content=\"article\" \/>\n<meta property=\"og:title\" content=\"Entretien et maintenance - Piscines et pataugeoires\" \/>\n<meta property=\"og:description\" content=\"[vc_row][vc_column width=\u00a0\u00bb1\/1&Prime;][vc_column_text]Que l\u2019installation aquatique soit neuve ou usag\u00e9e, il est essentiel d\u2019\u00e9laborer et de mettre en \u0153uvre un programme d\u2019entretien [&hellip;]\" \/>\n<meta property=\"og:url\" content=\"https:\/\/www.guides-sports-loisirs.ca\/piscines-et-pataugeoires\/entretien-maintenance\/entretien-et-maintenance\/\" \/>\n<meta property=\"og:site_name\" content=\"Piscines et pataugeoires\" \/>\n<meta property=\"article:modified_time\" content=\"2020-08-17T17:48:05+00:00\" \/>\n<meta name=\"twitter:card\" content=\"summary_large_image\" \/>\n<meta name=\"twitter:label1\" content=\"Dur\u00e9e de lecture estim\u00e9e\" \/>\n\t<meta name=\"twitter:data1\" content=\"2 minutes\" \/>\n<script type=\"application\/ld+json\" class=\"yoast-schema-graph\">{\"@context\":\"https:\/\/schema.org\",\"@graph\":[{\"@type\":\"WebPage\",\"@id\":\"https:\/\/www.guides-sports-loisirs.ca\/piscines-et-pataugeoires\/entretien-maintenance\/entretien-et-maintenance\/\",\"url\":\"https:\/\/www.guides-sports-loisirs.ca\/piscines-et-pataugeoires\/entretien-maintenance\/entretien-et-maintenance\/\",\"name\":\"Entretien et maintenance - Piscines et pataugeoires\",\"isPartOf\":{\"@id\":\"https:\/\/www.guides-sports-loisirs.ca\/piscines-et-pataugeoires\/#website\"},\"datePublished\":\"2020-08-17T12:48:02+00:00\",\"dateModified\":\"2020-08-17T17:48:05+00:00\",\"breadcrumb\":{\"@id\":\"https:\/\/www.guides-sports-loisirs.ca\/piscines-et-pataugeoires\/entretien-maintenance\/entretien-et-maintenance\/#breadcrumb\"},\"inLanguage\":\"fr-FR\",\"potentialAction\":[{\"@type\":\"ReadAction\",\"target\":[\"https:\/\/www.guides-sports-loisirs.ca\/piscines-et-pataugeoires\/entretien-maintenance\/entretien-et-maintenance\/\"]}]},{\"@type\":\"BreadcrumbList\",\"@id\":\"https:\/\/www.guides-sports-loisirs.ca\/piscines-et-pataugeoires\/entretien-maintenance\/entretien-et-maintenance\/#breadcrumb\",\"itemListElement\":[{\"@type\":\"ListItem\",\"position\":1,\"name\":\"Accueil\",\"item\":\"https:\/\/www.guides-sports-loisirs.ca\/piscines-et-pataugeoires\/\"},{\"@type\":\"ListItem\",\"position\":2,\"name\":\"Entretien et maintenance\",\"item\":\"https:\/\/www.guides-sports-loisirs.ca\/piscines-et-pataugeoires\/entretien-maintenance\/\"},{\"@type\":\"ListItem\",\"position\":3,\"name\":\"Entretien et maintenance\"}]},{\"@type\":\"WebSite\",\"@id\":\"https:\/\/www.guides-sports-loisirs.ca\/piscines-et-pataugeoires\/#website\",\"url\":\"https:\/\/www.guides-sports-loisirs.ca\/piscines-et-pataugeoires\/\",\"name\":\"Piscines et pataugeoires\",\"description\":\"Veloparcs\",\"potentialAction\":[{\"@type\":\"SearchAction\",\"target\":{\"@type\":\"EntryPoint\",\"urlTemplate\":\"https:\/\/www.guides-sports-loisirs.ca\/piscines-et-pataugeoires\/?s={search_term_string}\"},\"query-input\":{\"@type\":\"PropertyValueSpecification\",\"valueRequired\":true,\"valueName\":\"search_term_string\"}}],\"inLanguage\":\"fr-FR\"}]}<\/script>\n<!-- \/ Yoast SEO plugin. -->","yoast_head_json":{"title":"Entretien et maintenance - Piscines et pataugeoires","robots":{"index":"index","follow":"follow","max-snippet":"max-snippet:-1","max-image-preview":"max-image-preview:large","max-video-preview":"max-video-preview:-1"},"canonical":"https:\/\/www.guides-sports-loisirs.ca\/piscines-et-pataugeoires\/entretien-maintenance\/entretien-et-maintenance\/","og_locale":"fr_FR","og_type":"article","og_title":"Entretien et maintenance - Piscines et pataugeoires","og_description":"[vc_row][vc_column width=\u00a0\u00bb1\/1&Prime;][vc_column_text]Que l\u2019installation aquatique soit neuve ou usag\u00e9e, il est essentiel d\u2019\u00e9laborer et de mettre en \u0153uvre un programme d\u2019entretien [&hellip;]","og_url":"https:\/\/www.guides-sports-loisirs.ca\/piscines-et-pataugeoires\/entretien-maintenance\/entretien-et-maintenance\/","og_site_name":"Piscines et pataugeoires","article_modified_time":"2020-08-17T17:48:05+00:00","twitter_card":"summary_large_image","twitter_misc":{"Dur\u00e9e de lecture estim\u00e9e":"2 minutes"},"schema":{"@context":"https:\/\/schema.org","@graph":[{"@type":"WebPage","@id":"https:\/\/www.guides-sports-loisirs.ca\/piscines-et-pataugeoires\/entretien-maintenance\/entretien-et-maintenance\/","url":"https:\/\/www.guides-sports-loisirs.ca\/piscines-et-pataugeoires\/entretien-maintenance\/entretien-et-maintenance\/","name":"Entretien et maintenance - Piscines et pataugeoires","isPartOf":{"@id":"https:\/\/www.guides-sports-loisirs.ca\/piscines-et-pataugeoires\/#website"},"datePublished":"2020-08-17T12:48:02+00:00","dateModified":"2020-08-17T17:48:05+00:00","breadcrumb":{"@id":"https:\/\/www.guides-sports-loisirs.ca\/piscines-et-pataugeoires\/entretien-maintenance\/entretien-et-maintenance\/#breadcrumb"},"inLanguage":"fr-FR","potentialAction":[{"@type":"ReadAction","target":["https:\/\/www.guides-sports-loisirs.ca\/piscines-et-pataugeoires\/entretien-maintenance\/entretien-et-maintenance\/"]}]},{"@type":"BreadcrumbList","@id":"https:\/\/www.guides-sports-loisirs.ca\/piscines-et-pataugeoires\/entretien-maintenance\/entretien-et-maintenance\/#breadcrumb","itemListElement":[{"@type":"ListItem","position":1,"name":"Accueil","item":"https:\/\/www.guides-sports-loisirs.ca\/piscines-et-pataugeoires\/"},{"@type":"ListItem","position":2,"name":"Entretien et maintenance","item":"https:\/\/www.guides-sports-loisirs.ca\/piscines-et-pataugeoires\/entretien-maintenance\/"},{"@type":"ListItem","position":3,"name":"Entretien et maintenance"}]},{"@type":"WebSite","@id":"https:\/\/www.guides-sports-loisirs.ca\/piscines-et-pataugeoires\/#website","url":"https:\/\/www.guides-sports-loisirs.ca\/piscines-et-pataugeoires\/","name":"Piscines et pataugeoires","description":"Veloparcs","potentialAction":[{"@type":"SearchAction","target":{"@type":"EntryPoint","urlTemplate":"https:\/\/www.guides-sports-loisirs.ca\/piscines-et-pataugeoires\/?s={search_term_string}"},"query-input":{"@type":"PropertyValueSpecification","valueRequired":true,"valueName":"search_term_string"}}],"inLanguage":"fr-FR"}]}},"_links":{"self":[{"href":"https:\/\/www.guides-sports-loisirs.ca\/piscines-et-pataugeoires\/wp-json\/wp\/v2\/pages\/3104","targetHints":{"allow":["GET"]}}],"collection":[{"href":"https:\/\/www.guides-sports-loisirs.ca\/piscines-et-pataugeoires\/wp-json\/wp\/v2\/pages"}],"about":[{"href":"https:\/\/www.guides-sports-loisirs.ca\/piscines-et-pataugeoires\/wp-json\/wp\/v2\/types\/page"}],"author":[{"embeddable":true,"href":"https:\/\/www.guides-sports-loisirs.ca\/piscines-et-pataugeoires\/wp-json\/wp\/v2\/users\/11"}],"replies":[{"embeddable":true,"href":"https:\/\/www.guides-sports-loisirs.ca\/piscines-et-pataugeoires\/wp-json\/wp\/v2\/comments?post=3104"}],"version-history":[{"count":6,"href":"https:\/\/www.guides-sports-loisirs.ca\/piscines-et-pataugeoires\/wp-json\/wp\/v2\/pages\/3104\/revisions"}],"predecessor-version":[{"id":3234,"href":"https:\/\/www.guides-sports-loisirs.ca\/piscines-et-pataugeoires\/wp-json\/wp\/v2\/pages\/3104\/revisions\/3234"}],"up":[{"embeddable":true,"href":"https:\/\/www.guides-sports-loisirs.ca\/piscines-et-pataugeoires\/wp-json\/wp\/v2\/pages\/3102"}],"wp:attachment":[{"href":"https:\/\/www.guides-sports-loisirs.ca\/piscines-et-pataugeoires\/wp-json\/wp\/v2\/media?parent=3104"}],"curies":[{"name":"wp","href":"https:\/\/api.w.org\/{rel}","templated":true}]}}