{"id":2996,"date":"2020-08-12T13:11:34","date_gmt":"2020-08-12T17:11:34","guid":{"rendered":"https:\/\/www.guides-sports-loisirs.ca\/piscines-et-pataugeoires\/?page_id=2996"},"modified":"2020-08-17T13:25:13","modified_gmt":"2020-08-17T17:25:13","slug":"introduction","status":"publish","type":"page","link":"https:\/\/www.guides-sports-loisirs.ca\/piscines-et-pataugeoires\/introduction\/","title":{"rendered":"Introduction"},"content":{"rendered":"<div class=\"wpb-content-wrapper\"><p>[vc_row row_height_percent=\u00a0\u00bb0&Prime; overlay_alpha=\u00a0\u00bb50&Prime; gutter_size=\u00a0\u00bb3&Prime; shift_y=\u00a0\u00bb0&Prime; css=\u00a0\u00bb.vc_custom_1569206999586{margin-top: 40px !important;margin-bottom: 50px !important;}\u00a0\u00bb][vc_column width=\u00a0\u00bb1\/1&Prime;][vc_row_inner row_inner_height_percent=\u00a0\u00bb0&Prime; overlay_alpha=\u00a0\u00bb50&Prime; gutter_size=\u00a0\u00bb3&Prime; shift_y=\u00a0\u00bb0&Prime;][vc_column_inner column_width_percent=\u00a0\u00bb100&Prime; override_padding=\u00a0\u00bbyes\u00a0\u00bb column_padding=\u00a0\u00bb0&Prime; gutter_size=\u00a0\u00bb0&Prime; back_color=\u00a0\u00bbcolor-xsdn\u00a0\u00bb overlay_alpha=\u00a0\u00bb50&Prime; medium_width=\u00a0\u00bb0&Prime; shift_x=\u00a0\u00bb0&Prime; shift_y=\u00a0\u00bb0&Prime; z_index=\u00a0\u00bb0&Prime; width=\u00a0\u00bb1\/4&Prime; el_class=\u00a0\u00bbbox-menu\u00a0\u00bb link_to=\u00a0\u00bb|||\u00a0\u00bb][vc_custom_heading heading_semantic=\u00a0\u00bbh3&Prime; text_size=\u00a0\u00bbh3&Prime; text_weight=\u00a0\u00bb700&Prime; text_color=\u00a0\u00bbcolor-xsdn\u00a0\u00bb el_class=\u00a0\u00bbtitre\u00a0\u00bb]LES B\u00c9N\u00c9FICES DE L\u2019ACTIVIT\u00c9 AQUATIQUE POUR LA SANT\u00c9[\/vc_custom_heading][vc_column_text el_class=\u00a0\u00bbtexte\u00a0\u00bb]Les activit\u00e9s aquatiques sont tr\u00e8s populaires et b\u00e9n\u00e9fiques pour la sant\u00e9 \u00e0 plus d\u2019un point de vue. Les installations aquatiques permettent d\u2019offrir des activit\u00e9s dans toutes les cat\u00e9gories d\u2019\u00e2ge ainsi qu\u2019aux personnes ayant une limitation fonctionnelle.[\/vc_column_text][vc_separator sep_color=\u00a0\u00bbcolor-193714&Prime; el_width=\u00a0\u00bb100%\u00a0\u00bb el_height=\u00a0\u00bb1px\u00a0\u00bb][vc_column_text el_class=\u00a0\u00bblien\u00a0\u00bb]<a href=\"https:\/\/www.guides-sports-loisirs.ca\/piscines-et-pataugeoires\/introduction\/benefices-activite-aquatique-sante\/\">En savoir plus<\/a><a href=\"https:\/\/www.guides-sports-loisirs.ca\/piscines-et-pataugeoires\/introduction\/benefices-activite-aquatique-sante\/\"><img decoding=\"async\" class=\"alignnone wp-image-2412 size-full\" src=\"https:\/\/www.guides-sports-loisirs.ca\/piscines-et-pataugeoires\/wp-content\/uploads\/sites\/12\/2019\/09\/icone_lire-plus.png\" alt=\"Icone lire plus\" width=\"22\" height=\"21\" \/><\/a>[\/vc_column_text][vc_separator sep_color=\u00a0\u00bbcolor-193714&Prime; el_width=\u00a0\u00bb100%\u00a0\u00bb el_height=\u00a0\u00bb1px\u00a0\u00bb][vc_column_text el_class=\u00a0\u00bblien\u00a0\u00bb]<a href=\"https:\/\/www.guides-sports-loisirs.ca\/piscines-et-pataugeoires\/wp-content\/uploads\/sites\/12\/2017\/03\/0.1_Introduction_BeneficeActivite_Web.pdf\" target=\"_blank\" rel=\"noopener noreferrer\">T\u00e9l\u00e9charger le PDF<\/a><a href=\"https:\/\/www.guides-sports-loisirs.ca\/piscines-et-pataugeoires\/wp-content\/uploads\/sites\/12\/2017\/03\/0.1_Introduction_BeneficeActivite_Web.pdf\" target=\"_blank\" rel=\"noopener noreferrer\"><img decoding=\"async\" class=\"alignnone wp-image-2413 size-full\" src=\"https:\/\/www.guides-sports-loisirs.ca\/piscines-et-pataugeoires\/wp-content\/uploads\/sites\/12\/2019\/09\/icone_pdf.png\" alt=\"Icone PDF\" width=\"18\" height=\"22\" \/><\/a>[\/vc_column_text][\/vc_column_inner][vc_column_inner column_width_percent=\u00a0\u00bb100&Prime; override_padding=\u00a0\u00bbyes\u00a0\u00bb column_padding=\u00a0\u00bb0&Prime; gutter_size=\u00a0\u00bb0&Prime; overlay_alpha=\u00a0\u00bb50&Prime; medium_width=\u00a0\u00bb0&Prime; shift_x=\u00a0\u00bb0&Prime; shift_y=\u00a0\u00bb0&Prime; z_index=\u00a0\u00bb0&Prime; width=\u00a0\u00bb1\/4&Prime; el_class=\u00a0\u00bbbox-menu\u00a0\u00bb][vc_custom_heading heading_semantic=\u00a0\u00bbh3&Prime; text_size=\u00a0\u00bbh3&Prime; text_weight=\u00a0\u00bb700&Prime; text_color=\u00a0\u00bbcolor-xsdn\u00a0\u00bb el_class=\u00a0\u00bbtitre\u00a0\u00bb]R\u00d4LES ET RESPONSABILIT\u00c9S[\/vc_custom_heading][vc_column_text el_class=\u00a0\u00bbtexte\u00a0\u00bb]<\/p>\n<h3>Programmation et offre de service<\/h3>\n<p>L\u2019exploitant d\u2019un lieu de baignade est responsable de la planification, de la coordination, de la gestion, du contr\u00f4le et de la promotion des programmes et activit\u00e9s offerts au lieu de baignade.[\/vc_column_text][vc_separator sep_color=\u00a0\u00bbcolor-193714&Prime; el_width=\u00a0\u00bb100%\u00a0\u00bb el_height=\u00a0\u00bb1px\u00a0\u00bb][vc_column_text el_class=\u00a0\u00bblien\u00a0\u00bb]<a href=\"https:\/\/www.guides-sports-loisirs.ca\/piscines-et-pataugeoires\/introduction\/roles-et-responsabilites\/\">En savoir plus<\/a><a href=\"https:\/\/www.guides-sports-loisirs.ca\/piscines-et-pataugeoires\/introduction\/roles-et-responsabilites\/\"><img decoding=\"async\" class=\"alignnone wp-image-2412 size-full\" src=\"https:\/\/www.guides-sports-loisirs.ca\/piscines-et-pataugeoires\/wp-content\/uploads\/sites\/12\/2019\/09\/icone_lire-plus.png\" alt=\"Icone lire plus\" width=\"22\" height=\"21\" \/><\/a>[\/vc_column_text][vc_separator sep_color=\u00a0\u00bbcolor-193714&Prime; el_width=\u00a0\u00bb100%\u00a0\u00bb el_height=\u00a0\u00bb1px\u00a0\u00bb][vc_column_text el_class=\u00a0\u00bblien\u00a0\u00bb]<a href=\"https:\/\/www.guides-sports-loisirs.ca\/piscines-et-pataugeoires\/wp-content\/uploads\/sites\/12\/2017\/03\/0.2_Introduction_RolesResponsabilites_Web.pdf\" target=\"_blank\" rel=\"noopener noreferrer\">T\u00e9l\u00e9charger le PDF<\/a><a href=\"https:\/\/www.guides-sports-loisirs.ca\/piscines-et-pataugeoires\/wp-content\/uploads\/sites\/12\/2017\/03\/0.2_Introduction_RolesResponsabilites_Web.pdf\" target=\"_blank\" rel=\"noopener noreferrer\"><img decoding=\"async\" class=\"alignnone wp-image-2413 size-full\" src=\"https:\/\/www.guides-sports-loisirs.ca\/piscines-et-pataugeoires\/wp-content\/uploads\/sites\/12\/2019\/09\/icone_pdf.png\" alt=\"Icone PDF\" width=\"18\" height=\"22\" \/><\/a>[\/vc_column_text][\/vc_column_inner][vc_column_inner column_width_percent=\u00a0\u00bb100&Prime; override_padding=\u00a0\u00bbyes\u00a0\u00bb column_padding=\u00a0\u00bb0&Prime; gutter_size=\u00a0\u00bb0&Prime; overlay_alpha=\u00a0\u00bb50&Prime; medium_width=\u00a0\u00bb0&Prime; shift_x=\u00a0\u00bb0&Prime; shift_y=\u00a0\u00bb0&Prime; z_index=\u00a0\u00bb0&Prime; width=\u00a0\u00bb1\/4&Prime; el_class=\u00a0\u00bbbox-menu\u00a0\u00bb][\/vc_column_inner][vc_column_inner column_width_percent=\u00a0\u00bb100&Prime; override_padding=\u00a0\u00bbyes\u00a0\u00bb column_padding=\u00a0\u00bb0&Prime; gutter_size=\u00a0\u00bb0&Prime; overlay_alpha=\u00a0\u00bb50&Prime; medium_width=\u00a0\u00bb0&Prime; shift_x=\u00a0\u00bb0&Prime; shift_y=\u00a0\u00bb0&Prime; z_index=\u00a0\u00bb0&Prime; width=\u00a0\u00bb1\/4&Prime; el_class=\u00a0\u00bbbox-menu\u00a0\u00bb][\/vc_column_inner][\/vc_row_inner][\/vc_column][\/vc_row]<\/p>\n<\/div>","protected":false},"excerpt":{"rendered":"<p>[vc_row row_height_percent=\u00a0\u00bb0&Prime; overlay_alpha=\u00a0\u00bb50&Prime; gutter_size=\u00a0\u00bb3&Prime; shift_y=\u00a0\u00bb0&Prime; css=\u00a0\u00bb.vc_custom_1569206999586{margin-top: 40px !important;margin-bottom: 50px !important;}\u00a0\u00bb][vc_column width=\u00a0\u00bb1\/1&Prime;][vc_row_inner row_inner_height_percent=\u00a0\u00bb0&Prime; overlay_alpha=\u00a0\u00bb50&Prime; gutter_size=\u00a0\u00bb3&Prime; shift_y=\u00a0\u00bb0&Prime;][vc_column_inner column_width_percent=\u00a0\u00bb100&Prime; override_padding=\u00a0\u00bbyes\u00a0\u00bb column_padding=\u00a0\u00bb0&Prime; gutter_size=\u00a0\u00bb0&Prime; back_color=\u00a0\u00bbcolor-xsdn\u00a0\u00bb [&hellip;]<\/p>\n","protected":false},"author":11,"featured_media":0,"parent":0,"menu_order":1,"comment_status":"closed","ping_status":"closed","template":"","meta":{"_acf_changed":false,"footnotes":""},"class_list":["post-2996","page","type-page","status-publish","hentry"],"acf":[],"yoast_head":"<!-- This site is optimized with the Yoast SEO plugin v27.4 - https:\/\/yoast.com\/product\/yoast-seo-wordpress\/ -->\n<title>Introduction - Piscines et pataugeoires<\/title>\n<meta name=\"robots\" content=\"index, follow, max-snippet:-1, max-image-preview:large, max-video-preview:-1\" \/>\n<link rel=\"canonical\" href=\"https:\/\/www.guides-sports-loisirs.ca\/piscines-et-pataugeoires\/introduction\/\" \/>\n<meta property=\"og:locale\" content=\"fr_FR\" \/>\n<meta property=\"og:type\" content=\"article\" \/>\n<meta property=\"og:title\" content=\"Introduction - Piscines et pataugeoires\" \/>\n<meta property=\"og:description\" content=\"[vc_row row_height_percent=\u00a0\u00bb0&Prime; overlay_alpha=\u00a0\u00bb50&Prime; gutter_size=\u00a0\u00bb3&Prime; shift_y=\u00a0\u00bb0&Prime; css=\u00a0\u00bb.vc_custom_1569206999586{margin-top: 40px !important;margin-bottom: 50px !important;}\u00a0\u00bb][vc_column width=\u00a0\u00bb1\/1&Prime;][vc_row_inner row_inner_height_percent=\u00a0\u00bb0&Prime; overlay_alpha=\u00a0\u00bb50&Prime; gutter_size=\u00a0\u00bb3&Prime; shift_y=\u00a0\u00bb0&Prime;][vc_column_inner column_width_percent=\u00a0\u00bb100&Prime; override_padding=\u00a0\u00bbyes\u00a0\u00bb column_padding=\u00a0\u00bb0&Prime; gutter_size=\u00a0\u00bb0&Prime; back_color=\u00a0\u00bbcolor-xsdn\u00a0\u00bb [&hellip;]\" \/>\n<meta property=\"og:url\" content=\"https:\/\/www.guides-sports-loisirs.ca\/piscines-et-pataugeoires\/introduction\/\" \/>\n<meta property=\"og:site_name\" content=\"Piscines et pataugeoires\" \/>\n<meta property=\"article:modified_time\" content=\"2020-08-17T17:25:13+00:00\" \/>\n<meta property=\"og:image\" content=\"https:\/\/www.guides-sports-loisirs.ca\/piscines-et-pataugeoires\/wp-content\/uploads\/sites\/12\/2019\/09\/icone_lire-plus.png\" \/>\n<meta name=\"twitter:card\" content=\"summary_large_image\" \/>\n<meta name=\"twitter:label1\" content=\"Dur\u00e9e de lecture estim\u00e9e\" \/>\n\t<meta name=\"twitter:data1\" content=\"2 minutes\" \/>\n<script type=\"application\/ld+json\" class=\"yoast-schema-graph\">{\"@context\":\"https:\\\/\\\/schema.org\",\"@graph\":[{\"@type\":\"WebPage\",\"@id\":\"https:\\\/\\\/www.guides-sports-loisirs.ca\\\/piscines-et-pataugeoires\\\/introduction\\\/\",\"url\":\"https:\\\/\\\/www.guides-sports-loisirs.ca\\\/piscines-et-pataugeoires\\\/introduction\\\/\",\"name\":\"Introduction - Piscines et pataugeoires\",\"isPartOf\":{\"@id\":\"https:\\\/\\\/www.guides-sports-loisirs.ca\\\/piscines-et-pataugeoires\\\/#website\"},\"primaryImageOfPage\":{\"@id\":\"https:\\\/\\\/www.guides-sports-loisirs.ca\\\/piscines-et-pataugeoires\\\/introduction\\\/#primaryimage\"},\"image\":{\"@id\":\"https:\\\/\\\/www.guides-sports-loisirs.ca\\\/piscines-et-pataugeoires\\\/introduction\\\/#primaryimage\"},\"thumbnailUrl\":\"https:\\\/\\\/www.guides-sports-loisirs.ca\\\/piscines-et-pataugeoires\\\/wp-content\\\/uploads\\\/sites\\\/12\\\/2019\\\/09\\\/icone_lire-plus.png\",\"datePublished\":\"2020-08-12T17:11:34+00:00\",\"dateModified\":\"2020-08-17T17:25:13+00:00\",\"breadcrumb\":{\"@id\":\"https:\\\/\\\/www.guides-sports-loisirs.ca\\\/piscines-et-pataugeoires\\\/introduction\\\/#breadcrumb\"},\"inLanguage\":\"fr-FR\",\"potentialAction\":[{\"@type\":\"ReadAction\",\"target\":[\"https:\\\/\\\/www.guides-sports-loisirs.ca\\\/piscines-et-pataugeoires\\\/introduction\\\/\"]}]},{\"@type\":\"ImageObject\",\"inLanguage\":\"fr-FR\",\"@id\":\"https:\\\/\\\/www.guides-sports-loisirs.ca\\\/piscines-et-pataugeoires\\\/introduction\\\/#primaryimage\",\"url\":\"https:\\\/\\\/www.guides-sports-loisirs.ca\\\/piscines-et-pataugeoires\\\/wp-content\\\/uploads\\\/sites\\\/12\\\/2019\\\/09\\\/icone_lire-plus.png\",\"contentUrl\":\"https:\\\/\\\/www.guides-sports-loisirs.ca\\\/piscines-et-pataugeoires\\\/wp-content\\\/uploads\\\/sites\\\/12\\\/2019\\\/09\\\/icone_lire-plus.png\",\"width\":22,\"height\":21,\"caption\":\"Icone lire plus\"},{\"@type\":\"BreadcrumbList\",\"@id\":\"https:\\\/\\\/www.guides-sports-loisirs.ca\\\/piscines-et-pataugeoires\\\/introduction\\\/#breadcrumb\",\"itemListElement\":[{\"@type\":\"ListItem\",\"position\":1,\"name\":\"Accueil\",\"item\":\"https:\\\/\\\/www.guides-sports-loisirs.ca\\\/piscines-et-pataugeoires\\\/\"},{\"@type\":\"ListItem\",\"position\":2,\"name\":\"Introduction\"}]},{\"@type\":\"WebSite\",\"@id\":\"https:\\\/\\\/www.guides-sports-loisirs.ca\\\/piscines-et-pataugeoires\\\/#website\",\"url\":\"https:\\\/\\\/www.guides-sports-loisirs.ca\\\/piscines-et-pataugeoires\\\/\",\"name\":\"Piscines et pataugeoires\",\"description\":\"Veloparcs\",\"potentialAction\":[{\"@type\":\"SearchAction\",\"target\":{\"@type\":\"EntryPoint\",\"urlTemplate\":\"https:\\\/\\\/www.guides-sports-loisirs.ca\\\/piscines-et-pataugeoires\\\/?s={search_term_string}\"},\"query-input\":{\"@type\":\"PropertyValueSpecification\",\"valueRequired\":true,\"valueName\":\"search_term_string\"}}],\"inLanguage\":\"fr-FR\"}]}<\/script>\n<!-- \/ Yoast SEO plugin. -->","yoast_head_json":{"title":"Introduction - Piscines et pataugeoires","robots":{"index":"index","follow":"follow","max-snippet":"max-snippet:-1","max-image-preview":"max-image-preview:large","max-video-preview":"max-video-preview:-1"},"canonical":"https:\/\/www.guides-sports-loisirs.ca\/piscines-et-pataugeoires\/introduction\/","og_locale":"fr_FR","og_type":"article","og_title":"Introduction - Piscines et pataugeoires","og_description":"[vc_row row_height_percent=\u00a0\u00bb0&Prime; overlay_alpha=\u00a0\u00bb50&Prime; gutter_size=\u00a0\u00bb3&Prime; shift_y=\u00a0\u00bb0&Prime; css=\u00a0\u00bb.vc_custom_1569206999586{margin-top: 40px !important;margin-bottom: 50px !important;}\u00a0\u00bb][vc_column width=\u00a0\u00bb1\/1&Prime;][vc_row_inner row_inner_height_percent=\u00a0\u00bb0&Prime; overlay_alpha=\u00a0\u00bb50&Prime; gutter_size=\u00a0\u00bb3&Prime; shift_y=\u00a0\u00bb0&Prime;][vc_column_inner column_width_percent=\u00a0\u00bb100&Prime; override_padding=\u00a0\u00bbyes\u00a0\u00bb column_padding=\u00a0\u00bb0&Prime; gutter_size=\u00a0\u00bb0&Prime; back_color=\u00a0\u00bbcolor-xsdn\u00a0\u00bb [&hellip;]","og_url":"https:\/\/www.guides-sports-loisirs.ca\/piscines-et-pataugeoires\/introduction\/","og_site_name":"Piscines et pataugeoires","article_modified_time":"2020-08-17T17:25:13+00:00","og_image":[{"url":"https:\/\/www.guides-sports-loisirs.ca\/piscines-et-pataugeoires\/wp-content\/uploads\/sites\/12\/2019\/09\/icone_lire-plus.png","type":"","width":"","height":""}],"twitter_card":"summary_large_image","twitter_misc":{"Dur\u00e9e de lecture estim\u00e9e":"2 minutes"},"schema":{"@context":"https:\/\/schema.org","@graph":[{"@type":"WebPage","@id":"https:\/\/www.guides-sports-loisirs.ca\/piscines-et-pataugeoires\/introduction\/","url":"https:\/\/www.guides-sports-loisirs.ca\/piscines-et-pataugeoires\/introduction\/","name":"Introduction - Piscines et pataugeoires","isPartOf":{"@id":"https:\/\/www.guides-sports-loisirs.ca\/piscines-et-pataugeoires\/#website"},"primaryImageOfPage":{"@id":"https:\/\/www.guides-sports-loisirs.ca\/piscines-et-pataugeoires\/introduction\/#primaryimage"},"image":{"@id":"https:\/\/www.guides-sports-loisirs.ca\/piscines-et-pataugeoires\/introduction\/#primaryimage"},"thumbnailUrl":"https:\/\/www.guides-sports-loisirs.ca\/piscines-et-pataugeoires\/wp-content\/uploads\/sites\/12\/2019\/09\/icone_lire-plus.png","datePublished":"2020-08-12T17:11:34+00:00","dateModified":"2020-08-17T17:25:13+00:00","breadcrumb":{"@id":"https:\/\/www.guides-sports-loisirs.ca\/piscines-et-pataugeoires\/introduction\/#breadcrumb"},"inLanguage":"fr-FR","potentialAction":[{"@type":"ReadAction","target":["https:\/\/www.guides-sports-loisirs.ca\/piscines-et-pataugeoires\/introduction\/"]}]},{"@type":"ImageObject","inLanguage":"fr-FR","@id":"https:\/\/www.guides-sports-loisirs.ca\/piscines-et-pataugeoires\/introduction\/#primaryimage","url":"https:\/\/www.guides-sports-loisirs.ca\/piscines-et-pataugeoires\/wp-content\/uploads\/sites\/12\/2019\/09\/icone_lire-plus.png","contentUrl":"https:\/\/www.guides-sports-loisirs.ca\/piscines-et-pataugeoires\/wp-content\/uploads\/sites\/12\/2019\/09\/icone_lire-plus.png","width":22,"height":21,"caption":"Icone lire plus"},{"@type":"BreadcrumbList","@id":"https:\/\/www.guides-sports-loisirs.ca\/piscines-et-pataugeoires\/introduction\/#breadcrumb","itemListElement":[{"@type":"ListItem","position":1,"name":"Accueil","item":"https:\/\/www.guides-sports-loisirs.ca\/piscines-et-pataugeoires\/"},{"@type":"ListItem","position":2,"name":"Introduction"}]},{"@type":"WebSite","@id":"https:\/\/www.guides-sports-loisirs.ca\/piscines-et-pataugeoires\/#website","url":"https:\/\/www.guides-sports-loisirs.ca\/piscines-et-pataugeoires\/","name":"Piscines et pataugeoires","description":"Veloparcs","potentialAction":[{"@type":"SearchAction","target":{"@type":"EntryPoint","urlTemplate":"https:\/\/www.guides-sports-loisirs.ca\/piscines-et-pataugeoires\/?s={search_term_string}"},"query-input":{"@type":"PropertyValueSpecification","valueRequired":true,"valueName":"search_term_string"}}],"inLanguage":"fr-FR"}]}},"_links":{"self":[{"href":"https:\/\/www.guides-sports-loisirs.ca\/piscines-et-pataugeoires\/wp-json\/wp\/v2\/pages\/2996","targetHints":{"allow":["GET"]}}],"collection":[{"href":"https:\/\/www.guides-sports-loisirs.ca\/piscines-et-pataugeoires\/wp-json\/wp\/v2\/pages"}],"about":[{"href":"https:\/\/www.guides-sports-loisirs.ca\/piscines-et-pataugeoires\/wp-json\/wp\/v2\/types\/page"}],"author":[{"embeddable":true,"href":"https:\/\/www.guides-sports-loisirs.ca\/piscines-et-pataugeoires\/wp-json\/wp\/v2\/users\/11"}],"replies":[{"embeddable":true,"href":"https:\/\/www.guides-sports-loisirs.ca\/piscines-et-pataugeoires\/wp-json\/wp\/v2\/comments?post=2996"}],"version-history":[{"count":5,"href":"https:\/\/www.guides-sports-loisirs.ca\/piscines-et-pataugeoires\/wp-json\/wp\/v2\/pages\/2996\/revisions"}],"predecessor-version":[{"id":3206,"href":"https:\/\/www.guides-sports-loisirs.ca\/piscines-et-pataugeoires\/wp-json\/wp\/v2\/pages\/2996\/revisions\/3206"}],"wp:attachment":[{"href":"https:\/\/www.guides-sports-loisirs.ca\/piscines-et-pataugeoires\/wp-json\/wp\/v2\/media?parent=2996"}],"curies":[{"name":"wp","href":"https:\/\/api.w.org\/{rel}","templated":true}]}}