{"id":2956,"date":"2020-08-12T12:14:30","date_gmt":"2020-08-12T16:14:30","guid":{"rendered":"https:\/\/www.guides-sports-loisirs.ca\/piscines-et-pataugeoires\/?page_id=2956"},"modified":"2020-08-17T13:45:25","modified_gmt":"2020-08-17T17:45:25","slug":"qualite-air","status":"publish","type":"page","link":"https:\/\/www.guides-sports-loisirs.ca\/piscines-et-pataugeoires\/qualite-eau-air\/qualite-air\/","title":{"rendered":"Qualit\u00e9 de l\u2019air"},"content":{"rendered":"<div class=\"wpb-content-wrapper\"><p>[vc_row][vc_column width=\u00a0\u00bb1\/1&Prime;][vc_column_text]Le confort et la s\u00e9curit\u00e9 ne sont pas des \u00e9l\u00e9ments uniquement reli\u00e9s \u00e0 la qualit\u00e9 de l\u2019eau, mais aussi \u00e0 la qualit\u00e9 de l\u2019air. Il est certain que les deux interagissent constamment. S\u2019il y a des chloramines dans l\u2019eau, on risque fortement d\u2019en retrouver dans l\u2019air et si l\u2019air est plus froid que l\u2019eau, il s\u2019ensuit une perte \u00e9vaporative et \u00e9nerg\u00e9tique plus grande que la normale.<\/p>\n<p>Les op\u00e9rateurs et les exploitants d\u2019un lieu de baignade doivent aussi tenir compte que le syst\u00e8me de d\u00e9shumidification a \u00e9t\u00e9 con\u00e7u pour maintenir une temp\u00e9rature d\u2019eau \u00e0 27,8\u00baC (82\u00baF) et une temp\u00e9rature d\u2019air \u00e0 28,9\u00baC (84\u00baF). \u00c0 partir du moment o\u00f9 l\u2019on tente de changer ces donn\u00e9es \u00e0 la hausse, les probl\u00e8mes commencent. Il est fort probable que le syst\u00e8me de d\u00e9shumidification arr\u00eatera de fonctionner en atteignant un niveau d\u2019alarme (basse ou haute pression). Ces interruptions du syst\u00e8me engendrent la pr\u00e9cipitation de l\u2019humidit\u00e9 sur la fenestration et la structure du b\u00e2timent, principalement l\u2019hiver quand le syst\u00e8me est le plus sollicit\u00e9. Il peut s\u2019ensuivre la formation de moisissures qui, \u00e0 la longue, peuvent constituer un risque pour la sant\u00e9 des usagers et des travailleurs (voir <a href=\"https:\/\/www.apsam.com\/theme\/risques-biologiques\/moisissures\" target=\"_blank\" rel=\"noopener noreferrer\">https:\/\/www.apsam.com\/theme\/risques-biologiques\/moisissures<\/a>).[\/vc_column_text][vc_column_text css_animation=\u00a0\u00bbzoom-in\u00a0\u00bb animation_delay=\u00a0\u00bb600&Prime; border_color=\u00a0\u00bbcolor-131080&Prime; border_style=\u00a0\u00bbdashed\u00a0\u00bb css=\u00a0\u00bb.vc_custom_1597249633263{margin-top: 35px !important;margin-bottom: 35px !important;padding-top: 7px !important;padding-right: 10px !important;padding-bottom: 7px !important;padding-left: 10px !important;}\u00a0\u00bb]<img decoding=\"async\" class=\"alignnone wp-image-2807 size-full\" src=\"https:\/\/www.guides-sports-loisirs.ca\/piscines-et-pataugeoires\/wp-content\/uploads\/sites\/12\/2020\/08\/exclamation.png\" alt=\"\" width=\"11\" height=\"30\" \/><\/p>\n<p><strong>Il est interdit d\u2019arr\u00eater le syst\u00e8me de ventilation pour faire des \u00e9conomies d\u2019\u00e9nergie ou encore d\u2019en n\u00e9gliger l\u2019entretien pr\u00e9ventif, car cela irait \u00e0 l\u2019encontre de l\u2019article 5 du R\u00e8glement sur la sant\u00e9 et la s\u00e9curit\u00e9 du travail.<\/strong>[\/vc_column_text][vc_column_text]Proc\u00e9dez annuellement \u00e0 un grand m\u00e9nage de vos installations en profitant de l\u2019occasion pour inspecter et faire nettoyer, au besoin, les gaines de ventilation. Il est aussi important de voir p\u00e9riodiquement au remplacement des filtres \u00e0 cartouche du syst\u00e8me de ventilation. Certains fabricants proposent des cartouches dont les propri\u00e9t\u00e9s permettent d\u2019enlever des chloramines dans l\u2019air. Elles sont plus ch\u00e8res, bien s\u00fbr, mais elles en valent le co\u00fbt.<\/p>\n<p>N\u2019oubliez pas que le confort de l\u2019air a une incidence directe sur le niveau d\u2019attention des surveillants-sauveteurs. Par cons\u00e9quent, la qualit\u00e9 de l\u2019air a \u00e9galement un impact direct sur la s\u00e9curit\u00e9 des usagers dans l\u2019eau.[\/vc_column_text][\/vc_column][\/vc_row][vc_row][\/vc_row][vc_row row_height_percent=\u00a0\u00bb0&Prime; overlay_alpha=\u00a0\u00bb50&Prime; gutter_size=\u00a0\u00bb3&Prime; shift_y=\u00a0\u00bb0&Prime; css=\u00a0\u00bb.vc_custom_1569108843026{margin-bottom: 50px !important;}\u00a0\u00bb][vc_column width=\u00a0\u00bb1\/1&Prime;][vc_button button_color=\u00a0\u00bbaccent\u00a0\u00bb size=\u00a0\u00bbbtn-lg\u00a0\u00bb radius=\u00a0\u00bbbtn-circle\u00a0\u00bb link=\u00a0\u00bburl:https%3A%2F%2Fwww.guides-sports-loisirs.ca%2Fpiscines-et-pataugeoires%2Fwp-content%2Fuploads%2Fsites%2F12%2F2017%2F03%2F5.4_QualiteEauAir_QualiteAir_Web.pdf||target:%20_blank|\u00a0\u00bb icon=\u00a0\u00bbfa fa-file-o\u00a0\u00bb el_class=\u00a0\u00bbbtn-pdf\u00a0\u00bb]Version PDF[\/vc_button][\/vc_column][\/vc_row]<\/p>\n<\/div>","protected":false},"excerpt":{"rendered":"<p>[vc_row][vc_column width=\u00a0\u00bb1\/1&Prime;][vc_column_text]Le confort et la s\u00e9curit\u00e9 ne sont pas des \u00e9l\u00e9ments uniquement reli\u00e9s \u00e0 la qualit\u00e9 de l\u2019eau, mais aussi [&hellip;]<\/p>\n","protected":false},"author":11,"featured_media":0,"parent":2903,"menu_order":4,"comment_status":"closed","ping_status":"closed","template":"","meta":{"_acf_changed":false,"footnotes":""},"class_list":["post-2956","page","type-page","status-publish","hentry"],"acf":[],"yoast_head":"<!-- This site is optimized with the Yoast SEO plugin v27.4 - https:\/\/yoast.com\/product\/yoast-seo-wordpress\/ -->\n<title>Qualit\u00e9 de l\u2019air - Piscines et pataugeoires<\/title>\n<meta name=\"robots\" content=\"index, follow, max-snippet:-1, max-image-preview:large, max-video-preview:-1\" \/>\n<link rel=\"canonical\" href=\"https:\/\/www.guides-sports-loisirs.ca\/piscines-et-pataugeoires\/qualite-eau-air\/qualite-air\/\" \/>\n<meta property=\"og:locale\" content=\"fr_FR\" \/>\n<meta property=\"og:type\" content=\"article\" \/>\n<meta property=\"og:title\" content=\"Qualit\u00e9 de l\u2019air - Piscines et pataugeoires\" \/>\n<meta property=\"og:description\" content=\"[vc_row][vc_column width=\u00a0\u00bb1\/1&Prime;][vc_column_text]Le confort et la s\u00e9curit\u00e9 ne sont pas des \u00e9l\u00e9ments uniquement reli\u00e9s \u00e0 la qualit\u00e9 de l\u2019eau, mais aussi [&hellip;]\" \/>\n<meta property=\"og:url\" content=\"https:\/\/www.guides-sports-loisirs.ca\/piscines-et-pataugeoires\/qualite-eau-air\/qualite-air\/\" \/>\n<meta property=\"og:site_name\" content=\"Piscines et pataugeoires\" \/>\n<meta property=\"article:modified_time\" content=\"2020-08-17T17:45:25+00:00\" \/>\n<meta property=\"og:image\" content=\"https:\/\/www.guides-sports-loisirs.ca\/piscines-et-pataugeoires\/wp-content\/uploads\/sites\/12\/2020\/08\/exclamation.png\" \/>\n<meta name=\"twitter:card\" content=\"summary_large_image\" \/>\n<meta name=\"twitter:label1\" content=\"Dur\u00e9e de lecture estim\u00e9e\" \/>\n\t<meta name=\"twitter:data1\" content=\"3 minutes\" \/>\n<script type=\"application\/ld+json\" class=\"yoast-schema-graph\">{\"@context\":\"https:\\\/\\\/schema.org\",\"@graph\":[{\"@type\":\"WebPage\",\"@id\":\"https:\\\/\\\/www.guides-sports-loisirs.ca\\\/piscines-et-pataugeoires\\\/qualite-eau-air\\\/qualite-air\\\/\",\"url\":\"https:\\\/\\\/www.guides-sports-loisirs.ca\\\/piscines-et-pataugeoires\\\/qualite-eau-air\\\/qualite-air\\\/\",\"name\":\"Qualit\u00e9 de l\u2019air - Piscines et pataugeoires\",\"isPartOf\":{\"@id\":\"https:\\\/\\\/www.guides-sports-loisirs.ca\\\/piscines-et-pataugeoires\\\/#website\"},\"primaryImageOfPage\":{\"@id\":\"https:\\\/\\\/www.guides-sports-loisirs.ca\\\/piscines-et-pataugeoires\\\/qualite-eau-air\\\/qualite-air\\\/#primaryimage\"},\"image\":{\"@id\":\"https:\\\/\\\/www.guides-sports-loisirs.ca\\\/piscines-et-pataugeoires\\\/qualite-eau-air\\\/qualite-air\\\/#primaryimage\"},\"thumbnailUrl\":\"https:\\\/\\\/www.guides-sports-loisirs.ca\\\/piscines-et-pataugeoires\\\/wp-content\\\/uploads\\\/sites\\\/12\\\/2020\\\/08\\\/exclamation.png\",\"datePublished\":\"2020-08-12T16:14:30+00:00\",\"dateModified\":\"2020-08-17T17:45:25+00:00\",\"breadcrumb\":{\"@id\":\"https:\\\/\\\/www.guides-sports-loisirs.ca\\\/piscines-et-pataugeoires\\\/qualite-eau-air\\\/qualite-air\\\/#breadcrumb\"},\"inLanguage\":\"fr-FR\",\"potentialAction\":[{\"@type\":\"ReadAction\",\"target\":[\"https:\\\/\\\/www.guides-sports-loisirs.ca\\\/piscines-et-pataugeoires\\\/qualite-eau-air\\\/qualite-air\\\/\"]}]},{\"@type\":\"ImageObject\",\"inLanguage\":\"fr-FR\",\"@id\":\"https:\\\/\\\/www.guides-sports-loisirs.ca\\\/piscines-et-pataugeoires\\\/qualite-eau-air\\\/qualite-air\\\/#primaryimage\",\"url\":\"https:\\\/\\\/www.guides-sports-loisirs.ca\\\/piscines-et-pataugeoires\\\/wp-content\\\/uploads\\\/sites\\\/12\\\/2020\\\/08\\\/exclamation.png\",\"contentUrl\":\"https:\\\/\\\/www.guides-sports-loisirs.ca\\\/piscines-et-pataugeoires\\\/wp-content\\\/uploads\\\/sites\\\/12\\\/2020\\\/08\\\/exclamation.png\",\"width\":11,\"height\":30},{\"@type\":\"BreadcrumbList\",\"@id\":\"https:\\\/\\\/www.guides-sports-loisirs.ca\\\/piscines-et-pataugeoires\\\/qualite-eau-air\\\/qualite-air\\\/#breadcrumb\",\"itemListElement\":[{\"@type\":\"ListItem\",\"position\":1,\"name\":\"Accueil\",\"item\":\"https:\\\/\\\/www.guides-sports-loisirs.ca\\\/piscines-et-pataugeoires\\\/\"},{\"@type\":\"ListItem\",\"position\":2,\"name\":\"Qualit\u00e9 de l&rsquo;eau et de l&rsquo;air\",\"item\":\"https:\\\/\\\/www.guides-sports-loisirs.ca\\\/piscines-et-pataugeoires\\\/qualite-eau-air\\\/\"},{\"@type\":\"ListItem\",\"position\":3,\"name\":\"Qualit\u00e9 de l\u2019air\"}]},{\"@type\":\"WebSite\",\"@id\":\"https:\\\/\\\/www.guides-sports-loisirs.ca\\\/piscines-et-pataugeoires\\\/#website\",\"url\":\"https:\\\/\\\/www.guides-sports-loisirs.ca\\\/piscines-et-pataugeoires\\\/\",\"name\":\"Piscines et pataugeoires\",\"description\":\"Veloparcs\",\"potentialAction\":[{\"@type\":\"SearchAction\",\"target\":{\"@type\":\"EntryPoint\",\"urlTemplate\":\"https:\\\/\\\/www.guides-sports-loisirs.ca\\\/piscines-et-pataugeoires\\\/?s={search_term_string}\"},\"query-input\":{\"@type\":\"PropertyValueSpecification\",\"valueRequired\":true,\"valueName\":\"search_term_string\"}}],\"inLanguage\":\"fr-FR\"}]}<\/script>\n<!-- \/ Yoast SEO plugin. -->","yoast_head_json":{"title":"Qualit\u00e9 de l\u2019air - Piscines et pataugeoires","robots":{"index":"index","follow":"follow","max-snippet":"max-snippet:-1","max-image-preview":"max-image-preview:large","max-video-preview":"max-video-preview:-1"},"canonical":"https:\/\/www.guides-sports-loisirs.ca\/piscines-et-pataugeoires\/qualite-eau-air\/qualite-air\/","og_locale":"fr_FR","og_type":"article","og_title":"Qualit\u00e9 de l\u2019air - Piscines et pataugeoires","og_description":"[vc_row][vc_column width=\u00a0\u00bb1\/1&Prime;][vc_column_text]Le confort et la s\u00e9curit\u00e9 ne sont pas des \u00e9l\u00e9ments uniquement reli\u00e9s \u00e0 la qualit\u00e9 de l\u2019eau, mais aussi [&hellip;]","og_url":"https:\/\/www.guides-sports-loisirs.ca\/piscines-et-pataugeoires\/qualite-eau-air\/qualite-air\/","og_site_name":"Piscines et pataugeoires","article_modified_time":"2020-08-17T17:45:25+00:00","og_image":[{"url":"https:\/\/www.guides-sports-loisirs.ca\/piscines-et-pataugeoires\/wp-content\/uploads\/sites\/12\/2020\/08\/exclamation.png","type":"","width":"","height":""}],"twitter_card":"summary_large_image","twitter_misc":{"Dur\u00e9e de lecture estim\u00e9e":"3 minutes"},"schema":{"@context":"https:\/\/schema.org","@graph":[{"@type":"WebPage","@id":"https:\/\/www.guides-sports-loisirs.ca\/piscines-et-pataugeoires\/qualite-eau-air\/qualite-air\/","url":"https:\/\/www.guides-sports-loisirs.ca\/piscines-et-pataugeoires\/qualite-eau-air\/qualite-air\/","name":"Qualit\u00e9 de l\u2019air - Piscines et pataugeoires","isPartOf":{"@id":"https:\/\/www.guides-sports-loisirs.ca\/piscines-et-pataugeoires\/#website"},"primaryImageOfPage":{"@id":"https:\/\/www.guides-sports-loisirs.ca\/piscines-et-pataugeoires\/qualite-eau-air\/qualite-air\/#primaryimage"},"image":{"@id":"https:\/\/www.guides-sports-loisirs.ca\/piscines-et-pataugeoires\/qualite-eau-air\/qualite-air\/#primaryimage"},"thumbnailUrl":"https:\/\/www.guides-sports-loisirs.ca\/piscines-et-pataugeoires\/wp-content\/uploads\/sites\/12\/2020\/08\/exclamation.png","datePublished":"2020-08-12T16:14:30+00:00","dateModified":"2020-08-17T17:45:25+00:00","breadcrumb":{"@id":"https:\/\/www.guides-sports-loisirs.ca\/piscines-et-pataugeoires\/qualite-eau-air\/qualite-air\/#breadcrumb"},"inLanguage":"fr-FR","potentialAction":[{"@type":"ReadAction","target":["https:\/\/www.guides-sports-loisirs.ca\/piscines-et-pataugeoires\/qualite-eau-air\/qualite-air\/"]}]},{"@type":"ImageObject","inLanguage":"fr-FR","@id":"https:\/\/www.guides-sports-loisirs.ca\/piscines-et-pataugeoires\/qualite-eau-air\/qualite-air\/#primaryimage","url":"https:\/\/www.guides-sports-loisirs.ca\/piscines-et-pataugeoires\/wp-content\/uploads\/sites\/12\/2020\/08\/exclamation.png","contentUrl":"https:\/\/www.guides-sports-loisirs.ca\/piscines-et-pataugeoires\/wp-content\/uploads\/sites\/12\/2020\/08\/exclamation.png","width":11,"height":30},{"@type":"BreadcrumbList","@id":"https:\/\/www.guides-sports-loisirs.ca\/piscines-et-pataugeoires\/qualite-eau-air\/qualite-air\/#breadcrumb","itemListElement":[{"@type":"ListItem","position":1,"name":"Accueil","item":"https:\/\/www.guides-sports-loisirs.ca\/piscines-et-pataugeoires\/"},{"@type":"ListItem","position":2,"name":"Qualit\u00e9 de l&rsquo;eau et de l&rsquo;air","item":"https:\/\/www.guides-sports-loisirs.ca\/piscines-et-pataugeoires\/qualite-eau-air\/"},{"@type":"ListItem","position":3,"name":"Qualit\u00e9 de l\u2019air"}]},{"@type":"WebSite","@id":"https:\/\/www.guides-sports-loisirs.ca\/piscines-et-pataugeoires\/#website","url":"https:\/\/www.guides-sports-loisirs.ca\/piscines-et-pataugeoires\/","name":"Piscines et pataugeoires","description":"Veloparcs","potentialAction":[{"@type":"SearchAction","target":{"@type":"EntryPoint","urlTemplate":"https:\/\/www.guides-sports-loisirs.ca\/piscines-et-pataugeoires\/?s={search_term_string}"},"query-input":{"@type":"PropertyValueSpecification","valueRequired":true,"valueName":"search_term_string"}}],"inLanguage":"fr-FR"}]}},"_links":{"self":[{"href":"https:\/\/www.guides-sports-loisirs.ca\/piscines-et-pataugeoires\/wp-json\/wp\/v2\/pages\/2956","targetHints":{"allow":["GET"]}}],"collection":[{"href":"https:\/\/www.guides-sports-loisirs.ca\/piscines-et-pataugeoires\/wp-json\/wp\/v2\/pages"}],"about":[{"href":"https:\/\/www.guides-sports-loisirs.ca\/piscines-et-pataugeoires\/wp-json\/wp\/v2\/types\/page"}],"author":[{"embeddable":true,"href":"https:\/\/www.guides-sports-loisirs.ca\/piscines-et-pataugeoires\/wp-json\/wp\/v2\/users\/11"}],"replies":[{"embeddable":true,"href":"https:\/\/www.guides-sports-loisirs.ca\/piscines-et-pataugeoires\/wp-json\/wp\/v2\/comments?post=2956"}],"version-history":[{"count":6,"href":"https:\/\/www.guides-sports-loisirs.ca\/piscines-et-pataugeoires\/wp-json\/wp\/v2\/pages\/2956\/revisions"}],"predecessor-version":[{"id":3231,"href":"https:\/\/www.guides-sports-loisirs.ca\/piscines-et-pataugeoires\/wp-json\/wp\/v2\/pages\/2956\/revisions\/3231"}],"up":[{"embeddable":true,"href":"https:\/\/www.guides-sports-loisirs.ca\/piscines-et-pataugeoires\/wp-json\/wp\/v2\/pages\/2903"}],"wp:attachment":[{"href":"https:\/\/www.guides-sports-loisirs.ca\/piscines-et-pataugeoires\/wp-json\/wp\/v2\/media?parent=2956"}],"curies":[{"name":"wp","href":"https:\/\/api.w.org\/{rel}","templated":true}]}}